{"id":41290,"date":"2024-11-27T14:16:39","date_gmt":"2024-11-27T07:16:39","guid":{"rendered":"https:\/\/maison-chance.org\/shop\/san-pham\/nahrhafte-muesliriegel"},"modified":"2024-11-27T14:16:39","modified_gmt":"2024-11-27T07:16:39","slug":"nahrhafte-muesliriegel","status":"publish","type":"product","link":"https:\/\/maison-chance.org\/shop\/de\/produkt\/nahrhafte-muesliriegel","title":{"rendered":"Nahrhafte M\u00fcsliriegel"},"content":{"rendered":"<p style=\"text-align: justify;\">Maison Chance bietet nahrhafte M\u00fcsliriegel \u2013 eine perfekte Kombination aus Geschmack und N\u00e4hrwert. Mit Sorgfalt in jedem Verarbeitungsschritt zubereitet, ist dieser Snack nicht nur eine praktische leichte Mahlzeit, sondern auch ein gesundes Geschenk f\u00fcr alle Altersgruppen.<\/p>\n<p style=\"text-align: justify;\">Was macht die Geb\u00e4ckspezialit\u00e4ten von <a href=\"https:\/\/maison-chance.org\/shop\">Maison Chance<\/a> so einzigartig und ansprechend? Es liegt an den hochwertigen Zutaten, die sorgf\u00e4ltig ausgew\u00e4hlt wurden, um eine perfekte Mischung zu schaffen:<\/p>\n<p style=\"text-align: justify;\">Mandeln und Cashewkerne: Diese N\u00fcsse sind nicht nur knusprig, sondern auch reich an gesunden Fetten und Vitamin E, die die Herzgesundheit f\u00f6rdern.<\/p>\n<p style=\"text-align: justify;\">Sonnenblumenkerne und Sesam: Eine reichhaltige Quelle von Antioxidantien, die einen angenehmen nussigen Geschmack verleihen und unwiderstehlich machen.<\/p>\n<p style=\"text-align: justify;\">Zucchini und Rosinen: Zucchini liefert nat\u00fcrliche Ballaststoffe, w\u00e4hrend Rosinen eine milde S\u00fc\u00dfe hinzuf\u00fcgen, die Geschmack und N\u00e4hrwert perfekt ausgleicht.<\/p>\n<p style=\"text-align: justify;\">Honig und Eiwei\u00df: Dies sind die &#8222;goldenen Geheimnisse&#8220;, die den Riegeln eine perfekte Konsistenz und eine leichte S\u00fc\u00dfe verleihen, ohne schwer zu wirken.<\/p>\n<p style=\"text-align: justify;\">Sie werden vom Duft des Honigs und dem milden Aroma der N\u00fcsse begeistert sein. Jeder knusprige Bissen bietet einen nussigen, leicht s\u00fc\u00dfen Geschmack und ist erfrischend leicht. Diese Riegel sind ideal f\u00fcr einen Energieschub zwischendurch oder einen leichten Snack, wann immer Sie es brauchen.<\/p>\n<p style=\"text-align: justify;\">Dar\u00fcber hinaus sind diese nahrhaften M\u00fcsliriegel ein bedeutungsvolles Geschenk f\u00fcr besondere Anl\u00e4sse.<\/p>\n<p style=\"text-align: justify;\">Jeder Riegel ist nicht nur ein hochwertiges Produkt, sondern auch eine Botschaft von F\u00fcrsorge und Zuneigung f\u00fcr den Empf\u00e4nger.<\/p>\n<p style=\"text-align: justify;\">Lassen Sie die nahrhaften M\u00fcsliriegel von Maison Chance Sie auf Ihrem Weg zu besserer Gesundheit begleiten. Ein Produkt, das k\u00f6stlich, gesund und mit Leidenschaft hergestellt wird, wird Sie sicher begeistern.<\/p>\n","protected":false},"excerpt":{"rendered":"<p style=\"text-align: justify;\">Die Geb\u00e4ckspezialit\u00e4ten werden von Waisenkindern hergestellt, die derzeit von Maison Chance betreut werden. Wir hoffen auf Ihre Unterst\u00fctzung!<\/p>\n<p>Hotline: <span style=\"font-size: 20px;\"><strong><span style=\"color: #ff0000;\">0909 06 25 28<\/span><\/strong><\/span><\/p>\n","protected":false},"featured_media":41286,"template":"","meta":[],"product_brand":[],"product_cat":[211,220],"product_tag":[],"class_list":{"0":"post-41290","1":"product","2":"type-product","3":"status-publish","4":"has-post-thumbnail","6":"product_cat-baeckerei","7":"product_cat-suesse-backwaren","9":"first","10":"instock","11":"shipping-taxable","12":"purchasable","13":"product-type-simple"},"yoast_head":"<!-- This site is optimized with the Yoast SEO Premium plugin v22.7 (Yoast SEO v25.3.1) - https:\/\/yoast.com\/wordpress\/plugins\/seo\/ -->\n<title>Nahrhafte M\u00fcsliriegel - Nh\u00e0 May M\u1eafn - Maison Chance<\/title>\n<meta name=\"description\" content=\"Lassen Sie die nahrhaften M\u00fcsliriegel von Maison Chance Sie auf Ihrem Weg zu besserer Gesundheit begleiten. Ein Produkt, das k\u00f6stlich, gesund und mit Leidenschaft hergestellt wird, wird Sie sicher begeistern.\" \/>\n<meta name=\"robots\" content=\"index, follow, max-snippet:-1, max-image-preview:large, max-video-preview:-1\" \/>\n<link rel=\"canonical\" href=\"https:\/\/maison-chance.org\/shop\/de\/produkt\/nahrhafte-muesliriegel\" \/>\n<meta property=\"og:locale\" content=\"de_DE\" \/>\n<meta property=\"og:type\" content=\"article\" \/>\n<meta property=\"og:title\" content=\"Nahrhafte M\u00fcsliriegel\" \/>\n<meta property=\"og:description\" content=\"Lassen Sie die nahrhaften M\u00fcsliriegel von Maison Chance Sie auf Ihrem Weg zu besserer Gesundheit begleiten. Ein Produkt, das k\u00f6stlich, gesund und mit Leidenschaft hergestellt wird, wird Sie sicher begeistern.\" \/>\n<meta property=\"og:url\" content=\"https:\/\/maison-chance.org\/shop\/de\/produkt\/nahrhafte-muesliriegel\" \/>\n<meta property=\"og:site_name\" content=\"Nh\u00e0 May M\u1eafn - Maison Chance\" \/>\n<meta property=\"article:publisher\" content=\"https:\/\/www.facebook.com\/dnxh.nhamayman\/\" \/>\n<meta property=\"og:image\" content=\"https:\/\/maison-chance.org\/shop\/wp-content\/uploads\/2024\/11\/banh-ngu-coc-dinh-duong.png\" \/>\n\t<meta property=\"og:image:width\" content=\"600\" \/>\n\t<meta property=\"og:image:height\" content=\"600\" \/>\n\t<meta property=\"og:image:type\" content=\"image\/png\" \/>\n<meta name=\"twitter:card\" content=\"summary_large_image\" \/>\n<meta name=\"twitter:label1\" content=\"Preis\" \/>\n\t<meta name=\"twitter:data1\" content=\"&euro;2.67\" \/>\n\t<meta name=\"twitter:label2\" content=\"Verf\u00fcgbarkeit\" \/>\n\t<meta name=\"twitter:data2\" content=\"Auf Lager\" \/>\n<script type=\"application\/ld+json\" class=\"yoast-schema-graph\">{\"@context\":\"https:\/\/schema.org\",\"@graph\":[{\"@type\":\"WebPage\",\"@id\":\"https:\/\/maison-chance.org\/shop\/de\/produkt\/nahrhafte-muesliriegel\",\"url\":\"https:\/\/maison-chance.org\/shop\/de\/produkt\/nahrhafte-muesliriegel\",\"name\":\"Nahrhafte M\u00fcsliriegel - Nh\u00e0 May M\u1eafn - Maison Chance\",\"isPartOf\":{\"@id\":\"https:\/\/maison-chance.org\/shop\/de#website\"},\"primaryImageOfPage\":{\"@id\":\"https:\/\/maison-chance.org\/shop\/de\/produkt\/nahrhafte-muesliriegel#primaryimage\"},\"image\":{\"@id\":\"https:\/\/maison-chance.org\/shop\/de\/produkt\/nahrhafte-muesliriegel#primaryimage\"},\"thumbnailUrl\":\"https:\/\/maison-chance.org\/shop\/wp-content\/uploads\/2024\/11\/banh-ngu-coc-dinh-duong.png\",\"datePublished\":\"2024-11-27T07:16:39+00:00\",\"description\":\"Lassen Sie die nahrhaften M\u00fcsliriegel von Maison Chance Sie auf Ihrem Weg zu besserer Gesundheit begleiten. Ein Produkt, das k\u00f6stlich, gesund und mit Leidenschaft hergestellt wird, wird Sie sicher begeistern.\",\"breadcrumb\":{\"@id\":\"https:\/\/maison-chance.org\/shop\/de\/produkt\/nahrhafte-muesliriegel#breadcrumb\"},\"inLanguage\":\"de\",\"potentialAction\":[{\"@type\":\"ReadAction\",\"target\":[\"https:\/\/maison-chance.org\/shop\/de\/produkt\/nahrhafte-muesliriegel\"]}]},{\"@type\":\"ImageObject\",\"inLanguage\":\"de\",\"@id\":\"https:\/\/maison-chance.org\/shop\/de\/produkt\/nahrhafte-muesliriegel#primaryimage\",\"url\":\"https:\/\/maison-chance.org\/shop\/wp-content\/uploads\/2024\/11\/banh-ngu-coc-dinh-duong.png\",\"contentUrl\":\"https:\/\/maison-chance.org\/shop\/wp-content\/uploads\/2024\/11\/banh-ngu-coc-dinh-duong.png\",\"width\":600,\"height\":600,\"caption\":\"Nahrhafte M\u00fcsliriegel\"},{\"@type\":\"BreadcrumbList\",\"@id\":\"https:\/\/maison-chance.org\/shop\/de\/produkt\/nahrhafte-muesliriegel#breadcrumb\",\"itemListElement\":[{\"@type\":\"ListItem\",\"position\":1,\"name\":\"Trang ch\u1ee7\",\"item\":\"https:\/\/maison-chance.org\/shop\/de\"},{\"@type\":\"ListItem\",\"position\":2,\"name\":\"Shop\",\"item\":\"https:\/\/maison-chance.org\/shop\/shop\"},{\"@type\":\"ListItem\",\"position\":3,\"name\":\"Nahrhafte M\u00fcsliriegel\"}]},{\"@type\":\"WebSite\",\"@id\":\"https:\/\/maison-chance.org\/shop\/de#website\",\"url\":\"https:\/\/maison-chance.org\/shop\/de\",\"name\":\"Nh\u00e0 May M\u1eafn - Maison Chance\",\"description\":\"M\u1ecdi l\u1ee3i nhu\u1eadn thu v\u1ec1 t\u1eeb vi\u1ec7c b\u00e1n h\u00e0ng s\u1ebd tr\u00edch m\u1ed9t ph\u1ea7n \u0111\u1ec3 ch\u0103m lo cho \u0111\u1eddi s\u1ed1ng c\u00e1c b\u1ea1n khuy\u1ebft t\u1eadt v\u00e0 tr\u1ebb m\u1ed3 c\u00f4i \u1edf \u0111\u00e2y\",\"publisher\":{\"@id\":\"https:\/\/maison-chance.org\/shop\/de#organization\"},\"potentialAction\":[{\"@type\":\"SearchAction\",\"target\":{\"@type\":\"EntryPoint\",\"urlTemplate\":\"https:\/\/maison-chance.org\/shop\/de?s={search_term_string}\"},\"query-input\":{\"@type\":\"PropertyValueSpecification\",\"valueRequired\":true,\"valueName\":\"search_term_string\"}}],\"inLanguage\":\"de\"},{\"@type\":\"Organization\",\"@id\":\"https:\/\/maison-chance.org\/shop\/de#organization\",\"name\":\"Nh\u00e0 May M\u1eafn - Maison Chance\",\"url\":\"https:\/\/maison-chance.org\/shop\/de\",\"logo\":{\"@type\":\"ImageObject\",\"inLanguage\":\"de\",\"@id\":\"https:\/\/maison-chance.org\/shop\/de#\/schema\/logo\/image\/\",\"url\":\"https:\/\/maison-chance.org\/shop\/wp-content\/uploads\/2024\/03\/cropped-Logo_DNXH.png\",\"contentUrl\":\"https:\/\/maison-chance.org\/shop\/wp-content\/uploads\/2024\/03\/cropped-Logo_DNXH.png\",\"width\":512,\"height\":512,\"caption\":\"Nh\u00e0 May M\u1eafn - Maison Chance\"},\"image\":{\"@id\":\"https:\/\/maison-chance.org\/shop\/de#\/schema\/logo\/image\/\"},\"sameAs\":[\"https:\/\/www.facebook.com\/dnxh.nhamayman\/\"]}]}<\/script>\n<meta property=\"product:price:amount\" content=\"2.67\" \/>\n<meta property=\"product:price:currency\" content=\"EUR\" \/>\n<meta property=\"og:availability\" content=\"instock\" \/>\n<meta property=\"product:availability\" content=\"instock\" \/>\n<meta property=\"product:condition\" content=\"new\" \/>\n<!-- \/ Yoast SEO Premium plugin. -->","yoast_head_json":{"title":"Nahrhafte M\u00fcsliriegel - Nh\u00e0 May M\u1eafn - Maison Chance","description":"Lassen Sie die nahrhaften M\u00fcsliriegel von Maison Chance Sie auf Ihrem Weg zu besserer Gesundheit begleiten. Ein Produkt, das k\u00f6stlich, gesund und mit Leidenschaft hergestellt wird, wird Sie sicher begeistern.","robots":{"index":"index","follow":"follow","max-snippet":"max-snippet:-1","max-image-preview":"max-image-preview:large","max-video-preview":"max-video-preview:-1"},"canonical":"https:\/\/maison-chance.org\/shop\/de\/produkt\/nahrhafte-muesliriegel","og_locale":"de_DE","og_type":"article","og_title":"Nahrhafte M\u00fcsliriegel","og_description":"Lassen Sie die nahrhaften M\u00fcsliriegel von Maison Chance Sie auf Ihrem Weg zu besserer Gesundheit begleiten. Ein Produkt, das k\u00f6stlich, gesund und mit Leidenschaft hergestellt wird, wird Sie sicher begeistern.","og_url":"https:\/\/maison-chance.org\/shop\/de\/produkt\/nahrhafte-muesliriegel","og_site_name":"Nh\u00e0 May M\u1eafn - Maison Chance","article_publisher":"https:\/\/www.facebook.com\/dnxh.nhamayman\/","og_image":[{"width":600,"height":600,"url":"https:\/\/maison-chance.org\/shop\/wp-content\/uploads\/2024\/11\/banh-ngu-coc-dinh-duong.png","type":"image\/png"}],"twitter_card":"summary_large_image","twitter_misc":{"Preis":"&euro;2.67","Verf\u00fcgbarkeit":"Auf Lager"},"schema":{"@context":"https:\/\/schema.org","@graph":[{"@type":"WebPage","@id":"https:\/\/maison-chance.org\/shop\/de\/produkt\/nahrhafte-muesliriegel","url":"https:\/\/maison-chance.org\/shop\/de\/produkt\/nahrhafte-muesliriegel","name":"Nahrhafte M\u00fcsliriegel - Nh\u00e0 May M\u1eafn - Maison Chance","isPartOf":{"@id":"https:\/\/maison-chance.org\/shop\/de#website"},"primaryImageOfPage":{"@id":"https:\/\/maison-chance.org\/shop\/de\/produkt\/nahrhafte-muesliriegel#primaryimage"},"image":{"@id":"https:\/\/maison-chance.org\/shop\/de\/produkt\/nahrhafte-muesliriegel#primaryimage"},"thumbnailUrl":"https:\/\/maison-chance.org\/shop\/wp-content\/uploads\/2024\/11\/banh-ngu-coc-dinh-duong.png","datePublished":"2024-11-27T07:16:39+00:00","description":"Lassen Sie die nahrhaften M\u00fcsliriegel von Maison Chance Sie auf Ihrem Weg zu besserer Gesundheit begleiten. Ein Produkt, das k\u00f6stlich, gesund und mit Leidenschaft hergestellt wird, wird Sie sicher begeistern.","breadcrumb":{"@id":"https:\/\/maison-chance.org\/shop\/de\/produkt\/nahrhafte-muesliriegel#breadcrumb"},"inLanguage":"de","potentialAction":[{"@type":"ReadAction","target":["https:\/\/maison-chance.org\/shop\/de\/produkt\/nahrhafte-muesliriegel"]}]},{"@type":"ImageObject","inLanguage":"de","@id":"https:\/\/maison-chance.org\/shop\/de\/produkt\/nahrhafte-muesliriegel#primaryimage","url":"https:\/\/maison-chance.org\/shop\/wp-content\/uploads\/2024\/11\/banh-ngu-coc-dinh-duong.png","contentUrl":"https:\/\/maison-chance.org\/shop\/wp-content\/uploads\/2024\/11\/banh-ngu-coc-dinh-duong.png","width":600,"height":600,"caption":"Nahrhafte M\u00fcsliriegel"},{"@type":"BreadcrumbList","@id":"https:\/\/maison-chance.org\/shop\/de\/produkt\/nahrhafte-muesliriegel#breadcrumb","itemListElement":[{"@type":"ListItem","position":1,"name":"Trang ch\u1ee7","item":"https:\/\/maison-chance.org\/shop\/de"},{"@type":"ListItem","position":2,"name":"Shop","item":"https:\/\/maison-chance.org\/shop\/shop"},{"@type":"ListItem","position":3,"name":"Nahrhafte M\u00fcsliriegel"}]},{"@type":"WebSite","@id":"https:\/\/maison-chance.org\/shop\/de#website","url":"https:\/\/maison-chance.org\/shop\/de","name":"Nh\u00e0 May M\u1eafn - Maison Chance","description":"M\u1ecdi l\u1ee3i nhu\u1eadn thu v\u1ec1 t\u1eeb vi\u1ec7c b\u00e1n h\u00e0ng s\u1ebd tr\u00edch m\u1ed9t ph\u1ea7n \u0111\u1ec3 ch\u0103m lo cho \u0111\u1eddi s\u1ed1ng c\u00e1c b\u1ea1n khuy\u1ebft t\u1eadt v\u00e0 tr\u1ebb m\u1ed3 c\u00f4i \u1edf \u0111\u00e2y","publisher":{"@id":"https:\/\/maison-chance.org\/shop\/de#organization"},"potentialAction":[{"@type":"SearchAction","target":{"@type":"EntryPoint","urlTemplate":"https:\/\/maison-chance.org\/shop\/de?s={search_term_string}"},"query-input":{"@type":"PropertyValueSpecification","valueRequired":true,"valueName":"search_term_string"}}],"inLanguage":"de"},{"@type":"Organization","@id":"https:\/\/maison-chance.org\/shop\/de#organization","name":"Nh\u00e0 May M\u1eafn - Maison Chance","url":"https:\/\/maison-chance.org\/shop\/de","logo":{"@type":"ImageObject","inLanguage":"de","@id":"https:\/\/maison-chance.org\/shop\/de#\/schema\/logo\/image\/","url":"https:\/\/maison-chance.org\/shop\/wp-content\/uploads\/2024\/03\/cropped-Logo_DNXH.png","contentUrl":"https:\/\/maison-chance.org\/shop\/wp-content\/uploads\/2024\/03\/cropped-Logo_DNXH.png","width":512,"height":512,"caption":"Nh\u00e0 May M\u1eafn - Maison Chance"},"image":{"@id":"https:\/\/maison-chance.org\/shop\/de#\/schema\/logo\/image\/"},"sameAs":["https:\/\/www.facebook.com\/dnxh.nhamayman\/"]}]},"product_price_amount":"2.67","product_price_currency":"EUR","og_availability":"instock","product_availability":"instock","product_condition":"new"},"_links":{"self":[{"href":"https:\/\/maison-chance.org\/shop\/de\/wp-json\/wp\/v2\/product\/41290","targetHints":{"allow":["GET"]}}],"collection":[{"href":"https:\/\/maison-chance.org\/shop\/de\/wp-json\/wp\/v2\/product"}],"about":[{"href":"https:\/\/maison-chance.org\/shop\/de\/wp-json\/wp\/v2\/types\/product"}],"wp:featuredmedia":[{"embeddable":true,"href":"https:\/\/maison-chance.org\/shop\/de\/wp-json\/wp\/v2\/media\/41286"}],"wp:attachment":[{"href":"https:\/\/maison-chance.org\/shop\/de\/wp-json\/wp\/v2\/media?parent=41290"}],"wp:term":[{"taxonomy":"product_brand","embeddable":true,"href":"https:\/\/maison-chance.org\/shop\/de\/wp-json\/wp\/v2\/product_brand?post=41290"},{"taxonomy":"product_cat","embeddable":true,"href":"https:\/\/maison-chance.org\/shop\/de\/wp-json\/wp\/v2\/product_cat?post=41290"},{"taxonomy":"product_tag","embeddable":true,"href":"https:\/\/maison-chance.org\/shop\/de\/wp-json\/wp\/v2\/product_tag?post=41290"}],"curies":[{"name":"wp","href":"https:\/\/api.w.org\/{rel}","templated":true}]}}