{"id":41312,"date":"2024-12-04T10:58:20","date_gmt":"2024-12-04T03:58:20","guid":{"rendered":"https:\/\/maison-chance.org\/shop\/san-pham\/mandel-kekse"},"modified":"2024-12-04T10:58:20","modified_gmt":"2024-12-04T03:58:20","slug":"mandel-kekse","status":"publish","type":"product","link":"https:\/\/maison-chance.org\/shop\/de\/produkt\/mandel-kekse","title":{"rendered":"Mandel-Kekse"},"content":{"rendered":"<p style=\"text-align: justify;\">Mandel-Kekse von Maison Chance werden aus feinsten nat\u00fcrlichen Zutaten zubereitet. Hochwertige feine Mehl kombiniert mit frischen Eiern, raffiniertem Zucker und franz\u00f6sischer Butter ergeben eine homogene, glatte Mischung. Der besondere H\u00f6hepunkt kommt von sorgf\u00e4ltig ausgew\u00e4hlten Mandeln\u00fcssen, die zu einem unverwechselbaren Geschmack beitragen.<\/p>\n<p style=\"text-align: justify;\">Beim Probieren werden Sie sofort von der ansprechenden Erscheinung der goldgelben s\u00fc\u00dfen Backwaren gefangen genommen. Die Kekskruste ist knusprig und zerf\u00e4llt auf der Zunge, und hinterl\u00e4sst ein reichhaltiges, buttrig-milchiges Aroma. Knusprige Mandelst\u00fccke, die verstreut sind, schaffen ein mehrschichtiges, faszinierendes kulinarisches Erlebnis.<\/p>\n<p style=\"text-align: justify;\">Das Produkt ist in einem hochwertigen, transparenten Kunststoffglas mit einem luftdichten Metalldeckel verpackt, der die urspr\u00fcngliche Knusprigkeit und Geschmack der Kekse sicherstellt. Jedes 110g-Glas enth\u00e4lt ordentlich angeordnete Kekse und ist ein perfektes Geschenk f\u00fcr besondere Anl\u00e4sse oder zum t\u00e4glichen Genuss mit Tee oder Kaffee.<\/p>\n<p style=\"text-align: justify;\">Jede Charge von Keksen durchl\u00e4uft eine strenge Qualit\u00e4tskontrolle und h\u00e4lt sich an Lebensmittelsicherheits- und Hygienestandards. Das Produkt verwendet keine Konservierungsstoffe oder k\u00fcnstliche Farbstoffe und bietet Verbrauchern absolute Sicherheit.<\/p>\n<p style=\"text-align: justify;\">Kommen Sie zu <a href=\"https:\/\/maison-chance.org\/shop\">Maison Chance<\/a>, um diese k\u00f6stlichen, knusprigen Mandel-Kekse zu genie\u00dfen. Bestellen Sie noch heute, um hochwertige Produkte von Maison Chance zu unterst\u00fctzen.<\/p>\n","protected":false},"excerpt":{"rendered":"<p style=\"text-align: justify;\">Diese s\u00fc\u00dfen Backwaren werden von jungen Waisen hergestellt, die derzeit von Maison Chance betreut werden. Wir bitten Sie um Ihre Unterst\u00fctzung!<\/p>\n<p>Hotline: <span style=\"font-size: 20px;\"><strong><span style=\"color: #ff0000;\">0909 06 25 28<\/span><\/strong><\/span><\/p>\n","protected":false},"featured_media":41334,"template":"","meta":[],"product_brand":[],"product_cat":[211,220],"product_tag":[],"class_list":{"0":"post-41312","1":"product","2":"type-product","3":"status-publish","4":"has-post-thumbnail","6":"product_cat-baeckerei","7":"product_cat-suesse-backwaren","9":"first","10":"instock","11":"shipping-taxable","12":"purchasable","13":"product-type-simple"},"yoast_head":"<!-- This site is optimized with the Yoast SEO Premium plugin v22.7 (Yoast SEO v25.3.1) - https:\/\/yoast.com\/wordpress\/plugins\/seo\/ -->\n<title>Mandel-Kekse - Nh\u00e0 May M\u1eafn - Maison Chance<\/title>\n<meta name=\"description\" content=\"Mandel-Kekse von Maison Chance werden aus feinsten nat\u00fcrlichen Zutaten zubereitet. Hochwertiges feines Mehl kombiniert mit frischen Eiern, raffiniertem Zucker und franz\u00f6sischer Butter ergeben eine homogene, glatte Mischung\" \/>\n<meta name=\"robots\" content=\"index, follow, max-snippet:-1, max-image-preview:large, max-video-preview:-1\" \/>\n<link rel=\"canonical\" href=\"https:\/\/maison-chance.org\/shop\/de\/produkt\/mandel-kekse\" \/>\n<meta property=\"og:locale\" content=\"de_DE\" \/>\n<meta property=\"og:type\" content=\"article\" \/>\n<meta property=\"og:title\" content=\"Mandel-Kekse\" \/>\n<meta property=\"og:description\" content=\"Mandel-Kekse von Maison Chance werden aus feinsten nat\u00fcrlichen Zutaten zubereitet. Hochwertiges feines Mehl kombiniert mit frischen Eiern, raffiniertem Zucker und franz\u00f6sischer Butter ergeben eine homogene, glatte Mischung\" \/>\n<meta property=\"og:url\" content=\"https:\/\/maison-chance.org\/shop\/de\/produkt\/mandel-kekse\" \/>\n<meta property=\"og:site_name\" content=\"Nh\u00e0 May M\u1eafn - Maison Chance\" \/>\n<meta property=\"article:publisher\" content=\"https:\/\/www.facebook.com\/dnxh.nhamayman\/\" \/>\n<meta property=\"og:image\" content=\"https:\/\/maison-chance.org\/shop\/wp-content\/uploads\/2024\/12\/hop-banh-quy-oc-cho.jpg\" \/>\n\t<meta property=\"og:image:width\" content=\"600\" \/>\n\t<meta property=\"og:image:height\" content=\"600\" \/>\n\t<meta property=\"og:image:type\" content=\"image\/jpeg\" \/>\n<meta name=\"twitter:card\" content=\"summary_large_image\" \/>\n<meta name=\"twitter:label1\" content=\"Preis\" \/>\n\t<meta name=\"twitter:data1\" content=\"&euro;2.58\" \/>\n\t<meta name=\"twitter:label2\" content=\"Verf\u00fcgbarkeit\" \/>\n\t<meta name=\"twitter:data2\" content=\"Auf Lager\" \/>\n<script type=\"application\/ld+json\" class=\"yoast-schema-graph\">{\"@context\":\"https:\/\/schema.org\",\"@graph\":[{\"@type\":\"WebPage\",\"@id\":\"https:\/\/maison-chance.org\/shop\/de\/produkt\/mandel-kekse\",\"url\":\"https:\/\/maison-chance.org\/shop\/de\/produkt\/mandel-kekse\",\"name\":\"Mandel-Kekse - Nh\u00e0 May M\u1eafn - Maison Chance\",\"isPartOf\":{\"@id\":\"https:\/\/maison-chance.org\/shop\/de#website\"},\"primaryImageOfPage\":{\"@id\":\"https:\/\/maison-chance.org\/shop\/de\/produkt\/mandel-kekse#primaryimage\"},\"image\":{\"@id\":\"https:\/\/maison-chance.org\/shop\/de\/produkt\/mandel-kekse#primaryimage\"},\"thumbnailUrl\":\"https:\/\/maison-chance.org\/shop\/wp-content\/uploads\/2024\/12\/hop-banh-quy-hanh-nhan-120gr.jpg\",\"datePublished\":\"2024-12-04T03:58:20+00:00\",\"description\":\"Mandel-Kekse von Maison Chance werden aus feinsten nat\u00fcrlichen Zutaten zubereitet. Hochwertiges feines Mehl kombiniert mit frischen Eiern, raffiniertem Zucker und franz\u00f6sischer Butter ergeben eine homogene, glatte Mischung\",\"breadcrumb\":{\"@id\":\"https:\/\/maison-chance.org\/shop\/de\/produkt\/mandel-kekse#breadcrumb\"},\"inLanguage\":\"de\",\"potentialAction\":[{\"@type\":\"ReadAction\",\"target\":[\"https:\/\/maison-chance.org\/shop\/de\/produkt\/mandel-kekse\"]}]},{\"@type\":\"ImageObject\",\"inLanguage\":\"de\",\"@id\":\"https:\/\/maison-chance.org\/shop\/de\/produkt\/mandel-kekse#primaryimage\",\"url\":\"https:\/\/maison-chance.org\/shop\/wp-content\/uploads\/2024\/12\/hop-banh-quy-hanh-nhan-120gr.jpg\",\"contentUrl\":\"https:\/\/maison-chance.org\/shop\/wp-content\/uploads\/2024\/12\/hop-banh-quy-hanh-nhan-120gr.jpg\",\"width\":600,\"height\":600,\"caption\":\"B\u00e1nh quy h\u1ea1nh nh\u00e2n\"},{\"@type\":\"BreadcrumbList\",\"@id\":\"https:\/\/maison-chance.org\/shop\/de\/produkt\/mandel-kekse#breadcrumb\",\"itemListElement\":[{\"@type\":\"ListItem\",\"position\":1,\"name\":\"Trang ch\u1ee7\",\"item\":\"https:\/\/maison-chance.org\/shop\/de\"},{\"@type\":\"ListItem\",\"position\":2,\"name\":\"Shop\",\"item\":\"https:\/\/maison-chance.org\/shop\/shop\"},{\"@type\":\"ListItem\",\"position\":3,\"name\":\"Mandel-Kekse\"}]},{\"@type\":\"WebSite\",\"@id\":\"https:\/\/maison-chance.org\/shop\/de#website\",\"url\":\"https:\/\/maison-chance.org\/shop\/de\",\"name\":\"Nh\u00e0 May M\u1eafn - Maison Chance\",\"description\":\"M\u1ecdi l\u1ee3i nhu\u1eadn thu v\u1ec1 t\u1eeb vi\u1ec7c b\u00e1n h\u00e0ng s\u1ebd tr\u00edch m\u1ed9t ph\u1ea7n \u0111\u1ec3 ch\u0103m lo cho \u0111\u1eddi s\u1ed1ng c\u00e1c b\u1ea1n khuy\u1ebft t\u1eadt v\u00e0 tr\u1ebb m\u1ed3 c\u00f4i \u1edf \u0111\u00e2y\",\"publisher\":{\"@id\":\"https:\/\/maison-chance.org\/shop\/de#organization\"},\"potentialAction\":[{\"@type\":\"SearchAction\",\"target\":{\"@type\":\"EntryPoint\",\"urlTemplate\":\"https:\/\/maison-chance.org\/shop\/de?s={search_term_string}\"},\"query-input\":{\"@type\":\"PropertyValueSpecification\",\"valueRequired\":true,\"valueName\":\"search_term_string\"}}],\"inLanguage\":\"de\"},{\"@type\":\"Organization\",\"@id\":\"https:\/\/maison-chance.org\/shop\/de#organization\",\"name\":\"Nh\u00e0 May M\u1eafn - Maison Chance\",\"url\":\"https:\/\/maison-chance.org\/shop\/de\",\"logo\":{\"@type\":\"ImageObject\",\"inLanguage\":\"de\",\"@id\":\"https:\/\/maison-chance.org\/shop\/de#\/schema\/logo\/image\/\",\"url\":\"https:\/\/maison-chance.org\/shop\/wp-content\/uploads\/2024\/03\/cropped-Logo_DNXH.png\",\"contentUrl\":\"https:\/\/maison-chance.org\/shop\/wp-content\/uploads\/2024\/03\/cropped-Logo_DNXH.png\",\"width\":512,\"height\":512,\"caption\":\"Nh\u00e0 May M\u1eafn - Maison Chance\"},\"image\":{\"@id\":\"https:\/\/maison-chance.org\/shop\/de#\/schema\/logo\/image\/\"},\"sameAs\":[\"https:\/\/www.facebook.com\/dnxh.nhamayman\/\"]}]}<\/script>\n<meta property=\"product:price:amount\" content=\"2.58\" \/>\n<meta property=\"product:price:currency\" content=\"EUR\" \/>\n<meta property=\"og:availability\" content=\"instock\" \/>\n<meta property=\"product:availability\" content=\"instock\" \/>\n<meta property=\"product:condition\" content=\"new\" \/>\n<!-- \/ Yoast SEO Premium plugin. -->","yoast_head_json":{"title":"Mandel-Kekse - Nh\u00e0 May M\u1eafn - Maison Chance","description":"Mandel-Kekse von Maison Chance werden aus feinsten nat\u00fcrlichen Zutaten zubereitet. Hochwertiges feines Mehl kombiniert mit frischen Eiern, raffiniertem Zucker und franz\u00f6sischer Butter ergeben eine homogene, glatte Mischung","robots":{"index":"index","follow":"follow","max-snippet":"max-snippet:-1","max-image-preview":"max-image-preview:large","max-video-preview":"max-video-preview:-1"},"canonical":"https:\/\/maison-chance.org\/shop\/de\/produkt\/mandel-kekse","og_locale":"de_DE","og_type":"article","og_title":"Mandel-Kekse","og_description":"Mandel-Kekse von Maison Chance werden aus feinsten nat\u00fcrlichen Zutaten zubereitet. Hochwertiges feines Mehl kombiniert mit frischen Eiern, raffiniertem Zucker und franz\u00f6sischer Butter ergeben eine homogene, glatte Mischung","og_url":"https:\/\/maison-chance.org\/shop\/de\/produkt\/mandel-kekse","og_site_name":"Nh\u00e0 May M\u1eafn - Maison Chance","article_publisher":"https:\/\/www.facebook.com\/dnxh.nhamayman\/","og_image":[{"width":600,"height":600,"url":"https:\/\/maison-chance.org\/shop\/wp-content\/uploads\/2024\/12\/hop-banh-quy-oc-cho.jpg","type":"image\/jpeg"}],"twitter_card":"summary_large_image","twitter_misc":{"Preis":"&euro;2.58","Verf\u00fcgbarkeit":"Auf Lager"},"schema":{"@context":"https:\/\/schema.org","@graph":[{"@type":"WebPage","@id":"https:\/\/maison-chance.org\/shop\/de\/produkt\/mandel-kekse","url":"https:\/\/maison-chance.org\/shop\/de\/produkt\/mandel-kekse","name":"Mandel-Kekse - Nh\u00e0 May M\u1eafn - Maison Chance","isPartOf":{"@id":"https:\/\/maison-chance.org\/shop\/de#website"},"primaryImageOfPage":{"@id":"https:\/\/maison-chance.org\/shop\/de\/produkt\/mandel-kekse#primaryimage"},"image":{"@id":"https:\/\/maison-chance.org\/shop\/de\/produkt\/mandel-kekse#primaryimage"},"thumbnailUrl":"https:\/\/maison-chance.org\/shop\/wp-content\/uploads\/2024\/12\/hop-banh-quy-hanh-nhan-120gr.jpg","datePublished":"2024-12-04T03:58:20+00:00","description":"Mandel-Kekse von Maison Chance werden aus feinsten nat\u00fcrlichen Zutaten zubereitet. Hochwertiges feines Mehl kombiniert mit frischen Eiern, raffiniertem Zucker und franz\u00f6sischer Butter ergeben eine homogene, glatte Mischung","breadcrumb":{"@id":"https:\/\/maison-chance.org\/shop\/de\/produkt\/mandel-kekse#breadcrumb"},"inLanguage":"de","potentialAction":[{"@type":"ReadAction","target":["https:\/\/maison-chance.org\/shop\/de\/produkt\/mandel-kekse"]}]},{"@type":"ImageObject","inLanguage":"de","@id":"https:\/\/maison-chance.org\/shop\/de\/produkt\/mandel-kekse#primaryimage","url":"https:\/\/maison-chance.org\/shop\/wp-content\/uploads\/2024\/12\/hop-banh-quy-hanh-nhan-120gr.jpg","contentUrl":"https:\/\/maison-chance.org\/shop\/wp-content\/uploads\/2024\/12\/hop-banh-quy-hanh-nhan-120gr.jpg","width":600,"height":600,"caption":"B\u00e1nh quy h\u1ea1nh nh\u00e2n"},{"@type":"BreadcrumbList","@id":"https:\/\/maison-chance.org\/shop\/de\/produkt\/mandel-kekse#breadcrumb","itemListElement":[{"@type":"ListItem","position":1,"name":"Trang ch\u1ee7","item":"https:\/\/maison-chance.org\/shop\/de"},{"@type":"ListItem","position":2,"name":"Shop","item":"https:\/\/maison-chance.org\/shop\/shop"},{"@type":"ListItem","position":3,"name":"Mandel-Kekse"}]},{"@type":"WebSite","@id":"https:\/\/maison-chance.org\/shop\/de#website","url":"https:\/\/maison-chance.org\/shop\/de","name":"Nh\u00e0 May M\u1eafn - Maison Chance","description":"M\u1ecdi l\u1ee3i nhu\u1eadn thu v\u1ec1 t\u1eeb vi\u1ec7c b\u00e1n h\u00e0ng s\u1ebd tr\u00edch m\u1ed9t ph\u1ea7n \u0111\u1ec3 ch\u0103m lo cho \u0111\u1eddi s\u1ed1ng c\u00e1c b\u1ea1n khuy\u1ebft t\u1eadt v\u00e0 tr\u1ebb m\u1ed3 c\u00f4i \u1edf \u0111\u00e2y","publisher":{"@id":"https:\/\/maison-chance.org\/shop\/de#organization"},"potentialAction":[{"@type":"SearchAction","target":{"@type":"EntryPoint","urlTemplate":"https:\/\/maison-chance.org\/shop\/de?s={search_term_string}"},"query-input":{"@type":"PropertyValueSpecification","valueRequired":true,"valueName":"search_term_string"}}],"inLanguage":"de"},{"@type":"Organization","@id":"https:\/\/maison-chance.org\/shop\/de#organization","name":"Nh\u00e0 May M\u1eafn - Maison Chance","url":"https:\/\/maison-chance.org\/shop\/de","logo":{"@type":"ImageObject","inLanguage":"de","@id":"https:\/\/maison-chance.org\/shop\/de#\/schema\/logo\/image\/","url":"https:\/\/maison-chance.org\/shop\/wp-content\/uploads\/2024\/03\/cropped-Logo_DNXH.png","contentUrl":"https:\/\/maison-chance.org\/shop\/wp-content\/uploads\/2024\/03\/cropped-Logo_DNXH.png","width":512,"height":512,"caption":"Nh\u00e0 May M\u1eafn - Maison Chance"},"image":{"@id":"https:\/\/maison-chance.org\/shop\/de#\/schema\/logo\/image\/"},"sameAs":["https:\/\/www.facebook.com\/dnxh.nhamayman\/"]}]},"product_price_amount":"2.58","product_price_currency":"EUR","og_availability":"instock","product_availability":"instock","product_condition":"new"},"_links":{"self":[{"href":"https:\/\/maison-chance.org\/shop\/de\/wp-json\/wp\/v2\/product\/41312","targetHints":{"allow":["GET"]}}],"collection":[{"href":"https:\/\/maison-chance.org\/shop\/de\/wp-json\/wp\/v2\/product"}],"about":[{"href":"https:\/\/maison-chance.org\/shop\/de\/wp-json\/wp\/v2\/types\/product"}],"wp:featuredmedia":[{"embeddable":true,"href":"https:\/\/maison-chance.org\/shop\/de\/wp-json\/wp\/v2\/media\/41334"}],"wp:attachment":[{"href":"https:\/\/maison-chance.org\/shop\/de\/wp-json\/wp\/v2\/media?parent=41312"}],"wp:term":[{"taxonomy":"product_brand","embeddable":true,"href":"https:\/\/maison-chance.org\/shop\/de\/wp-json\/wp\/v2\/product_brand?post=41312"},{"taxonomy":"product_cat","embeddable":true,"href":"https:\/\/maison-chance.org\/shop\/de\/wp-json\/wp\/v2\/product_cat?post=41312"},{"taxonomy":"product_tag","embeddable":true,"href":"https:\/\/maison-chance.org\/shop\/de\/wp-json\/wp\/v2\/product_tag?post=41312"}],"curies":[{"name":"wp","href":"https:\/\/api.w.org\/{rel}","templated":true}]}}