{"id":41321,"date":"2024-12-04T14:05:30","date_gmt":"2024-12-04T07:05:30","guid":{"rendered":"https:\/\/maison-chance.org\/shop\/san-pham\/gruentee-kekse"},"modified":"2024-12-04T14:05:30","modified_gmt":"2024-12-04T07:05:30","slug":"gruentee-kekse","status":"publish","type":"product","link":"https:\/\/maison-chance.org\/shop\/de\/produkt\/gruentee-kekse","title":{"rendered":"Gr\u00fcntee-Kekse"},"content":{"rendered":"<p style=\"text-align: justify;\">Gr\u00fcntee-Kekse von Maison Chance werden aus hochwertigen Zutaten wie reinem Weizenmehl, frischen Eiern, raffiniertem Zucker, premium franz\u00f6sischer Butter, frischer Milch und insbesondere reinem Gr\u00fcntee-Pulver zubereitet. Jeder Keks tr\u00e4gt eine weiche nat\u00fcrliche gr\u00fcne Farbe, die ein Gef\u00fchl von Reinheit und Eleganz hervorruft!<\/p>\n<p style=\"text-align: justify;\">Wenn Sie den Gr\u00fcntee-Keks in der Hand halten, werden Sie sofort von seiner nat\u00fcrlichen Farbe und dem charakteristischen Gr\u00fcntee-Aroma, das sich mit reichem Butterduft verbindet, gefangen genommen. Beim Hineinbei\u00dfen zerf\u00e4llt der Keks langsam mit einer moderaten Knusprigkeit, weder zu hart noch zu weich. Das feine Gr\u00fcntee-Aroma breitet sich aus, kombiniert mit der richtigen S\u00fc\u00dfe und schafft ein unvergessliches kulinarisches Erlebnis!<\/p>\n<p style=\"text-align: justify;\">Das Produkt wird in einem hochwertigen Glasgef\u00e4\u00df mit 110g Fassungsverm\u00f6gen verpackt, mit einem Metalldeckel, der die Frische der Kekse gew\u00e4hrleistet. Das transparente Design erm\u00f6glicht es den Verbrauchern nicht nur, das Produkt im Inneren leicht zu sehen, sondern schafft auch ein luxuri\u00f6ses Gef\u00fchl, perfekt zum Verschenken an Liebste und Freunde!<\/p>\n<p style=\"text-align: justify;\">Kekse von <a href=\"https:\/\/maison-chance.org\/shop\">Maison Chance<\/a> sind nicht nur ein k\u00f6stliches Produkt, sondern auch ein Zeugnis der Hingabe in jeder Produktionsstufe. Beim Genie\u00dfen dieses Produkts schmecken Sie nicht nur einen qualitativ hochwertigen Leckerbissen, sondern unterst\u00fctzen auch eine vietnamesische Marke, die bestrebt ist, Verbrauchern die besten Produkte zu liefern!<\/p>\n","protected":false},"excerpt":{"rendered":"<p style=\"text-align: justify;\">Die s\u00fc\u00dfen Backwaren werden von jungen Waisen hergestellt, die derzeit von Maison Chance betreut werden. Wir bitten Sie um Ihre Unterst\u00fctzung!<\/p>\n<p>Hotline: <span style=\"font-size: 20px;\"><strong><span style=\"color: #ff0000;\">0909 06 25 28<\/span><\/strong><\/span><\/p>\n","protected":false},"featured_media":41317,"template":"","meta":[],"product_brand":[],"product_cat":[211,220],"product_tag":[],"class_list":{"0":"post-41321","1":"product","2":"type-product","3":"status-publish","4":"has-post-thumbnail","6":"product_cat-baeckerei","7":"product_cat-suesse-backwaren","9":"first","10":"instock","11":"shipping-taxable","12":"purchasable","13":"product-type-simple"},"yoast_head":"<!-- This site is optimized with the Yoast SEO Premium plugin v22.7 (Yoast SEO v25.3.1) - https:\/\/yoast.com\/wordpress\/plugins\/seo\/ -->\n<title>Gr\u00fcntee-Kekse - Nh\u00e0 May M\u1eafn - Maison Chance<\/title>\n<meta name=\"description\" content=\"Gr\u00fcntee-Kekse von Maison Chance werden aus hochwertigen Zutaten wie reinem Weizenmehl, frischen Eiern, raffiniertem Zucker, premium franz\u00f6sischer Butter zubereitet\" \/>\n<meta name=\"robots\" content=\"index, follow, max-snippet:-1, max-image-preview:large, max-video-preview:-1\" \/>\n<link rel=\"canonical\" href=\"https:\/\/maison-chance.org\/shop\/de\/produkt\/gruentee-kekse\" \/>\n<meta property=\"og:locale\" content=\"de_DE\" \/>\n<meta property=\"og:type\" content=\"article\" \/>\n<meta property=\"og:title\" content=\"Gr\u00fcntee-Kekse\" \/>\n<meta property=\"og:description\" content=\"Gr\u00fcntee-Kekse von Maison Chance werden aus hochwertigen Zutaten wie reinem Weizenmehl, frischen Eiern, raffiniertem Zucker, premium franz\u00f6sischer Butter zubereitet\" \/>\n<meta property=\"og:url\" content=\"https:\/\/maison-chance.org\/shop\/de\/produkt\/gruentee-kekse\" \/>\n<meta property=\"og:site_name\" content=\"Nh\u00e0 May M\u1eafn - Maison Chance\" \/>\n<meta property=\"article:publisher\" content=\"https:\/\/www.facebook.com\/dnxh.nhamayman\/\" \/>\n<meta property=\"og:image\" content=\"https:\/\/maison-chance.org\/shop\/wp-content\/uploads\/2024\/12\/hop-banh-quy-tra-xanh-120gr.jpg\" \/>\n\t<meta property=\"og:image:width\" content=\"600\" \/>\n\t<meta property=\"og:image:height\" content=\"600\" \/>\n\t<meta property=\"og:image:type\" content=\"image\/jpeg\" \/>\n<meta name=\"twitter:card\" content=\"summary_large_image\" \/>\n<meta name=\"twitter:label1\" content=\"Preis\" \/>\n\t<meta name=\"twitter:data1\" content=\"&euro;2.58\" \/>\n\t<meta name=\"twitter:label2\" content=\"Verf\u00fcgbarkeit\" \/>\n\t<meta name=\"twitter:data2\" content=\"Auf Lager\" \/>\n<script type=\"application\/ld+json\" class=\"yoast-schema-graph\">{\"@context\":\"https:\/\/schema.org\",\"@graph\":[{\"@type\":\"WebPage\",\"@id\":\"https:\/\/maison-chance.org\/shop\/de\/produkt\/gruentee-kekse\",\"url\":\"https:\/\/maison-chance.org\/shop\/de\/produkt\/gruentee-kekse\",\"name\":\"Gr\u00fcntee-Kekse - Nh\u00e0 May M\u1eafn - Maison Chance\",\"isPartOf\":{\"@id\":\"https:\/\/maison-chance.org\/shop\/de#website\"},\"primaryImageOfPage\":{\"@id\":\"https:\/\/maison-chance.org\/shop\/de\/produkt\/gruentee-kekse#primaryimage\"},\"image\":{\"@id\":\"https:\/\/maison-chance.org\/shop\/de\/produkt\/gruentee-kekse#primaryimage\"},\"thumbnailUrl\":\"https:\/\/maison-chance.org\/shop\/wp-content\/uploads\/2024\/12\/hop-banh-quy-tra-xanh-120gr.jpg\",\"datePublished\":\"2024-12-04T07:05:30+00:00\",\"description\":\"Gr\u00fcntee-Kekse von Maison Chance werden aus hochwertigen Zutaten wie reinem Weizenmehl, frischen Eiern, raffiniertem Zucker, premium franz\u00f6sischer Butter zubereitet\",\"breadcrumb\":{\"@id\":\"https:\/\/maison-chance.org\/shop\/de\/produkt\/gruentee-kekse#breadcrumb\"},\"inLanguage\":\"de\",\"potentialAction\":[{\"@type\":\"ReadAction\",\"target\":[\"https:\/\/maison-chance.org\/shop\/de\/produkt\/gruentee-kekse\"]}]},{\"@type\":\"ImageObject\",\"inLanguage\":\"de\",\"@id\":\"https:\/\/maison-chance.org\/shop\/de\/produkt\/gruentee-kekse#primaryimage\",\"url\":\"https:\/\/maison-chance.org\/shop\/wp-content\/uploads\/2024\/12\/hop-banh-quy-tra-xanh-120gr.jpg\",\"contentUrl\":\"https:\/\/maison-chance.org\/shop\/wp-content\/uploads\/2024\/12\/hop-banh-quy-tra-xanh-120gr.jpg\",\"width\":600,\"height\":600,\"caption\":\"Gr\u00fcntee-Kekse\"},{\"@type\":\"BreadcrumbList\",\"@id\":\"https:\/\/maison-chance.org\/shop\/de\/produkt\/gruentee-kekse#breadcrumb\",\"itemListElement\":[{\"@type\":\"ListItem\",\"position\":1,\"name\":\"Trang ch\u1ee7\",\"item\":\"https:\/\/maison-chance.org\/shop\/de\"},{\"@type\":\"ListItem\",\"position\":2,\"name\":\"Shop\",\"item\":\"https:\/\/maison-chance.org\/shop\/shop\"},{\"@type\":\"ListItem\",\"position\":3,\"name\":\"Gr\u00fcntee-Kekse\"}]},{\"@type\":\"WebSite\",\"@id\":\"https:\/\/maison-chance.org\/shop\/de#website\",\"url\":\"https:\/\/maison-chance.org\/shop\/de\",\"name\":\"Nh\u00e0 May M\u1eafn - Maison Chance\",\"description\":\"M\u1ecdi l\u1ee3i nhu\u1eadn thu v\u1ec1 t\u1eeb vi\u1ec7c b\u00e1n h\u00e0ng s\u1ebd tr\u00edch m\u1ed9t ph\u1ea7n \u0111\u1ec3 ch\u0103m lo cho \u0111\u1eddi s\u1ed1ng c\u00e1c b\u1ea1n khuy\u1ebft t\u1eadt v\u00e0 tr\u1ebb m\u1ed3 c\u00f4i \u1edf \u0111\u00e2y\",\"publisher\":{\"@id\":\"https:\/\/maison-chance.org\/shop\/de#organization\"},\"potentialAction\":[{\"@type\":\"SearchAction\",\"target\":{\"@type\":\"EntryPoint\",\"urlTemplate\":\"https:\/\/maison-chance.org\/shop\/de?s={search_term_string}\"},\"query-input\":{\"@type\":\"PropertyValueSpecification\",\"valueRequired\":true,\"valueName\":\"search_term_string\"}}],\"inLanguage\":\"de\"},{\"@type\":\"Organization\",\"@id\":\"https:\/\/maison-chance.org\/shop\/de#organization\",\"name\":\"Nh\u00e0 May M\u1eafn - Maison Chance\",\"url\":\"https:\/\/maison-chance.org\/shop\/de\",\"logo\":{\"@type\":\"ImageObject\",\"inLanguage\":\"de\",\"@id\":\"https:\/\/maison-chance.org\/shop\/de#\/schema\/logo\/image\/\",\"url\":\"https:\/\/maison-chance.org\/shop\/wp-content\/uploads\/2024\/03\/cropped-Logo_DNXH.png\",\"contentUrl\":\"https:\/\/maison-chance.org\/shop\/wp-content\/uploads\/2024\/03\/cropped-Logo_DNXH.png\",\"width\":512,\"height\":512,\"caption\":\"Nh\u00e0 May M\u1eafn - Maison Chance\"},\"image\":{\"@id\":\"https:\/\/maison-chance.org\/shop\/de#\/schema\/logo\/image\/\"},\"sameAs\":[\"https:\/\/www.facebook.com\/dnxh.nhamayman\/\"]}]}<\/script>\n<meta property=\"product:price:amount\" content=\"2.58\" \/>\n<meta property=\"product:price:currency\" content=\"EUR\" \/>\n<meta property=\"og:availability\" content=\"instock\" \/>\n<meta property=\"product:availability\" content=\"instock\" \/>\n<meta property=\"product:condition\" content=\"new\" \/>\n<!-- \/ Yoast SEO Premium plugin. -->","yoast_head_json":{"title":"Gr\u00fcntee-Kekse - Nh\u00e0 May M\u1eafn - Maison Chance","description":"Gr\u00fcntee-Kekse von Maison Chance werden aus hochwertigen Zutaten wie reinem Weizenmehl, frischen Eiern, raffiniertem Zucker, premium franz\u00f6sischer Butter zubereitet","robots":{"index":"index","follow":"follow","max-snippet":"max-snippet:-1","max-image-preview":"max-image-preview:large","max-video-preview":"max-video-preview:-1"},"canonical":"https:\/\/maison-chance.org\/shop\/de\/produkt\/gruentee-kekse","og_locale":"de_DE","og_type":"article","og_title":"Gr\u00fcntee-Kekse","og_description":"Gr\u00fcntee-Kekse von Maison Chance werden aus hochwertigen Zutaten wie reinem Weizenmehl, frischen Eiern, raffiniertem Zucker, premium franz\u00f6sischer Butter zubereitet","og_url":"https:\/\/maison-chance.org\/shop\/de\/produkt\/gruentee-kekse","og_site_name":"Nh\u00e0 May M\u1eafn - Maison Chance","article_publisher":"https:\/\/www.facebook.com\/dnxh.nhamayman\/","og_image":[{"width":600,"height":600,"url":"https:\/\/maison-chance.org\/shop\/wp-content\/uploads\/2024\/12\/hop-banh-quy-tra-xanh-120gr.jpg","type":"image\/jpeg"}],"twitter_card":"summary_large_image","twitter_misc":{"Preis":"&euro;2.58","Verf\u00fcgbarkeit":"Auf Lager"},"schema":{"@context":"https:\/\/schema.org","@graph":[{"@type":"WebPage","@id":"https:\/\/maison-chance.org\/shop\/de\/produkt\/gruentee-kekse","url":"https:\/\/maison-chance.org\/shop\/de\/produkt\/gruentee-kekse","name":"Gr\u00fcntee-Kekse - Nh\u00e0 May M\u1eafn - Maison Chance","isPartOf":{"@id":"https:\/\/maison-chance.org\/shop\/de#website"},"primaryImageOfPage":{"@id":"https:\/\/maison-chance.org\/shop\/de\/produkt\/gruentee-kekse#primaryimage"},"image":{"@id":"https:\/\/maison-chance.org\/shop\/de\/produkt\/gruentee-kekse#primaryimage"},"thumbnailUrl":"https:\/\/maison-chance.org\/shop\/wp-content\/uploads\/2024\/12\/hop-banh-quy-tra-xanh-120gr.jpg","datePublished":"2024-12-04T07:05:30+00:00","description":"Gr\u00fcntee-Kekse von Maison Chance werden aus hochwertigen Zutaten wie reinem Weizenmehl, frischen Eiern, raffiniertem Zucker, premium franz\u00f6sischer Butter zubereitet","breadcrumb":{"@id":"https:\/\/maison-chance.org\/shop\/de\/produkt\/gruentee-kekse#breadcrumb"},"inLanguage":"de","potentialAction":[{"@type":"ReadAction","target":["https:\/\/maison-chance.org\/shop\/de\/produkt\/gruentee-kekse"]}]},{"@type":"ImageObject","inLanguage":"de","@id":"https:\/\/maison-chance.org\/shop\/de\/produkt\/gruentee-kekse#primaryimage","url":"https:\/\/maison-chance.org\/shop\/wp-content\/uploads\/2024\/12\/hop-banh-quy-tra-xanh-120gr.jpg","contentUrl":"https:\/\/maison-chance.org\/shop\/wp-content\/uploads\/2024\/12\/hop-banh-quy-tra-xanh-120gr.jpg","width":600,"height":600,"caption":"Gr\u00fcntee-Kekse"},{"@type":"BreadcrumbList","@id":"https:\/\/maison-chance.org\/shop\/de\/produkt\/gruentee-kekse#breadcrumb","itemListElement":[{"@type":"ListItem","position":1,"name":"Trang ch\u1ee7","item":"https:\/\/maison-chance.org\/shop\/de"},{"@type":"ListItem","position":2,"name":"Shop","item":"https:\/\/maison-chance.org\/shop\/shop"},{"@type":"ListItem","position":3,"name":"Gr\u00fcntee-Kekse"}]},{"@type":"WebSite","@id":"https:\/\/maison-chance.org\/shop\/de#website","url":"https:\/\/maison-chance.org\/shop\/de","name":"Nh\u00e0 May M\u1eafn - Maison Chance","description":"M\u1ecdi l\u1ee3i nhu\u1eadn thu v\u1ec1 t\u1eeb vi\u1ec7c b\u00e1n h\u00e0ng s\u1ebd tr\u00edch m\u1ed9t ph\u1ea7n \u0111\u1ec3 ch\u0103m lo cho \u0111\u1eddi s\u1ed1ng c\u00e1c b\u1ea1n khuy\u1ebft t\u1eadt v\u00e0 tr\u1ebb m\u1ed3 c\u00f4i \u1edf \u0111\u00e2y","publisher":{"@id":"https:\/\/maison-chance.org\/shop\/de#organization"},"potentialAction":[{"@type":"SearchAction","target":{"@type":"EntryPoint","urlTemplate":"https:\/\/maison-chance.org\/shop\/de?s={search_term_string}"},"query-input":{"@type":"PropertyValueSpecification","valueRequired":true,"valueName":"search_term_string"}}],"inLanguage":"de"},{"@type":"Organization","@id":"https:\/\/maison-chance.org\/shop\/de#organization","name":"Nh\u00e0 May M\u1eafn - Maison Chance","url":"https:\/\/maison-chance.org\/shop\/de","logo":{"@type":"ImageObject","inLanguage":"de","@id":"https:\/\/maison-chance.org\/shop\/de#\/schema\/logo\/image\/","url":"https:\/\/maison-chance.org\/shop\/wp-content\/uploads\/2024\/03\/cropped-Logo_DNXH.png","contentUrl":"https:\/\/maison-chance.org\/shop\/wp-content\/uploads\/2024\/03\/cropped-Logo_DNXH.png","width":512,"height":512,"caption":"Nh\u00e0 May M\u1eafn - Maison Chance"},"image":{"@id":"https:\/\/maison-chance.org\/shop\/de#\/schema\/logo\/image\/"},"sameAs":["https:\/\/www.facebook.com\/dnxh.nhamayman\/"]}]},"product_price_amount":"2.58","product_price_currency":"EUR","og_availability":"instock","product_availability":"instock","product_condition":"new"},"_links":{"self":[{"href":"https:\/\/maison-chance.org\/shop\/de\/wp-json\/wp\/v2\/product\/41321","targetHints":{"allow":["GET"]}}],"collection":[{"href":"https:\/\/maison-chance.org\/shop\/de\/wp-json\/wp\/v2\/product"}],"about":[{"href":"https:\/\/maison-chance.org\/shop\/de\/wp-json\/wp\/v2\/types\/product"}],"wp:featuredmedia":[{"embeddable":true,"href":"https:\/\/maison-chance.org\/shop\/de\/wp-json\/wp\/v2\/media\/41317"}],"wp:attachment":[{"href":"https:\/\/maison-chance.org\/shop\/de\/wp-json\/wp\/v2\/media?parent=41321"}],"wp:term":[{"taxonomy":"product_brand","embeddable":true,"href":"https:\/\/maison-chance.org\/shop\/de\/wp-json\/wp\/v2\/product_brand?post=41321"},{"taxonomy":"product_cat","embeddable":true,"href":"https:\/\/maison-chance.org\/shop\/de\/wp-json\/wp\/v2\/product_cat?post=41321"},{"taxonomy":"product_tag","embeddable":true,"href":"https:\/\/maison-chance.org\/shop\/de\/wp-json\/wp\/v2\/product_tag?post=41321"}],"curies":[{"name":"wp","href":"https:\/\/api.w.org\/{rel}","templated":true}]}}