{"id":41350,"date":"2024-12-09T11:02:53","date_gmt":"2024-12-09T04:02:53","guid":{"rendered":"https:\/\/maison-chance.org\/shop\/san-pham\/schokoladenkekse"},"modified":"2024-12-09T11:02:53","modified_gmt":"2024-12-09T04:02:53","slug":"schokoladenkekse","status":"publish","type":"product","link":"https:\/\/maison-chance.org\/shop\/de\/produkt\/schokoladenkekse","title":{"rendered":"Schokoladenkekse"},"content":{"rendered":"<p style=\"text-align: justify;\">Schokoladenkekse von Maison Chance ragen wie ein kostbares Juwel heraus, mit einem ber\u00fcckenden Aroma und feiner S\u00fc\u00dfe. Jeder Keks ist das Ergebnis eines einzigartigen Rezepts, kombiniert mit kulinarischer Liebe, und schafft ein unvergessliches Geschmackserlebnis f\u00fcr diejenigen, die das Gl\u00fcck haben, sie zu genie\u00dfen.<\/p>\n<p style=\"text-align: justify;\">Die herausragende Qualit\u00e4t der Kekse entsteht durch strenge Zutatenauswahl. Hochwertig importiertes Mehl, frische Eier von renommierten Bauernh\u00f6fen, erstklassige franz\u00f6sische Butter und spezielle Schokoladenst\u00fcckchen schaffen einen unverwechselbaren Geschmack. Jede Zutat ist in Maison Chance&#8217;s exklusivem Rezept perfekt ausbalanciert.<\/p>\n<p style=\"text-align: justify;\">Jede Charge von Keksen wird mit akribischer Sorgfalt und Leidenschaft zubereitet. Der Backprozess wird von erfahrenen B\u00e4ckern streng kontrolliert und gew\u00e4hrleistet eine ideale knackige und weiche Textur. Jedes 110g Glas wird in einem hochwertigen Kunststoffbeh\u00e4lter mit luftdichtem Metalldeckel verpackt und bewahrt den urspr\u00fcnglichen k\u00f6stlichen Geschmack \u00fcber einen l\u00e4ngeren Zeitraum.<\/p>\n<p style=\"text-align: justify;\">Schokoladenkekse sind nicht nur ein gew\u00f6hnlicher Snack, sondern auch eine nahrhafte Energiequelle. Der Proteingehalt aus Eiern und Milch sowie die Energie aus Schokolade helfen, den ganzen Tag \u00fcber Energie zu erhalten. Das Produkt wurde auf Lebensmittelsicherheit getestet und ist f\u00fcr alle Benutzer geeignet.<\/p>\n<p style=\"text-align: justify;\">Die Raffinesse der Schokoladenkekse von <a href=\"https:\/\/maison-chance.org\/shop\">Maison Chance<\/a> wird erh\u00f6ht, wenn sie mit Lieblingsgetr\u00e4nken kombiniert werden. Knabbern mit einer Nachmittagstee, genie\u00dfen mit einem hei\u00dfen Cappuccino oder einfach in frischer Milch eintauchen bietet ein wunderbares Erlebnis. Es ist auch ein luxuri\u00f6ses und bedeutungsvolles Geschenk f\u00fcr Feiertage, Geburtstage oder Gesch\u00e4ftstreffen.<\/p>\n<p style=\"text-align: justify;\">Jedes Glas Schokoladenkekse von Maison Chance ist nicht nur ein k\u00f6stliches Produkt, sondern enth\u00e4lt auch tiefgreifende humanit\u00e4re Werte. Wenn Sie das Produkt genie\u00dfen, schmecken Sie nicht nur eine exquisite Geschmacksnuance, sondern tragen auch dazu bei, Gutes in der Gemeinschaft zu verbreiten.<\/p>\n","protected":false},"excerpt":{"rendered":"<p style=\"text-align: justify;\">Die s\u00fc\u00dfen Backwaren werden von jungen Waisen hergestellt, die derzeit von Maison Chance betreut werden. Wir bitten Sie um Ihre Unterst\u00fctzung!<\/p>\n<p>Hotline: <span style=\"font-size: 20px;\"><strong><span style=\"color: #ff0000;\">0909 06 25 28<\/span><\/strong><\/span><\/p>\n","protected":false},"featured_media":41346,"template":"","meta":[],"product_brand":[],"product_cat":[211,220],"product_tag":[],"class_list":{"0":"post-41350","1":"product","2":"type-product","3":"status-publish","4":"has-post-thumbnail","6":"product_cat-baeckerei","7":"product_cat-suesse-backwaren","9":"first","10":"instock","11":"shipping-taxable","12":"purchasable","13":"product-type-simple"},"yoast_head":"<!-- This site is optimized with the Yoast SEO Premium plugin v22.7 (Yoast SEO v25.3.1) - https:\/\/yoast.com\/wordpress\/plugins\/seo\/ -->\n<title>Schokoladenkekse - Nh\u00e0 May M\u1eafn - Maison Chance<\/title>\n<meta name=\"description\" content=\"Schokoladenkekse von Maison Chance ragen wie ein kostbares Juwel heraus, mit einem ber\u00fcckenden Aroma und feiner S\u00fc\u00dfe. Jeder Keks ist das Ergebnis eines einzigartigen Rezepts, kombiniert mit kulinarischer Liebe, und schafft ein unvergessliches Geschmackserlebnis f\u00fcr diejenigen, die das Gl\u00fcck haben, sie zu genie\u00dfen.\" \/>\n<meta name=\"robots\" content=\"index, follow, max-snippet:-1, max-image-preview:large, max-video-preview:-1\" \/>\n<link rel=\"canonical\" href=\"https:\/\/maison-chance.org\/shop\/de\/produkt\/schokoladenkekse\" \/>\n<meta property=\"og:locale\" content=\"de_DE\" \/>\n<meta property=\"og:type\" content=\"article\" \/>\n<meta property=\"og:title\" content=\"Schokoladenkekse\" \/>\n<meta property=\"og:description\" content=\"Schokoladenkekse von Maison Chance ragen wie ein kostbares Juwel heraus, mit einem ber\u00fcckenden Aroma und feiner S\u00fc\u00dfe. Jeder Keks ist das Ergebnis eines einzigartigen Rezepts, kombiniert mit kulinarischer Liebe, und schafft ein unvergessliches Geschmackserlebnis f\u00fcr diejenigen, die das Gl\u00fcck haben, sie zu genie\u00dfen.\" \/>\n<meta property=\"og:url\" content=\"https:\/\/maison-chance.org\/shop\/de\/produkt\/schokoladenkekse\" \/>\n<meta property=\"og:site_name\" content=\"Nh\u00e0 May M\u1eafn - Maison Chance\" \/>\n<meta property=\"article:publisher\" content=\"https:\/\/www.facebook.com\/dnxh.nhamayman\/\" \/>\n<meta property=\"og:image\" content=\"https:\/\/maison-chance.org\/shop\/wp-content\/uploads\/2024\/12\/hop-banh-quy-so-co-la.jpg\" \/>\n\t<meta property=\"og:image:width\" content=\"600\" \/>\n\t<meta property=\"og:image:height\" content=\"600\" \/>\n\t<meta property=\"og:image:type\" content=\"image\/jpeg\" \/>\n<meta name=\"twitter:card\" content=\"summary_large_image\" \/>\n<meta name=\"twitter:label1\" content=\"Preis\" \/>\n\t<meta name=\"twitter:data1\" content=\"&euro;2.58\" \/>\n\t<meta name=\"twitter:label2\" content=\"Verf\u00fcgbarkeit\" \/>\n\t<meta name=\"twitter:data2\" content=\"Auf Lager\" \/>\n<script type=\"application\/ld+json\" class=\"yoast-schema-graph\">{\"@context\":\"https:\/\/schema.org\",\"@graph\":[{\"@type\":\"WebPage\",\"@id\":\"https:\/\/maison-chance.org\/shop\/de\/produkt\/schokoladenkekse\",\"url\":\"https:\/\/maison-chance.org\/shop\/de\/produkt\/schokoladenkekse\",\"name\":\"Schokoladenkekse - Nh\u00e0 May M\u1eafn - Maison Chance\",\"isPartOf\":{\"@id\":\"https:\/\/maison-chance.org\/shop\/de#website\"},\"primaryImageOfPage\":{\"@id\":\"https:\/\/maison-chance.org\/shop\/de\/produkt\/schokoladenkekse#primaryimage\"},\"image\":{\"@id\":\"https:\/\/maison-chance.org\/shop\/de\/produkt\/schokoladenkekse#primaryimage\"},\"thumbnailUrl\":\"https:\/\/maison-chance.org\/shop\/wp-content\/uploads\/2024\/12\/hop-banh-quy-so-co-la.jpg\",\"datePublished\":\"2024-12-09T04:02:53+00:00\",\"description\":\"Schokoladenkekse von Maison Chance ragen wie ein kostbares Juwel heraus, mit einem ber\u00fcckenden Aroma und feiner S\u00fc\u00dfe. Jeder Keks ist das Ergebnis eines einzigartigen Rezepts, kombiniert mit kulinarischer Liebe, und schafft ein unvergessliches Geschmackserlebnis f\u00fcr diejenigen, die das Gl\u00fcck haben, sie zu genie\u00dfen.\",\"breadcrumb\":{\"@id\":\"https:\/\/maison-chance.org\/shop\/de\/produkt\/schokoladenkekse#breadcrumb\"},\"inLanguage\":\"de\",\"potentialAction\":[{\"@type\":\"ReadAction\",\"target\":[\"https:\/\/maison-chance.org\/shop\/de\/produkt\/schokoladenkekse\"]}]},{\"@type\":\"ImageObject\",\"inLanguage\":\"de\",\"@id\":\"https:\/\/maison-chance.org\/shop\/de\/produkt\/schokoladenkekse#primaryimage\",\"url\":\"https:\/\/maison-chance.org\/shop\/wp-content\/uploads\/2024\/12\/hop-banh-quy-so-co-la.jpg\",\"contentUrl\":\"https:\/\/maison-chance.org\/shop\/wp-content\/uploads\/2024\/12\/hop-banh-quy-so-co-la.jpg\",\"width\":600,\"height\":600,\"caption\":\"Schokoladenkekse\"},{\"@type\":\"BreadcrumbList\",\"@id\":\"https:\/\/maison-chance.org\/shop\/de\/produkt\/schokoladenkekse#breadcrumb\",\"itemListElement\":[{\"@type\":\"ListItem\",\"position\":1,\"name\":\"Trang ch\u1ee7\",\"item\":\"https:\/\/maison-chance.org\/shop\/de\"},{\"@type\":\"ListItem\",\"position\":2,\"name\":\"Shop\",\"item\":\"https:\/\/maison-chance.org\/shop\/shop\"},{\"@type\":\"ListItem\",\"position\":3,\"name\":\"Schokoladenkekse\"}]},{\"@type\":\"WebSite\",\"@id\":\"https:\/\/maison-chance.org\/shop\/de#website\",\"url\":\"https:\/\/maison-chance.org\/shop\/de\",\"name\":\"Nh\u00e0 May M\u1eafn - Maison Chance\",\"description\":\"M\u1ecdi l\u1ee3i nhu\u1eadn thu v\u1ec1 t\u1eeb vi\u1ec7c b\u00e1n h\u00e0ng s\u1ebd tr\u00edch m\u1ed9t ph\u1ea7n \u0111\u1ec3 ch\u0103m lo cho \u0111\u1eddi s\u1ed1ng c\u00e1c b\u1ea1n khuy\u1ebft t\u1eadt v\u00e0 tr\u1ebb m\u1ed3 c\u00f4i \u1edf \u0111\u00e2y\",\"publisher\":{\"@id\":\"https:\/\/maison-chance.org\/shop\/de#organization\"},\"potentialAction\":[{\"@type\":\"SearchAction\",\"target\":{\"@type\":\"EntryPoint\",\"urlTemplate\":\"https:\/\/maison-chance.org\/shop\/de?s={search_term_string}\"},\"query-input\":{\"@type\":\"PropertyValueSpecification\",\"valueRequired\":true,\"valueName\":\"search_term_string\"}}],\"inLanguage\":\"de\"},{\"@type\":\"Organization\",\"@id\":\"https:\/\/maison-chance.org\/shop\/de#organization\",\"name\":\"Nh\u00e0 May M\u1eafn - Maison Chance\",\"url\":\"https:\/\/maison-chance.org\/shop\/de\",\"logo\":{\"@type\":\"ImageObject\",\"inLanguage\":\"de\",\"@id\":\"https:\/\/maison-chance.org\/shop\/de#\/schema\/logo\/image\/\",\"url\":\"https:\/\/maison-chance.org\/shop\/wp-content\/uploads\/2024\/03\/cropped-Logo_DNXH.png\",\"contentUrl\":\"https:\/\/maison-chance.org\/shop\/wp-content\/uploads\/2024\/03\/cropped-Logo_DNXH.png\",\"width\":512,\"height\":512,\"caption\":\"Nh\u00e0 May M\u1eafn - Maison Chance\"},\"image\":{\"@id\":\"https:\/\/maison-chance.org\/shop\/de#\/schema\/logo\/image\/\"},\"sameAs\":[\"https:\/\/www.facebook.com\/dnxh.nhamayman\/\"]}]}<\/script>\n<meta property=\"product:price:amount\" content=\"2.58\" \/>\n<meta property=\"product:price:currency\" content=\"EUR\" \/>\n<meta property=\"og:availability\" content=\"instock\" \/>\n<meta property=\"product:availability\" content=\"instock\" \/>\n<meta property=\"product:condition\" content=\"new\" \/>\n<!-- \/ Yoast SEO Premium plugin. -->","yoast_head_json":{"title":"Schokoladenkekse - Nh\u00e0 May M\u1eafn - Maison Chance","description":"Schokoladenkekse von Maison Chance ragen wie ein kostbares Juwel heraus, mit einem ber\u00fcckenden Aroma und feiner S\u00fc\u00dfe. Jeder Keks ist das Ergebnis eines einzigartigen Rezepts, kombiniert mit kulinarischer Liebe, und schafft ein unvergessliches Geschmackserlebnis f\u00fcr diejenigen, die das Gl\u00fcck haben, sie zu genie\u00dfen.","robots":{"index":"index","follow":"follow","max-snippet":"max-snippet:-1","max-image-preview":"max-image-preview:large","max-video-preview":"max-video-preview:-1"},"canonical":"https:\/\/maison-chance.org\/shop\/de\/produkt\/schokoladenkekse","og_locale":"de_DE","og_type":"article","og_title":"Schokoladenkekse","og_description":"Schokoladenkekse von Maison Chance ragen wie ein kostbares Juwel heraus, mit einem ber\u00fcckenden Aroma und feiner S\u00fc\u00dfe. Jeder Keks ist das Ergebnis eines einzigartigen Rezepts, kombiniert mit kulinarischer Liebe, und schafft ein unvergessliches Geschmackserlebnis f\u00fcr diejenigen, die das Gl\u00fcck haben, sie zu genie\u00dfen.","og_url":"https:\/\/maison-chance.org\/shop\/de\/produkt\/schokoladenkekse","og_site_name":"Nh\u00e0 May M\u1eafn - Maison Chance","article_publisher":"https:\/\/www.facebook.com\/dnxh.nhamayman\/","og_image":[{"width":600,"height":600,"url":"https:\/\/maison-chance.org\/shop\/wp-content\/uploads\/2024\/12\/hop-banh-quy-so-co-la.jpg","type":"image\/jpeg"}],"twitter_card":"summary_large_image","twitter_misc":{"Preis":"&euro;2.58","Verf\u00fcgbarkeit":"Auf Lager"},"schema":{"@context":"https:\/\/schema.org","@graph":[{"@type":"WebPage","@id":"https:\/\/maison-chance.org\/shop\/de\/produkt\/schokoladenkekse","url":"https:\/\/maison-chance.org\/shop\/de\/produkt\/schokoladenkekse","name":"Schokoladenkekse - Nh\u00e0 May M\u1eafn - Maison Chance","isPartOf":{"@id":"https:\/\/maison-chance.org\/shop\/de#website"},"primaryImageOfPage":{"@id":"https:\/\/maison-chance.org\/shop\/de\/produkt\/schokoladenkekse#primaryimage"},"image":{"@id":"https:\/\/maison-chance.org\/shop\/de\/produkt\/schokoladenkekse#primaryimage"},"thumbnailUrl":"https:\/\/maison-chance.org\/shop\/wp-content\/uploads\/2024\/12\/hop-banh-quy-so-co-la.jpg","datePublished":"2024-12-09T04:02:53+00:00","description":"Schokoladenkekse von Maison Chance ragen wie ein kostbares Juwel heraus, mit einem ber\u00fcckenden Aroma und feiner S\u00fc\u00dfe. Jeder Keks ist das Ergebnis eines einzigartigen Rezepts, kombiniert mit kulinarischer Liebe, und schafft ein unvergessliches Geschmackserlebnis f\u00fcr diejenigen, die das Gl\u00fcck haben, sie zu genie\u00dfen.","breadcrumb":{"@id":"https:\/\/maison-chance.org\/shop\/de\/produkt\/schokoladenkekse#breadcrumb"},"inLanguage":"de","potentialAction":[{"@type":"ReadAction","target":["https:\/\/maison-chance.org\/shop\/de\/produkt\/schokoladenkekse"]}]},{"@type":"ImageObject","inLanguage":"de","@id":"https:\/\/maison-chance.org\/shop\/de\/produkt\/schokoladenkekse#primaryimage","url":"https:\/\/maison-chance.org\/shop\/wp-content\/uploads\/2024\/12\/hop-banh-quy-so-co-la.jpg","contentUrl":"https:\/\/maison-chance.org\/shop\/wp-content\/uploads\/2024\/12\/hop-banh-quy-so-co-la.jpg","width":600,"height":600,"caption":"Schokoladenkekse"},{"@type":"BreadcrumbList","@id":"https:\/\/maison-chance.org\/shop\/de\/produkt\/schokoladenkekse#breadcrumb","itemListElement":[{"@type":"ListItem","position":1,"name":"Trang ch\u1ee7","item":"https:\/\/maison-chance.org\/shop\/de"},{"@type":"ListItem","position":2,"name":"Shop","item":"https:\/\/maison-chance.org\/shop\/shop"},{"@type":"ListItem","position":3,"name":"Schokoladenkekse"}]},{"@type":"WebSite","@id":"https:\/\/maison-chance.org\/shop\/de#website","url":"https:\/\/maison-chance.org\/shop\/de","name":"Nh\u00e0 May M\u1eafn - Maison Chance","description":"M\u1ecdi l\u1ee3i nhu\u1eadn thu v\u1ec1 t\u1eeb vi\u1ec7c b\u00e1n h\u00e0ng s\u1ebd tr\u00edch m\u1ed9t ph\u1ea7n \u0111\u1ec3 ch\u0103m lo cho \u0111\u1eddi s\u1ed1ng c\u00e1c b\u1ea1n khuy\u1ebft t\u1eadt v\u00e0 tr\u1ebb m\u1ed3 c\u00f4i \u1edf \u0111\u00e2y","publisher":{"@id":"https:\/\/maison-chance.org\/shop\/de#organization"},"potentialAction":[{"@type":"SearchAction","target":{"@type":"EntryPoint","urlTemplate":"https:\/\/maison-chance.org\/shop\/de?s={search_term_string}"},"query-input":{"@type":"PropertyValueSpecification","valueRequired":true,"valueName":"search_term_string"}}],"inLanguage":"de"},{"@type":"Organization","@id":"https:\/\/maison-chance.org\/shop\/de#organization","name":"Nh\u00e0 May M\u1eafn - Maison Chance","url":"https:\/\/maison-chance.org\/shop\/de","logo":{"@type":"ImageObject","inLanguage":"de","@id":"https:\/\/maison-chance.org\/shop\/de#\/schema\/logo\/image\/","url":"https:\/\/maison-chance.org\/shop\/wp-content\/uploads\/2024\/03\/cropped-Logo_DNXH.png","contentUrl":"https:\/\/maison-chance.org\/shop\/wp-content\/uploads\/2024\/03\/cropped-Logo_DNXH.png","width":512,"height":512,"caption":"Nh\u00e0 May M\u1eafn - Maison Chance"},"image":{"@id":"https:\/\/maison-chance.org\/shop\/de#\/schema\/logo\/image\/"},"sameAs":["https:\/\/www.facebook.com\/dnxh.nhamayman\/"]}]},"product_price_amount":"2.58","product_price_currency":"EUR","og_availability":"instock","product_availability":"instock","product_condition":"new"},"_links":{"self":[{"href":"https:\/\/maison-chance.org\/shop\/de\/wp-json\/wp\/v2\/product\/41350","targetHints":{"allow":["GET"]}}],"collection":[{"href":"https:\/\/maison-chance.org\/shop\/de\/wp-json\/wp\/v2\/product"}],"about":[{"href":"https:\/\/maison-chance.org\/shop\/de\/wp-json\/wp\/v2\/types\/product"}],"wp:featuredmedia":[{"embeddable":true,"href":"https:\/\/maison-chance.org\/shop\/de\/wp-json\/wp\/v2\/media\/41346"}],"wp:attachment":[{"href":"https:\/\/maison-chance.org\/shop\/de\/wp-json\/wp\/v2\/media?parent=41350"}],"wp:term":[{"taxonomy":"product_brand","embeddable":true,"href":"https:\/\/maison-chance.org\/shop\/de\/wp-json\/wp\/v2\/product_brand?post=41350"},{"taxonomy":"product_cat","embeddable":true,"href":"https:\/\/maison-chance.org\/shop\/de\/wp-json\/wp\/v2\/product_cat?post=41350"},{"taxonomy":"product_tag","embeddable":true,"href":"https:\/\/maison-chance.org\/shop\/de\/wp-json\/wp\/v2\/product_tag?post=41350"}],"curies":[{"name":"wp","href":"https:\/\/api.w.org\/{rel}","templated":true}]}}