{"id":41368,"date":"2024-12-10T11:01:08","date_gmt":"2024-12-10T04:01:08","guid":{"rendered":"https:\/\/maison-chance.org\/shop\/san-pham\/baguette"},"modified":"2024-12-10T11:01:08","modified_gmt":"2024-12-10T04:01:08","slug":"baguette","status":"publish","type":"product","link":"https:\/\/maison-chance.org\/shop\/de\/produkt\/baguette","title":{"rendered":"Baguette"},"content":{"rendered":"<p style=\"text-align: justify;\">Haben Sie schon einmal ein knuspriges, duft\u0435\u043ddes Baguette-Brot mit traditionellen Geschmacksnuancen gekostet? Wenn nicht, lassen Sie das Baguette-Brot von Maison Chance Ihnen ein vollst\u00e4ndiges kulinarisches Erlebnis bieten. Das Baguette-Brot von Maison Chance ist der H\u00f6hepunkt der traditionellen franz\u00f6sischen Backkunst und akribischer Aufmerksamkeit in jeder Produktionsstufe. Mit einem einzigartigen, sorgf\u00e4ltig ausgew\u00e4hlten und verbesserten Rezept ist jede Baguette ein kulinarisches Kunstwerk, das ein authentisches Backerlebnis einer professionellen B\u00e4ckerei vermittelt.<\/p>\n<p style=\"text-align: justify;\">Was das Baguette-Brot von Maison Chance einzigartig macht, ist seine rigorose Zutatenauswahl und sein strenger Produktionsprozess. Jedes Brot wird aus Premium-Weizenmehl hergestellt, importiert und gr\u00fcndlich qualit\u00e4tskontrolliert, kombiniert mit nat\u00fcrlicher Hefe und einer Prise reinem Salz &#8211; gerade genug, um einen unverwechselbaren charakteristischen Geschmack zu erzeugen.<\/p>\n<p style=\"text-align: justify;\">Die Erscheinung des Baguette-Brots von Maison Chance beeindruckt auf den ersten Blick mit seinem wundersch\u00f6nen goldbraunen Schimmer. Die knusprige Kruste mit nat\u00fcrlichen Rissen auf der Oberfl\u00e4che schafft nicht nur eine \u00e4sthetische Sch\u00f6nheit, sondern dient auch als Beweis f\u00fcr einen perfekten G\u00e4r- und Backprozess. Im Inneren ist der Brodteig glatt wei\u00df mit gleichm\u00e4\u00dfigen Luftporen und schafft die charakteristische weiche Textur hochwertigen franz\u00f6sischen Brots.<\/p>\n<p style=\"text-align: justify;\">Mit 50 Gramm pro Brot ist das Baguette-Brot von Maison Chance eine ideale Wahl f\u00fcr ein leichtes Fr\u00fchst\u00fcck oder einen Snack am Tag. Seine kompakte Gr\u00f6\u00dfe ist nicht nur f\u00fcr den Genuss praktisch, sondern erleichtert auch die Aufbewahrung und gew\u00e4hrleistet lange Frische.<\/p>\n<p style=\"text-align: justify;\">Das Baguette-Brot von <a href=\"https:\/\/maison-chance.org\/shop\">Maison Chance<\/a> ist nicht nur ein hochwertiges kulinarisches Produkt, sondern auch ein Stolz der vietnamesischen handwerklichen Brotbackindustrie. Jedes Brot wird mit Leidenschaft und geschickter Technik hergestellt und bietet den Kunden nicht nur eine k\u00f6stliche Mahlzeit, sondern ein authentisches kulinarisches Erlebnis. Kommen Sie zu Maison Chance, um k\u00f6stliche Baguettes zu genie\u00dfen und &#8211; noch wichtiger &#8211; um die kontinuierlichen Bem\u00fchungen zur Schaffung hochwertiger Produkte zu unterst\u00fctzen. Jedes Brot, das Sie kaufen, ist ein Beitrag zur nachhaltigen Entwicklung des vietnamesischen handwerklichen Brotbackens.<\/p>\n","protected":false},"excerpt":{"rendered":"<p style=\"text-align: justify;\">Die Backwaren werden von jungen Waisen hergestellt, die derzeit von Maison Chance betreut werden. Wir bitten h\u00f6flich um Ihre Unterst\u00fctzung!<\/p>\n<p>Hotline: <span style=\"font-size: 20px;\"><strong><span style=\"color: #ff0000;\">0909 06 25 28<\/span><\/strong><\/span><\/p>\n","protected":false},"featured_media":41364,"template":"","meta":[],"product_brand":[],"product_cat":[211,220],"product_tag":[],"class_list":{"0":"post-41368","1":"product","2":"type-product","3":"status-publish","4":"has-post-thumbnail","6":"product_cat-baeckerei","7":"product_cat-suesse-backwaren","9":"first","10":"instock","11":"shipping-taxable","12":"purchasable","13":"product-type-simple"},"yoast_head":"<!-- This site is optimized with the Yoast SEO Premium plugin v22.7 (Yoast SEO v25.3.1) - https:\/\/yoast.com\/wordpress\/plugins\/seo\/ -->\n<title>Baguette - Nh\u00e0 May M\u1eafn - Maison Chance<\/title>\n<meta name=\"description\" content=\"Das Baguette-Brot von Maison Chance ist der H\u00f6hepunkt der traditionellen franz\u00f6sischen Backkunst und akribischer Aufmerksamkeit in jeder Produktionsstufe. Mit einem einzigartigen, sorgf\u00e4ltig ausgew\u00e4hlten und verbesserten Rezept ist jede Baguette ein kulinarisches Kunstwerk, das ein authentisches Backerlebnis einer professionellen B\u00e4ckerei vermittelt\" \/>\n<meta name=\"robots\" content=\"index, follow, max-snippet:-1, max-image-preview:large, max-video-preview:-1\" \/>\n<link rel=\"canonical\" href=\"https:\/\/maison-chance.org\/shop\/de\/produkt\/baguette\" \/>\n<meta property=\"og:locale\" content=\"de_DE\" \/>\n<meta property=\"og:type\" content=\"article\" \/>\n<meta property=\"og:title\" content=\"Baguette\" \/>\n<meta property=\"og:description\" content=\"Das Baguette-Brot von Maison Chance ist der H\u00f6hepunkt der traditionellen franz\u00f6sischen Backkunst und akribischer Aufmerksamkeit in jeder Produktionsstufe. Mit einem einzigartigen, sorgf\u00e4ltig ausgew\u00e4hlten und verbesserten Rezept ist jede Baguette ein kulinarisches Kunstwerk, das ein authentisches Backerlebnis einer professionellen B\u00e4ckerei vermittelt\" \/>\n<meta property=\"og:url\" content=\"https:\/\/maison-chance.org\/shop\/de\/produkt\/baguette\" \/>\n<meta property=\"og:site_name\" content=\"Nh\u00e0 May M\u1eafn - Maison Chance\" \/>\n<meta property=\"article:publisher\" content=\"https:\/\/www.facebook.com\/dnxh.nhamayman\/\" \/>\n<meta property=\"og:image\" content=\"https:\/\/maison-chance.org\/shop\/wp-content\/uploads\/2024\/12\/banh-mi-baguette.png\" \/>\n\t<meta property=\"og:image:width\" content=\"600\" \/>\n\t<meta property=\"og:image:height\" content=\"600\" \/>\n\t<meta property=\"og:image:type\" content=\"image\/png\" \/>\n<meta name=\"twitter:card\" content=\"summary_large_image\" \/>\n<meta name=\"twitter:label1\" content=\"Preis\" \/>\n\t<meta name=\"twitter:data1\" content=\"&euro;0.28\" \/>\n\t<meta name=\"twitter:label2\" content=\"Verf\u00fcgbarkeit\" \/>\n\t<meta name=\"twitter:data2\" content=\"Auf Lager\" \/>\n<script type=\"application\/ld+json\" class=\"yoast-schema-graph\">{\"@context\":\"https:\/\/schema.org\",\"@graph\":[{\"@type\":\"WebPage\",\"@id\":\"https:\/\/maison-chance.org\/shop\/de\/produkt\/baguette\",\"url\":\"https:\/\/maison-chance.org\/shop\/de\/produkt\/baguette\",\"name\":\"Baguette - Nh\u00e0 May M\u1eafn - Maison Chance\",\"isPartOf\":{\"@id\":\"https:\/\/maison-chance.org\/shop\/de#website\"},\"primaryImageOfPage\":{\"@id\":\"https:\/\/maison-chance.org\/shop\/de\/produkt\/baguette#primaryimage\"},\"image\":{\"@id\":\"https:\/\/maison-chance.org\/shop\/de\/produkt\/baguette#primaryimage\"},\"thumbnailUrl\":\"https:\/\/maison-chance.org\/shop\/wp-content\/uploads\/2024\/12\/banh-mi-baguette.png\",\"datePublished\":\"2024-12-10T04:01:08+00:00\",\"description\":\"Das Baguette-Brot von Maison Chance ist der H\u00f6hepunkt der traditionellen franz\u00f6sischen Backkunst und akribischer Aufmerksamkeit in jeder Produktionsstufe. Mit einem einzigartigen, sorgf\u00e4ltig ausgew\u00e4hlten und verbesserten Rezept ist jede Baguette ein kulinarisches Kunstwerk, das ein authentisches Backerlebnis einer professionellen B\u00e4ckerei vermittelt\",\"breadcrumb\":{\"@id\":\"https:\/\/maison-chance.org\/shop\/de\/produkt\/baguette#breadcrumb\"},\"inLanguage\":\"de\",\"potentialAction\":[{\"@type\":\"ReadAction\",\"target\":[\"https:\/\/maison-chance.org\/shop\/de\/produkt\/baguette\"]}]},{\"@type\":\"ImageObject\",\"inLanguage\":\"de\",\"@id\":\"https:\/\/maison-chance.org\/shop\/de\/produkt\/baguette#primaryimage\",\"url\":\"https:\/\/maison-chance.org\/shop\/wp-content\/uploads\/2024\/12\/banh-mi-baguette.png\",\"contentUrl\":\"https:\/\/maison-chance.org\/shop\/wp-content\/uploads\/2024\/12\/banh-mi-baguette.png\",\"width\":600,\"height\":600,\"caption\":\"Baguette\"},{\"@type\":\"BreadcrumbList\",\"@id\":\"https:\/\/maison-chance.org\/shop\/de\/produkt\/baguette#breadcrumb\",\"itemListElement\":[{\"@type\":\"ListItem\",\"position\":1,\"name\":\"Trang ch\u1ee7\",\"item\":\"https:\/\/maison-chance.org\/shop\/de\"},{\"@type\":\"ListItem\",\"position\":2,\"name\":\"Shop\",\"item\":\"https:\/\/maison-chance.org\/shop\/shop\"},{\"@type\":\"ListItem\",\"position\":3,\"name\":\"Baguette\"}]},{\"@type\":\"WebSite\",\"@id\":\"https:\/\/maison-chance.org\/shop\/de#website\",\"url\":\"https:\/\/maison-chance.org\/shop\/de\",\"name\":\"Nh\u00e0 May M\u1eafn - Maison Chance\",\"description\":\"M\u1ecdi l\u1ee3i nhu\u1eadn thu v\u1ec1 t\u1eeb vi\u1ec7c b\u00e1n h\u00e0ng s\u1ebd tr\u00edch m\u1ed9t ph\u1ea7n \u0111\u1ec3 ch\u0103m lo cho \u0111\u1eddi s\u1ed1ng c\u00e1c b\u1ea1n khuy\u1ebft t\u1eadt v\u00e0 tr\u1ebb m\u1ed3 c\u00f4i \u1edf \u0111\u00e2y\",\"publisher\":{\"@id\":\"https:\/\/maison-chance.org\/shop\/de#organization\"},\"potentialAction\":[{\"@type\":\"SearchAction\",\"target\":{\"@type\":\"EntryPoint\",\"urlTemplate\":\"https:\/\/maison-chance.org\/shop\/de?s={search_term_string}\"},\"query-input\":{\"@type\":\"PropertyValueSpecification\",\"valueRequired\":true,\"valueName\":\"search_term_string\"}}],\"inLanguage\":\"de\"},{\"@type\":\"Organization\",\"@id\":\"https:\/\/maison-chance.org\/shop\/de#organization\",\"name\":\"Nh\u00e0 May M\u1eafn - Maison Chance\",\"url\":\"https:\/\/maison-chance.org\/shop\/de\",\"logo\":{\"@type\":\"ImageObject\",\"inLanguage\":\"de\",\"@id\":\"https:\/\/maison-chance.org\/shop\/de#\/schema\/logo\/image\/\",\"url\":\"https:\/\/maison-chance.org\/shop\/wp-content\/uploads\/2024\/03\/cropped-Logo_DNXH.png\",\"contentUrl\":\"https:\/\/maison-chance.org\/shop\/wp-content\/uploads\/2024\/03\/cropped-Logo_DNXH.png\",\"width\":512,\"height\":512,\"caption\":\"Nh\u00e0 May M\u1eafn - Maison Chance\"},\"image\":{\"@id\":\"https:\/\/maison-chance.org\/shop\/de#\/schema\/logo\/image\/\"},\"sameAs\":[\"https:\/\/www.facebook.com\/dnxh.nhamayman\/\"]}]}<\/script>\n<meta property=\"product:price:amount\" content=\"0.28\" \/>\n<meta property=\"product:price:currency\" content=\"EUR\" \/>\n<meta property=\"og:availability\" content=\"instock\" \/>\n<meta property=\"product:availability\" content=\"instock\" \/>\n<meta property=\"product:condition\" content=\"new\" \/>\n<!-- \/ Yoast SEO Premium plugin. -->","yoast_head_json":{"title":"Baguette - Nh\u00e0 May M\u1eafn - Maison Chance","description":"Das Baguette-Brot von Maison Chance ist der H\u00f6hepunkt der traditionellen franz\u00f6sischen Backkunst und akribischer Aufmerksamkeit in jeder Produktionsstufe. Mit einem einzigartigen, sorgf\u00e4ltig ausgew\u00e4hlten und verbesserten Rezept ist jede Baguette ein kulinarisches Kunstwerk, das ein authentisches Backerlebnis einer professionellen B\u00e4ckerei vermittelt","robots":{"index":"index","follow":"follow","max-snippet":"max-snippet:-1","max-image-preview":"max-image-preview:large","max-video-preview":"max-video-preview:-1"},"canonical":"https:\/\/maison-chance.org\/shop\/de\/produkt\/baguette","og_locale":"de_DE","og_type":"article","og_title":"Baguette","og_description":"Das Baguette-Brot von Maison Chance ist der H\u00f6hepunkt der traditionellen franz\u00f6sischen Backkunst und akribischer Aufmerksamkeit in jeder Produktionsstufe. Mit einem einzigartigen, sorgf\u00e4ltig ausgew\u00e4hlten und verbesserten Rezept ist jede Baguette ein kulinarisches Kunstwerk, das ein authentisches Backerlebnis einer professionellen B\u00e4ckerei vermittelt","og_url":"https:\/\/maison-chance.org\/shop\/de\/produkt\/baguette","og_site_name":"Nh\u00e0 May M\u1eafn - Maison Chance","article_publisher":"https:\/\/www.facebook.com\/dnxh.nhamayman\/","og_image":[{"width":600,"height":600,"url":"https:\/\/maison-chance.org\/shop\/wp-content\/uploads\/2024\/12\/banh-mi-baguette.png","type":"image\/png"}],"twitter_card":"summary_large_image","twitter_misc":{"Preis":"&euro;0.28","Verf\u00fcgbarkeit":"Auf Lager"},"schema":{"@context":"https:\/\/schema.org","@graph":[{"@type":"WebPage","@id":"https:\/\/maison-chance.org\/shop\/de\/produkt\/baguette","url":"https:\/\/maison-chance.org\/shop\/de\/produkt\/baguette","name":"Baguette - Nh\u00e0 May M\u1eafn - Maison Chance","isPartOf":{"@id":"https:\/\/maison-chance.org\/shop\/de#website"},"primaryImageOfPage":{"@id":"https:\/\/maison-chance.org\/shop\/de\/produkt\/baguette#primaryimage"},"image":{"@id":"https:\/\/maison-chance.org\/shop\/de\/produkt\/baguette#primaryimage"},"thumbnailUrl":"https:\/\/maison-chance.org\/shop\/wp-content\/uploads\/2024\/12\/banh-mi-baguette.png","datePublished":"2024-12-10T04:01:08+00:00","description":"Das Baguette-Brot von Maison Chance ist der H\u00f6hepunkt der traditionellen franz\u00f6sischen Backkunst und akribischer Aufmerksamkeit in jeder Produktionsstufe. Mit einem einzigartigen, sorgf\u00e4ltig ausgew\u00e4hlten und verbesserten Rezept ist jede Baguette ein kulinarisches Kunstwerk, das ein authentisches Backerlebnis einer professionellen B\u00e4ckerei vermittelt","breadcrumb":{"@id":"https:\/\/maison-chance.org\/shop\/de\/produkt\/baguette#breadcrumb"},"inLanguage":"de","potentialAction":[{"@type":"ReadAction","target":["https:\/\/maison-chance.org\/shop\/de\/produkt\/baguette"]}]},{"@type":"ImageObject","inLanguage":"de","@id":"https:\/\/maison-chance.org\/shop\/de\/produkt\/baguette#primaryimage","url":"https:\/\/maison-chance.org\/shop\/wp-content\/uploads\/2024\/12\/banh-mi-baguette.png","contentUrl":"https:\/\/maison-chance.org\/shop\/wp-content\/uploads\/2024\/12\/banh-mi-baguette.png","width":600,"height":600,"caption":"Baguette"},{"@type":"BreadcrumbList","@id":"https:\/\/maison-chance.org\/shop\/de\/produkt\/baguette#breadcrumb","itemListElement":[{"@type":"ListItem","position":1,"name":"Trang ch\u1ee7","item":"https:\/\/maison-chance.org\/shop\/de"},{"@type":"ListItem","position":2,"name":"Shop","item":"https:\/\/maison-chance.org\/shop\/shop"},{"@type":"ListItem","position":3,"name":"Baguette"}]},{"@type":"WebSite","@id":"https:\/\/maison-chance.org\/shop\/de#website","url":"https:\/\/maison-chance.org\/shop\/de","name":"Nh\u00e0 May M\u1eafn - Maison Chance","description":"M\u1ecdi l\u1ee3i nhu\u1eadn thu v\u1ec1 t\u1eeb vi\u1ec7c b\u00e1n h\u00e0ng s\u1ebd tr\u00edch m\u1ed9t ph\u1ea7n \u0111\u1ec3 ch\u0103m lo cho \u0111\u1eddi s\u1ed1ng c\u00e1c b\u1ea1n khuy\u1ebft t\u1eadt v\u00e0 tr\u1ebb m\u1ed3 c\u00f4i \u1edf \u0111\u00e2y","publisher":{"@id":"https:\/\/maison-chance.org\/shop\/de#organization"},"potentialAction":[{"@type":"SearchAction","target":{"@type":"EntryPoint","urlTemplate":"https:\/\/maison-chance.org\/shop\/de?s={search_term_string}"},"query-input":{"@type":"PropertyValueSpecification","valueRequired":true,"valueName":"search_term_string"}}],"inLanguage":"de"},{"@type":"Organization","@id":"https:\/\/maison-chance.org\/shop\/de#organization","name":"Nh\u00e0 May M\u1eafn - Maison Chance","url":"https:\/\/maison-chance.org\/shop\/de","logo":{"@type":"ImageObject","inLanguage":"de","@id":"https:\/\/maison-chance.org\/shop\/de#\/schema\/logo\/image\/","url":"https:\/\/maison-chance.org\/shop\/wp-content\/uploads\/2024\/03\/cropped-Logo_DNXH.png","contentUrl":"https:\/\/maison-chance.org\/shop\/wp-content\/uploads\/2024\/03\/cropped-Logo_DNXH.png","width":512,"height":512,"caption":"Nh\u00e0 May M\u1eafn - Maison Chance"},"image":{"@id":"https:\/\/maison-chance.org\/shop\/de#\/schema\/logo\/image\/"},"sameAs":["https:\/\/www.facebook.com\/dnxh.nhamayman\/"]}]},"product_price_amount":"0.28","product_price_currency":"EUR","og_availability":"instock","product_availability":"instock","product_condition":"new"},"_links":{"self":[{"href":"https:\/\/maison-chance.org\/shop\/de\/wp-json\/wp\/v2\/product\/41368","targetHints":{"allow":["GET"]}}],"collection":[{"href":"https:\/\/maison-chance.org\/shop\/de\/wp-json\/wp\/v2\/product"}],"about":[{"href":"https:\/\/maison-chance.org\/shop\/de\/wp-json\/wp\/v2\/types\/product"}],"wp:featuredmedia":[{"embeddable":true,"href":"https:\/\/maison-chance.org\/shop\/de\/wp-json\/wp\/v2\/media\/41364"}],"wp:attachment":[{"href":"https:\/\/maison-chance.org\/shop\/de\/wp-json\/wp\/v2\/media?parent=41368"}],"wp:term":[{"taxonomy":"product_brand","embeddable":true,"href":"https:\/\/maison-chance.org\/shop\/de\/wp-json\/wp\/v2\/product_brand?post=41368"},{"taxonomy":"product_cat","embeddable":true,"href":"https:\/\/maison-chance.org\/shop\/de\/wp-json\/wp\/v2\/product_cat?post=41368"},{"taxonomy":"product_tag","embeddable":true,"href":"https:\/\/maison-chance.org\/shop\/de\/wp-json\/wp\/v2\/product_tag?post=41368"}],"curies":[{"name":"wp","href":"https:\/\/api.w.org\/{rel}","templated":true}]}}