{"id":41395,"date":"2024-12-10T14:44:01","date_gmt":"2024-12-10T07:44:01","guid":{"rendered":"https:\/\/maison-chance.org\/shop\/san-pham\/gruentee-tiramisu"},"modified":"2024-12-10T14:44:01","modified_gmt":"2024-12-10T07:44:01","slug":"gruentee-tiramisu","status":"publish","type":"product","link":"https:\/\/maison-chance.org\/shop\/de\/produkt\/gruentee-tiramisu","title":{"rendered":"Gr\u00fcntee-Tiramisu"},"content":{"rendered":"<p style=\"text-align: justify;\">Maison Chance, eine gemeinn\u00fctzige Organisation mit der Mission, jungen Menschen mit Behinderungen Chancen und Hoffnung zu bieten, hat ein neues Produkt vorgestellt &#8211; Gr\u00fcntee-Tiramisu (T-break). Mit einer feinen Kombination aus frischer Gr\u00fcntee-Aromatik und der weichen Konsistenz von Frischk\u00e4se verspricht dieser Kuchen ein einzigartiges kulinarisches Erlebnis f\u00fcr diejenigen, die besondere Desserts lieben.<\/p>\n<p style=\"text-align: justify;\">Die Gr\u00fcntee-Tiramisu-Basis von Maison Chance wird aus hochwertigen Zutaten hergestellt. Die \u00e4u\u00dfere Kuchenschicht hat eine charakteristische gr\u00fcne Farbe, die aus hochwertigem Gr\u00fcntee-Pulver hergestellt wird. Die innere Cremeschicht hat einen hellen Gr\u00fcnton, zubereitet mit Frischk\u00e4se und lokaler Frischmilch, die eine glatte und erfrischende Geschmacksempfindung bietet.<\/p>\n<p style=\"text-align: justify;\">Darunter befindet sich eine lockere Kuchenschicht, die ein perfektes Gleichgewicht zwischen Lockerheit und Weichheit schafft. Die jungen Menschen mit Behinderungen bei Maison Chance haben ihr erstaunliches Backtalent und ihre F\u00e4higkeiten unter Anleitung und Aufsicht von Experten unter Beweis gestellt.<\/p>\n<p style=\"text-align: justify;\">Gr\u00fcntee-Tiramisu (T-break) von Maison Chance ist nicht nur ein k\u00f6stlicher Kuchen, sondern auch eine M\u00f6glichkeit, junge Menschen mit Behinderungen zu unterst\u00fctzen und Hoffnung zu verbreiten. Genie\u00dfen Sie diesen einzigartigen Geschmack und teilen Sie ihn mit Ihren Liebsten. Jeder Kuchen wird dazu beitragen, Chancen, Freude und eine strahlende Zukunft f\u00fcr junge Menschen zu bringen, die darum k\u00e4mpfen, Widrigkeiten zu \u00fcberwinden. Unterst\u00fctzen Sie <a href=\"https:\/\/maison-chance.org\/shop\">Maison Chance<\/a> und ihre bedeutungsvollen Produkte!<\/p>\n","protected":false},"excerpt":{"rendered":"<p style=\"text-align: justify;\">Die s\u00fc\u00dfen Backwaren werden von Waisenkindern hergestellt, die derzeit von Maison Chance betreut werden. Wir bitten um Ihre Unterst\u00fctzung!<\/p>\n<p>Hotline : <span style=\"font-size: 20px;\"><strong><span style=\"color: #ff0000;\">0909 06 25 28<\/span><\/strong><\/span><\/p>\n","protected":false},"featured_media":41391,"template":"","meta":[],"product_brand":[],"product_cat":[211,220],"product_tag":[],"class_list":{"0":"post-41395","1":"product","2":"type-product","3":"status-publish","4":"has-post-thumbnail","6":"product_cat-baeckerei","7":"product_cat-suesse-backwaren","9":"first","10":"instock","11":"shipping-taxable","12":"purchasable","13":"product-type-simple"},"yoast_head":"<!-- This site is optimized with the Yoast SEO Premium plugin v22.7 (Yoast SEO v25.3.1) - https:\/\/yoast.com\/wordpress\/plugins\/seo\/ -->\n<title>Gr\u00fcntee-Tiramisu - Nh\u00e0 May M\u1eafn - Maison Chance<\/title>\n<meta name=\"description\" content=\"Das Gr\u00fcntee-Tiramisu (T-break) von Maison Chance ist nicht nur ein k\u00f6stlicher Kuchen, sondern auch eine M\u00f6glichkeit, junge Menschen mit Behinderungen zu unterst\u00fctzen und Hoffnung zu verbreiten. Genie\u00dfen Sie diesen einzigartigen Geschmack und teilen Sie ihn mit Ihren Liebsten\" \/>\n<meta name=\"robots\" content=\"index, follow, max-snippet:-1, max-image-preview:large, max-video-preview:-1\" \/>\n<link rel=\"canonical\" href=\"https:\/\/maison-chance.org\/shop\/de\/produkt\/gruentee-tiramisu\" \/>\n<meta property=\"og:locale\" content=\"de_DE\" \/>\n<meta property=\"og:type\" content=\"article\" \/>\n<meta property=\"og:title\" content=\"Gr\u00fcntee-Tiramisu\" \/>\n<meta property=\"og:description\" content=\"Das Gr\u00fcntee-Tiramisu (T-break) von Maison Chance ist nicht nur ein k\u00f6stlicher Kuchen, sondern auch eine M\u00f6glichkeit, junge Menschen mit Behinderungen zu unterst\u00fctzen und Hoffnung zu verbreiten. Genie\u00dfen Sie diesen einzigartigen Geschmack und teilen Sie ihn mit Ihren Liebsten\" \/>\n<meta property=\"og:url\" content=\"https:\/\/maison-chance.org\/shop\/de\/produkt\/gruentee-tiramisu\" \/>\n<meta property=\"og:site_name\" content=\"Nh\u00e0 May M\u1eafn - Maison Chance\" \/>\n<meta property=\"article:publisher\" content=\"https:\/\/www.facebook.com\/dnxh.nhamayman\/\" \/>\n<meta property=\"og:image\" content=\"https:\/\/maison-chance.org\/shop\/wp-content\/uploads\/2024\/12\/banh-tiramisu-tra-xanh-t-break.png\" \/>\n\t<meta property=\"og:image:width\" content=\"600\" \/>\n\t<meta property=\"og:image:height\" content=\"600\" \/>\n\t<meta property=\"og:image:type\" content=\"image\/png\" \/>\n<meta name=\"twitter:card\" content=\"summary_large_image\" \/>\n<meta name=\"twitter:label1\" content=\"Preis\" \/>\n\t<meta name=\"twitter:data1\" content=\"&euro;0.46\" \/>\n\t<meta name=\"twitter:label2\" content=\"Verf\u00fcgbarkeit\" \/>\n\t<meta name=\"twitter:data2\" content=\"Auf Lager\" \/>\n<script type=\"application\/ld+json\" class=\"yoast-schema-graph\">{\"@context\":\"https:\/\/schema.org\",\"@graph\":[{\"@type\":\"WebPage\",\"@id\":\"https:\/\/maison-chance.org\/shop\/de\/produkt\/gruentee-tiramisu\",\"url\":\"https:\/\/maison-chance.org\/shop\/de\/produkt\/gruentee-tiramisu\",\"name\":\"Gr\u00fcntee-Tiramisu - Nh\u00e0 May M\u1eafn - Maison Chance\",\"isPartOf\":{\"@id\":\"https:\/\/maison-chance.org\/shop\/de#website\"},\"primaryImageOfPage\":{\"@id\":\"https:\/\/maison-chance.org\/shop\/de\/produkt\/gruentee-tiramisu#primaryimage\"},\"image\":{\"@id\":\"https:\/\/maison-chance.org\/shop\/de\/produkt\/gruentee-tiramisu#primaryimage\"},\"thumbnailUrl\":\"https:\/\/maison-chance.org\/shop\/wp-content\/uploads\/2024\/12\/banh-tiramisu-tra-xanh-t-break.png\",\"datePublished\":\"2024-12-10T07:44:01+00:00\",\"description\":\"Das Gr\u00fcntee-Tiramisu (T-break) von Maison Chance ist nicht nur ein k\u00f6stlicher Kuchen, sondern auch eine M\u00f6glichkeit, junge Menschen mit Behinderungen zu unterst\u00fctzen und Hoffnung zu verbreiten. Genie\u00dfen Sie diesen einzigartigen Geschmack und teilen Sie ihn mit Ihren Liebsten\",\"breadcrumb\":{\"@id\":\"https:\/\/maison-chance.org\/shop\/de\/produkt\/gruentee-tiramisu#breadcrumb\"},\"inLanguage\":\"de\",\"potentialAction\":[{\"@type\":\"ReadAction\",\"target\":[\"https:\/\/maison-chance.org\/shop\/de\/produkt\/gruentee-tiramisu\"]}]},{\"@type\":\"ImageObject\",\"inLanguage\":\"de\",\"@id\":\"https:\/\/maison-chance.org\/shop\/de\/produkt\/gruentee-tiramisu#primaryimage\",\"url\":\"https:\/\/maison-chance.org\/shop\/wp-content\/uploads\/2024\/12\/banh-tiramisu-tra-xanh-t-break.png\",\"contentUrl\":\"https:\/\/maison-chance.org\/shop\/wp-content\/uploads\/2024\/12\/banh-tiramisu-tra-xanh-t-break.png\",\"width\":600,\"height\":600,\"caption\":\"Gr\u00fcntee-Tiramisu\"},{\"@type\":\"BreadcrumbList\",\"@id\":\"https:\/\/maison-chance.org\/shop\/de\/produkt\/gruentee-tiramisu#breadcrumb\",\"itemListElement\":[{\"@type\":\"ListItem\",\"position\":1,\"name\":\"Trang ch\u1ee7\",\"item\":\"https:\/\/maison-chance.org\/shop\/de\"},{\"@type\":\"ListItem\",\"position\":2,\"name\":\"Shop\",\"item\":\"https:\/\/maison-chance.org\/shop\/shop\"},{\"@type\":\"ListItem\",\"position\":3,\"name\":\"Gr\u00fcntee-Tiramisu\"}]},{\"@type\":\"WebSite\",\"@id\":\"https:\/\/maison-chance.org\/shop\/de#website\",\"url\":\"https:\/\/maison-chance.org\/shop\/de\",\"name\":\"Nh\u00e0 May M\u1eafn - Maison Chance\",\"description\":\"M\u1ecdi l\u1ee3i nhu\u1eadn thu v\u1ec1 t\u1eeb vi\u1ec7c b\u00e1n h\u00e0ng s\u1ebd tr\u00edch m\u1ed9t ph\u1ea7n \u0111\u1ec3 ch\u0103m lo cho \u0111\u1eddi s\u1ed1ng c\u00e1c b\u1ea1n khuy\u1ebft t\u1eadt v\u00e0 tr\u1ebb m\u1ed3 c\u00f4i \u1edf \u0111\u00e2y\",\"publisher\":{\"@id\":\"https:\/\/maison-chance.org\/shop\/de#organization\"},\"potentialAction\":[{\"@type\":\"SearchAction\",\"target\":{\"@type\":\"EntryPoint\",\"urlTemplate\":\"https:\/\/maison-chance.org\/shop\/de?s={search_term_string}\"},\"query-input\":{\"@type\":\"PropertyValueSpecification\",\"valueRequired\":true,\"valueName\":\"search_term_string\"}}],\"inLanguage\":\"de\"},{\"@type\":\"Organization\",\"@id\":\"https:\/\/maison-chance.org\/shop\/de#organization\",\"name\":\"Nh\u00e0 May M\u1eafn - Maison Chance\",\"url\":\"https:\/\/maison-chance.org\/shop\/de\",\"logo\":{\"@type\":\"ImageObject\",\"inLanguage\":\"de\",\"@id\":\"https:\/\/maison-chance.org\/shop\/de#\/schema\/logo\/image\/\",\"url\":\"https:\/\/maison-chance.org\/shop\/wp-content\/uploads\/2024\/03\/cropped-Logo_DNXH.png\",\"contentUrl\":\"https:\/\/maison-chance.org\/shop\/wp-content\/uploads\/2024\/03\/cropped-Logo_DNXH.png\",\"width\":512,\"height\":512,\"caption\":\"Nh\u00e0 May M\u1eafn - Maison Chance\"},\"image\":{\"@id\":\"https:\/\/maison-chance.org\/shop\/de#\/schema\/logo\/image\/\"},\"sameAs\":[\"https:\/\/www.facebook.com\/dnxh.nhamayman\/\"]}]}<\/script>\n<meta property=\"product:price:amount\" content=\"0.46\" \/>\n<meta property=\"product:price:currency\" content=\"EUR\" \/>\n<meta property=\"og:availability\" content=\"instock\" \/>\n<meta property=\"product:availability\" content=\"instock\" \/>\n<meta property=\"product:condition\" content=\"new\" \/>\n<!-- \/ Yoast SEO Premium plugin. -->","yoast_head_json":{"title":"Gr\u00fcntee-Tiramisu - Nh\u00e0 May M\u1eafn - Maison Chance","description":"Das Gr\u00fcntee-Tiramisu (T-break) von Maison Chance ist nicht nur ein k\u00f6stlicher Kuchen, sondern auch eine M\u00f6glichkeit, junge Menschen mit Behinderungen zu unterst\u00fctzen und Hoffnung zu verbreiten. Genie\u00dfen Sie diesen einzigartigen Geschmack und teilen Sie ihn mit Ihren Liebsten","robots":{"index":"index","follow":"follow","max-snippet":"max-snippet:-1","max-image-preview":"max-image-preview:large","max-video-preview":"max-video-preview:-1"},"canonical":"https:\/\/maison-chance.org\/shop\/de\/produkt\/gruentee-tiramisu","og_locale":"de_DE","og_type":"article","og_title":"Gr\u00fcntee-Tiramisu","og_description":"Das Gr\u00fcntee-Tiramisu (T-break) von Maison Chance ist nicht nur ein k\u00f6stlicher Kuchen, sondern auch eine M\u00f6glichkeit, junge Menschen mit Behinderungen zu unterst\u00fctzen und Hoffnung zu verbreiten. Genie\u00dfen Sie diesen einzigartigen Geschmack und teilen Sie ihn mit Ihren Liebsten","og_url":"https:\/\/maison-chance.org\/shop\/de\/produkt\/gruentee-tiramisu","og_site_name":"Nh\u00e0 May M\u1eafn - Maison Chance","article_publisher":"https:\/\/www.facebook.com\/dnxh.nhamayman\/","og_image":[{"width":600,"height":600,"url":"https:\/\/maison-chance.org\/shop\/wp-content\/uploads\/2024\/12\/banh-tiramisu-tra-xanh-t-break.png","type":"image\/png"}],"twitter_card":"summary_large_image","twitter_misc":{"Preis":"&euro;0.46","Verf\u00fcgbarkeit":"Auf Lager"},"schema":{"@context":"https:\/\/schema.org","@graph":[{"@type":"WebPage","@id":"https:\/\/maison-chance.org\/shop\/de\/produkt\/gruentee-tiramisu","url":"https:\/\/maison-chance.org\/shop\/de\/produkt\/gruentee-tiramisu","name":"Gr\u00fcntee-Tiramisu - Nh\u00e0 May M\u1eafn - Maison Chance","isPartOf":{"@id":"https:\/\/maison-chance.org\/shop\/de#website"},"primaryImageOfPage":{"@id":"https:\/\/maison-chance.org\/shop\/de\/produkt\/gruentee-tiramisu#primaryimage"},"image":{"@id":"https:\/\/maison-chance.org\/shop\/de\/produkt\/gruentee-tiramisu#primaryimage"},"thumbnailUrl":"https:\/\/maison-chance.org\/shop\/wp-content\/uploads\/2024\/12\/banh-tiramisu-tra-xanh-t-break.png","datePublished":"2024-12-10T07:44:01+00:00","description":"Das Gr\u00fcntee-Tiramisu (T-break) von Maison Chance ist nicht nur ein k\u00f6stlicher Kuchen, sondern auch eine M\u00f6glichkeit, junge Menschen mit Behinderungen zu unterst\u00fctzen und Hoffnung zu verbreiten. Genie\u00dfen Sie diesen einzigartigen Geschmack und teilen Sie ihn mit Ihren Liebsten","breadcrumb":{"@id":"https:\/\/maison-chance.org\/shop\/de\/produkt\/gruentee-tiramisu#breadcrumb"},"inLanguage":"de","potentialAction":[{"@type":"ReadAction","target":["https:\/\/maison-chance.org\/shop\/de\/produkt\/gruentee-tiramisu"]}]},{"@type":"ImageObject","inLanguage":"de","@id":"https:\/\/maison-chance.org\/shop\/de\/produkt\/gruentee-tiramisu#primaryimage","url":"https:\/\/maison-chance.org\/shop\/wp-content\/uploads\/2024\/12\/banh-tiramisu-tra-xanh-t-break.png","contentUrl":"https:\/\/maison-chance.org\/shop\/wp-content\/uploads\/2024\/12\/banh-tiramisu-tra-xanh-t-break.png","width":600,"height":600,"caption":"Gr\u00fcntee-Tiramisu"},{"@type":"BreadcrumbList","@id":"https:\/\/maison-chance.org\/shop\/de\/produkt\/gruentee-tiramisu#breadcrumb","itemListElement":[{"@type":"ListItem","position":1,"name":"Trang ch\u1ee7","item":"https:\/\/maison-chance.org\/shop\/de"},{"@type":"ListItem","position":2,"name":"Shop","item":"https:\/\/maison-chance.org\/shop\/shop"},{"@type":"ListItem","position":3,"name":"Gr\u00fcntee-Tiramisu"}]},{"@type":"WebSite","@id":"https:\/\/maison-chance.org\/shop\/de#website","url":"https:\/\/maison-chance.org\/shop\/de","name":"Nh\u00e0 May M\u1eafn - Maison Chance","description":"M\u1ecdi l\u1ee3i nhu\u1eadn thu v\u1ec1 t\u1eeb vi\u1ec7c b\u00e1n h\u00e0ng s\u1ebd tr\u00edch m\u1ed9t ph\u1ea7n \u0111\u1ec3 ch\u0103m lo cho \u0111\u1eddi s\u1ed1ng c\u00e1c b\u1ea1n khuy\u1ebft t\u1eadt v\u00e0 tr\u1ebb m\u1ed3 c\u00f4i \u1edf \u0111\u00e2y","publisher":{"@id":"https:\/\/maison-chance.org\/shop\/de#organization"},"potentialAction":[{"@type":"SearchAction","target":{"@type":"EntryPoint","urlTemplate":"https:\/\/maison-chance.org\/shop\/de?s={search_term_string}"},"query-input":{"@type":"PropertyValueSpecification","valueRequired":true,"valueName":"search_term_string"}}],"inLanguage":"de"},{"@type":"Organization","@id":"https:\/\/maison-chance.org\/shop\/de#organization","name":"Nh\u00e0 May M\u1eafn - Maison Chance","url":"https:\/\/maison-chance.org\/shop\/de","logo":{"@type":"ImageObject","inLanguage":"de","@id":"https:\/\/maison-chance.org\/shop\/de#\/schema\/logo\/image\/","url":"https:\/\/maison-chance.org\/shop\/wp-content\/uploads\/2024\/03\/cropped-Logo_DNXH.png","contentUrl":"https:\/\/maison-chance.org\/shop\/wp-content\/uploads\/2024\/03\/cropped-Logo_DNXH.png","width":512,"height":512,"caption":"Nh\u00e0 May M\u1eafn - Maison Chance"},"image":{"@id":"https:\/\/maison-chance.org\/shop\/de#\/schema\/logo\/image\/"},"sameAs":["https:\/\/www.facebook.com\/dnxh.nhamayman\/"]}]},"product_price_amount":"0.46","product_price_currency":"EUR","og_availability":"instock","product_availability":"instock","product_condition":"new"},"_links":{"self":[{"href":"https:\/\/maison-chance.org\/shop\/de\/wp-json\/wp\/v2\/product\/41395","targetHints":{"allow":["GET"]}}],"collection":[{"href":"https:\/\/maison-chance.org\/shop\/de\/wp-json\/wp\/v2\/product"}],"about":[{"href":"https:\/\/maison-chance.org\/shop\/de\/wp-json\/wp\/v2\/types\/product"}],"wp:featuredmedia":[{"embeddable":true,"href":"https:\/\/maison-chance.org\/shop\/de\/wp-json\/wp\/v2\/media\/41391"}],"wp:attachment":[{"href":"https:\/\/maison-chance.org\/shop\/de\/wp-json\/wp\/v2\/media?parent=41395"}],"wp:term":[{"taxonomy":"product_brand","embeddable":true,"href":"https:\/\/maison-chance.org\/shop\/de\/wp-json\/wp\/v2\/product_brand?post=41395"},{"taxonomy":"product_cat","embeddable":true,"href":"https:\/\/maison-chance.org\/shop\/de\/wp-json\/wp\/v2\/product_cat?post=41395"},{"taxonomy":"product_tag","embeddable":true,"href":"https:\/\/maison-chance.org\/shop\/de\/wp-json\/wp\/v2\/product_tag?post=41395"}],"curies":[{"name":"wp","href":"https:\/\/api.w.org\/{rel}","templated":true}]}}