{"id":41405,"date":"2024-12-11T11:03:27","date_gmt":"2024-12-11T04:03:27","guid":{"rendered":"https:\/\/maison-chance.org\/shop\/san-pham\/schokoladen-tiramisu"},"modified":"2024-12-11T11:03:27","modified_gmt":"2024-12-11T04:03:27","slug":"schokoladen-tiramisu","status":"publish","type":"product","link":"https:\/\/maison-chance.org\/shop\/de\/produkt\/schokoladen-tiramisu","title":{"rendered":"Schokoladen-Tiramisu"},"content":{"rendered":"<p style=\"text-align: justify;\">Tiramisu &#8211; eine der ber\u00fchmtesten Desserts der italienischen K\u00fcche, wurde von den Konditormeistern von Maison Chance einzigartig in ein T-break Schokoladen-Tiramisu verwandelt. Dieses Produkt ist nicht nur eine gew\u00f6hnliche s\u00fc\u00dfe Backware, sondern auch eine Kristallisation der Backkunst und der kulinarischen Leidenschaft.<\/p>\n<p style=\"text-align: justify;\">Schokoladen-Tiramisu (T-break) wird akribisch mit mehreren charakteristischen Geschmacksschichten zubereitet. Die oberste Schicht ist hochwertiges reines Kakaopulver, das einen unverwechselbar bitteren Schokoladengeschmack erzeugt. Darunter befindet sich eine Schicht elfenbeinfarbener Mascarpone-Creme, weich wie Samt, sorgf\u00e4ltig aufgeschlagen, um eine angemessene Cremigkeit ohne Fettigkeit zu erreichen.<\/p>\n<p style=\"text-align: justify;\">Der besondere H\u00f6hepunkt des Kuchens liegt in den Schichten von Biskuit, die mit reichhaltigem Espresso-Kaffee getr\u00e4nkt sind. Die Kuchenschichten werden abwechselnd mit Mascarpone-Creme ausgewogen geschichtet und schaffen so ein harmonisches Ganzes in Aussehen und Geschmack. Jede Scheibe bietet ein mehrschichtiges Geschmackserlebnis: von der leichten Bitterkeit des Kakaos \u00fcber die cremige Weichheit bis hin zum charakteristischen Kaffeearoma.<\/p>\n<p style=\"text-align: justify;\">Jedes Schokoladen-Tiramisu T-break wird aus sorgf\u00e4ltig ausgew\u00e4hlten Zutaten hergestellt. Die Mascarpone-Creme wird direkt aus Italien importiert, der Espresso-Kaffee wird aus frisch ger\u00f6steten Kaffeebohnen zubereitet und das reine Kakaopulver wird aus ber\u00fchmten Kakaoanbaugebieten ausgew\u00e4hlt.<\/p>\n<p style=\"text-align: justify;\">Der Produktionsprozess wird gem\u00e4\u00df strenger Lebensmittelsicherheits- und Hygienstandards eng \u00fcberwacht. Jede Phase vom Teig mischen, Backen, Cremeschlagen bis hin zur Dekoration wird akribisch und sorgf\u00e4ltig durchgef\u00fchrt, um die beste Qualit\u00e4t f\u00fcr die Verbraucher zu gew\u00e4hrleisten.<\/p>\n<p style=\"text-align: justify;\">Lassen Sie das Schokoladen-Tiramisu T-break von <a href=\"https:\/\/maison-chance.org\/shop\">Maison Chance<\/a> Ihre Familientreffen, luxuri\u00f6sen Nachmittagstees oder einfach das perfekte Dessert f\u00fcr Ihre Mahlzeit vers\u00fc\u00dfen. Mit angemessener Preisgestaltung und garantierter Qualit\u00e4t bringt unser Produkt nicht nur kulinarische Freude, sondern tr\u00e4gt auch zur Schaffung positiver Gemeinschaftswerte bei.<\/p>\n","protected":false},"excerpt":{"rendered":"<p style=\"text-align: justify;\">Die s\u00fc\u00dfen Backwaren werden von jungen Waisen hergestellt, die derzeit von Maison Chance betreut werden. Wir bitten Sie herzlich um Ihre Unterst\u00fctzung!<\/p>\n<p>Hotline: <span style=\"font-size: 20px;\"><strong><span style=\"color: #ff0000;\">0909 06 25 28<\/span><\/strong><\/span><\/p>\n","protected":false},"featured_media":41401,"template":"","meta":[],"product_brand":[],"product_cat":[211,220],"product_tag":[],"class_list":{"0":"post-41405","1":"product","2":"type-product","3":"status-publish","4":"has-post-thumbnail","6":"product_cat-baeckerei","7":"product_cat-suesse-backwaren","9":"first","10":"instock","11":"shipping-taxable","12":"purchasable","13":"product-type-simple"},"yoast_head":"<!-- This site is optimized with the Yoast SEO Premium plugin v22.7 (Yoast SEO v25.3.1) - https:\/\/yoast.com\/wordpress\/plugins\/seo\/ -->\n<title>Schokoladen-Tiramisu - Nh\u00e0 May M\u1eafn - Maison Chance<\/title>\n<meta name=\"description\" content=\"Lassen Sie das Schokoladen-Tiramisu T-break von Maison Chance Ihre Familientreffen, luxuri\u00f6sen Nachmittagstees oder einfach das perfekte Dessert f\u00fcr Ihre Mahlzeit vers\u00fc\u00dfen\" \/>\n<meta name=\"robots\" content=\"index, follow, max-snippet:-1, max-image-preview:large, max-video-preview:-1\" \/>\n<link rel=\"canonical\" href=\"https:\/\/maison-chance.org\/shop\/de\/produkt\/schokoladen-tiramisu\" \/>\n<meta property=\"og:locale\" content=\"de_DE\" \/>\n<meta property=\"og:type\" content=\"article\" \/>\n<meta property=\"og:title\" content=\"Schokoladen-Tiramisu\" \/>\n<meta property=\"og:description\" content=\"Lassen Sie das Schokoladen-Tiramisu T-break von Maison Chance Ihre Familientreffen, luxuri\u00f6sen Nachmittagstees oder einfach das perfekte Dessert f\u00fcr Ihre Mahlzeit vers\u00fc\u00dfen\" \/>\n<meta property=\"og:url\" content=\"https:\/\/maison-chance.org\/shop\/de\/produkt\/schokoladen-tiramisu\" \/>\n<meta property=\"og:site_name\" content=\"Nh\u00e0 May M\u1eafn - Maison Chance\" \/>\n<meta property=\"article:publisher\" content=\"https:\/\/www.facebook.com\/dnxh.nhamayman\/\" \/>\n<meta property=\"og:image\" content=\"https:\/\/maison-chance.org\/shop\/wp-content\/uploads\/2024\/12\/banh-tiramisu-so-co-la-t-break.png\" \/>\n\t<meta property=\"og:image:width\" content=\"600\" \/>\n\t<meta property=\"og:image:height\" content=\"600\" \/>\n\t<meta property=\"og:image:type\" content=\"image\/png\" \/>\n<meta name=\"twitter:card\" content=\"summary_large_image\" \/>\n<meta name=\"twitter:label1\" content=\"Preis\" \/>\n\t<meta name=\"twitter:data1\" content=\"&euro;0.46\" \/>\n\t<meta name=\"twitter:label2\" content=\"Verf\u00fcgbarkeit\" \/>\n\t<meta name=\"twitter:data2\" content=\"Auf Lager\" \/>\n<script type=\"application\/ld+json\" class=\"yoast-schema-graph\">{\"@context\":\"https:\/\/schema.org\",\"@graph\":[{\"@type\":\"WebPage\",\"@id\":\"https:\/\/maison-chance.org\/shop\/de\/produkt\/schokoladen-tiramisu\",\"url\":\"https:\/\/maison-chance.org\/shop\/de\/produkt\/schokoladen-tiramisu\",\"name\":\"Schokoladen-Tiramisu - Nh\u00e0 May M\u1eafn - Maison Chance\",\"isPartOf\":{\"@id\":\"https:\/\/maison-chance.org\/shop\/de#website\"},\"primaryImageOfPage\":{\"@id\":\"https:\/\/maison-chance.org\/shop\/de\/produkt\/schokoladen-tiramisu#primaryimage\"},\"image\":{\"@id\":\"https:\/\/maison-chance.org\/shop\/de\/produkt\/schokoladen-tiramisu#primaryimage\"},\"thumbnailUrl\":\"https:\/\/maison-chance.org\/shop\/wp-content\/uploads\/2024\/12\/banh-tiramisu-so-co-la-t-break.png\",\"datePublished\":\"2024-12-11T04:03:27+00:00\",\"description\":\"Lassen Sie das Schokoladen-Tiramisu T-break von Maison Chance Ihre Familientreffen, luxuri\u00f6sen Nachmittagstees oder einfach das perfekte Dessert f\u00fcr Ihre Mahlzeit vers\u00fc\u00dfen\",\"breadcrumb\":{\"@id\":\"https:\/\/maison-chance.org\/shop\/de\/produkt\/schokoladen-tiramisu#breadcrumb\"},\"inLanguage\":\"de\",\"potentialAction\":[{\"@type\":\"ReadAction\",\"target\":[\"https:\/\/maison-chance.org\/shop\/de\/produkt\/schokoladen-tiramisu\"]}]},{\"@type\":\"ImageObject\",\"inLanguage\":\"de\",\"@id\":\"https:\/\/maison-chance.org\/shop\/de\/produkt\/schokoladen-tiramisu#primaryimage\",\"url\":\"https:\/\/maison-chance.org\/shop\/wp-content\/uploads\/2024\/12\/banh-tiramisu-so-co-la-t-break.png\",\"contentUrl\":\"https:\/\/maison-chance.org\/shop\/wp-content\/uploads\/2024\/12\/banh-tiramisu-so-co-la-t-break.png\",\"width\":600,\"height\":600,\"caption\":\"Schokoladen-Tiramisu\"},{\"@type\":\"BreadcrumbList\",\"@id\":\"https:\/\/maison-chance.org\/shop\/de\/produkt\/schokoladen-tiramisu#breadcrumb\",\"itemListElement\":[{\"@type\":\"ListItem\",\"position\":1,\"name\":\"Trang ch\u1ee7\",\"item\":\"https:\/\/maison-chance.org\/shop\/de\"},{\"@type\":\"ListItem\",\"position\":2,\"name\":\"Shop\",\"item\":\"https:\/\/maison-chance.org\/shop\/shop\"},{\"@type\":\"ListItem\",\"position\":3,\"name\":\"Schokoladen-Tiramisu\"}]},{\"@type\":\"WebSite\",\"@id\":\"https:\/\/maison-chance.org\/shop\/de#website\",\"url\":\"https:\/\/maison-chance.org\/shop\/de\",\"name\":\"Nh\u00e0 May M\u1eafn - Maison Chance\",\"description\":\"M\u1ecdi l\u1ee3i nhu\u1eadn thu v\u1ec1 t\u1eeb vi\u1ec7c b\u00e1n h\u00e0ng s\u1ebd tr\u00edch m\u1ed9t ph\u1ea7n \u0111\u1ec3 ch\u0103m lo cho \u0111\u1eddi s\u1ed1ng c\u00e1c b\u1ea1n khuy\u1ebft t\u1eadt v\u00e0 tr\u1ebb m\u1ed3 c\u00f4i \u1edf \u0111\u00e2y\",\"publisher\":{\"@id\":\"https:\/\/maison-chance.org\/shop\/de#organization\"},\"potentialAction\":[{\"@type\":\"SearchAction\",\"target\":{\"@type\":\"EntryPoint\",\"urlTemplate\":\"https:\/\/maison-chance.org\/shop\/de?s={search_term_string}\"},\"query-input\":{\"@type\":\"PropertyValueSpecification\",\"valueRequired\":true,\"valueName\":\"search_term_string\"}}],\"inLanguage\":\"de\"},{\"@type\":\"Organization\",\"@id\":\"https:\/\/maison-chance.org\/shop\/de#organization\",\"name\":\"Nh\u00e0 May M\u1eafn - Maison Chance\",\"url\":\"https:\/\/maison-chance.org\/shop\/de\",\"logo\":{\"@type\":\"ImageObject\",\"inLanguage\":\"de\",\"@id\":\"https:\/\/maison-chance.org\/shop\/de#\/schema\/logo\/image\/\",\"url\":\"https:\/\/maison-chance.org\/shop\/wp-content\/uploads\/2024\/03\/cropped-Logo_DNXH.png\",\"contentUrl\":\"https:\/\/maison-chance.org\/shop\/wp-content\/uploads\/2024\/03\/cropped-Logo_DNXH.png\",\"width\":512,\"height\":512,\"caption\":\"Nh\u00e0 May M\u1eafn - Maison Chance\"},\"image\":{\"@id\":\"https:\/\/maison-chance.org\/shop\/de#\/schema\/logo\/image\/\"},\"sameAs\":[\"https:\/\/www.facebook.com\/dnxh.nhamayman\/\"]}]}<\/script>\n<meta property=\"product:price:amount\" content=\"0.46\" \/>\n<meta property=\"product:price:currency\" content=\"EUR\" \/>\n<meta property=\"og:availability\" content=\"instock\" \/>\n<meta property=\"product:availability\" content=\"instock\" \/>\n<meta property=\"product:condition\" content=\"new\" \/>\n<!-- \/ Yoast SEO Premium plugin. -->","yoast_head_json":{"title":"Schokoladen-Tiramisu - Nh\u00e0 May M\u1eafn - Maison Chance","description":"Lassen Sie das Schokoladen-Tiramisu T-break von Maison Chance Ihre Familientreffen, luxuri\u00f6sen Nachmittagstees oder einfach das perfekte Dessert f\u00fcr Ihre Mahlzeit vers\u00fc\u00dfen","robots":{"index":"index","follow":"follow","max-snippet":"max-snippet:-1","max-image-preview":"max-image-preview:large","max-video-preview":"max-video-preview:-1"},"canonical":"https:\/\/maison-chance.org\/shop\/de\/produkt\/schokoladen-tiramisu","og_locale":"de_DE","og_type":"article","og_title":"Schokoladen-Tiramisu","og_description":"Lassen Sie das Schokoladen-Tiramisu T-break von Maison Chance Ihre Familientreffen, luxuri\u00f6sen Nachmittagstees oder einfach das perfekte Dessert f\u00fcr Ihre Mahlzeit vers\u00fc\u00dfen","og_url":"https:\/\/maison-chance.org\/shop\/de\/produkt\/schokoladen-tiramisu","og_site_name":"Nh\u00e0 May M\u1eafn - Maison Chance","article_publisher":"https:\/\/www.facebook.com\/dnxh.nhamayman\/","og_image":[{"width":600,"height":600,"url":"https:\/\/maison-chance.org\/shop\/wp-content\/uploads\/2024\/12\/banh-tiramisu-so-co-la-t-break.png","type":"image\/png"}],"twitter_card":"summary_large_image","twitter_misc":{"Preis":"&euro;0.46","Verf\u00fcgbarkeit":"Auf Lager"},"schema":{"@context":"https:\/\/schema.org","@graph":[{"@type":"WebPage","@id":"https:\/\/maison-chance.org\/shop\/de\/produkt\/schokoladen-tiramisu","url":"https:\/\/maison-chance.org\/shop\/de\/produkt\/schokoladen-tiramisu","name":"Schokoladen-Tiramisu - Nh\u00e0 May M\u1eafn - Maison Chance","isPartOf":{"@id":"https:\/\/maison-chance.org\/shop\/de#website"},"primaryImageOfPage":{"@id":"https:\/\/maison-chance.org\/shop\/de\/produkt\/schokoladen-tiramisu#primaryimage"},"image":{"@id":"https:\/\/maison-chance.org\/shop\/de\/produkt\/schokoladen-tiramisu#primaryimage"},"thumbnailUrl":"https:\/\/maison-chance.org\/shop\/wp-content\/uploads\/2024\/12\/banh-tiramisu-so-co-la-t-break.png","datePublished":"2024-12-11T04:03:27+00:00","description":"Lassen Sie das Schokoladen-Tiramisu T-break von Maison Chance Ihre Familientreffen, luxuri\u00f6sen Nachmittagstees oder einfach das perfekte Dessert f\u00fcr Ihre Mahlzeit vers\u00fc\u00dfen","breadcrumb":{"@id":"https:\/\/maison-chance.org\/shop\/de\/produkt\/schokoladen-tiramisu#breadcrumb"},"inLanguage":"de","potentialAction":[{"@type":"ReadAction","target":["https:\/\/maison-chance.org\/shop\/de\/produkt\/schokoladen-tiramisu"]}]},{"@type":"ImageObject","inLanguage":"de","@id":"https:\/\/maison-chance.org\/shop\/de\/produkt\/schokoladen-tiramisu#primaryimage","url":"https:\/\/maison-chance.org\/shop\/wp-content\/uploads\/2024\/12\/banh-tiramisu-so-co-la-t-break.png","contentUrl":"https:\/\/maison-chance.org\/shop\/wp-content\/uploads\/2024\/12\/banh-tiramisu-so-co-la-t-break.png","width":600,"height":600,"caption":"Schokoladen-Tiramisu"},{"@type":"BreadcrumbList","@id":"https:\/\/maison-chance.org\/shop\/de\/produkt\/schokoladen-tiramisu#breadcrumb","itemListElement":[{"@type":"ListItem","position":1,"name":"Trang ch\u1ee7","item":"https:\/\/maison-chance.org\/shop\/de"},{"@type":"ListItem","position":2,"name":"Shop","item":"https:\/\/maison-chance.org\/shop\/shop"},{"@type":"ListItem","position":3,"name":"Schokoladen-Tiramisu"}]},{"@type":"WebSite","@id":"https:\/\/maison-chance.org\/shop\/de#website","url":"https:\/\/maison-chance.org\/shop\/de","name":"Nh\u00e0 May M\u1eafn - Maison Chance","description":"M\u1ecdi l\u1ee3i nhu\u1eadn thu v\u1ec1 t\u1eeb vi\u1ec7c b\u00e1n h\u00e0ng s\u1ebd tr\u00edch m\u1ed9t ph\u1ea7n \u0111\u1ec3 ch\u0103m lo cho \u0111\u1eddi s\u1ed1ng c\u00e1c b\u1ea1n khuy\u1ebft t\u1eadt v\u00e0 tr\u1ebb m\u1ed3 c\u00f4i \u1edf \u0111\u00e2y","publisher":{"@id":"https:\/\/maison-chance.org\/shop\/de#organization"},"potentialAction":[{"@type":"SearchAction","target":{"@type":"EntryPoint","urlTemplate":"https:\/\/maison-chance.org\/shop\/de?s={search_term_string}"},"query-input":{"@type":"PropertyValueSpecification","valueRequired":true,"valueName":"search_term_string"}}],"inLanguage":"de"},{"@type":"Organization","@id":"https:\/\/maison-chance.org\/shop\/de#organization","name":"Nh\u00e0 May M\u1eafn - Maison Chance","url":"https:\/\/maison-chance.org\/shop\/de","logo":{"@type":"ImageObject","inLanguage":"de","@id":"https:\/\/maison-chance.org\/shop\/de#\/schema\/logo\/image\/","url":"https:\/\/maison-chance.org\/shop\/wp-content\/uploads\/2024\/03\/cropped-Logo_DNXH.png","contentUrl":"https:\/\/maison-chance.org\/shop\/wp-content\/uploads\/2024\/03\/cropped-Logo_DNXH.png","width":512,"height":512,"caption":"Nh\u00e0 May M\u1eafn - Maison Chance"},"image":{"@id":"https:\/\/maison-chance.org\/shop\/de#\/schema\/logo\/image\/"},"sameAs":["https:\/\/www.facebook.com\/dnxh.nhamayman\/"]}]},"product_price_amount":"0.46","product_price_currency":"EUR","og_availability":"instock","product_availability":"instock","product_condition":"new"},"_links":{"self":[{"href":"https:\/\/maison-chance.org\/shop\/de\/wp-json\/wp\/v2\/product\/41405","targetHints":{"allow":["GET"]}}],"collection":[{"href":"https:\/\/maison-chance.org\/shop\/de\/wp-json\/wp\/v2\/product"}],"about":[{"href":"https:\/\/maison-chance.org\/shop\/de\/wp-json\/wp\/v2\/types\/product"}],"wp:featuredmedia":[{"embeddable":true,"href":"https:\/\/maison-chance.org\/shop\/de\/wp-json\/wp\/v2\/media\/41401"}],"wp:attachment":[{"href":"https:\/\/maison-chance.org\/shop\/de\/wp-json\/wp\/v2\/media?parent=41405"}],"wp:term":[{"taxonomy":"product_brand","embeddable":true,"href":"https:\/\/maison-chance.org\/shop\/de\/wp-json\/wp\/v2\/product_brand?post=41405"},{"taxonomy":"product_cat","embeddable":true,"href":"https:\/\/maison-chance.org\/shop\/de\/wp-json\/wp\/v2\/product_cat?post=41405"},{"taxonomy":"product_tag","embeddable":true,"href":"https:\/\/maison-chance.org\/shop\/de\/wp-json\/wp\/v2\/product_tag?post=41405"}],"curies":[{"name":"wp","href":"https:\/\/api.w.org\/{rel}","templated":true}]}}