{"id":41414,"date":"2024-12-11T14:00:08","date_gmt":"2024-12-11T07:00:08","guid":{"rendered":"https:\/\/maison-chance.org\/shop\/san-pham\/passionsfrucht-kuchen"},"modified":"2024-12-11T14:00:08","modified_gmt":"2024-12-11T07:00:08","slug":"passionsfrucht-kuchen","status":"publish","type":"product","link":"https:\/\/maison-chance.org\/shop\/de\/produkt\/passionsfrucht-kuchen","title":{"rendered":"Passionsfrucht-Kuchen"},"content":{"rendered":"<p style=\"text-align: justify;\">Passionsfrucht-Kuchen (T-break) wird aus den frischesten Zutaten zubereitet, mit einem weichen, goldenen Biskuit als Grundlage. Der besondere H\u00f6hepunkt liegt in der einzigartigen Passionsfrucht-Cremeschicht mit ihrer nat\u00fcrlich verf\u00fchrerischen gelben Farbe, die eine harmonische s\u00fc\u00df-saure Note bringt, die nicht zu sauer ist und gleichzeitig den charakteristischen erfrischenden Geschmack der Passionsfrucht beibeh\u00e4lt.<\/p>\n<p style=\"text-align: justify;\">Die Kuchenstruktur ist mit zwei weichen, glatten Kuchenschichten gestaltet, zwischen denen eine reichhaltige Passionsfrucht-Creme liegt. Die Cremeschicht oben hat eine wundersch\u00f6n gl\u00e4nzende Erscheinung, fein dekoriert mit frischen Blaubeeren und eleganten wei\u00dfen Cremehighlights, die ein harmonisches Gesamt-Farb- und Geschmacksprofil schaffen.<\/p>\n<p style=\"text-align: justify;\">Jeder Kuchen wird in einem strengen Produktionsprozess hergestellt und entspricht den Lebensmittelsicherheits- und Hygienstandards. Maison Chance ist stolz darauf, moderne Technologie bei der Zubereitung zu verwenden und sicherzustellen, dass jeder s\u00fc\u00dfe Kuchen h\u00f6chste Qualit\u00e4ts- und Geschmacksstandards erf\u00fcllt.<\/p>\n<p style=\"text-align: justify;\">Nat\u00fcrliche Aromen von frischer Passionsfrucht<\/p>\n<p style=\"text-align: justify;\">Moderat s\u00fc\u00df, passend zum vietnamesischen Geschmack<\/p>\n<p style=\"text-align: justify;\">Weiche und glatte Textur, leicht zu genie\u00dfen<\/p>\n<p style=\"text-align: justify;\">Feine und aufmerksamkeitserregende Dekoration<\/p>\n<p style=\"text-align: justify;\">Sorgf\u00e4ltig verpackt, urspr\u00fcnglichen Geschmack bewahrend<\/p>\n<p style=\"text-align: justify;\">Maison Chance Passionsfrucht-Kuchen ist nicht nur ein k\u00f6stliches Dessert, sondern auch die perfekte Wahl f\u00fcr besondere Anl\u00e4sse. Jeder Kuchen wird mit vollst\u00e4ndiger Leidenschaft und professioneller Technik kreiert und bringt den Kunden die wundervollsten kulinarischen Erlebnisse.<\/p>\n<p style=\"text-align: justify;\">Kommen Sie zu <a href=\"https:\/\/maison-chance.org\/shop\">Maison Chance<\/a>, um diese exquisiten Passionsfrucht-Kuchen zu genie\u00dfen. Jede Bestellung ist nicht nur eine Auswahl eines k\u00f6stlichen Kuchens, sondern auch eine wertvolle Unterst\u00fctzung f\u00fcr Maison Chance und tr\u00e4gt zur Schaffung positiver Gemeinschaftswerte bei.<\/p>\n","protected":false},"excerpt":{"rendered":"<p style=\"text-align: justify;\">Die s\u00fc\u00dfen Backwaren werden von jungen Waisen hergestellt, die derzeit von Maison Chance betreut werden. Wir bitten Sie herzlich um Ihre Unterst\u00fctzung!<\/p>\n<p>Hotline: <span style=\"font-size: 20px;\"><strong><span style=\"color: #ff0000;\">0909 06 25 28<\/span><\/strong><\/span><\/p>\n","protected":false},"featured_media":41410,"template":"","meta":[],"product_brand":[],"product_cat":[211,220],"product_tag":[],"class_list":{"0":"post-41414","1":"product","2":"type-product","3":"status-publish","4":"has-post-thumbnail","6":"product_cat-baeckerei","7":"product_cat-suesse-backwaren","9":"first","10":"instock","11":"shipping-taxable","12":"purchasable","13":"product-type-simple"},"yoast_head":"<!-- This site is optimized with the Yoast SEO Premium plugin v22.7 (Yoast SEO v25.3.1) - https:\/\/yoast.com\/wordpress\/plugins\/seo\/ -->\n<title>Passionsfrucht-Kuchen - Nh\u00e0 May M\u1eafn - Maison Chance<\/title>\n<meta name=\"description\" content=\"Maison Chance Passionsfrucht-Kuchen ist nicht nur ein k\u00f6stliches Dessert, sondern auch die perfekte Wahl f\u00fcr besondere Anl\u00e4sse. Jeder Kuchen wird mit vollst\u00e4ndiger Leidenschaft und professioneller Technik kreiert und bringt den Kunden die wundervollsten kulinarischen Erlebnisse.\" \/>\n<meta name=\"robots\" content=\"index, follow, max-snippet:-1, max-image-preview:large, max-video-preview:-1\" \/>\n<link rel=\"canonical\" href=\"https:\/\/maison-chance.org\/shop\/de\/produkt\/passionsfrucht-kuchen\" \/>\n<meta property=\"og:locale\" content=\"de_DE\" \/>\n<meta property=\"og:type\" content=\"article\" \/>\n<meta property=\"og:title\" content=\"Passionsfrucht-Kuchen\" \/>\n<meta property=\"og:description\" content=\"Maison Chance Passionsfrucht-Kuchen ist nicht nur ein k\u00f6stliches Dessert, sondern auch die perfekte Wahl f\u00fcr besondere Anl\u00e4sse. Jeder Kuchen wird mit vollst\u00e4ndiger Leidenschaft und professioneller Technik kreiert und bringt den Kunden die wundervollsten kulinarischen Erlebnisse.\" \/>\n<meta property=\"og:url\" content=\"https:\/\/maison-chance.org\/shop\/de\/produkt\/passionsfrucht-kuchen\" \/>\n<meta property=\"og:site_name\" content=\"Nh\u00e0 May M\u1eafn - Maison Chance\" \/>\n<meta property=\"article:publisher\" content=\"https:\/\/www.facebook.com\/dnxh.nhamayman\/\" \/>\n<meta property=\"og:image\" content=\"https:\/\/maison-chance.org\/shop\/wp-content\/uploads\/2024\/12\/banh-chanh-day-t-break.png\" \/>\n\t<meta property=\"og:image:width\" content=\"600\" \/>\n\t<meta property=\"og:image:height\" content=\"600\" \/>\n\t<meta property=\"og:image:type\" content=\"image\/png\" \/>\n<meta name=\"twitter:card\" content=\"summary_large_image\" \/>\n<meta name=\"twitter:label1\" content=\"Preis\" \/>\n\t<meta name=\"twitter:data1\" content=\"&euro;0.46\" \/>\n\t<meta name=\"twitter:label2\" content=\"Verf\u00fcgbarkeit\" \/>\n\t<meta name=\"twitter:data2\" content=\"Auf Lager\" \/>\n<script type=\"application\/ld+json\" class=\"yoast-schema-graph\">{\"@context\":\"https:\/\/schema.org\",\"@graph\":[{\"@type\":\"WebPage\",\"@id\":\"https:\/\/maison-chance.org\/shop\/de\/produkt\/passionsfrucht-kuchen\",\"url\":\"https:\/\/maison-chance.org\/shop\/de\/produkt\/passionsfrucht-kuchen\",\"name\":\"Passionsfrucht-Kuchen - Nh\u00e0 May M\u1eafn - Maison Chance\",\"isPartOf\":{\"@id\":\"https:\/\/maison-chance.org\/shop\/de#website\"},\"primaryImageOfPage\":{\"@id\":\"https:\/\/maison-chance.org\/shop\/de\/produkt\/passionsfrucht-kuchen#primaryimage\"},\"image\":{\"@id\":\"https:\/\/maison-chance.org\/shop\/de\/produkt\/passionsfrucht-kuchen#primaryimage\"},\"thumbnailUrl\":\"https:\/\/maison-chance.org\/shop\/wp-content\/uploads\/2024\/12\/banh-chanh-day-t-break.png\",\"datePublished\":\"2024-12-11T07:00:08+00:00\",\"description\":\"Maison Chance Passionsfrucht-Kuchen ist nicht nur ein k\u00f6stliches Dessert, sondern auch die perfekte Wahl f\u00fcr besondere Anl\u00e4sse. Jeder Kuchen wird mit vollst\u00e4ndiger Leidenschaft und professioneller Technik kreiert und bringt den Kunden die wundervollsten kulinarischen Erlebnisse.\",\"breadcrumb\":{\"@id\":\"https:\/\/maison-chance.org\/shop\/de\/produkt\/passionsfrucht-kuchen#breadcrumb\"},\"inLanguage\":\"de\",\"potentialAction\":[{\"@type\":\"ReadAction\",\"target\":[\"https:\/\/maison-chance.org\/shop\/de\/produkt\/passionsfrucht-kuchen\"]}]},{\"@type\":\"ImageObject\",\"inLanguage\":\"de\",\"@id\":\"https:\/\/maison-chance.org\/shop\/de\/produkt\/passionsfrucht-kuchen#primaryimage\",\"url\":\"https:\/\/maison-chance.org\/shop\/wp-content\/uploads\/2024\/12\/banh-chanh-day-t-break.png\",\"contentUrl\":\"https:\/\/maison-chance.org\/shop\/wp-content\/uploads\/2024\/12\/banh-chanh-day-t-break.png\",\"width\":600,\"height\":600,\"caption\":\"Passionsfrucht-Kuchen\"},{\"@type\":\"BreadcrumbList\",\"@id\":\"https:\/\/maison-chance.org\/shop\/de\/produkt\/passionsfrucht-kuchen#breadcrumb\",\"itemListElement\":[{\"@type\":\"ListItem\",\"position\":1,\"name\":\"Trang ch\u1ee7\",\"item\":\"https:\/\/maison-chance.org\/shop\/de\"},{\"@type\":\"ListItem\",\"position\":2,\"name\":\"Shop\",\"item\":\"https:\/\/maison-chance.org\/shop\/shop\"},{\"@type\":\"ListItem\",\"position\":3,\"name\":\"Passionsfrucht-Kuchen\"}]},{\"@type\":\"WebSite\",\"@id\":\"https:\/\/maison-chance.org\/shop\/de#website\",\"url\":\"https:\/\/maison-chance.org\/shop\/de\",\"name\":\"Nh\u00e0 May M\u1eafn - Maison Chance\",\"description\":\"M\u1ecdi l\u1ee3i nhu\u1eadn thu v\u1ec1 t\u1eeb vi\u1ec7c b\u00e1n h\u00e0ng s\u1ebd tr\u00edch m\u1ed9t ph\u1ea7n \u0111\u1ec3 ch\u0103m lo cho \u0111\u1eddi s\u1ed1ng c\u00e1c b\u1ea1n khuy\u1ebft t\u1eadt v\u00e0 tr\u1ebb m\u1ed3 c\u00f4i \u1edf \u0111\u00e2y\",\"publisher\":{\"@id\":\"https:\/\/maison-chance.org\/shop\/de#organization\"},\"potentialAction\":[{\"@type\":\"SearchAction\",\"target\":{\"@type\":\"EntryPoint\",\"urlTemplate\":\"https:\/\/maison-chance.org\/shop\/de?s={search_term_string}\"},\"query-input\":{\"@type\":\"PropertyValueSpecification\",\"valueRequired\":true,\"valueName\":\"search_term_string\"}}],\"inLanguage\":\"de\"},{\"@type\":\"Organization\",\"@id\":\"https:\/\/maison-chance.org\/shop\/de#organization\",\"name\":\"Nh\u00e0 May M\u1eafn - Maison Chance\",\"url\":\"https:\/\/maison-chance.org\/shop\/de\",\"logo\":{\"@type\":\"ImageObject\",\"inLanguage\":\"de\",\"@id\":\"https:\/\/maison-chance.org\/shop\/de#\/schema\/logo\/image\/\",\"url\":\"https:\/\/maison-chance.org\/shop\/wp-content\/uploads\/2024\/03\/cropped-Logo_DNXH.png\",\"contentUrl\":\"https:\/\/maison-chance.org\/shop\/wp-content\/uploads\/2024\/03\/cropped-Logo_DNXH.png\",\"width\":512,\"height\":512,\"caption\":\"Nh\u00e0 May M\u1eafn - Maison Chance\"},\"image\":{\"@id\":\"https:\/\/maison-chance.org\/shop\/de#\/schema\/logo\/image\/\"},\"sameAs\":[\"https:\/\/www.facebook.com\/dnxh.nhamayman\/\"]}]}<\/script>\n<meta property=\"product:price:amount\" content=\"0.46\" \/>\n<meta property=\"product:price:currency\" content=\"EUR\" \/>\n<meta property=\"og:availability\" content=\"instock\" \/>\n<meta property=\"product:availability\" content=\"instock\" \/>\n<meta property=\"product:condition\" content=\"new\" \/>\n<!-- \/ Yoast SEO Premium plugin. -->","yoast_head_json":{"title":"Passionsfrucht-Kuchen - Nh\u00e0 May M\u1eafn - Maison Chance","description":"Maison Chance Passionsfrucht-Kuchen ist nicht nur ein k\u00f6stliches Dessert, sondern auch die perfekte Wahl f\u00fcr besondere Anl\u00e4sse. Jeder Kuchen wird mit vollst\u00e4ndiger Leidenschaft und professioneller Technik kreiert und bringt den Kunden die wundervollsten kulinarischen Erlebnisse.","robots":{"index":"index","follow":"follow","max-snippet":"max-snippet:-1","max-image-preview":"max-image-preview:large","max-video-preview":"max-video-preview:-1"},"canonical":"https:\/\/maison-chance.org\/shop\/de\/produkt\/passionsfrucht-kuchen","og_locale":"de_DE","og_type":"article","og_title":"Passionsfrucht-Kuchen","og_description":"Maison Chance Passionsfrucht-Kuchen ist nicht nur ein k\u00f6stliches Dessert, sondern auch die perfekte Wahl f\u00fcr besondere Anl\u00e4sse. Jeder Kuchen wird mit vollst\u00e4ndiger Leidenschaft und professioneller Technik kreiert und bringt den Kunden die wundervollsten kulinarischen Erlebnisse.","og_url":"https:\/\/maison-chance.org\/shop\/de\/produkt\/passionsfrucht-kuchen","og_site_name":"Nh\u00e0 May M\u1eafn - Maison Chance","article_publisher":"https:\/\/www.facebook.com\/dnxh.nhamayman\/","og_image":[{"width":600,"height":600,"url":"https:\/\/maison-chance.org\/shop\/wp-content\/uploads\/2024\/12\/banh-chanh-day-t-break.png","type":"image\/png"}],"twitter_card":"summary_large_image","twitter_misc":{"Preis":"&euro;0.46","Verf\u00fcgbarkeit":"Auf Lager"},"schema":{"@context":"https:\/\/schema.org","@graph":[{"@type":"WebPage","@id":"https:\/\/maison-chance.org\/shop\/de\/produkt\/passionsfrucht-kuchen","url":"https:\/\/maison-chance.org\/shop\/de\/produkt\/passionsfrucht-kuchen","name":"Passionsfrucht-Kuchen - Nh\u00e0 May M\u1eafn - Maison Chance","isPartOf":{"@id":"https:\/\/maison-chance.org\/shop\/de#website"},"primaryImageOfPage":{"@id":"https:\/\/maison-chance.org\/shop\/de\/produkt\/passionsfrucht-kuchen#primaryimage"},"image":{"@id":"https:\/\/maison-chance.org\/shop\/de\/produkt\/passionsfrucht-kuchen#primaryimage"},"thumbnailUrl":"https:\/\/maison-chance.org\/shop\/wp-content\/uploads\/2024\/12\/banh-chanh-day-t-break.png","datePublished":"2024-12-11T07:00:08+00:00","description":"Maison Chance Passionsfrucht-Kuchen ist nicht nur ein k\u00f6stliches Dessert, sondern auch die perfekte Wahl f\u00fcr besondere Anl\u00e4sse. Jeder Kuchen wird mit vollst\u00e4ndiger Leidenschaft und professioneller Technik kreiert und bringt den Kunden die wundervollsten kulinarischen Erlebnisse.","breadcrumb":{"@id":"https:\/\/maison-chance.org\/shop\/de\/produkt\/passionsfrucht-kuchen#breadcrumb"},"inLanguage":"de","potentialAction":[{"@type":"ReadAction","target":["https:\/\/maison-chance.org\/shop\/de\/produkt\/passionsfrucht-kuchen"]}]},{"@type":"ImageObject","inLanguage":"de","@id":"https:\/\/maison-chance.org\/shop\/de\/produkt\/passionsfrucht-kuchen#primaryimage","url":"https:\/\/maison-chance.org\/shop\/wp-content\/uploads\/2024\/12\/banh-chanh-day-t-break.png","contentUrl":"https:\/\/maison-chance.org\/shop\/wp-content\/uploads\/2024\/12\/banh-chanh-day-t-break.png","width":600,"height":600,"caption":"Passionsfrucht-Kuchen"},{"@type":"BreadcrumbList","@id":"https:\/\/maison-chance.org\/shop\/de\/produkt\/passionsfrucht-kuchen#breadcrumb","itemListElement":[{"@type":"ListItem","position":1,"name":"Trang ch\u1ee7","item":"https:\/\/maison-chance.org\/shop\/de"},{"@type":"ListItem","position":2,"name":"Shop","item":"https:\/\/maison-chance.org\/shop\/shop"},{"@type":"ListItem","position":3,"name":"Passionsfrucht-Kuchen"}]},{"@type":"WebSite","@id":"https:\/\/maison-chance.org\/shop\/de#website","url":"https:\/\/maison-chance.org\/shop\/de","name":"Nh\u00e0 May M\u1eafn - Maison Chance","description":"M\u1ecdi l\u1ee3i nhu\u1eadn thu v\u1ec1 t\u1eeb vi\u1ec7c b\u00e1n h\u00e0ng s\u1ebd tr\u00edch m\u1ed9t ph\u1ea7n \u0111\u1ec3 ch\u0103m lo cho \u0111\u1eddi s\u1ed1ng c\u00e1c b\u1ea1n khuy\u1ebft t\u1eadt v\u00e0 tr\u1ebb m\u1ed3 c\u00f4i \u1edf \u0111\u00e2y","publisher":{"@id":"https:\/\/maison-chance.org\/shop\/de#organization"},"potentialAction":[{"@type":"SearchAction","target":{"@type":"EntryPoint","urlTemplate":"https:\/\/maison-chance.org\/shop\/de?s={search_term_string}"},"query-input":{"@type":"PropertyValueSpecification","valueRequired":true,"valueName":"search_term_string"}}],"inLanguage":"de"},{"@type":"Organization","@id":"https:\/\/maison-chance.org\/shop\/de#organization","name":"Nh\u00e0 May M\u1eafn - Maison Chance","url":"https:\/\/maison-chance.org\/shop\/de","logo":{"@type":"ImageObject","inLanguage":"de","@id":"https:\/\/maison-chance.org\/shop\/de#\/schema\/logo\/image\/","url":"https:\/\/maison-chance.org\/shop\/wp-content\/uploads\/2024\/03\/cropped-Logo_DNXH.png","contentUrl":"https:\/\/maison-chance.org\/shop\/wp-content\/uploads\/2024\/03\/cropped-Logo_DNXH.png","width":512,"height":512,"caption":"Nh\u00e0 May M\u1eafn - Maison Chance"},"image":{"@id":"https:\/\/maison-chance.org\/shop\/de#\/schema\/logo\/image\/"},"sameAs":["https:\/\/www.facebook.com\/dnxh.nhamayman\/"]}]},"product_price_amount":"0.46","product_price_currency":"EUR","og_availability":"instock","product_availability":"instock","product_condition":"new"},"_links":{"self":[{"href":"https:\/\/maison-chance.org\/shop\/de\/wp-json\/wp\/v2\/product\/41414","targetHints":{"allow":["GET"]}}],"collection":[{"href":"https:\/\/maison-chance.org\/shop\/de\/wp-json\/wp\/v2\/product"}],"about":[{"href":"https:\/\/maison-chance.org\/shop\/de\/wp-json\/wp\/v2\/types\/product"}],"wp:featuredmedia":[{"embeddable":true,"href":"https:\/\/maison-chance.org\/shop\/de\/wp-json\/wp\/v2\/media\/41410"}],"wp:attachment":[{"href":"https:\/\/maison-chance.org\/shop\/de\/wp-json\/wp\/v2\/media?parent=41414"}],"wp:term":[{"taxonomy":"product_brand","embeddable":true,"href":"https:\/\/maison-chance.org\/shop\/de\/wp-json\/wp\/v2\/product_brand?post=41414"},{"taxonomy":"product_cat","embeddable":true,"href":"https:\/\/maison-chance.org\/shop\/de\/wp-json\/wp\/v2\/product_cat?post=41414"},{"taxonomy":"product_tag","embeddable":true,"href":"https:\/\/maison-chance.org\/shop\/de\/wp-json\/wp\/v2\/product_tag?post=41414"}],"curies":[{"name":"wp","href":"https:\/\/api.w.org\/{rel}","templated":true}]}}