{"id":42106,"date":"2026-01-31T11:14:19","date_gmt":"2026-01-31T04:14:19","guid":{"rendered":"https:\/\/maison-chance.org\/shop?post_type=product&#038;p=42106"},"modified":"2026-01-31T11:16:22","modified_gmt":"2026-01-31T04:16:22","slug":"gerostete-gesalzene-cashewnusse-sao-chep","status":"publish","type":"product","link":"https:\/\/maison-chance.org\/shop\/de\/produkt\/gerostete-gesalzene-cashewnusse-sao-chep","title":{"rendered":"Ger\u00f6stete gesalzene Cashewn\u00fcsse (Sao ch\u00e9p)"},"content":{"rendered":"<h2>Cashewn\u00fcsse zur Vorbeugung von Herzkrankheiten<\/h2>\n<p style=\"text-align: justify;\">Ger\u00f6stete Cashewn\u00fcsse sind eine Quelle gesunder Fette, die f\u00fcr den K\u00f6rper notwendig sind, um fettl\u00f6sliche Vitamine A, D, E, K aufzunehmen und wichtige Fetts\u00e4uren f\u00fcr die Gehirnentwicklung zu produzieren. Diese gesunden Fette umfassen einfach unges\u00e4ttigte Fette und mehrfach unges\u00e4ttigte Fette. Sie sind gut f\u00fcr das Herz und helfen, das schlechte Cholesterin (LDL-Cholesterin) zu senken, wenn sie in angemessenen Mengen konsumiert werden, auch bei Diabetikern.<\/p>\n<h2>Cashewn\u00fcsse zur Verbesserung der Augengesundheit<\/h2>\n<p style=\"text-align: justify;\">Wir wissen alle, dass Karotten gut f\u00fcr die Augen sind, aber es ist \u00fcberraschend, dass ger\u00f6stete Cashewn\u00fcsse dies auch sind. Sie enthalten hohe Mengen an Lutein und Zeaxanthin, die als Antioxidantien wirken, wenn sie regelm\u00e4\u00dfig konsumiert werden. Diese Verbindungen sch\u00fctzen die Augen vor leichten Verletzungen (die bei \u00e4lteren Menschen zu Blindheit f\u00fchren k\u00f6nnen) und k\u00f6nnen sogar helfen, die Entwicklung von Katarakten zu reduzieren.<\/p>\n<h2>Cashewn\u00fcsse f\u00fcr starke Muskeln und Nervensystem<\/h2>\n<p style=\"text-align: justify;\">Cashewn\u00fcsse enthalten viel Magnesium, eine Substanz, die f\u00fcr das Wachstum von Knochen, Muskeln, Gewebe und Organen im K\u00f6rper sehr wichtig ist. Magnesium hilft, den Blutdruck aufrechtzuerhalten, das Immunsystem zu st\u00e4rken, die Nervenfunktion aufrechtzuerhalten und die Knochen gesund zu halten. Ein Mangel an Magnesium kann zu hohem Blutdruck, Kopfschmerzen, Muskelkr\u00e4mpfen und M\u00fcdigkeit f\u00fchren.<\/p>\n<p style=\"text-align: justify;\">Dar\u00fcber hinaus k\u00f6nnen Cashewn\u00fcsse f\u00fcr Frauen nach den Wechseljahren einen erholsameren und angenehmeren Schlaf in der Nacht bringen.<\/p>\n<h2>Cashewn\u00fcsse zur Verringerung des Risikos von Diabetes<\/h2>\n<p style=\"text-align: justify;\">Aufgrund des niedrigen Zuckergehalts und des Mangels an sch\u00e4dlichem Cholesterin sind Cashewn\u00fcsse sicher f\u00fcr Diabetespatienten. Dar\u00fcber hinaus kann ein Extrakt aus Cashewn\u00fcssen die Insulinreaktion des K\u00f6rpers verbessern und die Entwicklung von Diabetes bek\u00e4mpfen, indem er den Blutzuckerspiegel reguliert. Dies hilft, das Risiko f\u00fcr Typ-2-Diabetes zu reduzieren.<\/p>\n<h2>Cashewn\u00fcsse zur Krebspr\u00e4vention<\/h2>\n<p style=\"text-align: justify;\">Mehrere Studien haben gezeigt, dass ger\u00f6stete Cashewn\u00fcsse reich an Antioxidantien wie Anacardins\u00e4ure, Cardanolen und Cardolen sind, die wirksam bei der Behandlung von Tumoren und Krebspatienten sind. Proanthocyanidine in Cashewn\u00fcssen sind eine Gruppe von Flavonolen, die das Wachstum und die Ausbreitung von Krebszellen bek\u00e4mpfen und verhindern k\u00f6nnen. Dies ist einer der herausragenden Vorteile von Cashewn\u00fcssen.<\/p>\n<h2>Cashewn\u00fcsse zur F\u00f6rderung der Bildung roter Blutk\u00f6rperchen<\/h2>\n<p style=\"text-align: justify;\">Cashewn\u00fcsse sind reich an Kupfer, das den Eisenstoffwechsel unterst\u00fctzt, rote Blutk\u00f6rperchen produziert und Knochen sowie das Immunsystem gesund h\u00e4lt. Ein Mangel an Kupfer im K\u00f6rper kann zu Osteoporose, unregelm\u00e4\u00dfigem Herzschlag und An\u00e4mie f\u00fchren.<\/p>\n<h2>Cashewn\u00fcsse zur St\u00e4rkung von Knochen und Z\u00e4hnen<\/h2>\n<p style=\"text-align: justify;\">Ger\u00f6stete Cashewn\u00fcsse liefern Phosphor, der f\u00fcr ein gesundes Wachstum von Z\u00e4hnen und Knochen unerl\u00e4sslich ist. Phosphor unterst\u00fctzt auch die Proteinproduktion, die Aufnahme von Kohlenhydraten und Fetten und den Erhalt gesunder Zellen.<\/p>\n<h2>Cashewn\u00fcsse zur Vorbeugung von Gallensteinen<\/h2>\n<p style=\"text-align: justify;\">Gallensteine sind eine Verdauungserkrankung, die h\u00e4ufig durch die Ansammlung von Cholesterin in der Gallenblase verursacht wird. Der regelm\u00e4\u00dfige Verzehr von N\u00fcssen wie Cashewn\u00fcssen kann das Risiko der Bildung von Gallensteinen verringern.<\/p>\n<h2>Cashewn\u00fcsse zur St\u00e4rkung des Immunsystems<\/h2>\n<p style=\"text-align: justify;\">Cashewn\u00fcsse enthalten Zink, das eine wichtige Rolle bei der St\u00e4rkung des Immunsystems, der Bek\u00e4mpfung von Infektionen, der Proteinsynthese und der Heilung von Wunden spielt. Zink ist besonders wichtig f\u00fcr schwangere Frauen und die Entwicklung des F\u00f6tus sowie f\u00fcr die fr\u00fchen Entwicklungsphasen von Kindern, um einen gesunden K\u00f6rper aufrechtzuerhalten.<\/p>\n<h2>Cashewn\u00fcsse zur Gewichtsabnahme unterst\u00fctzen<\/h2>\n<p style=\"text-align: justify;\">Das Ersetzen von tierischen Fetten durch einfach unges\u00e4ttigte und mehrfach unges\u00e4ttigte Fette, die in Cashewn\u00fcssen zu finden sind, ist eine ausgezeichnete M\u00f6glichkeit, das K\u00f6rpergewicht zu kontrollieren und die Ansammlung von Fett und Cholesterin im Herzen zu reduzieren.<\/p>\n<p style=\"text-align: justify;\">Dar\u00fcber hinaus enthalten Cashewn\u00fcsse viele Antioxidantien, Vitamin E&#8230; die dazu beitragen, den Alterungsprozess zu verlangsamen, die Haut und die Haare zu pflegen und sind besonders gut f\u00fcr Frauen geeignet.<\/p>\n","protected":false},"excerpt":{"rendered":"<p style=\"text-align: justify;\">&#8211; Reinheitsgewicht: 500 g<br \/>\n&#8211; Typ: Ganze Cashewn\u00fcsse<br \/>\n&#8211; Haltbarkeit: 6 Monate<br \/>\n&#8211; Aufbewahrung: Nach dem Gebrauch fest verschlie\u00dfen und an einem k\u00fchlen, trockenen Ort lagern.<br \/>\n&#8211; Gesalzene Cashewn\u00fcsse tragen zur St\u00e4rkung des Herzens, des Nervensystems und der Muskeln bei, unterst\u00fctzen die Bildung roter Blutk\u00f6rperchen und helfen bei der Verbesserung der Gesundheit von Knochen, Z\u00e4hnen &#8230;<\/p>\n<p style=\"text-align: justify;\"><strong>Hinweis<\/strong>: Dieses Produkt ist derzeit nur auf dem vietnamesischen Markt erh\u00e4ltlich. Wenn Sie sich derzeit in Vietnam befinden und einen Kauf w\u00fcnschen, kontaktieren Sie uns bitte \u00fcber unsere Fanpage: <a href=\"https:\/\/www.facebook.com\/dnxh.nhamayman\">facebook.com\/dnxh.nhamayman<\/a> oder unsere Hotline: <span style=\"font-size: 20px;\"><strong><span style=\"color: #ff0000;\">0909 06 25 28<\/span><\/strong><\/span>. Vielen herzlichen Dank!<\/p>\n","protected":false},"featured_media":42089,"template":"","meta":[],"product_brand":[],"product_cat":[205,202],"product_tag":[],"class_list":{"0":"post-42106","1":"product","2":"type-product","3":"status-publish","4":"has-post-thumbnail","6":"product_cat-getrocknete-landwirtschaftliche-produkte","7":"product_cat-landwirtschaftliche-produkte-aus-dak-nong","9":"first","10":"instock","11":"shipping-taxable","12":"purchasable","13":"product-type-simple"},"yoast_head":"<!-- This site is optimized with the Yoast SEO Premium plugin v22.7 (Yoast SEO v25.3.1) - https:\/\/yoast.com\/wordpress\/plugins\/seo\/ -->\n<title>Ger\u00f6stete gesalzene Cashewn\u00fcsse (Sao ch\u00e9p) - Nh\u00e0 May M\u1eafn - Maison Chance<\/title>\n<meta name=\"description\" content=\"Ger\u00f6stete gesalzene Cashewn\u00fcsse sind gut f\u00fcr das Herz, das Nervensystem und die Muskeln. Sie unterst\u00fctzen die Bildung roter Blutk\u00f6rperchen und tragen zur Verbesserung der Knochen- und Zahngesundheit bei\" \/>\n<meta name=\"robots\" content=\"index, follow, max-snippet:-1, max-image-preview:large, max-video-preview:-1\" \/>\n<link rel=\"canonical\" href=\"https:\/\/maison-chance.org\/shop\/de\/produkt\/gerostete-gesalzene-cashewnusse-sao-chep\" \/>\n<meta property=\"og:locale\" content=\"de_DE\" \/>\n<meta property=\"og:type\" content=\"article\" \/>\n<meta property=\"og:title\" content=\"Ger\u00f6stete gesalzene Cashewn\u00fcsse (Sao ch\u00e9p)\" \/>\n<meta property=\"og:description\" content=\"Ger\u00f6stete gesalzene Cashewn\u00fcsse sind gut f\u00fcr das Herz, das Nervensystem und die Muskeln. Sie unterst\u00fctzen die Bildung roter Blutk\u00f6rperchen und tragen zur Verbesserung der Knochen- und Zahngesundheit bei\" \/>\n<meta property=\"og:url\" content=\"https:\/\/maison-chance.org\/shop\/de\/produkt\/gerostete-gesalzene-cashewnusse-sao-chep\" \/>\n<meta property=\"og:site_name\" content=\"Nh\u00e0 May M\u1eafn - Maison Chance\" \/>\n<meta property=\"article:publisher\" content=\"https:\/\/www.facebook.com\/dnxh.nhamayman\/\" \/>\n<meta property=\"article:modified_time\" content=\"2026-01-31T04:16:22+00:00\" \/>\n<meta property=\"og:image\" content=\"https:\/\/maison-chance.org\/shop\/wp-content\/uploads\/2026\/01\/ca-phe-web.png\" \/>\n\t<meta property=\"og:image:width\" content=\"1080\" \/>\n\t<meta property=\"og:image:height\" content=\"1080\" \/>\n\t<meta property=\"og:image:type\" content=\"image\/png\" \/>\n<meta name=\"twitter:card\" content=\"summary_large_image\" \/>\n<meta name=\"twitter:label1\" content=\"Preis\" \/>\n\t<meta name=\"twitter:data1\" content=\"&euro;7.82\" \/>\n\t<meta name=\"twitter:label2\" content=\"Verf\u00fcgbarkeit\" \/>\n\t<meta name=\"twitter:data2\" content=\"Auf Lager\" \/>\n<script type=\"application\/ld+json\" class=\"yoast-schema-graph\">{\"@context\":\"https:\/\/schema.org\",\"@graph\":[{\"@type\":\"WebPage\",\"@id\":\"https:\/\/maison-chance.org\/shop\/de\/produkt\/gerostete-gesalzene-cashewnusse-sao-chep\",\"url\":\"https:\/\/maison-chance.org\/shop\/de\/produkt\/gerostete-gesalzene-cashewnusse-sao-chep\",\"name\":\"Ger\u00f6stete gesalzene Cashewn\u00fcsse (Sao ch\u00e9p) - Nh\u00e0 May M\u1eafn - Maison Chance\",\"isPartOf\":{\"@id\":\"https:\/\/maison-chance.org\/shop\/de#website\"},\"primaryImageOfPage\":{\"@id\":\"https:\/\/maison-chance.org\/shop\/de\/produkt\/gerostete-gesalzene-cashewnusse-sao-chep#primaryimage\"},\"image\":{\"@id\":\"https:\/\/maison-chance.org\/shop\/de\/produkt\/gerostete-gesalzene-cashewnusse-sao-chep#primaryimage\"},\"thumbnailUrl\":\"https:\/\/maison-chance.org\/shop\/wp-content\/uploads\/2026\/01\/ca-phe-web.png\",\"datePublished\":\"2026-01-31T04:14:19+00:00\",\"dateModified\":\"2026-01-31T04:16:22+00:00\",\"description\":\"Ger\u00f6stete gesalzene Cashewn\u00fcsse sind gut f\u00fcr das Herz, das Nervensystem und die Muskeln. Sie unterst\u00fctzen die Bildung roter Blutk\u00f6rperchen und tragen zur Verbesserung der Knochen- und Zahngesundheit bei\",\"breadcrumb\":{\"@id\":\"https:\/\/maison-chance.org\/shop\/de\/produkt\/gerostete-gesalzene-cashewnusse-sao-chep#breadcrumb\"},\"inLanguage\":\"de\",\"potentialAction\":[{\"@type\":\"ReadAction\",\"target\":[\"https:\/\/maison-chance.org\/shop\/de\/produkt\/gerostete-gesalzene-cashewnusse-sao-chep\"]}]},{\"@type\":\"ImageObject\",\"inLanguage\":\"de\",\"@id\":\"https:\/\/maison-chance.org\/shop\/de\/produkt\/gerostete-gesalzene-cashewnusse-sao-chep#primaryimage\",\"url\":\"https:\/\/maison-chance.org\/shop\/wp-content\/uploads\/2026\/01\/ca-phe-web.png\",\"contentUrl\":\"https:\/\/maison-chance.org\/shop\/wp-content\/uploads\/2026\/01\/ca-phe-web.png\",\"width\":1080,\"height\":1080},{\"@type\":\"BreadcrumbList\",\"@id\":\"https:\/\/maison-chance.org\/shop\/de\/produkt\/gerostete-gesalzene-cashewnusse-sao-chep#breadcrumb\",\"itemListElement\":[{\"@type\":\"ListItem\",\"position\":1,\"name\":\"Trang ch\u1ee7\",\"item\":\"https:\/\/maison-chance.org\/shop\/de\"},{\"@type\":\"ListItem\",\"position\":2,\"name\":\"Shop\",\"item\":\"https:\/\/maison-chance.org\/shop\/shop\"},{\"@type\":\"ListItem\",\"position\":3,\"name\":\"Ger\u00f6stete gesalzene Cashewn\u00fcsse (Sao ch\u00e9p)\"}]},{\"@type\":\"WebSite\",\"@id\":\"https:\/\/maison-chance.org\/shop\/de#website\",\"url\":\"https:\/\/maison-chance.org\/shop\/de\",\"name\":\"Nh\u00e0 May M\u1eafn - Maison Chance\",\"description\":\"M\u1ecdi l\u1ee3i nhu\u1eadn thu v\u1ec1 t\u1eeb vi\u1ec7c b\u00e1n h\u00e0ng s\u1ebd tr\u00edch m\u1ed9t ph\u1ea7n \u0111\u1ec3 ch\u0103m lo cho \u0111\u1eddi s\u1ed1ng c\u00e1c b\u1ea1n khuy\u1ebft t\u1eadt v\u00e0 tr\u1ebb m\u1ed3 c\u00f4i \u1edf \u0111\u00e2y\",\"publisher\":{\"@id\":\"https:\/\/maison-chance.org\/shop\/de#organization\"},\"potentialAction\":[{\"@type\":\"SearchAction\",\"target\":{\"@type\":\"EntryPoint\",\"urlTemplate\":\"https:\/\/maison-chance.org\/shop\/de?s={search_term_string}\"},\"query-input\":{\"@type\":\"PropertyValueSpecification\",\"valueRequired\":true,\"valueName\":\"search_term_string\"}}],\"inLanguage\":\"de\"},{\"@type\":\"Organization\",\"@id\":\"https:\/\/maison-chance.org\/shop\/de#organization\",\"name\":\"Nh\u00e0 May M\u1eafn - Maison Chance\",\"url\":\"https:\/\/maison-chance.org\/shop\/de\",\"logo\":{\"@type\":\"ImageObject\",\"inLanguage\":\"de\",\"@id\":\"https:\/\/maison-chance.org\/shop\/de#\/schema\/logo\/image\/\",\"url\":\"https:\/\/maison-chance.org\/shop\/wp-content\/uploads\/2024\/03\/cropped-Logo_DNXH.png\",\"contentUrl\":\"https:\/\/maison-chance.org\/shop\/wp-content\/uploads\/2024\/03\/cropped-Logo_DNXH.png\",\"width\":512,\"height\":512,\"caption\":\"Nh\u00e0 May M\u1eafn - Maison Chance\"},\"image\":{\"@id\":\"https:\/\/maison-chance.org\/shop\/de#\/schema\/logo\/image\/\"},\"sameAs\":[\"https:\/\/www.facebook.com\/dnxh.nhamayman\/\"]}]}<\/script>\n<meta property=\"product:price:amount\" content=\"7.82\" \/>\n<meta property=\"product:price:currency\" content=\"EUR\" \/>\n<meta property=\"og:availability\" content=\"instock\" \/>\n<meta property=\"product:availability\" content=\"instock\" \/>\n<meta property=\"product:condition\" content=\"new\" \/>\n<!-- \/ Yoast SEO Premium plugin. -->","yoast_head_json":{"title":"Ger\u00f6stete gesalzene Cashewn\u00fcsse (Sao ch\u00e9p) - Nh\u00e0 May M\u1eafn - Maison Chance","description":"Ger\u00f6stete gesalzene Cashewn\u00fcsse sind gut f\u00fcr das Herz, das Nervensystem und die Muskeln. Sie unterst\u00fctzen die Bildung roter Blutk\u00f6rperchen und tragen zur Verbesserung der Knochen- und Zahngesundheit bei","robots":{"index":"index","follow":"follow","max-snippet":"max-snippet:-1","max-image-preview":"max-image-preview:large","max-video-preview":"max-video-preview:-1"},"canonical":"https:\/\/maison-chance.org\/shop\/de\/produkt\/gerostete-gesalzene-cashewnusse-sao-chep","og_locale":"de_DE","og_type":"article","og_title":"Ger\u00f6stete gesalzene Cashewn\u00fcsse (Sao ch\u00e9p)","og_description":"Ger\u00f6stete gesalzene Cashewn\u00fcsse sind gut f\u00fcr das Herz, das Nervensystem und die Muskeln. Sie unterst\u00fctzen die Bildung roter Blutk\u00f6rperchen und tragen zur Verbesserung der Knochen- und Zahngesundheit bei","og_url":"https:\/\/maison-chance.org\/shop\/de\/produkt\/gerostete-gesalzene-cashewnusse-sao-chep","og_site_name":"Nh\u00e0 May M\u1eafn - Maison Chance","article_publisher":"https:\/\/www.facebook.com\/dnxh.nhamayman\/","article_modified_time":"2026-01-31T04:16:22+00:00","og_image":[{"width":1080,"height":1080,"url":"https:\/\/maison-chance.org\/shop\/wp-content\/uploads\/2026\/01\/ca-phe-web.png","type":"image\/png"}],"twitter_card":"summary_large_image","twitter_misc":{"Preis":"&euro;7.82","Verf\u00fcgbarkeit":"Auf Lager"},"schema":{"@context":"https:\/\/schema.org","@graph":[{"@type":"WebPage","@id":"https:\/\/maison-chance.org\/shop\/de\/produkt\/gerostete-gesalzene-cashewnusse-sao-chep","url":"https:\/\/maison-chance.org\/shop\/de\/produkt\/gerostete-gesalzene-cashewnusse-sao-chep","name":"Ger\u00f6stete gesalzene Cashewn\u00fcsse (Sao ch\u00e9p) - Nh\u00e0 May M\u1eafn - Maison Chance","isPartOf":{"@id":"https:\/\/maison-chance.org\/shop\/de#website"},"primaryImageOfPage":{"@id":"https:\/\/maison-chance.org\/shop\/de\/produkt\/gerostete-gesalzene-cashewnusse-sao-chep#primaryimage"},"image":{"@id":"https:\/\/maison-chance.org\/shop\/de\/produkt\/gerostete-gesalzene-cashewnusse-sao-chep#primaryimage"},"thumbnailUrl":"https:\/\/maison-chance.org\/shop\/wp-content\/uploads\/2026\/01\/ca-phe-web.png","datePublished":"2026-01-31T04:14:19+00:00","dateModified":"2026-01-31T04:16:22+00:00","description":"Ger\u00f6stete gesalzene Cashewn\u00fcsse sind gut f\u00fcr das Herz, das Nervensystem und die Muskeln. Sie unterst\u00fctzen die Bildung roter Blutk\u00f6rperchen und tragen zur Verbesserung der Knochen- und Zahngesundheit bei","breadcrumb":{"@id":"https:\/\/maison-chance.org\/shop\/de\/produkt\/gerostete-gesalzene-cashewnusse-sao-chep#breadcrumb"},"inLanguage":"de","potentialAction":[{"@type":"ReadAction","target":["https:\/\/maison-chance.org\/shop\/de\/produkt\/gerostete-gesalzene-cashewnusse-sao-chep"]}]},{"@type":"ImageObject","inLanguage":"de","@id":"https:\/\/maison-chance.org\/shop\/de\/produkt\/gerostete-gesalzene-cashewnusse-sao-chep#primaryimage","url":"https:\/\/maison-chance.org\/shop\/wp-content\/uploads\/2026\/01\/ca-phe-web.png","contentUrl":"https:\/\/maison-chance.org\/shop\/wp-content\/uploads\/2026\/01\/ca-phe-web.png","width":1080,"height":1080},{"@type":"BreadcrumbList","@id":"https:\/\/maison-chance.org\/shop\/de\/produkt\/gerostete-gesalzene-cashewnusse-sao-chep#breadcrumb","itemListElement":[{"@type":"ListItem","position":1,"name":"Trang ch\u1ee7","item":"https:\/\/maison-chance.org\/shop\/de"},{"@type":"ListItem","position":2,"name":"Shop","item":"https:\/\/maison-chance.org\/shop\/shop"},{"@type":"ListItem","position":3,"name":"Ger\u00f6stete gesalzene Cashewn\u00fcsse (Sao ch\u00e9p)"}]},{"@type":"WebSite","@id":"https:\/\/maison-chance.org\/shop\/de#website","url":"https:\/\/maison-chance.org\/shop\/de","name":"Nh\u00e0 May M\u1eafn - Maison Chance","description":"M\u1ecdi l\u1ee3i nhu\u1eadn thu v\u1ec1 t\u1eeb vi\u1ec7c b\u00e1n h\u00e0ng s\u1ebd tr\u00edch m\u1ed9t ph\u1ea7n \u0111\u1ec3 ch\u0103m lo cho \u0111\u1eddi s\u1ed1ng c\u00e1c b\u1ea1n khuy\u1ebft t\u1eadt v\u00e0 tr\u1ebb m\u1ed3 c\u00f4i \u1edf \u0111\u00e2y","publisher":{"@id":"https:\/\/maison-chance.org\/shop\/de#organization"},"potentialAction":[{"@type":"SearchAction","target":{"@type":"EntryPoint","urlTemplate":"https:\/\/maison-chance.org\/shop\/de?s={search_term_string}"},"query-input":{"@type":"PropertyValueSpecification","valueRequired":true,"valueName":"search_term_string"}}],"inLanguage":"de"},{"@type":"Organization","@id":"https:\/\/maison-chance.org\/shop\/de#organization","name":"Nh\u00e0 May M\u1eafn - Maison Chance","url":"https:\/\/maison-chance.org\/shop\/de","logo":{"@type":"ImageObject","inLanguage":"de","@id":"https:\/\/maison-chance.org\/shop\/de#\/schema\/logo\/image\/","url":"https:\/\/maison-chance.org\/shop\/wp-content\/uploads\/2024\/03\/cropped-Logo_DNXH.png","contentUrl":"https:\/\/maison-chance.org\/shop\/wp-content\/uploads\/2024\/03\/cropped-Logo_DNXH.png","width":512,"height":512,"caption":"Nh\u00e0 May M\u1eafn - Maison Chance"},"image":{"@id":"https:\/\/maison-chance.org\/shop\/de#\/schema\/logo\/image\/"},"sameAs":["https:\/\/www.facebook.com\/dnxh.nhamayman\/"]}]},"product_price_amount":"7.82","product_price_currency":"EUR","og_availability":"instock","product_availability":"instock","product_condition":"new"},"_links":{"self":[{"href":"https:\/\/maison-chance.org\/shop\/de\/wp-json\/wp\/v2\/product\/42106","targetHints":{"allow":["GET"]}}],"collection":[{"href":"https:\/\/maison-chance.org\/shop\/de\/wp-json\/wp\/v2\/product"}],"about":[{"href":"https:\/\/maison-chance.org\/shop\/de\/wp-json\/wp\/v2\/types\/product"}],"wp:featuredmedia":[{"embeddable":true,"href":"https:\/\/maison-chance.org\/shop\/de\/wp-json\/wp\/v2\/media\/42089"}],"wp:attachment":[{"href":"https:\/\/maison-chance.org\/shop\/de\/wp-json\/wp\/v2\/media?parent=42106"}],"wp:term":[{"taxonomy":"product_brand","embeddable":true,"href":"https:\/\/maison-chance.org\/shop\/de\/wp-json\/wp\/v2\/product_brand?post=42106"},{"taxonomy":"product_cat","embeddable":true,"href":"https:\/\/maison-chance.org\/shop\/de\/wp-json\/wp\/v2\/product_cat?post=42106"},{"taxonomy":"product_tag","embeddable":true,"href":"https:\/\/maison-chance.org\/shop\/de\/wp-json\/wp\/v2\/product_tag?post=42106"}],"curies":[{"name":"wp","href":"https:\/\/api.w.org\/{rel}","templated":true}]}}