{"id":30548,"date":"2024-03-08T22:08:26","date_gmt":"2024-03-08T15:08:26","guid":{"rendered":"https:\/\/maison-chance.org\/shop\/san-pham\/the-virgin-mary-cradling-the-lord"},"modified":"2024-03-08T22:23:37","modified_gmt":"2024-03-08T15:23:37","slug":"the-virgin-mary-cradling-the-lord","status":"publish","type":"product","link":"https:\/\/maison-chance.org\/shop\/en\/product\/the-virgin-mary-cradling-the-lord","title":{"rendered":"The Virgin Mary cradling the Lord"},"content":{"rendered":"<p style=\"text-align: justify;\"><span class=\"x1xsqp64 xiy17q3 x1o6pynw x19co3pv xdj266r xcwd3tp xat24cr x39eecv x2b8uid\" data-testid=\"emoji\"><span class=\"xexx8yu xn5pp95 x18d9i69 x2fxd7x x1yqt14a x1bhl96m\">\ud83c\udfa8<\/span><\/span> <span class=\"xv78j7m\" spellcheck=\"false\">Maison Chance<\/span> is delighted to introduce a new oil painting completed by artist Bui Dinh Toan. It is an oil painting depicting Mother Mary embracing Baby Jesus, with dimensions of 60x80cm, radiating the sacred beauty of maternal love.<\/p>\n<p><span class=\"x1xsqp64 xiy17q3 x1o6pynw x19co3pv xdj266r xcwd3tp xat24cr x39eecv x2b8uid\" data-testid=\"emoji\"><span class=\"xexx8yu xn5pp95 x18d9i69 x2fxd7x x1yqt14a x1bhl96m\">\ud83d\uddbc\ufe0f<\/span><\/span> Looking at the painting, our gaze is hard to detach from the gentle face of Mother Mary. Her tender smile soothes the souls of many. The Holy Child in the arms of Mother, with an innocent and adorable smile, forms a sacred unity that warms the hearts of those who contemplate it.<\/p>\n<p><img decoding=\"async\" class=\"size-full wp-image-16332 aligncenter\" src=\"https:\/\/maison-chance.org\/shop\/wp-content\/uploads\/2023\/11\/OR-23-BDT60x80cm-duc-me-am-chua-con-2t5.png\" alt=\"Mother Mary embracing Jesus\" width=\"600\" height=\"600\" \/><\/p>\n<p><span class=\"x1xsqp64 xiy17q3 x1o6pynw x19co3pv xdj266r xcwd3tp xat24cr x39eecv x2b8uid\" data-testid=\"emoji\"><span class=\"xexx8yu xn5pp95 x18d9i69 x2fxd7x x1yqt14a x1bhl96m\">\u2728<\/span><\/span> What makes it especially remarkable is that the artist Bui Dinh Toan is a person with disabilities. Currently, he lives and works at <span class=\"xv78j7m\" spellcheck=\"false\">Lucky House &#8211; Maison Chance<\/span>, a place dedicated to those with special circumstances.<\/p>\n<p><span class=\"x1xsqp64 xiy17q3 x1o6pynw x19co3pv xdj266r xcwd3tp xat24cr x39eecv x2b8uid\" data-testid=\"emoji\"><span class=\"xexx8yu xn5pp95 x18d9i69 x2fxd7x x1yqt14a x1bhl96m\">\u2764<\/span><\/span> We sincerely hope to receive support from our customers <span class=\"x1xsqp64 xiy17q3 x1o6pynw x19co3pv xdj266r xcwd3tp xat24cr x39eecv x2b8uid\" data-testid=\"emoji\"><span class=\"xexx8yu xn5pp95 x18d9i69 x2fxd7x x1yqt14a x1bhl96m\">\u2764<\/span><\/span><\/p>\n<p>&#8212;&#8212;&#8212;&#8212;&#8212;&#8212;&#8212;&#8212;&#8212;&#8212;&#8212;&#8212;&#8212;&#8212;&#8212;&#8212;&#8212;&#8212;&#8212;&#8212;&#8212;&#8212;&#8211;<\/p>\n<p><span class=\"x1xsqp64 xiy17q3 x1o6pynw x19co3pv xdj266r xcwd3tp xat24cr x39eecv x2b8uid\" data-testid=\"emoji\"><span class=\"xexx8yu xn5pp95 x18d9i69 x2fxd7x x1yqt14a x1bhl96m\">\u2764<\/span><\/span> All profits from the sale will be used in part to take care of the lives of people with disabilities and orphans here. The remaining portion will continue to support the activities of the organization <span class=\"x1xsqp64 xiy17q3 x1o6pynw x19co3pv xdj266r xcwd3tp xat24cr x39eecv x2b8uid\" data-testid=\"emoji\"><span class=\"xexx8yu xn5pp95 x18d9i69 x2fxd7x x1yqt14a x1bhl96m\">\u2764<\/span><\/span><br \/>\n<span class=\"x1xsqp64 xiy17q3 x1o6pynw x19co3pv xdj266r xcwd3tp xat24cr x39eecv x2b8uid\" data-testid=\"emoji\"><span class=\"xexx8yu xn5pp95 x18d9i69 x2fxd7x x1yqt14a x1bhl96m\">\u260e<\/span><\/span> Hotline: 0909 06 2528 (Zalo<span class=\"x1xsqp64 xiy17q3 x1o6pynw x19co3pv xdj266r xcwd3tp xat24cr x39eecv x2b8uid\" data-testid=\"emoji\"><span class=\"xexx8yu xn5pp95 x18d9i69 x2fxd7x x1yqt14a x1bhl96m\">\ud83d\udc49<\/span><\/span>).<br \/>\n<span class=\"x1xsqp64 xiy17q3 x1o6pynw x19co3pv xdj266r xcwd3tp xat24cr x39eecv x2b8uid\" data-testid=\"emoji\"><span class=\"xexx8yu xn5pp95 x18d9i69 x2fxd7x x1yqt14a x1bhl96m\">\ud83d\udcbb<\/span><\/span> Website: <a href=\"https:\/\/maison-chance.org\/shop\">https:\/\/maison-chance.org\/shop<\/a><\/p>\n","protected":false},"excerpt":{"rendered":"<p>The oil paintings offered by Maison Chance are creations of less fortunate artists with disabilities.<\/p>\n<p>&nbsp;<\/p>\n<p>Size (cm): 60&#215;80<\/p>\n<p>&nbsp;<\/p>\n<p>Genre: Original Artwork<\/p>\n<p>&nbsp;<\/p>\n<p>Author: B\u00f9i \u0110\u00ecnh To\u1ea3n<\/p>\n<p>&nbsp;<\/p>\n<p style=\"text-align: justify;\">Hotline: <span style=\"color: #ff0000; font-size: 18pt;\"><strong>0909 06 25 28<\/strong><\/span><\/p>\n<p>&nbsp;<\/p>\n","protected":false},"featured_media":30545,"template":"","meta":[],"product_brand":[],"product_cat":[251,266],"product_tag":[],"class_list":{"0":"post-30548","1":"product","2":"type-product","3":"status-publish","4":"has-post-thumbnail","6":"product_cat-oil-painting-workshop","7":"product_cat-religious-paintings-oil-painting-workshop","9":"first","10":"instock","11":"shipping-taxable","12":"product-type-simple"},"yoast_head":"<!-- This site is optimized with the Yoast SEO Premium plugin v22.7 (Yoast SEO v25.3.1) - https:\/\/yoast.com\/wordpress\/plugins\/seo\/ -->\n<title>The Virgin Mary cradling the Lord - Nh\u00e0 May M\u1eafn - Maison Chance<\/title>\n<meta name=\"robots\" content=\"index, follow, max-snippet:-1, max-image-preview:large, max-video-preview:-1\" \/>\n<link rel=\"canonical\" href=\"https:\/\/maison-chance.org\/shop\/en\/product\/the-virgin-mary-cradling-the-lord\" \/>\n<meta property=\"og:locale\" content=\"en_US\" \/>\n<meta property=\"og:type\" content=\"article\" \/>\n<meta property=\"og:title\" content=\"The Virgin Mary cradling the Lord\" \/>\n<meta property=\"og:description\" content=\"The oil paintings offered by Maison Chance are creations of less fortunate artists with disabilities.  &nbsp;  Size (cm): 60x80  &nbsp;  Genre: Original Artwork  &nbsp;  Author: B\u00f9i \u0110\u00ecnh To\u1ea3n  &nbsp; Hotline: 0909 06 25 28 &nbsp;\" \/>\n<meta property=\"og:url\" content=\"https:\/\/maison-chance.org\/shop\/en\/product\/the-virgin-mary-cradling-the-lord\" \/>\n<meta property=\"og:site_name\" content=\"Nh\u00e0 May M\u1eafn - Maison Chance\" \/>\n<meta property=\"article:publisher\" content=\"https:\/\/www.facebook.com\/dnxh.nhamayman\/\" \/>\n<meta property=\"article:modified_time\" content=\"2024-03-08T15:23:37+00:00\" \/>\n<meta property=\"og:image\" content=\"https:\/\/maison-chance.org\/shop\/wp-content\/uploads\/2024\/03\/OR-23-BDT60x80cm-duc-me-am-chua-con-2t5.png\" \/>\n\t<meta property=\"og:image:width\" content=\"600\" \/>\n\t<meta property=\"og:image:height\" content=\"600\" \/>\n\t<meta property=\"og:image:type\" content=\"image\/png\" \/>\n<meta name=\"twitter:card\" content=\"summary_large_image\" \/>\n<meta name=\"twitter:label1\" content=\"Price\" \/>\n\t<meta name=\"twitter:data1\" content=\"\" \/>\n\t<meta name=\"twitter:label2\" content=\"Availability\" \/>\n\t<meta name=\"twitter:data2\" content=\"In stock\" \/>\n<script type=\"application\/ld+json\" class=\"yoast-schema-graph\">{\"@context\":\"https:\/\/schema.org\",\"@graph\":[{\"@type\":\"WebPage\",\"@id\":\"https:\/\/maison-chance.org\/shop\/en\/product\/the-virgin-mary-cradling-the-lord\",\"url\":\"https:\/\/maison-chance.org\/shop\/en\/product\/the-virgin-mary-cradling-the-lord\",\"name\":\"The Virgin Mary cradling the Lord - Nh\u00e0 May M\u1eafn - Maison Chance\",\"isPartOf\":{\"@id\":\"https:\/\/maison-chance.org\/shop\/en#website\"},\"primaryImageOfPage\":{\"@id\":\"https:\/\/maison-chance.org\/shop\/en\/product\/the-virgin-mary-cradling-the-lord#primaryimage\"},\"image\":{\"@id\":\"https:\/\/maison-chance.org\/shop\/en\/product\/the-virgin-mary-cradling-the-lord#primaryimage\"},\"thumbnailUrl\":\"https:\/\/maison-chance.org\/shop\/wp-content\/uploads\/2024\/03\/OR-23-BDT60x80cm-duc-me-am-chua-con-2t5.png\",\"datePublished\":\"2024-03-08T15:08:26+00:00\",\"dateModified\":\"2024-03-08T15:23:37+00:00\",\"breadcrumb\":{\"@id\":\"https:\/\/maison-chance.org\/shop\/en\/product\/the-virgin-mary-cradling-the-lord#breadcrumb\"},\"inLanguage\":\"en-US\",\"potentialAction\":[{\"@type\":\"ReadAction\",\"target\":[\"https:\/\/maison-chance.org\/shop\/en\/product\/the-virgin-mary-cradling-the-lord\"]}]},{\"@type\":\"ImageObject\",\"inLanguage\":\"en-US\",\"@id\":\"https:\/\/maison-chance.org\/shop\/en\/product\/the-virgin-mary-cradling-the-lord#primaryimage\",\"url\":\"https:\/\/maison-chance.org\/shop\/wp-content\/uploads\/2024\/03\/OR-23-BDT60x80cm-duc-me-am-chua-con-2t5.png\",\"contentUrl\":\"https:\/\/maison-chance.org\/shop\/wp-content\/uploads\/2024\/03\/OR-23-BDT60x80cm-duc-me-am-chua-con-2t5.png\",\"width\":600,\"height\":600,\"caption\":\"The Virgin Mary cradling the Lord\"},{\"@type\":\"BreadcrumbList\",\"@id\":\"https:\/\/maison-chance.org\/shop\/en\/product\/the-virgin-mary-cradling-the-lord#breadcrumb\",\"itemListElement\":[{\"@type\":\"ListItem\",\"position\":1,\"name\":\"Trang ch\u1ee7\",\"item\":\"https:\/\/maison-chance.org\/shop\/en\"},{\"@type\":\"ListItem\",\"position\":2,\"name\":\"Shop\",\"item\":\"https:\/\/maison-chance.org\/shop\/shop\"},{\"@type\":\"ListItem\",\"position\":3,\"name\":\"The Virgin Mary cradling the Lord\"}]},{\"@type\":\"WebSite\",\"@id\":\"https:\/\/maison-chance.org\/shop\/en#website\",\"url\":\"https:\/\/maison-chance.org\/shop\/en\",\"name\":\"Nh\u00e0 May M\u1eafn - Maison Chance\",\"description\":\"M\u1ecdi l\u1ee3i nhu\u1eadn thu v\u1ec1 t\u1eeb vi\u1ec7c b\u00e1n h\u00e0ng s\u1ebd tr\u00edch m\u1ed9t ph\u1ea7n \u0111\u1ec3 ch\u0103m lo cho \u0111\u1eddi s\u1ed1ng c\u00e1c b\u1ea1n khuy\u1ebft t\u1eadt v\u00e0 tr\u1ebb m\u1ed3 c\u00f4i \u1edf \u0111\u00e2y\",\"publisher\":{\"@id\":\"https:\/\/maison-chance.org\/shop\/en#organization\"},\"potentialAction\":[{\"@type\":\"SearchAction\",\"target\":{\"@type\":\"EntryPoint\",\"urlTemplate\":\"https:\/\/maison-chance.org\/shop\/en?s={search_term_string}\"},\"query-input\":{\"@type\":\"PropertyValueSpecification\",\"valueRequired\":true,\"valueName\":\"search_term_string\"}}],\"inLanguage\":\"en-US\"},{\"@type\":\"Organization\",\"@id\":\"https:\/\/maison-chance.org\/shop\/en#organization\",\"name\":\"Nh\u00e0 May M\u1eafn - Maison Chance\",\"url\":\"https:\/\/maison-chance.org\/shop\/en\",\"logo\":{\"@type\":\"ImageObject\",\"inLanguage\":\"en-US\",\"@id\":\"https:\/\/maison-chance.org\/shop\/en#\/schema\/logo\/image\/\",\"url\":\"https:\/\/maison-chance.org\/shop\/wp-content\/uploads\/2024\/03\/cropped-Logo_DNXH.png\",\"contentUrl\":\"https:\/\/maison-chance.org\/shop\/wp-content\/uploads\/2024\/03\/cropped-Logo_DNXH.png\",\"width\":512,\"height\":512,\"caption\":\"Nh\u00e0 May M\u1eafn - Maison Chance\"},\"image\":{\"@id\":\"https:\/\/maison-chance.org\/shop\/en#\/schema\/logo\/image\/\"},\"sameAs\":[\"https:\/\/www.facebook.com\/dnxh.nhamayman\/\"]}]}<\/script>\n<meta property=\"product:price:amount\" content=\"0.00\" \/>\n<meta property=\"product:price:currency\" content=\"USD\" \/>\n<meta property=\"og:availability\" content=\"instock\" \/>\n<meta property=\"product:availability\" content=\"instock\" \/>\n<meta property=\"product:condition\" content=\"new\" \/>\n<!-- \/ Yoast SEO Premium plugin. -->","yoast_head_json":{"title":"The Virgin Mary cradling the Lord - Nh\u00e0 May M\u1eafn - Maison Chance","robots":{"index":"index","follow":"follow","max-snippet":"max-snippet:-1","max-image-preview":"max-image-preview:large","max-video-preview":"max-video-preview:-1"},"canonical":"https:\/\/maison-chance.org\/shop\/en\/product\/the-virgin-mary-cradling-the-lord","og_locale":"en_US","og_type":"article","og_title":"The Virgin Mary cradling the Lord","og_description":"The oil paintings offered by Maison Chance are creations of less fortunate artists with disabilities.  &nbsp;  Size (cm): 60x80  &nbsp;  Genre: Original Artwork  &nbsp;  Author: B\u00f9i \u0110\u00ecnh To\u1ea3n  &nbsp; Hotline: 0909 06 25 28 &nbsp;","og_url":"https:\/\/maison-chance.org\/shop\/en\/product\/the-virgin-mary-cradling-the-lord","og_site_name":"Nh\u00e0 May M\u1eafn - Maison Chance","article_publisher":"https:\/\/www.facebook.com\/dnxh.nhamayman\/","article_modified_time":"2024-03-08T15:23:37+00:00","og_image":[{"width":600,"height":600,"url":"https:\/\/maison-chance.org\/shop\/wp-content\/uploads\/2024\/03\/OR-23-BDT60x80cm-duc-me-am-chua-con-2t5.png","type":"image\/png"}],"twitter_card":"summary_large_image","twitter_misc":{"Price":"","Availability":"In stock"},"schema":{"@context":"https:\/\/schema.org","@graph":[{"@type":"WebPage","@id":"https:\/\/maison-chance.org\/shop\/en\/product\/the-virgin-mary-cradling-the-lord","url":"https:\/\/maison-chance.org\/shop\/en\/product\/the-virgin-mary-cradling-the-lord","name":"The Virgin Mary cradling the Lord - Nh\u00e0 May M\u1eafn - Maison Chance","isPartOf":{"@id":"https:\/\/maison-chance.org\/shop\/en#website"},"primaryImageOfPage":{"@id":"https:\/\/maison-chance.org\/shop\/en\/product\/the-virgin-mary-cradling-the-lord#primaryimage"},"image":{"@id":"https:\/\/maison-chance.org\/shop\/en\/product\/the-virgin-mary-cradling-the-lord#primaryimage"},"thumbnailUrl":"https:\/\/maison-chance.org\/shop\/wp-content\/uploads\/2024\/03\/OR-23-BDT60x80cm-duc-me-am-chua-con-2t5.png","datePublished":"2024-03-08T15:08:26+00:00","dateModified":"2024-03-08T15:23:37+00:00","breadcrumb":{"@id":"https:\/\/maison-chance.org\/shop\/en\/product\/the-virgin-mary-cradling-the-lord#breadcrumb"},"inLanguage":"en-US","potentialAction":[{"@type":"ReadAction","target":["https:\/\/maison-chance.org\/shop\/en\/product\/the-virgin-mary-cradling-the-lord"]}]},{"@type":"ImageObject","inLanguage":"en-US","@id":"https:\/\/maison-chance.org\/shop\/en\/product\/the-virgin-mary-cradling-the-lord#primaryimage","url":"https:\/\/maison-chance.org\/shop\/wp-content\/uploads\/2024\/03\/OR-23-BDT60x80cm-duc-me-am-chua-con-2t5.png","contentUrl":"https:\/\/maison-chance.org\/shop\/wp-content\/uploads\/2024\/03\/OR-23-BDT60x80cm-duc-me-am-chua-con-2t5.png","width":600,"height":600,"caption":"The Virgin Mary cradling the Lord"},{"@type":"BreadcrumbList","@id":"https:\/\/maison-chance.org\/shop\/en\/product\/the-virgin-mary-cradling-the-lord#breadcrumb","itemListElement":[{"@type":"ListItem","position":1,"name":"Trang ch\u1ee7","item":"https:\/\/maison-chance.org\/shop\/en"},{"@type":"ListItem","position":2,"name":"Shop","item":"https:\/\/maison-chance.org\/shop\/shop"},{"@type":"ListItem","position":3,"name":"The Virgin Mary cradling the Lord"}]},{"@type":"WebSite","@id":"https:\/\/maison-chance.org\/shop\/en#website","url":"https:\/\/maison-chance.org\/shop\/en","name":"Nh\u00e0 May M\u1eafn - Maison Chance","description":"M\u1ecdi l\u1ee3i nhu\u1eadn thu v\u1ec1 t\u1eeb vi\u1ec7c b\u00e1n h\u00e0ng s\u1ebd tr\u00edch m\u1ed9t ph\u1ea7n \u0111\u1ec3 ch\u0103m lo cho \u0111\u1eddi s\u1ed1ng c\u00e1c b\u1ea1n khuy\u1ebft t\u1eadt v\u00e0 tr\u1ebb m\u1ed3 c\u00f4i \u1edf \u0111\u00e2y","publisher":{"@id":"https:\/\/maison-chance.org\/shop\/en#organization"},"potentialAction":[{"@type":"SearchAction","target":{"@type":"EntryPoint","urlTemplate":"https:\/\/maison-chance.org\/shop\/en?s={search_term_string}"},"query-input":{"@type":"PropertyValueSpecification","valueRequired":true,"valueName":"search_term_string"}}],"inLanguage":"en-US"},{"@type":"Organization","@id":"https:\/\/maison-chance.org\/shop\/en#organization","name":"Nh\u00e0 May M\u1eafn - Maison Chance","url":"https:\/\/maison-chance.org\/shop\/en","logo":{"@type":"ImageObject","inLanguage":"en-US","@id":"https:\/\/maison-chance.org\/shop\/en#\/schema\/logo\/image\/","url":"https:\/\/maison-chance.org\/shop\/wp-content\/uploads\/2024\/03\/cropped-Logo_DNXH.png","contentUrl":"https:\/\/maison-chance.org\/shop\/wp-content\/uploads\/2024\/03\/cropped-Logo_DNXH.png","width":512,"height":512,"caption":"Nh\u00e0 May M\u1eafn - Maison Chance"},"image":{"@id":"https:\/\/maison-chance.org\/shop\/en#\/schema\/logo\/image\/"},"sameAs":["https:\/\/www.facebook.com\/dnxh.nhamayman\/"]}]},"product_price_amount":"0.00","product_price_currency":"USD","og_availability":"instock","product_availability":"instock","product_condition":"new"},"_links":{"self":[{"href":"https:\/\/maison-chance.org\/shop\/en\/wp-json\/wp\/v2\/product\/30548","targetHints":{"allow":["GET"]}}],"collection":[{"href":"https:\/\/maison-chance.org\/shop\/en\/wp-json\/wp\/v2\/product"}],"about":[{"href":"https:\/\/maison-chance.org\/shop\/en\/wp-json\/wp\/v2\/types\/product"}],"wp:featuredmedia":[{"embeddable":true,"href":"https:\/\/maison-chance.org\/shop\/en\/wp-json\/wp\/v2\/media\/30545"}],"wp:attachment":[{"href":"https:\/\/maison-chance.org\/shop\/en\/wp-json\/wp\/v2\/media?parent=30548"}],"wp:term":[{"taxonomy":"product_brand","embeddable":true,"href":"https:\/\/maison-chance.org\/shop\/en\/wp-json\/wp\/v2\/product_brand?post=30548"},{"taxonomy":"product_cat","embeddable":true,"href":"https:\/\/maison-chance.org\/shop\/en\/wp-json\/wp\/v2\/product_cat?post=30548"},{"taxonomy":"product_tag","embeddable":true,"href":"https:\/\/maison-chance.org\/shop\/en\/wp-json\/wp\/v2\/product_tag?post=30548"}],"curies":[{"name":"wp","href":"https:\/\/api.w.org\/{rel}","templated":true}]}}