{"id":41017,"date":"2024-11-07T07:00:39","date_gmt":"2024-11-07T00:00:39","guid":{"rendered":"https:\/\/maison-chance.org\/shop\/san-pham\/cat-4"},"modified":"2025-03-17T10:08:30","modified_gmt":"2025-03-17T03:08:30","slug":"cat-4","status":"publish","type":"product","link":"https:\/\/maison-chance.org\/shop\/en\/product\/cat-4","title":{"rendered":"Cat"},"content":{"rendered":"<p style=\"text-align: justify;\">Did you know? In feng shui, the cat is a symbol of luck, wealth, and peace. In spirituality, cats bring sensitivity and protect their owners from negative energy. And in matters of the heart, a small, adorable cat can help you convey sincere love to the recipient.<\/p>\n<p>Not just a handmade item, the brocade fabric cat also carries the essence of culture and spiritual belief. According to folk tradition, cats bring abundance, ward off misfortune, and attract positive energy. Place a fabric cat in your home, on your desk, or carry it with you, and you\u2019ll feel a sense of calm and positivity every day.<\/p>\n<p>Every detail of this product is meticulously hand-stitched with precision, creating a lively and captivating appearance. The soft, breathable brocade fabric ensures comfort when held. Available in three different sizes (5 \u00d7 11 cm, 7 \u00d7 14 cm, 8 \u00d7 16 cm), you can choose the perfect size for your space.<\/p>\n<p data-start=\"463\" data-end=\"504\"><strong data-start=\"466\" data-end=\"502\">A meaningful gift for all ages<\/strong><\/p>\n<ul data-start=\"505\" data-end=\"674\">\n<li data-start=\"505\" data-end=\"560\">Children delight in the colorful, lovable cat.<\/li>\n<li data-start=\"561\" data-end=\"618\">Adults cherish its craftsmanship and feng shui significance.<\/li>\n<li data-start=\"619\" data-end=\"674\">A warm gift for those you care about.<\/li>\n<\/ul>\n<p style=\"text-align: justify;\">Unlike mass-produced items, the brocade fabric cat is carefully hand-sewn by disabled artisans at Maison Chance, with each stitch infused with perseverance, love, and dreams of a brighter future. When you own one of these cats, you\u2019re not just bringing luck into your home\u2014you\u2019re also giving opportunities to society\u2019s underprivileged.<\/p>\n<p style=\"text-align: justify;\">Purchase a brocade fabric cat today to decorate your living space and support the disabled tailors at <a href=\"https:\/\/maison-chance.org\/shop\">Maison Chance<\/a>. By buying from Maison Chance, you\u2019re helping to build a better future for people with disabilities, giving them opportunities to grow and become self-reliant.<\/p>\n<p>Cherish the value of craftsmanship and spread love!<\/p>\n<p><strong><em>Little cat &#8211; Great charm, love full circle!<\/em><\/strong><\/p>\n","protected":false},"excerpt":{"rendered":"<p style=\"text-align: justify;\">Products handmade by our less fortunate disabled friends kindly request support from valued customers.<\/p>\n<p>Material: Brocade fabric<\/p>\n<p>Code: TC04TB<\/p>\n<p>Hotline: <span style=\"font-size: 20px;\"><strong><span style=\"color: #ff0000;\">0909 06 25 28<\/span><\/strong><\/span><\/p>\n<p style=\"text-align: justify;\">If you are in Vietnam, please contact us via hotline or Maison Chance business fanpage to know the price in Vietnam.<\/p>\n","protected":false},"featured_media":36946,"template":"","meta":[],"product_brand":[],"product_cat":[230,242],"product_tag":[],"class_list":{"0":"post-41017","1":"product","2":"type-product","3":"status-publish","4":"has-post-thumbnail","6":"product_cat-sewing-room","7":"product_cat-stuffed-animal-sewing-room","9":"first","10":"instock","11":"shipping-taxable","12":"purchasable","13":"product-type-variable"},"yoast_head":"<!-- This site is optimized with the Yoast SEO Premium plugin v22.7 (Yoast SEO v25.3.1) - https:\/\/yoast.com\/wordpress\/plugins\/seo\/ -->\n<title>Cat- brocade fabric stuffed toy - Nh\u00e0 May M\u1eafn - Maison Chance<\/title>\n<meta name=\"description\" content=\"Buy now the Brocade Fabric Cat Stuffed Toy to decorate your living space and support disabled tailors at Maison Chance. Each product brings not only beauty but also values of love and sharing\" \/>\n<meta name=\"robots\" content=\"index, follow, max-snippet:-1, max-image-preview:large, max-video-preview:-1\" \/>\n<link rel=\"canonical\" href=\"https:\/\/maison-chance.org\/shop\/en\/product\/cat-4\" \/>\n<meta property=\"og:locale\" content=\"en_US\" \/>\n<meta property=\"og:type\" content=\"article\" \/>\n<meta property=\"og:title\" content=\"Cat\" \/>\n<meta property=\"og:description\" content=\"Buy now the Brocade Fabric Cat Stuffed Toy to decorate your living space and support disabled tailors at Maison Chance. Each product brings not only beauty but also values of love and sharing\" \/>\n<meta property=\"og:url\" content=\"https:\/\/maison-chance.org\/shop\/en\/product\/cat-4\" \/>\n<meta property=\"og:site_name\" content=\"Nh\u00e0 May M\u1eafn - Maison Chance\" \/>\n<meta property=\"article:publisher\" content=\"https:\/\/www.facebook.com\/dnxh.nhamayman\/\" \/>\n<meta property=\"article:modified_time\" content=\"2025-03-17T03:08:30+00:00\" \/>\n<meta property=\"og:image\" content=\"https:\/\/maison-chance.org\/shop\/wp-content\/uploads\/2024\/04\/thu-nhoi-bong-hinh-con-meo-vai-tho-cam-1.jpg\" \/>\n\t<meta property=\"og:image:width\" content=\"600\" \/>\n\t<meta property=\"og:image:height\" content=\"600\" \/>\n\t<meta property=\"og:image:type\" content=\"image\/jpeg\" \/>\n<meta name=\"twitter:card\" content=\"summary_large_image\" \/>\n<meta name=\"twitter:label1\" content=\"Availability\" \/>\n\t<meta name=\"twitter:data1\" content=\"In stock\" \/>\n<script type=\"application\/ld+json\" class=\"yoast-schema-graph\">{\"@context\":\"https:\/\/schema.org\",\"@graph\":[{\"@type\":\"WebPage\",\"@id\":\"https:\/\/maison-chance.org\/shop\/en\/product\/cat-4\",\"url\":\"https:\/\/maison-chance.org\/shop\/en\/product\/cat-4\",\"name\":\"Cat- brocade fabric stuffed toy - Nh\u00e0 May M\u1eafn - Maison Chance\",\"isPartOf\":{\"@id\":\"https:\/\/maison-chance.org\/shop\/en#website\"},\"primaryImageOfPage\":{\"@id\":\"https:\/\/maison-chance.org\/shop\/en\/product\/cat-4#primaryimage\"},\"image\":{\"@id\":\"https:\/\/maison-chance.org\/shop\/en\/product\/cat-4#primaryimage\"},\"thumbnailUrl\":\"https:\/\/maison-chance.org\/shop\/wp-content\/uploads\/2024\/04\/thu-nhoi-bong-hinh-con-meo-vai-tho-cam-1.jpg\",\"datePublished\":\"2024-11-07T00:00:39+00:00\",\"dateModified\":\"2025-03-17T03:08:30+00:00\",\"description\":\"Buy now the Brocade Fabric Cat Stuffed Toy to decorate your living space and support disabled tailors at Maison Chance. Each product brings not only beauty but also values of love and sharing\",\"breadcrumb\":{\"@id\":\"https:\/\/maison-chance.org\/shop\/en\/product\/cat-4#breadcrumb\"},\"inLanguage\":\"en-US\",\"potentialAction\":[{\"@type\":\"ReadAction\",\"target\":[\"https:\/\/maison-chance.org\/shop\/en\/product\/cat-4\"]}]},{\"@type\":\"ImageObject\",\"inLanguage\":\"en-US\",\"@id\":\"https:\/\/maison-chance.org\/shop\/en\/product\/cat-4#primaryimage\",\"url\":\"https:\/\/maison-chance.org\/shop\/wp-content\/uploads\/2024\/04\/thu-nhoi-bong-hinh-con-meo-vai-tho-cam-1.jpg\",\"contentUrl\":\"https:\/\/maison-chance.org\/shop\/wp-content\/uploads\/2024\/04\/thu-nhoi-bong-hinh-con-meo-vai-tho-cam-1.jpg\",\"width\":600,\"height\":600,\"caption\":\"Brocade Fabric Cat Stuffed Toy\"},{\"@type\":\"BreadcrumbList\",\"@id\":\"https:\/\/maison-chance.org\/shop\/en\/product\/cat-4#breadcrumb\",\"itemListElement\":[{\"@type\":\"ListItem\",\"position\":1,\"name\":\"Trang ch\u1ee7\",\"item\":\"https:\/\/maison-chance.org\/shop\/en\"},{\"@type\":\"ListItem\",\"position\":2,\"name\":\"Shop\",\"item\":\"https:\/\/maison-chance.org\/shop\/shop\"},{\"@type\":\"ListItem\",\"position\":3,\"name\":\"Cat\"}]},{\"@type\":\"WebSite\",\"@id\":\"https:\/\/maison-chance.org\/shop\/en#website\",\"url\":\"https:\/\/maison-chance.org\/shop\/en\",\"name\":\"Nh\u00e0 May M\u1eafn - Maison Chance\",\"description\":\"M\u1ecdi l\u1ee3i nhu\u1eadn thu v\u1ec1 t\u1eeb vi\u1ec7c b\u00e1n h\u00e0ng s\u1ebd tr\u00edch m\u1ed9t ph\u1ea7n \u0111\u1ec3 ch\u0103m lo cho \u0111\u1eddi s\u1ed1ng c\u00e1c b\u1ea1n khuy\u1ebft t\u1eadt v\u00e0 tr\u1ebb m\u1ed3 c\u00f4i \u1edf \u0111\u00e2y\",\"publisher\":{\"@id\":\"https:\/\/maison-chance.org\/shop\/en#organization\"},\"potentialAction\":[{\"@type\":\"SearchAction\",\"target\":{\"@type\":\"EntryPoint\",\"urlTemplate\":\"https:\/\/maison-chance.org\/shop\/en?s={search_term_string}\"},\"query-input\":{\"@type\":\"PropertyValueSpecification\",\"valueRequired\":true,\"valueName\":\"search_term_string\"}}],\"inLanguage\":\"en-US\"},{\"@type\":\"Organization\",\"@id\":\"https:\/\/maison-chance.org\/shop\/en#organization\",\"name\":\"Nh\u00e0 May M\u1eafn - Maison Chance\",\"url\":\"https:\/\/maison-chance.org\/shop\/en\",\"logo\":{\"@type\":\"ImageObject\",\"inLanguage\":\"en-US\",\"@id\":\"https:\/\/maison-chance.org\/shop\/en#\/schema\/logo\/image\/\",\"url\":\"https:\/\/maison-chance.org\/shop\/wp-content\/uploads\/2024\/03\/cropped-Logo_DNXH.png\",\"contentUrl\":\"https:\/\/maison-chance.org\/shop\/wp-content\/uploads\/2024\/03\/cropped-Logo_DNXH.png\",\"width\":512,\"height\":512,\"caption\":\"Nh\u00e0 May M\u1eafn - Maison Chance\"},\"image\":{\"@id\":\"https:\/\/maison-chance.org\/shop\/en#\/schema\/logo\/image\/\"},\"sameAs\":[\"https:\/\/www.facebook.com\/dnxh.nhamayman\/\"]}]}<\/script>\n<meta property=\"og:availability\" content=\"instock\" \/>\n<meta property=\"product:availability\" content=\"instock\" \/>\n<meta property=\"product:condition\" content=\"new\" \/>\n<!-- \/ Yoast SEO Premium plugin. -->","yoast_head_json":{"title":"Cat- brocade fabric stuffed toy - Nh\u00e0 May M\u1eafn - Maison Chance","description":"Buy now the Brocade Fabric Cat Stuffed Toy to decorate your living space and support disabled tailors at Maison Chance. Each product brings not only beauty but also values of love and sharing","robots":{"index":"index","follow":"follow","max-snippet":"max-snippet:-1","max-image-preview":"max-image-preview:large","max-video-preview":"max-video-preview:-1"},"canonical":"https:\/\/maison-chance.org\/shop\/en\/product\/cat-4","og_locale":"en_US","og_type":"article","og_title":"Cat","og_description":"Buy now the Brocade Fabric Cat Stuffed Toy to decorate your living space and support disabled tailors at Maison Chance. Each product brings not only beauty but also values of love and sharing","og_url":"https:\/\/maison-chance.org\/shop\/en\/product\/cat-4","og_site_name":"Nh\u00e0 May M\u1eafn - Maison Chance","article_publisher":"https:\/\/www.facebook.com\/dnxh.nhamayman\/","article_modified_time":"2025-03-17T03:08:30+00:00","og_image":[{"width":600,"height":600,"url":"https:\/\/maison-chance.org\/shop\/wp-content\/uploads\/2024\/04\/thu-nhoi-bong-hinh-con-meo-vai-tho-cam-1.jpg","type":"image\/jpeg"}],"twitter_card":"summary_large_image","twitter_misc":{"Availability":"In stock"},"schema":{"@context":"https:\/\/schema.org","@graph":[{"@type":"WebPage","@id":"https:\/\/maison-chance.org\/shop\/en\/product\/cat-4","url":"https:\/\/maison-chance.org\/shop\/en\/product\/cat-4","name":"Cat- brocade fabric stuffed toy - Nh\u00e0 May M\u1eafn - Maison Chance","isPartOf":{"@id":"https:\/\/maison-chance.org\/shop\/en#website"},"primaryImageOfPage":{"@id":"https:\/\/maison-chance.org\/shop\/en\/product\/cat-4#primaryimage"},"image":{"@id":"https:\/\/maison-chance.org\/shop\/en\/product\/cat-4#primaryimage"},"thumbnailUrl":"https:\/\/maison-chance.org\/shop\/wp-content\/uploads\/2024\/04\/thu-nhoi-bong-hinh-con-meo-vai-tho-cam-1.jpg","datePublished":"2024-11-07T00:00:39+00:00","dateModified":"2025-03-17T03:08:30+00:00","description":"Buy now the Brocade Fabric Cat Stuffed Toy to decorate your living space and support disabled tailors at Maison Chance. Each product brings not only beauty but also values of love and sharing","breadcrumb":{"@id":"https:\/\/maison-chance.org\/shop\/en\/product\/cat-4#breadcrumb"},"inLanguage":"en-US","potentialAction":[{"@type":"ReadAction","target":["https:\/\/maison-chance.org\/shop\/en\/product\/cat-4"]}]},{"@type":"ImageObject","inLanguage":"en-US","@id":"https:\/\/maison-chance.org\/shop\/en\/product\/cat-4#primaryimage","url":"https:\/\/maison-chance.org\/shop\/wp-content\/uploads\/2024\/04\/thu-nhoi-bong-hinh-con-meo-vai-tho-cam-1.jpg","contentUrl":"https:\/\/maison-chance.org\/shop\/wp-content\/uploads\/2024\/04\/thu-nhoi-bong-hinh-con-meo-vai-tho-cam-1.jpg","width":600,"height":600,"caption":"Brocade Fabric Cat Stuffed Toy"},{"@type":"BreadcrumbList","@id":"https:\/\/maison-chance.org\/shop\/en\/product\/cat-4#breadcrumb","itemListElement":[{"@type":"ListItem","position":1,"name":"Trang ch\u1ee7","item":"https:\/\/maison-chance.org\/shop\/en"},{"@type":"ListItem","position":2,"name":"Shop","item":"https:\/\/maison-chance.org\/shop\/shop"},{"@type":"ListItem","position":3,"name":"Cat"}]},{"@type":"WebSite","@id":"https:\/\/maison-chance.org\/shop\/en#website","url":"https:\/\/maison-chance.org\/shop\/en","name":"Nh\u00e0 May M\u1eafn - Maison Chance","description":"M\u1ecdi l\u1ee3i nhu\u1eadn thu v\u1ec1 t\u1eeb vi\u1ec7c b\u00e1n h\u00e0ng s\u1ebd tr\u00edch m\u1ed9t ph\u1ea7n \u0111\u1ec3 ch\u0103m lo cho \u0111\u1eddi s\u1ed1ng c\u00e1c b\u1ea1n khuy\u1ebft t\u1eadt v\u00e0 tr\u1ebb m\u1ed3 c\u00f4i \u1edf \u0111\u00e2y","publisher":{"@id":"https:\/\/maison-chance.org\/shop\/en#organization"},"potentialAction":[{"@type":"SearchAction","target":{"@type":"EntryPoint","urlTemplate":"https:\/\/maison-chance.org\/shop\/en?s={search_term_string}"},"query-input":{"@type":"PropertyValueSpecification","valueRequired":true,"valueName":"search_term_string"}}],"inLanguage":"en-US"},{"@type":"Organization","@id":"https:\/\/maison-chance.org\/shop\/en#organization","name":"Nh\u00e0 May M\u1eafn - Maison Chance","url":"https:\/\/maison-chance.org\/shop\/en","logo":{"@type":"ImageObject","inLanguage":"en-US","@id":"https:\/\/maison-chance.org\/shop\/en#\/schema\/logo\/image\/","url":"https:\/\/maison-chance.org\/shop\/wp-content\/uploads\/2024\/03\/cropped-Logo_DNXH.png","contentUrl":"https:\/\/maison-chance.org\/shop\/wp-content\/uploads\/2024\/03\/cropped-Logo_DNXH.png","width":512,"height":512,"caption":"Nh\u00e0 May M\u1eafn - Maison Chance"},"image":{"@id":"https:\/\/maison-chance.org\/shop\/en#\/schema\/logo\/image\/"},"sameAs":["https:\/\/www.facebook.com\/dnxh.nhamayman\/"]}]},"og_availability":"instock","product_availability":"instock","product_condition":"new"},"_links":{"self":[{"href":"https:\/\/maison-chance.org\/shop\/en\/wp-json\/wp\/v2\/product\/41017","targetHints":{"allow":["GET"]}}],"collection":[{"href":"https:\/\/maison-chance.org\/shop\/en\/wp-json\/wp\/v2\/product"}],"about":[{"href":"https:\/\/maison-chance.org\/shop\/en\/wp-json\/wp\/v2\/types\/product"}],"wp:featuredmedia":[{"embeddable":true,"href":"https:\/\/maison-chance.org\/shop\/en\/wp-json\/wp\/v2\/media\/36946"}],"wp:attachment":[{"href":"https:\/\/maison-chance.org\/shop\/en\/wp-json\/wp\/v2\/media?parent=41017"}],"wp:term":[{"taxonomy":"product_brand","embeddable":true,"href":"https:\/\/maison-chance.org\/shop\/en\/wp-json\/wp\/v2\/product_brand?post=41017"},{"taxonomy":"product_cat","embeddable":true,"href":"https:\/\/maison-chance.org\/shop\/en\/wp-json\/wp\/v2\/product_cat?post=41017"},{"taxonomy":"product_tag","embeddable":true,"href":"https:\/\/maison-chance.org\/shop\/en\/wp-json\/wp\/v2\/product_tag?post=41017"}],"curies":[{"name":"wp","href":"https:\/\/api.w.org\/{rel}","templated":true}]}}