{"id":32286,"date":"2024-03-10T00:14:04","date_gmt":"2024-03-09T17:14:04","guid":{"rendered":"https:\/\/maison-chance.org\/shop\/restaurant-maison-chance-dak-nong"},"modified":"2024-05-25T09:02:47","modified_gmt":"2024-05-25T02:02:47","slug":"restaurant-maison-chance-dak-nong","status":"publish","type":"page","link":"https:\/\/maison-chance.org\/shop\/fr\/restaurant-maison-chance-dak-nong","title":{"rendered":"Restaurant Maison Chance Dak Nong"},"content":{"rendered":"<p style=\"text-align: center;\"><span style=\"color: #ed1c24; font-size: 160%;\">Restaurant Maison Chance &#8211; Une cuisine d\u00e9licieuse dans les hauts plateaux du Tay Nguyen<\/span><\/p>\n<div style=\"text-align: justify;\">\n<p>Situ\u00e9 au milieu de la nature majestueuse du Dak Nong Tay Nguyen, le Restaurant Maison Chance n&rsquo;est pas seulement un restaurant mais aussi une destination pour des exp\u00e9riences culinaires et culturelles uniques. Depuis notre ouverture en 2019, nous avons gagn\u00e9 la confiance et les \u00e9loges des habitants et des visiteurs. Engag\u00e9s envers la qualit\u00e9 et la d\u00e9dication, nous nous effor\u00e7ons continuellement de nous am\u00e9liorer pour fournir les repas les plus complets \u00e0 nos clients.\n<\/p><\/div>\n<div class=\"row\"  id=\"row-127378627\">\n\n\t<div id=\"col-1388701497\" class=\"col medium-6 small-12 large-6\"  >\n\t\t\t\t<div class=\"col-inner\"  >\n\t\t\t\n\t\t\t\n\t<div class=\"img has-hover x md-x lg-x y md-y lg-y\" id=\"image_1589323079\">\n\t\t\t\t\t\t\t\t<div class=\"img-inner dark\" >\n\t\t\t<img decoding=\"async\" width=\"600\" height=\"450\" src=\"https:\/\/maison-chance.org\/shop\/wp-content\/uploads\/2024\/03\/quan-an-Nha-May-Man-1.png\" class=\"attachment-large size-large\" alt=\"\" srcset=\"https:\/\/maison-chance.org\/shop\/wp-content\/uploads\/2024\/03\/quan-an-Nha-May-Man-1.png 600w, https:\/\/maison-chance.org\/shop\/wp-content\/uploads\/2024\/03\/quan-an-Nha-May-Man-1-533x400.png 533w, https:\/\/maison-chance.org\/shop\/wp-content\/uploads\/2024\/03\/quan-an-Nha-May-Man-1-510x383.png 510w\" sizes=\"(max-width: 600px) 100vw, 600px\" \/>\t\t\t\t\t\t\n\t\t\t\t\t<\/div>\n\t\t\t\t\t\t\t\t\n<style>\n#image_1589323079 {\n  width: 100%;\n}\n<\/style>\n\t<\/div>\n\t\n\t\t<\/div>\n\t\t\t\t\t<\/div>\n\n\t\n\n\t<div id=\"col-1551232115\" class=\"col medium-6 small-12 large-6\"  >\n\t\t\t\t<div class=\"col-inner\"  >\n\t\t\t\n\t\t\t\n\t<div id=\"gap-381858793\" class=\"gap-element clearfix\" style=\"display:block; height:auto;\">\n\t\t\n<style>\n#gap-381858793 {\n  padding-top: 100px;\n}\n<\/style>\n\t<\/div>\n\t\n<div style=\"text-align: justify;\">\n<p>Maison Chance n&rsquo;est pas seulement un endroit o\u00f9 les invit\u00e9s viennent savourer des saveurs, mais aussi une maison d&rsquo;exp\u00e9riences m\u00e9morables. Il sert de conduit pour les habitants et les voyageurs afin de se connecter avec le Centre Maison Chance \u00e0 Dak Nong, o\u00f9 les projets caritatifs non gouvernementaux de Maison Chance voient le jour pour aider ceux dans le besoin avec chaleur et soutien communautaire.\n<\/p><\/div>\n\t\t<\/div>\n\t\t\t\t\t<\/div>\n\n\t\n<\/div>\n<div class=\"row\"  id=\"row-916293675\">\n\n\t<div id=\"col-1843664718\" class=\"col medium-6 small-12 large-6\"  >\n\t\t\t\t<div class=\"col-inner\"  >\n\t\t\t\n\t\t\t\n\t<div id=\"gap-1712567909\" class=\"gap-element clearfix\" style=\"display:block; height:auto;\">\n\t\t\n<style>\n#gap-1712567909 {\n  padding-top: 100px;\n}\n<\/style>\n\t<\/div>\n\t\n<div style=\"text-align: justify;\">\n<p>Maison Chance se distingue par son espace spacieux et a\u00e9r\u00e9, con\u00e7u pour se fondre avec la nature et surpasser les \u00e9tablissements voisins. Il offre un cadre id\u00e9al pour que les invit\u00e9s se d\u00e9tendent et savourent de d\u00e9licieux plats.<\/p>\n<p>Les normes de service au Restaurant Maison Chance vont au-del\u00e0 de la simple qualit\u00e9 et du go\u00fbt. Notre \u00e9quipe professionnelle veille \u00e0 ce que chaque invit\u00e9 soit servi avec attention et de tout c\u0153ur, des boissons rafra\u00eechissantes aux plats vari\u00e9s.\n<\/p><\/div>\n\t\t<\/div>\n\t\t\t\t\t<\/div>\n\n\t\n\n\t<div id=\"col-495012439\" class=\"col medium-6 small-12 large-6\"  >\n\t\t\t\t<div class=\"col-inner\"  >\n\t\t\t\n\t\t\t\n\t<div class=\"img has-hover x md-x lg-x y md-y lg-y\" id=\"image_1165227234\">\n\t\t\t\t\t\t\t\t<div class=\"img-inner dark\" >\n\t\t\t<img decoding=\"async\" width=\"600\" height=\"450\" src=\"https:\/\/maison-chance.org\/shop\/wp-content\/uploads\/2024\/03\/quan-an-Nha-May-Man-3.png\" class=\"attachment-large size-large\" alt=\"\" srcset=\"https:\/\/maison-chance.org\/shop\/wp-content\/uploads\/2024\/03\/quan-an-Nha-May-Man-3.png 600w, https:\/\/maison-chance.org\/shop\/wp-content\/uploads\/2024\/03\/quan-an-Nha-May-Man-3-533x400.png 533w, https:\/\/maison-chance.org\/shop\/wp-content\/uploads\/2024\/03\/quan-an-Nha-May-Man-3-510x383.png 510w\" sizes=\"(max-width: 600px) 100vw, 600px\" \/>\t\t\t\t\t\t\n\t\t\t\t\t<\/div>\n\t\t\t\t\t\t\t\t\n<style>\n#image_1165227234 {\n  width: 100%;\n}\n<\/style>\n\t<\/div>\n\t\n\t\t<\/div>\n\t\t\t\t\t<\/div>\n\n\t\n<\/div>\n<div class=\"row\"  id=\"row-1532812001\">\n\n\t<div id=\"col-1000082675\" class=\"col medium-6 small-12 large-6\"  >\n\t\t\t\t<div class=\"col-inner\"  >\n\t\t\t\n\t\t\t\n\t<div class=\"img has-hover x md-x lg-x y md-y lg-y\" id=\"image_288084825\">\n\t\t\t\t\t\t\t\t<div class=\"img-inner dark\" >\n\t\t\t<img decoding=\"async\" width=\"1020\" height=\"680\" src=\"https:\/\/maison-chance.org\/shop\/wp-content\/uploads\/2024\/03\/quan-an-Nha-May-Man-2-1200x800.jpg\" class=\"attachment-large size-large\" alt=\"\" srcset=\"https:\/\/maison-chance.org\/shop\/wp-content\/uploads\/2024\/03\/quan-an-Nha-May-Man-2-1200x800.jpg 1200w, https:\/\/maison-chance.org\/shop\/wp-content\/uploads\/2024\/03\/quan-an-Nha-May-Man-2-600x400.jpg 600w, https:\/\/maison-chance.org\/shop\/wp-content\/uploads\/2024\/03\/quan-an-Nha-May-Man-2-768x512.jpg 768w, https:\/\/maison-chance.org\/shop\/wp-content\/uploads\/2024\/03\/quan-an-Nha-May-Man-2-1536x1024.jpg 1536w, https:\/\/maison-chance.org\/shop\/wp-content\/uploads\/2024\/03\/quan-an-Nha-May-Man-2-2048x1365.jpg 2048w, https:\/\/maison-chance.org\/shop\/wp-content\/uploads\/2024\/03\/quan-an-Nha-May-Man-2-510x340.jpg 510w\" sizes=\"(max-width: 1020px) 100vw, 1020px\" \/>\t\t\t\t\t\t\n\t\t\t\t\t<\/div>\n\t\t\t\t\t\t\t\t\n<style>\n#image_288084825 {\n  width: 100%;\n}\n<\/style>\n\t<\/div>\n\t\n\t\t<\/div>\n\t\t\t\t\t<\/div>\n\n\t\n\n\t<div id=\"col-1152873240\" class=\"col medium-6 small-12 large-6\"  >\n\t\t\t\t<div class=\"col-inner\"  >\n\t\t\t\n\t\t\t\n\t<div id=\"gap-898147089\" class=\"gap-element clearfix\" style=\"display:block; height:auto;\">\n\t\t\n<style>\n#gap-898147089 {\n  padding-top: 80px;\n}\n<\/style>\n\t<\/div>\n\t\n<div style=\"text-align: justify;\">\n<p>En plus d&rsquo;un menu riche proposant des sp\u00e9cialit\u00e9s des Hauts Plateaux et des plats fusion europ\u00e9ens-asiatiques, Maison Chance est \u00e9galement fi\u00e8re de sa large s\u00e9lection de boissons rafra\u00eechissantes provenant de la r\u00e9gion des Hauts Plateaux. La qualit\u00e9 et l&rsquo;attention port\u00e9e \u00e0 chaque service sont les raisons pour lesquelles le restaurant est devenu un point de rendez-vous excitant pour les habitants et les touristes internationaux, o\u00f9 ils peuvent profiter du bonheur, se rencontrer et se d\u00e9tendre.\n<\/p><\/div>\n\t\t<\/div>\n\t\t\t\t\t<\/div>\n\n\t\n<\/div>\n<div style=\"text-align: justify;\">\n<p>En plus d&rsquo;accueillir des invit\u00e9s quotidiens, Lucky House est \u00e9galement un lieu id\u00e9al pour organiser des \u00e9v\u00e9nements sp\u00e9ciaux tels que des anniversaires, des r\u00e9unions, des f\u00eates de fin d&rsquo;ann\u00e9e ou des retrouvailles. Avec une croyance en la qualit\u00e9, nous fournissons un espace chaleureux et m\u00e9morable pour chaque occasion.<\/p>\n<p>Le Restaurant Maison Chance est ouvert tous les jours de 6h00 \u00e0 21h00.<\/p>\n<p>Adresse : Th\u00f4n \u0110\u1ee9c L\u1eadp, Commune de \u0110\u1eafk S\u00f4r, District de Kr\u00f4ng N\u00f4, Province de \u0110\u1eafk N\u00f4ng.<\/p>\n<p>Veuillez nous contacter au <strong>02616.509.777<\/strong> pour faire une r\u00e9servation et d\u00e9couvrir l&rsquo;ambiance merveilleuse du Restaurant Maison Chance.\n<\/div>\n<p style=\"text-align: center;\"><span style=\"color: #ed1c24;\"><strong>Pr\u00e9sentation de notre menu :<\/strong><\/span><\/p>\n<p style=\"text-align: center;\"><div class=\"_df_thumb \" id=\"df_39318\"  _slug=\"menu\" data-title=\"menu\" wpoptions=\"true\" thumb=\"https:\/\/maison-chance.org\/shop\/wp-content\/uploads\/2024\/05\/menu_00001.jpg\" thumbtype=\"\" >Menu<\/div><script class=\"df-shortcode-script\" nowprocket type=\"application\/javascript\">window.option_df_39318 = {\"webgl\":\"false\",\"outline\":[],\"autoEnableOutline\":\"false\",\"autoEnableThumbnail\":\"false\",\"overwritePDFOutline\":\"false\",\"direction\":\"1\",\"pageSize\":\"0\",\"source\":\"https:\\\/\\\/maison-chance.org\\\/shop\\\/wp-content\\\/uploads\\\/2024\\\/03\\\/menu.pdf\",\"wpOptions\":\"true\"}; if(window.DFLIP && window.DFLIP.parseBooks){window.DFLIP.parseBooks();}<\/script>\n","protected":false},"excerpt":{"rendered":"<p>Restaurant Maison Chance &#8211; Une cuisine d\u00e9licieuse dans les hauts plateaux du Tay Nguyen Situ\u00e9 au milieu de la nature majestueuse du Dak Nong Tay Nguyen, le Restaurant Maison Chance n&rsquo;est pas seulement un restaurant mais aussi une destination pour des exp\u00e9riences culinaires et culturelles uniques. Depuis notre ouverture en 2019, nous avons gagn\u00e9 la [&#8230;]\n","protected":false},"author":1,"featured_media":30993,"parent":0,"menu_order":0,"comment_status":"closed","ping_status":"closed","template":"","meta":{"footnotes":""},"class_list":["post-32286","page","type-page","status-publish","has-post-thumbnail","hentry"],"yoast_head":"<!-- This site is optimized with the Yoast SEO Premium plugin v22.7 (Yoast SEO v25.3.1) - https:\/\/yoast.com\/wordpress\/plugins\/seo\/ -->\n<title>Restaurant Maison Chance Dak Nong - Nh\u00e0 May M\u1eafn - Maison Chance<\/title>\n<meta name=\"description\" content=\"Le Restaurant Maison Chance Dak Nong n&#039;est pas seulement un endroit o\u00f9 les clients viennent savourer des saveurs, mais aussi une maison d&#039;exp\u00e9riences m\u00e9morables.\" \/>\n<meta name=\"robots\" content=\"index, follow, max-snippet:-1, max-image-preview:large, max-video-preview:-1\" \/>\n<link rel=\"canonical\" href=\"https:\/\/maison-chance.org\/shop\/fr\/restaurant-maison-chance-dak-nong\" \/>\n<meta property=\"og:locale\" content=\"fr_FR\" \/>\n<meta property=\"og:type\" content=\"article\" \/>\n<meta property=\"og:title\" content=\"Restaurant Maison Chance Dak Nong\" \/>\n<meta property=\"og:description\" content=\"Le Restaurant Maison Chance Dak Nong n&#039;est pas seulement un endroit o\u00f9 les clients viennent savourer des saveurs, mais aussi une maison d&#039;exp\u00e9riences m\u00e9morables.\" \/>\n<meta property=\"og:url\" content=\"https:\/\/maison-chance.org\/shop\/fr\/restaurant-maison-chance-dak-nong\" \/>\n<meta property=\"og:site_name\" content=\"Nh\u00e0 May M\u1eafn - Maison Chance\" \/>\n<meta property=\"article:publisher\" content=\"https:\/\/www.facebook.com\/dnxh.nhamayman\/\" \/>\n<meta property=\"article:modified_time\" content=\"2024-05-25T02:02:47+00:00\" \/>\n<meta property=\"og:image\" content=\"https:\/\/maison-chance.org\/shop\/wp-content\/uploads\/2024\/03\/quan-an-Nha-May-Man-1.png\" \/>\n\t<meta property=\"og:image:width\" content=\"600\" \/>\n\t<meta property=\"og:image:height\" content=\"450\" \/>\n\t<meta property=\"og:image:type\" content=\"image\/png\" \/>\n<meta name=\"twitter:card\" content=\"summary_large_image\" \/>\n<meta name=\"twitter:label1\" content=\"Dur\u00e9e de lecture estim\u00e9e\" \/>\n\t<meta name=\"twitter:data1\" content=\"3 minutes\" \/>\n<script type=\"application\/ld+json\" class=\"yoast-schema-graph\">{\"@context\":\"https:\/\/schema.org\",\"@graph\":[{\"@type\":\"WebPage\",\"@id\":\"https:\/\/maison-chance.org\/shop\/fr\/restaurant-maison-chance-dak-nong\",\"url\":\"https:\/\/maison-chance.org\/shop\/fr\/restaurant-maison-chance-dak-nong\",\"name\":\"Restaurant Maison Chance Dak Nong - Nh\u00e0 May M\u1eafn - Maison Chance\",\"isPartOf\":{\"@id\":\"https:\/\/maison-chance.org\/shop\/fr#website\"},\"primaryImageOfPage\":{\"@id\":\"https:\/\/maison-chance.org\/shop\/fr\/restaurant-maison-chance-dak-nong#primaryimage\"},\"image\":{\"@id\":\"https:\/\/maison-chance.org\/shop\/fr\/restaurant-maison-chance-dak-nong#primaryimage\"},\"thumbnailUrl\":\"https:\/\/maison-chance.org\/shop\/wp-content\/uploads\/2024\/03\/quan-an-Nha-May-Man-1.png\",\"datePublished\":\"2024-03-09T17:14:04+00:00\",\"dateModified\":\"2024-05-25T02:02:47+00:00\",\"description\":\"Le Restaurant Maison Chance Dak Nong n'est pas seulement un endroit o\u00f9 les clients viennent savourer des saveurs, mais aussi une maison d'exp\u00e9riences m\u00e9morables.\",\"breadcrumb\":{\"@id\":\"https:\/\/maison-chance.org\/shop\/fr\/restaurant-maison-chance-dak-nong#breadcrumb\"},\"inLanguage\":\"fr-FR\",\"potentialAction\":[{\"@type\":\"ReadAction\",\"target\":[\"https:\/\/maison-chance.org\/shop\/fr\/restaurant-maison-chance-dak-nong\"]}]},{\"@type\":\"ImageObject\",\"inLanguage\":\"fr-FR\",\"@id\":\"https:\/\/maison-chance.org\/shop\/fr\/restaurant-maison-chance-dak-nong#primaryimage\",\"url\":\"https:\/\/maison-chance.org\/shop\/wp-content\/uploads\/2024\/03\/quan-an-Nha-May-Man-1.png\",\"contentUrl\":\"https:\/\/maison-chance.org\/shop\/wp-content\/uploads\/2024\/03\/quan-an-Nha-May-Man-1.png\",\"width\":600,\"height\":450},{\"@type\":\"BreadcrumbList\",\"@id\":\"https:\/\/maison-chance.org\/shop\/fr\/restaurant-maison-chance-dak-nong#breadcrumb\",\"itemListElement\":[{\"@type\":\"ListItem\",\"position\":1,\"name\":\"Trang ch\u1ee7\",\"item\":\"https:\/\/maison-chance.org\/shop\/fr\"},{\"@type\":\"ListItem\",\"position\":2,\"name\":\"Restaurant Maison Chance Dak Nong\"}]},{\"@type\":\"WebSite\",\"@id\":\"https:\/\/maison-chance.org\/shop\/fr#website\",\"url\":\"https:\/\/maison-chance.org\/shop\/fr\",\"name\":\"Nh\u00e0 May M\u1eafn - Maison Chance\",\"description\":\"M\u1ecdi l\u1ee3i nhu\u1eadn thu v\u1ec1 t\u1eeb vi\u1ec7c b\u00e1n h\u00e0ng s\u1ebd tr\u00edch m\u1ed9t ph\u1ea7n \u0111\u1ec3 ch\u0103m lo cho \u0111\u1eddi s\u1ed1ng c\u00e1c b\u1ea1n khuy\u1ebft t\u1eadt v\u00e0 tr\u1ebb m\u1ed3 c\u00f4i \u1edf \u0111\u00e2y\",\"publisher\":{\"@id\":\"https:\/\/maison-chance.org\/shop\/fr#organization\"},\"potentialAction\":[{\"@type\":\"SearchAction\",\"target\":{\"@type\":\"EntryPoint\",\"urlTemplate\":\"https:\/\/maison-chance.org\/shop\/fr?s={search_term_string}\"},\"query-input\":{\"@type\":\"PropertyValueSpecification\",\"valueRequired\":true,\"valueName\":\"search_term_string\"}}],\"inLanguage\":\"fr-FR\"},{\"@type\":\"Organization\",\"@id\":\"https:\/\/maison-chance.org\/shop\/fr#organization\",\"name\":\"Nh\u00e0 May M\u1eafn - Maison Chance\",\"url\":\"https:\/\/maison-chance.org\/shop\/fr\",\"logo\":{\"@type\":\"ImageObject\",\"inLanguage\":\"fr-FR\",\"@id\":\"https:\/\/maison-chance.org\/shop\/fr#\/schema\/logo\/image\/\",\"url\":\"https:\/\/maison-chance.org\/shop\/wp-content\/uploads\/2024\/03\/cropped-Logo_DNXH.png\",\"contentUrl\":\"https:\/\/maison-chance.org\/shop\/wp-content\/uploads\/2024\/03\/cropped-Logo_DNXH.png\",\"width\":512,\"height\":512,\"caption\":\"Nh\u00e0 May M\u1eafn - Maison Chance\"},\"image\":{\"@id\":\"https:\/\/maison-chance.org\/shop\/fr#\/schema\/logo\/image\/\"},\"sameAs\":[\"https:\/\/www.facebook.com\/dnxh.nhamayman\/\"]}]}<\/script>\n<!-- \/ Yoast SEO Premium plugin. -->","yoast_head_json":{"title":"Restaurant Maison Chance Dak Nong - Nh\u00e0 May M\u1eafn - Maison Chance","description":"Le Restaurant Maison Chance Dak Nong n'est pas seulement un endroit o\u00f9 les clients viennent savourer des saveurs, mais aussi une maison d'exp\u00e9riences m\u00e9morables.","robots":{"index":"index","follow":"follow","max-snippet":"max-snippet:-1","max-image-preview":"max-image-preview:large","max-video-preview":"max-video-preview:-1"},"canonical":"https:\/\/maison-chance.org\/shop\/fr\/restaurant-maison-chance-dak-nong","og_locale":"fr_FR","og_type":"article","og_title":"Restaurant Maison Chance Dak Nong","og_description":"Le Restaurant Maison Chance Dak Nong n'est pas seulement un endroit o\u00f9 les clients viennent savourer des saveurs, mais aussi une maison d'exp\u00e9riences m\u00e9morables.","og_url":"https:\/\/maison-chance.org\/shop\/fr\/restaurant-maison-chance-dak-nong","og_site_name":"Nh\u00e0 May M\u1eafn - Maison Chance","article_publisher":"https:\/\/www.facebook.com\/dnxh.nhamayman\/","article_modified_time":"2024-05-25T02:02:47+00:00","og_image":[{"width":600,"height":450,"url":"https:\/\/maison-chance.org\/shop\/wp-content\/uploads\/2024\/03\/quan-an-Nha-May-Man-1.png","type":"image\/png"}],"twitter_card":"summary_large_image","twitter_misc":{"Dur\u00e9e de lecture estim\u00e9e":"3 minutes"},"schema":{"@context":"https:\/\/schema.org","@graph":[{"@type":"WebPage","@id":"https:\/\/maison-chance.org\/shop\/fr\/restaurant-maison-chance-dak-nong","url":"https:\/\/maison-chance.org\/shop\/fr\/restaurant-maison-chance-dak-nong","name":"Restaurant Maison Chance Dak Nong - Nh\u00e0 May M\u1eafn - Maison Chance","isPartOf":{"@id":"https:\/\/maison-chance.org\/shop\/fr#website"},"primaryImageOfPage":{"@id":"https:\/\/maison-chance.org\/shop\/fr\/restaurant-maison-chance-dak-nong#primaryimage"},"image":{"@id":"https:\/\/maison-chance.org\/shop\/fr\/restaurant-maison-chance-dak-nong#primaryimage"},"thumbnailUrl":"https:\/\/maison-chance.org\/shop\/wp-content\/uploads\/2024\/03\/quan-an-Nha-May-Man-1.png","datePublished":"2024-03-09T17:14:04+00:00","dateModified":"2024-05-25T02:02:47+00:00","description":"Le Restaurant Maison Chance Dak Nong n'est pas seulement un endroit o\u00f9 les clients viennent savourer des saveurs, mais aussi une maison d'exp\u00e9riences m\u00e9morables.","breadcrumb":{"@id":"https:\/\/maison-chance.org\/shop\/fr\/restaurant-maison-chance-dak-nong#breadcrumb"},"inLanguage":"fr-FR","potentialAction":[{"@type":"ReadAction","target":["https:\/\/maison-chance.org\/shop\/fr\/restaurant-maison-chance-dak-nong"]}]},{"@type":"ImageObject","inLanguage":"fr-FR","@id":"https:\/\/maison-chance.org\/shop\/fr\/restaurant-maison-chance-dak-nong#primaryimage","url":"https:\/\/maison-chance.org\/shop\/wp-content\/uploads\/2024\/03\/quan-an-Nha-May-Man-1.png","contentUrl":"https:\/\/maison-chance.org\/shop\/wp-content\/uploads\/2024\/03\/quan-an-Nha-May-Man-1.png","width":600,"height":450},{"@type":"BreadcrumbList","@id":"https:\/\/maison-chance.org\/shop\/fr\/restaurant-maison-chance-dak-nong#breadcrumb","itemListElement":[{"@type":"ListItem","position":1,"name":"Trang ch\u1ee7","item":"https:\/\/maison-chance.org\/shop\/fr"},{"@type":"ListItem","position":2,"name":"Restaurant Maison Chance Dak Nong"}]},{"@type":"WebSite","@id":"https:\/\/maison-chance.org\/shop\/fr#website","url":"https:\/\/maison-chance.org\/shop\/fr","name":"Nh\u00e0 May M\u1eafn - Maison Chance","description":"M\u1ecdi l\u1ee3i nhu\u1eadn thu v\u1ec1 t\u1eeb vi\u1ec7c b\u00e1n h\u00e0ng s\u1ebd tr\u00edch m\u1ed9t ph\u1ea7n \u0111\u1ec3 ch\u0103m lo cho \u0111\u1eddi s\u1ed1ng c\u00e1c b\u1ea1n khuy\u1ebft t\u1eadt v\u00e0 tr\u1ebb m\u1ed3 c\u00f4i \u1edf \u0111\u00e2y","publisher":{"@id":"https:\/\/maison-chance.org\/shop\/fr#organization"},"potentialAction":[{"@type":"SearchAction","target":{"@type":"EntryPoint","urlTemplate":"https:\/\/maison-chance.org\/shop\/fr?s={search_term_string}"},"query-input":{"@type":"PropertyValueSpecification","valueRequired":true,"valueName":"search_term_string"}}],"inLanguage":"fr-FR"},{"@type":"Organization","@id":"https:\/\/maison-chance.org\/shop\/fr#organization","name":"Nh\u00e0 May M\u1eafn - Maison Chance","url":"https:\/\/maison-chance.org\/shop\/fr","logo":{"@type":"ImageObject","inLanguage":"fr-FR","@id":"https:\/\/maison-chance.org\/shop\/fr#\/schema\/logo\/image\/","url":"https:\/\/maison-chance.org\/shop\/wp-content\/uploads\/2024\/03\/cropped-Logo_DNXH.png","contentUrl":"https:\/\/maison-chance.org\/shop\/wp-content\/uploads\/2024\/03\/cropped-Logo_DNXH.png","width":512,"height":512,"caption":"Nh\u00e0 May M\u1eafn - Maison Chance"},"image":{"@id":"https:\/\/maison-chance.org\/shop\/fr#\/schema\/logo\/image\/"},"sameAs":["https:\/\/www.facebook.com\/dnxh.nhamayman\/"]}]}},"_links":{"self":[{"href":"https:\/\/maison-chance.org\/shop\/fr\/wp-json\/wp\/v2\/pages\/32286","targetHints":{"allow":["GET"]}}],"collection":[{"href":"https:\/\/maison-chance.org\/shop\/fr\/wp-json\/wp\/v2\/pages"}],"about":[{"href":"https:\/\/maison-chance.org\/shop\/fr\/wp-json\/wp\/v2\/types\/page"}],"author":[{"embeddable":true,"href":"https:\/\/maison-chance.org\/shop\/fr\/wp-json\/wp\/v2\/users\/1"}],"replies":[{"embeddable":true,"href":"https:\/\/maison-chance.org\/shop\/fr\/wp-json\/wp\/v2\/comments?post=32286"}],"version-history":[{"count":0,"href":"https:\/\/maison-chance.org\/shop\/fr\/wp-json\/wp\/v2\/pages\/32286\/revisions"}],"wp:featuredmedia":[{"embeddable":true,"href":"https:\/\/maison-chance.org\/shop\/fr\/wp-json\/wp\/v2\/media\/30993"}],"wp:attachment":[{"href":"https:\/\/maison-chance.org\/shop\/fr\/wp-json\/wp\/v2\/media?parent=32286"}],"curies":[{"name":"wp","href":"https:\/\/api.w.org\/{rel}","templated":true}]}}