{"id":34295,"date":"2024-03-21T10:15:08","date_gmt":"2024-03-21T03:15:08","guid":{"rendered":"https:\/\/maison-chance.org\/shop\/statue-en-pierre-dart"},"modified":"2025-06-19T11:59:03","modified_gmt":"2025-06-19T04:59:03","slug":"statue-en-pierre-dart","status":"publish","type":"page","link":"https:\/\/maison-chance.org\/shop\/fr\/statue-en-pierre-dart","title":{"rendered":"Statue en pierre d&rsquo;art"},"content":{"rendered":"<div class=\"row row-full-width hide-for-small\"  id=\"row-689498260\">\n\n\t<div id=\"col-998990812\" class=\"col hide-for-small medium-2 small-12 large-2\"  >\n\t\t\t\t<div class=\"col-inner\"  >\n\t\t\t\n\t\t\t\n<ul class=\"sidebar-wrapper ul-reset\"><aside id=\"custom_html-12\" class=\"widget_text widget widget_custom_html\"><div class=\"textwidget custom-html-widget\"><div class=\"support-container\">\r\n  <div class=\"support-header\">\r\n    <img decoding=\"async\" src=\"https:\/\/maison-chance.org\/shop\/wp-content\/uploads\/2024\/05\/headphone2.png\" alt=\"SUPPORT EN LIGNE\" class=\"support-icon\">\r\n    <span>SUPPORT EN LIGNE<\/span>\r\n  <\/div>\r\n  <div class=\"support-item\">\r\n    <a href=\"tel:0909062528\" class=\"support-link\">\r\n      <img decoding=\"async\" src=\"https:\/\/maison-chance.org\/shop\/wp-content\/uploads\/2024\/05\/hotline1.png\" alt=\"Hotline\" class=\"support-icon\">\r\n      <span>0909 06 25 28<\/span>\r\n    <\/a>\r\n  <\/div>\r\n  <div class=\"support-item\">\r\n    <a href=\"https:\/\/zalo.me\/0909062528\" class=\"support-link\">\r\n      <img decoding=\"async\" src=\"https:\/\/maison-chance.org\/shop\/wp-content\/uploads\/2024\/05\/zalo1.png\" alt=\"Zalo\" class=\"support-icon\">\r\n      <span>0909 06 25 28<\/span>\r\n    <\/a>\r\n  <\/div>\r\n  <div class=\"support-item\">\r\n    <a href=\"https:\/\/m.me\/dnxh.nhamayman\" class=\"support-link\">\r\n      <img decoding=\"async\" src=\"https:\/\/maison-chance.org\/shop\/wp-content\/uploads\/2024\/05\/facebook1.png\" alt=\"Fanpage DNXH\" class=\"support-icon\">\r\n      <span>Fanpage DNXH<\/span>\r\n    <\/a>\r\n  <\/div>\r\n<\/div>\r\n\r\n<div class=\"product-category-container\">\r\n  <div class=\"product-category-header\">\r\n    <img decoding=\"async\" src=\"https:\/\/maison-chance.org\/shop\/wp-content\/uploads\/2024\/05\/list1.png\" alt=\"CATALOGUE DE PRODUITS\" class=\"product-category-icon\">\r\n    <span>CATALOGUE DE PRODUITS<\/span>\r\n  <\/div>\r\n<\/div><\/div><\/aside><aside id=\"nav_menu-3\" class=\"widget widget_nav_menu\"><div class=\"menu-menu-danh-muc-french-container\"><ul id=\"menu-menu-danh-muc-french\" class=\"menu\"><li id=\"menu-item-35090\" class=\"menu-item menu-item-type-post_type menu-item-object-page menu-item-has-children menu-item-35090\"><a href=\"https:\/\/maison-chance.org\/shop\/fr\/atelier-de-couture\">Atelier de couture<\/a>\n<ul class=\"sub-menu\">\n\t<li id=\"menu-item-35091\" class=\"menu-item menu-item-type-post_type menu-item-object-page menu-item-35091\"><a href=\"https:\/\/maison-chance.org\/shop\/fr\/peluches-animaux\">Peluches animaux<\/a><\/li>\n\t<li id=\"menu-item-35092\" class=\"menu-item menu-item-type-post_type menu-item-object-page menu-item-35092\"><a href=\"https:\/\/maison-chance.org\/shop\/fr\/marionnettes\">Marionnettes<\/a><\/li>\n\t<li id=\"menu-item-35093\" class=\"menu-item menu-item-type-post_type menu-item-object-page menu-item-35093\"><a href=\"https:\/\/maison-chance.org\/shop\/fr\/porte-cles\">Porte-cl\u00e9s<\/a><\/li>\n\t<li id=\"menu-item-35094\" class=\"menu-item menu-item-type-post_type menu-item-object-page menu-item-35094\"><a href=\"https:\/\/maison-chance.org\/shop\/fr\/sacs\">Sacs<\/a><\/li>\n\t<li id=\"menu-item-35095\" class=\"menu-item menu-item-type-post_type menu-item-object-page menu-item-35095\"><a href=\"https:\/\/maison-chance.org\/shop\/fr\/sac-a-dos\">Sac \u00e0 dos<\/a><\/li>\n\t<li id=\"menu-item-35096\" class=\"menu-item menu-item-type-post_type menu-item-object-page menu-item-35096\"><a href=\"https:\/\/maison-chance.org\/shop\/fr\/decorations-dinterieur\">D\u00e9corations d\u2019int\u00e9rieur<\/a><\/li>\n<\/ul>\n<\/li>\n<li id=\"menu-item-35097\" class=\"menu-item menu-item-type-post_type menu-item-object-page menu-item-has-children menu-item-35097\"><a href=\"https:\/\/maison-chance.org\/shop\/fr\/atelier-de-peinture-a-lhuile\">Atelier de peinture \u00e0 l\u2019huile<\/a>\n<ul class=\"sub-menu\">\n\t<li id=\"menu-item-35098\" class=\"menu-item menu-item-type-post_type menu-item-object-page menu-item-35098\"><a href=\"https:\/\/maison-chance.org\/shop\/fr\/peinture-religieuse\">Peinture religieuse<\/a><\/li>\n\t<li id=\"menu-item-35099\" class=\"menu-item menu-item-type-post_type menu-item-object-page menu-item-35099\"><a href=\"https:\/\/maison-chance.org\/shop\/fr\/peinture-de-paysage\">Peinture de paysage<\/a><\/li>\n\t<li id=\"menu-item-35100\" class=\"menu-item menu-item-type-post_type menu-item-object-page menu-item-35100\"><a href=\"https:\/\/maison-chance.org\/shop\/fr\/peinture-de-portrait\">Peinture de portrait<\/a><\/li>\n\t<li id=\"menu-item-35123\" class=\"menu-item menu-item-type-post_type menu-item-object-page menu-item-35123\"><a href=\"https:\/\/maison-chance.org\/shop\/fr\/abstract-painting\">Abstract painting<\/a><\/li>\n\t<li id=\"menu-item-35124\" class=\"menu-item menu-item-type-post_type menu-item-object-page menu-item-35124\"><a href=\"https:\/\/maison-chance.org\/shop\/fr\/mini-tableaux-tableaux-de-bureau\">Mini tableaux \u2013 Tableaux de bureau<\/a><\/li>\n<\/ul>\n<\/li>\n<li id=\"menu-item-35125\" class=\"menu-item menu-item-type-post_type menu-item-object-page menu-item-has-children menu-item-35125\"><a href=\"https:\/\/maison-chance.org\/shop\/fr\/boulangerie\">Boulangerie<\/a>\n<ul class=\"sub-menu\">\n\t<li id=\"menu-item-35126\" class=\"menu-item menu-item-type-post_type menu-item-object-page menu-item-35126\"><a href=\"https:\/\/maison-chance.org\/shop\/fr\/gateau\">G\u00e2teau<\/a><\/li>\n\t<li id=\"menu-item-35127\" class=\"menu-item menu-item-type-post_type menu-item-object-page menu-item-35127\"><a href=\"https:\/\/maison-chance.org\/shop\/fr\/produits-sales\">Produits sal\u00e9s<\/a><\/li>\n\t<li id=\"menu-item-35128\" class=\"menu-item menu-item-type-post_type menu-item-object-page menu-item-35128\"><a href=\"https:\/\/maison-chance.org\/shop\/fr\/viennoiseries-patisseries\">Viennoiseries &#038; p\u00e2tisseries<\/a><\/li>\n\t<li id=\"menu-item-35129\" class=\"menu-item menu-item-type-post_type menu-item-object-page menu-item-35129\"><a href=\"https:\/\/maison-chance.org\/shop\/fr\/viennoiseries-patisseries-aux-fruits\">Viennoiseries &#038; p\u00e2tisseries aux fruits<\/a><\/li>\n\t<li id=\"menu-item-35130\" class=\"menu-item menu-item-type-post_type menu-item-object-page menu-item-35130\"><a href=\"https:\/\/maison-chance.org\/shop\/fr\/gateau-de-lune\">G\u00e2teau de lune<\/a><\/li>\n\t<li id=\"menu-item-35131\" class=\"menu-item menu-item-type-post_type menu-item-object-page menu-item-35131\"><a href=\"https:\/\/maison-chance.org\/shop\/fr\/creme\">Cr\u00e8me<\/a><\/li>\n<\/ul>\n<\/li>\n<li id=\"menu-item-35132\" class=\"menu-item menu-item-type-post_type menu-item-object-page menu-item-has-children menu-item-35132\"><a href=\"https:\/\/maison-chance.org\/shop\/fr\/salle-de-sculpture-sur-pierre\">Salle de sculpture sur pierre<\/a>\n<ul class=\"sub-menu\">\n\t<li id=\"menu-item-35133\" class=\"menu-item menu-item-type-post_type menu-item-object-page menu-item-35133\"><a href=\"https:\/\/maison-chance.org\/shop\/fr\/statue-en-pierre-dart\">Statue en pierre d\u2019art<\/a><\/li>\n\t<li id=\"menu-item-35134\" class=\"menu-item menu-item-type-post_type menu-item-object-page menu-item-35134\"><a href=\"https:\/\/maison-chance.org\/shop\/fr\/pendentif-religieux-pour-collier\">Pendentif religieux pour collier<\/a><\/li>\n\t<li id=\"menu-item-35135\" class=\"menu-item menu-item-type-post_type menu-item-object-page menu-item-35135\"><a href=\"https:\/\/maison-chance.org\/shop\/fr\/pendentif-pierre-dart\">Pendentif pierre d\u2019art<\/a><\/li>\n\t<li id=\"menu-item-35136\" class=\"menu-item menu-item-type-post_type menu-item-object-page menu-item-35136\"><a href=\"https:\/\/maison-chance.org\/shop\/fr\/visage-dicone-religieuse\">Visage d\u2019ic\u00f4ne religieuse<\/a><\/li>\n\t<li id=\"menu-item-35137\" class=\"menu-item menu-item-type-post_type menu-item-object-page menu-item-35137\"><a href=\"https:\/\/maison-chance.org\/shop\/fr\/surface-en-pierre-de-beaux-arts\">Surface en pierre de beaux-arts<\/a><\/li>\n\t<li id=\"menu-item-35138\" class=\"menu-item menu-item-type-post_type menu-item-object-page menu-item-35138\"><a href=\"https:\/\/maison-chance.org\/shop\/fr\/autres-produits\">Autres produits<\/a><\/li>\n<\/ul>\n<\/li>\n<li id=\"menu-item-35438\" class=\"menu-item menu-item-type-post_type menu-item-object-page menu-item-has-children menu-item-35438\"><a href=\"https:\/\/maison-chance.org\/shop\/fr\/produits-agricoles-a-dak-nong\">Produits agricoles \u00e0 Dak Nong<\/a>\n<ul class=\"sub-menu\">\n\t<li id=\"menu-item-35439\" class=\"menu-item menu-item-type-post_type menu-item-object-page menu-item-35439\"><a href=\"https:\/\/maison-chance.org\/shop\/fr\/produits-agricoles-seches\">Produits agricoles s\u00e9ch\u00e9s<\/a><\/li>\n\t<li id=\"menu-item-35440\" class=\"menu-item menu-item-type-post_type menu-item-object-page menu-item-35440\"><a href=\"https:\/\/maison-chance.org\/shop\/fr\/produits-frais-agricoles\">Produits frais agricoles<\/a><\/li>\n<\/ul>\n<\/li>\n<\/ul><\/div><\/aside><aside id=\"custom_html-15\" class=\"widget_text widget widget_custom_html\"><div class=\"textwidget custom-html-widget\"><div class=\"product-recently-viewed\">\r\n  <div class=\"product-recently-viewed-header\">\r\n    <img decoding=\"async\" src=\"https:\/\/maison-chance.org\/shop\/wp-content\/uploads\/2024\/05\/loupe1.png\" alt=\"PRODUIT VIENT D'\u00caTRE CONSULT\u00c9\" class=\"product-recently-viewed-icon\">\r\n    <span>PRODUIT VIENT D'\u00caTRE CONSULT\u00c9<\/span>\r\n  <\/div>\r\n<\/div><\/div><\/aside><\/ul>\n\t\t<\/div>\n\t\t\t\t\t<\/div>\n\n\t\n\n\t<div id=\"col-1605205403\" class=\"col medium-10 small-12 large-10\"  >\n\t\t\t\t<div class=\"col-inner\"  >\n\t\t\t\n\t\t\t\n\t<div class=\"img has-hover x md-x lg-x y md-y lg-y\" id=\"image_2109426208\">\n\t\t\t\t\t\t\t\t<div class=\"img-inner dark\" >\n\t\t\t<img decoding=\"async\" width=\"1020\" height=\"103\" src=\"https:\/\/maison-chance.org\/shop\/wp-content\/uploads\/2024\/02\/banner-hinh-phong-may-2-1024x103.jpg\" class=\"attachment-large size-large\" alt=\"\" srcset=\"https:\/\/maison-chance.org\/shop\/wp-content\/uploads\/2024\/02\/banner-hinh-phong-may-2-1024x103.jpg 1024w, https:\/\/maison-chance.org\/shop\/wp-content\/uploads\/2024\/02\/banner-hinh-phong-may-2-510x51.jpg 510w, https:\/\/maison-chance.org\/shop\/wp-content\/uploads\/2024\/02\/banner-hinh-phong-may-2-300x30.jpg 300w, https:\/\/maison-chance.org\/shop\/wp-content\/uploads\/2024\/02\/banner-hinh-phong-may-2-768x77.jpg 768w, https:\/\/maison-chance.org\/shop\/wp-content\/uploads\/2024\/02\/banner-hinh-phong-may-2.jpg 1140w\" sizes=\"(max-width: 1020px) 100vw, 1020px\" \/>\t\t\t\t\t\t\n\t\t\t\t\t<\/div>\n\t\t\t\t\t\t\t\t\n<style>\n#image_2109426208 {\n  width: 100%;\n}\n<\/style>\n\t<\/div>\n\t\n<p>Produit en cours de mise \u00e0 jour&#8230;<\/p>\n\n  \n    <div class=\"row sanpham01 large-columns-4 medium-columns-3 small-columns-2 row-small row-full-width\">\n  \t<\/div>\n\t\t<\/div>\n\t\t\t\t\t<\/div>\n\n\t\n\n<style>\n#row-689498260 > .col > .col-inner {\n  padding: 10px 0px 0px 0px;\n}\n<\/style>\n<\/div>\n\t<div class=\"img has-hover show-for-small x md-x lg-x y md-y lg-y\" id=\"image_1390834207\">\n\t\t\t\t\t\t\t\t<div class=\"img-inner dark\" style=\"margin:0px 0px 5px 0px;\">\n\t\t\t<img decoding=\"async\" width=\"1020\" height=\"103\" src=\"https:\/\/maison-chance.org\/shop\/wp-content\/uploads\/2024\/02\/banner-hinh-phong-may-2-1024x103.jpg\" class=\"attachment-large size-large\" alt=\"\" srcset=\"https:\/\/maison-chance.org\/shop\/wp-content\/uploads\/2024\/02\/banner-hinh-phong-may-2-1024x103.jpg 1024w, https:\/\/maison-chance.org\/shop\/wp-content\/uploads\/2024\/02\/banner-hinh-phong-may-2-510x51.jpg 510w, https:\/\/maison-chance.org\/shop\/wp-content\/uploads\/2024\/02\/banner-hinh-phong-may-2-300x30.jpg 300w, https:\/\/maison-chance.org\/shop\/wp-content\/uploads\/2024\/02\/banner-hinh-phong-may-2-768x77.jpg 768w, https:\/\/maison-chance.org\/shop\/wp-content\/uploads\/2024\/02\/banner-hinh-phong-may-2.jpg 1140w\" sizes=\"(max-width: 1020px) 100vw, 1020px\" \/>\t\t\t\t\t\t\n\t\t\t\t\t<\/div>\n\t\t\t\t\t\t\t\t\n<style>\n#image_1390834207 {\n  width: 100%;\n}\n<\/style>\n\t<\/div>\n\t\n\n  \n    <div class=\"row sanpham01 show-for-small large-columns-4 medium-columns-3 small-columns-2 row-small row-full-width\">\n  \t<\/div>\n","protected":false},"excerpt":{"rendered":"","protected":false},"author":1,"featured_media":30712,"parent":0,"menu_order":0,"comment_status":"closed","ping_status":"closed","template":"page-blank.php","meta":{"footnotes":""},"class_list":["post-34295","page","type-page","status-publish","has-post-thumbnail","hentry"],"yoast_head":"<!-- This site is optimized with the Yoast SEO Premium plugin v22.7 (Yoast SEO v25.3.1) - https:\/\/yoast.com\/wordpress\/plugins\/seo\/ -->\n<title>Sculptures en pierre artisanales fabriqu\u00e9es par des personnes handicap\u00e9es - Nh\u00e0 May M\u1eafn - Maison Chance<\/title>\n<meta name=\"description\" content=\"Les statues en pierre d&#039;art de Maison Chance, fabriqu\u00e9es m\u00e9ticuleusement et avec passion par des artisans handicap\u00e9s, offrent une gamme diversifi\u00e9e de produits adapt\u00e9s \u00e0 tous les \u00e2ges de la client\u00e8le\" \/>\n<meta name=\"robots\" content=\"index, follow, max-snippet:-1, max-image-preview:large, max-video-preview:-1\" \/>\n<link rel=\"canonical\" href=\"https:\/\/maison-chance.org\/shop\/fr\/statue-en-pierre-dart\" \/>\n<meta property=\"og:locale\" content=\"fr_FR\" \/>\n<meta property=\"og:type\" content=\"article\" \/>\n<meta property=\"og:title\" content=\"Statue en pierre d&#039;art\" \/>\n<meta property=\"og:description\" content=\"Les statues en pierre d&#039;art de Maison Chance, fabriqu\u00e9es m\u00e9ticuleusement et avec passion par des artisans handicap\u00e9s, offrent une gamme diversifi\u00e9e de produits adapt\u00e9s \u00e0 tous les \u00e2ges de la client\u00e8le\" \/>\n<meta property=\"og:url\" content=\"https:\/\/maison-chance.org\/shop\/fr\/statue-en-pierre-dart\" \/>\n<meta property=\"og:site_name\" content=\"Nh\u00e0 May M\u1eafn - Maison Chance\" \/>\n<meta property=\"article:publisher\" content=\"https:\/\/www.facebook.com\/dnxh.nhamayman\/\" \/>\n<meta property=\"article:modified_time\" content=\"2025-06-19T04:59:03+00:00\" \/>\n<meta property=\"og:image\" content=\"https:\/\/maison-chance.org\/shop\/wp-content\/uploads\/2024\/03\/con-chuot-01.png\" \/>\n\t<meta property=\"og:image:width\" content=\"600\" \/>\n\t<meta property=\"og:image:height\" content=\"600\" \/>\n\t<meta property=\"og:image:type\" content=\"image\/png\" \/>\n<meta name=\"twitter:card\" content=\"summary_large_image\" \/>\n<meta name=\"twitter:label1\" content=\"Dur\u00e9e de lecture estim\u00e9e\" \/>\n\t<meta name=\"twitter:data1\" content=\"1 minute\" \/>\n<script type=\"application\/ld+json\" class=\"yoast-schema-graph\">{\"@context\":\"https:\/\/schema.org\",\"@graph\":[{\"@type\":\"WebPage\",\"@id\":\"https:\/\/maison-chance.org\/shop\/fr\/statue-en-pierre-dart\",\"url\":\"https:\/\/maison-chance.org\/shop\/fr\/statue-en-pierre-dart\",\"name\":\"Sculptures en pierre artisanales fabriqu\u00e9es par des personnes handicap\u00e9es - Nh\u00e0 May M\u1eafn - Maison Chance\",\"isPartOf\":{\"@id\":\"https:\/\/maison-chance.org\/shop\/fr#website\"},\"primaryImageOfPage\":{\"@id\":\"https:\/\/maison-chance.org\/shop\/fr\/statue-en-pierre-dart#primaryimage\"},\"image\":{\"@id\":\"https:\/\/maison-chance.org\/shop\/fr\/statue-en-pierre-dart#primaryimage\"},\"thumbnailUrl\":\"https:\/\/maison-chance.org\/shop\/wp-content\/uploads\/2024\/03\/con-chuot-01.png\",\"datePublished\":\"2024-03-21T03:15:08+00:00\",\"dateModified\":\"2025-06-19T04:59:03+00:00\",\"description\":\"Les statues en pierre d'art de Maison Chance, fabriqu\u00e9es m\u00e9ticuleusement et avec passion par des artisans handicap\u00e9s, offrent une gamme diversifi\u00e9e de produits adapt\u00e9s \u00e0 tous les \u00e2ges de la client\u00e8le\",\"breadcrumb\":{\"@id\":\"https:\/\/maison-chance.org\/shop\/fr\/statue-en-pierre-dart#breadcrumb\"},\"inLanguage\":\"fr-FR\",\"potentialAction\":[{\"@type\":\"ReadAction\",\"target\":[\"https:\/\/maison-chance.org\/shop\/fr\/statue-en-pierre-dart\"]}]},{\"@type\":\"ImageObject\",\"inLanguage\":\"fr-FR\",\"@id\":\"https:\/\/maison-chance.org\/shop\/fr\/statue-en-pierre-dart#primaryimage\",\"url\":\"https:\/\/maison-chance.org\/shop\/wp-content\/uploads\/2024\/03\/con-chuot-01.png\",\"contentUrl\":\"https:\/\/maison-chance.org\/shop\/wp-content\/uploads\/2024\/03\/con-chuot-01.png\",\"width\":600,\"height\":600,\"caption\":\"Souris\"},{\"@type\":\"BreadcrumbList\",\"@id\":\"https:\/\/maison-chance.org\/shop\/fr\/statue-en-pierre-dart#breadcrumb\",\"itemListElement\":[{\"@type\":\"ListItem\",\"position\":1,\"name\":\"Trang ch\u1ee7\",\"item\":\"https:\/\/maison-chance.org\/shop\/fr\"},{\"@type\":\"ListItem\",\"position\":2,\"name\":\"Statue en pierre d&#8217;art\"}]},{\"@type\":\"WebSite\",\"@id\":\"https:\/\/maison-chance.org\/shop\/fr#website\",\"url\":\"https:\/\/maison-chance.org\/shop\/fr\",\"name\":\"Nh\u00e0 May M\u1eafn - Maison Chance\",\"description\":\"M\u1ecdi l\u1ee3i nhu\u1eadn thu v\u1ec1 t\u1eeb vi\u1ec7c b\u00e1n h\u00e0ng s\u1ebd tr\u00edch m\u1ed9t ph\u1ea7n \u0111\u1ec3 ch\u0103m lo cho \u0111\u1eddi s\u1ed1ng c\u00e1c b\u1ea1n khuy\u1ebft t\u1eadt v\u00e0 tr\u1ebb m\u1ed3 c\u00f4i \u1edf \u0111\u00e2y\",\"publisher\":{\"@id\":\"https:\/\/maison-chance.org\/shop\/fr#organization\"},\"potentialAction\":[{\"@type\":\"SearchAction\",\"target\":{\"@type\":\"EntryPoint\",\"urlTemplate\":\"https:\/\/maison-chance.org\/shop\/fr?s={search_term_string}\"},\"query-input\":{\"@type\":\"PropertyValueSpecification\",\"valueRequired\":true,\"valueName\":\"search_term_string\"}}],\"inLanguage\":\"fr-FR\"},{\"@type\":\"Organization\",\"@id\":\"https:\/\/maison-chance.org\/shop\/fr#organization\",\"name\":\"Nh\u00e0 May M\u1eafn - Maison Chance\",\"url\":\"https:\/\/maison-chance.org\/shop\/fr\",\"logo\":{\"@type\":\"ImageObject\",\"inLanguage\":\"fr-FR\",\"@id\":\"https:\/\/maison-chance.org\/shop\/fr#\/schema\/logo\/image\/\",\"url\":\"https:\/\/maison-chance.org\/shop\/wp-content\/uploads\/2024\/03\/cropped-Logo_DNXH.png\",\"contentUrl\":\"https:\/\/maison-chance.org\/shop\/wp-content\/uploads\/2024\/03\/cropped-Logo_DNXH.png\",\"width\":512,\"height\":512,\"caption\":\"Nh\u00e0 May M\u1eafn - Maison Chance\"},\"image\":{\"@id\":\"https:\/\/maison-chance.org\/shop\/fr#\/schema\/logo\/image\/\"},\"sameAs\":[\"https:\/\/www.facebook.com\/dnxh.nhamayman\/\"]}]}<\/script>\n<!-- \/ Yoast SEO Premium plugin. -->","yoast_head_json":{"title":"Sculptures en pierre artisanales fabriqu\u00e9es par des personnes handicap\u00e9es - Nh\u00e0 May M\u1eafn - Maison Chance","description":"Les statues en pierre d'art de Maison Chance, fabriqu\u00e9es m\u00e9ticuleusement et avec passion par des artisans handicap\u00e9s, offrent une gamme diversifi\u00e9e de produits adapt\u00e9s \u00e0 tous les \u00e2ges de la client\u00e8le","robots":{"index":"index","follow":"follow","max-snippet":"max-snippet:-1","max-image-preview":"max-image-preview:large","max-video-preview":"max-video-preview:-1"},"canonical":"https:\/\/maison-chance.org\/shop\/fr\/statue-en-pierre-dart","og_locale":"fr_FR","og_type":"article","og_title":"Statue en pierre d'art","og_description":"Les statues en pierre d'art de Maison Chance, fabriqu\u00e9es m\u00e9ticuleusement et avec passion par des artisans handicap\u00e9s, offrent une gamme diversifi\u00e9e de produits adapt\u00e9s \u00e0 tous les \u00e2ges de la client\u00e8le","og_url":"https:\/\/maison-chance.org\/shop\/fr\/statue-en-pierre-dart","og_site_name":"Nh\u00e0 May M\u1eafn - Maison Chance","article_publisher":"https:\/\/www.facebook.com\/dnxh.nhamayman\/","article_modified_time":"2025-06-19T04:59:03+00:00","og_image":[{"width":600,"height":600,"url":"https:\/\/maison-chance.org\/shop\/wp-content\/uploads\/2024\/03\/con-chuot-01.png","type":"image\/png"}],"twitter_card":"summary_large_image","twitter_misc":{"Dur\u00e9e de lecture estim\u00e9e":"1 minute"},"schema":{"@context":"https:\/\/schema.org","@graph":[{"@type":"WebPage","@id":"https:\/\/maison-chance.org\/shop\/fr\/statue-en-pierre-dart","url":"https:\/\/maison-chance.org\/shop\/fr\/statue-en-pierre-dart","name":"Sculptures en pierre artisanales fabriqu\u00e9es par des personnes handicap\u00e9es - Nh\u00e0 May M\u1eafn - Maison Chance","isPartOf":{"@id":"https:\/\/maison-chance.org\/shop\/fr#website"},"primaryImageOfPage":{"@id":"https:\/\/maison-chance.org\/shop\/fr\/statue-en-pierre-dart#primaryimage"},"image":{"@id":"https:\/\/maison-chance.org\/shop\/fr\/statue-en-pierre-dart#primaryimage"},"thumbnailUrl":"https:\/\/maison-chance.org\/shop\/wp-content\/uploads\/2024\/03\/con-chuot-01.png","datePublished":"2024-03-21T03:15:08+00:00","dateModified":"2025-06-19T04:59:03+00:00","description":"Les statues en pierre d'art de Maison Chance, fabriqu\u00e9es m\u00e9ticuleusement et avec passion par des artisans handicap\u00e9s, offrent une gamme diversifi\u00e9e de produits adapt\u00e9s \u00e0 tous les \u00e2ges de la client\u00e8le","breadcrumb":{"@id":"https:\/\/maison-chance.org\/shop\/fr\/statue-en-pierre-dart#breadcrumb"},"inLanguage":"fr-FR","potentialAction":[{"@type":"ReadAction","target":["https:\/\/maison-chance.org\/shop\/fr\/statue-en-pierre-dart"]}]},{"@type":"ImageObject","inLanguage":"fr-FR","@id":"https:\/\/maison-chance.org\/shop\/fr\/statue-en-pierre-dart#primaryimage","url":"https:\/\/maison-chance.org\/shop\/wp-content\/uploads\/2024\/03\/con-chuot-01.png","contentUrl":"https:\/\/maison-chance.org\/shop\/wp-content\/uploads\/2024\/03\/con-chuot-01.png","width":600,"height":600,"caption":"Souris"},{"@type":"BreadcrumbList","@id":"https:\/\/maison-chance.org\/shop\/fr\/statue-en-pierre-dart#breadcrumb","itemListElement":[{"@type":"ListItem","position":1,"name":"Trang ch\u1ee7","item":"https:\/\/maison-chance.org\/shop\/fr"},{"@type":"ListItem","position":2,"name":"Statue en pierre d&#8217;art"}]},{"@type":"WebSite","@id":"https:\/\/maison-chance.org\/shop\/fr#website","url":"https:\/\/maison-chance.org\/shop\/fr","name":"Nh\u00e0 May M\u1eafn - Maison Chance","description":"M\u1ecdi l\u1ee3i nhu\u1eadn thu v\u1ec1 t\u1eeb vi\u1ec7c b\u00e1n h\u00e0ng s\u1ebd tr\u00edch m\u1ed9t ph\u1ea7n \u0111\u1ec3 ch\u0103m lo cho \u0111\u1eddi s\u1ed1ng c\u00e1c b\u1ea1n khuy\u1ebft t\u1eadt v\u00e0 tr\u1ebb m\u1ed3 c\u00f4i \u1edf \u0111\u00e2y","publisher":{"@id":"https:\/\/maison-chance.org\/shop\/fr#organization"},"potentialAction":[{"@type":"SearchAction","target":{"@type":"EntryPoint","urlTemplate":"https:\/\/maison-chance.org\/shop\/fr?s={search_term_string}"},"query-input":{"@type":"PropertyValueSpecification","valueRequired":true,"valueName":"search_term_string"}}],"inLanguage":"fr-FR"},{"@type":"Organization","@id":"https:\/\/maison-chance.org\/shop\/fr#organization","name":"Nh\u00e0 May M\u1eafn - Maison Chance","url":"https:\/\/maison-chance.org\/shop\/fr","logo":{"@type":"ImageObject","inLanguage":"fr-FR","@id":"https:\/\/maison-chance.org\/shop\/fr#\/schema\/logo\/image\/","url":"https:\/\/maison-chance.org\/shop\/wp-content\/uploads\/2024\/03\/cropped-Logo_DNXH.png","contentUrl":"https:\/\/maison-chance.org\/shop\/wp-content\/uploads\/2024\/03\/cropped-Logo_DNXH.png","width":512,"height":512,"caption":"Nh\u00e0 May M\u1eafn - Maison Chance"},"image":{"@id":"https:\/\/maison-chance.org\/shop\/fr#\/schema\/logo\/image\/"},"sameAs":["https:\/\/www.facebook.com\/dnxh.nhamayman\/"]}]}},"_links":{"self":[{"href":"https:\/\/maison-chance.org\/shop\/fr\/wp-json\/wp\/v2\/pages\/34295","targetHints":{"allow":["GET"]}}],"collection":[{"href":"https:\/\/maison-chance.org\/shop\/fr\/wp-json\/wp\/v2\/pages"}],"about":[{"href":"https:\/\/maison-chance.org\/shop\/fr\/wp-json\/wp\/v2\/types\/page"}],"author":[{"embeddable":true,"href":"https:\/\/maison-chance.org\/shop\/fr\/wp-json\/wp\/v2\/users\/1"}],"replies":[{"embeddable":true,"href":"https:\/\/maison-chance.org\/shop\/fr\/wp-json\/wp\/v2\/comments?post=34295"}],"version-history":[{"count":0,"href":"https:\/\/maison-chance.org\/shop\/fr\/wp-json\/wp\/v2\/pages\/34295\/revisions"}],"wp:featuredmedia":[{"embeddable":true,"href":"https:\/\/maison-chance.org\/shop\/fr\/wp-json\/wp\/v2\/media\/30712"}],"wp:attachment":[{"href":"https:\/\/maison-chance.org\/shop\/fr\/wp-json\/wp\/v2\/media?parent=34295"}],"curies":[{"name":"wp","href":"https:\/\/api.w.org\/{rel}","templated":true}]}}