{"id":38119,"date":"2024-04-08T15:53:11","date_gmt":"2024-04-08T08:53:11","guid":{"rendered":"https:\/\/maison-chance.org\/shop\/catalogue"},"modified":"2024-06-23T01:56:35","modified_gmt":"2024-06-22T18:56:35","slug":"catalogue","status":"publish","type":"page","link":"https:\/\/maison-chance.org\/shop\/fr\/catalogue","title":{"rendered":"Catalogue"},"content":{"rendered":"<div class=\"row\"  id=\"row-635555243\">\n\n\t<div id=\"col-839665154\" class=\"col small-12 large-12\"  >\n\t\t\t\t<div class=\"col-inner text-center\"  >\n\t\t\t\n\t\t\t\n<div class=\"_df_thumb \" id=\"df_38107\"  _slug=\"sewing-product-catalogue\" data-title=\"sewing-product-catalogue\" wpoptions=\"true\" thumb=\"https:\/\/maison-chance.org\/shop\/wp-content\/uploads\/2024\/04\/catalo-qua-luu-niem-co-gia-full-TA-USD-001-1-scaled.jpg\" thumbtype=\"\" >Sewing Product  Catalogue<\/div><script class=\"df-shortcode-script\" nowprocket type=\"application\/javascript\">window.option_df_38107 = {\"webgl\":\"false\",\"outline\":[],\"autoEnableOutline\":\"false\",\"autoEnableThumbnail\":\"false\",\"overwritePDFOutline\":\"false\",\"direction\":\"1\",\"pageSize\":\"0\",\"source\":\"https:\\\/\\\/maison-chance.org\\\/shop\\\/wp-content\\\/uploads\\\/2024\\\/04\\\/catalo-qua-luu-niem-co-gia-full-TA-USD-1.pdf\",\"wpOptions\":\"true\"}; if(window.DFLIP && window.DFLIP.parseBooks){window.DFLIP.parseBooks();}<\/script> <div class=\"_df_thumb \" id=\"df_38134\"  _slug=\"painting-products-catalogue\" data-title=\"painting-products-catalogue\" wpoptions=\"true\" thumb=\"https:\/\/maison-chance.org\/shop\/wp-content\/uploads\/2024\/04\/001-trang-bia-va-tieu-su-TA-USD-01.png\" thumbtype=\"\" >Painting Products Catalogue<\/div><script class=\"df-shortcode-script\" nowprocket type=\"application\/javascript\">window.option_df_38134 = {\"webgl\":\"false\",\"outline\":[],\"autoEnableOutline\":\"false\",\"autoEnableThumbnail\":\"false\",\"overwritePDFOutline\":\"false\",\"direction\":\"1\",\"pageSize\":\"0\",\"source\":\"https:\\\/\\\/maison-chance.org\\\/shop\\\/wp-content\\\/uploads\\\/2024\\\/04\\\/catalo-tranh-TA-USD-1.pdf\",\"wpOptions\":\"true\"}; if(window.DFLIP && window.DFLIP.parseBooks){window.DFLIP.parseBooks();}<\/script> <div class=\"_df_thumb \" id=\"df_39019\"  _slug=\"bakery-products-catalogue\" data-title=\"bakery-products-catalogue\" wpoptions=\"true\" thumb=\"https:\/\/maison-chance.org\/shop\/wp-content\/uploads\/2024\/04\/Catalo-banh-TA-USD.png\" thumbtype=\"\" >Bakery Products Catalogue<\/div><script class=\"df-shortcode-script\" nowprocket type=\"application\/javascript\">window.option_df_39019 = {\"webgl\":\"false\",\"outline\":[],\"autoEnableOutline\":\"false\",\"autoEnableThumbnail\":\"false\",\"overwritePDFOutline\":\"false\",\"direction\":\"1\",\"pageSize\":\"0\",\"source\":\"https:\\\/\\\/maison-chance.org\\\/shop\\\/wp-content\\\/uploads\\\/2024\\\/04\\\/Catalo-banh-TA-USD-1.pdf\",\"wpOptions\":\"true\"}; if(window.DFLIP && window.DFLIP.parseBooks){window.DFLIP.parseBooks();}<\/script> <div class=\"_df_thumb \" id=\"df_39029\"  _slug=\"39029\" data-title=\"stone-carving-product-catalogue\" wpoptions=\"true\" thumb=\"https:\/\/maison-chance.org\/shop\/wp-content\/uploads\/2024\/04\/Catalo-da-ban-quy-moi.png\" thumbtype=\"\" >Stone Carving Product Catalogue<\/div><script class=\"df-shortcode-script\" nowprocket type=\"application\/javascript\">window.option_df_39029 = {\"webgl\":\"false\",\"outline\":[],\"autoEnableOutline\":\"false\",\"autoEnableThumbnail\":\"false\",\"overwritePDFOutline\":\"false\",\"direction\":\"1\",\"pageSize\":\"0\",\"source\":\"https:\\\/\\\/maison-chance.org\\\/shop\\\/wp-content\\\/uploads\\\/2024\\\/04\\\/da-quy-full-TA-USD-1.pdf\",\"wpOptions\":\"true\"}; if(window.DFLIP && window.DFLIP.parseBooks){window.DFLIP.parseBooks();}<\/script> <div class=\"_df_thumb \" id=\"df_39035\"  _slug=\"agricultural-products-catalogue\" data-title=\"agricultural-products-catalogue\" wpoptions=\"true\" thumb=\"https:\/\/maison-chance.org\/shop\/wp-content\/uploads\/2024\/04\/1.png\" thumbtype=\"\" >Agricultural Products Catalogue<\/div><script class=\"df-shortcode-script\" nowprocket type=\"application\/javascript\">window.option_df_39035 = {\"webgl\":\"false\",\"outline\":[],\"autoEnableOutline\":\"false\",\"autoEnableThumbnail\":\"false\",\"overwritePDFOutline\":\"false\",\"direction\":\"1\",\"pageSize\":\"0\",\"source\":\"https:\\\/\\\/maison-chance.org\\\/shop\\\/wp-content\\\/uploads\\\/2024\\\/04\\\/catalo-nong-san-full-TA-USD-1.pdf\",\"wpOptions\":\"true\"}; if(window.DFLIP && window.DFLIP.parseBooks){window.DFLIP.parseBooks();}<\/script>\n\t\t<\/div>\n\t\t\t\t\t<\/div>\n\n\t\n<\/div>\n","protected":false},"excerpt":{"rendered":"","protected":false},"author":1,"featured_media":40006,"parent":0,"menu_order":0,"comment_status":"closed","ping_status":"closed","template":"","meta":{"footnotes":""},"class_list":["post-38119","page","type-page","status-publish","has-post-thumbnail","hentry"],"yoast_head":"<!-- This site is optimized with the Yoast SEO Premium plugin v22.7 (Yoast SEO v25.3.1) - https:\/\/yoast.com\/wordpress\/plugins\/seo\/ -->\n<title>Catalogue produit - Nh\u00e0 May M\u1eafn - Maison Chance<\/title>\n<meta name=\"description\" content=\"Catalogue des peluches, peintures \u00e0 l&#039;huile, p\u00e2tisseries asiatiques - europ\u00e9ennes et artisanat agricole de Maison Chance. Nous vous remercions beaucoup de votre soutien!\" \/>\n<meta name=\"robots\" content=\"index, follow, max-snippet:-1, max-image-preview:large, max-video-preview:-1\" \/>\n<link rel=\"canonical\" href=\"https:\/\/maison-chance.org\/shop\/fr\/catalogue\" \/>\n<meta property=\"og:locale\" content=\"fr_FR\" \/>\n<meta property=\"og:type\" content=\"article\" \/>\n<meta property=\"og:title\" content=\"Catalogue\" \/>\n<meta property=\"og:description\" content=\"Catalogue des peluches, peintures \u00e0 l&#039;huile, p\u00e2tisseries asiatiques - europ\u00e9ennes et artisanat agricole de Maison Chance. Nous vous remercions beaucoup de votre soutien!\" \/>\n<meta property=\"og:url\" content=\"https:\/\/maison-chance.org\/shop\/fr\/catalogue\" \/>\n<meta property=\"og:site_name\" content=\"Nh\u00e0 May M\u1eafn - Maison Chance\" \/>\n<meta property=\"article:publisher\" content=\"https:\/\/www.facebook.com\/dnxh.nhamayman\/\" \/>\n<meta property=\"article:modified_time\" content=\"2024-06-22T18:56:35+00:00\" \/>\n<meta property=\"og:image\" content=\"https:\/\/maison-chance.org\/shop\/wp-content\/uploads\/2024\/06\/Trang-bia-catalo-600-x-600-mm.jpg\" \/>\n\t<meta property=\"og:image:width\" content=\"2268\" \/>\n\t<meta property=\"og:image:height\" content=\"2268\" \/>\n\t<meta property=\"og:image:type\" content=\"image\/jpeg\" \/>\n<meta name=\"twitter:card\" content=\"summary_large_image\" \/>\n<script type=\"application\/ld+json\" class=\"yoast-schema-graph\">{\"@context\":\"https:\/\/schema.org\",\"@graph\":[{\"@type\":\"WebPage\",\"@id\":\"https:\/\/maison-chance.org\/shop\/fr\/catalogue\",\"url\":\"https:\/\/maison-chance.org\/shop\/fr\/catalogue\",\"name\":\"Catalogue produit - Nh\u00e0 May M\u1eafn - Maison Chance\",\"isPartOf\":{\"@id\":\"https:\/\/maison-chance.org\/shop\/fr#website\"},\"primaryImageOfPage\":{\"@id\":\"https:\/\/maison-chance.org\/shop\/fr\/catalogue#primaryimage\"},\"image\":{\"@id\":\"https:\/\/maison-chance.org\/shop\/fr\/catalogue#primaryimage\"},\"thumbnailUrl\":\"https:\/\/maison-chance.org\/shop\/wp-content\/uploads\/2024\/06\/Trang-bia-catalo-600-x-600-mm.jpg\",\"datePublished\":\"2024-04-08T08:53:11+00:00\",\"dateModified\":\"2024-06-22T18:56:35+00:00\",\"description\":\"Catalogue des peluches, peintures \u00e0 l'huile, p\u00e2tisseries asiatiques - europ\u00e9ennes et artisanat agricole de Maison Chance. Nous vous remercions beaucoup de votre soutien!\",\"breadcrumb\":{\"@id\":\"https:\/\/maison-chance.org\/shop\/fr\/catalogue#breadcrumb\"},\"inLanguage\":\"fr-FR\",\"potentialAction\":[{\"@type\":\"ReadAction\",\"target\":[\"https:\/\/maison-chance.org\/shop\/fr\/catalogue\"]}]},{\"@type\":\"ImageObject\",\"inLanguage\":\"fr-FR\",\"@id\":\"https:\/\/maison-chance.org\/shop\/fr\/catalogue#primaryimage\",\"url\":\"https:\/\/maison-chance.org\/shop\/wp-content\/uploads\/2024\/06\/Trang-bia-catalo-600-x-600-mm.jpg\",\"contentUrl\":\"https:\/\/maison-chance.org\/shop\/wp-content\/uploads\/2024\/06\/Trang-bia-catalo-600-x-600-mm.jpg\",\"width\":2268,\"height\":2268,\"caption\":\"Catalogue\"},{\"@type\":\"BreadcrumbList\",\"@id\":\"https:\/\/maison-chance.org\/shop\/fr\/catalogue#breadcrumb\",\"itemListElement\":[{\"@type\":\"ListItem\",\"position\":1,\"name\":\"Trang ch\u1ee7\",\"item\":\"https:\/\/maison-chance.org\/shop\/fr\"},{\"@type\":\"ListItem\",\"position\":2,\"name\":\"Catalogue\"}]},{\"@type\":\"WebSite\",\"@id\":\"https:\/\/maison-chance.org\/shop\/fr#website\",\"url\":\"https:\/\/maison-chance.org\/shop\/fr\",\"name\":\"Nh\u00e0 May M\u1eafn - Maison Chance\",\"description\":\"M\u1ecdi l\u1ee3i nhu\u1eadn thu v\u1ec1 t\u1eeb vi\u1ec7c b\u00e1n h\u00e0ng s\u1ebd tr\u00edch m\u1ed9t ph\u1ea7n \u0111\u1ec3 ch\u0103m lo cho \u0111\u1eddi s\u1ed1ng c\u00e1c b\u1ea1n khuy\u1ebft t\u1eadt v\u00e0 tr\u1ebb m\u1ed3 c\u00f4i \u1edf \u0111\u00e2y\",\"publisher\":{\"@id\":\"https:\/\/maison-chance.org\/shop\/fr#organization\"},\"potentialAction\":[{\"@type\":\"SearchAction\",\"target\":{\"@type\":\"EntryPoint\",\"urlTemplate\":\"https:\/\/maison-chance.org\/shop\/fr?s={search_term_string}\"},\"query-input\":{\"@type\":\"PropertyValueSpecification\",\"valueRequired\":true,\"valueName\":\"search_term_string\"}}],\"inLanguage\":\"fr-FR\"},{\"@type\":\"Organization\",\"@id\":\"https:\/\/maison-chance.org\/shop\/fr#organization\",\"name\":\"Nh\u00e0 May M\u1eafn - Maison Chance\",\"url\":\"https:\/\/maison-chance.org\/shop\/fr\",\"logo\":{\"@type\":\"ImageObject\",\"inLanguage\":\"fr-FR\",\"@id\":\"https:\/\/maison-chance.org\/shop\/fr#\/schema\/logo\/image\/\",\"url\":\"https:\/\/maison-chance.org\/shop\/wp-content\/uploads\/2024\/03\/cropped-Logo_DNXH.png\",\"contentUrl\":\"https:\/\/maison-chance.org\/shop\/wp-content\/uploads\/2024\/03\/cropped-Logo_DNXH.png\",\"width\":512,\"height\":512,\"caption\":\"Nh\u00e0 May M\u1eafn - Maison Chance\"},\"image\":{\"@id\":\"https:\/\/maison-chance.org\/shop\/fr#\/schema\/logo\/image\/\"},\"sameAs\":[\"https:\/\/www.facebook.com\/dnxh.nhamayman\/\"]}]}<\/script>\n<!-- \/ Yoast SEO Premium plugin. -->","yoast_head_json":{"title":"Catalogue produit - Nh\u00e0 May M\u1eafn - Maison Chance","description":"Catalogue des peluches, peintures \u00e0 l'huile, p\u00e2tisseries asiatiques - europ\u00e9ennes et artisanat agricole de Maison Chance. Nous vous remercions beaucoup de votre soutien!","robots":{"index":"index","follow":"follow","max-snippet":"max-snippet:-1","max-image-preview":"max-image-preview:large","max-video-preview":"max-video-preview:-1"},"canonical":"https:\/\/maison-chance.org\/shop\/fr\/catalogue","og_locale":"fr_FR","og_type":"article","og_title":"Catalogue","og_description":"Catalogue des peluches, peintures \u00e0 l'huile, p\u00e2tisseries asiatiques - europ\u00e9ennes et artisanat agricole de Maison Chance. Nous vous remercions beaucoup de votre soutien!","og_url":"https:\/\/maison-chance.org\/shop\/fr\/catalogue","og_site_name":"Nh\u00e0 May M\u1eafn - Maison Chance","article_publisher":"https:\/\/www.facebook.com\/dnxh.nhamayman\/","article_modified_time":"2024-06-22T18:56:35+00:00","og_image":[{"width":2268,"height":2268,"url":"https:\/\/maison-chance.org\/shop\/wp-content\/uploads\/2024\/06\/Trang-bia-catalo-600-x-600-mm.jpg","type":"image\/jpeg"}],"twitter_card":"summary_large_image","schema":{"@context":"https:\/\/schema.org","@graph":[{"@type":"WebPage","@id":"https:\/\/maison-chance.org\/shop\/fr\/catalogue","url":"https:\/\/maison-chance.org\/shop\/fr\/catalogue","name":"Catalogue produit - Nh\u00e0 May M\u1eafn - Maison Chance","isPartOf":{"@id":"https:\/\/maison-chance.org\/shop\/fr#website"},"primaryImageOfPage":{"@id":"https:\/\/maison-chance.org\/shop\/fr\/catalogue#primaryimage"},"image":{"@id":"https:\/\/maison-chance.org\/shop\/fr\/catalogue#primaryimage"},"thumbnailUrl":"https:\/\/maison-chance.org\/shop\/wp-content\/uploads\/2024\/06\/Trang-bia-catalo-600-x-600-mm.jpg","datePublished":"2024-04-08T08:53:11+00:00","dateModified":"2024-06-22T18:56:35+00:00","description":"Catalogue des peluches, peintures \u00e0 l'huile, p\u00e2tisseries asiatiques - europ\u00e9ennes et artisanat agricole de Maison Chance. Nous vous remercions beaucoup de votre soutien!","breadcrumb":{"@id":"https:\/\/maison-chance.org\/shop\/fr\/catalogue#breadcrumb"},"inLanguage":"fr-FR","potentialAction":[{"@type":"ReadAction","target":["https:\/\/maison-chance.org\/shop\/fr\/catalogue"]}]},{"@type":"ImageObject","inLanguage":"fr-FR","@id":"https:\/\/maison-chance.org\/shop\/fr\/catalogue#primaryimage","url":"https:\/\/maison-chance.org\/shop\/wp-content\/uploads\/2024\/06\/Trang-bia-catalo-600-x-600-mm.jpg","contentUrl":"https:\/\/maison-chance.org\/shop\/wp-content\/uploads\/2024\/06\/Trang-bia-catalo-600-x-600-mm.jpg","width":2268,"height":2268,"caption":"Catalogue"},{"@type":"BreadcrumbList","@id":"https:\/\/maison-chance.org\/shop\/fr\/catalogue#breadcrumb","itemListElement":[{"@type":"ListItem","position":1,"name":"Trang ch\u1ee7","item":"https:\/\/maison-chance.org\/shop\/fr"},{"@type":"ListItem","position":2,"name":"Catalogue"}]},{"@type":"WebSite","@id":"https:\/\/maison-chance.org\/shop\/fr#website","url":"https:\/\/maison-chance.org\/shop\/fr","name":"Nh\u00e0 May M\u1eafn - Maison Chance","description":"M\u1ecdi l\u1ee3i nhu\u1eadn thu v\u1ec1 t\u1eeb vi\u1ec7c b\u00e1n h\u00e0ng s\u1ebd tr\u00edch m\u1ed9t ph\u1ea7n \u0111\u1ec3 ch\u0103m lo cho \u0111\u1eddi s\u1ed1ng c\u00e1c b\u1ea1n khuy\u1ebft t\u1eadt v\u00e0 tr\u1ebb m\u1ed3 c\u00f4i \u1edf \u0111\u00e2y","publisher":{"@id":"https:\/\/maison-chance.org\/shop\/fr#organization"},"potentialAction":[{"@type":"SearchAction","target":{"@type":"EntryPoint","urlTemplate":"https:\/\/maison-chance.org\/shop\/fr?s={search_term_string}"},"query-input":{"@type":"PropertyValueSpecification","valueRequired":true,"valueName":"search_term_string"}}],"inLanguage":"fr-FR"},{"@type":"Organization","@id":"https:\/\/maison-chance.org\/shop\/fr#organization","name":"Nh\u00e0 May M\u1eafn - Maison Chance","url":"https:\/\/maison-chance.org\/shop\/fr","logo":{"@type":"ImageObject","inLanguage":"fr-FR","@id":"https:\/\/maison-chance.org\/shop\/fr#\/schema\/logo\/image\/","url":"https:\/\/maison-chance.org\/shop\/wp-content\/uploads\/2024\/03\/cropped-Logo_DNXH.png","contentUrl":"https:\/\/maison-chance.org\/shop\/wp-content\/uploads\/2024\/03\/cropped-Logo_DNXH.png","width":512,"height":512,"caption":"Nh\u00e0 May M\u1eafn - Maison Chance"},"image":{"@id":"https:\/\/maison-chance.org\/shop\/fr#\/schema\/logo\/image\/"},"sameAs":["https:\/\/www.facebook.com\/dnxh.nhamayman\/"]}]}},"_links":{"self":[{"href":"https:\/\/maison-chance.org\/shop\/fr\/wp-json\/wp\/v2\/pages\/38119","targetHints":{"allow":["GET"]}}],"collection":[{"href":"https:\/\/maison-chance.org\/shop\/fr\/wp-json\/wp\/v2\/pages"}],"about":[{"href":"https:\/\/maison-chance.org\/shop\/fr\/wp-json\/wp\/v2\/types\/page"}],"author":[{"embeddable":true,"href":"https:\/\/maison-chance.org\/shop\/fr\/wp-json\/wp\/v2\/users\/1"}],"replies":[{"embeddable":true,"href":"https:\/\/maison-chance.org\/shop\/fr\/wp-json\/wp\/v2\/comments?post=38119"}],"version-history":[{"count":0,"href":"https:\/\/maison-chance.org\/shop\/fr\/wp-json\/wp\/v2\/pages\/38119\/revisions"}],"wp:featuredmedia":[{"embeddable":true,"href":"https:\/\/maison-chance.org\/shop\/fr\/wp-json\/wp\/v2\/media\/40006"}],"wp:attachment":[{"href":"https:\/\/maison-chance.org\/shop\/fr\/wp-json\/wp\/v2\/media?parent=38119"}],"curies":[{"name":"wp","href":"https:\/\/api.w.org\/{rel}","templated":true}]}}