{"id":30399,"date":"2024-03-08T16:49:53","date_gmt":"2024-03-08T09:49:53","guid":{"rendered":"https:\/\/maison-chance.org\/shop\/san-pham\/sac-a-dos-en-jeans"},"modified":"2024-11-08T13:46:19","modified_gmt":"2024-11-08T06:46:19","slug":"sac-a-dos-en-jeans","status":"publish","type":"product","link":"https:\/\/maison-chance.org\/shop\/fr\/produit\/sac-a-dos-en-jeans","title":{"rendered":"Sac \u00e0 dos \u00e0 la mode"},"content":{"rendered":"<p style=\"text-align: justify;\">Le sac \u00e0 dos fashion J06BL n&rsquo;est pas seulement un objet pratique mais aussi une preuve claire de connexion et de souci pour la communaut\u00e9 handicap\u00e9e. Avec un mat\u00e9riau en jean durable et cr\u00e9atif, chaque sac \u00e0 dos fabriqu\u00e9 \u00e0 la main \u00e0 Maison Chance r\u00e9pond non seulement aux besoins quotidiens mais repr\u00e9sente aussi un engagement envers la responsabilit\u00e9 sociale.<\/p>\n<p style=\"text-align: justify;\">Avec une taille id\u00e9ale de 38,5 x 40 cm, le sac \u00e0 dos J06BL offre confort et commodit\u00e9 pour toutes les activit\u00e9s &#8211; du travail, des \u00e9tudes aux longs voyages. O\u00f9 que vous soyez, vous serez toujours confiant avec le style unique et la qualit\u00e9 durable de ce produit.<\/p>\n<p>Pourquoi Choisir le Sac \u00e0 Dos Fashion J06BL ?<\/p>\n<p style=\"text-align: justify;\">Design Unique : Avec un style moderne et sophistiqu\u00e9, chaque couture du sac \u00e0 dos J06BL d\u00e9montre l&rsquo;habilet\u00e9 et le go\u00fbt esth\u00e9tique, vous aidant \u00e0 exprimer votre personnalit\u00e9 avec confiance.<\/p>\n<p style=\"text-align: justify;\">Mat\u00e9riau Durable : Utilisant du jean de premi\u00e8re qualit\u00e9, le produit est tr\u00e8s durable et facile \u00e0 nettoyer, garantissant une utilisation \u00e0 long terme sans crainte de d\u00e9coloration ou de dommages.<\/p>\n<p style=\"text-align: justify;\">Impact Communautaire : Chaque achat de produits Maison Chance signifie que vous contribuez \u00e0 soutenir les personnes handicap\u00e9es, les aidant \u00e0 avoir un emploi stable et \u00e0 affirmer leur valeur dans la soci\u00e9t\u00e9.<\/p>\n<p style=\"text-align: justify;\">Laissez le sac \u00e0 dos J06BL devenir une partie de votre histoire &#8211; une histoire qui ne parle pas seulement de style mais aussi de partage et d&rsquo;amour pour les vies moins fortun\u00e9es autour de nous. Chaque sac \u00e0 dos J06BL que vous achetez est un message, un encouragement, diffusant l&rsquo;amour dans la communaut\u00e9. Rejoignez <a href=\"https:\/\/maison-chance.org\/shop\">Maison Chance<\/a> pour \u00e9crire de belles histoires \u00e0 travers ce choix significatif &#8211; votre petite action peut ouvrir des portes d&rsquo;espoir et impacter positivement la vie de nombreuses personnes dans le besoin.<\/p>\n","protected":false},"excerpt":{"rendered":"<p style=\"text-align: justify;\">Les produits artisanaux fabriqu\u00e9s par nos artisans moins favoris\u00e9s attendent votre soutien.<\/p>\n<p>Mat\u00e9riau : Tissu en jean<\/p>\n<p>Code : J06BL<\/p>\n<p>Dimensions : 38,5 x 40 cm<\/p>\n<p>Hotline : <span style=\"font-size: 20px;\"><strong><span style=\"color: #ff0000;\">0909 06 25 28<\/span><\/strong><\/span><\/p>\n<p style=\"text-align: justify;\">Si vous \u00eates au Vietnam, veuillez nous contacter via la hotline ou notre page fan Nh\u00e0 May M\u1eafn pour conna\u00eetre les d\u00e9tails de prix au Vietnam.<\/p>\n","protected":false},"featured_media":40165,"template":"","meta":[],"product_brand":[],"product_cat":[231,234],"product_tag":[],"class_list":{"0":"post-30399","1":"product","2":"type-product","3":"status-publish","4":"has-post-thumbnail","6":"product_cat-atelier-de-couture","7":"product_cat-sac-a-dos-atelier-de-couture","9":"first","10":"instock","11":"shipping-taxable","12":"purchasable","13":"product-type-simple"},"yoast_head":"<!-- This site is optimized with the Yoast SEO Premium plugin v22.7 (Yoast SEO v25.3.1) - https:\/\/yoast.com\/wordpress\/plugins\/seo\/ -->\n<title>Sac \u00e0 dos \u00e0 la mode - Nh\u00e0 May M\u1eafn - Maison Chance<\/title>\n<meta name=\"description\" content=\"Le sac \u00e0 dos \u00e0 la mode J06BL n&#039;est pas seulement un article pratique mais aussi une preuve claire de la connexion et de l&#039;attention port\u00e9e \u00e0 la communaut\u00e9 des personnes handicap\u00e9es\" \/>\n<meta name=\"robots\" content=\"index, follow, max-snippet:-1, max-image-preview:large, max-video-preview:-1\" \/>\n<link rel=\"canonical\" href=\"https:\/\/maison-chance.org\/shop\/fr\/produit\/sac-a-dos-en-jeans\" \/>\n<meta property=\"og:locale\" content=\"fr_FR\" \/>\n<meta property=\"og:type\" content=\"article\" \/>\n<meta property=\"og:title\" content=\"Sac \u00e0 dos \u00e0 la mode\" \/>\n<meta property=\"og:description\" content=\"Le sac \u00e0 dos \u00e0 la mode J06BL n&#039;est pas seulement un article pratique mais aussi une preuve claire de la connexion et de l&#039;attention port\u00e9e \u00e0 la communaut\u00e9 des personnes handicap\u00e9es\" \/>\n<meta property=\"og:url\" content=\"https:\/\/maison-chance.org\/shop\/fr\/produit\/sac-a-dos-en-jeans\" \/>\n<meta property=\"og:site_name\" content=\"Nh\u00e0 May M\u1eafn - Maison Chance\" \/>\n<meta property=\"article:publisher\" content=\"https:\/\/www.facebook.com\/dnxh.nhamayman\/\" \/>\n<meta property=\"article:modified_time\" content=\"2024-11-08T06:46:19+00:00\" \/>\n<meta property=\"og:image\" content=\"https:\/\/maison-chance.org\/shop\/wp-content\/uploads\/2024\/03\/ba-lo-thoi-trang-1.jpg\" \/>\n\t<meta property=\"og:image:width\" content=\"600\" \/>\n\t<meta property=\"og:image:height\" content=\"600\" \/>\n\t<meta property=\"og:image:type\" content=\"image\/jpeg\" \/>\n<meta name=\"twitter:card\" content=\"summary_large_image\" \/>\n<meta name=\"twitter:label1\" content=\"Prix\" \/>\n\t<meta name=\"twitter:data1\" content=\"&euro;17.20\" \/>\n\t<meta name=\"twitter:label2\" content=\"Disponibilit\u00e9\" \/>\n\t<meta name=\"twitter:data2\" content=\"En stock\" \/>\n<script type=\"application\/ld+json\" class=\"yoast-schema-graph\">{\"@context\":\"https:\/\/schema.org\",\"@graph\":[{\"@type\":\"WebPage\",\"@id\":\"https:\/\/maison-chance.org\/shop\/fr\/produit\/sac-a-dos-en-jeans\",\"url\":\"https:\/\/maison-chance.org\/shop\/fr\/produit\/sac-a-dos-en-jeans\",\"name\":\"Sac \u00e0 dos \u00e0 la mode - Nh\u00e0 May M\u1eafn - Maison Chance\",\"isPartOf\":{\"@id\":\"https:\/\/maison-chance.org\/shop\/fr#website\"},\"primaryImageOfPage\":{\"@id\":\"https:\/\/maison-chance.org\/shop\/fr\/produit\/sac-a-dos-en-jeans#primaryimage\"},\"image\":{\"@id\":\"https:\/\/maison-chance.org\/shop\/fr\/produit\/sac-a-dos-en-jeans#primaryimage\"},\"thumbnailUrl\":\"https:\/\/maison-chance.org\/shop\/wp-content\/uploads\/2024\/03\/ba-lo-thoi-trang-1.jpg\",\"datePublished\":\"2024-03-08T09:49:53+00:00\",\"dateModified\":\"2024-11-08T06:46:19+00:00\",\"description\":\"Le sac \u00e0 dos \u00e0 la mode J06BL n'est pas seulement un article pratique mais aussi une preuve claire de la connexion et de l'attention port\u00e9e \u00e0 la communaut\u00e9 des personnes handicap\u00e9es\",\"breadcrumb\":{\"@id\":\"https:\/\/maison-chance.org\/shop\/fr\/produit\/sac-a-dos-en-jeans#breadcrumb\"},\"inLanguage\":\"fr-FR\",\"potentialAction\":[{\"@type\":\"ReadAction\",\"target\":[\"https:\/\/maison-chance.org\/shop\/fr\/produit\/sac-a-dos-en-jeans\"]}]},{\"@type\":\"ImageObject\",\"inLanguage\":\"fr-FR\",\"@id\":\"https:\/\/maison-chance.org\/shop\/fr\/produit\/sac-a-dos-en-jeans#primaryimage\",\"url\":\"https:\/\/maison-chance.org\/shop\/wp-content\/uploads\/2024\/03\/ba-lo-thoi-trang-1.jpg\",\"contentUrl\":\"https:\/\/maison-chance.org\/shop\/wp-content\/uploads\/2024\/03\/ba-lo-thoi-trang-1.jpg\",\"width\":600,\"height\":600,\"caption\":\"Sac \u00e0 dos \u00e0 la mode\"},{\"@type\":\"BreadcrumbList\",\"@id\":\"https:\/\/maison-chance.org\/shop\/fr\/produit\/sac-a-dos-en-jeans#breadcrumb\",\"itemListElement\":[{\"@type\":\"ListItem\",\"position\":1,\"name\":\"Trang ch\u1ee7\",\"item\":\"https:\/\/maison-chance.org\/shop\/fr\"},{\"@type\":\"ListItem\",\"position\":2,\"name\":\"Boutique\",\"item\":\"https:\/\/maison-chance.org\/shop\/shop\"},{\"@type\":\"ListItem\",\"position\":3,\"name\":\"Sac \u00e0 dos \u00e0 la mode\"}]},{\"@type\":\"WebSite\",\"@id\":\"https:\/\/maison-chance.org\/shop\/fr#website\",\"url\":\"https:\/\/maison-chance.org\/shop\/fr\",\"name\":\"Nh\u00e0 May M\u1eafn - Maison Chance\",\"description\":\"M\u1ecdi l\u1ee3i nhu\u1eadn thu v\u1ec1 t\u1eeb vi\u1ec7c b\u00e1n h\u00e0ng s\u1ebd tr\u00edch m\u1ed9t ph\u1ea7n \u0111\u1ec3 ch\u0103m lo cho \u0111\u1eddi s\u1ed1ng c\u00e1c b\u1ea1n khuy\u1ebft t\u1eadt v\u00e0 tr\u1ebb m\u1ed3 c\u00f4i \u1edf \u0111\u00e2y\",\"publisher\":{\"@id\":\"https:\/\/maison-chance.org\/shop\/fr#organization\"},\"potentialAction\":[{\"@type\":\"SearchAction\",\"target\":{\"@type\":\"EntryPoint\",\"urlTemplate\":\"https:\/\/maison-chance.org\/shop\/fr?s={search_term_string}\"},\"query-input\":{\"@type\":\"PropertyValueSpecification\",\"valueRequired\":true,\"valueName\":\"search_term_string\"}}],\"inLanguage\":\"fr-FR\"},{\"@type\":\"Organization\",\"@id\":\"https:\/\/maison-chance.org\/shop\/fr#organization\",\"name\":\"Nh\u00e0 May M\u1eafn - Maison Chance\",\"url\":\"https:\/\/maison-chance.org\/shop\/fr\",\"logo\":{\"@type\":\"ImageObject\",\"inLanguage\":\"fr-FR\",\"@id\":\"https:\/\/maison-chance.org\/shop\/fr#\/schema\/logo\/image\/\",\"url\":\"https:\/\/maison-chance.org\/shop\/wp-content\/uploads\/2024\/03\/cropped-Logo_DNXH.png\",\"contentUrl\":\"https:\/\/maison-chance.org\/shop\/wp-content\/uploads\/2024\/03\/cropped-Logo_DNXH.png\",\"width\":512,\"height\":512,\"caption\":\"Nh\u00e0 May M\u1eafn - Maison Chance\"},\"image\":{\"@id\":\"https:\/\/maison-chance.org\/shop\/fr#\/schema\/logo\/image\/\"},\"sameAs\":[\"https:\/\/www.facebook.com\/dnxh.nhamayman\/\"]}]}<\/script>\n<meta property=\"product:price:amount\" content=\"17.20\" \/>\n<meta property=\"product:price:currency\" content=\"EUR\" \/>\n<meta property=\"og:availability\" content=\"instock\" \/>\n<meta property=\"product:availability\" content=\"instock\" \/>\n<meta property=\"product:condition\" content=\"new\" \/>\n<!-- \/ Yoast SEO Premium plugin. -->","yoast_head_json":{"title":"Sac \u00e0 dos \u00e0 la mode - Nh\u00e0 May M\u1eafn - Maison Chance","description":"Le sac \u00e0 dos \u00e0 la mode J06BL n'est pas seulement un article pratique mais aussi une preuve claire de la connexion et de l'attention port\u00e9e \u00e0 la communaut\u00e9 des personnes handicap\u00e9es","robots":{"index":"index","follow":"follow","max-snippet":"max-snippet:-1","max-image-preview":"max-image-preview:large","max-video-preview":"max-video-preview:-1"},"canonical":"https:\/\/maison-chance.org\/shop\/fr\/produit\/sac-a-dos-en-jeans","og_locale":"fr_FR","og_type":"article","og_title":"Sac \u00e0 dos \u00e0 la mode","og_description":"Le sac \u00e0 dos \u00e0 la mode J06BL n'est pas seulement un article pratique mais aussi une preuve claire de la connexion et de l'attention port\u00e9e \u00e0 la communaut\u00e9 des personnes handicap\u00e9es","og_url":"https:\/\/maison-chance.org\/shop\/fr\/produit\/sac-a-dos-en-jeans","og_site_name":"Nh\u00e0 May M\u1eafn - Maison Chance","article_publisher":"https:\/\/www.facebook.com\/dnxh.nhamayman\/","article_modified_time":"2024-11-08T06:46:19+00:00","og_image":[{"width":600,"height":600,"url":"https:\/\/maison-chance.org\/shop\/wp-content\/uploads\/2024\/03\/ba-lo-thoi-trang-1.jpg","type":"image\/jpeg"}],"twitter_card":"summary_large_image","twitter_misc":{"Prix":"&euro;17.20","Disponibilit\u00e9":"En stock"},"schema":{"@context":"https:\/\/schema.org","@graph":[{"@type":"WebPage","@id":"https:\/\/maison-chance.org\/shop\/fr\/produit\/sac-a-dos-en-jeans","url":"https:\/\/maison-chance.org\/shop\/fr\/produit\/sac-a-dos-en-jeans","name":"Sac \u00e0 dos \u00e0 la mode - Nh\u00e0 May M\u1eafn - Maison Chance","isPartOf":{"@id":"https:\/\/maison-chance.org\/shop\/fr#website"},"primaryImageOfPage":{"@id":"https:\/\/maison-chance.org\/shop\/fr\/produit\/sac-a-dos-en-jeans#primaryimage"},"image":{"@id":"https:\/\/maison-chance.org\/shop\/fr\/produit\/sac-a-dos-en-jeans#primaryimage"},"thumbnailUrl":"https:\/\/maison-chance.org\/shop\/wp-content\/uploads\/2024\/03\/ba-lo-thoi-trang-1.jpg","datePublished":"2024-03-08T09:49:53+00:00","dateModified":"2024-11-08T06:46:19+00:00","description":"Le sac \u00e0 dos \u00e0 la mode J06BL n'est pas seulement un article pratique mais aussi une preuve claire de la connexion et de l'attention port\u00e9e \u00e0 la communaut\u00e9 des personnes handicap\u00e9es","breadcrumb":{"@id":"https:\/\/maison-chance.org\/shop\/fr\/produit\/sac-a-dos-en-jeans#breadcrumb"},"inLanguage":"fr-FR","potentialAction":[{"@type":"ReadAction","target":["https:\/\/maison-chance.org\/shop\/fr\/produit\/sac-a-dos-en-jeans"]}]},{"@type":"ImageObject","inLanguage":"fr-FR","@id":"https:\/\/maison-chance.org\/shop\/fr\/produit\/sac-a-dos-en-jeans#primaryimage","url":"https:\/\/maison-chance.org\/shop\/wp-content\/uploads\/2024\/03\/ba-lo-thoi-trang-1.jpg","contentUrl":"https:\/\/maison-chance.org\/shop\/wp-content\/uploads\/2024\/03\/ba-lo-thoi-trang-1.jpg","width":600,"height":600,"caption":"Sac \u00e0 dos \u00e0 la mode"},{"@type":"BreadcrumbList","@id":"https:\/\/maison-chance.org\/shop\/fr\/produit\/sac-a-dos-en-jeans#breadcrumb","itemListElement":[{"@type":"ListItem","position":1,"name":"Trang ch\u1ee7","item":"https:\/\/maison-chance.org\/shop\/fr"},{"@type":"ListItem","position":2,"name":"Boutique","item":"https:\/\/maison-chance.org\/shop\/shop"},{"@type":"ListItem","position":3,"name":"Sac \u00e0 dos \u00e0 la mode"}]},{"@type":"WebSite","@id":"https:\/\/maison-chance.org\/shop\/fr#website","url":"https:\/\/maison-chance.org\/shop\/fr","name":"Nh\u00e0 May M\u1eafn - Maison Chance","description":"M\u1ecdi l\u1ee3i nhu\u1eadn thu v\u1ec1 t\u1eeb vi\u1ec7c b\u00e1n h\u00e0ng s\u1ebd tr\u00edch m\u1ed9t ph\u1ea7n \u0111\u1ec3 ch\u0103m lo cho \u0111\u1eddi s\u1ed1ng c\u00e1c b\u1ea1n khuy\u1ebft t\u1eadt v\u00e0 tr\u1ebb m\u1ed3 c\u00f4i \u1edf \u0111\u00e2y","publisher":{"@id":"https:\/\/maison-chance.org\/shop\/fr#organization"},"potentialAction":[{"@type":"SearchAction","target":{"@type":"EntryPoint","urlTemplate":"https:\/\/maison-chance.org\/shop\/fr?s={search_term_string}"},"query-input":{"@type":"PropertyValueSpecification","valueRequired":true,"valueName":"search_term_string"}}],"inLanguage":"fr-FR"},{"@type":"Organization","@id":"https:\/\/maison-chance.org\/shop\/fr#organization","name":"Nh\u00e0 May M\u1eafn - Maison Chance","url":"https:\/\/maison-chance.org\/shop\/fr","logo":{"@type":"ImageObject","inLanguage":"fr-FR","@id":"https:\/\/maison-chance.org\/shop\/fr#\/schema\/logo\/image\/","url":"https:\/\/maison-chance.org\/shop\/wp-content\/uploads\/2024\/03\/cropped-Logo_DNXH.png","contentUrl":"https:\/\/maison-chance.org\/shop\/wp-content\/uploads\/2024\/03\/cropped-Logo_DNXH.png","width":512,"height":512,"caption":"Nh\u00e0 May M\u1eafn - Maison Chance"},"image":{"@id":"https:\/\/maison-chance.org\/shop\/fr#\/schema\/logo\/image\/"},"sameAs":["https:\/\/www.facebook.com\/dnxh.nhamayman\/"]}]},"product_price_amount":"17.20","product_price_currency":"EUR","og_availability":"instock","product_availability":"instock","product_condition":"new"},"_links":{"self":[{"href":"https:\/\/maison-chance.org\/shop\/fr\/wp-json\/wp\/v2\/product\/30399","targetHints":{"allow":["GET"]}}],"collection":[{"href":"https:\/\/maison-chance.org\/shop\/fr\/wp-json\/wp\/v2\/product"}],"about":[{"href":"https:\/\/maison-chance.org\/shop\/fr\/wp-json\/wp\/v2\/types\/product"}],"wp:featuredmedia":[{"embeddable":true,"href":"https:\/\/maison-chance.org\/shop\/fr\/wp-json\/wp\/v2\/media\/40165"}],"wp:attachment":[{"href":"https:\/\/maison-chance.org\/shop\/fr\/wp-json\/wp\/v2\/media?parent=30399"}],"wp:term":[{"taxonomy":"product_brand","embeddable":true,"href":"https:\/\/maison-chance.org\/shop\/fr\/wp-json\/wp\/v2\/product_brand?post=30399"},{"taxonomy":"product_cat","embeddable":true,"href":"https:\/\/maison-chance.org\/shop\/fr\/wp-json\/wp\/v2\/product_cat?post=30399"},{"taxonomy":"product_tag","embeddable":true,"href":"https:\/\/maison-chance.org\/shop\/fr\/wp-json\/wp\/v2\/product_tag?post=30399"}],"curies":[{"name":"wp","href":"https:\/\/api.w.org\/{rel}","templated":true}]}}