{"id":30418,"date":"2024-10-01T07:06:21","date_gmt":"2024-10-01T00:06:21","guid":{"rendered":"https:\/\/maison-chance.org\/shop\/san-pham\/marionnette-buffle-en-patchwork"},"modified":"2025-07-18T13:52:46","modified_gmt":"2025-07-18T06:52:46","slug":"marionnette-buffle-en-patchwork","status":"publish","type":"product","link":"https:\/\/maison-chance.org\/shop\/fr\/produit\/marionnette-buffle-en-patchwork","title":{"rendered":"Buffle"},"content":{"rendered":"<p data-start=\"55\" data-end=\"370\">La marionnette en tissu brod\u00e9 repr\u00e9sentant un buffle d\u00e9gage un charme rustique et familier \u2014 symbole de labeur, de pers\u00e9v\u00e9rance et de lien profond avec la vie vietnamienne. Enti\u00e8rement fabriqu\u00e9e \u00e0 la main \u00e0 partir de tissu brocart traditionnel, cette cr\u00e9ation marie harmonieusement culture et design vivant.<\/p>\n<p data-start=\"372\" data-end=\"614\">Chaque d\u00e9tail \u2014 des traits du visage, aux oreilles et aux cornes \u2014 est soigneusement cousu, donnant vie \u00e0 un buffle \u00e0 la fois adorable et expressif, id\u00e9al pour raconter des histoires, jouer des r\u00f4les ou animer des spectacles avec les enfants.<\/p>\n<p data-start=\"616\" data-end=\"862\">Son format tient bien en main, le tissu est doux et s\u00fbr pour les enfants comme pour les adultes. Chaque pi\u00e8ce est unique, avec des motifs et des couleurs qui ne se r\u00e9p\u00e8tent jamais \u2014 car chaque marionnette est faite main, sans production en s\u00e9rie.<\/p>\n<p data-start=\"864\" data-end=\"1012\">Bien plus qu\u2019un simple jouet, ce petit buffle est un symbole culturel \u2014 un cadeau sinc\u00e8re, empreint d\u2019\u00e2me vietnamienne et de savoir-faire artisanal.<\/p>\n<p data-start=\"1014\" data-end=\"1200\" data-is-last-node=\"\" data-is-only-node=\"\">\ud83d\udce9 Le prix au Vietnam peut varier. Veuillez nous contacter pour plus d\u2019informations.<br data-start=\"1098\" data-end=\"1101\" \/><strong data-start=\"1101\" data-end=\"1114\">Hotline :<\/strong> 0909 06 25 28<br data-start=\"1128\" data-end=\"1131\" \/><strong data-start=\"1131\" data-end=\"1150\">Page Facebook :<\/strong> <em data-start=\"1151\" data-end=\"1200\" data-is-last-node=\"\">Maison Chance \u2013 Doanh Nghi\u1ec7p X\u00e3 H\u1ed9i Nh\u00e0 May M\u1eafn<\/em><\/p>\n","protected":false},"excerpt":{"rendered":"<p style=\"text-align: justify;\">Les produits fabriqu\u00e9s \u00e0 la main par des amis handicap\u00e9s d\u00e9favoris\u00e9s sollicitent gentiment le soutien de nos pr\u00e9cieux clients.<\/p>\n<p>Mat\u00e9riau : Tissu brocart<\/p>\n<p>Taille : 22 x 29<\/p>\n<p>Code : TC02CR<\/p>\n<p>Hotline : <span style=\"font-size: 20px;\"><strong><span style=\"color: #ff0000;\">090 906 2528<\/span><\/strong><\/span><\/p>\n<p style=\"text-align: justify;\">Si vous \u00eates au Vietnam, veuillez nous contacter via la hotline ou la page fan de l&rsquo;entreprise Maison Chance pour conna\u00eetre le prix de vente au Vietnam.<\/p>\n","protected":false},"featured_media":30404,"template":"","meta":[],"product_brand":[],"product_cat":[231,237],"product_tag":[],"class_list":{"0":"post-30418","1":"product","2":"type-product","3":"status-publish","4":"has-post-thumbnail","6":"product_cat-atelier-de-couture","7":"product_cat-marionnettes-atelier-de-couture","9":"first","10":"instock","11":"shipping-taxable","12":"purchasable","13":"product-type-simple"},"yoast_head":"<!-- This site is optimized with the Yoast SEO Premium plugin v22.7 (Yoast SEO v25.3.1) - https:\/\/yoast.com\/wordpress\/plugins\/seo\/ -->\n<title>Buffle - marionnette en tissu brocart - Nh\u00e0 May M\u1eafn - Maison Chance<\/title>\n<meta name=\"description\" content=\"La marionnette en tissu brocart en forme de buffle n&#039;est pas seulement poss\u00e9der un jouet unique, mais aussi une fa\u00e7on pour vous de contribuer \u00e0 soutenir les tailleurs handicap\u00e9s de Maison Chance\" \/>\n<meta name=\"robots\" content=\"index, follow, max-snippet:-1, max-image-preview:large, max-video-preview:-1\" \/>\n<link rel=\"canonical\" href=\"https:\/\/maison-chance.org\/shop\/fr\/produit\/marionnette-buffle-en-patchwork\" \/>\n<meta property=\"og:locale\" content=\"fr_FR\" \/>\n<meta property=\"og:type\" content=\"article\" \/>\n<meta property=\"og:title\" content=\"Buffle\" \/>\n<meta property=\"og:description\" content=\"La marionnette en tissu brocart en forme de buffle n&#039;est pas seulement poss\u00e9der un jouet unique, mais aussi une fa\u00e7on pour vous de contribuer \u00e0 soutenir les tailleurs handicap\u00e9s de Maison Chance\" \/>\n<meta property=\"og:url\" content=\"https:\/\/maison-chance.org\/shop\/fr\/produit\/marionnette-buffle-en-patchwork\" \/>\n<meta property=\"og:site_name\" content=\"Nh\u00e0 May M\u1eafn - Maison Chance\" \/>\n<meta property=\"article:publisher\" content=\"https:\/\/www.facebook.com\/dnxh.nhamayman\/\" \/>\n<meta property=\"article:modified_time\" content=\"2025-07-18T06:52:46+00:00\" \/>\n<meta property=\"og:image\" content=\"https:\/\/maison-chance.org\/shop\/wp-content\/uploads\/2024\/03\/con-roi-trau-3.jpg\" \/>\n\t<meta property=\"og:image:width\" content=\"600\" \/>\n\t<meta property=\"og:image:height\" content=\"600\" \/>\n\t<meta property=\"og:image:type\" content=\"image\/jpeg\" \/>\n<meta name=\"twitter:card\" content=\"summary_large_image\" \/>\n<meta name=\"twitter:label1\" content=\"Prix\" \/>\n\t<meta name=\"twitter:data1\" content=\"&euro;3.68\" \/>\n\t<meta name=\"twitter:label2\" content=\"Disponibilit\u00e9\" \/>\n\t<meta name=\"twitter:data2\" content=\"En stock\" \/>\n<script type=\"application\/ld+json\" class=\"yoast-schema-graph\">{\"@context\":\"https:\/\/schema.org\",\"@graph\":[{\"@type\":\"WebPage\",\"@id\":\"https:\/\/maison-chance.org\/shop\/fr\/produit\/marionnette-buffle-en-patchwork\",\"url\":\"https:\/\/maison-chance.org\/shop\/fr\/produit\/marionnette-buffle-en-patchwork\",\"name\":\"Buffle - marionnette en tissu brocart - Nh\u00e0 May M\u1eafn - Maison Chance\",\"isPartOf\":{\"@id\":\"https:\/\/maison-chance.org\/shop\/fr#website\"},\"primaryImageOfPage\":{\"@id\":\"https:\/\/maison-chance.org\/shop\/fr\/produit\/marionnette-buffle-en-patchwork#primaryimage\"},\"image\":{\"@id\":\"https:\/\/maison-chance.org\/shop\/fr\/produit\/marionnette-buffle-en-patchwork#primaryimage\"},\"thumbnailUrl\":\"https:\/\/maison-chance.org\/shop\/wp-content\/uploads\/2024\/03\/con-roi-trau-3.jpg\",\"datePublished\":\"2024-10-01T00:06:21+00:00\",\"dateModified\":\"2025-07-18T06:52:46+00:00\",\"description\":\"La marionnette en tissu brocart en forme de buffle n'est pas seulement poss\u00e9der un jouet unique, mais aussi une fa\u00e7on pour vous de contribuer \u00e0 soutenir les tailleurs handicap\u00e9s de Maison Chance\",\"breadcrumb\":{\"@id\":\"https:\/\/maison-chance.org\/shop\/fr\/produit\/marionnette-buffle-en-patchwork#breadcrumb\"},\"inLanguage\":\"fr-FR\",\"potentialAction\":[{\"@type\":\"ReadAction\",\"target\":[\"https:\/\/maison-chance.org\/shop\/fr\/produit\/marionnette-buffle-en-patchwork\"]}]},{\"@type\":\"ImageObject\",\"inLanguage\":\"fr-FR\",\"@id\":\"https:\/\/maison-chance.org\/shop\/fr\/produit\/marionnette-buffle-en-patchwork#primaryimage\",\"url\":\"https:\/\/maison-chance.org\/shop\/wp-content\/uploads\/2024\/03\/con-roi-trau-3.jpg\",\"contentUrl\":\"https:\/\/maison-chance.org\/shop\/wp-content\/uploads\/2024\/03\/con-roi-trau-3.jpg\",\"width\":600,\"height\":600,\"caption\":\"Marionnette en tissu brocart en forme de Buffle\"},{\"@type\":\"BreadcrumbList\",\"@id\":\"https:\/\/maison-chance.org\/shop\/fr\/produit\/marionnette-buffle-en-patchwork#breadcrumb\",\"itemListElement\":[{\"@type\":\"ListItem\",\"position\":1,\"name\":\"Trang ch\u1ee7\",\"item\":\"https:\/\/maison-chance.org\/shop\/fr\"},{\"@type\":\"ListItem\",\"position\":2,\"name\":\"Boutique\",\"item\":\"https:\/\/maison-chance.org\/shop\/shop\"},{\"@type\":\"ListItem\",\"position\":3,\"name\":\"Buffle\"}]},{\"@type\":\"WebSite\",\"@id\":\"https:\/\/maison-chance.org\/shop\/fr#website\",\"url\":\"https:\/\/maison-chance.org\/shop\/fr\",\"name\":\"Nh\u00e0 May M\u1eafn - Maison Chance\",\"description\":\"M\u1ecdi l\u1ee3i nhu\u1eadn thu v\u1ec1 t\u1eeb vi\u1ec7c b\u00e1n h\u00e0ng s\u1ebd tr\u00edch m\u1ed9t ph\u1ea7n \u0111\u1ec3 ch\u0103m lo cho \u0111\u1eddi s\u1ed1ng c\u00e1c b\u1ea1n khuy\u1ebft t\u1eadt v\u00e0 tr\u1ebb m\u1ed3 c\u00f4i \u1edf \u0111\u00e2y\",\"publisher\":{\"@id\":\"https:\/\/maison-chance.org\/shop\/fr#organization\"},\"potentialAction\":[{\"@type\":\"SearchAction\",\"target\":{\"@type\":\"EntryPoint\",\"urlTemplate\":\"https:\/\/maison-chance.org\/shop\/fr?s={search_term_string}\"},\"query-input\":{\"@type\":\"PropertyValueSpecification\",\"valueRequired\":true,\"valueName\":\"search_term_string\"}}],\"inLanguage\":\"fr-FR\"},{\"@type\":\"Organization\",\"@id\":\"https:\/\/maison-chance.org\/shop\/fr#organization\",\"name\":\"Nh\u00e0 May M\u1eafn - Maison Chance\",\"url\":\"https:\/\/maison-chance.org\/shop\/fr\",\"logo\":{\"@type\":\"ImageObject\",\"inLanguage\":\"fr-FR\",\"@id\":\"https:\/\/maison-chance.org\/shop\/fr#\/schema\/logo\/image\/\",\"url\":\"https:\/\/maison-chance.org\/shop\/wp-content\/uploads\/2024\/03\/cropped-Logo_DNXH.png\",\"contentUrl\":\"https:\/\/maison-chance.org\/shop\/wp-content\/uploads\/2024\/03\/cropped-Logo_DNXH.png\",\"width\":512,\"height\":512,\"caption\":\"Nh\u00e0 May M\u1eafn - Maison Chance\"},\"image\":{\"@id\":\"https:\/\/maison-chance.org\/shop\/fr#\/schema\/logo\/image\/\"},\"sameAs\":[\"https:\/\/www.facebook.com\/dnxh.nhamayman\/\"]}]}<\/script>\n<meta property=\"product:price:amount\" content=\"3.68\" \/>\n<meta property=\"product:price:currency\" content=\"EUR\" \/>\n<meta property=\"og:availability\" content=\"instock\" \/>\n<meta property=\"product:availability\" content=\"instock\" \/>\n<meta property=\"product:condition\" content=\"new\" \/>\n<!-- \/ Yoast SEO Premium plugin. -->","yoast_head_json":{"title":"Buffle - marionnette en tissu brocart - Nh\u00e0 May M\u1eafn - Maison Chance","description":"La marionnette en tissu brocart en forme de buffle n'est pas seulement poss\u00e9der un jouet unique, mais aussi une fa\u00e7on pour vous de contribuer \u00e0 soutenir les tailleurs handicap\u00e9s de Maison Chance","robots":{"index":"index","follow":"follow","max-snippet":"max-snippet:-1","max-image-preview":"max-image-preview:large","max-video-preview":"max-video-preview:-1"},"canonical":"https:\/\/maison-chance.org\/shop\/fr\/produit\/marionnette-buffle-en-patchwork","og_locale":"fr_FR","og_type":"article","og_title":"Buffle","og_description":"La marionnette en tissu brocart en forme de buffle n'est pas seulement poss\u00e9der un jouet unique, mais aussi une fa\u00e7on pour vous de contribuer \u00e0 soutenir les tailleurs handicap\u00e9s de Maison Chance","og_url":"https:\/\/maison-chance.org\/shop\/fr\/produit\/marionnette-buffle-en-patchwork","og_site_name":"Nh\u00e0 May M\u1eafn - Maison Chance","article_publisher":"https:\/\/www.facebook.com\/dnxh.nhamayman\/","article_modified_time":"2025-07-18T06:52:46+00:00","og_image":[{"width":600,"height":600,"url":"https:\/\/maison-chance.org\/shop\/wp-content\/uploads\/2024\/03\/con-roi-trau-3.jpg","type":"image\/jpeg"}],"twitter_card":"summary_large_image","twitter_misc":{"Prix":"&euro;3.68","Disponibilit\u00e9":"En stock"},"schema":{"@context":"https:\/\/schema.org","@graph":[{"@type":"WebPage","@id":"https:\/\/maison-chance.org\/shop\/fr\/produit\/marionnette-buffle-en-patchwork","url":"https:\/\/maison-chance.org\/shop\/fr\/produit\/marionnette-buffle-en-patchwork","name":"Buffle - marionnette en tissu brocart - Nh\u00e0 May M\u1eafn - Maison Chance","isPartOf":{"@id":"https:\/\/maison-chance.org\/shop\/fr#website"},"primaryImageOfPage":{"@id":"https:\/\/maison-chance.org\/shop\/fr\/produit\/marionnette-buffle-en-patchwork#primaryimage"},"image":{"@id":"https:\/\/maison-chance.org\/shop\/fr\/produit\/marionnette-buffle-en-patchwork#primaryimage"},"thumbnailUrl":"https:\/\/maison-chance.org\/shop\/wp-content\/uploads\/2024\/03\/con-roi-trau-3.jpg","datePublished":"2024-10-01T00:06:21+00:00","dateModified":"2025-07-18T06:52:46+00:00","description":"La marionnette en tissu brocart en forme de buffle n'est pas seulement poss\u00e9der un jouet unique, mais aussi une fa\u00e7on pour vous de contribuer \u00e0 soutenir les tailleurs handicap\u00e9s de Maison Chance","breadcrumb":{"@id":"https:\/\/maison-chance.org\/shop\/fr\/produit\/marionnette-buffle-en-patchwork#breadcrumb"},"inLanguage":"fr-FR","potentialAction":[{"@type":"ReadAction","target":["https:\/\/maison-chance.org\/shop\/fr\/produit\/marionnette-buffle-en-patchwork"]}]},{"@type":"ImageObject","inLanguage":"fr-FR","@id":"https:\/\/maison-chance.org\/shop\/fr\/produit\/marionnette-buffle-en-patchwork#primaryimage","url":"https:\/\/maison-chance.org\/shop\/wp-content\/uploads\/2024\/03\/con-roi-trau-3.jpg","contentUrl":"https:\/\/maison-chance.org\/shop\/wp-content\/uploads\/2024\/03\/con-roi-trau-3.jpg","width":600,"height":600,"caption":"Marionnette en tissu brocart en forme de Buffle"},{"@type":"BreadcrumbList","@id":"https:\/\/maison-chance.org\/shop\/fr\/produit\/marionnette-buffle-en-patchwork#breadcrumb","itemListElement":[{"@type":"ListItem","position":1,"name":"Trang ch\u1ee7","item":"https:\/\/maison-chance.org\/shop\/fr"},{"@type":"ListItem","position":2,"name":"Boutique","item":"https:\/\/maison-chance.org\/shop\/shop"},{"@type":"ListItem","position":3,"name":"Buffle"}]},{"@type":"WebSite","@id":"https:\/\/maison-chance.org\/shop\/fr#website","url":"https:\/\/maison-chance.org\/shop\/fr","name":"Nh\u00e0 May M\u1eafn - Maison Chance","description":"M\u1ecdi l\u1ee3i nhu\u1eadn thu v\u1ec1 t\u1eeb vi\u1ec7c b\u00e1n h\u00e0ng s\u1ebd tr\u00edch m\u1ed9t ph\u1ea7n \u0111\u1ec3 ch\u0103m lo cho \u0111\u1eddi s\u1ed1ng c\u00e1c b\u1ea1n khuy\u1ebft t\u1eadt v\u00e0 tr\u1ebb m\u1ed3 c\u00f4i \u1edf \u0111\u00e2y","publisher":{"@id":"https:\/\/maison-chance.org\/shop\/fr#organization"},"potentialAction":[{"@type":"SearchAction","target":{"@type":"EntryPoint","urlTemplate":"https:\/\/maison-chance.org\/shop\/fr?s={search_term_string}"},"query-input":{"@type":"PropertyValueSpecification","valueRequired":true,"valueName":"search_term_string"}}],"inLanguage":"fr-FR"},{"@type":"Organization","@id":"https:\/\/maison-chance.org\/shop\/fr#organization","name":"Nh\u00e0 May M\u1eafn - Maison Chance","url":"https:\/\/maison-chance.org\/shop\/fr","logo":{"@type":"ImageObject","inLanguage":"fr-FR","@id":"https:\/\/maison-chance.org\/shop\/fr#\/schema\/logo\/image\/","url":"https:\/\/maison-chance.org\/shop\/wp-content\/uploads\/2024\/03\/cropped-Logo_DNXH.png","contentUrl":"https:\/\/maison-chance.org\/shop\/wp-content\/uploads\/2024\/03\/cropped-Logo_DNXH.png","width":512,"height":512,"caption":"Nh\u00e0 May M\u1eafn - Maison Chance"},"image":{"@id":"https:\/\/maison-chance.org\/shop\/fr#\/schema\/logo\/image\/"},"sameAs":["https:\/\/www.facebook.com\/dnxh.nhamayman\/"]}]},"product_price_amount":"3.68","product_price_currency":"EUR","og_availability":"instock","product_availability":"instock","product_condition":"new"},"_links":{"self":[{"href":"https:\/\/maison-chance.org\/shop\/fr\/wp-json\/wp\/v2\/product\/30418","targetHints":{"allow":["GET"]}}],"collection":[{"href":"https:\/\/maison-chance.org\/shop\/fr\/wp-json\/wp\/v2\/product"}],"about":[{"href":"https:\/\/maison-chance.org\/shop\/fr\/wp-json\/wp\/v2\/types\/product"}],"wp:featuredmedia":[{"embeddable":true,"href":"https:\/\/maison-chance.org\/shop\/fr\/wp-json\/wp\/v2\/media\/30404"}],"wp:attachment":[{"href":"https:\/\/maison-chance.org\/shop\/fr\/wp-json\/wp\/v2\/media?parent=30418"}],"wp:term":[{"taxonomy":"product_brand","embeddable":true,"href":"https:\/\/maison-chance.org\/shop\/fr\/wp-json\/wp\/v2\/product_brand?post=30418"},{"taxonomy":"product_cat","embeddable":true,"href":"https:\/\/maison-chance.org\/shop\/fr\/wp-json\/wp\/v2\/product_cat?post=30418"},{"taxonomy":"product_tag","embeddable":true,"href":"https:\/\/maison-chance.org\/shop\/fr\/wp-json\/wp\/v2\/product_tag?post=30418"}],"curies":[{"name":"wp","href":"https:\/\/api.w.org\/{rel}","templated":true}]}}