{"id":30424,"date":"2024-03-08T17:16:08","date_gmt":"2024-03-08T10:16:08","guid":{"rendered":"https:\/\/maison-chance.org\/shop\/san-pham\/decorations-en-forme-detoile"},"modified":"2024-11-08T14:04:35","modified_gmt":"2024-11-08T07:04:35","slug":"decorations-en-forme-detoile","status":"publish","type":"product","link":"https:\/\/maison-chance.org\/shop\/fr\/produit\/decorations-en-forme-detoile","title":{"rendered":"D\u00e9corations en forme d\u2019\u00e9toile"},"content":{"rendered":"<p style=\"text-align: justify;\">L&rsquo;\u00c9toile Porte-Bonheur est l&rsquo;un des produits artisanaux uniques cr\u00e9\u00e9s par les artisans handicap\u00e9s talentueux de Maison Chance. Avec une attention minutieuse dans chaque point de couture, chaque \u00e9toile offre non seulement une grande valeur esth\u00e9tique mais incarne aussi l&rsquo;espoir et l&rsquo;amour de ces artisans exceptionnels. Ce produit n&rsquo;est pas seulement une d\u00e9coration charmante ; c&rsquo;est un lien qui relie les consommateurs dans leur soutien \u00e0 la communaut\u00e9 handicap\u00e9e, contribuant \u00e0 propager l&rsquo;espoir et le courage de vivre.<\/p>\n<p style=\"text-align: justify;\">Fabriqu\u00e9es en satin doux et lisse, ces \u00e9toiles seront un ajout parfait \u00e0 votre espace de vie ou de travail. Mesurant 8 x 8 cm, cet objet de petite taille est polyvalent : vous pouvez le suspendre sur un arbre de No\u00ebl, d\u00e9corer votre salon, chambre ou m\u00eame espace de travail pour apporter une touche fra\u00eeche, color\u00e9e et une \u00e9nergie positive. L\u2019\u00c9toile Porte-Bonheur est aussi un excellent choix pour un souvenir adorable et significatif.<\/p>\n<p style=\"text-align: justify;\">De plus, l&rsquo;\u00c9toile Porte-Bonheur est un choix merveilleux comme porte-cl\u00e9s ou accessoire pour sacs et sacs \u00e0 dos. Avec ses motifs brod\u00e9s d\u00e9licats et ses couleurs vari\u00e9es, ce produit vous permet d&rsquo;exprimer votre style personnel tout en servant de doux rappel de la chance et de la foi dans la vie.<\/p>\n<p style=\"text-align: justify;\">Chaque \u00c9toile Porte-Bonheur n&rsquo;est pas seulement un article d\u00e9coratif d\u00e9licat, mais aussi un symbole de pers\u00e9v\u00e9rance et de d\u00e9termination des artisans handicap\u00e9s de Maison Chance. En choisissant d&rsquo;acheter ce produit, vous apportez non seulement un cadeau significatif \u00e0 vous-m\u00eame ou \u00e0 un \u00eatre cher, mais vous contribuez \u00e9galement \u00e0 des opportunit\u00e9s d&#8217;emploi qui aident \u00e0 am\u00e9liorer la vie de ceux qui en ont besoin. Rejoignez-nous pour soutenir l\u2019artisanat de <a href=\"https:\/\/maison-chance.org\/shop\">Maison Chance<\/a> \u2013 o\u00f9 l&rsquo;amour et l&rsquo;espoir sont tiss\u00e9s \u00e0 partir de mains habiles et de c\u0153urs pleins de courage.<\/p>\n","protected":false},"excerpt":{"rendered":"<p style=\"text-align: justify;\">Nous vous prions de bien vouloir soutenir les produits fabriqu\u00e9s \u00e0 la main par nos amis handicap\u00e9s d\u00e9favoris\u00e9s.<\/p>\n<p>Mat\u00e9riau : Tissu satin<\/p>\n<p>Hotline : <span style=\"font-size: 20px;\"><strong><span style=\"color: #ff0000;\">090 906 2528<\/span><\/strong><\/span><\/p>\n<p style=\"text-align: justify;\">NSi vous \u00eates au Vietnam, veuillez nous contacter via la hotline ou la page Facebook de l&rsquo;entreprise Maison Chance pour conna\u00eetre les prix au Vietnam.<\/p>\n","protected":false},"featured_media":40361,"template":"","meta":[],"product_brand":[],"product_cat":[231,249],"product_tag":[],"class_list":{"0":"post-30424","1":"product","2":"type-product","3":"status-publish","4":"has-post-thumbnail","6":"product_cat-atelier-de-couture","7":"product_cat-decoration-fr-atelier-de-couture","9":"first","10":"instock","11":"shipping-taxable","12":"purchasable","13":"product-type-simple"},"yoast_head":"<!-- This site is optimized with the Yoast SEO Premium plugin v22.7 (Yoast SEO v25.3.1) - https:\/\/yoast.com\/wordpress\/plugins\/seo\/ -->\n<title>D\u00e9corations en forme d\u2019\u00e9toile - Nh\u00e0 May M\u1eafn - Maison Chance<\/title>\n<meta name=\"description\" content=\"L&#039;\u00c9toile Chanceuse est l&#039;un des produits artisanaux uniques cr\u00e9\u00e9s par les tailleurs handicap\u00e9s de Maison Chance. Avec une attention m\u00e9ticuleuse port\u00e9e \u00e0 chaque point.\" \/>\n<meta name=\"robots\" content=\"index, follow, max-snippet:-1, max-image-preview:large, max-video-preview:-1\" \/>\n<link rel=\"canonical\" href=\"https:\/\/maison-chance.org\/shop\/fr\/produit\/decorations-en-forme-detoile\" \/>\n<meta property=\"og:locale\" content=\"fr_FR\" \/>\n<meta property=\"og:type\" content=\"article\" \/>\n<meta property=\"og:title\" content=\"D\u00e9corations en forme d\u2019\u00e9toile\" \/>\n<meta property=\"og:description\" content=\"L&#039;\u00c9toile Chanceuse est l&#039;un des produits artisanaux uniques cr\u00e9\u00e9s par les tailleurs handicap\u00e9s de Maison Chance. Avec une attention m\u00e9ticuleuse port\u00e9e \u00e0 chaque point.\" \/>\n<meta property=\"og:url\" content=\"https:\/\/maison-chance.org\/shop\/fr\/produit\/decorations-en-forme-detoile\" \/>\n<meta property=\"og:site_name\" content=\"Nh\u00e0 May M\u1eafn - Maison Chance\" \/>\n<meta property=\"article:publisher\" content=\"https:\/\/www.facebook.com\/dnxh.nhamayman\/\" \/>\n<meta property=\"article:modified_time\" content=\"2024-11-08T07:04:35+00:00\" \/>\n<meta property=\"og:image\" content=\"https:\/\/maison-chance.org\/shop\/wp-content\/uploads\/2024\/03\/ngoi-sao-may-man.jpg\" \/>\n\t<meta property=\"og:image:width\" content=\"600\" \/>\n\t<meta property=\"og:image:height\" content=\"600\" \/>\n\t<meta property=\"og:image:type\" content=\"image\/jpeg\" \/>\n<meta name=\"twitter:card\" content=\"summary_large_image\" \/>\n<meta name=\"twitter:label1\" content=\"Prix\" \/>\n\t<meta name=\"twitter:data1\" content=\"&euro;1.29\" \/>\n\t<meta name=\"twitter:label2\" content=\"Disponibilit\u00e9\" \/>\n\t<meta name=\"twitter:data2\" content=\"En stock\" \/>\n<script type=\"application\/ld+json\" class=\"yoast-schema-graph\">{\"@context\":\"https:\/\/schema.org\",\"@graph\":[{\"@type\":\"WebPage\",\"@id\":\"https:\/\/maison-chance.org\/shop\/fr\/produit\/decorations-en-forme-detoile\",\"url\":\"https:\/\/maison-chance.org\/shop\/fr\/produit\/decorations-en-forme-detoile\",\"name\":\"D\u00e9corations en forme d\u2019\u00e9toile - Nh\u00e0 May M\u1eafn - Maison Chance\",\"isPartOf\":{\"@id\":\"https:\/\/maison-chance.org\/shop\/fr#website\"},\"primaryImageOfPage\":{\"@id\":\"https:\/\/maison-chance.org\/shop\/fr\/produit\/decorations-en-forme-detoile#primaryimage\"},\"image\":{\"@id\":\"https:\/\/maison-chance.org\/shop\/fr\/produit\/decorations-en-forme-detoile#primaryimage\"},\"thumbnailUrl\":\"https:\/\/maison-chance.org\/shop\/wp-content\/uploads\/2024\/03\/ngoi-sao-may-man.jpg\",\"datePublished\":\"2024-03-08T10:16:08+00:00\",\"dateModified\":\"2024-11-08T07:04:35+00:00\",\"description\":\"L'\u00c9toile Chanceuse est l'un des produits artisanaux uniques cr\u00e9\u00e9s par les tailleurs handicap\u00e9s de Maison Chance. Avec une attention m\u00e9ticuleuse port\u00e9e \u00e0 chaque point.\",\"breadcrumb\":{\"@id\":\"https:\/\/maison-chance.org\/shop\/fr\/produit\/decorations-en-forme-detoile#breadcrumb\"},\"inLanguage\":\"fr-FR\",\"potentialAction\":[{\"@type\":\"ReadAction\",\"target\":[\"https:\/\/maison-chance.org\/shop\/fr\/produit\/decorations-en-forme-detoile\"]}]},{\"@type\":\"ImageObject\",\"inLanguage\":\"fr-FR\",\"@id\":\"https:\/\/maison-chance.org\/shop\/fr\/produit\/decorations-en-forme-detoile#primaryimage\",\"url\":\"https:\/\/maison-chance.org\/shop\/wp-content\/uploads\/2024\/03\/ngoi-sao-may-man.jpg\",\"contentUrl\":\"https:\/\/maison-chance.org\/shop\/wp-content\/uploads\/2024\/03\/ngoi-sao-may-man.jpg\",\"width\":600,\"height\":600,\"caption\":\"D\u00e9corations en forme d\u2019\u00e9toile\"},{\"@type\":\"BreadcrumbList\",\"@id\":\"https:\/\/maison-chance.org\/shop\/fr\/produit\/decorations-en-forme-detoile#breadcrumb\",\"itemListElement\":[{\"@type\":\"ListItem\",\"position\":1,\"name\":\"Trang ch\u1ee7\",\"item\":\"https:\/\/maison-chance.org\/shop\/fr\"},{\"@type\":\"ListItem\",\"position\":2,\"name\":\"Boutique\",\"item\":\"https:\/\/maison-chance.org\/shop\/shop\"},{\"@type\":\"ListItem\",\"position\":3,\"name\":\"D\u00e9corations en forme d\u2019\u00e9toile\"}]},{\"@type\":\"WebSite\",\"@id\":\"https:\/\/maison-chance.org\/shop\/fr#website\",\"url\":\"https:\/\/maison-chance.org\/shop\/fr\",\"name\":\"Nh\u00e0 May M\u1eafn - Maison Chance\",\"description\":\"M\u1ecdi l\u1ee3i nhu\u1eadn thu v\u1ec1 t\u1eeb vi\u1ec7c b\u00e1n h\u00e0ng s\u1ebd tr\u00edch m\u1ed9t ph\u1ea7n \u0111\u1ec3 ch\u0103m lo cho \u0111\u1eddi s\u1ed1ng c\u00e1c b\u1ea1n khuy\u1ebft t\u1eadt v\u00e0 tr\u1ebb m\u1ed3 c\u00f4i \u1edf \u0111\u00e2y\",\"publisher\":{\"@id\":\"https:\/\/maison-chance.org\/shop\/fr#organization\"},\"potentialAction\":[{\"@type\":\"SearchAction\",\"target\":{\"@type\":\"EntryPoint\",\"urlTemplate\":\"https:\/\/maison-chance.org\/shop\/fr?s={search_term_string}\"},\"query-input\":{\"@type\":\"PropertyValueSpecification\",\"valueRequired\":true,\"valueName\":\"search_term_string\"}}],\"inLanguage\":\"fr-FR\"},{\"@type\":\"Organization\",\"@id\":\"https:\/\/maison-chance.org\/shop\/fr#organization\",\"name\":\"Nh\u00e0 May M\u1eafn - Maison Chance\",\"url\":\"https:\/\/maison-chance.org\/shop\/fr\",\"logo\":{\"@type\":\"ImageObject\",\"inLanguage\":\"fr-FR\",\"@id\":\"https:\/\/maison-chance.org\/shop\/fr#\/schema\/logo\/image\/\",\"url\":\"https:\/\/maison-chance.org\/shop\/wp-content\/uploads\/2024\/03\/cropped-Logo_DNXH.png\",\"contentUrl\":\"https:\/\/maison-chance.org\/shop\/wp-content\/uploads\/2024\/03\/cropped-Logo_DNXH.png\",\"width\":512,\"height\":512,\"caption\":\"Nh\u00e0 May M\u1eafn - Maison Chance\"},\"image\":{\"@id\":\"https:\/\/maison-chance.org\/shop\/fr#\/schema\/logo\/image\/\"},\"sameAs\":[\"https:\/\/www.facebook.com\/dnxh.nhamayman\/\"]}]}<\/script>\n<meta property=\"product:price:amount\" content=\"1.29\" \/>\n<meta property=\"product:price:currency\" content=\"EUR\" \/>\n<meta property=\"og:availability\" content=\"instock\" \/>\n<meta property=\"product:availability\" content=\"instock\" \/>\n<meta property=\"product:condition\" content=\"new\" \/>\n<!-- \/ Yoast SEO Premium plugin. -->","yoast_head_json":{"title":"D\u00e9corations en forme d\u2019\u00e9toile - Nh\u00e0 May M\u1eafn - Maison Chance","description":"L'\u00c9toile Chanceuse est l'un des produits artisanaux uniques cr\u00e9\u00e9s par les tailleurs handicap\u00e9s de Maison Chance. Avec une attention m\u00e9ticuleuse port\u00e9e \u00e0 chaque point.","robots":{"index":"index","follow":"follow","max-snippet":"max-snippet:-1","max-image-preview":"max-image-preview:large","max-video-preview":"max-video-preview:-1"},"canonical":"https:\/\/maison-chance.org\/shop\/fr\/produit\/decorations-en-forme-detoile","og_locale":"fr_FR","og_type":"article","og_title":"D\u00e9corations en forme d\u2019\u00e9toile","og_description":"L'\u00c9toile Chanceuse est l'un des produits artisanaux uniques cr\u00e9\u00e9s par les tailleurs handicap\u00e9s de Maison Chance. Avec une attention m\u00e9ticuleuse port\u00e9e \u00e0 chaque point.","og_url":"https:\/\/maison-chance.org\/shop\/fr\/produit\/decorations-en-forme-detoile","og_site_name":"Nh\u00e0 May M\u1eafn - Maison Chance","article_publisher":"https:\/\/www.facebook.com\/dnxh.nhamayman\/","article_modified_time":"2024-11-08T07:04:35+00:00","og_image":[{"width":600,"height":600,"url":"https:\/\/maison-chance.org\/shop\/wp-content\/uploads\/2024\/03\/ngoi-sao-may-man.jpg","type":"image\/jpeg"}],"twitter_card":"summary_large_image","twitter_misc":{"Prix":"&euro;1.29","Disponibilit\u00e9":"En stock"},"schema":{"@context":"https:\/\/schema.org","@graph":[{"@type":"WebPage","@id":"https:\/\/maison-chance.org\/shop\/fr\/produit\/decorations-en-forme-detoile","url":"https:\/\/maison-chance.org\/shop\/fr\/produit\/decorations-en-forme-detoile","name":"D\u00e9corations en forme d\u2019\u00e9toile - Nh\u00e0 May M\u1eafn - Maison Chance","isPartOf":{"@id":"https:\/\/maison-chance.org\/shop\/fr#website"},"primaryImageOfPage":{"@id":"https:\/\/maison-chance.org\/shop\/fr\/produit\/decorations-en-forme-detoile#primaryimage"},"image":{"@id":"https:\/\/maison-chance.org\/shop\/fr\/produit\/decorations-en-forme-detoile#primaryimage"},"thumbnailUrl":"https:\/\/maison-chance.org\/shop\/wp-content\/uploads\/2024\/03\/ngoi-sao-may-man.jpg","datePublished":"2024-03-08T10:16:08+00:00","dateModified":"2024-11-08T07:04:35+00:00","description":"L'\u00c9toile Chanceuse est l'un des produits artisanaux uniques cr\u00e9\u00e9s par les tailleurs handicap\u00e9s de Maison Chance. Avec une attention m\u00e9ticuleuse port\u00e9e \u00e0 chaque point.","breadcrumb":{"@id":"https:\/\/maison-chance.org\/shop\/fr\/produit\/decorations-en-forme-detoile#breadcrumb"},"inLanguage":"fr-FR","potentialAction":[{"@type":"ReadAction","target":["https:\/\/maison-chance.org\/shop\/fr\/produit\/decorations-en-forme-detoile"]}]},{"@type":"ImageObject","inLanguage":"fr-FR","@id":"https:\/\/maison-chance.org\/shop\/fr\/produit\/decorations-en-forme-detoile#primaryimage","url":"https:\/\/maison-chance.org\/shop\/wp-content\/uploads\/2024\/03\/ngoi-sao-may-man.jpg","contentUrl":"https:\/\/maison-chance.org\/shop\/wp-content\/uploads\/2024\/03\/ngoi-sao-may-man.jpg","width":600,"height":600,"caption":"D\u00e9corations en forme d\u2019\u00e9toile"},{"@type":"BreadcrumbList","@id":"https:\/\/maison-chance.org\/shop\/fr\/produit\/decorations-en-forme-detoile#breadcrumb","itemListElement":[{"@type":"ListItem","position":1,"name":"Trang ch\u1ee7","item":"https:\/\/maison-chance.org\/shop\/fr"},{"@type":"ListItem","position":2,"name":"Boutique","item":"https:\/\/maison-chance.org\/shop\/shop"},{"@type":"ListItem","position":3,"name":"D\u00e9corations en forme d\u2019\u00e9toile"}]},{"@type":"WebSite","@id":"https:\/\/maison-chance.org\/shop\/fr#website","url":"https:\/\/maison-chance.org\/shop\/fr","name":"Nh\u00e0 May M\u1eafn - Maison Chance","description":"M\u1ecdi l\u1ee3i nhu\u1eadn thu v\u1ec1 t\u1eeb vi\u1ec7c b\u00e1n h\u00e0ng s\u1ebd tr\u00edch m\u1ed9t ph\u1ea7n \u0111\u1ec3 ch\u0103m lo cho \u0111\u1eddi s\u1ed1ng c\u00e1c b\u1ea1n khuy\u1ebft t\u1eadt v\u00e0 tr\u1ebb m\u1ed3 c\u00f4i \u1edf \u0111\u00e2y","publisher":{"@id":"https:\/\/maison-chance.org\/shop\/fr#organization"},"potentialAction":[{"@type":"SearchAction","target":{"@type":"EntryPoint","urlTemplate":"https:\/\/maison-chance.org\/shop\/fr?s={search_term_string}"},"query-input":{"@type":"PropertyValueSpecification","valueRequired":true,"valueName":"search_term_string"}}],"inLanguage":"fr-FR"},{"@type":"Organization","@id":"https:\/\/maison-chance.org\/shop\/fr#organization","name":"Nh\u00e0 May M\u1eafn - Maison Chance","url":"https:\/\/maison-chance.org\/shop\/fr","logo":{"@type":"ImageObject","inLanguage":"fr-FR","@id":"https:\/\/maison-chance.org\/shop\/fr#\/schema\/logo\/image\/","url":"https:\/\/maison-chance.org\/shop\/wp-content\/uploads\/2024\/03\/cropped-Logo_DNXH.png","contentUrl":"https:\/\/maison-chance.org\/shop\/wp-content\/uploads\/2024\/03\/cropped-Logo_DNXH.png","width":512,"height":512,"caption":"Nh\u00e0 May M\u1eafn - Maison Chance"},"image":{"@id":"https:\/\/maison-chance.org\/shop\/fr#\/schema\/logo\/image\/"},"sameAs":["https:\/\/www.facebook.com\/dnxh.nhamayman\/"]}]},"product_price_amount":"1.29","product_price_currency":"EUR","og_availability":"instock","product_availability":"instock","product_condition":"new"},"_links":{"self":[{"href":"https:\/\/maison-chance.org\/shop\/fr\/wp-json\/wp\/v2\/product\/30424","targetHints":{"allow":["GET"]}}],"collection":[{"href":"https:\/\/maison-chance.org\/shop\/fr\/wp-json\/wp\/v2\/product"}],"about":[{"href":"https:\/\/maison-chance.org\/shop\/fr\/wp-json\/wp\/v2\/types\/product"}],"wp:featuredmedia":[{"embeddable":true,"href":"https:\/\/maison-chance.org\/shop\/fr\/wp-json\/wp\/v2\/media\/40361"}],"wp:attachment":[{"href":"https:\/\/maison-chance.org\/shop\/fr\/wp-json\/wp\/v2\/media?parent=30424"}],"wp:term":[{"taxonomy":"product_brand","embeddable":true,"href":"https:\/\/maison-chance.org\/shop\/fr\/wp-json\/wp\/v2\/product_brand?post=30424"},{"taxonomy":"product_cat","embeddable":true,"href":"https:\/\/maison-chance.org\/shop\/fr\/wp-json\/wp\/v2\/product_cat?post=30424"},{"taxonomy":"product_tag","embeddable":true,"href":"https:\/\/maison-chance.org\/shop\/fr\/wp-json\/wp\/v2\/product_tag?post=30424"}],"curies":[{"name":"wp","href":"https:\/\/api.w.org\/{rel}","templated":true}]}}