{"id":30549,"date":"2024-03-08T22:08:26","date_gmt":"2024-03-08T15:08:26","guid":{"rendered":"https:\/\/maison-chance.org\/shop\/san-pham\/la-vierge-marie-bercant-le-seigneur"},"modified":"2024-03-08T23:06:06","modified_gmt":"2024-03-08T16:06:06","slug":"la-vierge-marie-bercant-le-seigneur","status":"publish","type":"product","link":"https:\/\/maison-chance.org\/shop\/fr\/produit\/la-vierge-marie-bercant-le-seigneur","title":{"rendered":"La Vierge Marie ber\u00e7ant le Seigneur"},"content":{"rendered":"<p style=\"text-align: justify;\"><span class=\"x1xsqp64 xiy17q3 x1o6pynw x19co3pv xdj266r xcwd3tp xat24cr x39eecv x2b8uid\" data-testid=\"emoji\"><span class=\"xexx8yu xn5pp95 x18d9i69 x2fxd7x x1yqt14a x1bhl96m\">\ud83c\udfa8<\/span><\/span> <span class=\"xv78j7m\" spellcheck=\"false\">Maison Chance<\/span> a le plaisir de pr\u00e9senter une nouvelle peinture \u00e0 l&rsquo;huile r\u00e9alis\u00e9e par l&rsquo;artiste Bui Dinh Toan. Il s&rsquo;agit d&rsquo;une peinture \u00e0 l&rsquo;huile repr\u00e9sentant la Vierge Marie embrassant le Petit J\u00e9sus, avec des dimensions de 60x80cm, rayonnant de la beaut\u00e9 sacr\u00e9e de l&rsquo;amour maternel.<\/p>\n<p><span class=\"x1xsqp64 xiy17q3 x1o6pynw x19co3pv xdj266r xcwd3tp xat24cr x39eecv x2b8uid\" data-testid=\"emoji\"><span class=\"xexx8yu xn5pp95 x18d9i69 x2fxd7x x1yqt14a x1bhl96m\">\ud83d\uddbc\ufe0f<\/span><\/span> En regardant la peinture, notre regard a du mal \u00e0 se d\u00e9tacher du visage doux de la Vierge Marie. Son sourire tendre apaise les \u00e2mes de nombreux. L&rsquo;Enfant Saint dans les bras de la M\u00e8re, avec un sourire innocent et adorable, forme une unit\u00e9 sacr\u00e9e qui r\u00e9chauffe les c\u0153urs de ceux qui la contemplent.<\/p>\n<p><img decoding=\"async\" class=\"size-full wp-image-16332 aligncenter\" src=\"https:\/\/maison-chance.org\/shop\/wp-content\/uploads\/2023\/11\/OR-23-BDT60x80cm-duc-me-am-chua-con-2t5.png\" alt=\"Vierge Marie embrassant J\u00e9sus\" width=\"600\" height=\"600\" \/><\/p>\n<p><span class=\"x1xsqp64 xiy17q3 x1o6pynw x19co3pv xdj266r xcwd3tp xat24cr x39eecv x2b8uid\" data-testid=\"emoji\"><span class=\"xexx8yu xn5pp95 x18d9i69 x2fxd7x x1yqt14a x1bhl96m\">\u2728<\/span><\/span> Ce qui le rend particuli\u00e8rement remarquable, c&rsquo;est que l&rsquo;artiste Bui Dinh Toan est une personne handicap\u00e9e. Actuellement, il vit et travaille \u00e0 <span class=\"xv78j7m\" spellcheck=\"false\">Maison Chance &#8211; Maison Chance<\/span>, un lieu d\u00e9di\u00e9 \u00e0 ceux qui ont des circonstances sp\u00e9ciales.<\/p>\n<p><span class=\"x1xsqp64 xiy17q3 x1o6pynw x19co3pv xdj266r xcwd3tp xat24cr x39eecv x2b8uid\" data-testid=\"emoji\"><span class=\"xexx8yu xn5pp95 x18d9i69 x2fxd7x x1yqt14a x1bhl96m\">\u2764<\/span><\/span> Nous esp\u00e9rons sinc\u00e8rement recevoir le soutien de nos clients <span class=\"x1xsqp64 xiy17q3 x1o6pynw x19co3pv xdj266r xcwd3tp xat24cr x39eecv x2b8uid\" data-testid=\"emoji\"><span class=\"xexx8yu xn5pp95 x18d9i69 x2fxd7x x1yqt14a x1bhl96m\">\u2764<\/span><\/span><\/p>\n<p>&#8212;&#8212;&#8212;&#8212;&#8212;&#8212;&#8212;&#8212;&#8212;&#8212;&#8212;&#8212;&#8212;&#8212;&#8212;&#8212;&#8212;&#8212;&#8212;&#8212;&#8212;&#8212;&#8211;<\/p>\n<p><span class=\"x1xsqp64 xiy17q3 x1o6pynw x19co3pv xdj266r xcwd3tp xat24cr x39eecv x2b8uid\" data-testid=\"emoji\"><span class=\"xexx8yu xn5pp95 x18d9i69 x2fxd7x x1yqt14a x1bhl96m\">\u2764<\/span><\/span> Tous les b\u00e9n\u00e9fices de la vente seront utilis\u00e9s en partie pour prendre soin de la vie des personnes handicap\u00e9es et des orphelins ici. La partie restante continuera de soutenir les activit\u00e9s de l&rsquo;organisation <span class=\"x1xsqp64 xiy17q3 x1o6pynw x19co3pv xdj266r xcwd3tp xat24cr x39eecv x2b8uid\" data-testid=\"emoji\"><span class=\"xexx8yu xn5pp95 x18d9i69 x2fxd7x x1yqt14a x1bhl96m\">\u2764<\/span><\/span><br \/>\n<span class=\"x1xsqp64 xiy17q3 x1o6pynw x19co3pv xdj266r xcwd3tp xat24cr x39eecv x2b8uid\" data-testid=\"emoji\"><span class=\"xexx8yu xn5pp95 x18d9i69 x2fxd7x x1yqt14a x1bhl96m\">\u260e<\/span><\/span> Hotline : 0909 06 2528 (Zalo<span class=\"x1xsqp64 xiy17q3 x1o6pynw x19co3pv xdj266r xcwd3tp xat24cr x39eecv x2b8uid\" data-testid=\"emoji\"><span class=\"xexx8yu xn5pp95 x18d9i69 x2fxd7x x1yqt14a x1bhl96m\">\ud83d\udc49<\/span><\/span>).<br \/>\n<span class=\"x1xsqp64 xiy17q3 x1o6pynw x19co3pv xdj266r xcwd3tp xat24cr x39eecv x2b8uid\" data-testid=\"emoji\"><span class=\"xexx8yu xn5pp95 x18d9i69 x2fxd7x x1yqt14a x1bhl96m\">\ud83d\udcbb<\/span><\/span> Site Web : <a href=\"https:\/\/maison-chance.org\/shop\">https:\/\/maison-chance.org\/shop<\/a><\/p>\n","protected":false},"excerpt":{"rendered":"<p>Les peintures \u00e0 l&rsquo;huile propos\u00e9es par Maison Chance sont des cr\u00e9ations d&rsquo;artistes moins chanceux en situation de handicap.<\/p>\n<p>&nbsp;<\/p>\n<p>Taille (cm) : 60&#215;80<\/p>\n<p>&nbsp;<\/p>\n<p>Genre : \u0152uvre originale<\/p>\n<p>&nbsp;<\/p>\n<p>Auteur : B\u00f9i \u0110\u00ecnh To\u1ea3n<\/p>\n<p>&nbsp;<\/p>\n<p style=\"text-align: justify;\">Hotline : <span style=\"color: #ff0000; font-size: 18pt;\"><strong>0909 06 25 28<\/strong><\/span><\/p>\n<p>&nbsp;<\/p>\n","protected":false},"featured_media":30546,"template":"","meta":[],"product_brand":[],"product_cat":[252,267],"product_tag":[],"class_list":{"0":"post-30549","1":"product","2":"type-product","3":"status-publish","4":"has-post-thumbnail","6":"product_cat-atelier-de-peinture-a-lhuile","7":"product_cat-peinture-religieuse-atelier-de-peinture-a-lhuile","9":"first","10":"instock","11":"shipping-taxable","12":"product-type-simple"},"yoast_head":"<!-- This site is optimized with the Yoast SEO Premium plugin v22.7 (Yoast SEO v25.3.1) - https:\/\/yoast.com\/wordpress\/plugins\/seo\/ -->\n<title>La Vierge Marie ber\u00e7ant le Seigneur - Nh\u00e0 May M\u1eafn - Maison Chance<\/title>\n<meta name=\"robots\" content=\"index, follow, max-snippet:-1, max-image-preview:large, max-video-preview:-1\" \/>\n<link rel=\"canonical\" href=\"https:\/\/maison-chance.org\/shop\/fr\/produit\/la-vierge-marie-bercant-le-seigneur\" \/>\n<meta property=\"og:locale\" content=\"fr_FR\" \/>\n<meta property=\"og:type\" content=\"article\" \/>\n<meta property=\"og:title\" content=\"La Vierge Marie ber\u00e7ant le Seigneur\" \/>\n<meta property=\"og:description\" content=\"Les peintures \u00e0 l&#039;huile propos\u00e9es par Maison Chance sont des cr\u00e9ations d&#039;artistes moins chanceux en situation de handicap.  &nbsp;  Taille (cm) : 60x80  &nbsp;  Genre : \u0152uvre originale  &nbsp;  Auteur : B\u00f9i \u0110\u00ecnh To\u1ea3n  &nbsp; Hotline : 0909 06 25 28 &nbsp;\" \/>\n<meta property=\"og:url\" content=\"https:\/\/maison-chance.org\/shop\/fr\/produit\/la-vierge-marie-bercant-le-seigneur\" \/>\n<meta property=\"og:site_name\" content=\"Nh\u00e0 May M\u1eafn - Maison Chance\" \/>\n<meta property=\"article:publisher\" content=\"https:\/\/www.facebook.com\/dnxh.nhamayman\/\" \/>\n<meta property=\"article:modified_time\" content=\"2024-03-08T16:06:06+00:00\" \/>\n<meta property=\"og:image\" content=\"https:\/\/maison-chance.org\/shop\/wp-content\/uploads\/2024\/03\/OR-23-BDT60x80cm-duc-me-am-chua-con-2t5.png\" \/>\n\t<meta property=\"og:image:width\" content=\"600\" \/>\n\t<meta property=\"og:image:height\" content=\"600\" \/>\n\t<meta property=\"og:image:type\" content=\"image\/png\" \/>\n<meta name=\"twitter:card\" content=\"summary_large_image\" \/>\n<meta name=\"twitter:label1\" content=\"Prix\" \/>\n\t<meta name=\"twitter:data1\" content=\"\" \/>\n\t<meta name=\"twitter:label2\" content=\"Disponibilit\u00e9\" \/>\n\t<meta name=\"twitter:data2\" content=\"En stock\" \/>\n<script type=\"application\/ld+json\" class=\"yoast-schema-graph\">{\"@context\":\"https:\/\/schema.org\",\"@graph\":[{\"@type\":\"WebPage\",\"@id\":\"https:\/\/maison-chance.org\/shop\/fr\/produit\/la-vierge-marie-bercant-le-seigneur\",\"url\":\"https:\/\/maison-chance.org\/shop\/fr\/produit\/la-vierge-marie-bercant-le-seigneur\",\"name\":\"La Vierge Marie ber\u00e7ant le Seigneur - Nh\u00e0 May M\u1eafn - Maison Chance\",\"isPartOf\":{\"@id\":\"https:\/\/maison-chance.org\/shop\/fr#website\"},\"primaryImageOfPage\":{\"@id\":\"https:\/\/maison-chance.org\/shop\/fr\/produit\/la-vierge-marie-bercant-le-seigneur#primaryimage\"},\"image\":{\"@id\":\"https:\/\/maison-chance.org\/shop\/fr\/produit\/la-vierge-marie-bercant-le-seigneur#primaryimage\"},\"thumbnailUrl\":\"https:\/\/maison-chance.org\/shop\/wp-content\/uploads\/2024\/03\/OR-23-BDT60x80cm-duc-me-am-chua-con-2t5.png\",\"datePublished\":\"2024-03-08T15:08:26+00:00\",\"dateModified\":\"2024-03-08T16:06:06+00:00\",\"breadcrumb\":{\"@id\":\"https:\/\/maison-chance.org\/shop\/fr\/produit\/la-vierge-marie-bercant-le-seigneur#breadcrumb\"},\"inLanguage\":\"fr-FR\",\"potentialAction\":[{\"@type\":\"ReadAction\",\"target\":[\"https:\/\/maison-chance.org\/shop\/fr\/produit\/la-vierge-marie-bercant-le-seigneur\"]}]},{\"@type\":\"ImageObject\",\"inLanguage\":\"fr-FR\",\"@id\":\"https:\/\/maison-chance.org\/shop\/fr\/produit\/la-vierge-marie-bercant-le-seigneur#primaryimage\",\"url\":\"https:\/\/maison-chance.org\/shop\/wp-content\/uploads\/2024\/03\/OR-23-BDT60x80cm-duc-me-am-chua-con-2t5.png\",\"contentUrl\":\"https:\/\/maison-chance.org\/shop\/wp-content\/uploads\/2024\/03\/OR-23-BDT60x80cm-duc-me-am-chua-con-2t5.png\",\"width\":600,\"height\":600,\"caption\":\"La Vierge Marie ber\u00e7ant le Seigneur\"},{\"@type\":\"BreadcrumbList\",\"@id\":\"https:\/\/maison-chance.org\/shop\/fr\/produit\/la-vierge-marie-bercant-le-seigneur#breadcrumb\",\"itemListElement\":[{\"@type\":\"ListItem\",\"position\":1,\"name\":\"Trang ch\u1ee7\",\"item\":\"https:\/\/maison-chance.org\/shop\/fr\"},{\"@type\":\"ListItem\",\"position\":2,\"name\":\"Boutique\",\"item\":\"https:\/\/maison-chance.org\/shop\/shop\"},{\"@type\":\"ListItem\",\"position\":3,\"name\":\"La Vierge Marie ber\u00e7ant le Seigneur\"}]},{\"@type\":\"WebSite\",\"@id\":\"https:\/\/maison-chance.org\/shop\/fr#website\",\"url\":\"https:\/\/maison-chance.org\/shop\/fr\",\"name\":\"Nh\u00e0 May M\u1eafn - Maison Chance\",\"description\":\"M\u1ecdi l\u1ee3i nhu\u1eadn thu v\u1ec1 t\u1eeb vi\u1ec7c b\u00e1n h\u00e0ng s\u1ebd tr\u00edch m\u1ed9t ph\u1ea7n \u0111\u1ec3 ch\u0103m lo cho \u0111\u1eddi s\u1ed1ng c\u00e1c b\u1ea1n khuy\u1ebft t\u1eadt v\u00e0 tr\u1ebb m\u1ed3 c\u00f4i \u1edf \u0111\u00e2y\",\"publisher\":{\"@id\":\"https:\/\/maison-chance.org\/shop\/fr#organization\"},\"potentialAction\":[{\"@type\":\"SearchAction\",\"target\":{\"@type\":\"EntryPoint\",\"urlTemplate\":\"https:\/\/maison-chance.org\/shop\/fr?s={search_term_string}\"},\"query-input\":{\"@type\":\"PropertyValueSpecification\",\"valueRequired\":true,\"valueName\":\"search_term_string\"}}],\"inLanguage\":\"fr-FR\"},{\"@type\":\"Organization\",\"@id\":\"https:\/\/maison-chance.org\/shop\/fr#organization\",\"name\":\"Nh\u00e0 May M\u1eafn - Maison Chance\",\"url\":\"https:\/\/maison-chance.org\/shop\/fr\",\"logo\":{\"@type\":\"ImageObject\",\"inLanguage\":\"fr-FR\",\"@id\":\"https:\/\/maison-chance.org\/shop\/fr#\/schema\/logo\/image\/\",\"url\":\"https:\/\/maison-chance.org\/shop\/wp-content\/uploads\/2024\/03\/cropped-Logo_DNXH.png\",\"contentUrl\":\"https:\/\/maison-chance.org\/shop\/wp-content\/uploads\/2024\/03\/cropped-Logo_DNXH.png\",\"width\":512,\"height\":512,\"caption\":\"Nh\u00e0 May M\u1eafn - Maison Chance\"},\"image\":{\"@id\":\"https:\/\/maison-chance.org\/shop\/fr#\/schema\/logo\/image\/\"},\"sameAs\":[\"https:\/\/www.facebook.com\/dnxh.nhamayman\/\"]}]}<\/script>\n<meta property=\"product:price:amount\" content=\"0.00\" \/>\n<meta property=\"product:price:currency\" content=\"EUR\" \/>\n<meta property=\"og:availability\" content=\"instock\" \/>\n<meta property=\"product:availability\" content=\"instock\" \/>\n<meta property=\"product:condition\" content=\"new\" \/>\n<!-- \/ Yoast SEO Premium plugin. -->","yoast_head_json":{"title":"La Vierge Marie ber\u00e7ant le Seigneur - Nh\u00e0 May M\u1eafn - Maison Chance","robots":{"index":"index","follow":"follow","max-snippet":"max-snippet:-1","max-image-preview":"max-image-preview:large","max-video-preview":"max-video-preview:-1"},"canonical":"https:\/\/maison-chance.org\/shop\/fr\/produit\/la-vierge-marie-bercant-le-seigneur","og_locale":"fr_FR","og_type":"article","og_title":"La Vierge Marie ber\u00e7ant le Seigneur","og_description":"Les peintures \u00e0 l'huile propos\u00e9es par Maison Chance sont des cr\u00e9ations d'artistes moins chanceux en situation de handicap.  &nbsp;  Taille (cm) : 60x80  &nbsp;  Genre : \u0152uvre originale  &nbsp;  Auteur : B\u00f9i \u0110\u00ecnh To\u1ea3n  &nbsp; Hotline : 0909 06 25 28 &nbsp;","og_url":"https:\/\/maison-chance.org\/shop\/fr\/produit\/la-vierge-marie-bercant-le-seigneur","og_site_name":"Nh\u00e0 May M\u1eafn - Maison Chance","article_publisher":"https:\/\/www.facebook.com\/dnxh.nhamayman\/","article_modified_time":"2024-03-08T16:06:06+00:00","og_image":[{"width":600,"height":600,"url":"https:\/\/maison-chance.org\/shop\/wp-content\/uploads\/2024\/03\/OR-23-BDT60x80cm-duc-me-am-chua-con-2t5.png","type":"image\/png"}],"twitter_card":"summary_large_image","twitter_misc":{"Prix":"","Disponibilit\u00e9":"En stock"},"schema":{"@context":"https:\/\/schema.org","@graph":[{"@type":"WebPage","@id":"https:\/\/maison-chance.org\/shop\/fr\/produit\/la-vierge-marie-bercant-le-seigneur","url":"https:\/\/maison-chance.org\/shop\/fr\/produit\/la-vierge-marie-bercant-le-seigneur","name":"La Vierge Marie ber\u00e7ant le Seigneur - Nh\u00e0 May M\u1eafn - Maison Chance","isPartOf":{"@id":"https:\/\/maison-chance.org\/shop\/fr#website"},"primaryImageOfPage":{"@id":"https:\/\/maison-chance.org\/shop\/fr\/produit\/la-vierge-marie-bercant-le-seigneur#primaryimage"},"image":{"@id":"https:\/\/maison-chance.org\/shop\/fr\/produit\/la-vierge-marie-bercant-le-seigneur#primaryimage"},"thumbnailUrl":"https:\/\/maison-chance.org\/shop\/wp-content\/uploads\/2024\/03\/OR-23-BDT60x80cm-duc-me-am-chua-con-2t5.png","datePublished":"2024-03-08T15:08:26+00:00","dateModified":"2024-03-08T16:06:06+00:00","breadcrumb":{"@id":"https:\/\/maison-chance.org\/shop\/fr\/produit\/la-vierge-marie-bercant-le-seigneur#breadcrumb"},"inLanguage":"fr-FR","potentialAction":[{"@type":"ReadAction","target":["https:\/\/maison-chance.org\/shop\/fr\/produit\/la-vierge-marie-bercant-le-seigneur"]}]},{"@type":"ImageObject","inLanguage":"fr-FR","@id":"https:\/\/maison-chance.org\/shop\/fr\/produit\/la-vierge-marie-bercant-le-seigneur#primaryimage","url":"https:\/\/maison-chance.org\/shop\/wp-content\/uploads\/2024\/03\/OR-23-BDT60x80cm-duc-me-am-chua-con-2t5.png","contentUrl":"https:\/\/maison-chance.org\/shop\/wp-content\/uploads\/2024\/03\/OR-23-BDT60x80cm-duc-me-am-chua-con-2t5.png","width":600,"height":600,"caption":"La Vierge Marie ber\u00e7ant le Seigneur"},{"@type":"BreadcrumbList","@id":"https:\/\/maison-chance.org\/shop\/fr\/produit\/la-vierge-marie-bercant-le-seigneur#breadcrumb","itemListElement":[{"@type":"ListItem","position":1,"name":"Trang ch\u1ee7","item":"https:\/\/maison-chance.org\/shop\/fr"},{"@type":"ListItem","position":2,"name":"Boutique","item":"https:\/\/maison-chance.org\/shop\/shop"},{"@type":"ListItem","position":3,"name":"La Vierge Marie ber\u00e7ant le Seigneur"}]},{"@type":"WebSite","@id":"https:\/\/maison-chance.org\/shop\/fr#website","url":"https:\/\/maison-chance.org\/shop\/fr","name":"Nh\u00e0 May M\u1eafn - Maison Chance","description":"M\u1ecdi l\u1ee3i nhu\u1eadn thu v\u1ec1 t\u1eeb vi\u1ec7c b\u00e1n h\u00e0ng s\u1ebd tr\u00edch m\u1ed9t ph\u1ea7n \u0111\u1ec3 ch\u0103m lo cho \u0111\u1eddi s\u1ed1ng c\u00e1c b\u1ea1n khuy\u1ebft t\u1eadt v\u00e0 tr\u1ebb m\u1ed3 c\u00f4i \u1edf \u0111\u00e2y","publisher":{"@id":"https:\/\/maison-chance.org\/shop\/fr#organization"},"potentialAction":[{"@type":"SearchAction","target":{"@type":"EntryPoint","urlTemplate":"https:\/\/maison-chance.org\/shop\/fr?s={search_term_string}"},"query-input":{"@type":"PropertyValueSpecification","valueRequired":true,"valueName":"search_term_string"}}],"inLanguage":"fr-FR"},{"@type":"Organization","@id":"https:\/\/maison-chance.org\/shop\/fr#organization","name":"Nh\u00e0 May M\u1eafn - Maison Chance","url":"https:\/\/maison-chance.org\/shop\/fr","logo":{"@type":"ImageObject","inLanguage":"fr-FR","@id":"https:\/\/maison-chance.org\/shop\/fr#\/schema\/logo\/image\/","url":"https:\/\/maison-chance.org\/shop\/wp-content\/uploads\/2024\/03\/cropped-Logo_DNXH.png","contentUrl":"https:\/\/maison-chance.org\/shop\/wp-content\/uploads\/2024\/03\/cropped-Logo_DNXH.png","width":512,"height":512,"caption":"Nh\u00e0 May M\u1eafn - Maison Chance"},"image":{"@id":"https:\/\/maison-chance.org\/shop\/fr#\/schema\/logo\/image\/"},"sameAs":["https:\/\/www.facebook.com\/dnxh.nhamayman\/"]}]},"product_price_amount":"0.00","product_price_currency":"EUR","og_availability":"instock","product_availability":"instock","product_condition":"new"},"_links":{"self":[{"href":"https:\/\/maison-chance.org\/shop\/fr\/wp-json\/wp\/v2\/product\/30549","targetHints":{"allow":["GET"]}}],"collection":[{"href":"https:\/\/maison-chance.org\/shop\/fr\/wp-json\/wp\/v2\/product"}],"about":[{"href":"https:\/\/maison-chance.org\/shop\/fr\/wp-json\/wp\/v2\/types\/product"}],"wp:featuredmedia":[{"embeddable":true,"href":"https:\/\/maison-chance.org\/shop\/fr\/wp-json\/wp\/v2\/media\/30546"}],"wp:attachment":[{"href":"https:\/\/maison-chance.org\/shop\/fr\/wp-json\/wp\/v2\/media?parent=30549"}],"wp:term":[{"taxonomy":"product_brand","embeddable":true,"href":"https:\/\/maison-chance.org\/shop\/fr\/wp-json\/wp\/v2\/product_brand?post=30549"},{"taxonomy":"product_cat","embeddable":true,"href":"https:\/\/maison-chance.org\/shop\/fr\/wp-json\/wp\/v2\/product_cat?post=30549"},{"taxonomy":"product_tag","embeddable":true,"href":"https:\/\/maison-chance.org\/shop\/fr\/wp-json\/wp\/v2\/product_tag?post=30549"}],"curies":[{"name":"wp","href":"https:\/\/api.w.org\/{rel}","templated":true}]}}