{"id":30557,"date":"2024-03-08T22:12:25","date_gmt":"2024-03-08T15:12:25","guid":{"rendered":"https:\/\/maison-chance.org\/shop\/san-pham\/silhouette-de-mere"},"modified":"2024-03-08T22:12:25","modified_gmt":"2024-03-08T15:12:25","slug":"silhouette-de-mere","status":"publish","type":"product","link":"https:\/\/maison-chance.org\/shop\/fr\/produit\/silhouette-de-mere","title":{"rendered":"Silhouette de m\u00e8re"},"content":{"rendered":"<p style=\"text-align: center;\">\ud83c\udf38 PEINTURES \u00c0 L&rsquo;HUILE ABSTRAITES &#8211; FIGURE MATERNELLE \ud83c\udf38<\/p>\n<p style=\"text-align: justify;\">\ud83d\udc96 Vous recherchez une peinture \u00e0 l&rsquo;huile unique pour d\u00e9corer votre espace de vie? Vous souhaitez poss\u00e9der une \u0153uvre d&rsquo;art qui refl\u00e8te profond\u00e9ment l&rsquo;amour maternel? Laissez Maison Chance vous pr\u00e9senter la peinture \u00ab\u00a0Figure maternelle\u00a0\u00bb &#8211; une pi\u00e8ce pleine d&rsquo;\u00e9motions et de sens!<\/p>\n<p style=\"text-align: justify;\">\ud83c\udfa8 Avec une palette de couleurs orange-jaune et de feuilles bleu-vert, la peinture \u00e0 l&rsquo;huile \u00ab\u00a0Figure maternelle\u00a0\u00bb pr\u00e9sente une image d&rsquo;une m\u00e8re \u00e0 l&rsquo;apparence douce et aimante. Les papillons roses vifs sur la peinture ajoutent au charme et \u00e0 la s\u00e9duction de la femme.<\/p>\n<p><img decoding=\"async\" class=\"size-full wp-image-16350 aligncenter\" src=\"https:\/\/maison-chance.org\/shop\/wp-content\/uploads\/2023\/12\/60x80-Nguyen-Van-Chien-Hinh-bong-me.png\" alt=\"H\u00ecnh b\u00f3ng m\u1eb9\" width=\"600\" height=\"600\" \/><\/p>\n<p style=\"text-align: justify;\">\ud83d\uddbc\ufe0f La grande taille de 60 x 80 cm de la peinture \u00e0 l&rsquo;huile met en \u00e9vidence les d\u00e9tails et la pr\u00e9cision de chaque coup de pinceau. Plac\u00e9e dans le salon, la chambre \u00e0 coucher ou l&rsquo;espace de travail, la peinture deviendra un point focal, attirant tous les regards et cr\u00e9ant un espace de vie confortable et relaxant.<\/p>\n<p style=\"text-align: justify;\">\ud83e\udd1d\ud83e\udd1d\ud83e\udd1d En particulier, la peinture \u00ab\u00a0Figure maternelle\u00a0\u00bb est un produit de Nguyen Van Chien &#8211; un artiste handicap\u00e9 talentueux. \u00c0 chaque fois que vous achetez une peinture, vous soutenez le d\u00e9veloppement et la confiance des personnes handicap\u00e9es. Unissons nos forces pour construire une soci\u00e9t\u00e9 civilis\u00e9e et compatissante!<\/p>\n<p style=\"text-align: justify;\">\ud83d\udc95\ud83d\udc95\ud83d\udc95 Laissez la peinture \u00e0 l&rsquo;huile \u00ab\u00a0Figure maternelle\u00a0\u00bb \u00eatre un cadeau significatif pour vos amis, vos proches, ou une d\u00e9coration pour votre espace de vie. \u00c0 chaque fois que vous regardez la peinture, vous ressentirez l&rsquo;amour et les soins de la m\u00e8re &#8211; une source in\u00e9puisable d&rsquo;inspiration dans la vie! \ud83d\udc95\ud83d\udc95\ud83d\udc95<\/p>\n<div dir=\"auto\" style=\"text-align: justify;\"><span class=\"x3nfvp2 x1j61x8r x1fcty0u xdj266r xhhsvwb xat24cr xgzva0m xxymvpz xlup9mm x1kky2od\"><img decoding=\"async\" class=\"xz74otr\" src=\"https:\/\/static.xx.fbcdn.net\/images\/emoji.php\/v9\/ted\/2\/16\/2764.png\" alt=\"\u2764\" width=\"16\" height=\"16\" \/><\/span> Nous esp\u00e9rons recevoir votre soutien <span class=\"x3nfvp2 x1j61x8r x1fcty0u xdj266r xhhsvwb xat24cr xgzva0m xxymvpz xlup9mm x1kky2od\"><img decoding=\"async\" class=\"xz74otr\" src=\"https:\/\/static.xx.fbcdn.net\/images\/emoji.php\/v9\/ted\/2\/16\/2764.png\" alt=\"\u2764\" width=\"16\" height=\"16\" \/><\/span><\/div>\n<div dir=\"auto\" style=\"text-align: justify;\">&#8212;&#8212;&#8212;&#8212;&#8212;&#8212;&#8212;&#8212;&#8212;&#8212;&#8212;&#8212;&#8212;&#8212;&#8212;&#8212;&#8212;&#8212;&#8212;&#8212;&#8212;&#8212;&#8211;<\/div>\n<div dir=\"auto\" style=\"text-align: justify;\"><span class=\"x3nfvp2 x1j61x8r x1fcty0u xdj266r xhhsvwb xat24cr xgzva0m xxymvpz xlup9mm x1kky2od\"><img decoding=\"async\" class=\"xz74otr\" src=\"https:\/\/static.xx.fbcdn.net\/images\/emoji.php\/v9\/ted\/2\/16\/2764.png\" alt=\"\u2764\" width=\"16\" height=\"16\" \/><\/span> Tous les b\u00e9n\u00e9fices de la vente seront utilis\u00e9s pour prendre soin de la vie des personnes handicap\u00e9es et des orphelins ici. La partie restante continuera \u00e0 soutenir les activit\u00e9s de l&rsquo;organisation <span class=\"x3nfvp2 x1j61x8r x1fcty0u xdj266r xhhsvwb xat24cr xgzva0m xxymvpz xlup9mm x1kky2od\"><img decoding=\"async\" class=\"xz74otr\" src=\"https:\/\/static.xx.fbcdn.net\/images\/emoji.php\/v9\/ted\/2\/16\/2764.png\" alt=\"\u2764\" width=\"16\" height=\"16\" \/><\/span><\/div>\n<div dir=\"auto\" style=\"text-align: justify;\"><span class=\"x3nfvp2 x1j61x8r x1fcty0u xdj266r xhhsvwb xat24cr xgzva0m xxymvpz xlup9mm x1kky2od\"><img decoding=\"async\" class=\"xz74otr\" src=\"https:\/\/static.xx.fbcdn.net\/images\/emoji.php\/v9\/ta3\/2\/16\/260e.png\" alt=\"\u260e\" width=\"16\" height=\"16\" \/><\/span> Hotline : 0909 06 2528 (Zalo<span class=\"x3nfvp2 x1j61x8r x1fcty0u xdj266r xhhsvwb xat24cr xgzva0m xxymvpz xlup9mm x1kky2od\"><img decoding=\"async\" class=\"xz74otr\" src=\"https:\/\/static.xx.fbcdn.net\/images\/emoji.php\/v9\/tf0\/2\/16\/1f449.png\" alt=\"\ud83d\udc49\" width=\"16\" height=\"16\" \/><\/span>).<\/div>\n<div dir=\"auto\" style=\"text-align: justify;\"><span class=\"x3nfvp2 x1j61x8r x1fcty0u xdj266r xhhsvwb xat24cr xgzva0m xxymvpz xlup9mm x1kky2od\"><img decoding=\"async\" class=\"xz74otr\" src=\"https:\/\/static.xx.fbcdn.net\/images\/emoji.php\/v9\/t2b\/2\/16\/1f4bb.png\" alt=\"\ud83d\udcbb\" width=\"16\" height=\"16\" \/><\/span> Site Web : https:\/\/maison-chance.org\/shop<\/div>\n","protected":false},"excerpt":{"rendered":"<p style=\"text-align: justify;\">Les peintures \u00e0 l&rsquo;huile fournies par la Maison Chance sont cr\u00e9\u00e9es par des artistes talentueux moins chanceux.<\/p>\n<p>&nbsp;<\/p>\n<p style=\"text-align: justify;\">Dimensions (cm) : 60&#215;80<\/p>\n<p>&nbsp;<\/p>\n<p>Genre : Peintures originales<\/p>\n<p>&nbsp;<\/p>\n<p>Auteur : Nguyen Van Chien<\/p>\n<p>&nbsp;<\/p>\n<p style=\"text-align: justify;\">Hotline : <span style=\"color: #ff0000; font-size: 18pt;\"><strong>0937 973 919<\/strong><\/span><\/p>\n<p>&nbsp;<\/p>\n","protected":false},"featured_media":30554,"template":"","meta":[],"product_brand":[],"product_cat":[252,264],"product_tag":[],"class_list":{"0":"post-30557","1":"product","2":"type-product","3":"status-publish","4":"has-post-thumbnail","6":"product_cat-atelier-de-peinture-a-lhuile","7":"product_cat-peinture-abstraite-atelier-de-peinture-a-lhuile","9":"first","10":"instock","11":"shipping-taxable","12":"product-type-simple"},"yoast_head":"<!-- This site is optimized with the Yoast SEO Premium plugin v22.7 (Yoast SEO v25.3.1) - https:\/\/yoast.com\/wordpress\/plugins\/seo\/ -->\n<title>Silhouette de m\u00e8re - Nh\u00e0 May M\u1eafn - Maison Chance<\/title>\n<meta name=\"robots\" content=\"index, follow, max-snippet:-1, max-image-preview:large, max-video-preview:-1\" \/>\n<link rel=\"canonical\" href=\"https:\/\/maison-chance.org\/shop\/fr\/produit\/silhouette-de-mere\" \/>\n<meta property=\"og:locale\" content=\"fr_FR\" \/>\n<meta property=\"og:type\" content=\"article\" \/>\n<meta property=\"og:title\" content=\"Silhouette de m\u00e8re\" \/>\n<meta property=\"og:description\" content=\"Les peintures \u00e0 l&#039;huile fournies par la Maison Chance sont cr\u00e9\u00e9es par des artistes talentueux moins chanceux. &nbsp; Dimensions (cm) : 60x80 &nbsp;  Genre : Peintures originales  &nbsp;  Auteur : Nguyen Van Chien  &nbsp; Hotline : 0937 973 919 &nbsp;\" \/>\n<meta property=\"og:url\" content=\"https:\/\/maison-chance.org\/shop\/fr\/produit\/silhouette-de-mere\" \/>\n<meta property=\"og:site_name\" content=\"Nh\u00e0 May M\u1eafn - Maison Chance\" \/>\n<meta property=\"article:publisher\" content=\"https:\/\/www.facebook.com\/dnxh.nhamayman\/\" \/>\n<meta property=\"og:image\" content=\"https:\/\/maison-chance.org\/shop\/wp-content\/uploads\/2024\/03\/60x80-Nguyen-Van-Chien-Hinh-bong-me.png\" \/>\n\t<meta property=\"og:image:width\" content=\"600\" \/>\n\t<meta property=\"og:image:height\" content=\"600\" \/>\n\t<meta property=\"og:image:type\" content=\"image\/png\" \/>\n<meta name=\"twitter:card\" content=\"summary_large_image\" \/>\n<meta name=\"twitter:label1\" content=\"Prix\" \/>\n\t<meta name=\"twitter:data1\" content=\"\" \/>\n\t<meta name=\"twitter:label2\" content=\"Disponibilit\u00e9\" \/>\n\t<meta name=\"twitter:data2\" content=\"En stock\" \/>\n<script type=\"application\/ld+json\" class=\"yoast-schema-graph\">{\"@context\":\"https:\/\/schema.org\",\"@graph\":[{\"@type\":\"WebPage\",\"@id\":\"https:\/\/maison-chance.org\/shop\/fr\/produit\/silhouette-de-mere\",\"url\":\"https:\/\/maison-chance.org\/shop\/fr\/produit\/silhouette-de-mere\",\"name\":\"Silhouette de m\u00e8re - Nh\u00e0 May M\u1eafn - Maison Chance\",\"isPartOf\":{\"@id\":\"https:\/\/maison-chance.org\/shop\/fr#website\"},\"primaryImageOfPage\":{\"@id\":\"https:\/\/maison-chance.org\/shop\/fr\/produit\/silhouette-de-mere#primaryimage\"},\"image\":{\"@id\":\"https:\/\/maison-chance.org\/shop\/fr\/produit\/silhouette-de-mere#primaryimage\"},\"thumbnailUrl\":\"https:\/\/maison-chance.org\/shop\/wp-content\/uploads\/2024\/03\/60x80-Nguyen-Van-Chien-Hinh-bong-me.png\",\"datePublished\":\"2024-03-08T15:12:25+00:00\",\"breadcrumb\":{\"@id\":\"https:\/\/maison-chance.org\/shop\/fr\/produit\/silhouette-de-mere#breadcrumb\"},\"inLanguage\":\"fr-FR\",\"potentialAction\":[{\"@type\":\"ReadAction\",\"target\":[\"https:\/\/maison-chance.org\/shop\/fr\/produit\/silhouette-de-mere\"]}]},{\"@type\":\"ImageObject\",\"inLanguage\":\"fr-FR\",\"@id\":\"https:\/\/maison-chance.org\/shop\/fr\/produit\/silhouette-de-mere#primaryimage\",\"url\":\"https:\/\/maison-chance.org\/shop\/wp-content\/uploads\/2024\/03\/60x80-Nguyen-Van-Chien-Hinh-bong-me.png\",\"contentUrl\":\"https:\/\/maison-chance.org\/shop\/wp-content\/uploads\/2024\/03\/60x80-Nguyen-Van-Chien-Hinh-bong-me.png\",\"width\":600,\"height\":600,\"caption\":\"Silhouette de m\u00e8re\"},{\"@type\":\"BreadcrumbList\",\"@id\":\"https:\/\/maison-chance.org\/shop\/fr\/produit\/silhouette-de-mere#breadcrumb\",\"itemListElement\":[{\"@type\":\"ListItem\",\"position\":1,\"name\":\"Trang ch\u1ee7\",\"item\":\"https:\/\/maison-chance.org\/shop\/fr\"},{\"@type\":\"ListItem\",\"position\":2,\"name\":\"Boutique\",\"item\":\"https:\/\/maison-chance.org\/shop\/shop\"},{\"@type\":\"ListItem\",\"position\":3,\"name\":\"Silhouette de m\u00e8re\"}]},{\"@type\":\"WebSite\",\"@id\":\"https:\/\/maison-chance.org\/shop\/fr#website\",\"url\":\"https:\/\/maison-chance.org\/shop\/fr\",\"name\":\"Nh\u00e0 May M\u1eafn - Maison Chance\",\"description\":\"M\u1ecdi l\u1ee3i nhu\u1eadn thu v\u1ec1 t\u1eeb vi\u1ec7c b\u00e1n h\u00e0ng s\u1ebd tr\u00edch m\u1ed9t ph\u1ea7n \u0111\u1ec3 ch\u0103m lo cho \u0111\u1eddi s\u1ed1ng c\u00e1c b\u1ea1n khuy\u1ebft t\u1eadt v\u00e0 tr\u1ebb m\u1ed3 c\u00f4i \u1edf \u0111\u00e2y\",\"publisher\":{\"@id\":\"https:\/\/maison-chance.org\/shop\/fr#organization\"},\"potentialAction\":[{\"@type\":\"SearchAction\",\"target\":{\"@type\":\"EntryPoint\",\"urlTemplate\":\"https:\/\/maison-chance.org\/shop\/fr?s={search_term_string}\"},\"query-input\":{\"@type\":\"PropertyValueSpecification\",\"valueRequired\":true,\"valueName\":\"search_term_string\"}}],\"inLanguage\":\"fr-FR\"},{\"@type\":\"Organization\",\"@id\":\"https:\/\/maison-chance.org\/shop\/fr#organization\",\"name\":\"Nh\u00e0 May M\u1eafn - Maison Chance\",\"url\":\"https:\/\/maison-chance.org\/shop\/fr\",\"logo\":{\"@type\":\"ImageObject\",\"inLanguage\":\"fr-FR\",\"@id\":\"https:\/\/maison-chance.org\/shop\/fr#\/schema\/logo\/image\/\",\"url\":\"https:\/\/maison-chance.org\/shop\/wp-content\/uploads\/2024\/03\/cropped-Logo_DNXH.png\",\"contentUrl\":\"https:\/\/maison-chance.org\/shop\/wp-content\/uploads\/2024\/03\/cropped-Logo_DNXH.png\",\"width\":512,\"height\":512,\"caption\":\"Nh\u00e0 May M\u1eafn - Maison Chance\"},\"image\":{\"@id\":\"https:\/\/maison-chance.org\/shop\/fr#\/schema\/logo\/image\/\"},\"sameAs\":[\"https:\/\/www.facebook.com\/dnxh.nhamayman\/\"]}]}<\/script>\n<meta property=\"product:price:amount\" content=\"0.00\" \/>\n<meta property=\"product:price:currency\" content=\"EUR\" \/>\n<meta property=\"og:availability\" content=\"instock\" \/>\n<meta property=\"product:availability\" content=\"instock\" \/>\n<meta property=\"product:condition\" content=\"new\" \/>\n<!-- \/ Yoast SEO Premium plugin. -->","yoast_head_json":{"title":"Silhouette de m\u00e8re - Nh\u00e0 May M\u1eafn - Maison Chance","robots":{"index":"index","follow":"follow","max-snippet":"max-snippet:-1","max-image-preview":"max-image-preview:large","max-video-preview":"max-video-preview:-1"},"canonical":"https:\/\/maison-chance.org\/shop\/fr\/produit\/silhouette-de-mere","og_locale":"fr_FR","og_type":"article","og_title":"Silhouette de m\u00e8re","og_description":"Les peintures \u00e0 l'huile fournies par la Maison Chance sont cr\u00e9\u00e9es par des artistes talentueux moins chanceux. &nbsp; Dimensions (cm) : 60x80 &nbsp;  Genre : Peintures originales  &nbsp;  Auteur : Nguyen Van Chien  &nbsp; Hotline : 0937 973 919 &nbsp;","og_url":"https:\/\/maison-chance.org\/shop\/fr\/produit\/silhouette-de-mere","og_site_name":"Nh\u00e0 May M\u1eafn - Maison Chance","article_publisher":"https:\/\/www.facebook.com\/dnxh.nhamayman\/","og_image":[{"width":600,"height":600,"url":"https:\/\/maison-chance.org\/shop\/wp-content\/uploads\/2024\/03\/60x80-Nguyen-Van-Chien-Hinh-bong-me.png","type":"image\/png"}],"twitter_card":"summary_large_image","twitter_misc":{"Prix":"","Disponibilit\u00e9":"En stock"},"schema":{"@context":"https:\/\/schema.org","@graph":[{"@type":"WebPage","@id":"https:\/\/maison-chance.org\/shop\/fr\/produit\/silhouette-de-mere","url":"https:\/\/maison-chance.org\/shop\/fr\/produit\/silhouette-de-mere","name":"Silhouette de m\u00e8re - Nh\u00e0 May M\u1eafn - Maison Chance","isPartOf":{"@id":"https:\/\/maison-chance.org\/shop\/fr#website"},"primaryImageOfPage":{"@id":"https:\/\/maison-chance.org\/shop\/fr\/produit\/silhouette-de-mere#primaryimage"},"image":{"@id":"https:\/\/maison-chance.org\/shop\/fr\/produit\/silhouette-de-mere#primaryimage"},"thumbnailUrl":"https:\/\/maison-chance.org\/shop\/wp-content\/uploads\/2024\/03\/60x80-Nguyen-Van-Chien-Hinh-bong-me.png","datePublished":"2024-03-08T15:12:25+00:00","breadcrumb":{"@id":"https:\/\/maison-chance.org\/shop\/fr\/produit\/silhouette-de-mere#breadcrumb"},"inLanguage":"fr-FR","potentialAction":[{"@type":"ReadAction","target":["https:\/\/maison-chance.org\/shop\/fr\/produit\/silhouette-de-mere"]}]},{"@type":"ImageObject","inLanguage":"fr-FR","@id":"https:\/\/maison-chance.org\/shop\/fr\/produit\/silhouette-de-mere#primaryimage","url":"https:\/\/maison-chance.org\/shop\/wp-content\/uploads\/2024\/03\/60x80-Nguyen-Van-Chien-Hinh-bong-me.png","contentUrl":"https:\/\/maison-chance.org\/shop\/wp-content\/uploads\/2024\/03\/60x80-Nguyen-Van-Chien-Hinh-bong-me.png","width":600,"height":600,"caption":"Silhouette de m\u00e8re"},{"@type":"BreadcrumbList","@id":"https:\/\/maison-chance.org\/shop\/fr\/produit\/silhouette-de-mere#breadcrumb","itemListElement":[{"@type":"ListItem","position":1,"name":"Trang ch\u1ee7","item":"https:\/\/maison-chance.org\/shop\/fr"},{"@type":"ListItem","position":2,"name":"Boutique","item":"https:\/\/maison-chance.org\/shop\/shop"},{"@type":"ListItem","position":3,"name":"Silhouette de m\u00e8re"}]},{"@type":"WebSite","@id":"https:\/\/maison-chance.org\/shop\/fr#website","url":"https:\/\/maison-chance.org\/shop\/fr","name":"Nh\u00e0 May M\u1eafn - Maison Chance","description":"M\u1ecdi l\u1ee3i nhu\u1eadn thu v\u1ec1 t\u1eeb vi\u1ec7c b\u00e1n h\u00e0ng s\u1ebd tr\u00edch m\u1ed9t ph\u1ea7n \u0111\u1ec3 ch\u0103m lo cho \u0111\u1eddi s\u1ed1ng c\u00e1c b\u1ea1n khuy\u1ebft t\u1eadt v\u00e0 tr\u1ebb m\u1ed3 c\u00f4i \u1edf \u0111\u00e2y","publisher":{"@id":"https:\/\/maison-chance.org\/shop\/fr#organization"},"potentialAction":[{"@type":"SearchAction","target":{"@type":"EntryPoint","urlTemplate":"https:\/\/maison-chance.org\/shop\/fr?s={search_term_string}"},"query-input":{"@type":"PropertyValueSpecification","valueRequired":true,"valueName":"search_term_string"}}],"inLanguage":"fr-FR"},{"@type":"Organization","@id":"https:\/\/maison-chance.org\/shop\/fr#organization","name":"Nh\u00e0 May M\u1eafn - Maison Chance","url":"https:\/\/maison-chance.org\/shop\/fr","logo":{"@type":"ImageObject","inLanguage":"fr-FR","@id":"https:\/\/maison-chance.org\/shop\/fr#\/schema\/logo\/image\/","url":"https:\/\/maison-chance.org\/shop\/wp-content\/uploads\/2024\/03\/cropped-Logo_DNXH.png","contentUrl":"https:\/\/maison-chance.org\/shop\/wp-content\/uploads\/2024\/03\/cropped-Logo_DNXH.png","width":512,"height":512,"caption":"Nh\u00e0 May M\u1eafn - Maison Chance"},"image":{"@id":"https:\/\/maison-chance.org\/shop\/fr#\/schema\/logo\/image\/"},"sameAs":["https:\/\/www.facebook.com\/dnxh.nhamayman\/"]}]},"product_price_amount":"0.00","product_price_currency":"EUR","og_availability":"instock","product_availability":"instock","product_condition":"new"},"_links":{"self":[{"href":"https:\/\/maison-chance.org\/shop\/fr\/wp-json\/wp\/v2\/product\/30557","targetHints":{"allow":["GET"]}}],"collection":[{"href":"https:\/\/maison-chance.org\/shop\/fr\/wp-json\/wp\/v2\/product"}],"about":[{"href":"https:\/\/maison-chance.org\/shop\/fr\/wp-json\/wp\/v2\/types\/product"}],"wp:featuredmedia":[{"embeddable":true,"href":"https:\/\/maison-chance.org\/shop\/fr\/wp-json\/wp\/v2\/media\/30554"}],"wp:attachment":[{"href":"https:\/\/maison-chance.org\/shop\/fr\/wp-json\/wp\/v2\/media?parent=30557"}],"wp:term":[{"taxonomy":"product_brand","embeddable":true,"href":"https:\/\/maison-chance.org\/shop\/fr\/wp-json\/wp\/v2\/product_brand?post=30557"},{"taxonomy":"product_cat","embeddable":true,"href":"https:\/\/maison-chance.org\/shop\/fr\/wp-json\/wp\/v2\/product_cat?post=30557"},{"taxonomy":"product_tag","embeddable":true,"href":"https:\/\/maison-chance.org\/shop\/fr\/wp-json\/wp\/v2\/product_tag?post=30557"}],"curies":[{"name":"wp","href":"https:\/\/api.w.org\/{rel}","templated":true}]}}