{"id":30625,"date":"2024-11-21T07:00:16","date_gmt":"2024-11-21T00:00:16","guid":{"rendered":"https:\/\/maison-chance.org\/shop\/san-pham\/glace-au-chocolat"},"modified":"2024-11-21T11:03:28","modified_gmt":"2024-11-21T04:03:28","slug":"glace-au-chocolat","status":"publish","type":"product","link":"https:\/\/maison-chance.org\/shop\/fr\/produit\/glace-au-chocolat","title":{"rendered":"Glace au chocolat"},"content":{"rendered":"<p style=\"text-align: justify;\">Glace au chocolat n&rsquo;est pas seulement un dessert familier, mais aussi une combinaison parfaite de douceur et de richesse, apportant une sensation rafra\u00eechissante \u00e0 chaque invit\u00e9. Avec la glace au chocolat de Maison Chance, vous allez vivre une ligne de glace pr\u00e9par\u00e9e m\u00e9ticuleusement, utilisant des ingr\u00e9dients de haute qualit\u00e9, avec des saveurs naturelles et riches. Ce n&rsquo;est pas seulement un aliment, mais un produit aux multiples significations, transmettant passion et soin minutieux dans chaque bo\u00eete de glace.<\/p>\n<p style=\"text-align: justify;\">Ingr\u00e9dients :<\/p>\n<p style=\"text-align: justify;\">&#8211; La glace au chocolat de Maison Chance est pr\u00e9par\u00e9e \u00e0 partir d&rsquo;ingr\u00e9dients premium, garantissant une qualit\u00e9 et une s\u00e9curit\u00e9 absolues pour la sant\u00e9 des utilisateurs. Les ingr\u00e9dients principaux comprennent :<\/p>\n<p style=\"text-align: justify;\">&#8211; Cr\u00e8me fouett\u00e9e : Apporte une texture riche et onctueuse \u00e0 la glace.<\/p>\n<p style=\"text-align: justify;\">&#8211; Lait frais non sucr\u00e9 : Aide \u00e0 \u00e9quilibrer la douceur et \u00e0 am\u00e9liorer la saveur fra\u00eeche naturelle.<\/p>\n<p style=\"text-align: justify;\">&#8211; Chocolat pur : L&rsquo;\u00ab\u00e2me\u00bb du produit, apportant une saveur de chocolat riche, parfum\u00e9e et attrayante.<\/p>\n<p style=\"text-align: justify;\">&#8211; Base San Marco &amp; Integra Latte : Ce sont des ingr\u00e9dients sp\u00e9cialis\u00e9s dans la fabrication de glace, soutenant la cr\u00e9ation d&rsquo;une texture douce et une cong\u00e9lation parfaite.<\/p>\n<p style=\"text-align: justify;\">&#8211; Sucre : Utilis\u00e9 dans un ratio mod\u00e9r\u00e9, garantissant que la glace n&rsquo;est pas trop sucr\u00e9e tout en mettant en valeur la saveur du chocolat.<\/p>\n<p style=\"text-align: justify;\">-&gt; La combinaison parfaite de ces ingr\u00e9dients a cr\u00e9\u00e9 une glace fra\u00eeche qui est non seulement d\u00e9licieuse mais r\u00e9pond \u00e9galement \u00e0 des normes de qualit\u00e9 \u00e9lev\u00e9es.<\/p>\n<p style=\"text-align: justify;\">D\u00e8s le premier regard, la glace au chocolat de Maison Chance impressionne par sa couleur brune fonc\u00e9e caract\u00e9ristique du chocolat pur, \u00e9voquant un sentiment naturel et attrayant. En pr\u00e9levant la premi\u00e8re cuill\u00e8re, vous ressentirez la sensation lisse et fondante dans la bouche, m\u00ealant une l\u00e9g\u00e8re douceur, de la richesse et une saveur de chocolat intense.<\/p>\n<p style=\"text-align: justify;\">Les invit\u00e9s partagent souvent qu&rsquo;ils appr\u00e9cient l&rsquo;\u00e9quilibre parfait de la glace &#8211; ni trop sucr\u00e9e, ni trop riche, mais tr\u00e8s d\u00e9licieuse. En particulier, la texture douce de la glace cr\u00e9e une exp\u00e9rience de d\u00e9gustation agr\u00e9able, sans cristaux de glace ni trop dense. Pour les amateurs de chocolat, c&rsquo;est le choix parfait pour satisfaire les papilles et chasser la chaleur estivale.<\/p>\n<p style=\"text-align: justify;\">Pas seulement un dessert, la glace au chocolat de Maison Chance peut \u00e9galement \u00eatre combin\u00e9e avec des gaufres, des brownies ou des fruits, cr\u00e9ant des plats attrayants et cr\u00e9atifs pour la famille et les amis.<\/p>\n<p style=\"text-align: justify;\">Pourquoi choisir la glace au chocolat de Maison Chance ?<\/p>\n<p style=\"text-align: justify;\">Qualit\u00e9 assur\u00e9e : Le produit est pr\u00e9par\u00e9 \u00e0 partir d&rsquo;ingr\u00e9dients premium, d&rsquo;une formule professionnelle et d&rsquo;un processus de production \u00e9troitement surveill\u00e9.<\/p>\n<p style=\"text-align: justify;\">Saveur unique : La glace au chocolat de Maison Chance apporte des saveurs naturelles, riches et sophistiqu\u00e9es, convenant aussi bien aux adultes qu&rsquo;aux enfants.<\/p>\n<p style=\"text-align: justify;\">Emballage pratique : Disponible en deux tailles de 300g et 500g, le produit est tr\u00e8s pratique pour une utilisation individuelle ou familiale.<\/p>\n<p style=\"text-align: justify;\">Si vous recherchez un produit de glace au chocolat pur, d\u00e9licieux et significatif, choisissez la glace au chocolat de Maison Chance. Chaque bo\u00eete de glace n&rsquo;est pas seulement un cadeau pour les papilles, mais aussi un soutien significatif aux produits de haute qualit\u00e9 de Maison Chance.<\/p>\n","protected":false},"excerpt":{"rendered":"<p style=\"text-align: justify;\">Le produit de glace fra\u00eeche est fabriqu\u00e9 par de jeunes orphelins actuellement pris en charge par Maison Chance &#8211; Maison Chance. Nous esp\u00e9rons sinc\u00e8rement recevoir votre soutien !<\/p>\n<p style=\"text-align: justify;\">Petite bo\u00eete 300 gr : <span style=\"font-size: 115%; color: #ed1c24;\"><strong>79 000 VND<\/strong><\/span><\/p>\n<p style=\"text-align: justify;\">Grande bo\u00eete 500 gr : <span style=\"font-size: 115%; color: #ed1c24;\"><strong>99 000 VND<\/strong><\/span><\/p>\n<p style=\"text-align: justify;\">Ligne d&rsquo;assistance : <span style=\"font-size: 115%; color: #ed1c24;\"><strong>090 906 2528<\/strong><\/span><\/p>\n","protected":false},"featured_media":30622,"template":"","meta":[],"product_brand":[],"product_cat":[210,228],"product_tag":[],"class_list":{"0":"post-30625","1":"product","2":"type-product","3":"status-publish","4":"has-post-thumbnail","6":"product_cat-boulangerie","7":"product_cat-creme-boulangerie","9":"first","10":"instock","11":"shipping-taxable","12":"product-type-simple"},"yoast_head":"<!-- This site is optimized with the Yoast SEO Premium plugin v22.7 (Yoast SEO v25.3.1) - https:\/\/yoast.com\/wordpress\/plugins\/seo\/ -->\n<title>Glace au chocolat - Nh\u00e0 May M\u1eafn - Maison Chance<\/title>\n<meta name=\"description\" content=\"La glace au chocolat n&#039;est pas seulement un dessert familier, mais aussi une combinaison parfaite de douceur et de richesse, apportant une sensation rafra\u00eechissante \u00e0 chaque invit\u00e9.\" \/>\n<meta name=\"robots\" content=\"index, follow, max-snippet:-1, max-image-preview:large, max-video-preview:-1\" \/>\n<link rel=\"canonical\" href=\"https:\/\/maison-chance.org\/shop\/fr\/produit\/glace-au-chocolat\" \/>\n<meta property=\"og:locale\" content=\"fr_FR\" \/>\n<meta property=\"og:type\" content=\"article\" \/>\n<meta property=\"og:title\" content=\"Glace au chocolat\" \/>\n<meta property=\"og:description\" content=\"La glace au chocolat n&#039;est pas seulement un dessert familier, mais aussi une combinaison parfaite de douceur et de richesse, apportant une sensation rafra\u00eechissante \u00e0 chaque invit\u00e9.\" \/>\n<meta property=\"og:url\" content=\"https:\/\/maison-chance.org\/shop\/fr\/produit\/glace-au-chocolat\" \/>\n<meta property=\"og:site_name\" content=\"Nh\u00e0 May M\u1eafn - Maison Chance\" \/>\n<meta property=\"article:publisher\" content=\"https:\/\/www.facebook.com\/dnxh.nhamayman\/\" \/>\n<meta property=\"article:modified_time\" content=\"2024-11-21T04:03:28+00:00\" \/>\n<meta property=\"og:image\" content=\"https:\/\/maison-chance.org\/shop\/wp-content\/uploads\/2024\/03\/kem-socola-xong-1.jpg\" \/>\n\t<meta property=\"og:image:width\" content=\"600\" \/>\n\t<meta property=\"og:image:height\" content=\"600\" \/>\n\t<meta property=\"og:image:type\" content=\"image\/jpeg\" \/>\n<meta name=\"twitter:card\" content=\"summary_large_image\" \/>\n<meta name=\"twitter:label1\" content=\"Prix\" \/>\n\t<meta name=\"twitter:data1\" content=\"\" \/>\n\t<meta name=\"twitter:label2\" content=\"Disponibilit\u00e9\" \/>\n\t<meta name=\"twitter:data2\" content=\"En stock\" \/>\n<script type=\"application\/ld+json\" class=\"yoast-schema-graph\">{\"@context\":\"https:\/\/schema.org\",\"@graph\":[{\"@type\":\"WebPage\",\"@id\":\"https:\/\/maison-chance.org\/shop\/fr\/produit\/glace-au-chocolat\",\"url\":\"https:\/\/maison-chance.org\/shop\/fr\/produit\/glace-au-chocolat\",\"name\":\"Glace au chocolat - Nh\u00e0 May M\u1eafn - Maison Chance\",\"isPartOf\":{\"@id\":\"https:\/\/maison-chance.org\/shop\/fr#website\"},\"primaryImageOfPage\":{\"@id\":\"https:\/\/maison-chance.org\/shop\/fr\/produit\/glace-au-chocolat#primaryimage\"},\"image\":{\"@id\":\"https:\/\/maison-chance.org\/shop\/fr\/produit\/glace-au-chocolat#primaryimage\"},\"thumbnailUrl\":\"https:\/\/maison-chance.org\/shop\/wp-content\/uploads\/2024\/03\/kem-socola-xong-1.jpg\",\"datePublished\":\"2024-11-21T00:00:16+00:00\",\"dateModified\":\"2024-11-21T04:03:28+00:00\",\"description\":\"La glace au chocolat n'est pas seulement un dessert familier, mais aussi une combinaison parfaite de douceur et de richesse, apportant une sensation rafra\u00eechissante \u00e0 chaque invit\u00e9.\",\"breadcrumb\":{\"@id\":\"https:\/\/maison-chance.org\/shop\/fr\/produit\/glace-au-chocolat#breadcrumb\"},\"inLanguage\":\"fr-FR\",\"potentialAction\":[{\"@type\":\"ReadAction\",\"target\":[\"https:\/\/maison-chance.org\/shop\/fr\/produit\/glace-au-chocolat\"]}]},{\"@type\":\"ImageObject\",\"inLanguage\":\"fr-FR\",\"@id\":\"https:\/\/maison-chance.org\/shop\/fr\/produit\/glace-au-chocolat#primaryimage\",\"url\":\"https:\/\/maison-chance.org\/shop\/wp-content\/uploads\/2024\/03\/kem-socola-xong-1.jpg\",\"contentUrl\":\"https:\/\/maison-chance.org\/shop\/wp-content\/uploads\/2024\/03\/kem-socola-xong-1.jpg\",\"width\":600,\"height\":600,\"caption\":\"Glace au chocolat\"},{\"@type\":\"BreadcrumbList\",\"@id\":\"https:\/\/maison-chance.org\/shop\/fr\/produit\/glace-au-chocolat#breadcrumb\",\"itemListElement\":[{\"@type\":\"ListItem\",\"position\":1,\"name\":\"Trang ch\u1ee7\",\"item\":\"https:\/\/maison-chance.org\/shop\/fr\"},{\"@type\":\"ListItem\",\"position\":2,\"name\":\"Boutique\",\"item\":\"https:\/\/maison-chance.org\/shop\/shop\"},{\"@type\":\"ListItem\",\"position\":3,\"name\":\"Glace au chocolat\"}]},{\"@type\":\"WebSite\",\"@id\":\"https:\/\/maison-chance.org\/shop\/fr#website\",\"url\":\"https:\/\/maison-chance.org\/shop\/fr\",\"name\":\"Nh\u00e0 May M\u1eafn - Maison Chance\",\"description\":\"M\u1ecdi l\u1ee3i nhu\u1eadn thu v\u1ec1 t\u1eeb vi\u1ec7c b\u00e1n h\u00e0ng s\u1ebd tr\u00edch m\u1ed9t ph\u1ea7n \u0111\u1ec3 ch\u0103m lo cho \u0111\u1eddi s\u1ed1ng c\u00e1c b\u1ea1n khuy\u1ebft t\u1eadt v\u00e0 tr\u1ebb m\u1ed3 c\u00f4i \u1edf \u0111\u00e2y\",\"publisher\":{\"@id\":\"https:\/\/maison-chance.org\/shop\/fr#organization\"},\"potentialAction\":[{\"@type\":\"SearchAction\",\"target\":{\"@type\":\"EntryPoint\",\"urlTemplate\":\"https:\/\/maison-chance.org\/shop\/fr?s={search_term_string}\"},\"query-input\":{\"@type\":\"PropertyValueSpecification\",\"valueRequired\":true,\"valueName\":\"search_term_string\"}}],\"inLanguage\":\"fr-FR\"},{\"@type\":\"Organization\",\"@id\":\"https:\/\/maison-chance.org\/shop\/fr#organization\",\"name\":\"Nh\u00e0 May M\u1eafn - Maison Chance\",\"url\":\"https:\/\/maison-chance.org\/shop\/fr\",\"logo\":{\"@type\":\"ImageObject\",\"inLanguage\":\"fr-FR\",\"@id\":\"https:\/\/maison-chance.org\/shop\/fr#\/schema\/logo\/image\/\",\"url\":\"https:\/\/maison-chance.org\/shop\/wp-content\/uploads\/2024\/03\/cropped-Logo_DNXH.png\",\"contentUrl\":\"https:\/\/maison-chance.org\/shop\/wp-content\/uploads\/2024\/03\/cropped-Logo_DNXH.png\",\"width\":512,\"height\":512,\"caption\":\"Nh\u00e0 May M\u1eafn - Maison Chance\"},\"image\":{\"@id\":\"https:\/\/maison-chance.org\/shop\/fr#\/schema\/logo\/image\/\"},\"sameAs\":[\"https:\/\/www.facebook.com\/dnxh.nhamayman\/\"]}]}<\/script>\n<meta property=\"product:price:amount\" content=\"0.00\" \/>\n<meta property=\"product:price:currency\" content=\"EUR\" \/>\n<meta property=\"og:availability\" content=\"instock\" \/>\n<meta property=\"product:availability\" content=\"instock\" \/>\n<meta property=\"product:condition\" content=\"new\" \/>\n<!-- \/ Yoast SEO Premium plugin. -->","yoast_head_json":{"title":"Glace au chocolat - Nh\u00e0 May M\u1eafn - Maison Chance","description":"La glace au chocolat n'est pas seulement un dessert familier, mais aussi une combinaison parfaite de douceur et de richesse, apportant une sensation rafra\u00eechissante \u00e0 chaque invit\u00e9.","robots":{"index":"index","follow":"follow","max-snippet":"max-snippet:-1","max-image-preview":"max-image-preview:large","max-video-preview":"max-video-preview:-1"},"canonical":"https:\/\/maison-chance.org\/shop\/fr\/produit\/glace-au-chocolat","og_locale":"fr_FR","og_type":"article","og_title":"Glace au chocolat","og_description":"La glace au chocolat n'est pas seulement un dessert familier, mais aussi une combinaison parfaite de douceur et de richesse, apportant une sensation rafra\u00eechissante \u00e0 chaque invit\u00e9.","og_url":"https:\/\/maison-chance.org\/shop\/fr\/produit\/glace-au-chocolat","og_site_name":"Nh\u00e0 May M\u1eafn - Maison Chance","article_publisher":"https:\/\/www.facebook.com\/dnxh.nhamayman\/","article_modified_time":"2024-11-21T04:03:28+00:00","og_image":[{"width":600,"height":600,"url":"https:\/\/maison-chance.org\/shop\/wp-content\/uploads\/2024\/03\/kem-socola-xong-1.jpg","type":"image\/jpeg"}],"twitter_card":"summary_large_image","twitter_misc":{"Prix":"","Disponibilit\u00e9":"En stock"},"schema":{"@context":"https:\/\/schema.org","@graph":[{"@type":"WebPage","@id":"https:\/\/maison-chance.org\/shop\/fr\/produit\/glace-au-chocolat","url":"https:\/\/maison-chance.org\/shop\/fr\/produit\/glace-au-chocolat","name":"Glace au chocolat - Nh\u00e0 May M\u1eafn - Maison Chance","isPartOf":{"@id":"https:\/\/maison-chance.org\/shop\/fr#website"},"primaryImageOfPage":{"@id":"https:\/\/maison-chance.org\/shop\/fr\/produit\/glace-au-chocolat#primaryimage"},"image":{"@id":"https:\/\/maison-chance.org\/shop\/fr\/produit\/glace-au-chocolat#primaryimage"},"thumbnailUrl":"https:\/\/maison-chance.org\/shop\/wp-content\/uploads\/2024\/03\/kem-socola-xong-1.jpg","datePublished":"2024-11-21T00:00:16+00:00","dateModified":"2024-11-21T04:03:28+00:00","description":"La glace au chocolat n'est pas seulement un dessert familier, mais aussi une combinaison parfaite de douceur et de richesse, apportant une sensation rafra\u00eechissante \u00e0 chaque invit\u00e9.","breadcrumb":{"@id":"https:\/\/maison-chance.org\/shop\/fr\/produit\/glace-au-chocolat#breadcrumb"},"inLanguage":"fr-FR","potentialAction":[{"@type":"ReadAction","target":["https:\/\/maison-chance.org\/shop\/fr\/produit\/glace-au-chocolat"]}]},{"@type":"ImageObject","inLanguage":"fr-FR","@id":"https:\/\/maison-chance.org\/shop\/fr\/produit\/glace-au-chocolat#primaryimage","url":"https:\/\/maison-chance.org\/shop\/wp-content\/uploads\/2024\/03\/kem-socola-xong-1.jpg","contentUrl":"https:\/\/maison-chance.org\/shop\/wp-content\/uploads\/2024\/03\/kem-socola-xong-1.jpg","width":600,"height":600,"caption":"Glace au chocolat"},{"@type":"BreadcrumbList","@id":"https:\/\/maison-chance.org\/shop\/fr\/produit\/glace-au-chocolat#breadcrumb","itemListElement":[{"@type":"ListItem","position":1,"name":"Trang ch\u1ee7","item":"https:\/\/maison-chance.org\/shop\/fr"},{"@type":"ListItem","position":2,"name":"Boutique","item":"https:\/\/maison-chance.org\/shop\/shop"},{"@type":"ListItem","position":3,"name":"Glace au chocolat"}]},{"@type":"WebSite","@id":"https:\/\/maison-chance.org\/shop\/fr#website","url":"https:\/\/maison-chance.org\/shop\/fr","name":"Nh\u00e0 May M\u1eafn - Maison Chance","description":"M\u1ecdi l\u1ee3i nhu\u1eadn thu v\u1ec1 t\u1eeb vi\u1ec7c b\u00e1n h\u00e0ng s\u1ebd tr\u00edch m\u1ed9t ph\u1ea7n \u0111\u1ec3 ch\u0103m lo cho \u0111\u1eddi s\u1ed1ng c\u00e1c b\u1ea1n khuy\u1ebft t\u1eadt v\u00e0 tr\u1ebb m\u1ed3 c\u00f4i \u1edf \u0111\u00e2y","publisher":{"@id":"https:\/\/maison-chance.org\/shop\/fr#organization"},"potentialAction":[{"@type":"SearchAction","target":{"@type":"EntryPoint","urlTemplate":"https:\/\/maison-chance.org\/shop\/fr?s={search_term_string}"},"query-input":{"@type":"PropertyValueSpecification","valueRequired":true,"valueName":"search_term_string"}}],"inLanguage":"fr-FR"},{"@type":"Organization","@id":"https:\/\/maison-chance.org\/shop\/fr#organization","name":"Nh\u00e0 May M\u1eafn - Maison Chance","url":"https:\/\/maison-chance.org\/shop\/fr","logo":{"@type":"ImageObject","inLanguage":"fr-FR","@id":"https:\/\/maison-chance.org\/shop\/fr#\/schema\/logo\/image\/","url":"https:\/\/maison-chance.org\/shop\/wp-content\/uploads\/2024\/03\/cropped-Logo_DNXH.png","contentUrl":"https:\/\/maison-chance.org\/shop\/wp-content\/uploads\/2024\/03\/cropped-Logo_DNXH.png","width":512,"height":512,"caption":"Nh\u00e0 May M\u1eafn - Maison Chance"},"image":{"@id":"https:\/\/maison-chance.org\/shop\/fr#\/schema\/logo\/image\/"},"sameAs":["https:\/\/www.facebook.com\/dnxh.nhamayman\/"]}]},"product_price_amount":"0.00","product_price_currency":"EUR","og_availability":"instock","product_availability":"instock","product_condition":"new"},"_links":{"self":[{"href":"https:\/\/maison-chance.org\/shop\/fr\/wp-json\/wp\/v2\/product\/30625","targetHints":{"allow":["GET"]}}],"collection":[{"href":"https:\/\/maison-chance.org\/shop\/fr\/wp-json\/wp\/v2\/product"}],"about":[{"href":"https:\/\/maison-chance.org\/shop\/fr\/wp-json\/wp\/v2\/types\/product"}],"wp:featuredmedia":[{"embeddable":true,"href":"https:\/\/maison-chance.org\/shop\/fr\/wp-json\/wp\/v2\/media\/30622"}],"wp:attachment":[{"href":"https:\/\/maison-chance.org\/shop\/fr\/wp-json\/wp\/v2\/media?parent=30625"}],"wp:term":[{"taxonomy":"product_brand","embeddable":true,"href":"https:\/\/maison-chance.org\/shop\/fr\/wp-json\/wp\/v2\/product_brand?post=30625"},{"taxonomy":"product_cat","embeddable":true,"href":"https:\/\/maison-chance.org\/shop\/fr\/wp-json\/wp\/v2\/product_cat?post=30625"},{"taxonomy":"product_tag","embeddable":true,"href":"https:\/\/maison-chance.org\/shop\/fr\/wp-json\/wp\/v2\/product_tag?post=30625"}],"curies":[{"name":"wp","href":"https:\/\/api.w.org\/{rel}","templated":true}]}}