{"id":30662,"date":"2024-03-09T00:18:58","date_gmt":"2024-03-08T17:18:58","guid":{"rendered":"https:\/\/maison-chance.org\/shop\/san-pham\/mais-ruby-queen-siam-de-dak-nong"},"modified":"2024-03-26T14:31:59","modified_gmt":"2024-03-26T07:31:59","slug":"mais-ruby-queen-siam-de-dak-nong","status":"publish","type":"product","link":"https:\/\/maison-chance.org\/shop\/fr\/produit\/mais-ruby-queen-siam-de-dak-nong","title":{"rendered":"Ma\u00efs Reine Rouge de Dak Nong"},"content":{"rendered":"<p><span style=\"color: #ff0000; font-size: 120%;\">Avis : Le Ma\u00efs Reine Rouge de Dak Nong de la Maison Chance est vendu uniquement en saison et disponible uniquement sur le march\u00e9 vietnamien !<\/span><\/p>\n<p style=\"text-align: justify;\">Qu&rsquo;est-ce que le Ma\u00efs Reine Rouge de Dak Nong ? Comment le consommer, o\u00f9 acheter du Ma\u00efs Reine Rouge et quel est son prix ?<\/p>\n<p style=\"text-align: justify;\">Le Ma\u00efs Reine Rouge de Dak Nong pr\u00e9sente une couleur attrayante pour les consommateurs et un go\u00fbt particuli\u00e8rement d\u00e9licieux, plus croustillant et plus sucr\u00e9 que le ma\u00efs que nous mangeons habituellement. D\u00e9couvrons-en davantage sur le Ma\u00efs Reine Rouge de Dak Nong avec la Maison Chance : qu&rsquo;est-ce que c&rsquo;est, comment le consommer, o\u00f9 l&rsquo;acheter et quel est son prix sur le march\u00e9 en g\u00e9n\u00e9ral et \u00e0 la Maison Chance de Dak Nong en particulier !<\/p>\n<h2 id=\"qu-est-ce-que-le-ma-s-reine-rouge\">Qu&rsquo;est-ce que le Ma\u00efs Reine Rouge ?<\/h2>\n<p style=\"text-align: justify;\">Le Ma\u00efs Reine Rouge est une vari\u00e9t\u00e9 de ma\u00efs sucr\u00e9, de taille uniforme, originaire de Tha\u00eflande, import\u00e9e au Vietnam par des agriculteurs locaux et largement cultiv\u00e9e dans la r\u00e9gion du Sud-Est ainsi que dans le delta du M\u00e9kong. Et maintenant, la Maison Chance l&rsquo;a introduit \u00e0 Dak Nong, une terre de fertilit\u00e9 et d&rsquo;air frais.<\/p>\n<p style=\"text-align: justify;\">L&rsquo;apparence du Ma\u00efs Reine Rouge ressemble \u00e0 celle du ma\u00efs am\u00e9ricain, que l&rsquo;on voit souvent sur les march\u00e9s et dans les supermarch\u00e9s, mais les grains \u00e0 l&rsquo;int\u00e9rieur sont rouge fonc\u00e9, parsem\u00e9s de quelques grains violets. L&rsquo;\u00e9pi ext\u00e9rieur est g\u00e9n\u00e9ralement vert, mais en s&rsquo;enfon\u00e7ant plus profond\u00e9ment \u00e0 l&rsquo;int\u00e9rieur, on trouve des veines pourpres fonc\u00e9es. Les soies du ma\u00efs sont rouges.<\/p>\n<p style=\"text-align: justify;\">Un moyen simple de distinguer le vrai du faux Ma\u00efs Reine Rouge est lorsque vous divisez le ma\u00efs en deux, le Ma\u00efs Reine Rouge aura des grains vides et une \u00ab\u00a0soie\u00a0\u00bb au milieu.<\/p>\n","protected":false},"excerpt":{"rendered":"<p>Le ma\u00efs de la Reine est l&rsquo;un des aliments populaires et appr\u00e9ci\u00e9s par de nombreux consommateurs \u00e0 l&rsquo;heure actuelle. En termes d&rsquo;apparence, le ma\u00efs de la Reine est similaire \u00e0 d&rsquo;autres types de ma\u00efs courants. Cependant, en termes de couleur, fid\u00e8le \u00e0 son nom, le ma\u00efs rouge a une teinte rouge violac\u00e9e. La barbe du ma\u00efs a \u00e9galement une couleur similaire au grain de ma\u00efs<\/p>\n","protected":false},"featured_media":30658,"template":"","meta":[],"product_brand":[],"product_cat":[201,207],"product_tag":[],"class_list":{"0":"post-30662","1":"product","2":"type-product","3":"status-publish","4":"has-post-thumbnail","6":"product_cat-produits-agricoles-de-dak-nong","7":"product_cat-produits-agricoles-frais","9":"first","10":"outofstock","11":"shipping-taxable","12":"purchasable","13":"product-type-simple"},"yoast_head":"<!-- This site is optimized with the Yoast SEO Premium plugin v22.7 (Yoast SEO v25.3.1) - https:\/\/yoast.com\/wordpress\/plugins\/seo\/ -->\n<title>Ma\u00efs Reine Rouge de Dak Nong - Nh\u00e0 May M\u1eafn - Maison Chance<\/title>\n<meta name=\"description\" content=\"Le ma\u00efs Rouge Reine de Dak Nong a des couleurs attrayantes pour les consommateurs et un go\u00fbt particuli\u00e8rement d\u00e9licieux, plus croustillant et sucr\u00e9 que le ma\u00efs que nous mangeons habituellement\" \/>\n<meta name=\"robots\" content=\"index, follow, max-snippet:-1, max-image-preview:large, max-video-preview:-1\" \/>\n<link rel=\"canonical\" href=\"https:\/\/maison-chance.org\/shop\/fr\/produit\/mais-ruby-queen-siam-de-dak-nong\" \/>\n<meta property=\"og:locale\" content=\"fr_FR\" \/>\n<meta property=\"og:type\" content=\"article\" \/>\n<meta property=\"og:title\" content=\"Ma\u00efs Reine Rouge de Dak Nong\" \/>\n<meta property=\"og:description\" content=\"Le ma\u00efs Rouge Reine de Dak Nong a des couleurs attrayantes pour les consommateurs et un go\u00fbt particuli\u00e8rement d\u00e9licieux, plus croustillant et sucr\u00e9 que le ma\u00efs que nous mangeons habituellement\" \/>\n<meta property=\"og:url\" content=\"https:\/\/maison-chance.org\/shop\/fr\/produit\/mais-ruby-queen-siam-de-dak-nong\" \/>\n<meta property=\"og:site_name\" content=\"Nh\u00e0 May M\u1eafn - Maison Chance\" \/>\n<meta property=\"article:publisher\" content=\"https:\/\/www.facebook.com\/dnxh.nhamayman\/\" \/>\n<meta property=\"article:modified_time\" content=\"2024-03-26T07:31:59+00:00\" \/>\n<meta property=\"og:image\" content=\"https:\/\/maison-chance.org\/shop\/wp-content\/uploads\/2024\/03\/bap-nu-hoang.jpg\" \/>\n\t<meta property=\"og:image:width\" content=\"1000\" \/>\n\t<meta property=\"og:image:height\" content=\"1000\" \/>\n\t<meta property=\"og:image:type\" content=\"image\/jpeg\" \/>\n<meta name=\"twitter:card\" content=\"summary_large_image\" \/>\n<meta name=\"twitter:label1\" content=\"Prix\" \/>\n\t<meta name=\"twitter:data1\" content=\"&euro;0.92\" \/>\n\t<meta name=\"twitter:label2\" content=\"Disponibilit\u00e9\" \/>\n\t<meta name=\"twitter:data2\" content=\"Rupture de stock\" \/>\n<script type=\"application\/ld+json\" class=\"yoast-schema-graph\">{\"@context\":\"https:\/\/schema.org\",\"@graph\":[{\"@type\":\"WebPage\",\"@id\":\"https:\/\/maison-chance.org\/shop\/fr\/produit\/mais-ruby-queen-siam-de-dak-nong\",\"url\":\"https:\/\/maison-chance.org\/shop\/fr\/produit\/mais-ruby-queen-siam-de-dak-nong\",\"name\":\"Ma\u00efs Reine Rouge de Dak Nong - Nh\u00e0 May M\u1eafn - Maison Chance\",\"isPartOf\":{\"@id\":\"https:\/\/maison-chance.org\/shop\/fr#website\"},\"primaryImageOfPage\":{\"@id\":\"https:\/\/maison-chance.org\/shop\/fr\/produit\/mais-ruby-queen-siam-de-dak-nong#primaryimage\"},\"image\":{\"@id\":\"https:\/\/maison-chance.org\/shop\/fr\/produit\/mais-ruby-queen-siam-de-dak-nong#primaryimage\"},\"thumbnailUrl\":\"https:\/\/maison-chance.org\/shop\/wp-content\/uploads\/2024\/03\/bap-nu-hoang.jpg\",\"datePublished\":\"2024-03-08T17:18:58+00:00\",\"dateModified\":\"2024-03-26T07:31:59+00:00\",\"description\":\"Le ma\u00efs Rouge Reine de Dak Nong a des couleurs attrayantes pour les consommateurs et un go\u00fbt particuli\u00e8rement d\u00e9licieux, plus croustillant et sucr\u00e9 que le ma\u00efs que nous mangeons habituellement\",\"breadcrumb\":{\"@id\":\"https:\/\/maison-chance.org\/shop\/fr\/produit\/mais-ruby-queen-siam-de-dak-nong#breadcrumb\"},\"inLanguage\":\"fr-FR\",\"potentialAction\":[{\"@type\":\"ReadAction\",\"target\":[\"https:\/\/maison-chance.org\/shop\/fr\/produit\/mais-ruby-queen-siam-de-dak-nong\"]}]},{\"@type\":\"ImageObject\",\"inLanguage\":\"fr-FR\",\"@id\":\"https:\/\/maison-chance.org\/shop\/fr\/produit\/mais-ruby-queen-siam-de-dak-nong#primaryimage\",\"url\":\"https:\/\/maison-chance.org\/shop\/wp-content\/uploads\/2024\/03\/bap-nu-hoang.jpg\",\"contentUrl\":\"https:\/\/maison-chance.org\/shop\/wp-content\/uploads\/2024\/03\/bap-nu-hoang.jpg\",\"width\":1000,\"height\":1000,\"caption\":\"Ma\u00efs Reine Rouge de Dak Nong\"},{\"@type\":\"BreadcrumbList\",\"@id\":\"https:\/\/maison-chance.org\/shop\/fr\/produit\/mais-ruby-queen-siam-de-dak-nong#breadcrumb\",\"itemListElement\":[{\"@type\":\"ListItem\",\"position\":1,\"name\":\"Trang ch\u1ee7\",\"item\":\"https:\/\/maison-chance.org\/shop\/fr\"},{\"@type\":\"ListItem\",\"position\":2,\"name\":\"Boutique\",\"item\":\"https:\/\/maison-chance.org\/shop\/shop\"},{\"@type\":\"ListItem\",\"position\":3,\"name\":\"Ma\u00efs Reine Rouge de Dak Nong\"}]},{\"@type\":\"WebSite\",\"@id\":\"https:\/\/maison-chance.org\/shop\/fr#website\",\"url\":\"https:\/\/maison-chance.org\/shop\/fr\",\"name\":\"Nh\u00e0 May M\u1eafn - Maison Chance\",\"description\":\"M\u1ecdi l\u1ee3i nhu\u1eadn thu v\u1ec1 t\u1eeb vi\u1ec7c b\u00e1n h\u00e0ng s\u1ebd tr\u00edch m\u1ed9t ph\u1ea7n \u0111\u1ec3 ch\u0103m lo cho \u0111\u1eddi s\u1ed1ng c\u00e1c b\u1ea1n khuy\u1ebft t\u1eadt v\u00e0 tr\u1ebb m\u1ed3 c\u00f4i \u1edf \u0111\u00e2y\",\"publisher\":{\"@id\":\"https:\/\/maison-chance.org\/shop\/fr#organization\"},\"potentialAction\":[{\"@type\":\"SearchAction\",\"target\":{\"@type\":\"EntryPoint\",\"urlTemplate\":\"https:\/\/maison-chance.org\/shop\/fr?s={search_term_string}\"},\"query-input\":{\"@type\":\"PropertyValueSpecification\",\"valueRequired\":true,\"valueName\":\"search_term_string\"}}],\"inLanguage\":\"fr-FR\"},{\"@type\":\"Organization\",\"@id\":\"https:\/\/maison-chance.org\/shop\/fr#organization\",\"name\":\"Nh\u00e0 May M\u1eafn - Maison Chance\",\"url\":\"https:\/\/maison-chance.org\/shop\/fr\",\"logo\":{\"@type\":\"ImageObject\",\"inLanguage\":\"fr-FR\",\"@id\":\"https:\/\/maison-chance.org\/shop\/fr#\/schema\/logo\/image\/\",\"url\":\"https:\/\/maison-chance.org\/shop\/wp-content\/uploads\/2024\/03\/cropped-Logo_DNXH.png\",\"contentUrl\":\"https:\/\/maison-chance.org\/shop\/wp-content\/uploads\/2024\/03\/cropped-Logo_DNXH.png\",\"width\":512,\"height\":512,\"caption\":\"Nh\u00e0 May M\u1eafn - Maison Chance\"},\"image\":{\"@id\":\"https:\/\/maison-chance.org\/shop\/fr#\/schema\/logo\/image\/\"},\"sameAs\":[\"https:\/\/www.facebook.com\/dnxh.nhamayman\/\"]}]}<\/script>\n<meta property=\"product:price:amount\" content=\"0.92\" \/>\n<meta property=\"product:price:currency\" content=\"EUR\" \/>\n<meta property=\"og:availability\" content=\"out of stock\" \/>\n<meta property=\"product:availability\" content=\"out of stock\" \/>\n<meta property=\"product:condition\" content=\"new\" \/>\n<!-- \/ Yoast SEO Premium plugin. -->","yoast_head_json":{"title":"Ma\u00efs Reine Rouge de Dak Nong - Nh\u00e0 May M\u1eafn - Maison Chance","description":"Le ma\u00efs Rouge Reine de Dak Nong a des couleurs attrayantes pour les consommateurs et un go\u00fbt particuli\u00e8rement d\u00e9licieux, plus croustillant et sucr\u00e9 que le ma\u00efs que nous mangeons habituellement","robots":{"index":"index","follow":"follow","max-snippet":"max-snippet:-1","max-image-preview":"max-image-preview:large","max-video-preview":"max-video-preview:-1"},"canonical":"https:\/\/maison-chance.org\/shop\/fr\/produit\/mais-ruby-queen-siam-de-dak-nong","og_locale":"fr_FR","og_type":"article","og_title":"Ma\u00efs Reine Rouge de Dak Nong","og_description":"Le ma\u00efs Rouge Reine de Dak Nong a des couleurs attrayantes pour les consommateurs et un go\u00fbt particuli\u00e8rement d\u00e9licieux, plus croustillant et sucr\u00e9 que le ma\u00efs que nous mangeons habituellement","og_url":"https:\/\/maison-chance.org\/shop\/fr\/produit\/mais-ruby-queen-siam-de-dak-nong","og_site_name":"Nh\u00e0 May M\u1eafn - Maison Chance","article_publisher":"https:\/\/www.facebook.com\/dnxh.nhamayman\/","article_modified_time":"2024-03-26T07:31:59+00:00","og_image":[{"width":1000,"height":1000,"url":"https:\/\/maison-chance.org\/shop\/wp-content\/uploads\/2024\/03\/bap-nu-hoang.jpg","type":"image\/jpeg"}],"twitter_card":"summary_large_image","twitter_misc":{"Prix":"&euro;0.92","Disponibilit\u00e9":"Rupture de stock"},"schema":{"@context":"https:\/\/schema.org","@graph":[{"@type":"WebPage","@id":"https:\/\/maison-chance.org\/shop\/fr\/produit\/mais-ruby-queen-siam-de-dak-nong","url":"https:\/\/maison-chance.org\/shop\/fr\/produit\/mais-ruby-queen-siam-de-dak-nong","name":"Ma\u00efs Reine Rouge de Dak Nong - Nh\u00e0 May M\u1eafn - Maison Chance","isPartOf":{"@id":"https:\/\/maison-chance.org\/shop\/fr#website"},"primaryImageOfPage":{"@id":"https:\/\/maison-chance.org\/shop\/fr\/produit\/mais-ruby-queen-siam-de-dak-nong#primaryimage"},"image":{"@id":"https:\/\/maison-chance.org\/shop\/fr\/produit\/mais-ruby-queen-siam-de-dak-nong#primaryimage"},"thumbnailUrl":"https:\/\/maison-chance.org\/shop\/wp-content\/uploads\/2024\/03\/bap-nu-hoang.jpg","datePublished":"2024-03-08T17:18:58+00:00","dateModified":"2024-03-26T07:31:59+00:00","description":"Le ma\u00efs Rouge Reine de Dak Nong a des couleurs attrayantes pour les consommateurs et un go\u00fbt particuli\u00e8rement d\u00e9licieux, plus croustillant et sucr\u00e9 que le ma\u00efs que nous mangeons habituellement","breadcrumb":{"@id":"https:\/\/maison-chance.org\/shop\/fr\/produit\/mais-ruby-queen-siam-de-dak-nong#breadcrumb"},"inLanguage":"fr-FR","potentialAction":[{"@type":"ReadAction","target":["https:\/\/maison-chance.org\/shop\/fr\/produit\/mais-ruby-queen-siam-de-dak-nong"]}]},{"@type":"ImageObject","inLanguage":"fr-FR","@id":"https:\/\/maison-chance.org\/shop\/fr\/produit\/mais-ruby-queen-siam-de-dak-nong#primaryimage","url":"https:\/\/maison-chance.org\/shop\/wp-content\/uploads\/2024\/03\/bap-nu-hoang.jpg","contentUrl":"https:\/\/maison-chance.org\/shop\/wp-content\/uploads\/2024\/03\/bap-nu-hoang.jpg","width":1000,"height":1000,"caption":"Ma\u00efs Reine Rouge de Dak Nong"},{"@type":"BreadcrumbList","@id":"https:\/\/maison-chance.org\/shop\/fr\/produit\/mais-ruby-queen-siam-de-dak-nong#breadcrumb","itemListElement":[{"@type":"ListItem","position":1,"name":"Trang ch\u1ee7","item":"https:\/\/maison-chance.org\/shop\/fr"},{"@type":"ListItem","position":2,"name":"Boutique","item":"https:\/\/maison-chance.org\/shop\/shop"},{"@type":"ListItem","position":3,"name":"Ma\u00efs Reine Rouge de Dak Nong"}]},{"@type":"WebSite","@id":"https:\/\/maison-chance.org\/shop\/fr#website","url":"https:\/\/maison-chance.org\/shop\/fr","name":"Nh\u00e0 May M\u1eafn - Maison Chance","description":"M\u1ecdi l\u1ee3i nhu\u1eadn thu v\u1ec1 t\u1eeb vi\u1ec7c b\u00e1n h\u00e0ng s\u1ebd tr\u00edch m\u1ed9t ph\u1ea7n \u0111\u1ec3 ch\u0103m lo cho \u0111\u1eddi s\u1ed1ng c\u00e1c b\u1ea1n khuy\u1ebft t\u1eadt v\u00e0 tr\u1ebb m\u1ed3 c\u00f4i \u1edf \u0111\u00e2y","publisher":{"@id":"https:\/\/maison-chance.org\/shop\/fr#organization"},"potentialAction":[{"@type":"SearchAction","target":{"@type":"EntryPoint","urlTemplate":"https:\/\/maison-chance.org\/shop\/fr?s={search_term_string}"},"query-input":{"@type":"PropertyValueSpecification","valueRequired":true,"valueName":"search_term_string"}}],"inLanguage":"fr-FR"},{"@type":"Organization","@id":"https:\/\/maison-chance.org\/shop\/fr#organization","name":"Nh\u00e0 May M\u1eafn - Maison Chance","url":"https:\/\/maison-chance.org\/shop\/fr","logo":{"@type":"ImageObject","inLanguage":"fr-FR","@id":"https:\/\/maison-chance.org\/shop\/fr#\/schema\/logo\/image\/","url":"https:\/\/maison-chance.org\/shop\/wp-content\/uploads\/2024\/03\/cropped-Logo_DNXH.png","contentUrl":"https:\/\/maison-chance.org\/shop\/wp-content\/uploads\/2024\/03\/cropped-Logo_DNXH.png","width":512,"height":512,"caption":"Nh\u00e0 May M\u1eafn - Maison Chance"},"image":{"@id":"https:\/\/maison-chance.org\/shop\/fr#\/schema\/logo\/image\/"},"sameAs":["https:\/\/www.facebook.com\/dnxh.nhamayman\/"]}]},"product_price_amount":"0.92","product_price_currency":"EUR","og_availability":"out of stock","product_availability":"out of stock","product_condition":"new"},"_links":{"self":[{"href":"https:\/\/maison-chance.org\/shop\/fr\/wp-json\/wp\/v2\/product\/30662","targetHints":{"allow":["GET"]}}],"collection":[{"href":"https:\/\/maison-chance.org\/shop\/fr\/wp-json\/wp\/v2\/product"}],"about":[{"href":"https:\/\/maison-chance.org\/shop\/fr\/wp-json\/wp\/v2\/types\/product"}],"wp:featuredmedia":[{"embeddable":true,"href":"https:\/\/maison-chance.org\/shop\/fr\/wp-json\/wp\/v2\/media\/30658"}],"wp:attachment":[{"href":"https:\/\/maison-chance.org\/shop\/fr\/wp-json\/wp\/v2\/media?parent=30662"}],"wp:term":[{"taxonomy":"product_brand","embeddable":true,"href":"https:\/\/maison-chance.org\/shop\/fr\/wp-json\/wp\/v2\/product_brand?post=30662"},{"taxonomy":"product_cat","embeddable":true,"href":"https:\/\/maison-chance.org\/shop\/fr\/wp-json\/wp\/v2\/product_cat?post=30662"},{"taxonomy":"product_tag","embeddable":true,"href":"https:\/\/maison-chance.org\/shop\/fr\/wp-json\/wp\/v2\/product_tag?post=30662"}],"curies":[{"name":"wp","href":"https:\/\/api.w.org\/{rel}","templated":true}]}}