{"id":31509,"date":"2024-03-27T17:44:03","date_gmt":"2024-03-27T10:44:03","guid":{"rendered":"https:\/\/maison-chance.org\/shop\/san-pham\/la-noix-de-macadamia"},"modified":"2024-11-06T14:12:45","modified_gmt":"2024-11-06T07:12:45","slug":"la-noix-de-macadamia","status":"publish","type":"product","link":"https:\/\/maison-chance.org\/shop\/fr\/produit\/la-noix-de-macadamia","title":{"rendered":"La noix de macadamia"},"content":{"rendered":"<h2 style=\"text-align: justify;\"><strong>Qu&rsquo;est-ce que la macadamia ?<\/strong><\/h2>\n<p style=\"text-align: justify;\">La macadamia est une plante originaire d&rsquo;Australie qui a une coque brune d&rsquo;environ 3 cm d&rsquo;\u00e9paisseur, des grains d&rsquo;un blanc laiteux et une saveur de beurre. Aujourd&rsquo;hui, il est import\u00e9 et cultiv\u00e9 dans plusieurs pays, dont le Vietnam.<\/p>\n<p style=\"text-align: justify;\">Les noix de macadamia contiennent de nombreuses bonnes graisses n\u00e9cessaires pour minimiser le mauvais cholest\u00e9rol, augmenter la quantit\u00e9 de bon cholest\u00e9rol et aider \u00e0 maintenir le syst\u00e8me cardiovasculaire en bonne sant\u00e9 et \u00e0 r\u00e9duire le risque d&rsquo;ath\u00e9roscl\u00e9rose.<\/p>\n<p style=\"text-align: justify;\">De plus, les noix de macadamia sont l&rsquo;une des seules sources alimentaires contenant de l&rsquo;acide palmitol\u00e9ique, qui aide efficacement \u00e0 br\u00fbler les graisses, \u00e0 contr\u00f4ler l&rsquo;app\u00e9tit et \u00e0 favoriser la perte de poids. Les noix de macadamia sont \u00e9galement une excellente source d&rsquo;antioxydants et de min\u00e9raux n\u00e9cessaires au m\u00e9tabolisme qui aident \u00e0 promouvoir la m\u00e9moire et la sant\u00e9 de la peau. Les noix de macadamia sont b\u00e9n\u00e9fiques pour les femmes enceintes.<\/p>\n<h2 style=\"text-align: justify;\"><strong>Prot\u00e9ger et promouvoir la sant\u00e9 cardiaque<\/strong><\/h2>\n<p style=\"text-align: justify;\">Les graisses polyinsatur\u00e9es pr\u00e9sentes dans les noix de macadamia sont des graisses saines qui am\u00e9liorent la sant\u00e9 cardiaque, minimisent le mauvais cholest\u00e9rol et augmentent le taux de bon cholest\u00e9rol.<\/p>\n<p style=\"text-align: justify;\">Les noix de macadamia sont sans cholest\u00e9rol. Dans le noyau, la teneur en prot\u00e9ines peut atteindre 9,2 %, y compris 20 types d&rsquo;acides amin\u00e9s, dont huit types d&rsquo;acides amin\u00e9s essentiels pour le corps humain. Ces substances aident \u00e0 pr\u00e9venir le blocage de l&rsquo;art\u00e8re, contribuant \u00e0 \u00e9viter d\u2019avoir un accident vasculaire c\u00e9r\u00e9bral.<\/p>\n<p style=\"text-align: justify;\">Il y a un acide amin\u00e9 appel\u00e9 arginine dans la macadamia &#8211; il aide les vaisseaux sanguins \u00e0 \u00eatre flexibles. Les antioxydants contenus dans la macadamia apportent \u00e9galement de nombreux avantages au syst\u00e8me cardiovasculaire.<\/p>\n<p style=\"text-align: justify;\">Les personnes qui ont l&rsquo;habitude de consommer quotidiennement des noix de macadamia peuvent r\u00e9duire jusqu\u2019\u00e0 50 % le risque de maladie cardiaque.<\/p>\n<h2 style=\"text-align: justify;\"><strong>Les noix de macadamia sont saines pour les femmes et les enfants<\/strong><\/h2>\n<p style=\"text-align: justify;\">Comme mentionn\u00e9 ci-dessus, l&rsquo;ingr\u00e9dient crucial de la macadamia est la graisse insatur\u00e9e &#8211; principalement l&rsquo;om\u00e9ga 3, qui est un acide gras essentiel pour le d\u00e9veloppement du cerveau des enfants ainsi que pour le m\u00e9tabolisme du corps.<\/p>\n<p style=\"text-align: justify;\">Les noix de macadamia contiennent \u00e9galement un large \u00e9ventail de vitamines, d&rsquo;\u00e9l\u00e9ments essentiels tels que le cuivre, le fer, le mangan\u00e8se, etc. qui sont essentiels au d\u00e9veloppement des jeunes enfants et du f\u0153tus pendant la grossesse.<\/p>\n<p style=\"text-align: justify;\">Les noix de macadamia sont une excellente source de prot\u00e9ines et de fibres, fournissant une source d&rsquo;\u00e9nergie abondante avec une double teneur en calories par rapport aux autres noix, garantissant que les femmes enceintes aient suffisamment de nutriments pour faire face \u00e0 leurs \u00e9motions et pr\u00e9venir les envies de fringales.<\/p>\n<p style=\"text-align: justify;\">Les femmes enceintes mangent souvent des noix de macadamia qui r\u00e9duisent le risque de constipation pendant la grossesse et aident \u00e0 diversifier leur alimentation, contribuant ainsi de mani\u00e8re significative \u00e0 l&rsquo;apport de prot\u00e9ines au f\u0153tus.<\/p>\n<h2 style=\"text-align: justify;\"><strong>B\u00e9n\u00e9fices pour le diab\u00e8te<\/strong><\/h2>\n<p style=\"text-align: justify;\">Les noix de macadamia font partie des aliments \u00e0 faible IG (indice glyc\u00e9mique), ce qui signifie que lorsqu\u2019on mange des noix de macadamia, elles ralentissent la glyc\u00e9mie par rapport \u00e0 d&rsquo;autres aliments. Pour cette raison, il est incroyablement sain de consommer des noix de macadamia lorsqu\u2019on est atteint de diab\u00e8te.<\/p>\n<p style=\"text-align: justify;\">Les noix de macadamia sont \u00e9galement une excellente source de prot\u00e9ines, de fibres et de mati\u00e8res grasses, cr\u00e9ant une sensation satisfaisante pour les personnes atteintes de diab\u00e8te, \u00e9vitant le fort app\u00e9tit pour les trucs, en particulier les sucreries.<\/p>\n<h2 style=\"text-align: justify;\"><strong>Les noix de macadamia sont une excellente source de fibres<\/strong><\/h2>\n<p style=\"text-align: justify;\">La fibre est un terme utilis\u00e9 pour les glucides qui r\u00e9sistent aux enzymes digestives dans l&rsquo;estomac et p\u00e9n\u00e8trent ainsi dans le tractus gastro-intestinal, o\u00f9 les bact\u00e9ries intestinales b\u00e9n\u00e9fiques et le processus physiologique sont favoris\u00e9s.<\/p>\n<p style=\"text-align: justify;\">La fibre trouv\u00e9e dans les noix de macadamia est la paroi cellulaire \u00e0 l&rsquo;int\u00e9rieur du noyau, avec 100 g de noix de macadamia fournissant 8,6 g ou 23 % du niveau quotidien recommand\u00e9 de fibres.<\/p>\n<h2 style=\"text-align: justify;\"><strong>LES BIENFAITS BEAUT\u00c9 DU MACADAMIA<\/strong><\/h2>\n<p style=\"text-align: justify;\">Outre l&rsquo;utilisation principale des noix de macadamia pour l&rsquo;alimentation, elles sont \u00e9galement riches en antioxydants, ce qui est extr\u00eamement bon pour la beaut\u00e9.<\/p>\n<p style=\"text-align: justify;\">La noix de macadamia est appr\u00e9ci\u00e9e car elle contient environ 22% d&rsquo;acides palmitol\u00e9iques om\u00e9ga-7 id\u00e9aux pour la peau.<\/p>\n<p style=\"text-align: justify;\">Plus on vieillit, plus les acides gras palmitol\u00e9iques de notre corps s&rsquo;\u00e9puisent. Les noix de macadamia sont un moyen de compl\u00e9ter la palmitol\u00e9ique naturelle et les antioxydants pour aider \u00e0 retarder le vieillissement, maintenir une peau plus jeune, des cheveux et des ongles sains.<\/p>\n<h2 style=\"text-align: justify;\"><strong>Les noix de macadamia donnent plus de go\u00fbt aux aliments<\/strong><\/h2>\n<p style=\"text-align: justify;\">Avec le titre \u00ab\u00a0Reine des noix\u00a0\u00bb, la macadamia a de nombreuses utilisations en cuisine pour enrichir le go\u00fbt des plats, notamment les g\u00e2teaux, les salades de la cuisine occidentale.<\/p>\n<p style=\"text-align: justify;\">Originaires d&rsquo;Australie puis se r\u00e9pandant dans les pays occidentaux, les noix de macadamia sont rapidement pr\u00e9f\u00e9r\u00e9es sur les tables \u00e0 manger des familles nobles, utilis\u00e9es dans les repas luxueux en raison de la saveur sucr\u00e9e et croustillante qui pousse les personnes \u00e0 en consommer.<\/p>\n<p style=\"text-align: justify;\">Non seulement pour une utilisation crue, mais il est \u00e9galement cuit sur des plats frits, enrob\u00e9s de miel, m\u00e9lang\u00e9s \u00e0 des soupes pour cr\u00e9er de nouvelles saveurs excitantes qui ajoutent de la valeur gustative aux plats.<\/p>\n<p style=\"text-align: justify;\">Outre les avantages pour les soins de la peau, plusieurs chefs renomm\u00e9s dans le monde utilisent fr\u00e9quemment l&rsquo;huile de noix de macadamia en raison d&rsquo;un point d&rsquo;\u00e9bullition \u00e9lev\u00e9, riche en antioxydants qui m\u00e9ritent d&rsquo;\u00eatre une huile de cuisson luxueuse et conviviale.<\/p>\n<p style=\"text-align: justify;\">En plus de tout cela, les noix de macadamia sont tr\u00e8s co\u00fbteuses car les arbres de macadamia ont une productivit\u00e9 inf\u00e9rieure, environ un tiers du rendement des autres arbres \u00e0 noix.<\/p>\n<p style=\"text-align: justify;\">La macadamia a beaucoup de succ\u00e8s au Vietnam mais son rendement est encore faible et sa qualit\u00e9 est in\u00e9gale.<\/p>\n<p style=\"text-align: justify;\">La premi\u00e8re r\u00e9colte prend 5 \u00e0 7 ans pour les nouveaux arbres, de sorte que les noix de macadamia sont co\u00fbteuses, mais c&rsquo;est toujours l&rsquo;une des noix pr\u00e9f\u00e9r\u00e9es.<\/p>\n<h2 style=\"text-align: justify;\">O\u00f9 puis-je trouver des noix de macadamia de haute qualit\u00e9 ?<\/h2>\n<p style=\"text-align: justify;\">L&rsquo;ONG Maison Chance fournit actuellement des noix de macadamia de haute qualit\u00e9 provenant de la province de Dak Nong, qui r\u00e9pond aux exigences d&rsquo;hygi\u00e8ne et de s\u00e9curit\u00e9 alimentaire.<\/p>\n","protected":false},"excerpt":{"rendered":"<p>\u2013 Poids net : 500 gr<\/p>\n<p>\u2013 Type : Noix de macadamia<\/p>\n<p>\u2013 Dur\u00e9e de conservation : 6 mois \u00e0 compter de la date de fabrication<\/p>\n<p>\u2013 Conseils de conservation : la bouteille doit \u00eatre herm\u00e9tiquement ferm\u00e9e apr\u00e8s utilisation et conserv\u00e9e dans un endroit frais ou \u00e0 basse temp\u00e9rature et \u00e0 l\u2019abri de la lumi\u00e8re.<\/p>\n<p>\u2013 Les noix de macadamia sont principalement utilis\u00e9es comme aliments, consomm\u00e9es directement ou en combinaison avec des g\u00e2teaux, des salades. Les personnes utilisent \u00e9galement les noix de macadamia pour aider \u00e0 la perte de poids et pour ses bienfaits beaut\u00e9 car c&rsquo;est une source pr\u00e9cieuse d&rsquo;antioxydants.<\/p>\n<p style=\"text-align: justify;\"><strong>Note<\/strong> : Ce produit n&rsquo;est actuellement disponible que sur le march\u00e9 vietnamien. Si vous \u00eates actuellement au Vietnam et souhaitez acheter, veuillez nous contacter via notre page fan : <a href=\"https:\/\/www.facebook.com\/dnxh.nhamayman\">facebook.com\/dnxh.nhamayman<\/a> ou notre hotline : <span style=\"font-size: 20px;\"><strong><span style=\"color: #ff0000;\">0909 06 25 28<\/span><\/strong><\/span>. Nous vous remercions sinc\u00e8rement !<\/p>\n","protected":false},"featured_media":31505,"template":"","meta":[],"product_brand":[],"product_cat":[201,204],"product_tag":[],"class_list":{"0":"post-31509","1":"product","2":"type-product","3":"status-publish","4":"has-post-thumbnail","6":"product_cat-produits-agricoles-de-dak-nong","7":"product_cat-produits-agricoles-seches","9":"first","10":"outofstock","11":"shipping-taxable","12":"purchasable","13":"product-type-simple"},"yoast_head":"<!-- This site is optimized with the Yoast SEO Premium plugin v22.7 (Yoast SEO v25.3.1) - https:\/\/yoast.com\/wordpress\/plugins\/seo\/ -->\n<title>La noix de macadamia - Nh\u00e0 May M\u1eafn - Maison Chance<\/title>\n<meta name=\"description\" content=\"L&#039;ONG Maison Chance fournit actuellement des noix de macadamia de haute qualit\u00e9 provenant de la province de Dak Nong, qui r\u00e9pond aux exigences d&#039;hygi\u00e8ne et de s\u00e9curit\u00e9 alimentaire.\" \/>\n<meta name=\"robots\" content=\"index, follow, max-snippet:-1, max-image-preview:large, max-video-preview:-1\" \/>\n<link rel=\"canonical\" href=\"https:\/\/maison-chance.org\/shop\/fr\/produit\/la-noix-de-macadamia\" \/>\n<meta property=\"og:locale\" content=\"fr_FR\" \/>\n<meta property=\"og:type\" content=\"article\" \/>\n<meta property=\"og:title\" content=\"La noix de macadamia\" \/>\n<meta property=\"og:description\" content=\"L&#039;ONG Maison Chance fournit actuellement des noix de macadamia de haute qualit\u00e9 provenant de la province de Dak Nong, qui r\u00e9pond aux exigences d&#039;hygi\u00e8ne et de s\u00e9curit\u00e9 alimentaire.\" \/>\n<meta property=\"og:url\" content=\"https:\/\/maison-chance.org\/shop\/fr\/produit\/la-noix-de-macadamia\" \/>\n<meta property=\"og:site_name\" content=\"Nh\u00e0 May M\u1eafn - Maison Chance\" \/>\n<meta property=\"article:publisher\" content=\"https:\/\/www.facebook.com\/dnxh.nhamayman\/\" \/>\n<meta property=\"article:modified_time\" content=\"2024-11-06T07:12:45+00:00\" \/>\n<meta property=\"og:image\" content=\"https:\/\/maison-chance.org\/shop\/wp-content\/uploads\/2024\/03\/hat-mac-ca.jpg\" \/>\n\t<meta property=\"og:image:width\" content=\"1000\" \/>\n\t<meta property=\"og:image:height\" content=\"1000\" \/>\n\t<meta property=\"og:image:type\" content=\"image\/jpeg\" \/>\n<meta name=\"twitter:card\" content=\"summary_large_image\" \/>\n<meta name=\"twitter:label1\" content=\"Prix\" \/>\n\t<meta name=\"twitter:data1\" content=\"&euro;8.65\" \/>\n\t<meta name=\"twitter:label2\" content=\"Disponibilit\u00e9\" \/>\n\t<meta name=\"twitter:data2\" content=\"Rupture de stock\" \/>\n<script type=\"application\/ld+json\" class=\"yoast-schema-graph\">{\"@context\":\"https:\/\/schema.org\",\"@graph\":[{\"@type\":\"WebPage\",\"@id\":\"https:\/\/maison-chance.org\/shop\/fr\/produit\/la-noix-de-macadamia\",\"url\":\"https:\/\/maison-chance.org\/shop\/fr\/produit\/la-noix-de-macadamia\",\"name\":\"La noix de macadamia - Nh\u00e0 May M\u1eafn - Maison Chance\",\"isPartOf\":{\"@id\":\"https:\/\/maison-chance.org\/shop\/fr#website\"},\"primaryImageOfPage\":{\"@id\":\"https:\/\/maison-chance.org\/shop\/fr\/produit\/la-noix-de-macadamia#primaryimage\"},\"image\":{\"@id\":\"https:\/\/maison-chance.org\/shop\/fr\/produit\/la-noix-de-macadamia#primaryimage\"},\"thumbnailUrl\":\"https:\/\/maison-chance.org\/shop\/wp-content\/uploads\/2024\/03\/hat-mac-ca.jpg\",\"datePublished\":\"2024-03-27T10:44:03+00:00\",\"dateModified\":\"2024-11-06T07:12:45+00:00\",\"description\":\"L'ONG Maison Chance fournit actuellement des noix de macadamia de haute qualit\u00e9 provenant de la province de Dak Nong, qui r\u00e9pond aux exigences d'hygi\u00e8ne et de s\u00e9curit\u00e9 alimentaire.\",\"breadcrumb\":{\"@id\":\"https:\/\/maison-chance.org\/shop\/fr\/produit\/la-noix-de-macadamia#breadcrumb\"},\"inLanguage\":\"fr-FR\",\"potentialAction\":[{\"@type\":\"ReadAction\",\"target\":[\"https:\/\/maison-chance.org\/shop\/fr\/produit\/la-noix-de-macadamia\"]}]},{\"@type\":\"ImageObject\",\"inLanguage\":\"fr-FR\",\"@id\":\"https:\/\/maison-chance.org\/shop\/fr\/produit\/la-noix-de-macadamia#primaryimage\",\"url\":\"https:\/\/maison-chance.org\/shop\/wp-content\/uploads\/2024\/03\/hat-mac-ca.jpg\",\"contentUrl\":\"https:\/\/maison-chance.org\/shop\/wp-content\/uploads\/2024\/03\/hat-mac-ca.jpg\",\"width\":1000,\"height\":1000,\"caption\":\"La noix de macadamia\"},{\"@type\":\"BreadcrumbList\",\"@id\":\"https:\/\/maison-chance.org\/shop\/fr\/produit\/la-noix-de-macadamia#breadcrumb\",\"itemListElement\":[{\"@type\":\"ListItem\",\"position\":1,\"name\":\"Trang ch\u1ee7\",\"item\":\"https:\/\/maison-chance.org\/shop\/fr\"},{\"@type\":\"ListItem\",\"position\":2,\"name\":\"Boutique\",\"item\":\"https:\/\/maison-chance.org\/shop\/shop\"},{\"@type\":\"ListItem\",\"position\":3,\"name\":\"La noix de macadamia\"}]},{\"@type\":\"WebSite\",\"@id\":\"https:\/\/maison-chance.org\/shop\/fr#website\",\"url\":\"https:\/\/maison-chance.org\/shop\/fr\",\"name\":\"Nh\u00e0 May M\u1eafn - Maison Chance\",\"description\":\"M\u1ecdi l\u1ee3i nhu\u1eadn thu v\u1ec1 t\u1eeb vi\u1ec7c b\u00e1n h\u00e0ng s\u1ebd tr\u00edch m\u1ed9t ph\u1ea7n \u0111\u1ec3 ch\u0103m lo cho \u0111\u1eddi s\u1ed1ng c\u00e1c b\u1ea1n khuy\u1ebft t\u1eadt v\u00e0 tr\u1ebb m\u1ed3 c\u00f4i \u1edf \u0111\u00e2y\",\"publisher\":{\"@id\":\"https:\/\/maison-chance.org\/shop\/fr#organization\"},\"potentialAction\":[{\"@type\":\"SearchAction\",\"target\":{\"@type\":\"EntryPoint\",\"urlTemplate\":\"https:\/\/maison-chance.org\/shop\/fr?s={search_term_string}\"},\"query-input\":{\"@type\":\"PropertyValueSpecification\",\"valueRequired\":true,\"valueName\":\"search_term_string\"}}],\"inLanguage\":\"fr-FR\"},{\"@type\":\"Organization\",\"@id\":\"https:\/\/maison-chance.org\/shop\/fr#organization\",\"name\":\"Nh\u00e0 May M\u1eafn - Maison Chance\",\"url\":\"https:\/\/maison-chance.org\/shop\/fr\",\"logo\":{\"@type\":\"ImageObject\",\"inLanguage\":\"fr-FR\",\"@id\":\"https:\/\/maison-chance.org\/shop\/fr#\/schema\/logo\/image\/\",\"url\":\"https:\/\/maison-chance.org\/shop\/wp-content\/uploads\/2024\/03\/cropped-Logo_DNXH.png\",\"contentUrl\":\"https:\/\/maison-chance.org\/shop\/wp-content\/uploads\/2024\/03\/cropped-Logo_DNXH.png\",\"width\":512,\"height\":512,\"caption\":\"Nh\u00e0 May M\u1eafn - Maison Chance\"},\"image\":{\"@id\":\"https:\/\/maison-chance.org\/shop\/fr#\/schema\/logo\/image\/\"},\"sameAs\":[\"https:\/\/www.facebook.com\/dnxh.nhamayman\/\"]}]}<\/script>\n<meta property=\"product:price:amount\" content=\"8.65\" \/>\n<meta property=\"product:price:currency\" content=\"EUR\" \/>\n<meta property=\"og:availability\" content=\"out of stock\" \/>\n<meta property=\"product:availability\" content=\"out of stock\" \/>\n<meta property=\"product:condition\" content=\"new\" \/>\n<!-- \/ Yoast SEO Premium plugin. -->","yoast_head_json":{"title":"La noix de macadamia - Nh\u00e0 May M\u1eafn - Maison Chance","description":"L'ONG Maison Chance fournit actuellement des noix de macadamia de haute qualit\u00e9 provenant de la province de Dak Nong, qui r\u00e9pond aux exigences d'hygi\u00e8ne et de s\u00e9curit\u00e9 alimentaire.","robots":{"index":"index","follow":"follow","max-snippet":"max-snippet:-1","max-image-preview":"max-image-preview:large","max-video-preview":"max-video-preview:-1"},"canonical":"https:\/\/maison-chance.org\/shop\/fr\/produit\/la-noix-de-macadamia","og_locale":"fr_FR","og_type":"article","og_title":"La noix de macadamia","og_description":"L'ONG Maison Chance fournit actuellement des noix de macadamia de haute qualit\u00e9 provenant de la province de Dak Nong, qui r\u00e9pond aux exigences d'hygi\u00e8ne et de s\u00e9curit\u00e9 alimentaire.","og_url":"https:\/\/maison-chance.org\/shop\/fr\/produit\/la-noix-de-macadamia","og_site_name":"Nh\u00e0 May M\u1eafn - Maison Chance","article_publisher":"https:\/\/www.facebook.com\/dnxh.nhamayman\/","article_modified_time":"2024-11-06T07:12:45+00:00","og_image":[{"width":1000,"height":1000,"url":"https:\/\/maison-chance.org\/shop\/wp-content\/uploads\/2024\/03\/hat-mac-ca.jpg","type":"image\/jpeg"}],"twitter_card":"summary_large_image","twitter_misc":{"Prix":"&euro;8.65","Disponibilit\u00e9":"Rupture de stock"},"schema":{"@context":"https:\/\/schema.org","@graph":[{"@type":"WebPage","@id":"https:\/\/maison-chance.org\/shop\/fr\/produit\/la-noix-de-macadamia","url":"https:\/\/maison-chance.org\/shop\/fr\/produit\/la-noix-de-macadamia","name":"La noix de macadamia - Nh\u00e0 May M\u1eafn - Maison Chance","isPartOf":{"@id":"https:\/\/maison-chance.org\/shop\/fr#website"},"primaryImageOfPage":{"@id":"https:\/\/maison-chance.org\/shop\/fr\/produit\/la-noix-de-macadamia#primaryimage"},"image":{"@id":"https:\/\/maison-chance.org\/shop\/fr\/produit\/la-noix-de-macadamia#primaryimage"},"thumbnailUrl":"https:\/\/maison-chance.org\/shop\/wp-content\/uploads\/2024\/03\/hat-mac-ca.jpg","datePublished":"2024-03-27T10:44:03+00:00","dateModified":"2024-11-06T07:12:45+00:00","description":"L'ONG Maison Chance fournit actuellement des noix de macadamia de haute qualit\u00e9 provenant de la province de Dak Nong, qui r\u00e9pond aux exigences d'hygi\u00e8ne et de s\u00e9curit\u00e9 alimentaire.","breadcrumb":{"@id":"https:\/\/maison-chance.org\/shop\/fr\/produit\/la-noix-de-macadamia#breadcrumb"},"inLanguage":"fr-FR","potentialAction":[{"@type":"ReadAction","target":["https:\/\/maison-chance.org\/shop\/fr\/produit\/la-noix-de-macadamia"]}]},{"@type":"ImageObject","inLanguage":"fr-FR","@id":"https:\/\/maison-chance.org\/shop\/fr\/produit\/la-noix-de-macadamia#primaryimage","url":"https:\/\/maison-chance.org\/shop\/wp-content\/uploads\/2024\/03\/hat-mac-ca.jpg","contentUrl":"https:\/\/maison-chance.org\/shop\/wp-content\/uploads\/2024\/03\/hat-mac-ca.jpg","width":1000,"height":1000,"caption":"La noix de macadamia"},{"@type":"BreadcrumbList","@id":"https:\/\/maison-chance.org\/shop\/fr\/produit\/la-noix-de-macadamia#breadcrumb","itemListElement":[{"@type":"ListItem","position":1,"name":"Trang ch\u1ee7","item":"https:\/\/maison-chance.org\/shop\/fr"},{"@type":"ListItem","position":2,"name":"Boutique","item":"https:\/\/maison-chance.org\/shop\/shop"},{"@type":"ListItem","position":3,"name":"La noix de macadamia"}]},{"@type":"WebSite","@id":"https:\/\/maison-chance.org\/shop\/fr#website","url":"https:\/\/maison-chance.org\/shop\/fr","name":"Nh\u00e0 May M\u1eafn - Maison Chance","description":"M\u1ecdi l\u1ee3i nhu\u1eadn thu v\u1ec1 t\u1eeb vi\u1ec7c b\u00e1n h\u00e0ng s\u1ebd tr\u00edch m\u1ed9t ph\u1ea7n \u0111\u1ec3 ch\u0103m lo cho \u0111\u1eddi s\u1ed1ng c\u00e1c b\u1ea1n khuy\u1ebft t\u1eadt v\u00e0 tr\u1ebb m\u1ed3 c\u00f4i \u1edf \u0111\u00e2y","publisher":{"@id":"https:\/\/maison-chance.org\/shop\/fr#organization"},"potentialAction":[{"@type":"SearchAction","target":{"@type":"EntryPoint","urlTemplate":"https:\/\/maison-chance.org\/shop\/fr?s={search_term_string}"},"query-input":{"@type":"PropertyValueSpecification","valueRequired":true,"valueName":"search_term_string"}}],"inLanguage":"fr-FR"},{"@type":"Organization","@id":"https:\/\/maison-chance.org\/shop\/fr#organization","name":"Nh\u00e0 May M\u1eafn - Maison Chance","url":"https:\/\/maison-chance.org\/shop\/fr","logo":{"@type":"ImageObject","inLanguage":"fr-FR","@id":"https:\/\/maison-chance.org\/shop\/fr#\/schema\/logo\/image\/","url":"https:\/\/maison-chance.org\/shop\/wp-content\/uploads\/2024\/03\/cropped-Logo_DNXH.png","contentUrl":"https:\/\/maison-chance.org\/shop\/wp-content\/uploads\/2024\/03\/cropped-Logo_DNXH.png","width":512,"height":512,"caption":"Nh\u00e0 May M\u1eafn - Maison Chance"},"image":{"@id":"https:\/\/maison-chance.org\/shop\/fr#\/schema\/logo\/image\/"},"sameAs":["https:\/\/www.facebook.com\/dnxh.nhamayman\/"]}]},"product_price_amount":"8.65","product_price_currency":"EUR","og_availability":"out of stock","product_availability":"out of stock","product_condition":"new"},"_links":{"self":[{"href":"https:\/\/maison-chance.org\/shop\/fr\/wp-json\/wp\/v2\/product\/31509","targetHints":{"allow":["GET"]}}],"collection":[{"href":"https:\/\/maison-chance.org\/shop\/fr\/wp-json\/wp\/v2\/product"}],"about":[{"href":"https:\/\/maison-chance.org\/shop\/fr\/wp-json\/wp\/v2\/types\/product"}],"wp:featuredmedia":[{"embeddable":true,"href":"https:\/\/maison-chance.org\/shop\/fr\/wp-json\/wp\/v2\/media\/31505"}],"wp:attachment":[{"href":"https:\/\/maison-chance.org\/shop\/fr\/wp-json\/wp\/v2\/media?parent=31509"}],"wp:term":[{"taxonomy":"product_brand","embeddable":true,"href":"https:\/\/maison-chance.org\/shop\/fr\/wp-json\/wp\/v2\/product_brand?post=31509"},{"taxonomy":"product_cat","embeddable":true,"href":"https:\/\/maison-chance.org\/shop\/fr\/wp-json\/wp\/v2\/product_cat?post=31509"},{"taxonomy":"product_tag","embeddable":true,"href":"https:\/\/maison-chance.org\/shop\/fr\/wp-json\/wp\/v2\/product_tag?post=31509"}],"curies":[{"name":"wp","href":"https:\/\/api.w.org\/{rel}","templated":true}]}}