{"id":35747,"date":"2024-03-27T21:02:43","date_gmt":"2024-03-27T14:02:43","guid":{"rendered":"https:\/\/maison-chance.org\/shop\/san-pham\/le-miel-de-fleurs-de-cafeier"},"modified":"2024-11-06T14:26:52","modified_gmt":"2024-11-06T07:26:52","slug":"le-miel-de-fleurs-de-cafeier","status":"publish","type":"product","link":"https:\/\/maison-chance.org\/shop\/fr\/produit\/le-miel-de-fleurs-de-cafeier","title":{"rendered":"Le miel de fleurs de caf\u00e9ier"},"content":{"rendered":"<h2>Quelques points saillants du miel de fleur de caf\u00e9<\/h2>\n<p style=\"text-align: justify;\">&#8211; Le miel de fleur de caf\u00e9 est r\u00e9colt\u00e9 de d\u00e9cembre \u00e0 mars, p\u00e9riode o\u00f9 les fleurs de caf\u00e9 fleurissent abondamment dans les montagnes de la r\u00e9gion du Tay Nguyen.<\/p>\n<p style=\"text-align: justify;\">&#8211; Le miel de fleur de caf\u00e9 est l&rsquo;un des types de miel pur les plus appr\u00e9ci\u00e9s par les consommateurs pour son go\u00fbt sucr\u00e9 prononc\u00e9 mais pas trop fort, sa couleur naturelle et son parfum distinct qui ne se m\u00e9lange \u00e0 aucun autre type de miel.<\/p>\n<p style=\"text-align: justify;\">&#8211; La capacit\u00e9 de conserver le miel de fleur de caf\u00e9 pendant une longue p\u00e9riode sans qu&rsquo;il ne cristallise, ne mousse ou ne change de couleur est un aspect remarquable qui satisfait pleinement les utilisateurs.<\/p>\n<p style=\"text-align: justify;\">&#8211; Le prix du miel de fleur de caf\u00e9 est relativement abordable, convient \u00e0 la majorit\u00e9 des clients, n&rsquo;est ni cher ni rare comme le miel de for\u00eat.<\/p>\n<h2>Les bienfaits du miel de fleur de caf\u00e9<\/h2>\n<p style=\"text-align: justify;\">* Le miel de fleur de caf\u00e9 a de nombreux avantages pour la beaut\u00e9, notamment :<\/p>\n<p style=\"text-align: justify;\">&#8211; Appliquer une couche de miel pur sur les l\u00e8vres pour exfolier les cellules mortes, nourrir les l\u00e8vres et les rendre douces, et \u00e9liminer les taches caus\u00e9es par une utilisation prolong\u00e9e de rouge \u00e0 l\u00e8vres.<\/p>\n<p style=\"text-align: justify;\">&#8211; Les propri\u00e9t\u00e9s anti-inflammatoires du miel apaisent les boutons enflamm\u00e9s et douloureux. Vous pouvez donc l&rsquo;appliquer directement sur les boutons et laisser agir toute la nuit, puis rincer \u00e0 l&rsquo;eau propre le lendemain matin.<\/p>\n<p style=\"text-align: justify;\">&#8211; M\u00e9langer du miel avec du yaourt, du lait frais non sucr\u00e9 et des fruits comme l&rsquo;avocat, les fraises, l&rsquo;orange&#8230; pour faire un masque facial nourrissant. Ce masque naturel aide \u00e0 rendre votre peau plus ferme, plus claire et plus douce.<\/p>\n<p style=\"text-align: justify;\">* Le miel de fleur de caf\u00e9 fournit de nombreux nutriments pour le f\u0153tus :<\/p>\n<p style=\"text-align: justify;\">&#8211; Les femmes enceintes subissent souvent des changements hormonaux qui entra\u00eenent un assombrissement et un dess\u00e8chement de la peau, mais elles ne peuvent pas utiliser de produits cosm\u00e9tiques. Ainsi, le miel est une m\u00e9thode naturelle, s\u00fbre et tr\u00e8s efficace pour embellir la peau \u00e0 ce stade.<\/p>\n<p style=\"text-align: justify;\">&#8211; L&rsquo;utilisation r\u00e9guli\u00e8re de miel de fleur de caf\u00e9 pendant la grossesse favorise l&rsquo;absorption des nutriments par le f\u0153tus, renforce le syst\u00e8me immunitaire de la m\u00e8re et du b\u00e9b\u00e9, r\u00e9duit les sympt\u00f4mes tels que les naus\u00e9es matinales, la constipation, l&rsquo;an\u00e9mie, etc.<\/p>\n<p style=\"text-align: justify;\">* Le miel de fleur de caf\u00e9 est une m\u00e9thode s\u00fbre de soins de sant\u00e9 :<\/p>\n<p style=\"text-align: justify;\">&#8211; Le miel contient de nombreux enzymes, acides amin\u00e9s, vitamines et min\u00e9raux qui aident le corps \u00e0 lutter contre les virus, renforcent le syst\u00e8me immunitaire, et ont des effets antioxydants efficaces. Ainsi, vous pouvez m\u00e9langer du miel avec de l&rsquo;eau ti\u00e8de et le boire chaque matin.<\/p>\n<p style=\"text-align: justify;\">&#8211; Faire tremper du curcuma frais dans du miel ou m\u00e9langer de la poudre de curcuma avec du miel \u00e0 consommer, cette m\u00e9thode aide \u00e0 r\u00e9duire les liquides gastriques, \u00e0 gu\u00e9rir les ulc\u00e8res gastriques.<\/p>\n<p>=&gt; En particulier, le miel se marie tr\u00e8s bien avec l&rsquo;amidon de curcuma pour produire des comprim\u00e9s de curcuma tr\u00e8s efficaces pour renforcer la sant\u00e9, la beaut\u00e9, d\u00e9toxifier, prot\u00e9ger le foie&#8230;<\/p>\n<h2>Quelques points \u00e0 garder \u00e0 l&rsquo;esprit lors de l&rsquo;utilisation du miel de fleur de caf\u00e9<\/h2>\n<p style=\"text-align: justify;\">&#8211; Conservez tous les types de miel pur, y compris le miel de fleur de caf\u00e9, dans des r\u00e9cipients en verre. \u00c9vitez de stocker le miel dans des contenants en plastique ou en m\u00e9tal, car les acides pr\u00e9sents dans le miel peuvent r\u00e9agir chimiquement et produire des substances nocives pour la sant\u00e9 lors de son utilisation.<\/p>\n<p style=\"text-align: justify;\">&#8211; Les enfants de moins d&rsquo;un an, les personnes ayant des ant\u00e9c\u00e9dents d&rsquo;hypotension, d&rsquo;hypoglyc\u00e9mie, de diab\u00e8te ne doivent utiliser le miel que sur les conseils d&rsquo;un m\u00e9decin.<\/p>\n<p style=\"text-align: justify;\">&#8211; Les femmes enceintes ne devraient pas abuser du miel pour \u00e9viter toute stimulation de l&rsquo;ut\u00e9rus, ce qui pourrait entra\u00eener une fausse couche ou un accouchement pr\u00e9matur\u00e9, ce qui est extr\u00eamement dangereux.<\/p>\n<p style=\"text-align: justify;\">&#8211; Lorsque vous appliquez du miel de fleur de caf\u00e9 sur la peau, essayez-le d&rsquo;abord sur la peau de l&rsquo;avant-bras pour vous assurer de ne pas \u00eatre allergique au pollen.<\/p>\n<p style=\"text-align: justify;\">&#8211; Lorsque vous utilisez du miel comme assaisonnement, ingr\u00e9dient de cuisson ou de pr\u00e9paration de boissons, \u00e9vitez le contact avec des temp\u00e9ratures trop \u00e9lev\u00e9es, car le miel peut br\u00fbler et produire des substances toxiques lorsqu&rsquo;il est consomm\u00e9.<\/p>\n","protected":false},"excerpt":{"rendered":"<p style=\"text-align: justify;\">&#8211; Poids net : 500 ml<br \/>\n&#8211; Type : Miel de fleurs de caf\u00e9 pur<br \/>\n&#8211; Date d&rsquo;expiration : 12 mois<br \/>\n&#8211; Conservation : Apr\u00e8s utilisation, bien fermer le flacon, conserver dans un endroit frais et sec, \u00e0 basse temp\u00e9rature.<br \/>\n&#8211; Le miel de fleurs de caf\u00e9 est un miel naturellement pur, donc tr\u00e8s pur, sans impuret\u00e9s. Il contient de nombreux \u00e9l\u00e9ments b\u00e9n\u00e9fiques pour la sant\u00e9 tels que diverses vitamines, fer, calcium, magn\u00e9sium, zinc&#8230; Il est consid\u00e9r\u00e9 comme une sorte de potion magique pour la sant\u00e9 et la beaut\u00e9 humaine.<\/p>\n<p style=\"text-align: justify;\"><strong>Note<\/strong> : Ce produit n&rsquo;est actuellement disponible que sur le march\u00e9 vietnamien. Si vous \u00eates actuellement au Vietnam et souhaitez acheter, veuillez nous contacter via notre page fan : <a href=\"https:\/\/www.facebook.com\/dnxh.nhamayman\">facebook.com\/dnxh.nhamayman<\/a> ou notre hotline : <span style=\"font-size: 20px;\"><strong><span style=\"color: #ff0000;\">0909 06 25 28<\/span><\/strong><\/span>. Nous vous remercions sinc\u00e8rement !<\/p>\n","protected":false},"featured_media":42100,"template":"","meta":[],"product_brand":[],"product_cat":[201,207],"product_tag":[],"class_list":{"0":"post-35747","1":"product","2":"type-product","3":"status-publish","4":"has-post-thumbnail","6":"product_cat-produits-agricoles-de-dak-nong","7":"product_cat-produits-agricoles-frais","9":"first","10":"instock","11":"shipping-taxable","12":"purchasable","13":"product-type-simple"},"yoast_head":"<!-- This site is optimized with the Yoast SEO Premium plugin v22.7 (Yoast SEO v25.3.1) - https:\/\/yoast.com\/wordpress\/plugins\/seo\/ -->\n<title>Le miel de fleurs de caf\u00e9ier - Nh\u00e0 May M\u1eafn - Maison Chance<\/title>\n<meta name=\"description\" content=\"Le miel de fleurs sauvages est l&#039;un des types de miel les plus purs pr\u00e9f\u00e9r\u00e9s par les consommateurs pour sa douceur riche mais pas \u00e9crasante, sa couleur ambr\u00e9e naturelle et son ar\u00f4me distinctif qui ne peut \u00eatre \u00e9gal\u00e9 par aucun autre type de miel\" \/>\n<meta name=\"robots\" content=\"index, follow, max-snippet:-1, max-image-preview:large, max-video-preview:-1\" \/>\n<link rel=\"canonical\" href=\"https:\/\/maison-chance.org\/shop\/fr\/produit\/le-miel-de-fleurs-de-cafeier\" \/>\n<meta property=\"og:locale\" content=\"fr_FR\" \/>\n<meta property=\"og:type\" content=\"article\" \/>\n<meta property=\"og:title\" content=\"Le miel de fleurs de caf\u00e9ier\" \/>\n<meta property=\"og:description\" content=\"Le miel de fleurs sauvages est l&#039;un des types de miel les plus purs pr\u00e9f\u00e9r\u00e9s par les consommateurs pour sa douceur riche mais pas \u00e9crasante, sa couleur ambr\u00e9e naturelle et son ar\u00f4me distinctif qui ne peut \u00eatre \u00e9gal\u00e9 par aucun autre type de miel\" \/>\n<meta property=\"og:url\" content=\"https:\/\/maison-chance.org\/shop\/fr\/produit\/le-miel-de-fleurs-de-cafeier\" \/>\n<meta property=\"og:site_name\" content=\"Nh\u00e0 May M\u1eafn - Maison Chance\" \/>\n<meta property=\"article:publisher\" content=\"https:\/\/www.facebook.com\/dnxh.nhamayman\/\" \/>\n<meta property=\"article:modified_time\" content=\"2024-11-06T07:26:52+00:00\" \/>\n<meta property=\"og:image\" content=\"https:\/\/maison-chance.org\/shop\/wp-content\/uploads\/2024\/03\/mat-ong-hoa-ca-phe-11-1.png\" \/>\n\t<meta property=\"og:image:width\" content=\"1000\" \/>\n\t<meta property=\"og:image:height\" content=\"1000\" \/>\n\t<meta property=\"og:image:type\" content=\"image\/png\" \/>\n<meta name=\"twitter:card\" content=\"summary_large_image\" \/>\n<meta name=\"twitter:label1\" content=\"Prix\" \/>\n\t<meta name=\"twitter:data1\" content=\"&euro;4.88\" \/>\n\t<meta name=\"twitter:label2\" content=\"Disponibilit\u00e9\" \/>\n\t<meta name=\"twitter:data2\" content=\"En stock\" \/>\n<script type=\"application\/ld+json\" class=\"yoast-schema-graph\">{\"@context\":\"https:\/\/schema.org\",\"@graph\":[{\"@type\":\"WebPage\",\"@id\":\"https:\/\/maison-chance.org\/shop\/fr\/produit\/le-miel-de-fleurs-de-cafeier\",\"url\":\"https:\/\/maison-chance.org\/shop\/fr\/produit\/le-miel-de-fleurs-de-cafeier\",\"name\":\"Le miel de fleurs de caf\u00e9ier - Nh\u00e0 May M\u1eafn - Maison Chance\",\"isPartOf\":{\"@id\":\"https:\/\/maison-chance.org\/shop\/fr#website\"},\"primaryImageOfPage\":{\"@id\":\"https:\/\/maison-chance.org\/shop\/fr\/produit\/le-miel-de-fleurs-de-cafeier#primaryimage\"},\"image\":{\"@id\":\"https:\/\/maison-chance.org\/shop\/fr\/produit\/le-miel-de-fleurs-de-cafeier#primaryimage\"},\"thumbnailUrl\":\"https:\/\/maison-chance.org\/shop\/wp-content\/uploads\/2026\/01\/mat-ong-web.png\",\"datePublished\":\"2024-03-27T14:02:43+00:00\",\"dateModified\":\"2024-11-06T07:26:52+00:00\",\"description\":\"Le miel de fleurs sauvages est l'un des types de miel les plus purs pr\u00e9f\u00e9r\u00e9s par les consommateurs pour sa douceur riche mais pas \u00e9crasante, sa couleur ambr\u00e9e naturelle et son ar\u00f4me distinctif qui ne peut \u00eatre \u00e9gal\u00e9 par aucun autre type de miel\",\"breadcrumb\":{\"@id\":\"https:\/\/maison-chance.org\/shop\/fr\/produit\/le-miel-de-fleurs-de-cafeier#breadcrumb\"},\"inLanguage\":\"fr-FR\",\"potentialAction\":[{\"@type\":\"ReadAction\",\"target\":[\"https:\/\/maison-chance.org\/shop\/fr\/produit\/le-miel-de-fleurs-de-cafeier\"]}]},{\"@type\":\"ImageObject\",\"inLanguage\":\"fr-FR\",\"@id\":\"https:\/\/maison-chance.org\/shop\/fr\/produit\/le-miel-de-fleurs-de-cafeier#primaryimage\",\"url\":\"https:\/\/maison-chance.org\/shop\/wp-content\/uploads\/2026\/01\/mat-ong-web.png\",\"contentUrl\":\"https:\/\/maison-chance.org\/shop\/wp-content\/uploads\/2026\/01\/mat-ong-web.png\",\"width\":1080,\"height\":1080},{\"@type\":\"BreadcrumbList\",\"@id\":\"https:\/\/maison-chance.org\/shop\/fr\/produit\/le-miel-de-fleurs-de-cafeier#breadcrumb\",\"itemListElement\":[{\"@type\":\"ListItem\",\"position\":1,\"name\":\"Trang ch\u1ee7\",\"item\":\"https:\/\/maison-chance.org\/shop\/fr\"},{\"@type\":\"ListItem\",\"position\":2,\"name\":\"Boutique\",\"item\":\"https:\/\/maison-chance.org\/shop\/shop\"},{\"@type\":\"ListItem\",\"position\":3,\"name\":\"Le miel de fleurs de caf\u00e9ier\"}]},{\"@type\":\"WebSite\",\"@id\":\"https:\/\/maison-chance.org\/shop\/fr#website\",\"url\":\"https:\/\/maison-chance.org\/shop\/fr\",\"name\":\"Nh\u00e0 May M\u1eafn - Maison Chance\",\"description\":\"M\u1ecdi l\u1ee3i nhu\u1eadn thu v\u1ec1 t\u1eeb vi\u1ec7c b\u00e1n h\u00e0ng s\u1ebd tr\u00edch m\u1ed9t ph\u1ea7n \u0111\u1ec3 ch\u0103m lo cho \u0111\u1eddi s\u1ed1ng c\u00e1c b\u1ea1n khuy\u1ebft t\u1eadt v\u00e0 tr\u1ebb m\u1ed3 c\u00f4i \u1edf \u0111\u00e2y\",\"publisher\":{\"@id\":\"https:\/\/maison-chance.org\/shop\/fr#organization\"},\"potentialAction\":[{\"@type\":\"SearchAction\",\"target\":{\"@type\":\"EntryPoint\",\"urlTemplate\":\"https:\/\/maison-chance.org\/shop\/fr?s={search_term_string}\"},\"query-input\":{\"@type\":\"PropertyValueSpecification\",\"valueRequired\":true,\"valueName\":\"search_term_string\"}}],\"inLanguage\":\"fr-FR\"},{\"@type\":\"Organization\",\"@id\":\"https:\/\/maison-chance.org\/shop\/fr#organization\",\"name\":\"Nh\u00e0 May M\u1eafn - Maison Chance\",\"url\":\"https:\/\/maison-chance.org\/shop\/fr\",\"logo\":{\"@type\":\"ImageObject\",\"inLanguage\":\"fr-FR\",\"@id\":\"https:\/\/maison-chance.org\/shop\/fr#\/schema\/logo\/image\/\",\"url\":\"https:\/\/maison-chance.org\/shop\/wp-content\/uploads\/2024\/03\/cropped-Logo_DNXH.png\",\"contentUrl\":\"https:\/\/maison-chance.org\/shop\/wp-content\/uploads\/2024\/03\/cropped-Logo_DNXH.png\",\"width\":512,\"height\":512,\"caption\":\"Nh\u00e0 May M\u1eafn - Maison Chance\"},\"image\":{\"@id\":\"https:\/\/maison-chance.org\/shop\/fr#\/schema\/logo\/image\/\"},\"sameAs\":[\"https:\/\/www.facebook.com\/dnxh.nhamayman\/\"]}]}<\/script>\n<meta property=\"product:price:amount\" content=\"4.88\" \/>\n<meta property=\"product:price:currency\" content=\"EUR\" \/>\n<meta property=\"og:availability\" content=\"instock\" \/>\n<meta property=\"product:availability\" content=\"instock\" \/>\n<meta property=\"product:condition\" content=\"new\" \/>\n<!-- \/ Yoast SEO Premium plugin. -->","yoast_head_json":{"title":"Le miel de fleurs de caf\u00e9ier - Nh\u00e0 May M\u1eafn - Maison Chance","description":"Le miel de fleurs sauvages est l'un des types de miel les plus purs pr\u00e9f\u00e9r\u00e9s par les consommateurs pour sa douceur riche mais pas \u00e9crasante, sa couleur ambr\u00e9e naturelle et son ar\u00f4me distinctif qui ne peut \u00eatre \u00e9gal\u00e9 par aucun autre type de miel","robots":{"index":"index","follow":"follow","max-snippet":"max-snippet:-1","max-image-preview":"max-image-preview:large","max-video-preview":"max-video-preview:-1"},"canonical":"https:\/\/maison-chance.org\/shop\/fr\/produit\/le-miel-de-fleurs-de-cafeier","og_locale":"fr_FR","og_type":"article","og_title":"Le miel de fleurs de caf\u00e9ier","og_description":"Le miel de fleurs sauvages est l'un des types de miel les plus purs pr\u00e9f\u00e9r\u00e9s par les consommateurs pour sa douceur riche mais pas \u00e9crasante, sa couleur ambr\u00e9e naturelle et son ar\u00f4me distinctif qui ne peut \u00eatre \u00e9gal\u00e9 par aucun autre type de miel","og_url":"https:\/\/maison-chance.org\/shop\/fr\/produit\/le-miel-de-fleurs-de-cafeier","og_site_name":"Nh\u00e0 May M\u1eafn - Maison Chance","article_publisher":"https:\/\/www.facebook.com\/dnxh.nhamayman\/","article_modified_time":"2024-11-06T07:26:52+00:00","og_image":[{"width":1000,"height":1000,"url":"https:\/\/maison-chance.org\/shop\/wp-content\/uploads\/2024\/03\/mat-ong-hoa-ca-phe-11-1.png","type":"image\/png"}],"twitter_card":"summary_large_image","twitter_misc":{"Prix":"&euro;4.88","Disponibilit\u00e9":"En stock"},"schema":{"@context":"https:\/\/schema.org","@graph":[{"@type":"WebPage","@id":"https:\/\/maison-chance.org\/shop\/fr\/produit\/le-miel-de-fleurs-de-cafeier","url":"https:\/\/maison-chance.org\/shop\/fr\/produit\/le-miel-de-fleurs-de-cafeier","name":"Le miel de fleurs de caf\u00e9ier - Nh\u00e0 May M\u1eafn - Maison Chance","isPartOf":{"@id":"https:\/\/maison-chance.org\/shop\/fr#website"},"primaryImageOfPage":{"@id":"https:\/\/maison-chance.org\/shop\/fr\/produit\/le-miel-de-fleurs-de-cafeier#primaryimage"},"image":{"@id":"https:\/\/maison-chance.org\/shop\/fr\/produit\/le-miel-de-fleurs-de-cafeier#primaryimage"},"thumbnailUrl":"https:\/\/maison-chance.org\/shop\/wp-content\/uploads\/2026\/01\/mat-ong-web.png","datePublished":"2024-03-27T14:02:43+00:00","dateModified":"2024-11-06T07:26:52+00:00","description":"Le miel de fleurs sauvages est l'un des types de miel les plus purs pr\u00e9f\u00e9r\u00e9s par les consommateurs pour sa douceur riche mais pas \u00e9crasante, sa couleur ambr\u00e9e naturelle et son ar\u00f4me distinctif qui ne peut \u00eatre \u00e9gal\u00e9 par aucun autre type de miel","breadcrumb":{"@id":"https:\/\/maison-chance.org\/shop\/fr\/produit\/le-miel-de-fleurs-de-cafeier#breadcrumb"},"inLanguage":"fr-FR","potentialAction":[{"@type":"ReadAction","target":["https:\/\/maison-chance.org\/shop\/fr\/produit\/le-miel-de-fleurs-de-cafeier"]}]},{"@type":"ImageObject","inLanguage":"fr-FR","@id":"https:\/\/maison-chance.org\/shop\/fr\/produit\/le-miel-de-fleurs-de-cafeier#primaryimage","url":"https:\/\/maison-chance.org\/shop\/wp-content\/uploads\/2026\/01\/mat-ong-web.png","contentUrl":"https:\/\/maison-chance.org\/shop\/wp-content\/uploads\/2026\/01\/mat-ong-web.png","width":1080,"height":1080},{"@type":"BreadcrumbList","@id":"https:\/\/maison-chance.org\/shop\/fr\/produit\/le-miel-de-fleurs-de-cafeier#breadcrumb","itemListElement":[{"@type":"ListItem","position":1,"name":"Trang ch\u1ee7","item":"https:\/\/maison-chance.org\/shop\/fr"},{"@type":"ListItem","position":2,"name":"Boutique","item":"https:\/\/maison-chance.org\/shop\/shop"},{"@type":"ListItem","position":3,"name":"Le miel de fleurs de caf\u00e9ier"}]},{"@type":"WebSite","@id":"https:\/\/maison-chance.org\/shop\/fr#website","url":"https:\/\/maison-chance.org\/shop\/fr","name":"Nh\u00e0 May M\u1eafn - Maison Chance","description":"M\u1ecdi l\u1ee3i nhu\u1eadn thu v\u1ec1 t\u1eeb vi\u1ec7c b\u00e1n h\u00e0ng s\u1ebd tr\u00edch m\u1ed9t ph\u1ea7n \u0111\u1ec3 ch\u0103m lo cho \u0111\u1eddi s\u1ed1ng c\u00e1c b\u1ea1n khuy\u1ebft t\u1eadt v\u00e0 tr\u1ebb m\u1ed3 c\u00f4i \u1edf \u0111\u00e2y","publisher":{"@id":"https:\/\/maison-chance.org\/shop\/fr#organization"},"potentialAction":[{"@type":"SearchAction","target":{"@type":"EntryPoint","urlTemplate":"https:\/\/maison-chance.org\/shop\/fr?s={search_term_string}"},"query-input":{"@type":"PropertyValueSpecification","valueRequired":true,"valueName":"search_term_string"}}],"inLanguage":"fr-FR"},{"@type":"Organization","@id":"https:\/\/maison-chance.org\/shop\/fr#organization","name":"Nh\u00e0 May M\u1eafn - Maison Chance","url":"https:\/\/maison-chance.org\/shop\/fr","logo":{"@type":"ImageObject","inLanguage":"fr-FR","@id":"https:\/\/maison-chance.org\/shop\/fr#\/schema\/logo\/image\/","url":"https:\/\/maison-chance.org\/shop\/wp-content\/uploads\/2024\/03\/cropped-Logo_DNXH.png","contentUrl":"https:\/\/maison-chance.org\/shop\/wp-content\/uploads\/2024\/03\/cropped-Logo_DNXH.png","width":512,"height":512,"caption":"Nh\u00e0 May M\u1eafn - Maison Chance"},"image":{"@id":"https:\/\/maison-chance.org\/shop\/fr#\/schema\/logo\/image\/"},"sameAs":["https:\/\/www.facebook.com\/dnxh.nhamayman\/"]}]},"product_price_amount":"4.88","product_price_currency":"EUR","og_availability":"instock","product_availability":"instock","product_condition":"new"},"_links":{"self":[{"href":"https:\/\/maison-chance.org\/shop\/fr\/wp-json\/wp\/v2\/product\/35747","targetHints":{"allow":["GET"]}}],"collection":[{"href":"https:\/\/maison-chance.org\/shop\/fr\/wp-json\/wp\/v2\/product"}],"about":[{"href":"https:\/\/maison-chance.org\/shop\/fr\/wp-json\/wp\/v2\/types\/product"}],"wp:featuredmedia":[{"embeddable":true,"href":"https:\/\/maison-chance.org\/shop\/fr\/wp-json\/wp\/v2\/media\/42100"}],"wp:attachment":[{"href":"https:\/\/maison-chance.org\/shop\/fr\/wp-json\/wp\/v2\/media?parent=35747"}],"wp:term":[{"taxonomy":"product_brand","embeddable":true,"href":"https:\/\/maison-chance.org\/shop\/fr\/wp-json\/wp\/v2\/product_brand?post=35747"},{"taxonomy":"product_cat","embeddable":true,"href":"https:\/\/maison-chance.org\/shop\/fr\/wp-json\/wp\/v2\/product_cat?post=35747"},{"taxonomy":"product_tag","embeddable":true,"href":"https:\/\/maison-chance.org\/shop\/fr\/wp-json\/wp\/v2\/product_tag?post=35747"}],"curies":[{"name":"wp","href":"https:\/\/api.w.org\/{rel}","templated":true}]}}