{"id":35757,"date":"2024-03-27T21:12:08","date_gmt":"2024-03-27T14:12:08","guid":{"rendered":"https:\/\/maison-chance.org\/shop\/san-pham\/noix-de-cajou-sechees-de-maison-chance-dak-nong"},"modified":"2024-11-06T14:08:53","modified_gmt":"2024-11-06T07:08:53","slug":"noix-de-cajou-sechees-de-maison-chance-dak-nong","status":"publish","type":"product","link":"https:\/\/maison-chance.org\/shop\/fr\/produit\/noix-de-cajou-sechees-de-maison-chance-dak-nong","title":{"rendered":"Noix de cajou s\u00e9ch\u00e9es de Maison Chance Dak Nong"},"content":{"rendered":"<p style=\"text-align: center;\"><strong>NOIX DE CAJOU S\u00c9CH\u00c9ES 100% BIO ET D\u2019ORIGINE NATURELLE<\/strong><\/p>\n<p>Les noix de cajou sont riches en nutriments avec de nombreux avantages pour la sant\u00e9. Les noix de cajou sont riches en prot\u00e9ines, en graisses mono et polyinsatur\u00e9es, en fibres, en antioxydants et en min\u00e9raux organiques facilement absorb\u00e9s comme le magn\u00e9sium, le cuivre, le zinc, le fer, le calcium, entre autres.<\/p>\n<p>De plus, les noix de cajou sont b\u00e9n\u00e9fiques pour la sant\u00e9 cardiaque car elles contiennent une grande quantit\u00e9 d&rsquo;acide ol\u00e9ique (une graisse insatur\u00e9e qui aide \u00e0 pr\u00e9venir les maladies cardiovasculaires). De plus, les noix de cajou sont riches en cuivre, ce qui am\u00e9liore consid\u00e9rablement la couleur et la douceur des cheveux. \u00c9tant donn\u00e9 que les noix de cajou sont riches en graisses insatur\u00e9es, leur consommation r\u00e9guli\u00e8re aide \u00e0 perdre du poids.<\/p>\n<p>L\u2019objectif \u00e9tant de cr\u00e9er sa propre marque afin de cr\u00e9er des emplois et des revenus pour les personnes en situation de\u00a0 handicap tout en am\u00e9liorant leur qualit\u00e9 de vie.<\/p>\n<p>Maison Chance a donc commenc\u00e9 \u00e0 rechercher un fournisseur fiable de noix de cajou de bonne qualit\u00e9, ainsi que des conseils sur le processus de production et sur la mani\u00e8re de les emballer et de les conserver.<\/p>\n<p>Avec pour objectif de fournir un produit de haute qualit\u00e9 et un bien-\u00eatre \u00e0 long terme, les b\u00e9n\u00e9ficiaires en situation de handicap s\u00e9lectionnent soigneusement les noix de cajou brutes puis les filtrent pour avoir des noix de cajou pures et d\u00e9licieuses.<\/p>\n<p><strong>Les produits Maison Chance NE contiennent AUCUN des \u00e9l\u00e9ments suivants :<\/strong><\/p>\n<ul>\n<li><strong>CONSERVATEURS<\/strong><\/li>\n<li><strong>D\u00c9TERGENTS<\/strong><\/li>\n<li><strong>AUTRES PRODUITS CHIMIQUES<\/strong><\/li>\n<\/ul>\n<p>Les noix de cajou sont consomm\u00e9es comme collation quotidienne, mais elles peuvent \u00e9galement \u00eatre cuites de diff\u00e9rentes mani\u00e8res, notamment en les faisant sauter, en les faisant braiser, en es ajoutant au riz, en pr\u00e9parant une sauce aux noix de cajou pour les salades et la garniture de produits de boulangerie \u00e0 base de noix de cajou. Le lait de cajou est aussi tr\u00e8s populaire en raison de son parfum, de sa douceur et de sa teneur en mati\u00e8res grasses.<\/p>\n<p><em>\u00ab\u00a0Une grande partie des revenus de l&rsquo;organisation sera utilis\u00e9e au profit des b\u00e9n\u00e9ficiaires de la Maison Chance, tandis que le reste sera utilis\u00e9 pour faire fonctionner l&rsquo;ONG et couvrir d&rsquo;autres d\u00e9penses.\u00a0\u00bb<\/em><\/p>\n","protected":false},"excerpt":{"rendered":"<p>\u2013 Poids net : 250 gr<br \/>\n\u2013 Type : noix de cajou d\u00e9cortiqu\u00e9es (sans coque)<br \/>\n\u2013 Date avant expiration : 6 mois<br \/>\n\u2013 Stockage : apr\u00e8s chaque utilisation, fermer herm\u00e9tiquement le sac \u00e0 fermeture \u00e9clair et le conserver dans un endroit frais et sec \u00e0 l\u2019abri de la lumi\u00e8re.<br \/>\n\u2013 Les noix de cajou sont b\u00e9n\u00e9fiques pour le c\u0153ur, le syst\u00e8me neurologique et les muscles, ainsi que pour la formation de globules rouges et la fonction osseuse et dentaire.<\/p>\n<p style=\"text-align: justify;\"><strong>Note<\/strong> : Ce produit n&rsquo;est actuellement disponible que sur le march\u00e9 vietnamien. Si vous \u00eates actuellement au Vietnam et souhaitez acheter, veuillez nous contacter via notre page fan : <a href=\"https:\/\/www.facebook.com\/dnxh.nhamayman\">facebook.com\/dnxh.nhamayman<\/a> ou notre hotline : <span style=\"font-size: 20px;\"><strong><span style=\"color: #ff0000;\">0909 06 25 28<\/span><\/strong><\/span>. Nous vous remercions sinc\u00e8rement !<\/p>\n","protected":false},"featured_media":42096,"template":"","meta":[],"product_brand":[],"product_cat":[201,204],"product_tag":[],"class_list":{"0":"post-35757","1":"product","2":"type-product","3":"status-publish","4":"has-post-thumbnail","6":"product_cat-produits-agricoles-de-dak-nong","7":"product_cat-produits-agricoles-seches","9":"first","10":"instock","11":"shipping-taxable","12":"purchasable","13":"product-type-simple"},"yoast_head":"<!-- This site is optimized with the Yoast SEO Premium plugin v22.7 (Yoast SEO v25.3.1) - https:\/\/yoast.com\/wordpress\/plugins\/seo\/ -->\n<title>Noix de cajou s\u00e9ch\u00e9es de Maison Chance Dak Nong - Nh\u00e0 May M\u1eafn - Maison Chance<\/title>\n<meta name=\"description\" content=\"Les noix de cajou grill\u00e9es par Lucky House Dak Nong sont l&#039;un des fruits secs tr\u00e8s nutritifs pour la sant\u00e9. Les fr\u00e8res et s\u0153urs handicap\u00e9s ici ont continuellement soigneusement filtr\u00e9 \u00e0 partir de 4,5 kg de noix de cajou brutes apr\u00e8s avoir \u00e9t\u00e9 m\u00e9ticuleusement s\u00e9lectionn\u00e9es pour produire 1 kg de noix de cajou finies, propres, belles et d\u00e9licieusement parfum\u00e9es.\" \/>\n<meta name=\"robots\" content=\"index, follow, max-snippet:-1, max-image-preview:large, max-video-preview:-1\" \/>\n<link rel=\"canonical\" href=\"https:\/\/maison-chance.org\/shop\/fr\/produit\/noix-de-cajou-sechees-de-maison-chance-dak-nong\" \/>\n<meta property=\"og:locale\" content=\"fr_FR\" \/>\n<meta property=\"og:type\" content=\"article\" \/>\n<meta property=\"og:title\" content=\"Noix de cajou s\u00e9ch\u00e9es de Maison Chance Dak Nong\" \/>\n<meta property=\"og:description\" content=\"Les noix de cajou grill\u00e9es par Lucky House Dak Nong sont l&#039;un des fruits secs tr\u00e8s nutritifs pour la sant\u00e9. Les fr\u00e8res et s\u0153urs handicap\u00e9s ici ont continuellement soigneusement filtr\u00e9 \u00e0 partir de 4,5 kg de noix de cajou brutes apr\u00e8s avoir \u00e9t\u00e9 m\u00e9ticuleusement s\u00e9lectionn\u00e9es pour produire 1 kg de noix de cajou finies, propres, belles et d\u00e9licieusement parfum\u00e9es.\" \/>\n<meta property=\"og:url\" content=\"https:\/\/maison-chance.org\/shop\/fr\/produit\/noix-de-cajou-sechees-de-maison-chance-dak-nong\" \/>\n<meta property=\"og:site_name\" content=\"Nh\u00e0 May M\u1eafn - Maison Chance\" \/>\n<meta property=\"article:publisher\" content=\"https:\/\/www.facebook.com\/dnxh.nhamayman\/\" \/>\n<meta property=\"article:modified_time\" content=\"2024-11-06T07:08:53+00:00\" \/>\n<meta property=\"og:image\" content=\"https:\/\/maison-chance.org\/shop\/wp-content\/uploads\/2024\/03\/hat-dieu-say-1.jpg\" \/>\n\t<meta property=\"og:image:width\" content=\"1000\" \/>\n\t<meta property=\"og:image:height\" content=\"1000\" \/>\n\t<meta property=\"og:image:type\" content=\"image\/jpeg\" \/>\n<meta name=\"twitter:card\" content=\"summary_large_image\" \/>\n<meta name=\"twitter:label1\" content=\"Prix\" \/>\n\t<meta name=\"twitter:data1\" content=\"&euro;3.40\" \/>\n\t<meta name=\"twitter:label2\" content=\"Disponibilit\u00e9\" \/>\n\t<meta name=\"twitter:data2\" content=\"En stock\" \/>\n<script type=\"application\/ld+json\" class=\"yoast-schema-graph\">{\"@context\":\"https:\/\/schema.org\",\"@graph\":[{\"@type\":\"WebPage\",\"@id\":\"https:\/\/maison-chance.org\/shop\/fr\/produit\/noix-de-cajou-sechees-de-maison-chance-dak-nong\",\"url\":\"https:\/\/maison-chance.org\/shop\/fr\/produit\/noix-de-cajou-sechees-de-maison-chance-dak-nong\",\"name\":\"Noix de cajou s\u00e9ch\u00e9es de Maison Chance Dak Nong - Nh\u00e0 May M\u1eafn - Maison Chance\",\"isPartOf\":{\"@id\":\"https:\/\/maison-chance.org\/shop\/fr#website\"},\"primaryImageOfPage\":{\"@id\":\"https:\/\/maison-chance.org\/shop\/fr\/produit\/noix-de-cajou-sechees-de-maison-chance-dak-nong#primaryimage\"},\"image\":{\"@id\":\"https:\/\/maison-chance.org\/shop\/fr\/produit\/noix-de-cajou-sechees-de-maison-chance-dak-nong#primaryimage\"},\"thumbnailUrl\":\"https:\/\/maison-chance.org\/shop\/wp-content\/uploads\/2026\/01\/hat-dieu-say-web.png\",\"datePublished\":\"2024-03-27T14:12:08+00:00\",\"dateModified\":\"2024-11-06T07:08:53+00:00\",\"description\":\"Les noix de cajou grill\u00e9es par Lucky House Dak Nong sont l'un des fruits secs tr\u00e8s nutritifs pour la sant\u00e9. Les fr\u00e8res et s\u0153urs handicap\u00e9s ici ont continuellement soigneusement filtr\u00e9 \u00e0 partir de 4,5 kg de noix de cajou brutes apr\u00e8s avoir \u00e9t\u00e9 m\u00e9ticuleusement s\u00e9lectionn\u00e9es pour produire 1 kg de noix de cajou finies, propres, belles et d\u00e9licieusement parfum\u00e9es.\",\"breadcrumb\":{\"@id\":\"https:\/\/maison-chance.org\/shop\/fr\/produit\/noix-de-cajou-sechees-de-maison-chance-dak-nong#breadcrumb\"},\"inLanguage\":\"fr-FR\",\"potentialAction\":[{\"@type\":\"ReadAction\",\"target\":[\"https:\/\/maison-chance.org\/shop\/fr\/produit\/noix-de-cajou-sechees-de-maison-chance-dak-nong\"]}]},{\"@type\":\"ImageObject\",\"inLanguage\":\"fr-FR\",\"@id\":\"https:\/\/maison-chance.org\/shop\/fr\/produit\/noix-de-cajou-sechees-de-maison-chance-dak-nong#primaryimage\",\"url\":\"https:\/\/maison-chance.org\/shop\/wp-content\/uploads\/2026\/01\/hat-dieu-say-web.png\",\"contentUrl\":\"https:\/\/maison-chance.org\/shop\/wp-content\/uploads\/2026\/01\/hat-dieu-say-web.png\",\"width\":1080,\"height\":1080},{\"@type\":\"BreadcrumbList\",\"@id\":\"https:\/\/maison-chance.org\/shop\/fr\/produit\/noix-de-cajou-sechees-de-maison-chance-dak-nong#breadcrumb\",\"itemListElement\":[{\"@type\":\"ListItem\",\"position\":1,\"name\":\"Trang ch\u1ee7\",\"item\":\"https:\/\/maison-chance.org\/shop\/fr\"},{\"@type\":\"ListItem\",\"position\":2,\"name\":\"Boutique\",\"item\":\"https:\/\/maison-chance.org\/shop\/shop\"},{\"@type\":\"ListItem\",\"position\":3,\"name\":\"Noix de cajou s\u00e9ch\u00e9es de Maison Chance Dak Nong\"}]},{\"@type\":\"WebSite\",\"@id\":\"https:\/\/maison-chance.org\/shop\/fr#website\",\"url\":\"https:\/\/maison-chance.org\/shop\/fr\",\"name\":\"Nh\u00e0 May M\u1eafn - Maison Chance\",\"description\":\"M\u1ecdi l\u1ee3i nhu\u1eadn thu v\u1ec1 t\u1eeb vi\u1ec7c b\u00e1n h\u00e0ng s\u1ebd tr\u00edch m\u1ed9t ph\u1ea7n \u0111\u1ec3 ch\u0103m lo cho \u0111\u1eddi s\u1ed1ng c\u00e1c b\u1ea1n khuy\u1ebft t\u1eadt v\u00e0 tr\u1ebb m\u1ed3 c\u00f4i \u1edf \u0111\u00e2y\",\"publisher\":{\"@id\":\"https:\/\/maison-chance.org\/shop\/fr#organization\"},\"potentialAction\":[{\"@type\":\"SearchAction\",\"target\":{\"@type\":\"EntryPoint\",\"urlTemplate\":\"https:\/\/maison-chance.org\/shop\/fr?s={search_term_string}\"},\"query-input\":{\"@type\":\"PropertyValueSpecification\",\"valueRequired\":true,\"valueName\":\"search_term_string\"}}],\"inLanguage\":\"fr-FR\"},{\"@type\":\"Organization\",\"@id\":\"https:\/\/maison-chance.org\/shop\/fr#organization\",\"name\":\"Nh\u00e0 May M\u1eafn - Maison Chance\",\"url\":\"https:\/\/maison-chance.org\/shop\/fr\",\"logo\":{\"@type\":\"ImageObject\",\"inLanguage\":\"fr-FR\",\"@id\":\"https:\/\/maison-chance.org\/shop\/fr#\/schema\/logo\/image\/\",\"url\":\"https:\/\/maison-chance.org\/shop\/wp-content\/uploads\/2024\/03\/cropped-Logo_DNXH.png\",\"contentUrl\":\"https:\/\/maison-chance.org\/shop\/wp-content\/uploads\/2024\/03\/cropped-Logo_DNXH.png\",\"width\":512,\"height\":512,\"caption\":\"Nh\u00e0 May M\u1eafn - Maison Chance\"},\"image\":{\"@id\":\"https:\/\/maison-chance.org\/shop\/fr#\/schema\/logo\/image\/\"},\"sameAs\":[\"https:\/\/www.facebook.com\/dnxh.nhamayman\/\"]}]}<\/script>\n<meta property=\"product:price:amount\" content=\"3.40\" \/>\n<meta property=\"product:price:currency\" content=\"EUR\" \/>\n<meta property=\"og:availability\" content=\"instock\" \/>\n<meta property=\"product:availability\" content=\"instock\" \/>\n<meta property=\"product:condition\" content=\"new\" \/>\n<!-- \/ Yoast SEO Premium plugin. -->","yoast_head_json":{"title":"Noix de cajou s\u00e9ch\u00e9es de Maison Chance Dak Nong - Nh\u00e0 May M\u1eafn - Maison Chance","description":"Les noix de cajou grill\u00e9es par Lucky House Dak Nong sont l'un des fruits secs tr\u00e8s nutritifs pour la sant\u00e9. Les fr\u00e8res et s\u0153urs handicap\u00e9s ici ont continuellement soigneusement filtr\u00e9 \u00e0 partir de 4,5 kg de noix de cajou brutes apr\u00e8s avoir \u00e9t\u00e9 m\u00e9ticuleusement s\u00e9lectionn\u00e9es pour produire 1 kg de noix de cajou finies, propres, belles et d\u00e9licieusement parfum\u00e9es.","robots":{"index":"index","follow":"follow","max-snippet":"max-snippet:-1","max-image-preview":"max-image-preview:large","max-video-preview":"max-video-preview:-1"},"canonical":"https:\/\/maison-chance.org\/shop\/fr\/produit\/noix-de-cajou-sechees-de-maison-chance-dak-nong","og_locale":"fr_FR","og_type":"article","og_title":"Noix de cajou s\u00e9ch\u00e9es de Maison Chance Dak Nong","og_description":"Les noix de cajou grill\u00e9es par Lucky House Dak Nong sont l'un des fruits secs tr\u00e8s nutritifs pour la sant\u00e9. Les fr\u00e8res et s\u0153urs handicap\u00e9s ici ont continuellement soigneusement filtr\u00e9 \u00e0 partir de 4,5 kg de noix de cajou brutes apr\u00e8s avoir \u00e9t\u00e9 m\u00e9ticuleusement s\u00e9lectionn\u00e9es pour produire 1 kg de noix de cajou finies, propres, belles et d\u00e9licieusement parfum\u00e9es.","og_url":"https:\/\/maison-chance.org\/shop\/fr\/produit\/noix-de-cajou-sechees-de-maison-chance-dak-nong","og_site_name":"Nh\u00e0 May M\u1eafn - Maison Chance","article_publisher":"https:\/\/www.facebook.com\/dnxh.nhamayman\/","article_modified_time":"2024-11-06T07:08:53+00:00","og_image":[{"width":1000,"height":1000,"url":"https:\/\/maison-chance.org\/shop\/wp-content\/uploads\/2024\/03\/hat-dieu-say-1.jpg","type":"image\/jpeg"}],"twitter_card":"summary_large_image","twitter_misc":{"Prix":"&euro;3.40","Disponibilit\u00e9":"En stock"},"schema":{"@context":"https:\/\/schema.org","@graph":[{"@type":"WebPage","@id":"https:\/\/maison-chance.org\/shop\/fr\/produit\/noix-de-cajou-sechees-de-maison-chance-dak-nong","url":"https:\/\/maison-chance.org\/shop\/fr\/produit\/noix-de-cajou-sechees-de-maison-chance-dak-nong","name":"Noix de cajou s\u00e9ch\u00e9es de Maison Chance Dak Nong - Nh\u00e0 May M\u1eafn - Maison Chance","isPartOf":{"@id":"https:\/\/maison-chance.org\/shop\/fr#website"},"primaryImageOfPage":{"@id":"https:\/\/maison-chance.org\/shop\/fr\/produit\/noix-de-cajou-sechees-de-maison-chance-dak-nong#primaryimage"},"image":{"@id":"https:\/\/maison-chance.org\/shop\/fr\/produit\/noix-de-cajou-sechees-de-maison-chance-dak-nong#primaryimage"},"thumbnailUrl":"https:\/\/maison-chance.org\/shop\/wp-content\/uploads\/2026\/01\/hat-dieu-say-web.png","datePublished":"2024-03-27T14:12:08+00:00","dateModified":"2024-11-06T07:08:53+00:00","description":"Les noix de cajou grill\u00e9es par Lucky House Dak Nong sont l'un des fruits secs tr\u00e8s nutritifs pour la sant\u00e9. Les fr\u00e8res et s\u0153urs handicap\u00e9s ici ont continuellement soigneusement filtr\u00e9 \u00e0 partir de 4,5 kg de noix de cajou brutes apr\u00e8s avoir \u00e9t\u00e9 m\u00e9ticuleusement s\u00e9lectionn\u00e9es pour produire 1 kg de noix de cajou finies, propres, belles et d\u00e9licieusement parfum\u00e9es.","breadcrumb":{"@id":"https:\/\/maison-chance.org\/shop\/fr\/produit\/noix-de-cajou-sechees-de-maison-chance-dak-nong#breadcrumb"},"inLanguage":"fr-FR","potentialAction":[{"@type":"ReadAction","target":["https:\/\/maison-chance.org\/shop\/fr\/produit\/noix-de-cajou-sechees-de-maison-chance-dak-nong"]}]},{"@type":"ImageObject","inLanguage":"fr-FR","@id":"https:\/\/maison-chance.org\/shop\/fr\/produit\/noix-de-cajou-sechees-de-maison-chance-dak-nong#primaryimage","url":"https:\/\/maison-chance.org\/shop\/wp-content\/uploads\/2026\/01\/hat-dieu-say-web.png","contentUrl":"https:\/\/maison-chance.org\/shop\/wp-content\/uploads\/2026\/01\/hat-dieu-say-web.png","width":1080,"height":1080},{"@type":"BreadcrumbList","@id":"https:\/\/maison-chance.org\/shop\/fr\/produit\/noix-de-cajou-sechees-de-maison-chance-dak-nong#breadcrumb","itemListElement":[{"@type":"ListItem","position":1,"name":"Trang ch\u1ee7","item":"https:\/\/maison-chance.org\/shop\/fr"},{"@type":"ListItem","position":2,"name":"Boutique","item":"https:\/\/maison-chance.org\/shop\/shop"},{"@type":"ListItem","position":3,"name":"Noix de cajou s\u00e9ch\u00e9es de Maison Chance Dak Nong"}]},{"@type":"WebSite","@id":"https:\/\/maison-chance.org\/shop\/fr#website","url":"https:\/\/maison-chance.org\/shop\/fr","name":"Nh\u00e0 May M\u1eafn - Maison Chance","description":"M\u1ecdi l\u1ee3i nhu\u1eadn thu v\u1ec1 t\u1eeb vi\u1ec7c b\u00e1n h\u00e0ng s\u1ebd tr\u00edch m\u1ed9t ph\u1ea7n \u0111\u1ec3 ch\u0103m lo cho \u0111\u1eddi s\u1ed1ng c\u00e1c b\u1ea1n khuy\u1ebft t\u1eadt v\u00e0 tr\u1ebb m\u1ed3 c\u00f4i \u1edf \u0111\u00e2y","publisher":{"@id":"https:\/\/maison-chance.org\/shop\/fr#organization"},"potentialAction":[{"@type":"SearchAction","target":{"@type":"EntryPoint","urlTemplate":"https:\/\/maison-chance.org\/shop\/fr?s={search_term_string}"},"query-input":{"@type":"PropertyValueSpecification","valueRequired":true,"valueName":"search_term_string"}}],"inLanguage":"fr-FR"},{"@type":"Organization","@id":"https:\/\/maison-chance.org\/shop\/fr#organization","name":"Nh\u00e0 May M\u1eafn - Maison Chance","url":"https:\/\/maison-chance.org\/shop\/fr","logo":{"@type":"ImageObject","inLanguage":"fr-FR","@id":"https:\/\/maison-chance.org\/shop\/fr#\/schema\/logo\/image\/","url":"https:\/\/maison-chance.org\/shop\/wp-content\/uploads\/2024\/03\/cropped-Logo_DNXH.png","contentUrl":"https:\/\/maison-chance.org\/shop\/wp-content\/uploads\/2024\/03\/cropped-Logo_DNXH.png","width":512,"height":512,"caption":"Nh\u00e0 May M\u1eafn - Maison Chance"},"image":{"@id":"https:\/\/maison-chance.org\/shop\/fr#\/schema\/logo\/image\/"},"sameAs":["https:\/\/www.facebook.com\/dnxh.nhamayman\/"]}]},"product_price_amount":"3.40","product_price_currency":"EUR","og_availability":"instock","product_availability":"instock","product_condition":"new"},"_links":{"self":[{"href":"https:\/\/maison-chance.org\/shop\/fr\/wp-json\/wp\/v2\/product\/35757","targetHints":{"allow":["GET"]}}],"collection":[{"href":"https:\/\/maison-chance.org\/shop\/fr\/wp-json\/wp\/v2\/product"}],"about":[{"href":"https:\/\/maison-chance.org\/shop\/fr\/wp-json\/wp\/v2\/types\/product"}],"wp:featuredmedia":[{"embeddable":true,"href":"https:\/\/maison-chance.org\/shop\/fr\/wp-json\/wp\/v2\/media\/42096"}],"wp:attachment":[{"href":"https:\/\/maison-chance.org\/shop\/fr\/wp-json\/wp\/v2\/media?parent=35757"}],"wp:term":[{"taxonomy":"product_brand","embeddable":true,"href":"https:\/\/maison-chance.org\/shop\/fr\/wp-json\/wp\/v2\/product_brand?post=35757"},{"taxonomy":"product_cat","embeddable":true,"href":"https:\/\/maison-chance.org\/shop\/fr\/wp-json\/wp\/v2\/product_cat?post=35757"},{"taxonomy":"product_tag","embeddable":true,"href":"https:\/\/maison-chance.org\/shop\/fr\/wp-json\/wp\/v2\/product_tag?post=35757"}],"curies":[{"name":"wp","href":"https:\/\/api.w.org\/{rel}","templated":true}]}}