{"id":35765,"date":"2024-03-27T21:21:02","date_gmt":"2024-03-27T14:21:02","guid":{"rendered":"https:\/\/maison-chance.org\/shop\/san-pham\/repose-cuillere-en-pierre"},"modified":"2024-07-24T10:45:26","modified_gmt":"2024-07-24T03:45:26","slug":"repose-cuillere-en-pierre","status":"publish","type":"product","link":"https:\/\/maison-chance.org\/shop\/fr\/produit\/repose-cuillere-en-pierre","title":{"rendered":"Repose-cuill\u00e8re en pierre"},"content":{"rendered":"<p style=\"text-align: justify;\">Avez-vous d\u00e9j\u00e0 entendu parler du repose-couverts en pierre Serpentine &#8211; un produit \u00e0 la fois pratique et solidaire envers la communaut\u00e9 des personnes handicap\u00e9es ? Aujourd&rsquo;hui, nous avons l&rsquo;honneur de vous pr\u00e9senter ce produit, dans l&rsquo;espoir de recevoir le soutien de tous pour construire ensemble une soci\u00e9t\u00e9 civilis\u00e9e, bienveillante et inclusive.<\/p>\n<p>&nbsp;<\/p>\n<p style=\"text-align: justify;\">1. Caract\u00e9ristiques cl\u00e9s du repose-couverts en pierre Serpentine :<\/p>\n<p style=\"text-align: justify;\">a. Mat\u00e9riau naturel : La pierre Serpentine est une pierre naturelle dot\u00e9e d&rsquo;une excellente r\u00e9sistance au glissement et \u00e0 la chaleur, offrant une tranquillit\u00e9 d&rsquo;esprit lors de son utilisation.<\/p>\n<p style=\"text-align: justify;\">b. Design \u00e9l\u00e9gant : Avec sa forme carr\u00e9e \u00e9pur\u00e9e et sa couleur de pierre naturelle, le produit ajoute une touche d&rsquo;\u00e9l\u00e9gance \u00e0 votre espace repas.<\/p>\n<p style=\"text-align: justify;\">c. Taille pratique : Avec des dimensions de 7,5 x 6,5 cm, le repose-couverts en pierre Serpentine convient \u00e0 la plupart des cuill\u00e8res et des fourchettes courantes.<\/p>\n<p style=\"text-align: justify;\">2. Avantages de l&rsquo;utilisation du repose-couverts en pierre Serpentine :<\/p>\n<p style=\"text-align: justify;\">a. Protection de la table : Le repose-couverts emp\u00eache les \u00e9raflures et les dommages \u00e0 la surface de la table, maintenant la salle \u00e0 manger toujours fra\u00eeche et neuve.<\/p>\n<p style=\"text-align: justify;\">b. Antid\u00e9rapant : La fonction antid\u00e9rapante de la pierre Serpentine stabilise les cuill\u00e8res et les fourchettes pendant l&rsquo;utilisation, \u00e9vitant ainsi les accidents ind\u00e9sirables.<\/p>\n<p style=\"text-align: justify;\">c. Facilit\u00e9 de nettoyage : La pierre Serpentine est imperm\u00e9able \u00e0 l&rsquo;eau et facile \u00e0 nettoyer, ce qui permet d&rsquo;\u00e9conomiser du temps de nettoyage apr\u00e8s utilisation.<\/p>\n<p style=\"text-align: justify;\">Le repose-couverts en pierre Serpentine offre non seulement une utilit\u00e9 exceptionnelle, mais rev\u00eat \u00e9galement une profonde signification sociale. Ce produit est fabriqu\u00e9 par des personnes handicap\u00e9es \u00e0 Maison Chance, o\u00f9 elles ont l&rsquo;opportunit\u00e9 de d\u00e9velopper leurs comp\u00e9tences et de gagner leur vie. Lorsque vous achetez ce produit, vous n&rsquo;acqu\u00e9rez pas seulement un article de qualit\u00e9, mais vous contribuez \u00e9galement \u00e0 am\u00e9liorer la vie des personnes handicap\u00e9es.<\/p>\n","protected":false},"excerpt":{"rendered":"<p>Mat\u00e9riau : Pierre de serpentine<br \/>\nPoids : 86 grammes<br \/>\nDimensions : 7,5 x 6,5 cm<br \/>\nCode : TU13<\/p>\n<p>Hotline : <span style=\"font-size: 20px;\"><strong><span style=\"color: #ff0000;\">0909 06 25 28<\/span><\/strong><\/span><\/p>\n","protected":false},"featured_media":35762,"template":"","meta":[],"product_brand":[],"product_cat":[285,270],"product_tag":[],"class_list":{"0":"post-35765","1":"product","2":"type-product","3":"status-publish","4":"has-post-thumbnail","6":"product_cat-autres-produits-salle-de-sculpture-sur-pierre","7":"product_cat-salle-de-sculpture-sur-pierre","9":"first","10":"instock","11":"shipping-taxable","12":"purchasable","13":"product-type-simple"},"yoast_head":"<!-- This site is optimized with the Yoast SEO Premium plugin v22.7 (Yoast SEO v25.3.1) - https:\/\/yoast.com\/wordpress\/plugins\/seo\/ -->\n<title>Repose-cuill\u00e8re en pierre - Nh\u00e0 May M\u1eafn - Maison Chance<\/title>\n<meta name=\"description\" content=\"Repose-baguette en pierre de serpentine - un produit naturel, antid\u00e9rapant et r\u00e9sistant \u00e0 la chaleur. Prot\u00e9gez votre table \u00e0 manger, \u00e9vitez les rayures et les dommages. L&#039;achat de ce produit contribue \u00e9galement \u00e0 soutenir les personnes en situation de handicap\" \/>\n<meta name=\"robots\" content=\"index, follow, max-snippet:-1, max-image-preview:large, max-video-preview:-1\" \/>\n<link rel=\"canonical\" href=\"https:\/\/maison-chance.org\/shop\/fr\/produit\/repose-cuillere-en-pierre\" \/>\n<meta property=\"og:locale\" content=\"fr_FR\" \/>\n<meta property=\"og:type\" content=\"article\" \/>\n<meta property=\"og:title\" content=\"Repose-cuill\u00e8re en pierre\" \/>\n<meta property=\"og:description\" content=\"Repose-baguette en pierre de serpentine - un produit naturel, antid\u00e9rapant et r\u00e9sistant \u00e0 la chaleur. Prot\u00e9gez votre table \u00e0 manger, \u00e9vitez les rayures et les dommages. L&#039;achat de ce produit contribue \u00e9galement \u00e0 soutenir les personnes en situation de handicap\" \/>\n<meta property=\"og:url\" content=\"https:\/\/maison-chance.org\/shop\/fr\/produit\/repose-cuillere-en-pierre\" \/>\n<meta property=\"og:site_name\" content=\"Nh\u00e0 May M\u1eafn - Maison Chance\" \/>\n<meta property=\"article:publisher\" content=\"https:\/\/www.facebook.com\/dnxh.nhamayman\/\" \/>\n<meta property=\"article:modified_time\" content=\"2024-07-24T03:45:26+00:00\" \/>\n<meta property=\"og:image\" content=\"https:\/\/maison-chance.org\/shop\/wp-content\/uploads\/2024\/03\/de-lot-muong.jpg\" \/>\n\t<meta property=\"og:image:width\" content=\"600\" \/>\n\t<meta property=\"og:image:height\" content=\"600\" \/>\n\t<meta property=\"og:image:type\" content=\"image\/jpeg\" \/>\n<meta name=\"twitter:card\" content=\"summary_large_image\" \/>\n<meta name=\"twitter:label1\" content=\"Prix\" \/>\n\t<meta name=\"twitter:data1\" content=\"&euro;27.60\" \/>\n\t<meta name=\"twitter:label2\" content=\"Disponibilit\u00e9\" \/>\n\t<meta name=\"twitter:data2\" content=\"En stock\" \/>\n<script type=\"application\/ld+json\" class=\"yoast-schema-graph\">{\"@context\":\"https:\/\/schema.org\",\"@graph\":[{\"@type\":\"WebPage\",\"@id\":\"https:\/\/maison-chance.org\/shop\/fr\/produit\/repose-cuillere-en-pierre\",\"url\":\"https:\/\/maison-chance.org\/shop\/fr\/produit\/repose-cuillere-en-pierre\",\"name\":\"Repose-cuill\u00e8re en pierre - Nh\u00e0 May M\u1eafn - Maison Chance\",\"isPartOf\":{\"@id\":\"https:\/\/maison-chance.org\/shop\/fr#website\"},\"primaryImageOfPage\":{\"@id\":\"https:\/\/maison-chance.org\/shop\/fr\/produit\/repose-cuillere-en-pierre#primaryimage\"},\"image\":{\"@id\":\"https:\/\/maison-chance.org\/shop\/fr\/produit\/repose-cuillere-en-pierre#primaryimage\"},\"thumbnailUrl\":\"https:\/\/maison-chance.org\/shop\/wp-content\/uploads\/2024\/03\/de-lot-muong.jpg\",\"datePublished\":\"2024-03-27T14:21:02+00:00\",\"dateModified\":\"2024-07-24T03:45:26+00:00\",\"description\":\"Repose-baguette en pierre de serpentine - un produit naturel, antid\u00e9rapant et r\u00e9sistant \u00e0 la chaleur. Prot\u00e9gez votre table \u00e0 manger, \u00e9vitez les rayures et les dommages. L'achat de ce produit contribue \u00e9galement \u00e0 soutenir les personnes en situation de handicap\",\"breadcrumb\":{\"@id\":\"https:\/\/maison-chance.org\/shop\/fr\/produit\/repose-cuillere-en-pierre#breadcrumb\"},\"inLanguage\":\"fr-FR\",\"potentialAction\":[{\"@type\":\"ReadAction\",\"target\":[\"https:\/\/maison-chance.org\/shop\/fr\/produit\/repose-cuillere-en-pierre\"]}]},{\"@type\":\"ImageObject\",\"inLanguage\":\"fr-FR\",\"@id\":\"https:\/\/maison-chance.org\/shop\/fr\/produit\/repose-cuillere-en-pierre#primaryimage\",\"url\":\"https:\/\/maison-chance.org\/shop\/wp-content\/uploads\/2024\/03\/de-lot-muong.jpg\",\"contentUrl\":\"https:\/\/maison-chance.org\/shop\/wp-content\/uploads\/2024\/03\/de-lot-muong.jpg\",\"width\":600,\"height\":600,\"caption\":\"Repose-cuill\u00e8re en pierre\"},{\"@type\":\"BreadcrumbList\",\"@id\":\"https:\/\/maison-chance.org\/shop\/fr\/produit\/repose-cuillere-en-pierre#breadcrumb\",\"itemListElement\":[{\"@type\":\"ListItem\",\"position\":1,\"name\":\"Trang ch\u1ee7\",\"item\":\"https:\/\/maison-chance.org\/shop\/fr\"},{\"@type\":\"ListItem\",\"position\":2,\"name\":\"Boutique\",\"item\":\"https:\/\/maison-chance.org\/shop\/shop\"},{\"@type\":\"ListItem\",\"position\":3,\"name\":\"Repose-cuill\u00e8re en pierre\"}]},{\"@type\":\"WebSite\",\"@id\":\"https:\/\/maison-chance.org\/shop\/fr#website\",\"url\":\"https:\/\/maison-chance.org\/shop\/fr\",\"name\":\"Nh\u00e0 May M\u1eafn - Maison Chance\",\"description\":\"M\u1ecdi l\u1ee3i nhu\u1eadn thu v\u1ec1 t\u1eeb vi\u1ec7c b\u00e1n h\u00e0ng s\u1ebd tr\u00edch m\u1ed9t ph\u1ea7n \u0111\u1ec3 ch\u0103m lo cho \u0111\u1eddi s\u1ed1ng c\u00e1c b\u1ea1n khuy\u1ebft t\u1eadt v\u00e0 tr\u1ebb m\u1ed3 c\u00f4i \u1edf \u0111\u00e2y\",\"publisher\":{\"@id\":\"https:\/\/maison-chance.org\/shop\/fr#organization\"},\"potentialAction\":[{\"@type\":\"SearchAction\",\"target\":{\"@type\":\"EntryPoint\",\"urlTemplate\":\"https:\/\/maison-chance.org\/shop\/fr?s={search_term_string}\"},\"query-input\":{\"@type\":\"PropertyValueSpecification\",\"valueRequired\":true,\"valueName\":\"search_term_string\"}}],\"inLanguage\":\"fr-FR\"},{\"@type\":\"Organization\",\"@id\":\"https:\/\/maison-chance.org\/shop\/fr#organization\",\"name\":\"Nh\u00e0 May M\u1eafn - Maison Chance\",\"url\":\"https:\/\/maison-chance.org\/shop\/fr\",\"logo\":{\"@type\":\"ImageObject\",\"inLanguage\":\"fr-FR\",\"@id\":\"https:\/\/maison-chance.org\/shop\/fr#\/schema\/logo\/image\/\",\"url\":\"https:\/\/maison-chance.org\/shop\/wp-content\/uploads\/2024\/03\/cropped-Logo_DNXH.png\",\"contentUrl\":\"https:\/\/maison-chance.org\/shop\/wp-content\/uploads\/2024\/03\/cropped-Logo_DNXH.png\",\"width\":512,\"height\":512,\"caption\":\"Nh\u00e0 May M\u1eafn - Maison Chance\"},\"image\":{\"@id\":\"https:\/\/maison-chance.org\/shop\/fr#\/schema\/logo\/image\/\"},\"sameAs\":[\"https:\/\/www.facebook.com\/dnxh.nhamayman\/\"]}]}<\/script>\n<meta property=\"product:price:amount\" content=\"27.60\" \/>\n<meta property=\"product:price:currency\" content=\"EUR\" \/>\n<meta property=\"og:availability\" content=\"instock\" \/>\n<meta property=\"product:availability\" content=\"instock\" \/>\n<meta property=\"product:condition\" content=\"new\" \/>\n<!-- \/ Yoast SEO Premium plugin. -->","yoast_head_json":{"title":"Repose-cuill\u00e8re en pierre - Nh\u00e0 May M\u1eafn - Maison Chance","description":"Repose-baguette en pierre de serpentine - un produit naturel, antid\u00e9rapant et r\u00e9sistant \u00e0 la chaleur. Prot\u00e9gez votre table \u00e0 manger, \u00e9vitez les rayures et les dommages. L'achat de ce produit contribue \u00e9galement \u00e0 soutenir les personnes en situation de handicap","robots":{"index":"index","follow":"follow","max-snippet":"max-snippet:-1","max-image-preview":"max-image-preview:large","max-video-preview":"max-video-preview:-1"},"canonical":"https:\/\/maison-chance.org\/shop\/fr\/produit\/repose-cuillere-en-pierre","og_locale":"fr_FR","og_type":"article","og_title":"Repose-cuill\u00e8re en pierre","og_description":"Repose-baguette en pierre de serpentine - un produit naturel, antid\u00e9rapant et r\u00e9sistant \u00e0 la chaleur. Prot\u00e9gez votre table \u00e0 manger, \u00e9vitez les rayures et les dommages. L'achat de ce produit contribue \u00e9galement \u00e0 soutenir les personnes en situation de handicap","og_url":"https:\/\/maison-chance.org\/shop\/fr\/produit\/repose-cuillere-en-pierre","og_site_name":"Nh\u00e0 May M\u1eafn - Maison Chance","article_publisher":"https:\/\/www.facebook.com\/dnxh.nhamayman\/","article_modified_time":"2024-07-24T03:45:26+00:00","og_image":[{"width":600,"height":600,"url":"https:\/\/maison-chance.org\/shop\/wp-content\/uploads\/2024\/03\/de-lot-muong.jpg","type":"image\/jpeg"}],"twitter_card":"summary_large_image","twitter_misc":{"Prix":"&euro;27.60","Disponibilit\u00e9":"En stock"},"schema":{"@context":"https:\/\/schema.org","@graph":[{"@type":"WebPage","@id":"https:\/\/maison-chance.org\/shop\/fr\/produit\/repose-cuillere-en-pierre","url":"https:\/\/maison-chance.org\/shop\/fr\/produit\/repose-cuillere-en-pierre","name":"Repose-cuill\u00e8re en pierre - Nh\u00e0 May M\u1eafn - Maison Chance","isPartOf":{"@id":"https:\/\/maison-chance.org\/shop\/fr#website"},"primaryImageOfPage":{"@id":"https:\/\/maison-chance.org\/shop\/fr\/produit\/repose-cuillere-en-pierre#primaryimage"},"image":{"@id":"https:\/\/maison-chance.org\/shop\/fr\/produit\/repose-cuillere-en-pierre#primaryimage"},"thumbnailUrl":"https:\/\/maison-chance.org\/shop\/wp-content\/uploads\/2024\/03\/de-lot-muong.jpg","datePublished":"2024-03-27T14:21:02+00:00","dateModified":"2024-07-24T03:45:26+00:00","description":"Repose-baguette en pierre de serpentine - un produit naturel, antid\u00e9rapant et r\u00e9sistant \u00e0 la chaleur. Prot\u00e9gez votre table \u00e0 manger, \u00e9vitez les rayures et les dommages. L'achat de ce produit contribue \u00e9galement \u00e0 soutenir les personnes en situation de handicap","breadcrumb":{"@id":"https:\/\/maison-chance.org\/shop\/fr\/produit\/repose-cuillere-en-pierre#breadcrumb"},"inLanguage":"fr-FR","potentialAction":[{"@type":"ReadAction","target":["https:\/\/maison-chance.org\/shop\/fr\/produit\/repose-cuillere-en-pierre"]}]},{"@type":"ImageObject","inLanguage":"fr-FR","@id":"https:\/\/maison-chance.org\/shop\/fr\/produit\/repose-cuillere-en-pierre#primaryimage","url":"https:\/\/maison-chance.org\/shop\/wp-content\/uploads\/2024\/03\/de-lot-muong.jpg","contentUrl":"https:\/\/maison-chance.org\/shop\/wp-content\/uploads\/2024\/03\/de-lot-muong.jpg","width":600,"height":600,"caption":"Repose-cuill\u00e8re en pierre"},{"@type":"BreadcrumbList","@id":"https:\/\/maison-chance.org\/shop\/fr\/produit\/repose-cuillere-en-pierre#breadcrumb","itemListElement":[{"@type":"ListItem","position":1,"name":"Trang ch\u1ee7","item":"https:\/\/maison-chance.org\/shop\/fr"},{"@type":"ListItem","position":2,"name":"Boutique","item":"https:\/\/maison-chance.org\/shop\/shop"},{"@type":"ListItem","position":3,"name":"Repose-cuill\u00e8re en pierre"}]},{"@type":"WebSite","@id":"https:\/\/maison-chance.org\/shop\/fr#website","url":"https:\/\/maison-chance.org\/shop\/fr","name":"Nh\u00e0 May M\u1eafn - Maison Chance","description":"M\u1ecdi l\u1ee3i nhu\u1eadn thu v\u1ec1 t\u1eeb vi\u1ec7c b\u00e1n h\u00e0ng s\u1ebd tr\u00edch m\u1ed9t ph\u1ea7n \u0111\u1ec3 ch\u0103m lo cho \u0111\u1eddi s\u1ed1ng c\u00e1c b\u1ea1n khuy\u1ebft t\u1eadt v\u00e0 tr\u1ebb m\u1ed3 c\u00f4i \u1edf \u0111\u00e2y","publisher":{"@id":"https:\/\/maison-chance.org\/shop\/fr#organization"},"potentialAction":[{"@type":"SearchAction","target":{"@type":"EntryPoint","urlTemplate":"https:\/\/maison-chance.org\/shop\/fr?s={search_term_string}"},"query-input":{"@type":"PropertyValueSpecification","valueRequired":true,"valueName":"search_term_string"}}],"inLanguage":"fr-FR"},{"@type":"Organization","@id":"https:\/\/maison-chance.org\/shop\/fr#organization","name":"Nh\u00e0 May M\u1eafn - Maison Chance","url":"https:\/\/maison-chance.org\/shop\/fr","logo":{"@type":"ImageObject","inLanguage":"fr-FR","@id":"https:\/\/maison-chance.org\/shop\/fr#\/schema\/logo\/image\/","url":"https:\/\/maison-chance.org\/shop\/wp-content\/uploads\/2024\/03\/cropped-Logo_DNXH.png","contentUrl":"https:\/\/maison-chance.org\/shop\/wp-content\/uploads\/2024\/03\/cropped-Logo_DNXH.png","width":512,"height":512,"caption":"Nh\u00e0 May M\u1eafn - Maison Chance"},"image":{"@id":"https:\/\/maison-chance.org\/shop\/fr#\/schema\/logo\/image\/"},"sameAs":["https:\/\/www.facebook.com\/dnxh.nhamayman\/"]}]},"product_price_amount":"27.60","product_price_currency":"EUR","og_availability":"instock","product_availability":"instock","product_condition":"new"},"_links":{"self":[{"href":"https:\/\/maison-chance.org\/shop\/fr\/wp-json\/wp\/v2\/product\/35765","targetHints":{"allow":["GET"]}}],"collection":[{"href":"https:\/\/maison-chance.org\/shop\/fr\/wp-json\/wp\/v2\/product"}],"about":[{"href":"https:\/\/maison-chance.org\/shop\/fr\/wp-json\/wp\/v2\/types\/product"}],"wp:featuredmedia":[{"embeddable":true,"href":"https:\/\/maison-chance.org\/shop\/fr\/wp-json\/wp\/v2\/media\/35762"}],"wp:attachment":[{"href":"https:\/\/maison-chance.org\/shop\/fr\/wp-json\/wp\/v2\/media?parent=35765"}],"wp:term":[{"taxonomy":"product_brand","embeddable":true,"href":"https:\/\/maison-chance.org\/shop\/fr\/wp-json\/wp\/v2\/product_brand?post=35765"},{"taxonomy":"product_cat","embeddable":true,"href":"https:\/\/maison-chance.org\/shop\/fr\/wp-json\/wp\/v2\/product_cat?post=35765"},{"taxonomy":"product_tag","embeddable":true,"href":"https:\/\/maison-chance.org\/shop\/fr\/wp-json\/wp\/v2\/product_tag?post=35765"}],"curies":[{"name":"wp","href":"https:\/\/api.w.org\/{rel}","templated":true}]}}