{"id":39382,"date":"2024-06-04T01:32:47","date_gmt":"2024-06-03T18:32:47","guid":{"rendered":"https:\/\/maison-chance.org\/shop\/san-pham\/paix"},"modified":"2024-06-04T07:08:16","modified_gmt":"2024-06-04T00:08:16","slug":"paix","status":"publish","type":"product","link":"https:\/\/maison-chance.org\/shop\/fr\/produit\/paix","title":{"rendered":"Paix"},"content":{"rendered":"<p style=\"text-align: center;\">\ud83c\udf1f Le Tableau \u00e0 l&rsquo;Huile \u00ab\u00a0Paix\u00a0\u00bb &#8211; Une \u0152uvre d&rsquo;Art de Maison Chance \ud83c\udf1f<\/p>\n<p><img decoding=\"async\" class=\"aligncenter wp-image-39377 size-medium\" src=\"https:\/\/maison-chance.org\/shop\/wp-content\/uploads\/2024\/06\/OR-24-NVC-60x90Cm-Binh-Yen-609x400.jpg\" alt=\"Paix\" width=\"609\" height=\"400\" srcset=\"https:\/\/maison-chance.org\/shop\/wp-content\/uploads\/2024\/06\/OR-24-NVC-60x90Cm-Binh-Yen-609x400.jpg 609w, https:\/\/maison-chance.org\/shop\/wp-content\/uploads\/2024\/06\/OR-24-NVC-60x90Cm-Binh-Yen-768x504.jpg 768w, https:\/\/maison-chance.org\/shop\/wp-content\/uploads\/2024\/06\/OR-24-NVC-60x90Cm-Binh-Yen-510x335.jpg 510w, https:\/\/maison-chance.org\/shop\/wp-content\/uploads\/2024\/06\/OR-24-NVC-60x90Cm-Binh-Yen.jpg 914w\" sizes=\"(max-width: 609px) 100vw, 609px\" \/><\/p>\n<p>\ud83c\udfa8 Le tableau \u00ab\u00a0Paix\u00a0\u00bb de l&rsquo;artiste handicap\u00e9 Nguy\u1ec5n V\u0103n Chi\u1ebfn, mesurant 60&#215;90 cm, est une \u0153uvre pleine d&rsquo;\u00e9motion, apportant au spectateur un sentiment de tranquillit\u00e9 et d&rsquo;harmonie. \ud83c\udf3f\ud83c\udfe1<\/p>\n<p>\ud83c\udf05 L&rsquo;\u0153uvre repr\u00e9sente une sc\u00e8ne de village paisible au bord de la rivi\u00e8re, avec des maisons traditionnelles au toit de chaume se refl\u00e9tant sur l&rsquo;eau calme. Des bateaux l\u00e9gers reposent sur l&rsquo;eau, cr\u00e9ant une atmosph\u00e8re sereine. \ud83c\udf33<\/p>\n<p>\ud83c\udf1f Le tableau \u00e0 l&rsquo;huile \u00ab\u00a0Paix\u00a0\u00bb n&rsquo;est pas seulement une \u0153uvre d&rsquo;art, mais aussi un message de tranquillit\u00e9 et d&rsquo;harmonie dans la vie. Quiconque contemple cette \u0153uvre peut ressentir la beaut\u00e9 tranquille, aidant l&rsquo;\u00e2me \u00e0 se d\u00e9tendre et \u00e0 trouver la paix. \ud83c\udfa8\u2764\ufe0f<\/p>\n<p>\ud83d\udc49 Apportez la paix \u00e0 votre espace de vie en poss\u00e9dant ce magnifique tableau. \ud83c\udf1f\ud83c\udfe0<br \/>\n\u2764 Nous esp\u00e9rons votre soutien \u2764<\/p>\n<p>\u2764 Tous les b\u00e9n\u00e9fices des ventes serviront en partie \u00e0 soutenir la vie des personnes handicap\u00e9es et des orphelins ici. Le reste soutiendra les activit\u00e9s de l&rsquo;organisation \u2764<\/p>\n","protected":false},"excerpt":{"rendered":"<p>Les tableaux \u00e0 l&rsquo;huile fournis par Maison Chance sont cr\u00e9\u00e9s par des artistes handicap\u00e9s et moins chanceux.<\/p>\n<p>Dimensions (cm) : 60\u00d790<\/p>\n<p>Cat\u00e9gorie : Original<\/p>\n<p>Artiste : Nguy\u1ec5n V\u0103n Chi\u1ebfn<\/p>\n<p style=\"text-align: justify;\">Hotline : <span style=\"color: #ff0000; font-size: 18pt;\"><strong>0909 06 25 28<\/strong><\/span><\/p>\n","protected":false},"featured_media":39374,"template":"","meta":[],"product_brand":[],"product_cat":[252,261],"product_tag":[],"class_list":{"0":"post-39382","1":"product","2":"type-product","3":"status-publish","4":"has-post-thumbnail","6":"product_cat-atelier-de-peinture-a-lhuile","7":"product_cat-peinture-de-paysage","9":"first","10":"instock","11":"shipping-taxable","12":"product-type-simple"},"yoast_head":"<!-- This site is optimized with the Yoast SEO Premium plugin v22.7 (Yoast SEO v25.3.1) - https:\/\/yoast.com\/wordpress\/plugins\/seo\/ -->\n<title>Paix - Peinture \u00e0 l&#039;huile de paysage - Nh\u00e0 May M\u1eafn - Maison Chance<\/title>\n<meta name=\"description\" content=\"Le tableau \u00e0 l&#039;huile &quot;Paix&quot; n&#039;est pas seulement une \u0153uvre d&#039;art, mais aussi un message de tranquillit\u00e9 et d&#039;harmonie dans la vie.\" \/>\n<meta name=\"robots\" content=\"index, follow, max-snippet:-1, max-image-preview:large, max-video-preview:-1\" \/>\n<link rel=\"canonical\" href=\"https:\/\/maison-chance.org\/shop\/fr\/produit\/paix\" \/>\n<meta property=\"og:locale\" content=\"fr_FR\" \/>\n<meta property=\"og:type\" content=\"article\" \/>\n<meta property=\"og:title\" content=\"Paix\" \/>\n<meta property=\"og:description\" content=\"Le tableau \u00e0 l&#039;huile &quot;Paix&quot; n&#039;est pas seulement une \u0153uvre d&#039;art, mais aussi un message de tranquillit\u00e9 et d&#039;harmonie dans la vie.\" \/>\n<meta property=\"og:url\" content=\"https:\/\/maison-chance.org\/shop\/fr\/produit\/paix\" \/>\n<meta property=\"og:site_name\" content=\"Nh\u00e0 May M\u1eafn - Maison Chance\" \/>\n<meta property=\"article:publisher\" content=\"https:\/\/www.facebook.com\/dnxh.nhamayman\/\" \/>\n<meta property=\"article:modified_time\" content=\"2024-06-04T00:08:16+00:00\" \/>\n<meta property=\"og:image\" content=\"https:\/\/maison-chance.org\/shop\/wp-content\/uploads\/2024\/06\/OR-24-NVC-60x90Cm-Binh-Yen-2tr200.png\" \/>\n\t<meta property=\"og:image:width\" content=\"600\" \/>\n\t<meta property=\"og:image:height\" content=\"600\" \/>\n\t<meta property=\"og:image:type\" content=\"image\/png\" \/>\n<meta name=\"twitter:card\" content=\"summary_large_image\" \/>\n<meta name=\"twitter:label1\" content=\"Prix\" \/>\n\t<meta name=\"twitter:data1\" content=\"\" \/>\n\t<meta name=\"twitter:label2\" content=\"Disponibilit\u00e9\" \/>\n\t<meta name=\"twitter:data2\" content=\"En stock\" \/>\n<script type=\"application\/ld+json\" class=\"yoast-schema-graph\">{\"@context\":\"https:\/\/schema.org\",\"@graph\":[{\"@type\":\"WebPage\",\"@id\":\"https:\/\/maison-chance.org\/shop\/fr\/produit\/paix\",\"url\":\"https:\/\/maison-chance.org\/shop\/fr\/produit\/paix\",\"name\":\"Paix - Peinture \u00e0 l'huile de paysage - Nh\u00e0 May M\u1eafn - Maison Chance\",\"isPartOf\":{\"@id\":\"https:\/\/maison-chance.org\/shop\/fr#website\"},\"primaryImageOfPage\":{\"@id\":\"https:\/\/maison-chance.org\/shop\/fr\/produit\/paix#primaryimage\"},\"image\":{\"@id\":\"https:\/\/maison-chance.org\/shop\/fr\/produit\/paix#primaryimage\"},\"thumbnailUrl\":\"https:\/\/maison-chance.org\/shop\/wp-content\/uploads\/2024\/06\/OR-24-NVC-60x90Cm-Binh-Yen-2tr200.png\",\"datePublished\":\"2024-06-03T18:32:47+00:00\",\"dateModified\":\"2024-06-04T00:08:16+00:00\",\"description\":\"Le tableau \u00e0 l'huile \\\"Paix\\\" n'est pas seulement une \u0153uvre d'art, mais aussi un message de tranquillit\u00e9 et d'harmonie dans la vie.\",\"breadcrumb\":{\"@id\":\"https:\/\/maison-chance.org\/shop\/fr\/produit\/paix#breadcrumb\"},\"inLanguage\":\"fr-FR\",\"potentialAction\":[{\"@type\":\"ReadAction\",\"target\":[\"https:\/\/maison-chance.org\/shop\/fr\/produit\/paix\"]}]},{\"@type\":\"ImageObject\",\"inLanguage\":\"fr-FR\",\"@id\":\"https:\/\/maison-chance.org\/shop\/fr\/produit\/paix#primaryimage\",\"url\":\"https:\/\/maison-chance.org\/shop\/wp-content\/uploads\/2024\/06\/OR-24-NVC-60x90Cm-Binh-Yen-2tr200.png\",\"contentUrl\":\"https:\/\/maison-chance.org\/shop\/wp-content\/uploads\/2024\/06\/OR-24-NVC-60x90Cm-Binh-Yen-2tr200.png\",\"width\":600,\"height\":600,\"caption\":\"Paix\"},{\"@type\":\"BreadcrumbList\",\"@id\":\"https:\/\/maison-chance.org\/shop\/fr\/produit\/paix#breadcrumb\",\"itemListElement\":[{\"@type\":\"ListItem\",\"position\":1,\"name\":\"Trang ch\u1ee7\",\"item\":\"https:\/\/maison-chance.org\/shop\/fr\"},{\"@type\":\"ListItem\",\"position\":2,\"name\":\"Boutique\",\"item\":\"https:\/\/maison-chance.org\/shop\/shop\"},{\"@type\":\"ListItem\",\"position\":3,\"name\":\"Paix\"}]},{\"@type\":\"WebSite\",\"@id\":\"https:\/\/maison-chance.org\/shop\/fr#website\",\"url\":\"https:\/\/maison-chance.org\/shop\/fr\",\"name\":\"Nh\u00e0 May M\u1eafn - Maison Chance\",\"description\":\"M\u1ecdi l\u1ee3i nhu\u1eadn thu v\u1ec1 t\u1eeb vi\u1ec7c b\u00e1n h\u00e0ng s\u1ebd tr\u00edch m\u1ed9t ph\u1ea7n \u0111\u1ec3 ch\u0103m lo cho \u0111\u1eddi s\u1ed1ng c\u00e1c b\u1ea1n khuy\u1ebft t\u1eadt v\u00e0 tr\u1ebb m\u1ed3 c\u00f4i \u1edf \u0111\u00e2y\",\"publisher\":{\"@id\":\"https:\/\/maison-chance.org\/shop\/fr#organization\"},\"potentialAction\":[{\"@type\":\"SearchAction\",\"target\":{\"@type\":\"EntryPoint\",\"urlTemplate\":\"https:\/\/maison-chance.org\/shop\/fr?s={search_term_string}\"},\"query-input\":{\"@type\":\"PropertyValueSpecification\",\"valueRequired\":true,\"valueName\":\"search_term_string\"}}],\"inLanguage\":\"fr-FR\"},{\"@type\":\"Organization\",\"@id\":\"https:\/\/maison-chance.org\/shop\/fr#organization\",\"name\":\"Nh\u00e0 May M\u1eafn - Maison Chance\",\"url\":\"https:\/\/maison-chance.org\/shop\/fr\",\"logo\":{\"@type\":\"ImageObject\",\"inLanguage\":\"fr-FR\",\"@id\":\"https:\/\/maison-chance.org\/shop\/fr#\/schema\/logo\/image\/\",\"url\":\"https:\/\/maison-chance.org\/shop\/wp-content\/uploads\/2024\/03\/cropped-Logo_DNXH.png\",\"contentUrl\":\"https:\/\/maison-chance.org\/shop\/wp-content\/uploads\/2024\/03\/cropped-Logo_DNXH.png\",\"width\":512,\"height\":512,\"caption\":\"Nh\u00e0 May M\u1eafn - Maison Chance\"},\"image\":{\"@id\":\"https:\/\/maison-chance.org\/shop\/fr#\/schema\/logo\/image\/\"},\"sameAs\":[\"https:\/\/www.facebook.com\/dnxh.nhamayman\/\"]}]}<\/script>\n<meta property=\"product:price:amount\" content=\"0.00\" \/>\n<meta property=\"product:price:currency\" content=\"EUR\" \/>\n<meta property=\"og:availability\" content=\"instock\" \/>\n<meta property=\"product:availability\" content=\"instock\" \/>\n<meta property=\"product:condition\" content=\"new\" \/>\n<!-- \/ Yoast SEO Premium plugin. -->","yoast_head_json":{"title":"Paix - Peinture \u00e0 l'huile de paysage - Nh\u00e0 May M\u1eafn - Maison Chance","description":"Le tableau \u00e0 l'huile \"Paix\" n'est pas seulement une \u0153uvre d'art, mais aussi un message de tranquillit\u00e9 et d'harmonie dans la vie.","robots":{"index":"index","follow":"follow","max-snippet":"max-snippet:-1","max-image-preview":"max-image-preview:large","max-video-preview":"max-video-preview:-1"},"canonical":"https:\/\/maison-chance.org\/shop\/fr\/produit\/paix","og_locale":"fr_FR","og_type":"article","og_title":"Paix","og_description":"Le tableau \u00e0 l'huile \"Paix\" n'est pas seulement une \u0153uvre d'art, mais aussi un message de tranquillit\u00e9 et d'harmonie dans la vie.","og_url":"https:\/\/maison-chance.org\/shop\/fr\/produit\/paix","og_site_name":"Nh\u00e0 May M\u1eafn - Maison Chance","article_publisher":"https:\/\/www.facebook.com\/dnxh.nhamayman\/","article_modified_time":"2024-06-04T00:08:16+00:00","og_image":[{"width":600,"height":600,"url":"https:\/\/maison-chance.org\/shop\/wp-content\/uploads\/2024\/06\/OR-24-NVC-60x90Cm-Binh-Yen-2tr200.png","type":"image\/png"}],"twitter_card":"summary_large_image","twitter_misc":{"Prix":"","Disponibilit\u00e9":"En stock"},"schema":{"@context":"https:\/\/schema.org","@graph":[{"@type":"WebPage","@id":"https:\/\/maison-chance.org\/shop\/fr\/produit\/paix","url":"https:\/\/maison-chance.org\/shop\/fr\/produit\/paix","name":"Paix - Peinture \u00e0 l'huile de paysage - Nh\u00e0 May M\u1eafn - Maison Chance","isPartOf":{"@id":"https:\/\/maison-chance.org\/shop\/fr#website"},"primaryImageOfPage":{"@id":"https:\/\/maison-chance.org\/shop\/fr\/produit\/paix#primaryimage"},"image":{"@id":"https:\/\/maison-chance.org\/shop\/fr\/produit\/paix#primaryimage"},"thumbnailUrl":"https:\/\/maison-chance.org\/shop\/wp-content\/uploads\/2024\/06\/OR-24-NVC-60x90Cm-Binh-Yen-2tr200.png","datePublished":"2024-06-03T18:32:47+00:00","dateModified":"2024-06-04T00:08:16+00:00","description":"Le tableau \u00e0 l'huile \"Paix\" n'est pas seulement une \u0153uvre d'art, mais aussi un message de tranquillit\u00e9 et d'harmonie dans la vie.","breadcrumb":{"@id":"https:\/\/maison-chance.org\/shop\/fr\/produit\/paix#breadcrumb"},"inLanguage":"fr-FR","potentialAction":[{"@type":"ReadAction","target":["https:\/\/maison-chance.org\/shop\/fr\/produit\/paix"]}]},{"@type":"ImageObject","inLanguage":"fr-FR","@id":"https:\/\/maison-chance.org\/shop\/fr\/produit\/paix#primaryimage","url":"https:\/\/maison-chance.org\/shop\/wp-content\/uploads\/2024\/06\/OR-24-NVC-60x90Cm-Binh-Yen-2tr200.png","contentUrl":"https:\/\/maison-chance.org\/shop\/wp-content\/uploads\/2024\/06\/OR-24-NVC-60x90Cm-Binh-Yen-2tr200.png","width":600,"height":600,"caption":"Paix"},{"@type":"BreadcrumbList","@id":"https:\/\/maison-chance.org\/shop\/fr\/produit\/paix#breadcrumb","itemListElement":[{"@type":"ListItem","position":1,"name":"Trang ch\u1ee7","item":"https:\/\/maison-chance.org\/shop\/fr"},{"@type":"ListItem","position":2,"name":"Boutique","item":"https:\/\/maison-chance.org\/shop\/shop"},{"@type":"ListItem","position":3,"name":"Paix"}]},{"@type":"WebSite","@id":"https:\/\/maison-chance.org\/shop\/fr#website","url":"https:\/\/maison-chance.org\/shop\/fr","name":"Nh\u00e0 May M\u1eafn - Maison Chance","description":"M\u1ecdi l\u1ee3i nhu\u1eadn thu v\u1ec1 t\u1eeb vi\u1ec7c b\u00e1n h\u00e0ng s\u1ebd tr\u00edch m\u1ed9t ph\u1ea7n \u0111\u1ec3 ch\u0103m lo cho \u0111\u1eddi s\u1ed1ng c\u00e1c b\u1ea1n khuy\u1ebft t\u1eadt v\u00e0 tr\u1ebb m\u1ed3 c\u00f4i \u1edf \u0111\u00e2y","publisher":{"@id":"https:\/\/maison-chance.org\/shop\/fr#organization"},"potentialAction":[{"@type":"SearchAction","target":{"@type":"EntryPoint","urlTemplate":"https:\/\/maison-chance.org\/shop\/fr?s={search_term_string}"},"query-input":{"@type":"PropertyValueSpecification","valueRequired":true,"valueName":"search_term_string"}}],"inLanguage":"fr-FR"},{"@type":"Organization","@id":"https:\/\/maison-chance.org\/shop\/fr#organization","name":"Nh\u00e0 May M\u1eafn - Maison Chance","url":"https:\/\/maison-chance.org\/shop\/fr","logo":{"@type":"ImageObject","inLanguage":"fr-FR","@id":"https:\/\/maison-chance.org\/shop\/fr#\/schema\/logo\/image\/","url":"https:\/\/maison-chance.org\/shop\/wp-content\/uploads\/2024\/03\/cropped-Logo_DNXH.png","contentUrl":"https:\/\/maison-chance.org\/shop\/wp-content\/uploads\/2024\/03\/cropped-Logo_DNXH.png","width":512,"height":512,"caption":"Nh\u00e0 May M\u1eafn - Maison Chance"},"image":{"@id":"https:\/\/maison-chance.org\/shop\/fr#\/schema\/logo\/image\/"},"sameAs":["https:\/\/www.facebook.com\/dnxh.nhamayman\/"]}]},"product_price_amount":"0.00","product_price_currency":"EUR","og_availability":"instock","product_availability":"instock","product_condition":"new"},"_links":{"self":[{"href":"https:\/\/maison-chance.org\/shop\/fr\/wp-json\/wp\/v2\/product\/39382","targetHints":{"allow":["GET"]}}],"collection":[{"href":"https:\/\/maison-chance.org\/shop\/fr\/wp-json\/wp\/v2\/product"}],"about":[{"href":"https:\/\/maison-chance.org\/shop\/fr\/wp-json\/wp\/v2\/types\/product"}],"wp:featuredmedia":[{"embeddable":true,"href":"https:\/\/maison-chance.org\/shop\/fr\/wp-json\/wp\/v2\/media\/39374"}],"wp:attachment":[{"href":"https:\/\/maison-chance.org\/shop\/fr\/wp-json\/wp\/v2\/media?parent=39382"}],"wp:term":[{"taxonomy":"product_brand","embeddable":true,"href":"https:\/\/maison-chance.org\/shop\/fr\/wp-json\/wp\/v2\/product_brand?post=39382"},{"taxonomy":"product_cat","embeddable":true,"href":"https:\/\/maison-chance.org\/shop\/fr\/wp-json\/wp\/v2\/product_cat?post=39382"},{"taxonomy":"product_tag","embeddable":true,"href":"https:\/\/maison-chance.org\/shop\/fr\/wp-json\/wp\/v2\/product_tag?post=39382"}],"curies":[{"name":"wp","href":"https:\/\/api.w.org\/{rel}","templated":true}]}}