{"id":39391,"date":"2024-06-04T07:02:25","date_gmt":"2024-06-04T00:02:25","guid":{"rendered":"https:\/\/maison-chance.org\/shop\/san-pham\/nuages-du-soir"},"modified":"2024-06-04T07:19:48","modified_gmt":"2024-06-04T00:19:48","slug":"nuages-du-soir","status":"publish","type":"product","link":"https:\/\/maison-chance.org\/shop\/fr\/produit\/nuages-du-soir","title":{"rendered":"Nuages du Soir"},"content":{"rendered":"<p style=\"text-align: center;\">\ud83c\udf04 D\u00e9couvrez la Beaut\u00e9 Envo\u00fbtante dans le Tableau \u00ab\u00a0Nuages du Soir\u00a0\u00bb \u2601\ufe0f<\/p>\n<p><img decoding=\"async\" class=\"aligncenter wp-image-39385 size-medium\" src=\"https:\/\/maison-chance.org\/shop\/wp-content\/uploads\/2024\/06\/CO-24-NVC-70x70Cm-may-chieu-400x400.jpg\" alt=\"Nuages du Soir\" width=\"400\" height=\"400\" srcset=\"https:\/\/maison-chance.org\/shop\/wp-content\/uploads\/2024\/06\/CO-24-NVC-70x70Cm-may-chieu-400x400.jpg 400w, https:\/\/maison-chance.org\/shop\/wp-content\/uploads\/2024\/06\/CO-24-NVC-70x70Cm-may-chieu-280x280.jpg 280w, https:\/\/maison-chance.org\/shop\/wp-content\/uploads\/2024\/06\/CO-24-NVC-70x70Cm-may-chieu-247x247.jpg 247w, https:\/\/maison-chance.org\/shop\/wp-content\/uploads\/2024\/06\/CO-24-NVC-70x70Cm-may-chieu-510x510.jpg 510w, https:\/\/maison-chance.org\/shop\/wp-content\/uploads\/2024\/06\/CO-24-NVC-70x70Cm-may-chieu-100x100.jpg 100w, https:\/\/maison-chance.org\/shop\/wp-content\/uploads\/2024\/06\/CO-24-NVC-70x70Cm-may-chieu.jpg 600w\" sizes=\"(max-width: 400px) 100vw, 400px\" \/><\/p>\n<p>\u2601\ufe0f Le tableau pr\u00e9sente une sc\u00e8ne naturelle sous un ciel nuageux, avec des maisons en chaume cach\u00e9es parmi le feuillage vert luxuriant. Chaque d\u00e9tail dans le tableau, des toits et des cl\u00f4tures \u00e0 chaque feuille, est d\u00e9peint avec une finesse et un r\u00e9alisme exquis. L&rsquo;\u0153uvre est un m\u00e9lange de la beaut\u00e9 envo\u00fbtante de la nature et de la simplicit\u00e9 de la vie rurale. \ud83c\udf43<\/p>\n<p>\ud83d\udc96 \u00ab\u00a0Nuages du Soir\u00a0\u00bb n&rsquo;est pas seulement une peinture \u00e0 l&rsquo;huile de paysage, mais aussi une invitation \u00e0 revenir \u00e0 la nature, trouvant paix et tranquillit\u00e9 dans l&rsquo;\u00e2me. Elle apporte un sentiment de contemplation, de r\u00e9flexion et d&rsquo;appr\u00e9ciation des beaux moments de la vie. \u2601\ufe0f\ud83d\udcab<\/p>\n<p>\ud83c\udf81 Mesurant 70x70cm, la peinture \u00e0 l&rsquo;huile de l&rsquo;artiste handicap\u00e9 Nguy\u1ec5n V\u0103n Chi\u1ebfn sera une caract\u00e9ristique marquante dans votre salon, chambre ou tout autre espace de votre maison. \ud83c\udfe1\ud83d\udc96<\/p>\n<p>\ud83c\udfa8 Soutenez le travail de l&rsquo;un des artistes handicap\u00e9s talentueux vivant et travaillant actuellement \u00e0 <a href=\"https:\/\/maison-chance.org\/shop\">Maison Chance<\/a> et diffusez le message de la beaut\u00e9 de la nature et de la paix int\u00e9rieure. Chaque tableau contient l&rsquo;amour et le d\u00e9vouement de l&rsquo;artiste. \ud83d\udc95<br \/>\n\u2764 Nous esp\u00e9rons votre soutien \u2764<\/p>\n<p>\u2764 Tous les b\u00e9n\u00e9fices des ventes serviront en partie \u00e0 soutenir la vie des personnes handicap\u00e9es et des orphelins ici. Le reste soutiendra les activit\u00e9s de l&rsquo;organisation \u2764<\/p>\n","protected":false},"excerpt":{"rendered":"<p>Les tableaux \u00e0 l&rsquo;huile fournis par Maison Chance sont cr\u00e9\u00e9s par des artistes handicap\u00e9s et moins chanceux.<\/p>\n<p>Dimensions (cm) : 60\u00d790<\/p>\n<p>Cat\u00e9gorie : Reproduction<\/p>\n<p>Artiste : Nguy\u1ec5n V\u0103n Chi\u1ebfn<\/p>\n<p style=\"text-align: justify;\">Hotline : <span style=\"color: #ff0000; font-size: 18pt;\"><strong>0909 06 25 28<\/strong><\/span><\/p>\n","protected":false},"featured_media":39387,"template":"","meta":[],"product_brand":[],"product_cat":[252,261],"product_tag":[],"class_list":{"0":"post-39391","1":"product","2":"type-product","3":"status-publish","4":"has-post-thumbnail","6":"product_cat-atelier-de-peinture-a-lhuile","7":"product_cat-peinture-de-paysage","9":"first","10":"instock","11":"shipping-taxable","12":"product-type-simple"},"yoast_head":"<!-- This site is optimized with the Yoast SEO Premium plugin v22.7 (Yoast SEO v25.3.1) - https:\/\/yoast.com\/wordpress\/plugins\/seo\/ -->\n<title>Nuages du Soir - Peinture \u00e0 l&#039;huile de paysage - Nh\u00e0 May M\u1eafn - Maison Chance<\/title>\n<meta name=\"description\" content=\"&quot;Nuages du Soir&quot; n&#039;est pas seulement une peinture \u00e0 l&#039;huile de paysage, mais aussi une invitation \u00e0 revenir \u00e0 la nature, trouvant paix et tranquillit\u00e9 dans l&#039;\u00e2me.\" \/>\n<meta name=\"robots\" content=\"index, follow, max-snippet:-1, max-image-preview:large, max-video-preview:-1\" \/>\n<link rel=\"canonical\" href=\"https:\/\/maison-chance.org\/shop\/fr\/produit\/nuages-du-soir\" \/>\n<meta property=\"og:locale\" content=\"fr_FR\" \/>\n<meta property=\"og:type\" content=\"article\" \/>\n<meta property=\"og:title\" content=\"Nuages du Soir\" \/>\n<meta property=\"og:description\" content=\"&quot;Nuages du Soir&quot; n&#039;est pas seulement une peinture \u00e0 l&#039;huile de paysage, mais aussi une invitation \u00e0 revenir \u00e0 la nature, trouvant paix et tranquillit\u00e9 dans l&#039;\u00e2me.\" \/>\n<meta property=\"og:url\" content=\"https:\/\/maison-chance.org\/shop\/fr\/produit\/nuages-du-soir\" \/>\n<meta property=\"og:site_name\" content=\"Nh\u00e0 May M\u1eafn - Maison Chance\" \/>\n<meta property=\"article:publisher\" content=\"https:\/\/www.facebook.com\/dnxh.nhamayman\/\" \/>\n<meta property=\"article:modified_time\" content=\"2024-06-04T00:19:48+00:00\" \/>\n<meta property=\"og:image\" content=\"https:\/\/maison-chance.org\/shop\/wp-content\/uploads\/2024\/06\/CO-24-NVC-70x70Cm-may-chieu.jpg\" \/>\n\t<meta property=\"og:image:width\" content=\"600\" \/>\n\t<meta property=\"og:image:height\" content=\"600\" \/>\n\t<meta property=\"og:image:type\" content=\"image\/jpeg\" \/>\n<meta name=\"twitter:card\" content=\"summary_large_image\" \/>\n<meta name=\"twitter:label1\" content=\"Prix\" \/>\n\t<meta name=\"twitter:data1\" content=\"\" \/>\n\t<meta name=\"twitter:label2\" content=\"Disponibilit\u00e9\" \/>\n\t<meta name=\"twitter:data2\" content=\"En stock\" \/>\n<script type=\"application\/ld+json\" class=\"yoast-schema-graph\">{\"@context\":\"https:\/\/schema.org\",\"@graph\":[{\"@type\":\"WebPage\",\"@id\":\"https:\/\/maison-chance.org\/shop\/fr\/produit\/nuages-du-soir\",\"url\":\"https:\/\/maison-chance.org\/shop\/fr\/produit\/nuages-du-soir\",\"name\":\"Nuages du Soir - Peinture \u00e0 l'huile de paysage - Nh\u00e0 May M\u1eafn - Maison Chance\",\"isPartOf\":{\"@id\":\"https:\/\/maison-chance.org\/shop\/fr#website\"},\"primaryImageOfPage\":{\"@id\":\"https:\/\/maison-chance.org\/shop\/fr\/produit\/nuages-du-soir#primaryimage\"},\"image\":{\"@id\":\"https:\/\/maison-chance.org\/shop\/fr\/produit\/nuages-du-soir#primaryimage\"},\"thumbnailUrl\":\"https:\/\/maison-chance.org\/shop\/wp-content\/uploads\/2024\/06\/CO-24-NVC-70x70Cm-may-chieu.jpg\",\"datePublished\":\"2024-06-04T00:02:25+00:00\",\"dateModified\":\"2024-06-04T00:19:48+00:00\",\"description\":\"\\\"Nuages du Soir\\\" n'est pas seulement une peinture \u00e0 l'huile de paysage, mais aussi une invitation \u00e0 revenir \u00e0 la nature, trouvant paix et tranquillit\u00e9 dans l'\u00e2me.\",\"breadcrumb\":{\"@id\":\"https:\/\/maison-chance.org\/shop\/fr\/produit\/nuages-du-soir#breadcrumb\"},\"inLanguage\":\"fr-FR\",\"potentialAction\":[{\"@type\":\"ReadAction\",\"target\":[\"https:\/\/maison-chance.org\/shop\/fr\/produit\/nuages-du-soir\"]}]},{\"@type\":\"ImageObject\",\"inLanguage\":\"fr-FR\",\"@id\":\"https:\/\/maison-chance.org\/shop\/fr\/produit\/nuages-du-soir#primaryimage\",\"url\":\"https:\/\/maison-chance.org\/shop\/wp-content\/uploads\/2024\/06\/CO-24-NVC-70x70Cm-may-chieu.jpg\",\"contentUrl\":\"https:\/\/maison-chance.org\/shop\/wp-content\/uploads\/2024\/06\/CO-24-NVC-70x70Cm-may-chieu.jpg\",\"width\":600,\"height\":600,\"caption\":\"Nuages du Soir\"},{\"@type\":\"BreadcrumbList\",\"@id\":\"https:\/\/maison-chance.org\/shop\/fr\/produit\/nuages-du-soir#breadcrumb\",\"itemListElement\":[{\"@type\":\"ListItem\",\"position\":1,\"name\":\"Trang ch\u1ee7\",\"item\":\"https:\/\/maison-chance.org\/shop\/fr\"},{\"@type\":\"ListItem\",\"position\":2,\"name\":\"Boutique\",\"item\":\"https:\/\/maison-chance.org\/shop\/shop\"},{\"@type\":\"ListItem\",\"position\":3,\"name\":\"Nuages du Soir\"}]},{\"@type\":\"WebSite\",\"@id\":\"https:\/\/maison-chance.org\/shop\/fr#website\",\"url\":\"https:\/\/maison-chance.org\/shop\/fr\",\"name\":\"Nh\u00e0 May M\u1eafn - Maison Chance\",\"description\":\"M\u1ecdi l\u1ee3i nhu\u1eadn thu v\u1ec1 t\u1eeb vi\u1ec7c b\u00e1n h\u00e0ng s\u1ebd tr\u00edch m\u1ed9t ph\u1ea7n \u0111\u1ec3 ch\u0103m lo cho \u0111\u1eddi s\u1ed1ng c\u00e1c b\u1ea1n khuy\u1ebft t\u1eadt v\u00e0 tr\u1ebb m\u1ed3 c\u00f4i \u1edf \u0111\u00e2y\",\"publisher\":{\"@id\":\"https:\/\/maison-chance.org\/shop\/fr#organization\"},\"potentialAction\":[{\"@type\":\"SearchAction\",\"target\":{\"@type\":\"EntryPoint\",\"urlTemplate\":\"https:\/\/maison-chance.org\/shop\/fr?s={search_term_string}\"},\"query-input\":{\"@type\":\"PropertyValueSpecification\",\"valueRequired\":true,\"valueName\":\"search_term_string\"}}],\"inLanguage\":\"fr-FR\"},{\"@type\":\"Organization\",\"@id\":\"https:\/\/maison-chance.org\/shop\/fr#organization\",\"name\":\"Nh\u00e0 May M\u1eafn - Maison Chance\",\"url\":\"https:\/\/maison-chance.org\/shop\/fr\",\"logo\":{\"@type\":\"ImageObject\",\"inLanguage\":\"fr-FR\",\"@id\":\"https:\/\/maison-chance.org\/shop\/fr#\/schema\/logo\/image\/\",\"url\":\"https:\/\/maison-chance.org\/shop\/wp-content\/uploads\/2024\/03\/cropped-Logo_DNXH.png\",\"contentUrl\":\"https:\/\/maison-chance.org\/shop\/wp-content\/uploads\/2024\/03\/cropped-Logo_DNXH.png\",\"width\":512,\"height\":512,\"caption\":\"Nh\u00e0 May M\u1eafn - Maison Chance\"},\"image\":{\"@id\":\"https:\/\/maison-chance.org\/shop\/fr#\/schema\/logo\/image\/\"},\"sameAs\":[\"https:\/\/www.facebook.com\/dnxh.nhamayman\/\"]}]}<\/script>\n<meta property=\"product:price:amount\" content=\"0.00\" \/>\n<meta property=\"product:price:currency\" content=\"EUR\" \/>\n<meta property=\"og:availability\" content=\"instock\" \/>\n<meta property=\"product:availability\" content=\"instock\" \/>\n<meta property=\"product:condition\" content=\"new\" \/>\n<!-- \/ Yoast SEO Premium plugin. -->","yoast_head_json":{"title":"Nuages du Soir - Peinture \u00e0 l'huile de paysage - Nh\u00e0 May M\u1eafn - Maison Chance","description":"\"Nuages du Soir\" n'est pas seulement une peinture \u00e0 l'huile de paysage, mais aussi une invitation \u00e0 revenir \u00e0 la nature, trouvant paix et tranquillit\u00e9 dans l'\u00e2me.","robots":{"index":"index","follow":"follow","max-snippet":"max-snippet:-1","max-image-preview":"max-image-preview:large","max-video-preview":"max-video-preview:-1"},"canonical":"https:\/\/maison-chance.org\/shop\/fr\/produit\/nuages-du-soir","og_locale":"fr_FR","og_type":"article","og_title":"Nuages du Soir","og_description":"\"Nuages du Soir\" n'est pas seulement une peinture \u00e0 l'huile de paysage, mais aussi une invitation \u00e0 revenir \u00e0 la nature, trouvant paix et tranquillit\u00e9 dans l'\u00e2me.","og_url":"https:\/\/maison-chance.org\/shop\/fr\/produit\/nuages-du-soir","og_site_name":"Nh\u00e0 May M\u1eafn - Maison Chance","article_publisher":"https:\/\/www.facebook.com\/dnxh.nhamayman\/","article_modified_time":"2024-06-04T00:19:48+00:00","og_image":[{"width":600,"height":600,"url":"https:\/\/maison-chance.org\/shop\/wp-content\/uploads\/2024\/06\/CO-24-NVC-70x70Cm-may-chieu.jpg","type":"image\/jpeg"}],"twitter_card":"summary_large_image","twitter_misc":{"Prix":"","Disponibilit\u00e9":"En stock"},"schema":{"@context":"https:\/\/schema.org","@graph":[{"@type":"WebPage","@id":"https:\/\/maison-chance.org\/shop\/fr\/produit\/nuages-du-soir","url":"https:\/\/maison-chance.org\/shop\/fr\/produit\/nuages-du-soir","name":"Nuages du Soir - Peinture \u00e0 l'huile de paysage - Nh\u00e0 May M\u1eafn - Maison Chance","isPartOf":{"@id":"https:\/\/maison-chance.org\/shop\/fr#website"},"primaryImageOfPage":{"@id":"https:\/\/maison-chance.org\/shop\/fr\/produit\/nuages-du-soir#primaryimage"},"image":{"@id":"https:\/\/maison-chance.org\/shop\/fr\/produit\/nuages-du-soir#primaryimage"},"thumbnailUrl":"https:\/\/maison-chance.org\/shop\/wp-content\/uploads\/2024\/06\/CO-24-NVC-70x70Cm-may-chieu.jpg","datePublished":"2024-06-04T00:02:25+00:00","dateModified":"2024-06-04T00:19:48+00:00","description":"\"Nuages du Soir\" n'est pas seulement une peinture \u00e0 l'huile de paysage, mais aussi une invitation \u00e0 revenir \u00e0 la nature, trouvant paix et tranquillit\u00e9 dans l'\u00e2me.","breadcrumb":{"@id":"https:\/\/maison-chance.org\/shop\/fr\/produit\/nuages-du-soir#breadcrumb"},"inLanguage":"fr-FR","potentialAction":[{"@type":"ReadAction","target":["https:\/\/maison-chance.org\/shop\/fr\/produit\/nuages-du-soir"]}]},{"@type":"ImageObject","inLanguage":"fr-FR","@id":"https:\/\/maison-chance.org\/shop\/fr\/produit\/nuages-du-soir#primaryimage","url":"https:\/\/maison-chance.org\/shop\/wp-content\/uploads\/2024\/06\/CO-24-NVC-70x70Cm-may-chieu.jpg","contentUrl":"https:\/\/maison-chance.org\/shop\/wp-content\/uploads\/2024\/06\/CO-24-NVC-70x70Cm-may-chieu.jpg","width":600,"height":600,"caption":"Nuages du Soir"},{"@type":"BreadcrumbList","@id":"https:\/\/maison-chance.org\/shop\/fr\/produit\/nuages-du-soir#breadcrumb","itemListElement":[{"@type":"ListItem","position":1,"name":"Trang ch\u1ee7","item":"https:\/\/maison-chance.org\/shop\/fr"},{"@type":"ListItem","position":2,"name":"Boutique","item":"https:\/\/maison-chance.org\/shop\/shop"},{"@type":"ListItem","position":3,"name":"Nuages du Soir"}]},{"@type":"WebSite","@id":"https:\/\/maison-chance.org\/shop\/fr#website","url":"https:\/\/maison-chance.org\/shop\/fr","name":"Nh\u00e0 May M\u1eafn - Maison Chance","description":"M\u1ecdi l\u1ee3i nhu\u1eadn thu v\u1ec1 t\u1eeb vi\u1ec7c b\u00e1n h\u00e0ng s\u1ebd tr\u00edch m\u1ed9t ph\u1ea7n \u0111\u1ec3 ch\u0103m lo cho \u0111\u1eddi s\u1ed1ng c\u00e1c b\u1ea1n khuy\u1ebft t\u1eadt v\u00e0 tr\u1ebb m\u1ed3 c\u00f4i \u1edf \u0111\u00e2y","publisher":{"@id":"https:\/\/maison-chance.org\/shop\/fr#organization"},"potentialAction":[{"@type":"SearchAction","target":{"@type":"EntryPoint","urlTemplate":"https:\/\/maison-chance.org\/shop\/fr?s={search_term_string}"},"query-input":{"@type":"PropertyValueSpecification","valueRequired":true,"valueName":"search_term_string"}}],"inLanguage":"fr-FR"},{"@type":"Organization","@id":"https:\/\/maison-chance.org\/shop\/fr#organization","name":"Nh\u00e0 May M\u1eafn - Maison Chance","url":"https:\/\/maison-chance.org\/shop\/fr","logo":{"@type":"ImageObject","inLanguage":"fr-FR","@id":"https:\/\/maison-chance.org\/shop\/fr#\/schema\/logo\/image\/","url":"https:\/\/maison-chance.org\/shop\/wp-content\/uploads\/2024\/03\/cropped-Logo_DNXH.png","contentUrl":"https:\/\/maison-chance.org\/shop\/wp-content\/uploads\/2024\/03\/cropped-Logo_DNXH.png","width":512,"height":512,"caption":"Nh\u00e0 May M\u1eafn - Maison Chance"},"image":{"@id":"https:\/\/maison-chance.org\/shop\/fr#\/schema\/logo\/image\/"},"sameAs":["https:\/\/www.facebook.com\/dnxh.nhamayman\/"]}]},"product_price_amount":"0.00","product_price_currency":"EUR","og_availability":"instock","product_availability":"instock","product_condition":"new"},"_links":{"self":[{"href":"https:\/\/maison-chance.org\/shop\/fr\/wp-json\/wp\/v2\/product\/39391","targetHints":{"allow":["GET"]}}],"collection":[{"href":"https:\/\/maison-chance.org\/shop\/fr\/wp-json\/wp\/v2\/product"}],"about":[{"href":"https:\/\/maison-chance.org\/shop\/fr\/wp-json\/wp\/v2\/types\/product"}],"wp:featuredmedia":[{"embeddable":true,"href":"https:\/\/maison-chance.org\/shop\/fr\/wp-json\/wp\/v2\/media\/39387"}],"wp:attachment":[{"href":"https:\/\/maison-chance.org\/shop\/fr\/wp-json\/wp\/v2\/media?parent=39391"}],"wp:term":[{"taxonomy":"product_brand","embeddable":true,"href":"https:\/\/maison-chance.org\/shop\/fr\/wp-json\/wp\/v2\/product_brand?post=39391"},{"taxonomy":"product_cat","embeddable":true,"href":"https:\/\/maison-chance.org\/shop\/fr\/wp-json\/wp\/v2\/product_cat?post=39391"},{"taxonomy":"product_tag","embeddable":true,"href":"https:\/\/maison-chance.org\/shop\/fr\/wp-json\/wp\/v2\/product_tag?post=39391"}],"curies":[{"name":"wp","href":"https:\/\/api.w.org\/{rel}","templated":true}]}}