{"id":39406,"date":"2024-06-05T07:06:41","date_gmt":"2024-06-05T00:06:41","guid":{"rendered":"https:\/\/maison-chance.org\/shop\/san-pham\/friands-au-fromage"},"modified":"2024-06-05T07:34:33","modified_gmt":"2024-06-05T00:34:33","slug":"friands-au-fromage","status":"publish","type":"product","link":"https:\/\/maison-chance.org\/shop\/fr\/produit\/friands-au-fromage","title":{"rendered":"Friands au fromage"},"content":{"rendered":"<p style=\"text-align: center;\"><strong>Bouff\u00e9es de fromage de la Maison Chance<\/strong><\/p>\n<p style=\"text-align: center;\"><strong>Une saveur d\u00e9licieuse irr\u00e9sistible<\/strong><\/p>\n<p style=\"text-align: justify;\">Les bouff\u00e9es de fromage de la Maison Chance sont la combinaison parfaite d&rsquo;ingr\u00e9dients de haute qualit\u00e9 tels que la farine, le beurre, le lait, les \u0153ufs, le sucre et le fromage. Le produit est non seulement attrayant avec son ext\u00e9rieur croustillant, mais il captive \u00e9galement les papilles gustatives avec sa garniture au fromage riche et parfum\u00e9e, accompagn\u00e9e d&rsquo;un l\u00e9ger go\u00fbt de poivre \u00e9pic\u00e9. C&rsquo;est d\u00e9finitivement la p\u00e2tisserie id\u00e9ale pour tous les repas et toutes les f\u00eates.<\/p>\n<p><strong>Une saveur exquise des bouff\u00e9es de fromage de la Maison Chance<\/strong><\/p>\n<p style=\"text-align: justify;\">Chaque bouch\u00e9e de bouff\u00e9e de fromage est une exp\u00e9rience passionnante. La cro\u00fbte croustillante et dor\u00e9e, lorsqu&rsquo;on la croque, r\u00e9v\u00e8le une garniture au fromage riche et parfum\u00e9e m\u00e9lang\u00e9e \u00e0 la douceur du lait et du sucre. Une touche de poivre \u00e9pic\u00e9 rehausse la saveur distinctive, ce qui vous rend difficile d&rsquo;y r\u00e9sister.<br \/>\nUne vari\u00e9t\u00e9 de choix\n<\/p>\n<p style=\"text-align: justify;\">La Maison Chance offre de nombreuses options pour les clients avec diff\u00e9rents poids de p\u00e2tisserie :<\/p>\n<p>Taille 1 : 35 gr\/bouff\u00e9e<br \/>\nTaille 2 : 40 gr\/bouff\u00e9e<br \/>\nTaille 3 : 55 gr\/bouff\u00e9e<\/p>\n<p><strong>Soutenez les bouff\u00e9es de fromage de la Maison Chance<\/strong><\/p>\n<p style=\"text-align: justify;\">En achetant les bouff\u00e9es de fromage de la Maison Chance, vous ne vous r\u00e9galez pas seulement de la saveur exquise de la p\u00e2tisserie, mais vous contribuez \u00e9galement \u00e0 soutenir les activit\u00e9s caritatives de la Maison Chance. Achetez maintenant pour d\u00e9couvrir la diff\u00e9rence et le sens dans chaque bouff\u00e9e de fromage.<br \/>\nCommandez maintenant\n<\/p>\n<p style=\"text-align: justify;\">Visitez notre site Web ou appelez notre hotline pour passer une commande. Nous sommes toujours pr\u00eats \u00e0 vous servir les bouff\u00e9es de fromage les plus d\u00e9licieuses et de la plus haute qualit\u00e9.<\/p>\n","protected":false},"excerpt":{"rendered":"<p style=\"text-align: justify;\">Les produits de p\u00e2tisserie sont fabriqu\u00e9s par de jeunes orphelins qui sont actuellement pris en charge par la Maison Chance. Nous esp\u00e9rons sinc\u00e8rement recevoir votre soutien !<\/p>\n<p>Hotline : <span style=\"font-size: 20px;\"><strong><span style=\"color: #ff0000;\">0909 06 25 28<\/span><\/strong><\/span><\/p>\n","protected":false},"featured_media":39416,"template":"","meta":[],"product_brand":[],"product_cat":[210,219],"product_tag":[],"class_list":{"0":"post-39406","1":"product","2":"type-product","3":"status-publish","4":"has-post-thumbnail","6":"product_cat-boulangerie","7":"product_cat-viennoiseries-patisseries","9":"first","10":"instock","11":"shipping-taxable","12":"purchasable","13":"product-type-variable"},"yoast_head":"<!-- This site is optimized with the Yoast SEO Premium plugin v22.7 (Yoast SEO v25.3.1) - https:\/\/yoast.com\/wordpress\/plugins\/seo\/ -->\n<title>Friands au fromage - Nh\u00e0 May M\u1eafn - Maison Chance<\/title>\n<meta name=\"description\" content=\"R\u00e9galez-vous des bouff\u00e9es de fromage de la Maison Chance avec leur saveur riche, croustillante et parfum\u00e9e. Commandez maintenant pour soutenir la Maison Chance et d\u00e9couvrir cette p\u00e2tisserie exquise\" \/>\n<meta name=\"robots\" content=\"index, follow, max-snippet:-1, max-image-preview:large, max-video-preview:-1\" \/>\n<link rel=\"canonical\" href=\"https:\/\/maison-chance.org\/shop\/fr\/produit\/friands-au-fromage\" \/>\n<meta property=\"og:locale\" content=\"fr_FR\" \/>\n<meta property=\"og:type\" content=\"article\" \/>\n<meta property=\"og:title\" content=\"Friands au fromage\" \/>\n<meta property=\"og:description\" content=\"R\u00e9galez-vous des bouff\u00e9es de fromage de la Maison Chance avec leur saveur riche, croustillante et parfum\u00e9e. Commandez maintenant pour soutenir la Maison Chance et d\u00e9couvrir cette p\u00e2tisserie exquise\" \/>\n<meta property=\"og:url\" content=\"https:\/\/maison-chance.org\/shop\/fr\/produit\/friands-au-fromage\" \/>\n<meta property=\"og:site_name\" content=\"Nh\u00e0 May M\u1eafn - Maison Chance\" \/>\n<meta property=\"article:publisher\" content=\"https:\/\/www.facebook.com\/dnxh.nhamayman\/\" \/>\n<meta property=\"article:modified_time\" content=\"2024-06-05T00:34:33+00:00\" \/>\n<meta property=\"og:image\" content=\"https:\/\/maison-chance.org\/shop\/wp-content\/uploads\/2024\/06\/San-pham-banh-NMM.jpg\" \/>\n\t<meta property=\"og:image:width\" content=\"600\" \/>\n\t<meta property=\"og:image:height\" content=\"600\" \/>\n\t<meta property=\"og:image:type\" content=\"image\/jpeg\" \/>\n<meta name=\"twitter:card\" content=\"summary_large_image\" \/>\n<meta name=\"twitter:label1\" content=\"Disponibilit\u00e9\" \/>\n\t<meta name=\"twitter:data1\" content=\"En stock\" \/>\n<script type=\"application\/ld+json\" class=\"yoast-schema-graph\">{\"@context\":\"https:\/\/schema.org\",\"@graph\":[{\"@type\":\"WebPage\",\"@id\":\"https:\/\/maison-chance.org\/shop\/fr\/produit\/friands-au-fromage\",\"url\":\"https:\/\/maison-chance.org\/shop\/fr\/produit\/friands-au-fromage\",\"name\":\"Friands au fromage - Nh\u00e0 May M\u1eafn - Maison Chance\",\"isPartOf\":{\"@id\":\"https:\/\/maison-chance.org\/shop\/fr#website\"},\"primaryImageOfPage\":{\"@id\":\"https:\/\/maison-chance.org\/shop\/fr\/produit\/friands-au-fromage#primaryimage\"},\"image\":{\"@id\":\"https:\/\/maison-chance.org\/shop\/fr\/produit\/friands-au-fromage#primaryimage\"},\"thumbnailUrl\":\"https:\/\/maison-chance.org\/shop\/wp-content\/uploads\/2024\/06\/banh-pho-mai.jpg\",\"datePublished\":\"2024-06-05T00:06:41+00:00\",\"dateModified\":\"2024-06-05T00:34:33+00:00\",\"description\":\"R\u00e9galez-vous des bouff\u00e9es de fromage de la Maison Chance avec leur saveur riche, croustillante et parfum\u00e9e. Commandez maintenant pour soutenir la Maison Chance et d\u00e9couvrir cette p\u00e2tisserie exquise\",\"breadcrumb\":{\"@id\":\"https:\/\/maison-chance.org\/shop\/fr\/produit\/friands-au-fromage#breadcrumb\"},\"inLanguage\":\"fr-FR\",\"potentialAction\":[{\"@type\":\"ReadAction\",\"target\":[\"https:\/\/maison-chance.org\/shop\/fr\/produit\/friands-au-fromage\"]}]},{\"@type\":\"ImageObject\",\"inLanguage\":\"fr-FR\",\"@id\":\"https:\/\/maison-chance.org\/shop\/fr\/produit\/friands-au-fromage#primaryimage\",\"url\":\"https:\/\/maison-chance.org\/shop\/wp-content\/uploads\/2024\/06\/banh-pho-mai.jpg\",\"contentUrl\":\"https:\/\/maison-chance.org\/shop\/wp-content\/uploads\/2024\/06\/banh-pho-mai.jpg\",\"width\":600,\"height\":600,\"caption\":\"B\u00e1nh ph\u00f4 mai\"},{\"@type\":\"BreadcrumbList\",\"@id\":\"https:\/\/maison-chance.org\/shop\/fr\/produit\/friands-au-fromage#breadcrumb\",\"itemListElement\":[{\"@type\":\"ListItem\",\"position\":1,\"name\":\"Trang ch\u1ee7\",\"item\":\"https:\/\/maison-chance.org\/shop\/fr\"},{\"@type\":\"ListItem\",\"position\":2,\"name\":\"Boutique\",\"item\":\"https:\/\/maison-chance.org\/shop\/shop\"},{\"@type\":\"ListItem\",\"position\":3,\"name\":\"Friands au fromage\"}]},{\"@type\":\"WebSite\",\"@id\":\"https:\/\/maison-chance.org\/shop\/fr#website\",\"url\":\"https:\/\/maison-chance.org\/shop\/fr\",\"name\":\"Nh\u00e0 May M\u1eafn - Maison Chance\",\"description\":\"M\u1ecdi l\u1ee3i nhu\u1eadn thu v\u1ec1 t\u1eeb vi\u1ec7c b\u00e1n h\u00e0ng s\u1ebd tr\u00edch m\u1ed9t ph\u1ea7n \u0111\u1ec3 ch\u0103m lo cho \u0111\u1eddi s\u1ed1ng c\u00e1c b\u1ea1n khuy\u1ebft t\u1eadt v\u00e0 tr\u1ebb m\u1ed3 c\u00f4i \u1edf \u0111\u00e2y\",\"publisher\":{\"@id\":\"https:\/\/maison-chance.org\/shop\/fr#organization\"},\"potentialAction\":[{\"@type\":\"SearchAction\",\"target\":{\"@type\":\"EntryPoint\",\"urlTemplate\":\"https:\/\/maison-chance.org\/shop\/fr?s={search_term_string}\"},\"query-input\":{\"@type\":\"PropertyValueSpecification\",\"valueRequired\":true,\"valueName\":\"search_term_string\"}}],\"inLanguage\":\"fr-FR\"},{\"@type\":\"Organization\",\"@id\":\"https:\/\/maison-chance.org\/shop\/fr#organization\",\"name\":\"Nh\u00e0 May M\u1eafn - Maison Chance\",\"url\":\"https:\/\/maison-chance.org\/shop\/fr\",\"logo\":{\"@type\":\"ImageObject\",\"inLanguage\":\"fr-FR\",\"@id\":\"https:\/\/maison-chance.org\/shop\/fr#\/schema\/logo\/image\/\",\"url\":\"https:\/\/maison-chance.org\/shop\/wp-content\/uploads\/2024\/03\/cropped-Logo_DNXH.png\",\"contentUrl\":\"https:\/\/maison-chance.org\/shop\/wp-content\/uploads\/2024\/03\/cropped-Logo_DNXH.png\",\"width\":512,\"height\":512,\"caption\":\"Nh\u00e0 May M\u1eafn - Maison Chance\"},\"image\":{\"@id\":\"https:\/\/maison-chance.org\/shop\/fr#\/schema\/logo\/image\/\"},\"sameAs\":[\"https:\/\/www.facebook.com\/dnxh.nhamayman\/\"]}]}<\/script>\n<meta property=\"og:availability\" content=\"instock\" \/>\n<meta property=\"product:availability\" content=\"instock\" \/>\n<meta property=\"product:condition\" content=\"new\" \/>\n<!-- \/ Yoast SEO Premium plugin. -->","yoast_head_json":{"title":"Friands au fromage - Nh\u00e0 May M\u1eafn - Maison Chance","description":"R\u00e9galez-vous des bouff\u00e9es de fromage de la Maison Chance avec leur saveur riche, croustillante et parfum\u00e9e. Commandez maintenant pour soutenir la Maison Chance et d\u00e9couvrir cette p\u00e2tisserie exquise","robots":{"index":"index","follow":"follow","max-snippet":"max-snippet:-1","max-image-preview":"max-image-preview:large","max-video-preview":"max-video-preview:-1"},"canonical":"https:\/\/maison-chance.org\/shop\/fr\/produit\/friands-au-fromage","og_locale":"fr_FR","og_type":"article","og_title":"Friands au fromage","og_description":"R\u00e9galez-vous des bouff\u00e9es de fromage de la Maison Chance avec leur saveur riche, croustillante et parfum\u00e9e. Commandez maintenant pour soutenir la Maison Chance et d\u00e9couvrir cette p\u00e2tisserie exquise","og_url":"https:\/\/maison-chance.org\/shop\/fr\/produit\/friands-au-fromage","og_site_name":"Nh\u00e0 May M\u1eafn - Maison Chance","article_publisher":"https:\/\/www.facebook.com\/dnxh.nhamayman\/","article_modified_time":"2024-06-05T00:34:33+00:00","og_image":[{"width":600,"height":600,"url":"https:\/\/maison-chance.org\/shop\/wp-content\/uploads\/2024\/06\/San-pham-banh-NMM.jpg","type":"image\/jpeg"}],"twitter_card":"summary_large_image","twitter_misc":{"Disponibilit\u00e9":"En stock"},"schema":{"@context":"https:\/\/schema.org","@graph":[{"@type":"WebPage","@id":"https:\/\/maison-chance.org\/shop\/fr\/produit\/friands-au-fromage","url":"https:\/\/maison-chance.org\/shop\/fr\/produit\/friands-au-fromage","name":"Friands au fromage - Nh\u00e0 May M\u1eafn - Maison Chance","isPartOf":{"@id":"https:\/\/maison-chance.org\/shop\/fr#website"},"primaryImageOfPage":{"@id":"https:\/\/maison-chance.org\/shop\/fr\/produit\/friands-au-fromage#primaryimage"},"image":{"@id":"https:\/\/maison-chance.org\/shop\/fr\/produit\/friands-au-fromage#primaryimage"},"thumbnailUrl":"https:\/\/maison-chance.org\/shop\/wp-content\/uploads\/2024\/06\/banh-pho-mai.jpg","datePublished":"2024-06-05T00:06:41+00:00","dateModified":"2024-06-05T00:34:33+00:00","description":"R\u00e9galez-vous des bouff\u00e9es de fromage de la Maison Chance avec leur saveur riche, croustillante et parfum\u00e9e. Commandez maintenant pour soutenir la Maison Chance et d\u00e9couvrir cette p\u00e2tisserie exquise","breadcrumb":{"@id":"https:\/\/maison-chance.org\/shop\/fr\/produit\/friands-au-fromage#breadcrumb"},"inLanguage":"fr-FR","potentialAction":[{"@type":"ReadAction","target":["https:\/\/maison-chance.org\/shop\/fr\/produit\/friands-au-fromage"]}]},{"@type":"ImageObject","inLanguage":"fr-FR","@id":"https:\/\/maison-chance.org\/shop\/fr\/produit\/friands-au-fromage#primaryimage","url":"https:\/\/maison-chance.org\/shop\/wp-content\/uploads\/2024\/06\/banh-pho-mai.jpg","contentUrl":"https:\/\/maison-chance.org\/shop\/wp-content\/uploads\/2024\/06\/banh-pho-mai.jpg","width":600,"height":600,"caption":"B\u00e1nh ph\u00f4 mai"},{"@type":"BreadcrumbList","@id":"https:\/\/maison-chance.org\/shop\/fr\/produit\/friands-au-fromage#breadcrumb","itemListElement":[{"@type":"ListItem","position":1,"name":"Trang ch\u1ee7","item":"https:\/\/maison-chance.org\/shop\/fr"},{"@type":"ListItem","position":2,"name":"Boutique","item":"https:\/\/maison-chance.org\/shop\/shop"},{"@type":"ListItem","position":3,"name":"Friands au fromage"}]},{"@type":"WebSite","@id":"https:\/\/maison-chance.org\/shop\/fr#website","url":"https:\/\/maison-chance.org\/shop\/fr","name":"Nh\u00e0 May M\u1eafn - Maison Chance","description":"M\u1ecdi l\u1ee3i nhu\u1eadn thu v\u1ec1 t\u1eeb vi\u1ec7c b\u00e1n h\u00e0ng s\u1ebd tr\u00edch m\u1ed9t ph\u1ea7n \u0111\u1ec3 ch\u0103m lo cho \u0111\u1eddi s\u1ed1ng c\u00e1c b\u1ea1n khuy\u1ebft t\u1eadt v\u00e0 tr\u1ebb m\u1ed3 c\u00f4i \u1edf \u0111\u00e2y","publisher":{"@id":"https:\/\/maison-chance.org\/shop\/fr#organization"},"potentialAction":[{"@type":"SearchAction","target":{"@type":"EntryPoint","urlTemplate":"https:\/\/maison-chance.org\/shop\/fr?s={search_term_string}"},"query-input":{"@type":"PropertyValueSpecification","valueRequired":true,"valueName":"search_term_string"}}],"inLanguage":"fr-FR"},{"@type":"Organization","@id":"https:\/\/maison-chance.org\/shop\/fr#organization","name":"Nh\u00e0 May M\u1eafn - Maison Chance","url":"https:\/\/maison-chance.org\/shop\/fr","logo":{"@type":"ImageObject","inLanguage":"fr-FR","@id":"https:\/\/maison-chance.org\/shop\/fr#\/schema\/logo\/image\/","url":"https:\/\/maison-chance.org\/shop\/wp-content\/uploads\/2024\/03\/cropped-Logo_DNXH.png","contentUrl":"https:\/\/maison-chance.org\/shop\/wp-content\/uploads\/2024\/03\/cropped-Logo_DNXH.png","width":512,"height":512,"caption":"Nh\u00e0 May M\u1eafn - Maison Chance"},"image":{"@id":"https:\/\/maison-chance.org\/shop\/fr#\/schema\/logo\/image\/"},"sameAs":["https:\/\/www.facebook.com\/dnxh.nhamayman\/"]}]},"og_availability":"instock","product_availability":"instock","product_condition":"new"},"_links":{"self":[{"href":"https:\/\/maison-chance.org\/shop\/fr\/wp-json\/wp\/v2\/product\/39406","targetHints":{"allow":["GET"]}}],"collection":[{"href":"https:\/\/maison-chance.org\/shop\/fr\/wp-json\/wp\/v2\/product"}],"about":[{"href":"https:\/\/maison-chance.org\/shop\/fr\/wp-json\/wp\/v2\/types\/product"}],"wp:featuredmedia":[{"embeddable":true,"href":"https:\/\/maison-chance.org\/shop\/fr\/wp-json\/wp\/v2\/media\/39416"}],"wp:attachment":[{"href":"https:\/\/maison-chance.org\/shop\/fr\/wp-json\/wp\/v2\/media?parent=39406"}],"wp:term":[{"taxonomy":"product_brand","embeddable":true,"href":"https:\/\/maison-chance.org\/shop\/fr\/wp-json\/wp\/v2\/product_brand?post=39406"},{"taxonomy":"product_cat","embeddable":true,"href":"https:\/\/maison-chance.org\/shop\/fr\/wp-json\/wp\/v2\/product_cat?post=39406"},{"taxonomy":"product_tag","embeddable":true,"href":"https:\/\/maison-chance.org\/shop\/fr\/wp-json\/wp\/v2\/product_tag?post=39406"}],"curies":[{"name":"wp","href":"https:\/\/api.w.org\/{rel}","templated":true}]}}