{"id":39429,"date":"2024-06-05T08:28:14","date_gmt":"2024-06-05T01:28:14","guid":{"rendered":"https:\/\/maison-chance.org\/shop\/san-pham\/roules-feuilletes-a-la-saucisse"},"modified":"2024-06-05T08:43:53","modified_gmt":"2024-06-05T01:43:53","slug":"roules-feuilletes-a-la-saucisse","status":"publish","type":"product","link":"https:\/\/maison-chance.org\/shop\/fr\/produit\/roules-feuilletes-a-la-saucisse","title":{"rendered":"Roul\u00e9s feuillet\u00e9s \u00e0 la saucisse"},"content":{"rendered":"<p style=\"text-align: center;\">D\u00e9couvrez la saveur sp\u00e9ciale des petits pains de saucisse chez Lucky House<\/p>\n<p style=\"text-align: justify;\">Laissez-nous vous pr\u00e9senter une exp\u00e9rience culinaire unique avec les petits pains de saucisse chez Lucky House. Avec des ingr\u00e9dients diversifi\u00e9s et des saveurs exquises, ce type de p\u00e2tisserie vous ravira non seulement mais vous donnera \u00e9galement envie d&rsquo;en reprendre.<\/p>\n<p style=\"text-align: justify;\">Chaque morceau de petit pain de saucisse chez Lucky House est fabriqu\u00e9 \u00e0 partir d&rsquo;ingr\u00e9dients de haute qualit\u00e9 tels que de la farine fine, du beurre d\u00e9licieux, du lait frais cr\u00e9meux, des \u0153ufs frais brillants et, bien s\u00fbr, de d\u00e9licieuses tranches de saucisse. Le tout est combin\u00e9 dans des proportions parfaites pour cr\u00e9er une saveur sp\u00e9ciale et inoubliable.<\/p>\n<p style=\"text-align: justify;\">Avec des poids allant de 100g \u00e0 180g par pi\u00e8ce, les petits pains de saucisse chez Lucky House ne sont pas seulement le choix parfait pour une collation matinale rapide mais aussi un ajout d\u00e9licieux aux r\u00e9unions de famille ou aux rencontres entre amis.<\/p>\n<p style=\"text-align: justify;\">La saveur sp\u00e9ciale des petits pains de saucisse vous gardera riv\u00e9 \u00e0 l&rsquo;assiette. Le go\u00fbt sucr\u00e9 de la farine, la richesse du beurre et du lait, ainsi que la saveur audacieuse de la saucisse cr\u00e9ent une combinaison parfaite, garantie pour satisfaire m\u00eame les palais les plus exigeants.<\/p>\n<p style=\"text-align: justify;\">Ne manquez pas la chance de vivre cette saveur sp\u00e9ciale! Rendez-vous au magasin Lucky House pour profiter et soutenir ce produit de p\u00e2tisserie unique d\u00e8s aujourd&rsquo;hui. Votre satisfaction est notre plus grande motivation pour continuer \u00e0 vous proposer encore plus de produits de qualit\u00e9 et uniques.<\/p>\n<p style=\"text-align: justify;\">Partagez la joie et l&rsquo;exp\u00e9rience culinaire sp\u00e9ciale avec vos amis et votre famille. Les petits pains de saucisse chez Lucky House rendront chaque rassemblement plus excitant et m\u00e9morable que jamais.<\/p>\n<p style=\"text-align: justify;\">Laissez-nous vous offrir une excellente exp\u00e9rience culinaire et laissez la saveur sp\u00e9ciale des Petits Pains de Saucisse chez Lucky House vous faire tomber amoureux d\u00e8s la premi\u00e8re bouch\u00e9e.<\/p>\n<p style=\"text-align: justify;\">Contactez-nous d\u00e8s aujourd&rsquo;hui pour passer une commande et n&rsquo;oubliez pas de partager votre exp\u00e9rience avec nous!<\/p>\n","protected":false},"excerpt":{"rendered":"<p style=\"text-align: justify;\">Les p\u00e2tisseries sucr\u00e9es sont fabriqu\u00e9es par des jeunes orphelins actuellement pris en charge par la Maison Chance &#8211; Lucky House. Nous esp\u00e9rons sinc\u00e8rement recevoir votre soutien!<\/p>\n<p>Hotline : <span style=\"font-size: 20px;\"><strong><span style=\"color: #ff0000;\">0909 06 25 28<\/span><\/strong><\/span><\/p>\n","protected":false},"featured_media":39421,"template":"","meta":[],"product_brand":[],"product_cat":[210,216],"product_tag":[],"class_list":{"0":"post-39429","1":"product","2":"type-product","3":"status-publish","4":"has-post-thumbnail","6":"product_cat-boulangerie","7":"product_cat-produits-sales","9":"first","10":"instock","11":"shipping-taxable","12":"purchasable","13":"product-type-variable"},"yoast_head":"<!-- This site is optimized with the Yoast SEO Premium plugin v22.7 (Yoast SEO v25.3.1) - https:\/\/yoast.com\/wordpress\/plugins\/seo\/ -->\n<title>Roul\u00e9s feuillet\u00e9s \u00e0 la saucisse - Nh\u00e0 May M\u1eafn - Maison Chance<\/title>\n<meta name=\"description\" content=\"D\u00e9couvrez la saveur particuli\u00e8re des feuillet\u00e9s de saucisse \u00e0 la Maison Chance et commandez d\u00e8s aujourd&#039;hui pour vivre une exp\u00e9rience culinaire unique !\" \/>\n<meta name=\"robots\" content=\"index, follow, max-snippet:-1, max-image-preview:large, max-video-preview:-1\" \/>\n<link rel=\"canonical\" href=\"https:\/\/maison-chance.org\/shop\/fr\/produit\/roules-feuilletes-a-la-saucisse\" \/>\n<meta property=\"og:locale\" content=\"fr_FR\" \/>\n<meta property=\"og:type\" content=\"article\" \/>\n<meta property=\"og:title\" content=\"Roul\u00e9s feuillet\u00e9s \u00e0 la saucisse\" \/>\n<meta property=\"og:description\" content=\"D\u00e9couvrez la saveur particuli\u00e8re des feuillet\u00e9s de saucisse \u00e0 la Maison Chance et commandez d\u00e8s aujourd&#039;hui pour vivre une exp\u00e9rience culinaire unique !\" \/>\n<meta property=\"og:url\" content=\"https:\/\/maison-chance.org\/shop\/fr\/produit\/roules-feuilletes-a-la-saucisse\" \/>\n<meta property=\"og:site_name\" content=\"Nh\u00e0 May M\u1eafn - Maison Chance\" \/>\n<meta property=\"article:publisher\" content=\"https:\/\/www.facebook.com\/dnxh.nhamayman\/\" \/>\n<meta property=\"article:modified_time\" content=\"2024-06-05T01:43:53+00:00\" \/>\n<meta property=\"og:image\" content=\"https:\/\/maison-chance.org\/shop\/wp-content\/uploads\/2024\/06\/banh-xuc-xich.jpg\" \/>\n\t<meta property=\"og:image:width\" content=\"600\" \/>\n\t<meta property=\"og:image:height\" content=\"600\" \/>\n\t<meta property=\"og:image:type\" content=\"image\/jpeg\" \/>\n<meta name=\"twitter:card\" content=\"summary_large_image\" \/>\n<meta name=\"twitter:label1\" content=\"Disponibilit\u00e9\" \/>\n\t<meta name=\"twitter:data1\" content=\"En stock\" \/>\n<script type=\"application\/ld+json\" class=\"yoast-schema-graph\">{\"@context\":\"https:\/\/schema.org\",\"@graph\":[{\"@type\":\"WebPage\",\"@id\":\"https:\/\/maison-chance.org\/shop\/fr\/produit\/roules-feuilletes-a-la-saucisse\",\"url\":\"https:\/\/maison-chance.org\/shop\/fr\/produit\/roules-feuilletes-a-la-saucisse\",\"name\":\"Roul\u00e9s feuillet\u00e9s \u00e0 la saucisse - Nh\u00e0 May M\u1eafn - Maison Chance\",\"isPartOf\":{\"@id\":\"https:\/\/maison-chance.org\/shop\/fr#website\"},\"primaryImageOfPage\":{\"@id\":\"https:\/\/maison-chance.org\/shop\/fr\/produit\/roules-feuilletes-a-la-saucisse#primaryimage\"},\"image\":{\"@id\":\"https:\/\/maison-chance.org\/shop\/fr\/produit\/roules-feuilletes-a-la-saucisse#primaryimage\"},\"thumbnailUrl\":\"https:\/\/maison-chance.org\/shop\/wp-content\/uploads\/2024\/06\/banh-xuc-xich.jpg\",\"datePublished\":\"2024-06-05T01:28:14+00:00\",\"dateModified\":\"2024-06-05T01:43:53+00:00\",\"description\":\"D\u00e9couvrez la saveur particuli\u00e8re des feuillet\u00e9s de saucisse \u00e0 la Maison Chance et commandez d\u00e8s aujourd'hui pour vivre une exp\u00e9rience culinaire unique !\",\"breadcrumb\":{\"@id\":\"https:\/\/maison-chance.org\/shop\/fr\/produit\/roules-feuilletes-a-la-saucisse#breadcrumb\"},\"inLanguage\":\"fr-FR\",\"potentialAction\":[{\"@type\":\"ReadAction\",\"target\":[\"https:\/\/maison-chance.org\/shop\/fr\/produit\/roules-feuilletes-a-la-saucisse\"]}]},{\"@type\":\"ImageObject\",\"inLanguage\":\"fr-FR\",\"@id\":\"https:\/\/maison-chance.org\/shop\/fr\/produit\/roules-feuilletes-a-la-saucisse#primaryimage\",\"url\":\"https:\/\/maison-chance.org\/shop\/wp-content\/uploads\/2024\/06\/banh-xuc-xich.jpg\",\"contentUrl\":\"https:\/\/maison-chance.org\/shop\/wp-content\/uploads\/2024\/06\/banh-xuc-xich.jpg\",\"width\":600,\"height\":600,\"caption\":\"Roul\u00e9s feuillet\u00e9s \u00e0 la saucisse\"},{\"@type\":\"BreadcrumbList\",\"@id\":\"https:\/\/maison-chance.org\/shop\/fr\/produit\/roules-feuilletes-a-la-saucisse#breadcrumb\",\"itemListElement\":[{\"@type\":\"ListItem\",\"position\":1,\"name\":\"Trang ch\u1ee7\",\"item\":\"https:\/\/maison-chance.org\/shop\/fr\"},{\"@type\":\"ListItem\",\"position\":2,\"name\":\"Boutique\",\"item\":\"https:\/\/maison-chance.org\/shop\/shop\"},{\"@type\":\"ListItem\",\"position\":3,\"name\":\"Roul\u00e9s feuillet\u00e9s \u00e0 la saucisse\"}]},{\"@type\":\"WebSite\",\"@id\":\"https:\/\/maison-chance.org\/shop\/fr#website\",\"url\":\"https:\/\/maison-chance.org\/shop\/fr\",\"name\":\"Nh\u00e0 May M\u1eafn - Maison Chance\",\"description\":\"M\u1ecdi l\u1ee3i nhu\u1eadn thu v\u1ec1 t\u1eeb vi\u1ec7c b\u00e1n h\u00e0ng s\u1ebd tr\u00edch m\u1ed9t ph\u1ea7n \u0111\u1ec3 ch\u0103m lo cho \u0111\u1eddi s\u1ed1ng c\u00e1c b\u1ea1n khuy\u1ebft t\u1eadt v\u00e0 tr\u1ebb m\u1ed3 c\u00f4i \u1edf \u0111\u00e2y\",\"publisher\":{\"@id\":\"https:\/\/maison-chance.org\/shop\/fr#organization\"},\"potentialAction\":[{\"@type\":\"SearchAction\",\"target\":{\"@type\":\"EntryPoint\",\"urlTemplate\":\"https:\/\/maison-chance.org\/shop\/fr?s={search_term_string}\"},\"query-input\":{\"@type\":\"PropertyValueSpecification\",\"valueRequired\":true,\"valueName\":\"search_term_string\"}}],\"inLanguage\":\"fr-FR\"},{\"@type\":\"Organization\",\"@id\":\"https:\/\/maison-chance.org\/shop\/fr#organization\",\"name\":\"Nh\u00e0 May M\u1eafn - Maison Chance\",\"url\":\"https:\/\/maison-chance.org\/shop\/fr\",\"logo\":{\"@type\":\"ImageObject\",\"inLanguage\":\"fr-FR\",\"@id\":\"https:\/\/maison-chance.org\/shop\/fr#\/schema\/logo\/image\/\",\"url\":\"https:\/\/maison-chance.org\/shop\/wp-content\/uploads\/2024\/03\/cropped-Logo_DNXH.png\",\"contentUrl\":\"https:\/\/maison-chance.org\/shop\/wp-content\/uploads\/2024\/03\/cropped-Logo_DNXH.png\",\"width\":512,\"height\":512,\"caption\":\"Nh\u00e0 May M\u1eafn - Maison Chance\"},\"image\":{\"@id\":\"https:\/\/maison-chance.org\/shop\/fr#\/schema\/logo\/image\/\"},\"sameAs\":[\"https:\/\/www.facebook.com\/dnxh.nhamayman\/\"]}]}<\/script>\n<meta property=\"og:availability\" content=\"instock\" \/>\n<meta property=\"product:availability\" content=\"instock\" \/>\n<meta property=\"product:condition\" content=\"new\" \/>\n<!-- \/ Yoast SEO Premium plugin. -->","yoast_head_json":{"title":"Roul\u00e9s feuillet\u00e9s \u00e0 la saucisse - Nh\u00e0 May M\u1eafn - Maison Chance","description":"D\u00e9couvrez la saveur particuli\u00e8re des feuillet\u00e9s de saucisse \u00e0 la Maison Chance et commandez d\u00e8s aujourd'hui pour vivre une exp\u00e9rience culinaire unique !","robots":{"index":"index","follow":"follow","max-snippet":"max-snippet:-1","max-image-preview":"max-image-preview:large","max-video-preview":"max-video-preview:-1"},"canonical":"https:\/\/maison-chance.org\/shop\/fr\/produit\/roules-feuilletes-a-la-saucisse","og_locale":"fr_FR","og_type":"article","og_title":"Roul\u00e9s feuillet\u00e9s \u00e0 la saucisse","og_description":"D\u00e9couvrez la saveur particuli\u00e8re des feuillet\u00e9s de saucisse \u00e0 la Maison Chance et commandez d\u00e8s aujourd'hui pour vivre une exp\u00e9rience culinaire unique !","og_url":"https:\/\/maison-chance.org\/shop\/fr\/produit\/roules-feuilletes-a-la-saucisse","og_site_name":"Nh\u00e0 May M\u1eafn - Maison Chance","article_publisher":"https:\/\/www.facebook.com\/dnxh.nhamayman\/","article_modified_time":"2024-06-05T01:43:53+00:00","og_image":[{"width":600,"height":600,"url":"https:\/\/maison-chance.org\/shop\/wp-content\/uploads\/2024\/06\/banh-xuc-xich.jpg","type":"image\/jpeg"}],"twitter_card":"summary_large_image","twitter_misc":{"Disponibilit\u00e9":"En stock"},"schema":{"@context":"https:\/\/schema.org","@graph":[{"@type":"WebPage","@id":"https:\/\/maison-chance.org\/shop\/fr\/produit\/roules-feuilletes-a-la-saucisse","url":"https:\/\/maison-chance.org\/shop\/fr\/produit\/roules-feuilletes-a-la-saucisse","name":"Roul\u00e9s feuillet\u00e9s \u00e0 la saucisse - Nh\u00e0 May M\u1eafn - Maison Chance","isPartOf":{"@id":"https:\/\/maison-chance.org\/shop\/fr#website"},"primaryImageOfPage":{"@id":"https:\/\/maison-chance.org\/shop\/fr\/produit\/roules-feuilletes-a-la-saucisse#primaryimage"},"image":{"@id":"https:\/\/maison-chance.org\/shop\/fr\/produit\/roules-feuilletes-a-la-saucisse#primaryimage"},"thumbnailUrl":"https:\/\/maison-chance.org\/shop\/wp-content\/uploads\/2024\/06\/banh-xuc-xich.jpg","datePublished":"2024-06-05T01:28:14+00:00","dateModified":"2024-06-05T01:43:53+00:00","description":"D\u00e9couvrez la saveur particuli\u00e8re des feuillet\u00e9s de saucisse \u00e0 la Maison Chance et commandez d\u00e8s aujourd'hui pour vivre une exp\u00e9rience culinaire unique !","breadcrumb":{"@id":"https:\/\/maison-chance.org\/shop\/fr\/produit\/roules-feuilletes-a-la-saucisse#breadcrumb"},"inLanguage":"fr-FR","potentialAction":[{"@type":"ReadAction","target":["https:\/\/maison-chance.org\/shop\/fr\/produit\/roules-feuilletes-a-la-saucisse"]}]},{"@type":"ImageObject","inLanguage":"fr-FR","@id":"https:\/\/maison-chance.org\/shop\/fr\/produit\/roules-feuilletes-a-la-saucisse#primaryimage","url":"https:\/\/maison-chance.org\/shop\/wp-content\/uploads\/2024\/06\/banh-xuc-xich.jpg","contentUrl":"https:\/\/maison-chance.org\/shop\/wp-content\/uploads\/2024\/06\/banh-xuc-xich.jpg","width":600,"height":600,"caption":"Roul\u00e9s feuillet\u00e9s \u00e0 la saucisse"},{"@type":"BreadcrumbList","@id":"https:\/\/maison-chance.org\/shop\/fr\/produit\/roules-feuilletes-a-la-saucisse#breadcrumb","itemListElement":[{"@type":"ListItem","position":1,"name":"Trang ch\u1ee7","item":"https:\/\/maison-chance.org\/shop\/fr"},{"@type":"ListItem","position":2,"name":"Boutique","item":"https:\/\/maison-chance.org\/shop\/shop"},{"@type":"ListItem","position":3,"name":"Roul\u00e9s feuillet\u00e9s \u00e0 la saucisse"}]},{"@type":"WebSite","@id":"https:\/\/maison-chance.org\/shop\/fr#website","url":"https:\/\/maison-chance.org\/shop\/fr","name":"Nh\u00e0 May M\u1eafn - Maison Chance","description":"M\u1ecdi l\u1ee3i nhu\u1eadn thu v\u1ec1 t\u1eeb vi\u1ec7c b\u00e1n h\u00e0ng s\u1ebd tr\u00edch m\u1ed9t ph\u1ea7n \u0111\u1ec3 ch\u0103m lo cho \u0111\u1eddi s\u1ed1ng c\u00e1c b\u1ea1n khuy\u1ebft t\u1eadt v\u00e0 tr\u1ebb m\u1ed3 c\u00f4i \u1edf \u0111\u00e2y","publisher":{"@id":"https:\/\/maison-chance.org\/shop\/fr#organization"},"potentialAction":[{"@type":"SearchAction","target":{"@type":"EntryPoint","urlTemplate":"https:\/\/maison-chance.org\/shop\/fr?s={search_term_string}"},"query-input":{"@type":"PropertyValueSpecification","valueRequired":true,"valueName":"search_term_string"}}],"inLanguage":"fr-FR"},{"@type":"Organization","@id":"https:\/\/maison-chance.org\/shop\/fr#organization","name":"Nh\u00e0 May M\u1eafn - Maison Chance","url":"https:\/\/maison-chance.org\/shop\/fr","logo":{"@type":"ImageObject","inLanguage":"fr-FR","@id":"https:\/\/maison-chance.org\/shop\/fr#\/schema\/logo\/image\/","url":"https:\/\/maison-chance.org\/shop\/wp-content\/uploads\/2024\/03\/cropped-Logo_DNXH.png","contentUrl":"https:\/\/maison-chance.org\/shop\/wp-content\/uploads\/2024\/03\/cropped-Logo_DNXH.png","width":512,"height":512,"caption":"Nh\u00e0 May M\u1eafn - Maison Chance"},"image":{"@id":"https:\/\/maison-chance.org\/shop\/fr#\/schema\/logo\/image\/"},"sameAs":["https:\/\/www.facebook.com\/dnxh.nhamayman\/"]}]},"og_availability":"instock","product_availability":"instock","product_condition":"new"},"_links":{"self":[{"href":"https:\/\/maison-chance.org\/shop\/fr\/wp-json\/wp\/v2\/product\/39429","targetHints":{"allow":["GET"]}}],"collection":[{"href":"https:\/\/maison-chance.org\/shop\/fr\/wp-json\/wp\/v2\/product"}],"about":[{"href":"https:\/\/maison-chance.org\/shop\/fr\/wp-json\/wp\/v2\/types\/product"}],"wp:featuredmedia":[{"embeddable":true,"href":"https:\/\/maison-chance.org\/shop\/fr\/wp-json\/wp\/v2\/media\/39421"}],"wp:attachment":[{"href":"https:\/\/maison-chance.org\/shop\/fr\/wp-json\/wp\/v2\/media?parent=39429"}],"wp:term":[{"taxonomy":"product_brand","embeddable":true,"href":"https:\/\/maison-chance.org\/shop\/fr\/wp-json\/wp\/v2\/product_brand?post=39429"},{"taxonomy":"product_cat","embeddable":true,"href":"https:\/\/maison-chance.org\/shop\/fr\/wp-json\/wp\/v2\/product_cat?post=39429"},{"taxonomy":"product_tag","embeddable":true,"href":"https:\/\/maison-chance.org\/shop\/fr\/wp-json\/wp\/v2\/product_tag?post=39429"}],"curies":[{"name":"wp","href":"https:\/\/api.w.org\/{rel}","templated":true}]}}