{"id":39444,"date":"2024-06-06T04:48:18","date_gmt":"2024-06-05T21:48:18","guid":{"rendered":"https:\/\/maison-chance.org\/shop\/san-pham\/pizza"},"modified":"2024-06-06T05:02:28","modified_gmt":"2024-06-05T22:02:28","slug":"pizza","status":"publish","type":"product","link":"https:\/\/maison-chance.org\/shop\/fr\/produit\/pizza","title":{"rendered":"Pizza"},"content":{"rendered":"<p style=\"text-align: center;\">Savourez la D\u00e9licieuse Saveur de la Pizza chez Maison Chance<\/p>\n<p style=\"text-align: justify;\">Quand il s&rsquo;agit de pizza, personne ne peut r\u00e9sister \u00e0 l&rsquo;attrait des tranches d\u00e9licieuses et croustillantes combin\u00e9es avec des garnitures riches et savoureuses. Chez Maison Chance, nous sommes fiers de vous offrir des pizzas de qualit\u00e9, non seulement d\u00e9licieuses mais aussi impr\u00e9gn\u00e9es d&rsquo;amour et de soin dans chaque d\u00e9tail.<br \/>\nLa Saveur Unique de la Pizza Maison Chance<\/p>\n<p><strong>Ingr\u00e9dients principaux :<\/strong><\/p>\n<p style=\"text-align: justify;\">Farine : Soigneusement s\u00e9lectionn\u00e9e, notre farine garantit une douceur et une croustillance parfaites pour la cro\u00fbte.<\/p>\n<p style=\"text-align: justify;\">\u0152ufs : Am\u00e9liorent la douceur et l&rsquo;adh\u00e9rence de la p\u00e2te.<\/p>\n<p style=\"text-align: justify;\">Sucre et levure : Aident la p\u00e2te \u00e0 lever, douce et attrayante.<\/p>\n<p style=\"text-align: justify;\">Tomates : Fra\u00eeches et riches en vitamines, cr\u00e9ant une sauce riche.<\/p>\n<p style=\"text-align: justify;\">Jambon et saucisse : S\u00e9lectionn\u00e9s aupr\u00e8s de fournisseurs r\u00e9put\u00e9s, garantissant la s\u00e9curit\u00e9 alimentaire.<\/p>\n<p style=\"text-align: justify;\">Les pizzas de Maison Chance sont cuites dans des fours standards, garantissant que chaque pizza ait une cro\u00fbte croustillante, combin\u00e9e avec du fromage cr\u00e9meux et fondant. Lors de la d\u00e9gustation, vous ressentirez une d\u00e9licate harmonie entre la douceur des tomates, le sal\u00e9 du jambon et de la saucisse, et la saveur distinctive de la farine dor\u00e9e au four.<\/p>\n<p><strong>Pourquoi Choisir les Pizzas de Maison Chance ?<\/strong><\/p>\n<p style=\"text-align: justify;\">Qualit\u00e9 garantie : Chaque pizza est faite \u00e0 partir d&rsquo;ingr\u00e9dients frais, garantissant la s\u00e9curit\u00e9 alimentaire.<br \/>\nSaveur unique : Avec une recette unique, nos pizzas offrent un go\u00fbt riche et inoubliable.<\/p>\n<p style=\"text-align: justify;\">Prix raisonnable : Nous nous effor\u00e7ons toujours de fournir des produits de qualit\u00e9 \u00e0 des prix abordables.<\/p>\n<p style=\"text-align: justify;\">Soutien \u00e0 la communaut\u00e9 : Lorsque vous achetez chez Maison Chance, vous soutenez non seulement les personnes en difficult\u00e9, mais vous contribuez \u00e9galement \u00e0 les aider \u00e0 se relever dans la vie.<\/p>\n<p><strong>Essayez les Pizzas de Maison Chance D\u00e8s Aujourd&rsquo;hui !<\/strong><\/p>\n<p style=\"text-align: justify;\">Ne manquez pas l&rsquo;occasion de d\u00e9guster ces merveilleuses pizzas. Venez chez Maison Chance pour vivre une exp\u00e9rience gustative unique et diff\u00e9rente. Nous nous engageons \u00e0 vous offrir une exp\u00e9rience culinaire inoubliable. En particulier, lorsque vous achetez chez Maison Chance, vous soutenez les personnes dans le besoin et leur donnez une chance de s&rsquo;\u00e9lever dans la vie.<\/p>\n<p style=\"text-align: justify;\">Appelez-nous d\u00e8s maintenant pour passer une commande ou visitez le magasin pour d\u00e9guster. Nous sommes toujours pr\u00eats \u00e0 vous servir avec les pizzas les plus chaudes, les plus d\u00e9licieuses et les plus attrayantes.<\/p>\n","protected":false},"excerpt":{"rendered":"<p style=\"text-align: justify;\">Les p\u00e2tisseries sont fabriqu\u00e9es par des jeunes orphelins actuellement pris en charge par Maison Chance. Nous esp\u00e9rons sinc\u00e8rement votre soutien!<\/p>\n<p>Hotline: <span style=\"font-size: 20px;\"><strong><span style=\"color: #ff0000;\">0909 06 25 28<\/span><\/strong><\/span><\/p>\n","protected":false},"featured_media":39440,"template":"","meta":[],"product_brand":[],"product_cat":[210,216],"product_tag":[],"class_list":{"0":"post-39444","1":"product","2":"type-product","3":"status-publish","4":"has-post-thumbnail","6":"product_cat-boulangerie","7":"product_cat-produits-sales","9":"first","10":"instock","11":"shipping-taxable","12":"purchasable","13":"product-type-simple"},"yoast_head":"<!-- This site is optimized with the Yoast SEO Premium plugin v22.7 (Yoast SEO v25.3.1) - https:\/\/yoast.com\/wordpress\/plugins\/seo\/ -->\n<title>Pizza - Nh\u00e0 May M\u1eafn - Maison Chance<\/title>\n<meta name=\"description\" content=\"D\u00e9gustez des pizzas \u00e0 Maison Chance avec des saveurs uniques, des prix raisonnables et une qualit\u00e9 garantie. Soutenez nos produits pour contribuer \u00e0 la communaut\u00e9\" \/>\n<meta name=\"robots\" content=\"index, follow, max-snippet:-1, max-image-preview:large, max-video-preview:-1\" \/>\n<link rel=\"canonical\" href=\"https:\/\/maison-chance.org\/shop\/fr\/produit\/pizza\" \/>\n<meta property=\"og:locale\" content=\"fr_FR\" \/>\n<meta property=\"og:type\" content=\"article\" \/>\n<meta property=\"og:title\" content=\"Pizza\" \/>\n<meta property=\"og:description\" content=\"D\u00e9gustez des pizzas \u00e0 Maison Chance avec des saveurs uniques, des prix raisonnables et une qualit\u00e9 garantie. Soutenez nos produits pour contribuer \u00e0 la communaut\u00e9\" \/>\n<meta property=\"og:url\" content=\"https:\/\/maison-chance.org\/shop\/fr\/produit\/pizza\" \/>\n<meta property=\"og:site_name\" content=\"Nh\u00e0 May M\u1eafn - Maison Chance\" \/>\n<meta property=\"article:publisher\" content=\"https:\/\/www.facebook.com\/dnxh.nhamayman\/\" \/>\n<meta property=\"article:modified_time\" content=\"2024-06-05T22:02:28+00:00\" \/>\n<meta property=\"og:image\" content=\"https:\/\/maison-chance.org\/shop\/wp-content\/uploads\/2024\/06\/Banh-pizza.jpg\" \/>\n\t<meta property=\"og:image:width\" content=\"600\" \/>\n\t<meta property=\"og:image:height\" content=\"600\" \/>\n\t<meta property=\"og:image:type\" content=\"image\/jpeg\" \/>\n<meta name=\"twitter:card\" content=\"summary_large_image\" \/>\n<meta name=\"twitter:label1\" content=\"Prix\" \/>\n\t<meta name=\"twitter:data1\" content=\"&euro;1.10\" \/>\n\t<meta name=\"twitter:label2\" content=\"Disponibilit\u00e9\" \/>\n\t<meta name=\"twitter:data2\" content=\"En stock\" \/>\n<script type=\"application\/ld+json\" class=\"yoast-schema-graph\">{\"@context\":\"https:\/\/schema.org\",\"@graph\":[{\"@type\":\"WebPage\",\"@id\":\"https:\/\/maison-chance.org\/shop\/fr\/produit\/pizza\",\"url\":\"https:\/\/maison-chance.org\/shop\/fr\/produit\/pizza\",\"name\":\"Pizza - Nh\u00e0 May M\u1eafn - Maison Chance\",\"isPartOf\":{\"@id\":\"https:\/\/maison-chance.org\/shop\/fr#website\"},\"primaryImageOfPage\":{\"@id\":\"https:\/\/maison-chance.org\/shop\/fr\/produit\/pizza#primaryimage\"},\"image\":{\"@id\":\"https:\/\/maison-chance.org\/shop\/fr\/produit\/pizza#primaryimage\"},\"thumbnailUrl\":\"https:\/\/maison-chance.org\/shop\/wp-content\/uploads\/2024\/06\/Banh-pizza.jpg\",\"datePublished\":\"2024-06-05T21:48:18+00:00\",\"dateModified\":\"2024-06-05T22:02:28+00:00\",\"description\":\"D\u00e9gustez des pizzas \u00e0 Maison Chance avec des saveurs uniques, des prix raisonnables et une qualit\u00e9 garantie. Soutenez nos produits pour contribuer \u00e0 la communaut\u00e9\",\"breadcrumb\":{\"@id\":\"https:\/\/maison-chance.org\/shop\/fr\/produit\/pizza#breadcrumb\"},\"inLanguage\":\"fr-FR\",\"potentialAction\":[{\"@type\":\"ReadAction\",\"target\":[\"https:\/\/maison-chance.org\/shop\/fr\/produit\/pizza\"]}]},{\"@type\":\"ImageObject\",\"inLanguage\":\"fr-FR\",\"@id\":\"https:\/\/maison-chance.org\/shop\/fr\/produit\/pizza#primaryimage\",\"url\":\"https:\/\/maison-chance.org\/shop\/wp-content\/uploads\/2024\/06\/Banh-pizza.jpg\",\"contentUrl\":\"https:\/\/maison-chance.org\/shop\/wp-content\/uploads\/2024\/06\/Banh-pizza.jpg\",\"width\":600,\"height\":600,\"caption\":\"Pizza\"},{\"@type\":\"BreadcrumbList\",\"@id\":\"https:\/\/maison-chance.org\/shop\/fr\/produit\/pizza#breadcrumb\",\"itemListElement\":[{\"@type\":\"ListItem\",\"position\":1,\"name\":\"Trang ch\u1ee7\",\"item\":\"https:\/\/maison-chance.org\/shop\/fr\"},{\"@type\":\"ListItem\",\"position\":2,\"name\":\"Boutique\",\"item\":\"https:\/\/maison-chance.org\/shop\/shop\"},{\"@type\":\"ListItem\",\"position\":3,\"name\":\"Pizza\"}]},{\"@type\":\"WebSite\",\"@id\":\"https:\/\/maison-chance.org\/shop\/fr#website\",\"url\":\"https:\/\/maison-chance.org\/shop\/fr\",\"name\":\"Nh\u00e0 May M\u1eafn - Maison Chance\",\"description\":\"M\u1ecdi l\u1ee3i nhu\u1eadn thu v\u1ec1 t\u1eeb vi\u1ec7c b\u00e1n h\u00e0ng s\u1ebd tr\u00edch m\u1ed9t ph\u1ea7n \u0111\u1ec3 ch\u0103m lo cho \u0111\u1eddi s\u1ed1ng c\u00e1c b\u1ea1n khuy\u1ebft t\u1eadt v\u00e0 tr\u1ebb m\u1ed3 c\u00f4i \u1edf \u0111\u00e2y\",\"publisher\":{\"@id\":\"https:\/\/maison-chance.org\/shop\/fr#organization\"},\"potentialAction\":[{\"@type\":\"SearchAction\",\"target\":{\"@type\":\"EntryPoint\",\"urlTemplate\":\"https:\/\/maison-chance.org\/shop\/fr?s={search_term_string}\"},\"query-input\":{\"@type\":\"PropertyValueSpecification\",\"valueRequired\":true,\"valueName\":\"search_term_string\"}}],\"inLanguage\":\"fr-FR\"},{\"@type\":\"Organization\",\"@id\":\"https:\/\/maison-chance.org\/shop\/fr#organization\",\"name\":\"Nh\u00e0 May M\u1eafn - Maison Chance\",\"url\":\"https:\/\/maison-chance.org\/shop\/fr\",\"logo\":{\"@type\":\"ImageObject\",\"inLanguage\":\"fr-FR\",\"@id\":\"https:\/\/maison-chance.org\/shop\/fr#\/schema\/logo\/image\/\",\"url\":\"https:\/\/maison-chance.org\/shop\/wp-content\/uploads\/2024\/03\/cropped-Logo_DNXH.png\",\"contentUrl\":\"https:\/\/maison-chance.org\/shop\/wp-content\/uploads\/2024\/03\/cropped-Logo_DNXH.png\",\"width\":512,\"height\":512,\"caption\":\"Nh\u00e0 May M\u1eafn - Maison Chance\"},\"image\":{\"@id\":\"https:\/\/maison-chance.org\/shop\/fr#\/schema\/logo\/image\/\"},\"sameAs\":[\"https:\/\/www.facebook.com\/dnxh.nhamayman\/\"]}]}<\/script>\n<meta property=\"product:price:amount\" content=\"1.10\" \/>\n<meta property=\"product:price:currency\" content=\"EUR\" \/>\n<meta property=\"og:availability\" content=\"instock\" \/>\n<meta property=\"product:availability\" content=\"instock\" \/>\n<meta property=\"product:condition\" content=\"new\" \/>\n<!-- \/ Yoast SEO Premium plugin. -->","yoast_head_json":{"title":"Pizza - Nh\u00e0 May M\u1eafn - Maison Chance","description":"D\u00e9gustez des pizzas \u00e0 Maison Chance avec des saveurs uniques, des prix raisonnables et une qualit\u00e9 garantie. Soutenez nos produits pour contribuer \u00e0 la communaut\u00e9","robots":{"index":"index","follow":"follow","max-snippet":"max-snippet:-1","max-image-preview":"max-image-preview:large","max-video-preview":"max-video-preview:-1"},"canonical":"https:\/\/maison-chance.org\/shop\/fr\/produit\/pizza","og_locale":"fr_FR","og_type":"article","og_title":"Pizza","og_description":"D\u00e9gustez des pizzas \u00e0 Maison Chance avec des saveurs uniques, des prix raisonnables et une qualit\u00e9 garantie. Soutenez nos produits pour contribuer \u00e0 la communaut\u00e9","og_url":"https:\/\/maison-chance.org\/shop\/fr\/produit\/pizza","og_site_name":"Nh\u00e0 May M\u1eafn - Maison Chance","article_publisher":"https:\/\/www.facebook.com\/dnxh.nhamayman\/","article_modified_time":"2024-06-05T22:02:28+00:00","og_image":[{"width":600,"height":600,"url":"https:\/\/maison-chance.org\/shop\/wp-content\/uploads\/2024\/06\/Banh-pizza.jpg","type":"image\/jpeg"}],"twitter_card":"summary_large_image","twitter_misc":{"Prix":"&euro;1.10","Disponibilit\u00e9":"En stock"},"schema":{"@context":"https:\/\/schema.org","@graph":[{"@type":"WebPage","@id":"https:\/\/maison-chance.org\/shop\/fr\/produit\/pizza","url":"https:\/\/maison-chance.org\/shop\/fr\/produit\/pizza","name":"Pizza - Nh\u00e0 May M\u1eafn - Maison Chance","isPartOf":{"@id":"https:\/\/maison-chance.org\/shop\/fr#website"},"primaryImageOfPage":{"@id":"https:\/\/maison-chance.org\/shop\/fr\/produit\/pizza#primaryimage"},"image":{"@id":"https:\/\/maison-chance.org\/shop\/fr\/produit\/pizza#primaryimage"},"thumbnailUrl":"https:\/\/maison-chance.org\/shop\/wp-content\/uploads\/2024\/06\/Banh-pizza.jpg","datePublished":"2024-06-05T21:48:18+00:00","dateModified":"2024-06-05T22:02:28+00:00","description":"D\u00e9gustez des pizzas \u00e0 Maison Chance avec des saveurs uniques, des prix raisonnables et une qualit\u00e9 garantie. Soutenez nos produits pour contribuer \u00e0 la communaut\u00e9","breadcrumb":{"@id":"https:\/\/maison-chance.org\/shop\/fr\/produit\/pizza#breadcrumb"},"inLanguage":"fr-FR","potentialAction":[{"@type":"ReadAction","target":["https:\/\/maison-chance.org\/shop\/fr\/produit\/pizza"]}]},{"@type":"ImageObject","inLanguage":"fr-FR","@id":"https:\/\/maison-chance.org\/shop\/fr\/produit\/pizza#primaryimage","url":"https:\/\/maison-chance.org\/shop\/wp-content\/uploads\/2024\/06\/Banh-pizza.jpg","contentUrl":"https:\/\/maison-chance.org\/shop\/wp-content\/uploads\/2024\/06\/Banh-pizza.jpg","width":600,"height":600,"caption":"Pizza"},{"@type":"BreadcrumbList","@id":"https:\/\/maison-chance.org\/shop\/fr\/produit\/pizza#breadcrumb","itemListElement":[{"@type":"ListItem","position":1,"name":"Trang ch\u1ee7","item":"https:\/\/maison-chance.org\/shop\/fr"},{"@type":"ListItem","position":2,"name":"Boutique","item":"https:\/\/maison-chance.org\/shop\/shop"},{"@type":"ListItem","position":3,"name":"Pizza"}]},{"@type":"WebSite","@id":"https:\/\/maison-chance.org\/shop\/fr#website","url":"https:\/\/maison-chance.org\/shop\/fr","name":"Nh\u00e0 May M\u1eafn - Maison Chance","description":"M\u1ecdi l\u1ee3i nhu\u1eadn thu v\u1ec1 t\u1eeb vi\u1ec7c b\u00e1n h\u00e0ng s\u1ebd tr\u00edch m\u1ed9t ph\u1ea7n \u0111\u1ec3 ch\u0103m lo cho \u0111\u1eddi s\u1ed1ng c\u00e1c b\u1ea1n khuy\u1ebft t\u1eadt v\u00e0 tr\u1ebb m\u1ed3 c\u00f4i \u1edf \u0111\u00e2y","publisher":{"@id":"https:\/\/maison-chance.org\/shop\/fr#organization"},"potentialAction":[{"@type":"SearchAction","target":{"@type":"EntryPoint","urlTemplate":"https:\/\/maison-chance.org\/shop\/fr?s={search_term_string}"},"query-input":{"@type":"PropertyValueSpecification","valueRequired":true,"valueName":"search_term_string"}}],"inLanguage":"fr-FR"},{"@type":"Organization","@id":"https:\/\/maison-chance.org\/shop\/fr#organization","name":"Nh\u00e0 May M\u1eafn - Maison Chance","url":"https:\/\/maison-chance.org\/shop\/fr","logo":{"@type":"ImageObject","inLanguage":"fr-FR","@id":"https:\/\/maison-chance.org\/shop\/fr#\/schema\/logo\/image\/","url":"https:\/\/maison-chance.org\/shop\/wp-content\/uploads\/2024\/03\/cropped-Logo_DNXH.png","contentUrl":"https:\/\/maison-chance.org\/shop\/wp-content\/uploads\/2024\/03\/cropped-Logo_DNXH.png","width":512,"height":512,"caption":"Nh\u00e0 May M\u1eafn - Maison Chance"},"image":{"@id":"https:\/\/maison-chance.org\/shop\/fr#\/schema\/logo\/image\/"},"sameAs":["https:\/\/www.facebook.com\/dnxh.nhamayman\/"]}]},"product_price_amount":"1.10","product_price_currency":"EUR","og_availability":"instock","product_availability":"instock","product_condition":"new"},"_links":{"self":[{"href":"https:\/\/maison-chance.org\/shop\/fr\/wp-json\/wp\/v2\/product\/39444","targetHints":{"allow":["GET"]}}],"collection":[{"href":"https:\/\/maison-chance.org\/shop\/fr\/wp-json\/wp\/v2\/product"}],"about":[{"href":"https:\/\/maison-chance.org\/shop\/fr\/wp-json\/wp\/v2\/types\/product"}],"wp:featuredmedia":[{"embeddable":true,"href":"https:\/\/maison-chance.org\/shop\/fr\/wp-json\/wp\/v2\/media\/39440"}],"wp:attachment":[{"href":"https:\/\/maison-chance.org\/shop\/fr\/wp-json\/wp\/v2\/media?parent=39444"}],"wp:term":[{"taxonomy":"product_brand","embeddable":true,"href":"https:\/\/maison-chance.org\/shop\/fr\/wp-json\/wp\/v2\/product_brand?post=39444"},{"taxonomy":"product_cat","embeddable":true,"href":"https:\/\/maison-chance.org\/shop\/fr\/wp-json\/wp\/v2\/product_cat?post=39444"},{"taxonomy":"product_tag","embeddable":true,"href":"https:\/\/maison-chance.org\/shop\/fr\/wp-json\/wp\/v2\/product_tag?post=39444"}],"curies":[{"name":"wp","href":"https:\/\/api.w.org\/{rel}","templated":true}]}}