{"id":39457,"date":"2024-06-06T05:18:42","date_gmt":"2024-06-05T22:18:42","guid":{"rendered":"https:\/\/maison-chance.org\/shop\/san-pham\/pate-chaud"},"modified":"2024-06-06T05:18:42","modified_gmt":"2024-06-05T22:18:42","slug":"pate-chaud","status":"publish","type":"product","link":"https:\/\/maison-chance.org\/shop\/fr\/produit\/pate-chaud","title":{"rendered":"P\u00e2t\u00e9 Chaud"},"content":{"rendered":"<p style=\"text-align: center;\">P\u00e2tisserie Pate Chaud &#8211; Saveur Traditionnelle de Maison Chance<\/p>\n<p style=\"text-align: justify;\">La p\u00e2tisserie Pate Chaud, une douceur traditionnelle europ\u00e9enne, est devenue un plat pr\u00e9f\u00e9r\u00e9 de nombreux amateurs de cuisine \u00e0 travers le monde. Avec la combinaison parfaite de farine, beurre, lait, \u0153ufs, sucre et garniture de viande savoureuse, les p\u00e2tisseries Pate Chaud de Maison Chance offrent une exp\u00e9rience culinaire unique et savoureuse.<\/p>\n<p><strong>Saveur Sp\u00e9ciale de la P\u00e2tisserie Pate Chaud<\/strong><\/p>\n<p style=\"text-align: justify;\">Les p\u00e2tisseries Pate Chaud de Maison Chance sont fabriqu\u00e9es \u00e0 partir des ingr\u00e9dients les plus frais et de la meilleure qualit\u00e9. La cro\u00fbte est faite de farine de premi\u00e8re qualit\u00e9, combin\u00e9e avec du beurre parfum\u00e9 et du lait frais, cr\u00e9ant une cro\u00fbte croustillante et dor\u00e9e. Lorsque vous prenez une bouch\u00e9e, vous ressentirez la texture croquante et lisse de la cro\u00fbte, se m\u00ealant \u00e0 la douceur l\u00e9g\u00e8re du sucre et \u00e0 la richesse des \u0153ufs.<\/p>\n<p style=\"text-align: justify;\">La garniture est une combinaison parfaite de viande, d&rsquo;oignons, de poivre et de p\u00e2t\u00e9. La viande est soigneusement s\u00e9lectionn\u00e9e, fra\u00eeche et assaisonn\u00e9e \u00e0 la perfection. Les oignons sont ajout\u00e9s pour rehausser la saveur, avec une pointe de poivre \u00e9pic\u00e9, se m\u00ealant tous pour cr\u00e9er un go\u00fbt riche et all\u00e9chant. Le p\u00e2t\u00e9 &#8211; un ingr\u00e9dient essentiel, rend la garniture encore plus riche, parfum\u00e9e, faisant chavirer quiconque la go\u00fbte.<\/p>\n<p><strong>Choisir le Bon Poids<\/strong><\/p>\n<p style=\"text-align: justify;\">Les p\u00e2tisseries Pate Chaud de Maison Chance sont disponibles en trois options de poids diff\u00e9rentes pour r\u00e9pondre aux besoins de chaque client :<\/p>\n<p style=\"text-align: justify;\">35g\/p\u00e2tisserie : Adapt\u00e9 pour les petits d\u00e9jeuners l\u00e9gers ou les collations.<\/p>\n<p style=\"text-align: justify;\">50g\/p\u00e2tisserie : Le choix parfait pour les repas principaux, assez pour satisfaire votre faim sans vous sentir trop lourd.<\/p>\n<p style=\"text-align: justify;\">75g\/p\u00e2tisserie : Pour ceux qui veulent pleinement profiter de la saveur de la p\u00e2tisserie Pate Chaud ou pour une utilisation dans de petites f\u00eates.<\/p>\n<p><strong>Raisons d&rsquo;Acheter la P\u00e2tisserie Pate Chaud de Maison Chance<\/strong><\/p>\n<p style=\"text-align: justify;\">Lorsque vous achetez la p\u00e2tisserie Pate Chaud de Maison Chance, vous ne savourez pas seulement une d\u00e9licieuse douceur, mais vous contribuez \u00e9galement \u00e0 soutenir des personnes d\u00e9favoris\u00e9es dans la soci\u00e9t\u00e9. Maison Chance est une organisation caritative qui travaille pour soutenir les personnes handicap\u00e9es et les enfants orphelins. Chaque p\u00e2tisserie que vous achetez est une contribution pr\u00e9cieuse, les aidant \u00e0 avoir plus d&rsquo;opportunit\u00e9s d&rsquo;\u00e9ducation et de travail, s&rsquo;int\u00e9grant en toute confiance dans la communaut\u00e9.<\/p>\n<p><strong>Commandez d\u00e8s Maintenant!<\/strong><\/p>\n<p style=\"text-align: justify;\">Essayez d\u00e8s aujourd&rsquo;hui la p\u00e2tisserie Pate Chaud de Maison Chance pour d\u00e9couvrir la saveur unique et la signification humanitaire que le produit apporte. Vous pouvez facilement passer une commande via notre site Web ou nous contacter directement par t\u00e9l\u00e9phone. Nous garantissons une livraison rapide et assurons la meilleure qualit\u00e9 jusqu&rsquo;\u00e0 votre porte.<\/p>\n","protected":false},"excerpt":{"rendered":"<p style=\"text-align: justify;\">Les p\u00e2tisseries sont fabriqu\u00e9es par des jeunes orphelins actuellement pris en charge par Maison Chance. Nous esp\u00e9rons sinc\u00e8rement votre soutien!<\/p>\n<p>Hotline: <span style=\"font-size: 20px;\"><strong><span style=\"color: #ff0000;\">0909 06 25 28<\/span><\/strong><\/span><\/p>\n","protected":false},"featured_media":39452,"template":"","meta":[],"product_brand":[],"product_cat":[210,216],"product_tag":[],"class_list":{"0":"post-39457","1":"product","2":"type-product","3":"status-publish","4":"has-post-thumbnail","6":"product_cat-boulangerie","7":"product_cat-produits-sales","9":"first","10":"instock","11":"shipping-taxable","12":"purchasable","13":"product-type-variable"},"yoast_head":"<!-- This site is optimized with the Yoast SEO Premium plugin v22.7 (Yoast SEO v25.3.1) - https:\/\/yoast.com\/wordpress\/plugins\/seo\/ -->\n<title>P\u00e2t\u00e9 Chaud - Nh\u00e0 May M\u1eafn - Maison Chance<\/title>\n<meta name=\"description\" content=\"D\u00e9gustez de d\u00e9licieuses p\u00e2tisseries Pate Chaud \u00e0 Maison Chance. Commandez d\u00e8s maintenant pour d\u00e9couvrir la saveur unique et contribuer au soutien de la communaut\u00e9\" \/>\n<meta name=\"robots\" content=\"index, follow, max-snippet:-1, max-image-preview:large, max-video-preview:-1\" \/>\n<link rel=\"canonical\" href=\"https:\/\/maison-chance.org\/shop\/fr\/produit\/pate-chaud\" \/>\n<meta property=\"og:locale\" content=\"fr_FR\" \/>\n<meta property=\"og:type\" content=\"article\" \/>\n<meta property=\"og:title\" content=\"P\u00e2t\u00e9 Chaud\" \/>\n<meta property=\"og:description\" content=\"D\u00e9gustez de d\u00e9licieuses p\u00e2tisseries Pate Chaud \u00e0 Maison Chance. Commandez d\u00e8s maintenant pour d\u00e9couvrir la saveur unique et contribuer au soutien de la communaut\u00e9\" \/>\n<meta property=\"og:url\" content=\"https:\/\/maison-chance.org\/shop\/fr\/produit\/pate-chaud\" \/>\n<meta property=\"og:site_name\" content=\"Nh\u00e0 May M\u1eafn - Maison Chance\" \/>\n<meta property=\"article:publisher\" content=\"https:\/\/www.facebook.com\/dnxh.nhamayman\/\" \/>\n<meta property=\"og:image\" content=\"https:\/\/maison-chance.org\/shop\/wp-content\/uploads\/2024\/06\/Banh-Pate-Chaud.jpg\" \/>\n\t<meta property=\"og:image:width\" content=\"600\" \/>\n\t<meta property=\"og:image:height\" content=\"600\" \/>\n\t<meta property=\"og:image:type\" content=\"image\/jpeg\" \/>\n<meta name=\"twitter:card\" content=\"summary_large_image\" \/>\n<meta name=\"twitter:label1\" content=\"Disponibilit\u00e9\" \/>\n\t<meta name=\"twitter:data1\" content=\"En stock\" \/>\n<script type=\"application\/ld+json\" class=\"yoast-schema-graph\">{\"@context\":\"https:\/\/schema.org\",\"@graph\":[{\"@type\":\"WebPage\",\"@id\":\"https:\/\/maison-chance.org\/shop\/fr\/produit\/pate-chaud\",\"url\":\"https:\/\/maison-chance.org\/shop\/fr\/produit\/pate-chaud\",\"name\":\"P\u00e2t\u00e9 Chaud - Nh\u00e0 May M\u1eafn - Maison Chance\",\"isPartOf\":{\"@id\":\"https:\/\/maison-chance.org\/shop\/fr#website\"},\"primaryImageOfPage\":{\"@id\":\"https:\/\/maison-chance.org\/shop\/fr\/produit\/pate-chaud#primaryimage\"},\"image\":{\"@id\":\"https:\/\/maison-chance.org\/shop\/fr\/produit\/pate-chaud#primaryimage\"},\"thumbnailUrl\":\"https:\/\/maison-chance.org\/shop\/wp-content\/uploads\/2024\/06\/Banh-Pate-Chaud.jpg\",\"datePublished\":\"2024-06-05T22:18:42+00:00\",\"description\":\"D\u00e9gustez de d\u00e9licieuses p\u00e2tisseries Pate Chaud \u00e0 Maison Chance. Commandez d\u00e8s maintenant pour d\u00e9couvrir la saveur unique et contribuer au soutien de la communaut\u00e9\",\"breadcrumb\":{\"@id\":\"https:\/\/maison-chance.org\/shop\/fr\/produit\/pate-chaud#breadcrumb\"},\"inLanguage\":\"fr-FR\",\"potentialAction\":[{\"@type\":\"ReadAction\",\"target\":[\"https:\/\/maison-chance.org\/shop\/fr\/produit\/pate-chaud\"]}]},{\"@type\":\"ImageObject\",\"inLanguage\":\"fr-FR\",\"@id\":\"https:\/\/maison-chance.org\/shop\/fr\/produit\/pate-chaud#primaryimage\",\"url\":\"https:\/\/maison-chance.org\/shop\/wp-content\/uploads\/2024\/06\/Banh-Pate-Chaud.jpg\",\"contentUrl\":\"https:\/\/maison-chance.org\/shop\/wp-content\/uploads\/2024\/06\/Banh-Pate-Chaud.jpg\",\"width\":600,\"height\":600,\"caption\":\"P\u00e2t\u00e9 Chaud\"},{\"@type\":\"BreadcrumbList\",\"@id\":\"https:\/\/maison-chance.org\/shop\/fr\/produit\/pate-chaud#breadcrumb\",\"itemListElement\":[{\"@type\":\"ListItem\",\"position\":1,\"name\":\"Trang ch\u1ee7\",\"item\":\"https:\/\/maison-chance.org\/shop\/fr\"},{\"@type\":\"ListItem\",\"position\":2,\"name\":\"Boutique\",\"item\":\"https:\/\/maison-chance.org\/shop\/shop\"},{\"@type\":\"ListItem\",\"position\":3,\"name\":\"P\u00e2t\u00e9 Chaud\"}]},{\"@type\":\"WebSite\",\"@id\":\"https:\/\/maison-chance.org\/shop\/fr#website\",\"url\":\"https:\/\/maison-chance.org\/shop\/fr\",\"name\":\"Nh\u00e0 May M\u1eafn - Maison Chance\",\"description\":\"M\u1ecdi l\u1ee3i nhu\u1eadn thu v\u1ec1 t\u1eeb vi\u1ec7c b\u00e1n h\u00e0ng s\u1ebd tr\u00edch m\u1ed9t ph\u1ea7n \u0111\u1ec3 ch\u0103m lo cho \u0111\u1eddi s\u1ed1ng c\u00e1c b\u1ea1n khuy\u1ebft t\u1eadt v\u00e0 tr\u1ebb m\u1ed3 c\u00f4i \u1edf \u0111\u00e2y\",\"publisher\":{\"@id\":\"https:\/\/maison-chance.org\/shop\/fr#organization\"},\"potentialAction\":[{\"@type\":\"SearchAction\",\"target\":{\"@type\":\"EntryPoint\",\"urlTemplate\":\"https:\/\/maison-chance.org\/shop\/fr?s={search_term_string}\"},\"query-input\":{\"@type\":\"PropertyValueSpecification\",\"valueRequired\":true,\"valueName\":\"search_term_string\"}}],\"inLanguage\":\"fr-FR\"},{\"@type\":\"Organization\",\"@id\":\"https:\/\/maison-chance.org\/shop\/fr#organization\",\"name\":\"Nh\u00e0 May M\u1eafn - Maison Chance\",\"url\":\"https:\/\/maison-chance.org\/shop\/fr\",\"logo\":{\"@type\":\"ImageObject\",\"inLanguage\":\"fr-FR\",\"@id\":\"https:\/\/maison-chance.org\/shop\/fr#\/schema\/logo\/image\/\",\"url\":\"https:\/\/maison-chance.org\/shop\/wp-content\/uploads\/2024\/03\/cropped-Logo_DNXH.png\",\"contentUrl\":\"https:\/\/maison-chance.org\/shop\/wp-content\/uploads\/2024\/03\/cropped-Logo_DNXH.png\",\"width\":512,\"height\":512,\"caption\":\"Nh\u00e0 May M\u1eafn - Maison Chance\"},\"image\":{\"@id\":\"https:\/\/maison-chance.org\/shop\/fr#\/schema\/logo\/image\/\"},\"sameAs\":[\"https:\/\/www.facebook.com\/dnxh.nhamayman\/\"]}]}<\/script>\n<meta property=\"og:availability\" content=\"instock\" \/>\n<meta property=\"product:availability\" content=\"instock\" \/>\n<meta property=\"product:condition\" content=\"new\" \/>\n<!-- \/ Yoast SEO Premium plugin. -->","yoast_head_json":{"title":"P\u00e2t\u00e9 Chaud - Nh\u00e0 May M\u1eafn - Maison Chance","description":"D\u00e9gustez de d\u00e9licieuses p\u00e2tisseries Pate Chaud \u00e0 Maison Chance. Commandez d\u00e8s maintenant pour d\u00e9couvrir la saveur unique et contribuer au soutien de la communaut\u00e9","robots":{"index":"index","follow":"follow","max-snippet":"max-snippet:-1","max-image-preview":"max-image-preview:large","max-video-preview":"max-video-preview:-1"},"canonical":"https:\/\/maison-chance.org\/shop\/fr\/produit\/pate-chaud","og_locale":"fr_FR","og_type":"article","og_title":"P\u00e2t\u00e9 Chaud","og_description":"D\u00e9gustez de d\u00e9licieuses p\u00e2tisseries Pate Chaud \u00e0 Maison Chance. Commandez d\u00e8s maintenant pour d\u00e9couvrir la saveur unique et contribuer au soutien de la communaut\u00e9","og_url":"https:\/\/maison-chance.org\/shop\/fr\/produit\/pate-chaud","og_site_name":"Nh\u00e0 May M\u1eafn - Maison Chance","article_publisher":"https:\/\/www.facebook.com\/dnxh.nhamayman\/","og_image":[{"width":600,"height":600,"url":"https:\/\/maison-chance.org\/shop\/wp-content\/uploads\/2024\/06\/Banh-Pate-Chaud.jpg","type":"image\/jpeg"}],"twitter_card":"summary_large_image","twitter_misc":{"Disponibilit\u00e9":"En stock"},"schema":{"@context":"https:\/\/schema.org","@graph":[{"@type":"WebPage","@id":"https:\/\/maison-chance.org\/shop\/fr\/produit\/pate-chaud","url":"https:\/\/maison-chance.org\/shop\/fr\/produit\/pate-chaud","name":"P\u00e2t\u00e9 Chaud - Nh\u00e0 May M\u1eafn - Maison Chance","isPartOf":{"@id":"https:\/\/maison-chance.org\/shop\/fr#website"},"primaryImageOfPage":{"@id":"https:\/\/maison-chance.org\/shop\/fr\/produit\/pate-chaud#primaryimage"},"image":{"@id":"https:\/\/maison-chance.org\/shop\/fr\/produit\/pate-chaud#primaryimage"},"thumbnailUrl":"https:\/\/maison-chance.org\/shop\/wp-content\/uploads\/2024\/06\/Banh-Pate-Chaud.jpg","datePublished":"2024-06-05T22:18:42+00:00","description":"D\u00e9gustez de d\u00e9licieuses p\u00e2tisseries Pate Chaud \u00e0 Maison Chance. Commandez d\u00e8s maintenant pour d\u00e9couvrir la saveur unique et contribuer au soutien de la communaut\u00e9","breadcrumb":{"@id":"https:\/\/maison-chance.org\/shop\/fr\/produit\/pate-chaud#breadcrumb"},"inLanguage":"fr-FR","potentialAction":[{"@type":"ReadAction","target":["https:\/\/maison-chance.org\/shop\/fr\/produit\/pate-chaud"]}]},{"@type":"ImageObject","inLanguage":"fr-FR","@id":"https:\/\/maison-chance.org\/shop\/fr\/produit\/pate-chaud#primaryimage","url":"https:\/\/maison-chance.org\/shop\/wp-content\/uploads\/2024\/06\/Banh-Pate-Chaud.jpg","contentUrl":"https:\/\/maison-chance.org\/shop\/wp-content\/uploads\/2024\/06\/Banh-Pate-Chaud.jpg","width":600,"height":600,"caption":"P\u00e2t\u00e9 Chaud"},{"@type":"BreadcrumbList","@id":"https:\/\/maison-chance.org\/shop\/fr\/produit\/pate-chaud#breadcrumb","itemListElement":[{"@type":"ListItem","position":1,"name":"Trang ch\u1ee7","item":"https:\/\/maison-chance.org\/shop\/fr"},{"@type":"ListItem","position":2,"name":"Boutique","item":"https:\/\/maison-chance.org\/shop\/shop"},{"@type":"ListItem","position":3,"name":"P\u00e2t\u00e9 Chaud"}]},{"@type":"WebSite","@id":"https:\/\/maison-chance.org\/shop\/fr#website","url":"https:\/\/maison-chance.org\/shop\/fr","name":"Nh\u00e0 May M\u1eafn - Maison Chance","description":"M\u1ecdi l\u1ee3i nhu\u1eadn thu v\u1ec1 t\u1eeb vi\u1ec7c b\u00e1n h\u00e0ng s\u1ebd tr\u00edch m\u1ed9t ph\u1ea7n \u0111\u1ec3 ch\u0103m lo cho \u0111\u1eddi s\u1ed1ng c\u00e1c b\u1ea1n khuy\u1ebft t\u1eadt v\u00e0 tr\u1ebb m\u1ed3 c\u00f4i \u1edf \u0111\u00e2y","publisher":{"@id":"https:\/\/maison-chance.org\/shop\/fr#organization"},"potentialAction":[{"@type":"SearchAction","target":{"@type":"EntryPoint","urlTemplate":"https:\/\/maison-chance.org\/shop\/fr?s={search_term_string}"},"query-input":{"@type":"PropertyValueSpecification","valueRequired":true,"valueName":"search_term_string"}}],"inLanguage":"fr-FR"},{"@type":"Organization","@id":"https:\/\/maison-chance.org\/shop\/fr#organization","name":"Nh\u00e0 May M\u1eafn - Maison Chance","url":"https:\/\/maison-chance.org\/shop\/fr","logo":{"@type":"ImageObject","inLanguage":"fr-FR","@id":"https:\/\/maison-chance.org\/shop\/fr#\/schema\/logo\/image\/","url":"https:\/\/maison-chance.org\/shop\/wp-content\/uploads\/2024\/03\/cropped-Logo_DNXH.png","contentUrl":"https:\/\/maison-chance.org\/shop\/wp-content\/uploads\/2024\/03\/cropped-Logo_DNXH.png","width":512,"height":512,"caption":"Nh\u00e0 May M\u1eafn - Maison Chance"},"image":{"@id":"https:\/\/maison-chance.org\/shop\/fr#\/schema\/logo\/image\/"},"sameAs":["https:\/\/www.facebook.com\/dnxh.nhamayman\/"]}]},"og_availability":"instock","product_availability":"instock","product_condition":"new"},"_links":{"self":[{"href":"https:\/\/maison-chance.org\/shop\/fr\/wp-json\/wp\/v2\/product\/39457","targetHints":{"allow":["GET"]}}],"collection":[{"href":"https:\/\/maison-chance.org\/shop\/fr\/wp-json\/wp\/v2\/product"}],"about":[{"href":"https:\/\/maison-chance.org\/shop\/fr\/wp-json\/wp\/v2\/types\/product"}],"wp:featuredmedia":[{"embeddable":true,"href":"https:\/\/maison-chance.org\/shop\/fr\/wp-json\/wp\/v2\/media\/39452"}],"wp:attachment":[{"href":"https:\/\/maison-chance.org\/shop\/fr\/wp-json\/wp\/v2\/media?parent=39457"}],"wp:term":[{"taxonomy":"product_brand","embeddable":true,"href":"https:\/\/maison-chance.org\/shop\/fr\/wp-json\/wp\/v2\/product_brand?post=39457"},{"taxonomy":"product_cat","embeddable":true,"href":"https:\/\/maison-chance.org\/shop\/fr\/wp-json\/wp\/v2\/product_cat?post=39457"},{"taxonomy":"product_tag","embeddable":true,"href":"https:\/\/maison-chance.org\/shop\/fr\/wp-json\/wp\/v2\/product_tag?post=39457"}],"curies":[{"name":"wp","href":"https:\/\/api.w.org\/{rel}","templated":true}]}}