{"id":39504,"date":"2024-06-06T06:21:49","date_gmt":"2024-06-05T23:21:49","guid":{"rendered":"https:\/\/maison-chance.org\/shop\/san-pham\/pain-sucre-mexicain"},"modified":"2024-06-06T06:21:49","modified_gmt":"2024-06-05T23:21:49","slug":"pain-sucre-mexicain","status":"publish","type":"product","link":"https:\/\/maison-chance.org\/shop\/fr\/produit\/pain-sucre-mexicain","title":{"rendered":"Pain Sucr\u00e9 Mexicain"},"content":{"rendered":"<p style=\"text-align: center;\">La Fusion Parfaite des Saveurs : G\u00e2teau Mexique de Maison Chance<\/p>\n<p style=\"text-align: justify;\">Si vous recherchez une d\u00e9licieuse friandise \u00e0 savourer avec une tasse de caf\u00e9 le matin ou l&rsquo;apr\u00e8s-midi, le G\u00e2teau Mexique est le choix parfait. Avec ses ingr\u00e9dients uniques et sa saveur distinctive, le G\u00e2teau Mexique titille non seulement les papilles mais apporte \u00e9galement chaleur et bonheur.<\/p>\n<p><strong>Ingr\u00e9dients Exquis, Saveur Unique<\/strong><\/p>\n<p style=\"text-align: justify;\">Le G\u00e2teau Mexique est \u00e9labor\u00e9 \u00e0 partir de la d\u00e9licate combinaison d&rsquo;ingr\u00e9dients de haute qualit\u00e9 tels que la farine lisse, le beurre cr\u00e9meux, le lait frais parfum\u00e9, des \u0153ufs frais et du sucre fin. Le point culminant du g\u00e2teau est son gla\u00e7age au chocolat sucr\u00e9, cr\u00e9ant une saveur riche et s\u00e9duisante.<\/p>\n<p><strong>Saveur Distinctive, Choix Parfait<\/strong><\/p>\n<p style=\"text-align: justify;\">Le G\u00e2teau Mexique ne vous s\u00e9duit pas seulement par sa beaut\u00e9 ext\u00e9rieure mais vous rend \u00e9galement incapable de r\u00e9sister \u00e0 chaque bouch\u00e9e avec sa saveur distinctive. M\u00ealant la douceur du chocolat \u00e0 la richesse du beurre, le G\u00e2teau Mexique est un chef-d&rsquo;\u0153uvre culinaire.<\/p>\n<p><strong>Soutenez les Produits de Maison Chance<\/strong><\/p>\n<p style=\"text-align: justify;\">Avec un engagement \u00e0 fournir les meilleurs produits de qualit\u00e9 et saveurs, Maison Chance se tient fi\u00e8rement comme une destination de confiance pour les amateurs de cuisine. Soutenez-nous et d\u00e9couvrez la saveur sp\u00e9ciale du G\u00e2teau Mexique d\u00e8s aujourd&rsquo;hui !<\/p>\n","protected":false},"excerpt":{"rendered":"<p style=\"text-align: justify;\">Les p\u00e2tisseries sont fabriqu\u00e9es par des jeunes orphelins actuellement pris en charge par Maison Chance. Nous esp\u00e9rons sinc\u00e8rement votre soutien!<\/p>\n<p>Hotline: <span style=\"font-size: 20px;\"><strong><span style=\"color: #ff0000;\">0909 06 25 28<\/span><\/strong><\/span><\/p>\n","protected":false},"featured_media":39500,"template":"","meta":[],"product_brand":[],"product_cat":[210,219],"product_tag":[],"class_list":{"0":"post-39504","1":"product","2":"type-product","3":"status-publish","4":"has-post-thumbnail","6":"product_cat-boulangerie","7":"product_cat-viennoiseries-patisseries","9":"first","10":"instock","11":"shipping-taxable","12":"purchasable","13":"product-type-simple"},"yoast_head":"<!-- This site is optimized with the Yoast SEO Premium plugin v22.7 (Yoast SEO v25.3.1) - https:\/\/yoast.com\/wordpress\/plugins\/seo\/ -->\n<title>Pain Sucr\u00e9 Mexicain - Nh\u00e0 May M\u1eafn - Maison Chance<\/title>\n<meta name=\"description\" content=\"Le g\u00e2teau mexicain ne vous s\u00e9duit pas seulement par sa beaut\u00e9 ext\u00e9rieure, mais vous attire \u00e9galement irr\u00e9sistiblement avec chaque bouch\u00e9e de sa saveur distinctive\" \/>\n<meta name=\"robots\" content=\"index, follow, max-snippet:-1, max-image-preview:large, max-video-preview:-1\" \/>\n<link rel=\"canonical\" href=\"https:\/\/maison-chance.org\/shop\/fr\/produit\/pain-sucre-mexicain\" \/>\n<meta property=\"og:locale\" content=\"fr_FR\" \/>\n<meta property=\"og:type\" content=\"article\" \/>\n<meta property=\"og:title\" content=\"Pain Sucr\u00e9 Mexicain\" \/>\n<meta property=\"og:description\" content=\"Le g\u00e2teau mexicain ne vous s\u00e9duit pas seulement par sa beaut\u00e9 ext\u00e9rieure, mais vous attire \u00e9galement irr\u00e9sistiblement avec chaque bouch\u00e9e de sa saveur distinctive\" \/>\n<meta property=\"og:url\" content=\"https:\/\/maison-chance.org\/shop\/fr\/produit\/pain-sucre-mexicain\" \/>\n<meta property=\"og:site_name\" content=\"Nh\u00e0 May M\u1eafn - Maison Chance\" \/>\n<meta property=\"article:publisher\" content=\"https:\/\/www.facebook.com\/dnxh.nhamayman\/\" \/>\n<meta property=\"og:image\" content=\"https:\/\/maison-chance.org\/shop\/wp-content\/uploads\/2024\/06\/Banh-Mexico.jpg\" \/>\n\t<meta property=\"og:image:width\" content=\"600\" \/>\n\t<meta property=\"og:image:height\" content=\"600\" \/>\n\t<meta property=\"og:image:type\" content=\"image\/jpeg\" \/>\n<meta name=\"twitter:card\" content=\"summary_large_image\" \/>\n<meta name=\"twitter:label1\" content=\"Prix\" \/>\n\t<meta name=\"twitter:data1\" content=\"&euro;0.64\" \/>\n\t<meta name=\"twitter:label2\" content=\"Disponibilit\u00e9\" \/>\n\t<meta name=\"twitter:data2\" content=\"En stock\" \/>\n<script type=\"application\/ld+json\" class=\"yoast-schema-graph\">{\"@context\":\"https:\/\/schema.org\",\"@graph\":[{\"@type\":\"WebPage\",\"@id\":\"https:\/\/maison-chance.org\/shop\/fr\/produit\/pain-sucre-mexicain\",\"url\":\"https:\/\/maison-chance.org\/shop\/fr\/produit\/pain-sucre-mexicain\",\"name\":\"Pain Sucr\u00e9 Mexicain - Nh\u00e0 May M\u1eafn - Maison Chance\",\"isPartOf\":{\"@id\":\"https:\/\/maison-chance.org\/shop\/fr#website\"},\"primaryImageOfPage\":{\"@id\":\"https:\/\/maison-chance.org\/shop\/fr\/produit\/pain-sucre-mexicain#primaryimage\"},\"image\":{\"@id\":\"https:\/\/maison-chance.org\/shop\/fr\/produit\/pain-sucre-mexicain#primaryimage\"},\"thumbnailUrl\":\"https:\/\/maison-chance.org\/shop\/wp-content\/uploads\/2024\/06\/Banh-Mexico.jpg\",\"datePublished\":\"2024-06-05T23:21:49+00:00\",\"description\":\"Le g\u00e2teau mexicain ne vous s\u00e9duit pas seulement par sa beaut\u00e9 ext\u00e9rieure, mais vous attire \u00e9galement irr\u00e9sistiblement avec chaque bouch\u00e9e de sa saveur distinctive\",\"breadcrumb\":{\"@id\":\"https:\/\/maison-chance.org\/shop\/fr\/produit\/pain-sucre-mexicain#breadcrumb\"},\"inLanguage\":\"fr-FR\",\"potentialAction\":[{\"@type\":\"ReadAction\",\"target\":[\"https:\/\/maison-chance.org\/shop\/fr\/produit\/pain-sucre-mexicain\"]}]},{\"@type\":\"ImageObject\",\"inLanguage\":\"fr-FR\",\"@id\":\"https:\/\/maison-chance.org\/shop\/fr\/produit\/pain-sucre-mexicain#primaryimage\",\"url\":\"https:\/\/maison-chance.org\/shop\/wp-content\/uploads\/2024\/06\/Banh-Mexico.jpg\",\"contentUrl\":\"https:\/\/maison-chance.org\/shop\/wp-content\/uploads\/2024\/06\/Banh-Mexico.jpg\",\"width\":600,\"height\":600,\"caption\":\"Pain Sucr\u00e9 Mexicain\"},{\"@type\":\"BreadcrumbList\",\"@id\":\"https:\/\/maison-chance.org\/shop\/fr\/produit\/pain-sucre-mexicain#breadcrumb\",\"itemListElement\":[{\"@type\":\"ListItem\",\"position\":1,\"name\":\"Trang ch\u1ee7\",\"item\":\"https:\/\/maison-chance.org\/shop\/fr\"},{\"@type\":\"ListItem\",\"position\":2,\"name\":\"Boutique\",\"item\":\"https:\/\/maison-chance.org\/shop\/shop\"},{\"@type\":\"ListItem\",\"position\":3,\"name\":\"Pain Sucr\u00e9 Mexicain\"}]},{\"@type\":\"WebSite\",\"@id\":\"https:\/\/maison-chance.org\/shop\/fr#website\",\"url\":\"https:\/\/maison-chance.org\/shop\/fr\",\"name\":\"Nh\u00e0 May M\u1eafn - Maison Chance\",\"description\":\"M\u1ecdi l\u1ee3i nhu\u1eadn thu v\u1ec1 t\u1eeb vi\u1ec7c b\u00e1n h\u00e0ng s\u1ebd tr\u00edch m\u1ed9t ph\u1ea7n \u0111\u1ec3 ch\u0103m lo cho \u0111\u1eddi s\u1ed1ng c\u00e1c b\u1ea1n khuy\u1ebft t\u1eadt v\u00e0 tr\u1ebb m\u1ed3 c\u00f4i \u1edf \u0111\u00e2y\",\"publisher\":{\"@id\":\"https:\/\/maison-chance.org\/shop\/fr#organization\"},\"potentialAction\":[{\"@type\":\"SearchAction\",\"target\":{\"@type\":\"EntryPoint\",\"urlTemplate\":\"https:\/\/maison-chance.org\/shop\/fr?s={search_term_string}\"},\"query-input\":{\"@type\":\"PropertyValueSpecification\",\"valueRequired\":true,\"valueName\":\"search_term_string\"}}],\"inLanguage\":\"fr-FR\"},{\"@type\":\"Organization\",\"@id\":\"https:\/\/maison-chance.org\/shop\/fr#organization\",\"name\":\"Nh\u00e0 May M\u1eafn - Maison Chance\",\"url\":\"https:\/\/maison-chance.org\/shop\/fr\",\"logo\":{\"@type\":\"ImageObject\",\"inLanguage\":\"fr-FR\",\"@id\":\"https:\/\/maison-chance.org\/shop\/fr#\/schema\/logo\/image\/\",\"url\":\"https:\/\/maison-chance.org\/shop\/wp-content\/uploads\/2024\/03\/cropped-Logo_DNXH.png\",\"contentUrl\":\"https:\/\/maison-chance.org\/shop\/wp-content\/uploads\/2024\/03\/cropped-Logo_DNXH.png\",\"width\":512,\"height\":512,\"caption\":\"Nh\u00e0 May M\u1eafn - Maison Chance\"},\"image\":{\"@id\":\"https:\/\/maison-chance.org\/shop\/fr#\/schema\/logo\/image\/\"},\"sameAs\":[\"https:\/\/www.facebook.com\/dnxh.nhamayman\/\"]}]}<\/script>\n<meta property=\"product:price:amount\" content=\"0.64\" \/>\n<meta property=\"product:price:currency\" content=\"EUR\" \/>\n<meta property=\"og:availability\" content=\"instock\" \/>\n<meta property=\"product:availability\" content=\"instock\" \/>\n<meta property=\"product:condition\" content=\"new\" \/>\n<!-- \/ Yoast SEO Premium plugin. -->","yoast_head_json":{"title":"Pain Sucr\u00e9 Mexicain - Nh\u00e0 May M\u1eafn - Maison Chance","description":"Le g\u00e2teau mexicain ne vous s\u00e9duit pas seulement par sa beaut\u00e9 ext\u00e9rieure, mais vous attire \u00e9galement irr\u00e9sistiblement avec chaque bouch\u00e9e de sa saveur distinctive","robots":{"index":"index","follow":"follow","max-snippet":"max-snippet:-1","max-image-preview":"max-image-preview:large","max-video-preview":"max-video-preview:-1"},"canonical":"https:\/\/maison-chance.org\/shop\/fr\/produit\/pain-sucre-mexicain","og_locale":"fr_FR","og_type":"article","og_title":"Pain Sucr\u00e9 Mexicain","og_description":"Le g\u00e2teau mexicain ne vous s\u00e9duit pas seulement par sa beaut\u00e9 ext\u00e9rieure, mais vous attire \u00e9galement irr\u00e9sistiblement avec chaque bouch\u00e9e de sa saveur distinctive","og_url":"https:\/\/maison-chance.org\/shop\/fr\/produit\/pain-sucre-mexicain","og_site_name":"Nh\u00e0 May M\u1eafn - Maison Chance","article_publisher":"https:\/\/www.facebook.com\/dnxh.nhamayman\/","og_image":[{"width":600,"height":600,"url":"https:\/\/maison-chance.org\/shop\/wp-content\/uploads\/2024\/06\/Banh-Mexico.jpg","type":"image\/jpeg"}],"twitter_card":"summary_large_image","twitter_misc":{"Prix":"&euro;0.64","Disponibilit\u00e9":"En stock"},"schema":{"@context":"https:\/\/schema.org","@graph":[{"@type":"WebPage","@id":"https:\/\/maison-chance.org\/shop\/fr\/produit\/pain-sucre-mexicain","url":"https:\/\/maison-chance.org\/shop\/fr\/produit\/pain-sucre-mexicain","name":"Pain Sucr\u00e9 Mexicain - Nh\u00e0 May M\u1eafn - Maison Chance","isPartOf":{"@id":"https:\/\/maison-chance.org\/shop\/fr#website"},"primaryImageOfPage":{"@id":"https:\/\/maison-chance.org\/shop\/fr\/produit\/pain-sucre-mexicain#primaryimage"},"image":{"@id":"https:\/\/maison-chance.org\/shop\/fr\/produit\/pain-sucre-mexicain#primaryimage"},"thumbnailUrl":"https:\/\/maison-chance.org\/shop\/wp-content\/uploads\/2024\/06\/Banh-Mexico.jpg","datePublished":"2024-06-05T23:21:49+00:00","description":"Le g\u00e2teau mexicain ne vous s\u00e9duit pas seulement par sa beaut\u00e9 ext\u00e9rieure, mais vous attire \u00e9galement irr\u00e9sistiblement avec chaque bouch\u00e9e de sa saveur distinctive","breadcrumb":{"@id":"https:\/\/maison-chance.org\/shop\/fr\/produit\/pain-sucre-mexicain#breadcrumb"},"inLanguage":"fr-FR","potentialAction":[{"@type":"ReadAction","target":["https:\/\/maison-chance.org\/shop\/fr\/produit\/pain-sucre-mexicain"]}]},{"@type":"ImageObject","inLanguage":"fr-FR","@id":"https:\/\/maison-chance.org\/shop\/fr\/produit\/pain-sucre-mexicain#primaryimage","url":"https:\/\/maison-chance.org\/shop\/wp-content\/uploads\/2024\/06\/Banh-Mexico.jpg","contentUrl":"https:\/\/maison-chance.org\/shop\/wp-content\/uploads\/2024\/06\/Banh-Mexico.jpg","width":600,"height":600,"caption":"Pain Sucr\u00e9 Mexicain"},{"@type":"BreadcrumbList","@id":"https:\/\/maison-chance.org\/shop\/fr\/produit\/pain-sucre-mexicain#breadcrumb","itemListElement":[{"@type":"ListItem","position":1,"name":"Trang ch\u1ee7","item":"https:\/\/maison-chance.org\/shop\/fr"},{"@type":"ListItem","position":2,"name":"Boutique","item":"https:\/\/maison-chance.org\/shop\/shop"},{"@type":"ListItem","position":3,"name":"Pain Sucr\u00e9 Mexicain"}]},{"@type":"WebSite","@id":"https:\/\/maison-chance.org\/shop\/fr#website","url":"https:\/\/maison-chance.org\/shop\/fr","name":"Nh\u00e0 May M\u1eafn - Maison Chance","description":"M\u1ecdi l\u1ee3i nhu\u1eadn thu v\u1ec1 t\u1eeb vi\u1ec7c b\u00e1n h\u00e0ng s\u1ebd tr\u00edch m\u1ed9t ph\u1ea7n \u0111\u1ec3 ch\u0103m lo cho \u0111\u1eddi s\u1ed1ng c\u00e1c b\u1ea1n khuy\u1ebft t\u1eadt v\u00e0 tr\u1ebb m\u1ed3 c\u00f4i \u1edf \u0111\u00e2y","publisher":{"@id":"https:\/\/maison-chance.org\/shop\/fr#organization"},"potentialAction":[{"@type":"SearchAction","target":{"@type":"EntryPoint","urlTemplate":"https:\/\/maison-chance.org\/shop\/fr?s={search_term_string}"},"query-input":{"@type":"PropertyValueSpecification","valueRequired":true,"valueName":"search_term_string"}}],"inLanguage":"fr-FR"},{"@type":"Organization","@id":"https:\/\/maison-chance.org\/shop\/fr#organization","name":"Nh\u00e0 May M\u1eafn - Maison Chance","url":"https:\/\/maison-chance.org\/shop\/fr","logo":{"@type":"ImageObject","inLanguage":"fr-FR","@id":"https:\/\/maison-chance.org\/shop\/fr#\/schema\/logo\/image\/","url":"https:\/\/maison-chance.org\/shop\/wp-content\/uploads\/2024\/03\/cropped-Logo_DNXH.png","contentUrl":"https:\/\/maison-chance.org\/shop\/wp-content\/uploads\/2024\/03\/cropped-Logo_DNXH.png","width":512,"height":512,"caption":"Nh\u00e0 May M\u1eafn - Maison Chance"},"image":{"@id":"https:\/\/maison-chance.org\/shop\/fr#\/schema\/logo\/image\/"},"sameAs":["https:\/\/www.facebook.com\/dnxh.nhamayman\/"]}]},"product_price_amount":"0.64","product_price_currency":"EUR","og_availability":"instock","product_availability":"instock","product_condition":"new"},"_links":{"self":[{"href":"https:\/\/maison-chance.org\/shop\/fr\/wp-json\/wp\/v2\/product\/39504","targetHints":{"allow":["GET"]}}],"collection":[{"href":"https:\/\/maison-chance.org\/shop\/fr\/wp-json\/wp\/v2\/product"}],"about":[{"href":"https:\/\/maison-chance.org\/shop\/fr\/wp-json\/wp\/v2\/types\/product"}],"wp:featuredmedia":[{"embeddable":true,"href":"https:\/\/maison-chance.org\/shop\/fr\/wp-json\/wp\/v2\/media\/39500"}],"wp:attachment":[{"href":"https:\/\/maison-chance.org\/shop\/fr\/wp-json\/wp\/v2\/media?parent=39504"}],"wp:term":[{"taxonomy":"product_brand","embeddable":true,"href":"https:\/\/maison-chance.org\/shop\/fr\/wp-json\/wp\/v2\/product_brand?post=39504"},{"taxonomy":"product_cat","embeddable":true,"href":"https:\/\/maison-chance.org\/shop\/fr\/wp-json\/wp\/v2\/product_cat?post=39504"},{"taxonomy":"product_tag","embeddable":true,"href":"https:\/\/maison-chance.org\/shop\/fr\/wp-json\/wp\/v2\/product_tag?post=39504"}],"curies":[{"name":"wp","href":"https:\/\/api.w.org\/{rel}","templated":true}]}}