{"id":39514,"date":"2024-06-06T06:39:11","date_gmt":"2024-06-05T23:39:11","guid":{"rendered":"https:\/\/maison-chance.org\/shop\/san-pham\/pain-suisse-au-chocolat"},"modified":"2024-06-06T06:39:11","modified_gmt":"2024-06-05T23:39:11","slug":"pain-suisse-au-chocolat","status":"publish","type":"product","link":"https:\/\/maison-chance.org\/shop\/fr\/produit\/pain-suisse-au-chocolat","title":{"rendered":"Pain Suisse au Chocolat"},"content":{"rendered":"<p style=\"text-align: justify;\">Quand il s&rsquo;agit du go\u00fbt sucr\u00e9 et captivant du g\u00e2teau au chocolat, on ne peut pas oublier <a href=\"https:\/\/maison-chance.org\/shop\/phong-banh\">le g\u00e2teau au chocolat de Maison Chance<\/a>. Avec des ingr\u00e9dients de qualit\u00e9 et une combinaison exquise, le g\u00e2teau au chocolat de Maison Chance ne vous ensorcelle pas seulement au premier regard mais vous laisse \u00e9galement enchant\u00e9 \u00e0 chaque bouch\u00e9e.<\/p>\n<p><strong>Saveur Exquise<\/strong><\/p>\n<p style=\"text-align: justify;\">Chaque morceau de <a href=\"https:\/\/maison-chance.org\/shop\/san-pham\/banh-so-co-la-chip\">g\u00e2teau au chocolat<\/a> est le mariage parfait entre une farine lisse, du lait cr\u00e9meux et du chocolat amer. Lorsque vous croquez dans chaque morceau, vous ressentirez le chocolat fondant associ\u00e9 au croquant des p\u00e9pites de chocolat, cr\u00e9ant une exp\u00e9rience culinaire authentique.<\/p>\n<p><strong>Ingr\u00e9dients Naturels<\/strong><\/p>\n<p style=\"text-align: justify;\">Le g\u00e2teau au chocolat de Maison Chance est fabriqu\u00e9 \u00e0 partir des ingr\u00e9dients les plus frais et les plus naturels. De la farine blanche fine, du beurre parfum\u00e9, du d\u00e9licieux lait frais, aux p\u00e9pites de chocolat haut de gamme, chaque ingr\u00e9dient est soigneusement s\u00e9lectionn\u00e9 pour vous offrir le produit de la plus haute qualit\u00e9.<\/p>\n<p><strong>Appel \u00e0 la Confiance &#8211; Soutenez les Produits Vietnamiens<\/strong><\/p>\n<p style=\"text-align: justify;\">Maison Chance n&rsquo;est pas seulement une marque r\u00e9put\u00e9e de g\u00e2teaux sucr\u00e9s mais aussi un symbole de cr\u00e9ativit\u00e9 et d&rsquo;innovation. Lorsque vous achetez nos <a href=\"https:\/\/maison-chance.org\/shop\/banh-ngot\">g\u00e2teaux sucr\u00e9s<\/a> &#8211; notre g\u00e2teau au chocolat, vous sucrez non seulement votre palais mais vous soutenez \u00e9galement les produits vietnamiens, r\u00e9pandant amour et soutien dans la communaut\u00e9.<\/p>\n","protected":false},"excerpt":{"rendered":"<p style=\"text-align: justify;\">Les p\u00e2tisseries sont fabriqu\u00e9es par des jeunes orphelins actuellement pris en charge par Maison Chance. Nous esp\u00e9rons sinc\u00e8rement votre soutien!<\/p>\n<p>Hotline: <span style=\"font-size: 20px;\"><strong><span style=\"color: #ff0000;\">0909 06 25 28<\/span><\/strong><\/span><\/p>\n","protected":false},"featured_media":39510,"template":"","meta":[],"product_brand":[],"product_cat":[210,219],"product_tag":[],"class_list":{"0":"post-39514","1":"product","2":"type-product","3":"status-publish","4":"has-post-thumbnail","6":"product_cat-boulangerie","7":"product_cat-viennoiseries-patisseries","9":"first","10":"instock","11":"shipping-taxable","12":"purchasable","13":"product-type-simple"},"yoast_head":"<!-- This site is optimized with the Yoast SEO Premium plugin v22.7 (Yoast SEO v25.3.1) - https:\/\/yoast.com\/wordpress\/plugins\/seo\/ -->\n<title>Pain Suisse au Chocolat - Nh\u00e0 May M\u1eafn - Maison Chance<\/title>\n<meta name=\"description\" content=\"Laissez les p\u00e2tisseries aux p\u00e9pites de chocolat de Maison Chance briller dans vos rassemblements culinaires, ou servir en tant que cadeau significatif pour vos proches et amis\" \/>\n<meta name=\"robots\" content=\"index, follow, max-snippet:-1, max-image-preview:large, max-video-preview:-1\" \/>\n<link rel=\"canonical\" href=\"https:\/\/maison-chance.org\/shop\/fr\/produit\/pain-suisse-au-chocolat\" \/>\n<meta property=\"og:locale\" content=\"fr_FR\" \/>\n<meta property=\"og:type\" content=\"article\" \/>\n<meta property=\"og:title\" content=\"Pain Suisse au Chocolat\" \/>\n<meta property=\"og:description\" content=\"Laissez les p\u00e2tisseries aux p\u00e9pites de chocolat de Maison Chance briller dans vos rassemblements culinaires, ou servir en tant que cadeau significatif pour vos proches et amis\" \/>\n<meta property=\"og:url\" content=\"https:\/\/maison-chance.org\/shop\/fr\/produit\/pain-suisse-au-chocolat\" \/>\n<meta property=\"og:site_name\" content=\"Nh\u00e0 May M\u1eafn - Maison Chance\" \/>\n<meta property=\"article:publisher\" content=\"https:\/\/www.facebook.com\/dnxh.nhamayman\/\" \/>\n<meta property=\"og:image\" content=\"https:\/\/maison-chance.org\/shop\/wp-content\/uploads\/2024\/06\/Banh-So-co-la-Chip.jpg\" \/>\n\t<meta property=\"og:image:width\" content=\"600\" \/>\n\t<meta property=\"og:image:height\" content=\"600\" \/>\n\t<meta property=\"og:image:type\" content=\"image\/jpeg\" \/>\n<meta name=\"twitter:card\" content=\"summary_large_image\" \/>\n<meta name=\"twitter:label1\" content=\"Prix\" \/>\n\t<meta name=\"twitter:data1\" content=\"&euro;0.64\" \/>\n\t<meta name=\"twitter:label2\" content=\"Disponibilit\u00e9\" \/>\n\t<meta name=\"twitter:data2\" content=\"En stock\" \/>\n<script type=\"application\/ld+json\" class=\"yoast-schema-graph\">{\"@context\":\"https:\/\/schema.org\",\"@graph\":[{\"@type\":\"WebPage\",\"@id\":\"https:\/\/maison-chance.org\/shop\/fr\/produit\/pain-suisse-au-chocolat\",\"url\":\"https:\/\/maison-chance.org\/shop\/fr\/produit\/pain-suisse-au-chocolat\",\"name\":\"Pain Suisse au Chocolat - Nh\u00e0 May M\u1eafn - Maison Chance\",\"isPartOf\":{\"@id\":\"https:\/\/maison-chance.org\/shop\/fr#website\"},\"primaryImageOfPage\":{\"@id\":\"https:\/\/maison-chance.org\/shop\/fr\/produit\/pain-suisse-au-chocolat#primaryimage\"},\"image\":{\"@id\":\"https:\/\/maison-chance.org\/shop\/fr\/produit\/pain-suisse-au-chocolat#primaryimage\"},\"thumbnailUrl\":\"https:\/\/maison-chance.org\/shop\/wp-content\/uploads\/2024\/06\/Banh-So-co-la-Chip.jpg\",\"datePublished\":\"2024-06-05T23:39:11+00:00\",\"description\":\"Laissez les p\u00e2tisseries aux p\u00e9pites de chocolat de Maison Chance briller dans vos rassemblements culinaires, ou servir en tant que cadeau significatif pour vos proches et amis\",\"breadcrumb\":{\"@id\":\"https:\/\/maison-chance.org\/shop\/fr\/produit\/pain-suisse-au-chocolat#breadcrumb\"},\"inLanguage\":\"fr-FR\",\"potentialAction\":[{\"@type\":\"ReadAction\",\"target\":[\"https:\/\/maison-chance.org\/shop\/fr\/produit\/pain-suisse-au-chocolat\"]}]},{\"@type\":\"ImageObject\",\"inLanguage\":\"fr-FR\",\"@id\":\"https:\/\/maison-chance.org\/shop\/fr\/produit\/pain-suisse-au-chocolat#primaryimage\",\"url\":\"https:\/\/maison-chance.org\/shop\/wp-content\/uploads\/2024\/06\/Banh-So-co-la-Chip.jpg\",\"contentUrl\":\"https:\/\/maison-chance.org\/shop\/wp-content\/uploads\/2024\/06\/Banh-So-co-la-Chip.jpg\",\"width\":600,\"height\":600,\"caption\":\"Pain Suisse au Chocolat\"},{\"@type\":\"BreadcrumbList\",\"@id\":\"https:\/\/maison-chance.org\/shop\/fr\/produit\/pain-suisse-au-chocolat#breadcrumb\",\"itemListElement\":[{\"@type\":\"ListItem\",\"position\":1,\"name\":\"Trang ch\u1ee7\",\"item\":\"https:\/\/maison-chance.org\/shop\/fr\"},{\"@type\":\"ListItem\",\"position\":2,\"name\":\"Boutique\",\"item\":\"https:\/\/maison-chance.org\/shop\/shop\"},{\"@type\":\"ListItem\",\"position\":3,\"name\":\"Pain Suisse au Chocolat\"}]},{\"@type\":\"WebSite\",\"@id\":\"https:\/\/maison-chance.org\/shop\/fr#website\",\"url\":\"https:\/\/maison-chance.org\/shop\/fr\",\"name\":\"Nh\u00e0 May M\u1eafn - Maison Chance\",\"description\":\"M\u1ecdi l\u1ee3i nhu\u1eadn thu v\u1ec1 t\u1eeb vi\u1ec7c b\u00e1n h\u00e0ng s\u1ebd tr\u00edch m\u1ed9t ph\u1ea7n \u0111\u1ec3 ch\u0103m lo cho \u0111\u1eddi s\u1ed1ng c\u00e1c b\u1ea1n khuy\u1ebft t\u1eadt v\u00e0 tr\u1ebb m\u1ed3 c\u00f4i \u1edf \u0111\u00e2y\",\"publisher\":{\"@id\":\"https:\/\/maison-chance.org\/shop\/fr#organization\"},\"potentialAction\":[{\"@type\":\"SearchAction\",\"target\":{\"@type\":\"EntryPoint\",\"urlTemplate\":\"https:\/\/maison-chance.org\/shop\/fr?s={search_term_string}\"},\"query-input\":{\"@type\":\"PropertyValueSpecification\",\"valueRequired\":true,\"valueName\":\"search_term_string\"}}],\"inLanguage\":\"fr-FR\"},{\"@type\":\"Organization\",\"@id\":\"https:\/\/maison-chance.org\/shop\/fr#organization\",\"name\":\"Nh\u00e0 May M\u1eafn - Maison Chance\",\"url\":\"https:\/\/maison-chance.org\/shop\/fr\",\"logo\":{\"@type\":\"ImageObject\",\"inLanguage\":\"fr-FR\",\"@id\":\"https:\/\/maison-chance.org\/shop\/fr#\/schema\/logo\/image\/\",\"url\":\"https:\/\/maison-chance.org\/shop\/wp-content\/uploads\/2024\/03\/cropped-Logo_DNXH.png\",\"contentUrl\":\"https:\/\/maison-chance.org\/shop\/wp-content\/uploads\/2024\/03\/cropped-Logo_DNXH.png\",\"width\":512,\"height\":512,\"caption\":\"Nh\u00e0 May M\u1eafn - Maison Chance\"},\"image\":{\"@id\":\"https:\/\/maison-chance.org\/shop\/fr#\/schema\/logo\/image\/\"},\"sameAs\":[\"https:\/\/www.facebook.com\/dnxh.nhamayman\/\"]}]}<\/script>\n<meta property=\"product:price:amount\" content=\"0.64\" \/>\n<meta property=\"product:price:currency\" content=\"EUR\" \/>\n<meta property=\"og:availability\" content=\"instock\" \/>\n<meta property=\"product:availability\" content=\"instock\" \/>\n<meta property=\"product:condition\" content=\"new\" \/>\n<!-- \/ Yoast SEO Premium plugin. -->","yoast_head_json":{"title":"Pain Suisse au Chocolat - Nh\u00e0 May M\u1eafn - Maison Chance","description":"Laissez les p\u00e2tisseries aux p\u00e9pites de chocolat de Maison Chance briller dans vos rassemblements culinaires, ou servir en tant que cadeau significatif pour vos proches et amis","robots":{"index":"index","follow":"follow","max-snippet":"max-snippet:-1","max-image-preview":"max-image-preview:large","max-video-preview":"max-video-preview:-1"},"canonical":"https:\/\/maison-chance.org\/shop\/fr\/produit\/pain-suisse-au-chocolat","og_locale":"fr_FR","og_type":"article","og_title":"Pain Suisse au Chocolat","og_description":"Laissez les p\u00e2tisseries aux p\u00e9pites de chocolat de Maison Chance briller dans vos rassemblements culinaires, ou servir en tant que cadeau significatif pour vos proches et amis","og_url":"https:\/\/maison-chance.org\/shop\/fr\/produit\/pain-suisse-au-chocolat","og_site_name":"Nh\u00e0 May M\u1eafn - Maison Chance","article_publisher":"https:\/\/www.facebook.com\/dnxh.nhamayman\/","og_image":[{"width":600,"height":600,"url":"https:\/\/maison-chance.org\/shop\/wp-content\/uploads\/2024\/06\/Banh-So-co-la-Chip.jpg","type":"image\/jpeg"}],"twitter_card":"summary_large_image","twitter_misc":{"Prix":"&euro;0.64","Disponibilit\u00e9":"En stock"},"schema":{"@context":"https:\/\/schema.org","@graph":[{"@type":"WebPage","@id":"https:\/\/maison-chance.org\/shop\/fr\/produit\/pain-suisse-au-chocolat","url":"https:\/\/maison-chance.org\/shop\/fr\/produit\/pain-suisse-au-chocolat","name":"Pain Suisse au Chocolat - Nh\u00e0 May M\u1eafn - Maison Chance","isPartOf":{"@id":"https:\/\/maison-chance.org\/shop\/fr#website"},"primaryImageOfPage":{"@id":"https:\/\/maison-chance.org\/shop\/fr\/produit\/pain-suisse-au-chocolat#primaryimage"},"image":{"@id":"https:\/\/maison-chance.org\/shop\/fr\/produit\/pain-suisse-au-chocolat#primaryimage"},"thumbnailUrl":"https:\/\/maison-chance.org\/shop\/wp-content\/uploads\/2024\/06\/Banh-So-co-la-Chip.jpg","datePublished":"2024-06-05T23:39:11+00:00","description":"Laissez les p\u00e2tisseries aux p\u00e9pites de chocolat de Maison Chance briller dans vos rassemblements culinaires, ou servir en tant que cadeau significatif pour vos proches et amis","breadcrumb":{"@id":"https:\/\/maison-chance.org\/shop\/fr\/produit\/pain-suisse-au-chocolat#breadcrumb"},"inLanguage":"fr-FR","potentialAction":[{"@type":"ReadAction","target":["https:\/\/maison-chance.org\/shop\/fr\/produit\/pain-suisse-au-chocolat"]}]},{"@type":"ImageObject","inLanguage":"fr-FR","@id":"https:\/\/maison-chance.org\/shop\/fr\/produit\/pain-suisse-au-chocolat#primaryimage","url":"https:\/\/maison-chance.org\/shop\/wp-content\/uploads\/2024\/06\/Banh-So-co-la-Chip.jpg","contentUrl":"https:\/\/maison-chance.org\/shop\/wp-content\/uploads\/2024\/06\/Banh-So-co-la-Chip.jpg","width":600,"height":600,"caption":"Pain Suisse au Chocolat"},{"@type":"BreadcrumbList","@id":"https:\/\/maison-chance.org\/shop\/fr\/produit\/pain-suisse-au-chocolat#breadcrumb","itemListElement":[{"@type":"ListItem","position":1,"name":"Trang ch\u1ee7","item":"https:\/\/maison-chance.org\/shop\/fr"},{"@type":"ListItem","position":2,"name":"Boutique","item":"https:\/\/maison-chance.org\/shop\/shop"},{"@type":"ListItem","position":3,"name":"Pain Suisse au Chocolat"}]},{"@type":"WebSite","@id":"https:\/\/maison-chance.org\/shop\/fr#website","url":"https:\/\/maison-chance.org\/shop\/fr","name":"Nh\u00e0 May M\u1eafn - Maison Chance","description":"M\u1ecdi l\u1ee3i nhu\u1eadn thu v\u1ec1 t\u1eeb vi\u1ec7c b\u00e1n h\u00e0ng s\u1ebd tr\u00edch m\u1ed9t ph\u1ea7n \u0111\u1ec3 ch\u0103m lo cho \u0111\u1eddi s\u1ed1ng c\u00e1c b\u1ea1n khuy\u1ebft t\u1eadt v\u00e0 tr\u1ebb m\u1ed3 c\u00f4i \u1edf \u0111\u00e2y","publisher":{"@id":"https:\/\/maison-chance.org\/shop\/fr#organization"},"potentialAction":[{"@type":"SearchAction","target":{"@type":"EntryPoint","urlTemplate":"https:\/\/maison-chance.org\/shop\/fr?s={search_term_string}"},"query-input":{"@type":"PropertyValueSpecification","valueRequired":true,"valueName":"search_term_string"}}],"inLanguage":"fr-FR"},{"@type":"Organization","@id":"https:\/\/maison-chance.org\/shop\/fr#organization","name":"Nh\u00e0 May M\u1eafn - Maison Chance","url":"https:\/\/maison-chance.org\/shop\/fr","logo":{"@type":"ImageObject","inLanguage":"fr-FR","@id":"https:\/\/maison-chance.org\/shop\/fr#\/schema\/logo\/image\/","url":"https:\/\/maison-chance.org\/shop\/wp-content\/uploads\/2024\/03\/cropped-Logo_DNXH.png","contentUrl":"https:\/\/maison-chance.org\/shop\/wp-content\/uploads\/2024\/03\/cropped-Logo_DNXH.png","width":512,"height":512,"caption":"Nh\u00e0 May M\u1eafn - Maison Chance"},"image":{"@id":"https:\/\/maison-chance.org\/shop\/fr#\/schema\/logo\/image\/"},"sameAs":["https:\/\/www.facebook.com\/dnxh.nhamayman\/"]}]},"product_price_amount":"0.64","product_price_currency":"EUR","og_availability":"instock","product_availability":"instock","product_condition":"new"},"_links":{"self":[{"href":"https:\/\/maison-chance.org\/shop\/fr\/wp-json\/wp\/v2\/product\/39514","targetHints":{"allow":["GET"]}}],"collection":[{"href":"https:\/\/maison-chance.org\/shop\/fr\/wp-json\/wp\/v2\/product"}],"about":[{"href":"https:\/\/maison-chance.org\/shop\/fr\/wp-json\/wp\/v2\/types\/product"}],"wp:featuredmedia":[{"embeddable":true,"href":"https:\/\/maison-chance.org\/shop\/fr\/wp-json\/wp\/v2\/media\/39510"}],"wp:attachment":[{"href":"https:\/\/maison-chance.org\/shop\/fr\/wp-json\/wp\/v2\/media?parent=39514"}],"wp:term":[{"taxonomy":"product_brand","embeddable":true,"href":"https:\/\/maison-chance.org\/shop\/fr\/wp-json\/wp\/v2\/product_brand?post=39514"},{"taxonomy":"product_cat","embeddable":true,"href":"https:\/\/maison-chance.org\/shop\/fr\/wp-json\/wp\/v2\/product_cat?post=39514"},{"taxonomy":"product_tag","embeddable":true,"href":"https:\/\/maison-chance.org\/shop\/fr\/wp-json\/wp\/v2\/product_tag?post=39514"}],"curies":[{"name":"wp","href":"https:\/\/api.w.org\/{rel}","templated":true}]}}