{"id":39527,"date":"2024-06-06T07:01:26","date_gmt":"2024-06-06T00:01:26","guid":{"rendered":"https:\/\/maison-chance.org\/shop\/san-pham\/pain-au-chocolat"},"modified":"2024-06-06T07:09:45","modified_gmt":"2024-06-06T00:09:45","slug":"pain-au-chocolat","status":"publish","type":"product","link":"https:\/\/maison-chance.org\/shop\/fr\/produit\/pain-au-chocolat","title":{"rendered":"Pain Au Chocolat"},"content":{"rendered":"<p style=\"text-align: justify;\">Si vous aimez le go\u00fbt sucr\u00e9 du chocolat et la douceur du pain, alors le Pain-au-Chocolat est le choix parfait pour vous. Avec des ingr\u00e9dients naturels et une saveur unique, ce produit satisfait non seulement les papilles gustatives mais constitue \u00e9galement une excellente option pour le petit-d\u00e9jeuner ou une collation \u00e0 tout moment de la journ\u00e9e.<\/p>\n<p><strong>Saveur Distincte<\/strong><\/p>\n<p style=\"text-align: justify;\">Le Pain-au-Chocolat est une d\u00e9licate combinaison de farine lisse, de lait cr\u00e9meux et de chocolat riche. En le d\u00e9gustant, vous go\u00fbterez la saveur distinctive de la d\u00e9licieuse farine fra\u00eeche associ\u00e9e \u00e0 la richesse du lait et \u00e0 l&rsquo;ar\u00f4me s\u00e9duisant du chocolat. Chaque morceau de pain est une exp\u00e9rience d\u00e9licieuse \u00e0 laquelle vous ne pouvez pas r\u00e9sister.<\/p>\n<p><strong>Soutenez les Produits de Maison Chance<\/strong><\/p>\n<p style=\"text-align: justify;\">Maison Chance est fi\u00e8re de vous pr\u00e9senter Pain-au-Chocolat de haute qualit\u00e9, fabriqu\u00e9 \u00e0 partir des meilleurs ingr\u00e9dients. Nous nous engageons \u00e0 vous apporter les meilleurs produits, les plus s\u00fbrs et les plus d\u00e9licieux. <\/p>\n<p style=\"text-align: justify;\">Soutenez les produits de Maison Chance pour une exp\u00e9rience merveilleuse et prenez soin de votre sant\u00e9. Pain-au-Chocolat n&rsquo;est pas seulement une d\u00e9licieuse g\u00e2terie mais aussi le bon choix pour chaque famille.<\/p>\n","protected":false},"excerpt":{"rendered":"<p style=\"text-align: justify;\">Les p\u00e2tisseries sont fabriqu\u00e9es par des jeunes orphelins actuellement pris en charge par Maison Chance. Nous esp\u00e9rons sinc\u00e8rement votre soutien!<\/p>\n<p>Hotline: <span style=\"font-size: 20px;\"><strong><span style=\"color: #ff0000;\">0909 06 25 28<\/span><\/strong><\/span><\/p>\n","protected":false},"featured_media":39519,"template":"","meta":[],"product_brand":[],"product_cat":[210,219],"product_tag":[],"class_list":{"0":"post-39527","1":"product","2":"type-product","3":"status-publish","4":"has-post-thumbnail","6":"product_cat-boulangerie","7":"product_cat-viennoiseries-patisseries","9":"first","10":"instock","11":"shipping-taxable","12":"purchasable","13":"product-type-variable"},"yoast_head":"<!-- This site is optimized with the Yoast SEO Premium plugin v22.7 (Yoast SEO v25.3.1) - https:\/\/yoast.com\/wordpress\/plugins\/seo\/ -->\n<title>Pain Au Chocolat - Nh\u00e0 May M\u1eafn - Maison Chance<\/title>\n<meta name=\"description\" content=\"Les pains au chocolat, d\u00e9licieux g\u00e2teaux faits de farine et de chocolat, avec une saveur unique que vous ne pouvez pas r\u00e9sister. Commandez d\u00e8s maintenant pour d\u00e9guster\" \/>\n<meta name=\"robots\" content=\"index, follow, max-snippet:-1, max-image-preview:large, max-video-preview:-1\" \/>\n<link rel=\"canonical\" href=\"https:\/\/maison-chance.org\/shop\/fr\/produit\/pain-au-chocolat\" \/>\n<meta property=\"og:locale\" content=\"fr_FR\" \/>\n<meta property=\"og:type\" content=\"article\" \/>\n<meta property=\"og:title\" content=\"Pain Au Chocolat\" \/>\n<meta property=\"og:description\" content=\"Les pains au chocolat, d\u00e9licieux g\u00e2teaux faits de farine et de chocolat, avec une saveur unique que vous ne pouvez pas r\u00e9sister. Commandez d\u00e8s maintenant pour d\u00e9guster\" \/>\n<meta property=\"og:url\" content=\"https:\/\/maison-chance.org\/shop\/fr\/produit\/pain-au-chocolat\" \/>\n<meta property=\"og:site_name\" content=\"Nh\u00e0 May M\u1eafn - Maison Chance\" \/>\n<meta property=\"article:publisher\" content=\"https:\/\/www.facebook.com\/dnxh.nhamayman\/\" \/>\n<meta property=\"article:modified_time\" content=\"2024-06-06T00:09:45+00:00\" \/>\n<meta property=\"og:image\" content=\"https:\/\/maison-chance.org\/shop\/wp-content\/uploads\/2024\/06\/Banh-Pain-au-So-co-la.jpg\" \/>\n\t<meta property=\"og:image:width\" content=\"600\" \/>\n\t<meta property=\"og:image:height\" content=\"600\" \/>\n\t<meta property=\"og:image:type\" content=\"image\/jpeg\" \/>\n<meta name=\"twitter:card\" content=\"summary_large_image\" \/>\n<meta name=\"twitter:label1\" content=\"Disponibilit\u00e9\" \/>\n\t<meta name=\"twitter:data1\" content=\"En stock\" \/>\n<script type=\"application\/ld+json\" class=\"yoast-schema-graph\">{\"@context\":\"https:\/\/schema.org\",\"@graph\":[{\"@type\":\"WebPage\",\"@id\":\"https:\/\/maison-chance.org\/shop\/fr\/produit\/pain-au-chocolat\",\"url\":\"https:\/\/maison-chance.org\/shop\/fr\/produit\/pain-au-chocolat\",\"name\":\"Pain Au Chocolat - Nh\u00e0 May M\u1eafn - Maison Chance\",\"isPartOf\":{\"@id\":\"https:\/\/maison-chance.org\/shop\/fr#website\"},\"primaryImageOfPage\":{\"@id\":\"https:\/\/maison-chance.org\/shop\/fr\/produit\/pain-au-chocolat#primaryimage\"},\"image\":{\"@id\":\"https:\/\/maison-chance.org\/shop\/fr\/produit\/pain-au-chocolat#primaryimage\"},\"thumbnailUrl\":\"https:\/\/maison-chance.org\/shop\/wp-content\/uploads\/2024\/06\/Banh-Pain-au-So-co-la.jpg\",\"datePublished\":\"2024-06-06T00:01:26+00:00\",\"dateModified\":\"2024-06-06T00:09:45+00:00\",\"description\":\"Les pains au chocolat, d\u00e9licieux g\u00e2teaux faits de farine et de chocolat, avec une saveur unique que vous ne pouvez pas r\u00e9sister. Commandez d\u00e8s maintenant pour d\u00e9guster\",\"breadcrumb\":{\"@id\":\"https:\/\/maison-chance.org\/shop\/fr\/produit\/pain-au-chocolat#breadcrumb\"},\"inLanguage\":\"fr-FR\",\"potentialAction\":[{\"@type\":\"ReadAction\",\"target\":[\"https:\/\/maison-chance.org\/shop\/fr\/produit\/pain-au-chocolat\"]}]},{\"@type\":\"ImageObject\",\"inLanguage\":\"fr-FR\",\"@id\":\"https:\/\/maison-chance.org\/shop\/fr\/produit\/pain-au-chocolat#primaryimage\",\"url\":\"https:\/\/maison-chance.org\/shop\/wp-content\/uploads\/2024\/06\/Banh-Pain-au-So-co-la.jpg\",\"contentUrl\":\"https:\/\/maison-chance.org\/shop\/wp-content\/uploads\/2024\/06\/Banh-Pain-au-So-co-la.jpg\",\"width\":600,\"height\":600,\"caption\":\"Pain Au Chocolat\"},{\"@type\":\"BreadcrumbList\",\"@id\":\"https:\/\/maison-chance.org\/shop\/fr\/produit\/pain-au-chocolat#breadcrumb\",\"itemListElement\":[{\"@type\":\"ListItem\",\"position\":1,\"name\":\"Trang ch\u1ee7\",\"item\":\"https:\/\/maison-chance.org\/shop\/fr\"},{\"@type\":\"ListItem\",\"position\":2,\"name\":\"Boutique\",\"item\":\"https:\/\/maison-chance.org\/shop\/shop\"},{\"@type\":\"ListItem\",\"position\":3,\"name\":\"Pain Au Chocolat\"}]},{\"@type\":\"WebSite\",\"@id\":\"https:\/\/maison-chance.org\/shop\/fr#website\",\"url\":\"https:\/\/maison-chance.org\/shop\/fr\",\"name\":\"Nh\u00e0 May M\u1eafn - Maison Chance\",\"description\":\"M\u1ecdi l\u1ee3i nhu\u1eadn thu v\u1ec1 t\u1eeb vi\u1ec7c b\u00e1n h\u00e0ng s\u1ebd tr\u00edch m\u1ed9t ph\u1ea7n \u0111\u1ec3 ch\u0103m lo cho \u0111\u1eddi s\u1ed1ng c\u00e1c b\u1ea1n khuy\u1ebft t\u1eadt v\u00e0 tr\u1ebb m\u1ed3 c\u00f4i \u1edf \u0111\u00e2y\",\"publisher\":{\"@id\":\"https:\/\/maison-chance.org\/shop\/fr#organization\"},\"potentialAction\":[{\"@type\":\"SearchAction\",\"target\":{\"@type\":\"EntryPoint\",\"urlTemplate\":\"https:\/\/maison-chance.org\/shop\/fr?s={search_term_string}\"},\"query-input\":{\"@type\":\"PropertyValueSpecification\",\"valueRequired\":true,\"valueName\":\"search_term_string\"}}],\"inLanguage\":\"fr-FR\"},{\"@type\":\"Organization\",\"@id\":\"https:\/\/maison-chance.org\/shop\/fr#organization\",\"name\":\"Nh\u00e0 May M\u1eafn - Maison Chance\",\"url\":\"https:\/\/maison-chance.org\/shop\/fr\",\"logo\":{\"@type\":\"ImageObject\",\"inLanguage\":\"fr-FR\",\"@id\":\"https:\/\/maison-chance.org\/shop\/fr#\/schema\/logo\/image\/\",\"url\":\"https:\/\/maison-chance.org\/shop\/wp-content\/uploads\/2024\/03\/cropped-Logo_DNXH.png\",\"contentUrl\":\"https:\/\/maison-chance.org\/shop\/wp-content\/uploads\/2024\/03\/cropped-Logo_DNXH.png\",\"width\":512,\"height\":512,\"caption\":\"Nh\u00e0 May M\u1eafn - Maison Chance\"},\"image\":{\"@id\":\"https:\/\/maison-chance.org\/shop\/fr#\/schema\/logo\/image\/\"},\"sameAs\":[\"https:\/\/www.facebook.com\/dnxh.nhamayman\/\"]}]}<\/script>\n<meta property=\"og:availability\" content=\"instock\" \/>\n<meta property=\"product:availability\" content=\"instock\" \/>\n<meta property=\"product:condition\" content=\"new\" \/>\n<!-- \/ Yoast SEO Premium plugin. -->","yoast_head_json":{"title":"Pain Au Chocolat - Nh\u00e0 May M\u1eafn - Maison Chance","description":"Les pains au chocolat, d\u00e9licieux g\u00e2teaux faits de farine et de chocolat, avec une saveur unique que vous ne pouvez pas r\u00e9sister. Commandez d\u00e8s maintenant pour d\u00e9guster","robots":{"index":"index","follow":"follow","max-snippet":"max-snippet:-1","max-image-preview":"max-image-preview:large","max-video-preview":"max-video-preview:-1"},"canonical":"https:\/\/maison-chance.org\/shop\/fr\/produit\/pain-au-chocolat","og_locale":"fr_FR","og_type":"article","og_title":"Pain Au Chocolat","og_description":"Les pains au chocolat, d\u00e9licieux g\u00e2teaux faits de farine et de chocolat, avec une saveur unique que vous ne pouvez pas r\u00e9sister. Commandez d\u00e8s maintenant pour d\u00e9guster","og_url":"https:\/\/maison-chance.org\/shop\/fr\/produit\/pain-au-chocolat","og_site_name":"Nh\u00e0 May M\u1eafn - Maison Chance","article_publisher":"https:\/\/www.facebook.com\/dnxh.nhamayman\/","article_modified_time":"2024-06-06T00:09:45+00:00","og_image":[{"width":600,"height":600,"url":"https:\/\/maison-chance.org\/shop\/wp-content\/uploads\/2024\/06\/Banh-Pain-au-So-co-la.jpg","type":"image\/jpeg"}],"twitter_card":"summary_large_image","twitter_misc":{"Disponibilit\u00e9":"En stock"},"schema":{"@context":"https:\/\/schema.org","@graph":[{"@type":"WebPage","@id":"https:\/\/maison-chance.org\/shop\/fr\/produit\/pain-au-chocolat","url":"https:\/\/maison-chance.org\/shop\/fr\/produit\/pain-au-chocolat","name":"Pain Au Chocolat - Nh\u00e0 May M\u1eafn - Maison Chance","isPartOf":{"@id":"https:\/\/maison-chance.org\/shop\/fr#website"},"primaryImageOfPage":{"@id":"https:\/\/maison-chance.org\/shop\/fr\/produit\/pain-au-chocolat#primaryimage"},"image":{"@id":"https:\/\/maison-chance.org\/shop\/fr\/produit\/pain-au-chocolat#primaryimage"},"thumbnailUrl":"https:\/\/maison-chance.org\/shop\/wp-content\/uploads\/2024\/06\/Banh-Pain-au-So-co-la.jpg","datePublished":"2024-06-06T00:01:26+00:00","dateModified":"2024-06-06T00:09:45+00:00","description":"Les pains au chocolat, d\u00e9licieux g\u00e2teaux faits de farine et de chocolat, avec une saveur unique que vous ne pouvez pas r\u00e9sister. Commandez d\u00e8s maintenant pour d\u00e9guster","breadcrumb":{"@id":"https:\/\/maison-chance.org\/shop\/fr\/produit\/pain-au-chocolat#breadcrumb"},"inLanguage":"fr-FR","potentialAction":[{"@type":"ReadAction","target":["https:\/\/maison-chance.org\/shop\/fr\/produit\/pain-au-chocolat"]}]},{"@type":"ImageObject","inLanguage":"fr-FR","@id":"https:\/\/maison-chance.org\/shop\/fr\/produit\/pain-au-chocolat#primaryimage","url":"https:\/\/maison-chance.org\/shop\/wp-content\/uploads\/2024\/06\/Banh-Pain-au-So-co-la.jpg","contentUrl":"https:\/\/maison-chance.org\/shop\/wp-content\/uploads\/2024\/06\/Banh-Pain-au-So-co-la.jpg","width":600,"height":600,"caption":"Pain Au Chocolat"},{"@type":"BreadcrumbList","@id":"https:\/\/maison-chance.org\/shop\/fr\/produit\/pain-au-chocolat#breadcrumb","itemListElement":[{"@type":"ListItem","position":1,"name":"Trang ch\u1ee7","item":"https:\/\/maison-chance.org\/shop\/fr"},{"@type":"ListItem","position":2,"name":"Boutique","item":"https:\/\/maison-chance.org\/shop\/shop"},{"@type":"ListItem","position":3,"name":"Pain Au Chocolat"}]},{"@type":"WebSite","@id":"https:\/\/maison-chance.org\/shop\/fr#website","url":"https:\/\/maison-chance.org\/shop\/fr","name":"Nh\u00e0 May M\u1eafn - Maison Chance","description":"M\u1ecdi l\u1ee3i nhu\u1eadn thu v\u1ec1 t\u1eeb vi\u1ec7c b\u00e1n h\u00e0ng s\u1ebd tr\u00edch m\u1ed9t ph\u1ea7n \u0111\u1ec3 ch\u0103m lo cho \u0111\u1eddi s\u1ed1ng c\u00e1c b\u1ea1n khuy\u1ebft t\u1eadt v\u00e0 tr\u1ebb m\u1ed3 c\u00f4i \u1edf \u0111\u00e2y","publisher":{"@id":"https:\/\/maison-chance.org\/shop\/fr#organization"},"potentialAction":[{"@type":"SearchAction","target":{"@type":"EntryPoint","urlTemplate":"https:\/\/maison-chance.org\/shop\/fr?s={search_term_string}"},"query-input":{"@type":"PropertyValueSpecification","valueRequired":true,"valueName":"search_term_string"}}],"inLanguage":"fr-FR"},{"@type":"Organization","@id":"https:\/\/maison-chance.org\/shop\/fr#organization","name":"Nh\u00e0 May M\u1eafn - Maison Chance","url":"https:\/\/maison-chance.org\/shop\/fr","logo":{"@type":"ImageObject","inLanguage":"fr-FR","@id":"https:\/\/maison-chance.org\/shop\/fr#\/schema\/logo\/image\/","url":"https:\/\/maison-chance.org\/shop\/wp-content\/uploads\/2024\/03\/cropped-Logo_DNXH.png","contentUrl":"https:\/\/maison-chance.org\/shop\/wp-content\/uploads\/2024\/03\/cropped-Logo_DNXH.png","width":512,"height":512,"caption":"Nh\u00e0 May M\u1eafn - Maison Chance"},"image":{"@id":"https:\/\/maison-chance.org\/shop\/fr#\/schema\/logo\/image\/"},"sameAs":["https:\/\/www.facebook.com\/dnxh.nhamayman\/"]}]},"og_availability":"instock","product_availability":"instock","product_condition":"new"},"_links":{"self":[{"href":"https:\/\/maison-chance.org\/shop\/fr\/wp-json\/wp\/v2\/product\/39527","targetHints":{"allow":["GET"]}}],"collection":[{"href":"https:\/\/maison-chance.org\/shop\/fr\/wp-json\/wp\/v2\/product"}],"about":[{"href":"https:\/\/maison-chance.org\/shop\/fr\/wp-json\/wp\/v2\/types\/product"}],"wp:featuredmedia":[{"embeddable":true,"href":"https:\/\/maison-chance.org\/shop\/fr\/wp-json\/wp\/v2\/media\/39519"}],"wp:attachment":[{"href":"https:\/\/maison-chance.org\/shop\/fr\/wp-json\/wp\/v2\/media?parent=39527"}],"wp:term":[{"taxonomy":"product_brand","embeddable":true,"href":"https:\/\/maison-chance.org\/shop\/fr\/wp-json\/wp\/v2\/product_brand?post=39527"},{"taxonomy":"product_cat","embeddable":true,"href":"https:\/\/maison-chance.org\/shop\/fr\/wp-json\/wp\/v2\/product_cat?post=39527"},{"taxonomy":"product_tag","embeddable":true,"href":"https:\/\/maison-chance.org\/shop\/fr\/wp-json\/wp\/v2\/product_tag?post=39527"}],"curies":[{"name":"wp","href":"https:\/\/api.w.org\/{rel}","templated":true}]}}