{"id":39544,"date":"2024-06-06T07:27:04","date_gmt":"2024-06-06T00:27:04","guid":{"rendered":"https:\/\/maison-chance.org\/shop\/san-pham\/choux-a-la-creme"},"modified":"2024-06-06T07:27:04","modified_gmt":"2024-06-06T00:27:04","slug":"choux-a-la-creme","status":"publish","type":"product","link":"https:\/\/maison-chance.org\/shop\/fr\/produit\/choux-a-la-creme","title":{"rendered":"Choux \u00e0 la cr\u00e8me"},"content":{"rendered":"<p style=\"text-align: justify;\">Dans le monde diversifi\u00e9 des p\u00e2tisseries, les choux \u00e0 la cr\u00e8me de Maison Chance ont rapidement conquis l&rsquo;affection des clients pour leur d\u00e9licate combinaison de la douceur du chocolat et de la cr\u00e8me, ainsi que la richesse du beurre et la douceur de la farine. Ce n&rsquo;est pas seulement un dessert esth\u00e9tiquement plaisant mais aussi un excellent compl\u00e9ment \u00e9nerg\u00e9tique pour chaque repas.<\/p>\n<p><strong>Le Go\u00fbt Exquis des Choux \u00e0 la Cr\u00e8me<\/strong><\/p>\n<p style=\"text-align: justify;\">Lorsque vous croquez dans un chou \u00e0 la cr\u00e8me, le go\u00fbt parfum\u00e9 du chocolat vous rendra irr\u00e9sistible. Le m\u00e9lange parfait de la douceur du chocolat et de la richesse de la cr\u00e8me rendra chaque morceau de p\u00e2tisserie sp\u00e9cial. De plus, la douceur de la p\u00e2te avec la douceur du sucre vous fera fondre \u00e0 chaque moment de d\u00e9gustation.<\/p>\n<p><strong>Soutenez les Produits de P\u00e2tisserie de Maison Chance<\/strong><\/p>\n<p style=\"text-align: justify;\">Avec une qualit\u00e9 garantie et un go\u00fbt excellent, les Choux \u00e0 la Cr\u00e8me de Maison Chance sont le choix parfait pour chaque occasion. Passez du temps avec votre famille et vos amis \u00e0 savourer ces d\u00e9licieuses p\u00e2tisseries, et vous serez satisfait de votre d\u00e9cision.<\/p>\n<p><strong>Commandez Aujourd&rsquo;hui!<\/strong><\/p>\n<p style=\"text-align: justify;\">Si vous recherchez un dessert unique et d\u00e9licieux, commandez d\u00e8s aujourd&rsquo;hui les choux \u00e0 la cr\u00e8me de Maison Chance! Ne manquez pas l&rsquo;occasion de savourer ce go\u00fbt exquis et de soutenir nos produits de p\u00e2tisserie.<\/p>\n","protected":false},"excerpt":{"rendered":"<p style=\"text-align: justify;\">Les p\u00e2tisseries sont fabriqu\u00e9es par des jeunes orphelins actuellement pris en charge par Maison Chance. Nous esp\u00e9rons sinc\u00e8rement votre soutien!<\/p>\n<p>Hotline: <span style=\"font-size: 20px;\"><strong><span style=\"color: #ff0000;\">0909 06 25 28<\/span><\/strong><\/span><\/p>\n","protected":false},"featured_media":39540,"template":"","meta":[],"product_brand":[],"product_cat":[210,219],"product_tag":[],"class_list":{"0":"post-39544","1":"product","2":"type-product","3":"status-publish","4":"has-post-thumbnail","6":"product_cat-boulangerie","7":"product_cat-viennoiseries-patisseries","9":"first","10":"instock","11":"shipping-taxable","12":"purchasable","13":"product-type-simple"},"yoast_head":"<!-- This site is optimized with the Yoast SEO Premium plugin v22.7 (Yoast SEO v25.3.1) - https:\/\/yoast.com\/wordpress\/plugins\/seo\/ -->\n<title>Choux \u00e0 la cr\u00e8me - Nh\u00e0 May M\u1eafn - Maison Chance<\/title>\n<meta name=\"description\" content=\"La Choux \u00e0 la Cr\u00e8me est l&#039;une des sp\u00e9cialit\u00e9s indispensables de tout menu de f\u00eate. Ingr\u00e9dients: farine, beurre, lait, \u0153ufs, sucre et chocolat\" \/>\n<meta name=\"robots\" content=\"index, follow, max-snippet:-1, max-image-preview:large, max-video-preview:-1\" \/>\n<link rel=\"canonical\" href=\"https:\/\/maison-chance.org\/shop\/fr\/produit\/choux-a-la-creme\" \/>\n<meta property=\"og:locale\" content=\"fr_FR\" \/>\n<meta property=\"og:type\" content=\"article\" \/>\n<meta property=\"og:title\" content=\"Choux \u00e0 la cr\u00e8me\" \/>\n<meta property=\"og:description\" content=\"La Choux \u00e0 la Cr\u00e8me est l&#039;une des sp\u00e9cialit\u00e9s indispensables de tout menu de f\u00eate. Ingr\u00e9dients: farine, beurre, lait, \u0153ufs, sucre et chocolat\" \/>\n<meta property=\"og:url\" content=\"https:\/\/maison-chance.org\/shop\/fr\/produit\/choux-a-la-creme\" \/>\n<meta property=\"og:site_name\" content=\"Nh\u00e0 May M\u1eafn - Maison Chance\" \/>\n<meta property=\"article:publisher\" content=\"https:\/\/www.facebook.com\/dnxh.nhamayman\/\" \/>\n<meta property=\"og:image\" content=\"https:\/\/maison-chance.org\/shop\/wp-content\/uploads\/2024\/06\/Banh-su-kem.jpg\" \/>\n\t<meta property=\"og:image:width\" content=\"600\" \/>\n\t<meta property=\"og:image:height\" content=\"600\" \/>\n\t<meta property=\"og:image:type\" content=\"image\/jpeg\" \/>\n<meta name=\"twitter:card\" content=\"summary_large_image\" \/>\n<meta name=\"twitter:label1\" content=\"Prix\" \/>\n\t<meta name=\"twitter:data1\" content=\"&euro;0.37\" \/>\n\t<meta name=\"twitter:label2\" content=\"Disponibilit\u00e9\" \/>\n\t<meta name=\"twitter:data2\" content=\"En stock\" \/>\n<script type=\"application\/ld+json\" class=\"yoast-schema-graph\">{\"@context\":\"https:\/\/schema.org\",\"@graph\":[{\"@type\":\"WebPage\",\"@id\":\"https:\/\/maison-chance.org\/shop\/fr\/produit\/choux-a-la-creme\",\"url\":\"https:\/\/maison-chance.org\/shop\/fr\/produit\/choux-a-la-creme\",\"name\":\"Choux \u00e0 la cr\u00e8me - Nh\u00e0 May M\u1eafn - Maison Chance\",\"isPartOf\":{\"@id\":\"https:\/\/maison-chance.org\/shop\/fr#website\"},\"primaryImageOfPage\":{\"@id\":\"https:\/\/maison-chance.org\/shop\/fr\/produit\/choux-a-la-creme#primaryimage\"},\"image\":{\"@id\":\"https:\/\/maison-chance.org\/shop\/fr\/produit\/choux-a-la-creme#primaryimage\"},\"thumbnailUrl\":\"https:\/\/maison-chance.org\/shop\/wp-content\/uploads\/2024\/06\/Banh-su-kem.jpg\",\"datePublished\":\"2024-06-06T00:27:04+00:00\",\"description\":\"La Choux \u00e0 la Cr\u00e8me est l'une des sp\u00e9cialit\u00e9s indispensables de tout menu de f\u00eate. Ingr\u00e9dients: farine, beurre, lait, \u0153ufs, sucre et chocolat\",\"breadcrumb\":{\"@id\":\"https:\/\/maison-chance.org\/shop\/fr\/produit\/choux-a-la-creme#breadcrumb\"},\"inLanguage\":\"fr-FR\",\"potentialAction\":[{\"@type\":\"ReadAction\",\"target\":[\"https:\/\/maison-chance.org\/shop\/fr\/produit\/choux-a-la-creme\"]}]},{\"@type\":\"ImageObject\",\"inLanguage\":\"fr-FR\",\"@id\":\"https:\/\/maison-chance.org\/shop\/fr\/produit\/choux-a-la-creme#primaryimage\",\"url\":\"https:\/\/maison-chance.org\/shop\/wp-content\/uploads\/2024\/06\/Banh-su-kem.jpg\",\"contentUrl\":\"https:\/\/maison-chance.org\/shop\/wp-content\/uploads\/2024\/06\/Banh-su-kem.jpg\",\"width\":600,\"height\":600,\"caption\":\"Choux \u00e0 la cr\u00e8me\"},{\"@type\":\"BreadcrumbList\",\"@id\":\"https:\/\/maison-chance.org\/shop\/fr\/produit\/choux-a-la-creme#breadcrumb\",\"itemListElement\":[{\"@type\":\"ListItem\",\"position\":1,\"name\":\"Trang ch\u1ee7\",\"item\":\"https:\/\/maison-chance.org\/shop\/fr\"},{\"@type\":\"ListItem\",\"position\":2,\"name\":\"Boutique\",\"item\":\"https:\/\/maison-chance.org\/shop\/shop\"},{\"@type\":\"ListItem\",\"position\":3,\"name\":\"Choux \u00e0 la cr\u00e8me\"}]},{\"@type\":\"WebSite\",\"@id\":\"https:\/\/maison-chance.org\/shop\/fr#website\",\"url\":\"https:\/\/maison-chance.org\/shop\/fr\",\"name\":\"Nh\u00e0 May M\u1eafn - Maison Chance\",\"description\":\"M\u1ecdi l\u1ee3i nhu\u1eadn thu v\u1ec1 t\u1eeb vi\u1ec7c b\u00e1n h\u00e0ng s\u1ebd tr\u00edch m\u1ed9t ph\u1ea7n \u0111\u1ec3 ch\u0103m lo cho \u0111\u1eddi s\u1ed1ng c\u00e1c b\u1ea1n khuy\u1ebft t\u1eadt v\u00e0 tr\u1ebb m\u1ed3 c\u00f4i \u1edf \u0111\u00e2y\",\"publisher\":{\"@id\":\"https:\/\/maison-chance.org\/shop\/fr#organization\"},\"potentialAction\":[{\"@type\":\"SearchAction\",\"target\":{\"@type\":\"EntryPoint\",\"urlTemplate\":\"https:\/\/maison-chance.org\/shop\/fr?s={search_term_string}\"},\"query-input\":{\"@type\":\"PropertyValueSpecification\",\"valueRequired\":true,\"valueName\":\"search_term_string\"}}],\"inLanguage\":\"fr-FR\"},{\"@type\":\"Organization\",\"@id\":\"https:\/\/maison-chance.org\/shop\/fr#organization\",\"name\":\"Nh\u00e0 May M\u1eafn - Maison Chance\",\"url\":\"https:\/\/maison-chance.org\/shop\/fr\",\"logo\":{\"@type\":\"ImageObject\",\"inLanguage\":\"fr-FR\",\"@id\":\"https:\/\/maison-chance.org\/shop\/fr#\/schema\/logo\/image\/\",\"url\":\"https:\/\/maison-chance.org\/shop\/wp-content\/uploads\/2024\/03\/cropped-Logo_DNXH.png\",\"contentUrl\":\"https:\/\/maison-chance.org\/shop\/wp-content\/uploads\/2024\/03\/cropped-Logo_DNXH.png\",\"width\":512,\"height\":512,\"caption\":\"Nh\u00e0 May M\u1eafn - Maison Chance\"},\"image\":{\"@id\":\"https:\/\/maison-chance.org\/shop\/fr#\/schema\/logo\/image\/\"},\"sameAs\":[\"https:\/\/www.facebook.com\/dnxh.nhamayman\/\"]}]}<\/script>\n<meta property=\"product:price:amount\" content=\"0.37\" \/>\n<meta property=\"product:price:currency\" content=\"EUR\" \/>\n<meta property=\"og:availability\" content=\"instock\" \/>\n<meta property=\"product:availability\" content=\"instock\" \/>\n<meta property=\"product:condition\" content=\"new\" \/>\n<!-- \/ Yoast SEO Premium plugin. -->","yoast_head_json":{"title":"Choux \u00e0 la cr\u00e8me - Nh\u00e0 May M\u1eafn - Maison Chance","description":"La Choux \u00e0 la Cr\u00e8me est l'une des sp\u00e9cialit\u00e9s indispensables de tout menu de f\u00eate. Ingr\u00e9dients: farine, beurre, lait, \u0153ufs, sucre et chocolat","robots":{"index":"index","follow":"follow","max-snippet":"max-snippet:-1","max-image-preview":"max-image-preview:large","max-video-preview":"max-video-preview:-1"},"canonical":"https:\/\/maison-chance.org\/shop\/fr\/produit\/choux-a-la-creme","og_locale":"fr_FR","og_type":"article","og_title":"Choux \u00e0 la cr\u00e8me","og_description":"La Choux \u00e0 la Cr\u00e8me est l'une des sp\u00e9cialit\u00e9s indispensables de tout menu de f\u00eate. Ingr\u00e9dients: farine, beurre, lait, \u0153ufs, sucre et chocolat","og_url":"https:\/\/maison-chance.org\/shop\/fr\/produit\/choux-a-la-creme","og_site_name":"Nh\u00e0 May M\u1eafn - Maison Chance","article_publisher":"https:\/\/www.facebook.com\/dnxh.nhamayman\/","og_image":[{"width":600,"height":600,"url":"https:\/\/maison-chance.org\/shop\/wp-content\/uploads\/2024\/06\/Banh-su-kem.jpg","type":"image\/jpeg"}],"twitter_card":"summary_large_image","twitter_misc":{"Prix":"&euro;0.37","Disponibilit\u00e9":"En stock"},"schema":{"@context":"https:\/\/schema.org","@graph":[{"@type":"WebPage","@id":"https:\/\/maison-chance.org\/shop\/fr\/produit\/choux-a-la-creme","url":"https:\/\/maison-chance.org\/shop\/fr\/produit\/choux-a-la-creme","name":"Choux \u00e0 la cr\u00e8me - Nh\u00e0 May M\u1eafn - Maison Chance","isPartOf":{"@id":"https:\/\/maison-chance.org\/shop\/fr#website"},"primaryImageOfPage":{"@id":"https:\/\/maison-chance.org\/shop\/fr\/produit\/choux-a-la-creme#primaryimage"},"image":{"@id":"https:\/\/maison-chance.org\/shop\/fr\/produit\/choux-a-la-creme#primaryimage"},"thumbnailUrl":"https:\/\/maison-chance.org\/shop\/wp-content\/uploads\/2024\/06\/Banh-su-kem.jpg","datePublished":"2024-06-06T00:27:04+00:00","description":"La Choux \u00e0 la Cr\u00e8me est l'une des sp\u00e9cialit\u00e9s indispensables de tout menu de f\u00eate. Ingr\u00e9dients: farine, beurre, lait, \u0153ufs, sucre et chocolat","breadcrumb":{"@id":"https:\/\/maison-chance.org\/shop\/fr\/produit\/choux-a-la-creme#breadcrumb"},"inLanguage":"fr-FR","potentialAction":[{"@type":"ReadAction","target":["https:\/\/maison-chance.org\/shop\/fr\/produit\/choux-a-la-creme"]}]},{"@type":"ImageObject","inLanguage":"fr-FR","@id":"https:\/\/maison-chance.org\/shop\/fr\/produit\/choux-a-la-creme#primaryimage","url":"https:\/\/maison-chance.org\/shop\/wp-content\/uploads\/2024\/06\/Banh-su-kem.jpg","contentUrl":"https:\/\/maison-chance.org\/shop\/wp-content\/uploads\/2024\/06\/Banh-su-kem.jpg","width":600,"height":600,"caption":"Choux \u00e0 la cr\u00e8me"},{"@type":"BreadcrumbList","@id":"https:\/\/maison-chance.org\/shop\/fr\/produit\/choux-a-la-creme#breadcrumb","itemListElement":[{"@type":"ListItem","position":1,"name":"Trang ch\u1ee7","item":"https:\/\/maison-chance.org\/shop\/fr"},{"@type":"ListItem","position":2,"name":"Boutique","item":"https:\/\/maison-chance.org\/shop\/shop"},{"@type":"ListItem","position":3,"name":"Choux \u00e0 la cr\u00e8me"}]},{"@type":"WebSite","@id":"https:\/\/maison-chance.org\/shop\/fr#website","url":"https:\/\/maison-chance.org\/shop\/fr","name":"Nh\u00e0 May M\u1eafn - Maison Chance","description":"M\u1ecdi l\u1ee3i nhu\u1eadn thu v\u1ec1 t\u1eeb vi\u1ec7c b\u00e1n h\u00e0ng s\u1ebd tr\u00edch m\u1ed9t ph\u1ea7n \u0111\u1ec3 ch\u0103m lo cho \u0111\u1eddi s\u1ed1ng c\u00e1c b\u1ea1n khuy\u1ebft t\u1eadt v\u00e0 tr\u1ebb m\u1ed3 c\u00f4i \u1edf \u0111\u00e2y","publisher":{"@id":"https:\/\/maison-chance.org\/shop\/fr#organization"},"potentialAction":[{"@type":"SearchAction","target":{"@type":"EntryPoint","urlTemplate":"https:\/\/maison-chance.org\/shop\/fr?s={search_term_string}"},"query-input":{"@type":"PropertyValueSpecification","valueRequired":true,"valueName":"search_term_string"}}],"inLanguage":"fr-FR"},{"@type":"Organization","@id":"https:\/\/maison-chance.org\/shop\/fr#organization","name":"Nh\u00e0 May M\u1eafn - Maison Chance","url":"https:\/\/maison-chance.org\/shop\/fr","logo":{"@type":"ImageObject","inLanguage":"fr-FR","@id":"https:\/\/maison-chance.org\/shop\/fr#\/schema\/logo\/image\/","url":"https:\/\/maison-chance.org\/shop\/wp-content\/uploads\/2024\/03\/cropped-Logo_DNXH.png","contentUrl":"https:\/\/maison-chance.org\/shop\/wp-content\/uploads\/2024\/03\/cropped-Logo_DNXH.png","width":512,"height":512,"caption":"Nh\u00e0 May M\u1eafn - Maison Chance"},"image":{"@id":"https:\/\/maison-chance.org\/shop\/fr#\/schema\/logo\/image\/"},"sameAs":["https:\/\/www.facebook.com\/dnxh.nhamayman\/"]}]},"product_price_amount":"0.37","product_price_currency":"EUR","og_availability":"instock","product_availability":"instock","product_condition":"new"},"_links":{"self":[{"href":"https:\/\/maison-chance.org\/shop\/fr\/wp-json\/wp\/v2\/product\/39544","targetHints":{"allow":["GET"]}}],"collection":[{"href":"https:\/\/maison-chance.org\/shop\/fr\/wp-json\/wp\/v2\/product"}],"about":[{"href":"https:\/\/maison-chance.org\/shop\/fr\/wp-json\/wp\/v2\/types\/product"}],"wp:featuredmedia":[{"embeddable":true,"href":"https:\/\/maison-chance.org\/shop\/fr\/wp-json\/wp\/v2\/media\/39540"}],"wp:attachment":[{"href":"https:\/\/maison-chance.org\/shop\/fr\/wp-json\/wp\/v2\/media?parent=39544"}],"wp:term":[{"taxonomy":"product_brand","embeddable":true,"href":"https:\/\/maison-chance.org\/shop\/fr\/wp-json\/wp\/v2\/product_brand?post=39544"},{"taxonomy":"product_cat","embeddable":true,"href":"https:\/\/maison-chance.org\/shop\/fr\/wp-json\/wp\/v2\/product_cat?post=39544"},{"taxonomy":"product_tag","embeddable":true,"href":"https:\/\/maison-chance.org\/shop\/fr\/wp-json\/wp\/v2\/product_tag?post=39544"}],"curies":[{"name":"wp","href":"https:\/\/api.w.org\/{rel}","templated":true}]}}