{"id":39836,"date":"2024-06-14T08:07:13","date_gmt":"2024-06-14T01:07:13","guid":{"rendered":"https:\/\/maison-chance.org\/shop\/san-pham\/sac-tendance-fbkktc06"},"modified":"2024-11-13T14:28:29","modified_gmt":"2024-11-13T07:28:29","slug":"sac-tendance-fbkktc06","status":"publish","type":"product","link":"https:\/\/maison-chance.org\/shop\/fr\/produit\/sac-tendance-fbkktc06","title":{"rendered":"Sac tendance FBKKTC06"},"content":{"rendered":"<p style=\"text-align: justify;\">Le sac de mode FBKKTC06 est une combinaison d\u00e9licate de tissu kaki et de brocart traditionnel, cr\u00e9ant un produit \u00e0 la fois esth\u00e9tique, durable et pratique. Avec des dimensions de 43,5 x 38 cm, le sac est suffisamment grand pour transporter vos objets quotidiens tout en conservant une apparence soign\u00e9e et \u00e9l\u00e9gante. Notamment, chaque sac est un produit artisanal exquis, cousu par des personnes handicap\u00e9es \u00e0 <a href=\"https:\/\/maison-chance.org\/shop\">Maison Chance<\/a> \u2013 chaque point de couture t\u00e9moigne de la puissance de la volont\u00e9 et de la cr\u00e9ativit\u00e9 illimit\u00e9e.<\/p>\n<p style=\"text-align: justify;\">Le sac FBKKTC06 n&rsquo;est pas qu&rsquo;un accessoire de mode mais aussi un compagnon id\u00e9al en toutes circonstances. Vous pouvez l&rsquo;utiliser pour le travail, les \u00e9tudes ou simplement pour vous promener en ville. Le design \u00e9l\u00e9gant et les mat\u00e9riaux durables vous permettent de l&rsquo;assortir facilement \u00e0 diff\u00e9rentes tenues, du jean dynamique aux robes \u00e9l\u00e9gantes. En particulier, le sac peut aussi \u00eatre un merveilleux cadeau, exprimant votre attention et votre empathie pour le destinataire.<\/p>\n<p style=\"text-align: justify;\">Chaque sac FBKKTC06 n&rsquo;est pas qu&rsquo;un produit de mode mais porte un message significatif de soutien et de partage. Lorsque vous choisissez d&rsquo;acheter ce produit, vous ne recevez pas seulement un article de qualit\u00e9 mais contribuez \u00e9galement \u00e0 cr\u00e9er des emplois et de l&rsquo;espoir pour les personnes handicap\u00e9es \u00e0 Maison Chance. Rejoignez-nous pour r\u00e9pandre l&rsquo;amour et aider les personnes en difficult\u00e9 \u00e0 travers cette action petite mais significative. Multiplions l&rsquo;amour et faisons la diff\u00e9rence en choisissant d&rsquo;acheter le sac FBKKTC06 aujourd&rsquo;hui !<\/p>\n","protected":false},"excerpt":{"rendered":"<p style=\"text-align: justify;\">Le produit est fabriqu\u00e9 \u00e0 la main par des personnes handicap\u00e9es moins fortun\u00e9es et nous esp\u00e9rons sinc\u00e8rement recevoir votre soutien.<\/p>\n<p>Mat\u00e9riau :<\/p>\n<p>Tissu kaki + tissu tiss\u00e9 \u00e0 la main<\/p>\n<p>Code : K11TX<\/p>\n<p>Dimensions : 43,5 x 38 cm<\/p>\n<p>Hotline : <span style=\"font-size: 20px;\"><strong><span style=\"color: #ff0000;\">0909 06 25 28<\/span><\/strong><\/span><\/p>\n<p style=\"text-align: justify;\">Si vous \u00eates au Vietnam, veuillez nous contacter via la hotline ou la page fan de notre entreprise Lucky Tailor pour conna\u00eetre le prix au Vietnam.<\/p>\n","protected":false},"featured_media":39833,"template":"","meta":[],"product_brand":[],"product_cat":[231,246],"product_tag":[],"class_list":{"0":"post-39836","1":"product","2":"type-product","3":"status-publish","4":"has-post-thumbnail","6":"product_cat-atelier-de-couture","7":"product_cat-sac-a-main","9":"first","10":"instock","11":"shipping-taxable","12":"purchasable","13":"product-type-simple"},"yoast_head":"<!-- This site is optimized with the Yoast SEO Premium plugin v22.7 (Yoast SEO v25.3.1) - https:\/\/yoast.com\/wordpress\/plugins\/seo\/ -->\n<title>**Sac tendance FBKKTC06 - Sac tiss\u00e9 \u00e0 la main - Nh\u00e0 May M\u1eafn - Maison Chance<\/title>\n<meta name=\"description\" content=\"Le sac \u00e0 la mode FBKKTC06 est une combinaison parfaite de toile et de tissu tiss\u00e9 \u00e0 la main, cr\u00e9ant un produit \u00e0 la fois tr\u00e8s esth\u00e9tique, durable et pratique\" \/>\n<meta name=\"robots\" content=\"index, follow, max-snippet:-1, max-image-preview:large, max-video-preview:-1\" \/>\n<link rel=\"canonical\" href=\"https:\/\/maison-chance.org\/shop\/fr\/produit\/sac-tendance-fbkktc06\" \/>\n<meta property=\"og:locale\" content=\"fr_FR\" \/>\n<meta property=\"og:type\" content=\"article\" \/>\n<meta property=\"og:title\" content=\"Sac tendance FBKKTC06\" \/>\n<meta property=\"og:description\" content=\"Le sac \u00e0 la mode FBKKTC06 est une combinaison parfaite de toile et de tissu tiss\u00e9 \u00e0 la main, cr\u00e9ant un produit \u00e0 la fois tr\u00e8s esth\u00e9tique, durable et pratique\" \/>\n<meta property=\"og:url\" content=\"https:\/\/maison-chance.org\/shop\/fr\/produit\/sac-tendance-fbkktc06\" \/>\n<meta property=\"og:site_name\" content=\"Nh\u00e0 May M\u1eafn - Maison Chance\" \/>\n<meta property=\"article:publisher\" content=\"https:\/\/www.facebook.com\/dnxh.nhamayman\/\" \/>\n<meta property=\"article:modified_time\" content=\"2024-11-13T07:28:29+00:00\" \/>\n<meta property=\"og:image\" content=\"https:\/\/maison-chance.org\/shop\/wp-content\/uploads\/2024\/06\/tui-thoi-trang-fbkktc06.jpg\" \/>\n\t<meta property=\"og:image:width\" content=\"600\" \/>\n\t<meta property=\"og:image:height\" content=\"600\" \/>\n\t<meta property=\"og:image:type\" content=\"image\/jpeg\" \/>\n<meta name=\"twitter:card\" content=\"summary_large_image\" \/>\n<meta name=\"twitter:label1\" content=\"Prix\" \/>\n\t<meta name=\"twitter:data1\" content=\"&euro;16.47\" \/>\n\t<meta name=\"twitter:label2\" content=\"Disponibilit\u00e9\" \/>\n\t<meta name=\"twitter:data2\" content=\"En stock\" \/>\n<script type=\"application\/ld+json\" class=\"yoast-schema-graph\">{\"@context\":\"https:\/\/schema.org\",\"@graph\":[{\"@type\":\"WebPage\",\"@id\":\"https:\/\/maison-chance.org\/shop\/fr\/produit\/sac-tendance-fbkktc06\",\"url\":\"https:\/\/maison-chance.org\/shop\/fr\/produit\/sac-tendance-fbkktc06\",\"name\":\"**Sac tendance FBKKTC06 - Sac tiss\u00e9 \u00e0 la main - Nh\u00e0 May M\u1eafn - Maison Chance\",\"isPartOf\":{\"@id\":\"https:\/\/maison-chance.org\/shop\/fr#website\"},\"primaryImageOfPage\":{\"@id\":\"https:\/\/maison-chance.org\/shop\/fr\/produit\/sac-tendance-fbkktc06#primaryimage\"},\"image\":{\"@id\":\"https:\/\/maison-chance.org\/shop\/fr\/produit\/sac-tendance-fbkktc06#primaryimage\"},\"thumbnailUrl\":\"https:\/\/maison-chance.org\/shop\/wp-content\/uploads\/2024\/06\/tui-thoi-trang-fbkktc06.jpg\",\"datePublished\":\"2024-06-14T01:07:13+00:00\",\"dateModified\":\"2024-11-13T07:28:29+00:00\",\"description\":\"Le sac \u00e0 la mode FBKKTC06 est une combinaison parfaite de toile et de tissu tiss\u00e9 \u00e0 la main, cr\u00e9ant un produit \u00e0 la fois tr\u00e8s esth\u00e9tique, durable et pratique\",\"breadcrumb\":{\"@id\":\"https:\/\/maison-chance.org\/shop\/fr\/produit\/sac-tendance-fbkktc06#breadcrumb\"},\"inLanguage\":\"fr-FR\",\"potentialAction\":[{\"@type\":\"ReadAction\",\"target\":[\"https:\/\/maison-chance.org\/shop\/fr\/produit\/sac-tendance-fbkktc06\"]}]},{\"@type\":\"ImageObject\",\"inLanguage\":\"fr-FR\",\"@id\":\"https:\/\/maison-chance.org\/shop\/fr\/produit\/sac-tendance-fbkktc06#primaryimage\",\"url\":\"https:\/\/maison-chance.org\/shop\/wp-content\/uploads\/2024\/06\/tui-thoi-trang-fbkktc06.jpg\",\"contentUrl\":\"https:\/\/maison-chance.org\/shop\/wp-content\/uploads\/2024\/06\/tui-thoi-trang-fbkktc06.jpg\",\"width\":600,\"height\":600,\"caption\":\"Sac tendance FBKKTC06\"},{\"@type\":\"BreadcrumbList\",\"@id\":\"https:\/\/maison-chance.org\/shop\/fr\/produit\/sac-tendance-fbkktc06#breadcrumb\",\"itemListElement\":[{\"@type\":\"ListItem\",\"position\":1,\"name\":\"Trang ch\u1ee7\",\"item\":\"https:\/\/maison-chance.org\/shop\/fr\"},{\"@type\":\"ListItem\",\"position\":2,\"name\":\"Boutique\",\"item\":\"https:\/\/maison-chance.org\/shop\/shop\"},{\"@type\":\"ListItem\",\"position\":3,\"name\":\"Sac tendance FBKKTC06\"}]},{\"@type\":\"WebSite\",\"@id\":\"https:\/\/maison-chance.org\/shop\/fr#website\",\"url\":\"https:\/\/maison-chance.org\/shop\/fr\",\"name\":\"Nh\u00e0 May M\u1eafn - Maison Chance\",\"description\":\"M\u1ecdi l\u1ee3i nhu\u1eadn thu v\u1ec1 t\u1eeb vi\u1ec7c b\u00e1n h\u00e0ng s\u1ebd tr\u00edch m\u1ed9t ph\u1ea7n \u0111\u1ec3 ch\u0103m lo cho \u0111\u1eddi s\u1ed1ng c\u00e1c b\u1ea1n khuy\u1ebft t\u1eadt v\u00e0 tr\u1ebb m\u1ed3 c\u00f4i \u1edf \u0111\u00e2y\",\"publisher\":{\"@id\":\"https:\/\/maison-chance.org\/shop\/fr#organization\"},\"potentialAction\":[{\"@type\":\"SearchAction\",\"target\":{\"@type\":\"EntryPoint\",\"urlTemplate\":\"https:\/\/maison-chance.org\/shop\/fr?s={search_term_string}\"},\"query-input\":{\"@type\":\"PropertyValueSpecification\",\"valueRequired\":true,\"valueName\":\"search_term_string\"}}],\"inLanguage\":\"fr-FR\"},{\"@type\":\"Organization\",\"@id\":\"https:\/\/maison-chance.org\/shop\/fr#organization\",\"name\":\"Nh\u00e0 May M\u1eafn - Maison Chance\",\"url\":\"https:\/\/maison-chance.org\/shop\/fr\",\"logo\":{\"@type\":\"ImageObject\",\"inLanguage\":\"fr-FR\",\"@id\":\"https:\/\/maison-chance.org\/shop\/fr#\/schema\/logo\/image\/\",\"url\":\"https:\/\/maison-chance.org\/shop\/wp-content\/uploads\/2024\/03\/cropped-Logo_DNXH.png\",\"contentUrl\":\"https:\/\/maison-chance.org\/shop\/wp-content\/uploads\/2024\/03\/cropped-Logo_DNXH.png\",\"width\":512,\"height\":512,\"caption\":\"Nh\u00e0 May M\u1eafn - Maison Chance\"},\"image\":{\"@id\":\"https:\/\/maison-chance.org\/shop\/fr#\/schema\/logo\/image\/\"},\"sameAs\":[\"https:\/\/www.facebook.com\/dnxh.nhamayman\/\"]}]}<\/script>\n<meta property=\"product:price:amount\" content=\"16.47\" \/>\n<meta property=\"product:price:currency\" content=\"EUR\" \/>\n<meta property=\"og:availability\" content=\"instock\" \/>\n<meta property=\"product:availability\" content=\"instock\" \/>\n<meta property=\"product:condition\" content=\"new\" \/>\n<!-- \/ Yoast SEO Premium plugin. -->","yoast_head_json":{"title":"**Sac tendance FBKKTC06 - Sac tiss\u00e9 \u00e0 la main - Nh\u00e0 May M\u1eafn - Maison Chance","description":"Le sac \u00e0 la mode FBKKTC06 est une combinaison parfaite de toile et de tissu tiss\u00e9 \u00e0 la main, cr\u00e9ant un produit \u00e0 la fois tr\u00e8s esth\u00e9tique, durable et pratique","robots":{"index":"index","follow":"follow","max-snippet":"max-snippet:-1","max-image-preview":"max-image-preview:large","max-video-preview":"max-video-preview:-1"},"canonical":"https:\/\/maison-chance.org\/shop\/fr\/produit\/sac-tendance-fbkktc06","og_locale":"fr_FR","og_type":"article","og_title":"Sac tendance FBKKTC06","og_description":"Le sac \u00e0 la mode FBKKTC06 est une combinaison parfaite de toile et de tissu tiss\u00e9 \u00e0 la main, cr\u00e9ant un produit \u00e0 la fois tr\u00e8s esth\u00e9tique, durable et pratique","og_url":"https:\/\/maison-chance.org\/shop\/fr\/produit\/sac-tendance-fbkktc06","og_site_name":"Nh\u00e0 May M\u1eafn - Maison Chance","article_publisher":"https:\/\/www.facebook.com\/dnxh.nhamayman\/","article_modified_time":"2024-11-13T07:28:29+00:00","og_image":[{"width":600,"height":600,"url":"https:\/\/maison-chance.org\/shop\/wp-content\/uploads\/2024\/06\/tui-thoi-trang-fbkktc06.jpg","type":"image\/jpeg"}],"twitter_card":"summary_large_image","twitter_misc":{"Prix":"&euro;16.47","Disponibilit\u00e9":"En stock"},"schema":{"@context":"https:\/\/schema.org","@graph":[{"@type":"WebPage","@id":"https:\/\/maison-chance.org\/shop\/fr\/produit\/sac-tendance-fbkktc06","url":"https:\/\/maison-chance.org\/shop\/fr\/produit\/sac-tendance-fbkktc06","name":"**Sac tendance FBKKTC06 - Sac tiss\u00e9 \u00e0 la main - Nh\u00e0 May M\u1eafn - Maison Chance","isPartOf":{"@id":"https:\/\/maison-chance.org\/shop\/fr#website"},"primaryImageOfPage":{"@id":"https:\/\/maison-chance.org\/shop\/fr\/produit\/sac-tendance-fbkktc06#primaryimage"},"image":{"@id":"https:\/\/maison-chance.org\/shop\/fr\/produit\/sac-tendance-fbkktc06#primaryimage"},"thumbnailUrl":"https:\/\/maison-chance.org\/shop\/wp-content\/uploads\/2024\/06\/tui-thoi-trang-fbkktc06.jpg","datePublished":"2024-06-14T01:07:13+00:00","dateModified":"2024-11-13T07:28:29+00:00","description":"Le sac \u00e0 la mode FBKKTC06 est une combinaison parfaite de toile et de tissu tiss\u00e9 \u00e0 la main, cr\u00e9ant un produit \u00e0 la fois tr\u00e8s esth\u00e9tique, durable et pratique","breadcrumb":{"@id":"https:\/\/maison-chance.org\/shop\/fr\/produit\/sac-tendance-fbkktc06#breadcrumb"},"inLanguage":"fr-FR","potentialAction":[{"@type":"ReadAction","target":["https:\/\/maison-chance.org\/shop\/fr\/produit\/sac-tendance-fbkktc06"]}]},{"@type":"ImageObject","inLanguage":"fr-FR","@id":"https:\/\/maison-chance.org\/shop\/fr\/produit\/sac-tendance-fbkktc06#primaryimage","url":"https:\/\/maison-chance.org\/shop\/wp-content\/uploads\/2024\/06\/tui-thoi-trang-fbkktc06.jpg","contentUrl":"https:\/\/maison-chance.org\/shop\/wp-content\/uploads\/2024\/06\/tui-thoi-trang-fbkktc06.jpg","width":600,"height":600,"caption":"Sac tendance FBKKTC06"},{"@type":"BreadcrumbList","@id":"https:\/\/maison-chance.org\/shop\/fr\/produit\/sac-tendance-fbkktc06#breadcrumb","itemListElement":[{"@type":"ListItem","position":1,"name":"Trang ch\u1ee7","item":"https:\/\/maison-chance.org\/shop\/fr"},{"@type":"ListItem","position":2,"name":"Boutique","item":"https:\/\/maison-chance.org\/shop\/shop"},{"@type":"ListItem","position":3,"name":"Sac tendance FBKKTC06"}]},{"@type":"WebSite","@id":"https:\/\/maison-chance.org\/shop\/fr#website","url":"https:\/\/maison-chance.org\/shop\/fr","name":"Nh\u00e0 May M\u1eafn - Maison Chance","description":"M\u1ecdi l\u1ee3i nhu\u1eadn thu v\u1ec1 t\u1eeb vi\u1ec7c b\u00e1n h\u00e0ng s\u1ebd tr\u00edch m\u1ed9t ph\u1ea7n \u0111\u1ec3 ch\u0103m lo cho \u0111\u1eddi s\u1ed1ng c\u00e1c b\u1ea1n khuy\u1ebft t\u1eadt v\u00e0 tr\u1ebb m\u1ed3 c\u00f4i \u1edf \u0111\u00e2y","publisher":{"@id":"https:\/\/maison-chance.org\/shop\/fr#organization"},"potentialAction":[{"@type":"SearchAction","target":{"@type":"EntryPoint","urlTemplate":"https:\/\/maison-chance.org\/shop\/fr?s={search_term_string}"},"query-input":{"@type":"PropertyValueSpecification","valueRequired":true,"valueName":"search_term_string"}}],"inLanguage":"fr-FR"},{"@type":"Organization","@id":"https:\/\/maison-chance.org\/shop\/fr#organization","name":"Nh\u00e0 May M\u1eafn - Maison Chance","url":"https:\/\/maison-chance.org\/shop\/fr","logo":{"@type":"ImageObject","inLanguage":"fr-FR","@id":"https:\/\/maison-chance.org\/shop\/fr#\/schema\/logo\/image\/","url":"https:\/\/maison-chance.org\/shop\/wp-content\/uploads\/2024\/03\/cropped-Logo_DNXH.png","contentUrl":"https:\/\/maison-chance.org\/shop\/wp-content\/uploads\/2024\/03\/cropped-Logo_DNXH.png","width":512,"height":512,"caption":"Nh\u00e0 May M\u1eafn - Maison Chance"},"image":{"@id":"https:\/\/maison-chance.org\/shop\/fr#\/schema\/logo\/image\/"},"sameAs":["https:\/\/www.facebook.com\/dnxh.nhamayman\/"]}]},"product_price_amount":"16.47","product_price_currency":"EUR","og_availability":"instock","product_availability":"instock","product_condition":"new"},"_links":{"self":[{"href":"https:\/\/maison-chance.org\/shop\/fr\/wp-json\/wp\/v2\/product\/39836","targetHints":{"allow":["GET"]}}],"collection":[{"href":"https:\/\/maison-chance.org\/shop\/fr\/wp-json\/wp\/v2\/product"}],"about":[{"href":"https:\/\/maison-chance.org\/shop\/fr\/wp-json\/wp\/v2\/types\/product"}],"wp:featuredmedia":[{"embeddable":true,"href":"https:\/\/maison-chance.org\/shop\/fr\/wp-json\/wp\/v2\/media\/39833"}],"wp:attachment":[{"href":"https:\/\/maison-chance.org\/shop\/fr\/wp-json\/wp\/v2\/media?parent=39836"}],"wp:term":[{"taxonomy":"product_brand","embeddable":true,"href":"https:\/\/maison-chance.org\/shop\/fr\/wp-json\/wp\/v2\/product_brand?post=39836"},{"taxonomy":"product_cat","embeddable":true,"href":"https:\/\/maison-chance.org\/shop\/fr\/wp-json\/wp\/v2\/product_cat?post=39836"},{"taxonomy":"product_tag","embeddable":true,"href":"https:\/\/maison-chance.org\/shop\/fr\/wp-json\/wp\/v2\/product_tag?post=39836"}],"curies":[{"name":"wp","href":"https:\/\/api.w.org\/{rel}","templated":true}]}}