{"id":39857,"date":"2024-06-18T05:44:03","date_gmt":"2024-06-17T22:44:03","guid":{"rendered":"https:\/\/maison-chance.org\/shop\/san-pham\/sac-tendance-fbje03"},"modified":"2024-11-20T15:36:18","modified_gmt":"2024-11-20T08:36:18","slug":"sac-tendance-fbje03","status":"publish","type":"product","link":"https:\/\/maison-chance.org\/shop\/fr\/produit\/sac-tendance-fbje03","title":{"rendered":"Sac tendance FBJE03"},"content":{"rendered":"<p style=\"text-align: justify;\">We are pleased to introduce the fashion bag FBJE03 from Maison Chance, which will be the perfect choice for you. Designed with a perfect combination of premium jean material and meticulous stitching, the product not only meets usage needs but also contributes to supporting people with disabilities integrate into society.<\/p>\n<p style=\"text-align: justify;\">The FBJE03 bag features a slim rectangular shape with ideal dimensions of 43.5 x 38 cm, creating a neat appearance while ensuring spacious storage. The FBJE03 bag has a spacious main compartment along with convenient side pockets, meeting storage needs without losing its inherent youthful and dynamic style.<\/p>\n<p style=\"text-align: justify;\">You can carry the FBJE03 bag to work, outings, or even when traveling. With its versatile storage capacity and sophisticated design, this will be an indispensable accessory in your collection. Elevate your personal style while helping spread humanitarian values through this product.<\/p>\n<p style=\"text-align: justify;\">Each FBJE03 bag is not simply a fashion item but a miracle from the skilled hands of craftspeople at Maison Chance. When purchasing this product, you are not just a customer but a compassionate companion, as every contribution you make will be used to support people with disabilities, creating conditions for them to integrate and develop themselves.<\/p>\n<p style=\"text-align: justify;\">Join Maison Chance in spreading love and expressing your style with the FBJE03 bag. Order now to turn every accessory you carry into a messenger of true beauty and humanitarian values!<\/p>\n","protected":false},"excerpt":{"rendered":"<p style=\"text-align: justify;\">Le produit fabriqu\u00e9 \u00e0 la main par nos artisans handicap\u00e9s moins fortun\u00e9s esp\u00e8re sinc\u00e8rement votre soutien.<\/p>\n<p>Mat\u00e9riau : Tissu en jean<\/p>\n<p>Code : J09TX<\/p>\n<p>Dimensions : 43,5 x 38 cm<\/p>\n<p>Hotline : <span style=\"font-size: 20px;\"><strong><span style=\"color: #ff0000;\">0909 06 25 28<\/span><\/strong><\/span><\/p>\n<p style=\"text-align: justify;\">Si vous \u00eates au Vietnam, veuillez nous contacter via le num\u00e9ro de hotline ou notre fanpage d&rsquo;entreprise \u00e0 Lucky House pour conna\u00eetre les prix au Vietnam.<\/p>\n","protected":false},"featured_media":39853,"template":"","meta":[],"product_brand":[],"product_cat":[231,246],"product_tag":[],"class_list":{"0":"post-39857","1":"product","2":"type-product","3":"status-publish","4":"has-post-thumbnail","6":"product_cat-atelier-de-couture","7":"product_cat-sac-a-main","9":"first","10":"instock","11":"shipping-taxable","12":"purchasable","13":"product-type-simple"},"yoast_head":"<!-- This site is optimized with the Yoast SEO Premium plugin v22.7 (Yoast SEO v25.3.1) - https:\/\/yoast.com\/wordpress\/plugins\/seo\/ -->\n<title>Sac tendance FBJE03 - Sac ethnique - Nh\u00e0 May M\u1eafn - Maison Chance<\/title>\n<meta name=\"description\" content=\"Le sac FBJE03 \u00e0 la mode pr\u00e9sente une forme rectangulaire fine, des dimensions id\u00e9ales de 43,5 x 38 cm, fabriqu\u00e9 en jean durable et beau\" \/>\n<meta name=\"robots\" content=\"index, follow, max-snippet:-1, max-image-preview:large, max-video-preview:-1\" \/>\n<link rel=\"canonical\" href=\"https:\/\/maison-chance.org\/shop\/fr\/produit\/sac-tendance-fbje03\" \/>\n<meta property=\"og:locale\" content=\"fr_FR\" \/>\n<meta property=\"og:type\" content=\"article\" \/>\n<meta property=\"og:title\" content=\"Sac tendance FBJE03\" \/>\n<meta property=\"og:description\" content=\"Le sac FBJE03 \u00e0 la mode pr\u00e9sente une forme rectangulaire fine, des dimensions id\u00e9ales de 43,5 x 38 cm, fabriqu\u00e9 en jean durable et beau\" \/>\n<meta property=\"og:url\" content=\"https:\/\/maison-chance.org\/shop\/fr\/produit\/sac-tendance-fbje03\" \/>\n<meta property=\"og:site_name\" content=\"Nh\u00e0 May M\u1eafn - Maison Chance\" \/>\n<meta property=\"article:publisher\" content=\"https:\/\/www.facebook.com\/dnxh.nhamayman\/\" \/>\n<meta property=\"article:modified_time\" content=\"2024-11-20T08:36:18+00:00\" \/>\n<meta property=\"og:image\" content=\"https:\/\/maison-chance.org\/shop\/wp-content\/uploads\/2024\/06\/tui-thoi-trang-fbje03.png\" \/>\n\t<meta property=\"og:image:width\" content=\"600\" \/>\n\t<meta property=\"og:image:height\" content=\"600\" \/>\n\t<meta property=\"og:image:type\" content=\"image\/png\" \/>\n<meta name=\"twitter:card\" content=\"summary_large_image\" \/>\n<meta name=\"twitter:label1\" content=\"Prix\" \/>\n\t<meta name=\"twitter:data1\" content=\"&euro;12.88\" \/>\n\t<meta name=\"twitter:label2\" content=\"Disponibilit\u00e9\" \/>\n\t<meta name=\"twitter:data2\" content=\"En stock\" \/>\n<script type=\"application\/ld+json\" class=\"yoast-schema-graph\">{\"@context\":\"https:\/\/schema.org\",\"@graph\":[{\"@type\":\"WebPage\",\"@id\":\"https:\/\/maison-chance.org\/shop\/fr\/produit\/sac-tendance-fbje03\",\"url\":\"https:\/\/maison-chance.org\/shop\/fr\/produit\/sac-tendance-fbje03\",\"name\":\"Sac tendance FBJE03 - Sac ethnique - Nh\u00e0 May M\u1eafn - Maison Chance\",\"isPartOf\":{\"@id\":\"https:\/\/maison-chance.org\/shop\/fr#website\"},\"primaryImageOfPage\":{\"@id\":\"https:\/\/maison-chance.org\/shop\/fr\/produit\/sac-tendance-fbje03#primaryimage\"},\"image\":{\"@id\":\"https:\/\/maison-chance.org\/shop\/fr\/produit\/sac-tendance-fbje03#primaryimage\"},\"thumbnailUrl\":\"https:\/\/maison-chance.org\/shop\/wp-content\/uploads\/2024\/06\/tui-thoi-trang-fbje03.png\",\"datePublished\":\"2024-06-17T22:44:03+00:00\",\"dateModified\":\"2024-11-20T08:36:18+00:00\",\"description\":\"Le sac FBJE03 \u00e0 la mode pr\u00e9sente une forme rectangulaire fine, des dimensions id\u00e9ales de 43,5 x 38 cm, fabriqu\u00e9 en jean durable et beau\",\"breadcrumb\":{\"@id\":\"https:\/\/maison-chance.org\/shop\/fr\/produit\/sac-tendance-fbje03#breadcrumb\"},\"inLanguage\":\"fr-FR\",\"potentialAction\":[{\"@type\":\"ReadAction\",\"target\":[\"https:\/\/maison-chance.org\/shop\/fr\/produit\/sac-tendance-fbje03\"]}]},{\"@type\":\"ImageObject\",\"inLanguage\":\"fr-FR\",\"@id\":\"https:\/\/maison-chance.org\/shop\/fr\/produit\/sac-tendance-fbje03#primaryimage\",\"url\":\"https:\/\/maison-chance.org\/shop\/wp-content\/uploads\/2024\/06\/tui-thoi-trang-fbje03.png\",\"contentUrl\":\"https:\/\/maison-chance.org\/shop\/wp-content\/uploads\/2024\/06\/tui-thoi-trang-fbje03.png\",\"width\":600,\"height\":600,\"caption\":\"Sac tendance FBJE03\"},{\"@type\":\"BreadcrumbList\",\"@id\":\"https:\/\/maison-chance.org\/shop\/fr\/produit\/sac-tendance-fbje03#breadcrumb\",\"itemListElement\":[{\"@type\":\"ListItem\",\"position\":1,\"name\":\"Trang ch\u1ee7\",\"item\":\"https:\/\/maison-chance.org\/shop\/fr\"},{\"@type\":\"ListItem\",\"position\":2,\"name\":\"Boutique\",\"item\":\"https:\/\/maison-chance.org\/shop\/shop\"},{\"@type\":\"ListItem\",\"position\":3,\"name\":\"Sac tendance FBJE03\"}]},{\"@type\":\"WebSite\",\"@id\":\"https:\/\/maison-chance.org\/shop\/fr#website\",\"url\":\"https:\/\/maison-chance.org\/shop\/fr\",\"name\":\"Nh\u00e0 May M\u1eafn - Maison Chance\",\"description\":\"M\u1ecdi l\u1ee3i nhu\u1eadn thu v\u1ec1 t\u1eeb vi\u1ec7c b\u00e1n h\u00e0ng s\u1ebd tr\u00edch m\u1ed9t ph\u1ea7n \u0111\u1ec3 ch\u0103m lo cho \u0111\u1eddi s\u1ed1ng c\u00e1c b\u1ea1n khuy\u1ebft t\u1eadt v\u00e0 tr\u1ebb m\u1ed3 c\u00f4i \u1edf \u0111\u00e2y\",\"publisher\":{\"@id\":\"https:\/\/maison-chance.org\/shop\/fr#organization\"},\"potentialAction\":[{\"@type\":\"SearchAction\",\"target\":{\"@type\":\"EntryPoint\",\"urlTemplate\":\"https:\/\/maison-chance.org\/shop\/fr?s={search_term_string}\"},\"query-input\":{\"@type\":\"PropertyValueSpecification\",\"valueRequired\":true,\"valueName\":\"search_term_string\"}}],\"inLanguage\":\"fr-FR\"},{\"@type\":\"Organization\",\"@id\":\"https:\/\/maison-chance.org\/shop\/fr#organization\",\"name\":\"Nh\u00e0 May M\u1eafn - Maison Chance\",\"url\":\"https:\/\/maison-chance.org\/shop\/fr\",\"logo\":{\"@type\":\"ImageObject\",\"inLanguage\":\"fr-FR\",\"@id\":\"https:\/\/maison-chance.org\/shop\/fr#\/schema\/logo\/image\/\",\"url\":\"https:\/\/maison-chance.org\/shop\/wp-content\/uploads\/2024\/03\/cropped-Logo_DNXH.png\",\"contentUrl\":\"https:\/\/maison-chance.org\/shop\/wp-content\/uploads\/2024\/03\/cropped-Logo_DNXH.png\",\"width\":512,\"height\":512,\"caption\":\"Nh\u00e0 May M\u1eafn - Maison Chance\"},\"image\":{\"@id\":\"https:\/\/maison-chance.org\/shop\/fr#\/schema\/logo\/image\/\"},\"sameAs\":[\"https:\/\/www.facebook.com\/dnxh.nhamayman\/\"]}]}<\/script>\n<meta property=\"product:price:amount\" content=\"12.88\" \/>\n<meta property=\"product:price:currency\" content=\"EUR\" \/>\n<meta property=\"og:availability\" content=\"instock\" \/>\n<meta property=\"product:availability\" content=\"instock\" \/>\n<meta property=\"product:condition\" content=\"new\" \/>\n<!-- \/ Yoast SEO Premium plugin. -->","yoast_head_json":{"title":"Sac tendance FBJE03 - Sac ethnique - Nh\u00e0 May M\u1eafn - Maison Chance","description":"Le sac FBJE03 \u00e0 la mode pr\u00e9sente une forme rectangulaire fine, des dimensions id\u00e9ales de 43,5 x 38 cm, fabriqu\u00e9 en jean durable et beau","robots":{"index":"index","follow":"follow","max-snippet":"max-snippet:-1","max-image-preview":"max-image-preview:large","max-video-preview":"max-video-preview:-1"},"canonical":"https:\/\/maison-chance.org\/shop\/fr\/produit\/sac-tendance-fbje03","og_locale":"fr_FR","og_type":"article","og_title":"Sac tendance FBJE03","og_description":"Le sac FBJE03 \u00e0 la mode pr\u00e9sente une forme rectangulaire fine, des dimensions id\u00e9ales de 43,5 x 38 cm, fabriqu\u00e9 en jean durable et beau","og_url":"https:\/\/maison-chance.org\/shop\/fr\/produit\/sac-tendance-fbje03","og_site_name":"Nh\u00e0 May M\u1eafn - Maison Chance","article_publisher":"https:\/\/www.facebook.com\/dnxh.nhamayman\/","article_modified_time":"2024-11-20T08:36:18+00:00","og_image":[{"width":600,"height":600,"url":"https:\/\/maison-chance.org\/shop\/wp-content\/uploads\/2024\/06\/tui-thoi-trang-fbje03.png","type":"image\/png"}],"twitter_card":"summary_large_image","twitter_misc":{"Prix":"&euro;12.88","Disponibilit\u00e9":"En stock"},"schema":{"@context":"https:\/\/schema.org","@graph":[{"@type":"WebPage","@id":"https:\/\/maison-chance.org\/shop\/fr\/produit\/sac-tendance-fbje03","url":"https:\/\/maison-chance.org\/shop\/fr\/produit\/sac-tendance-fbje03","name":"Sac tendance FBJE03 - Sac ethnique - Nh\u00e0 May M\u1eafn - Maison Chance","isPartOf":{"@id":"https:\/\/maison-chance.org\/shop\/fr#website"},"primaryImageOfPage":{"@id":"https:\/\/maison-chance.org\/shop\/fr\/produit\/sac-tendance-fbje03#primaryimage"},"image":{"@id":"https:\/\/maison-chance.org\/shop\/fr\/produit\/sac-tendance-fbje03#primaryimage"},"thumbnailUrl":"https:\/\/maison-chance.org\/shop\/wp-content\/uploads\/2024\/06\/tui-thoi-trang-fbje03.png","datePublished":"2024-06-17T22:44:03+00:00","dateModified":"2024-11-20T08:36:18+00:00","description":"Le sac FBJE03 \u00e0 la mode pr\u00e9sente une forme rectangulaire fine, des dimensions id\u00e9ales de 43,5 x 38 cm, fabriqu\u00e9 en jean durable et beau","breadcrumb":{"@id":"https:\/\/maison-chance.org\/shop\/fr\/produit\/sac-tendance-fbje03#breadcrumb"},"inLanguage":"fr-FR","potentialAction":[{"@type":"ReadAction","target":["https:\/\/maison-chance.org\/shop\/fr\/produit\/sac-tendance-fbje03"]}]},{"@type":"ImageObject","inLanguage":"fr-FR","@id":"https:\/\/maison-chance.org\/shop\/fr\/produit\/sac-tendance-fbje03#primaryimage","url":"https:\/\/maison-chance.org\/shop\/wp-content\/uploads\/2024\/06\/tui-thoi-trang-fbje03.png","contentUrl":"https:\/\/maison-chance.org\/shop\/wp-content\/uploads\/2024\/06\/tui-thoi-trang-fbje03.png","width":600,"height":600,"caption":"Sac tendance FBJE03"},{"@type":"BreadcrumbList","@id":"https:\/\/maison-chance.org\/shop\/fr\/produit\/sac-tendance-fbje03#breadcrumb","itemListElement":[{"@type":"ListItem","position":1,"name":"Trang ch\u1ee7","item":"https:\/\/maison-chance.org\/shop\/fr"},{"@type":"ListItem","position":2,"name":"Boutique","item":"https:\/\/maison-chance.org\/shop\/shop"},{"@type":"ListItem","position":3,"name":"Sac tendance FBJE03"}]},{"@type":"WebSite","@id":"https:\/\/maison-chance.org\/shop\/fr#website","url":"https:\/\/maison-chance.org\/shop\/fr","name":"Nh\u00e0 May M\u1eafn - Maison Chance","description":"M\u1ecdi l\u1ee3i nhu\u1eadn thu v\u1ec1 t\u1eeb vi\u1ec7c b\u00e1n h\u00e0ng s\u1ebd tr\u00edch m\u1ed9t ph\u1ea7n \u0111\u1ec3 ch\u0103m lo cho \u0111\u1eddi s\u1ed1ng c\u00e1c b\u1ea1n khuy\u1ebft t\u1eadt v\u00e0 tr\u1ebb m\u1ed3 c\u00f4i \u1edf \u0111\u00e2y","publisher":{"@id":"https:\/\/maison-chance.org\/shop\/fr#organization"},"potentialAction":[{"@type":"SearchAction","target":{"@type":"EntryPoint","urlTemplate":"https:\/\/maison-chance.org\/shop\/fr?s={search_term_string}"},"query-input":{"@type":"PropertyValueSpecification","valueRequired":true,"valueName":"search_term_string"}}],"inLanguage":"fr-FR"},{"@type":"Organization","@id":"https:\/\/maison-chance.org\/shop\/fr#organization","name":"Nh\u00e0 May M\u1eafn - Maison Chance","url":"https:\/\/maison-chance.org\/shop\/fr","logo":{"@type":"ImageObject","inLanguage":"fr-FR","@id":"https:\/\/maison-chance.org\/shop\/fr#\/schema\/logo\/image\/","url":"https:\/\/maison-chance.org\/shop\/wp-content\/uploads\/2024\/03\/cropped-Logo_DNXH.png","contentUrl":"https:\/\/maison-chance.org\/shop\/wp-content\/uploads\/2024\/03\/cropped-Logo_DNXH.png","width":512,"height":512,"caption":"Nh\u00e0 May M\u1eafn - Maison Chance"},"image":{"@id":"https:\/\/maison-chance.org\/shop\/fr#\/schema\/logo\/image\/"},"sameAs":["https:\/\/www.facebook.com\/dnxh.nhamayman\/"]}]},"product_price_amount":"12.88","product_price_currency":"EUR","og_availability":"instock","product_availability":"instock","product_condition":"new"},"_links":{"self":[{"href":"https:\/\/maison-chance.org\/shop\/fr\/wp-json\/wp\/v2\/product\/39857","targetHints":{"allow":["GET"]}}],"collection":[{"href":"https:\/\/maison-chance.org\/shop\/fr\/wp-json\/wp\/v2\/product"}],"about":[{"href":"https:\/\/maison-chance.org\/shop\/fr\/wp-json\/wp\/v2\/types\/product"}],"wp:featuredmedia":[{"embeddable":true,"href":"https:\/\/maison-chance.org\/shop\/fr\/wp-json\/wp\/v2\/media\/39853"}],"wp:attachment":[{"href":"https:\/\/maison-chance.org\/shop\/fr\/wp-json\/wp\/v2\/media?parent=39857"}],"wp:term":[{"taxonomy":"product_brand","embeddable":true,"href":"https:\/\/maison-chance.org\/shop\/fr\/wp-json\/wp\/v2\/product_brand?post=39857"},{"taxonomy":"product_cat","embeddable":true,"href":"https:\/\/maison-chance.org\/shop\/fr\/wp-json\/wp\/v2\/product_cat?post=39857"},{"taxonomy":"product_tag","embeddable":true,"href":"https:\/\/maison-chance.org\/shop\/fr\/wp-json\/wp\/v2\/product_tag?post=39857"}],"curies":[{"name":"wp","href":"https:\/\/api.w.org\/{rel}","templated":true}]}}