{"id":39870,"date":"2024-06-18T06:32:09","date_gmt":"2024-06-17T23:32:09","guid":{"rendered":"https:\/\/maison-chance.org\/shop\/san-pham\/sac-tendance-fbjetc04"},"modified":"2024-11-20T15:30:42","modified_gmt":"2024-11-20T08:30:42","slug":"sac-tendance-fbjetc04","status":"publish","type":"product","link":"https:\/\/maison-chance.org\/shop\/fr\/produit\/sac-tendance-fbjetc04","title":{"rendered":"Sac tendance FBJETC04"},"content":{"rendered":"<p style=\"text-align: justify;\">Le sac de mode FBJETC04 est une combinaison parfaite de style moderne et de haute fonctionnalit\u00e9. Avec son design rectangulaire \u00e9l\u00e9gant, le sac est fabriqu\u00e9 en tissu jean premium, assurant non seulement la durabilit\u00e9 mais apportant \u00e9galement un caract\u00e8re jeune et distinctif \u00e0 l&rsquo;utilisateur. Le point fort du produit est le patch ethnique d\u00e9coratif, une caract\u00e9ristique signature de la marque Maison Chance, apportant une classe unique et distinctive.<\/p>\n<p style=\"text-align: justify;\">Avec des dimensions spacieuses et un compartiment principal doubl\u00e9 de tissu doux, le sac FBJETC04 r\u00e9pond non seulement aux besoins de stockage quotidiens mais est \u00e9galement un choix id\u00e9al pour les sorties en plein air ou simplement les promenades du week-end. Laissez FBJETC04 devenir votre compagnon fiable, prot\u00e9geant vos affaires tout en rehaussant votre style personnel.<\/p>\n<p style=\"text-align: justify;\">En choisissant d&rsquo;acheter le sac FBJETC04, vous ne poss\u00e9dez pas seulement un produit de haute qualit\u00e9 mais contribuez \u00e9galement au d\u00e9veloppement de la communaut\u00e9 handicap\u00e9e \u00e0 Maison Chance. Chaque sac est le r\u00e9sultat d&rsquo;un artisanat m\u00e9ticuleux d&rsquo;artisans qualifi\u00e9s, vous apportant non seulement une satisfaction absolue mais aussi la joie de participer \u00e0 un voyage significatif. Rejoignez-nous pour r\u00e9pandre l&rsquo;amour et partager avec ceux qui ont besoin de soutien !<\/p>\n","protected":false},"excerpt":{"rendered":"<p style=\"text-align: justify;\">Ce produit artisanal, fabriqu\u00e9 par nos artisans handicap\u00e9s moins favoris\u00e9s, esp\u00e8re sinc\u00e8rement votre soutien.<\/p>\n<p>Mat\u00e9riaux : Tissu en jean + teinture naturelle<\/p>\n<p>Code : TC08TX<\/p>\n<p>Dimensions : 36 x 37,4 cm<\/p>\n<p>Hotline : <span style=\"font-size: 20px;\"><strong><span style=\"color: #ff0000;\">0909 06 25 28<\/span><\/strong><\/span><\/p>\n<p style=\"text-align: justify;\">Si vous \u00eates au Vietnam, veuillez nous contacter via le num\u00e9ro de hotline ou la page professionnelle Nh\u00e0 May M\u1eafn pour conna\u00eetre les prix au Vietnam.<\/p>\n","protected":false},"featured_media":39866,"template":"","meta":[],"product_brand":[],"product_cat":[231,246],"product_tag":[],"class_list":{"0":"post-39870","1":"product","2":"type-product","3":"status-publish","4":"has-post-thumbnail","6":"product_cat-atelier-de-couture","7":"product_cat-sac-a-main","9":"first","10":"instock","11":"shipping-taxable","12":"purchasable","13":"product-type-simple"},"yoast_head":"<!-- This site is optimized with the Yoast SEO Premium plugin v22.7 (Yoast SEO v25.3.1) - https:\/\/yoast.com\/wordpress\/plugins\/seo\/ -->\n<title>Sac tendance FBJETC04 - Sac \u00e0 main ethnique - Nh\u00e0 May M\u1eafn - Maison Chance<\/title>\n<meta name=\"description\" content=\"Le sac de mode FBJETC04 est l&#039;ic\u00f4ne d&#039;un m\u00e9lange parfait entre style et praticit\u00e9, avec sa forme rectangulaire \u00e9l\u00e9gante\" \/>\n<meta name=\"robots\" content=\"index, follow, max-snippet:-1, max-image-preview:large, max-video-preview:-1\" \/>\n<link rel=\"canonical\" href=\"https:\/\/maison-chance.org\/shop\/fr\/produit\/sac-tendance-fbjetc04\" \/>\n<meta property=\"og:locale\" content=\"fr_FR\" \/>\n<meta property=\"og:type\" content=\"article\" \/>\n<meta property=\"og:title\" content=\"Sac tendance FBJETC04\" \/>\n<meta property=\"og:description\" content=\"Le sac de mode FBJETC04 est l&#039;ic\u00f4ne d&#039;un m\u00e9lange parfait entre style et praticit\u00e9, avec sa forme rectangulaire \u00e9l\u00e9gante\" \/>\n<meta property=\"og:url\" content=\"https:\/\/maison-chance.org\/shop\/fr\/produit\/sac-tendance-fbjetc04\" \/>\n<meta property=\"og:site_name\" content=\"Nh\u00e0 May M\u1eafn - Maison Chance\" \/>\n<meta property=\"article:publisher\" content=\"https:\/\/www.facebook.com\/dnxh.nhamayman\/\" \/>\n<meta property=\"article:modified_time\" content=\"2024-11-20T08:30:42+00:00\" \/>\n<meta property=\"og:image\" content=\"https:\/\/maison-chance.org\/shop\/wp-content\/uploads\/2024\/06\/tui-thoi-trang-FBJETC04.png\" \/>\n\t<meta property=\"og:image:width\" content=\"600\" \/>\n\t<meta property=\"og:image:height\" content=\"600\" \/>\n\t<meta property=\"og:image:type\" content=\"image\/png\" \/>\n<meta name=\"twitter:card\" content=\"summary_large_image\" \/>\n<meta name=\"twitter:label1\" content=\"Prix\" \/>\n\t<meta name=\"twitter:data1\" content=\"&euro;11.50\" \/>\n\t<meta name=\"twitter:label2\" content=\"Disponibilit\u00e9\" \/>\n\t<meta name=\"twitter:data2\" content=\"En stock\" \/>\n<script type=\"application\/ld+json\" class=\"yoast-schema-graph\">{\"@context\":\"https:\/\/schema.org\",\"@graph\":[{\"@type\":\"WebPage\",\"@id\":\"https:\/\/maison-chance.org\/shop\/fr\/produit\/sac-tendance-fbjetc04\",\"url\":\"https:\/\/maison-chance.org\/shop\/fr\/produit\/sac-tendance-fbjetc04\",\"name\":\"Sac tendance FBJETC04 - Sac \u00e0 main ethnique - Nh\u00e0 May M\u1eafn - Maison Chance\",\"isPartOf\":{\"@id\":\"https:\/\/maison-chance.org\/shop\/fr#website\"},\"primaryImageOfPage\":{\"@id\":\"https:\/\/maison-chance.org\/shop\/fr\/produit\/sac-tendance-fbjetc04#primaryimage\"},\"image\":{\"@id\":\"https:\/\/maison-chance.org\/shop\/fr\/produit\/sac-tendance-fbjetc04#primaryimage\"},\"thumbnailUrl\":\"https:\/\/maison-chance.org\/shop\/wp-content\/uploads\/2024\/06\/tui-thoi-trang-FBJETC04.png\",\"datePublished\":\"2024-06-17T23:32:09+00:00\",\"dateModified\":\"2024-11-20T08:30:42+00:00\",\"description\":\"Le sac de mode FBJETC04 est l'ic\u00f4ne d'un m\u00e9lange parfait entre style et praticit\u00e9, avec sa forme rectangulaire \u00e9l\u00e9gante\",\"breadcrumb\":{\"@id\":\"https:\/\/maison-chance.org\/shop\/fr\/produit\/sac-tendance-fbjetc04#breadcrumb\"},\"inLanguage\":\"fr-FR\",\"potentialAction\":[{\"@type\":\"ReadAction\",\"target\":[\"https:\/\/maison-chance.org\/shop\/fr\/produit\/sac-tendance-fbjetc04\"]}]},{\"@type\":\"ImageObject\",\"inLanguage\":\"fr-FR\",\"@id\":\"https:\/\/maison-chance.org\/shop\/fr\/produit\/sac-tendance-fbjetc04#primaryimage\",\"url\":\"https:\/\/maison-chance.org\/shop\/wp-content\/uploads\/2024\/06\/tui-thoi-trang-FBJETC04.png\",\"contentUrl\":\"https:\/\/maison-chance.org\/shop\/wp-content\/uploads\/2024\/06\/tui-thoi-trang-FBJETC04.png\",\"width\":600,\"height\":600,\"caption\":\"Sac tendance FBJETC04\"},{\"@type\":\"BreadcrumbList\",\"@id\":\"https:\/\/maison-chance.org\/shop\/fr\/produit\/sac-tendance-fbjetc04#breadcrumb\",\"itemListElement\":[{\"@type\":\"ListItem\",\"position\":1,\"name\":\"Trang ch\u1ee7\",\"item\":\"https:\/\/maison-chance.org\/shop\/fr\"},{\"@type\":\"ListItem\",\"position\":2,\"name\":\"Boutique\",\"item\":\"https:\/\/maison-chance.org\/shop\/shop\"},{\"@type\":\"ListItem\",\"position\":3,\"name\":\"Sac tendance FBJETC04\"}]},{\"@type\":\"WebSite\",\"@id\":\"https:\/\/maison-chance.org\/shop\/fr#website\",\"url\":\"https:\/\/maison-chance.org\/shop\/fr\",\"name\":\"Nh\u00e0 May M\u1eafn - Maison Chance\",\"description\":\"M\u1ecdi l\u1ee3i nhu\u1eadn thu v\u1ec1 t\u1eeb vi\u1ec7c b\u00e1n h\u00e0ng s\u1ebd tr\u00edch m\u1ed9t ph\u1ea7n \u0111\u1ec3 ch\u0103m lo cho \u0111\u1eddi s\u1ed1ng c\u00e1c b\u1ea1n khuy\u1ebft t\u1eadt v\u00e0 tr\u1ebb m\u1ed3 c\u00f4i \u1edf \u0111\u00e2y\",\"publisher\":{\"@id\":\"https:\/\/maison-chance.org\/shop\/fr#organization\"},\"potentialAction\":[{\"@type\":\"SearchAction\",\"target\":{\"@type\":\"EntryPoint\",\"urlTemplate\":\"https:\/\/maison-chance.org\/shop\/fr?s={search_term_string}\"},\"query-input\":{\"@type\":\"PropertyValueSpecification\",\"valueRequired\":true,\"valueName\":\"search_term_string\"}}],\"inLanguage\":\"fr-FR\"},{\"@type\":\"Organization\",\"@id\":\"https:\/\/maison-chance.org\/shop\/fr#organization\",\"name\":\"Nh\u00e0 May M\u1eafn - Maison Chance\",\"url\":\"https:\/\/maison-chance.org\/shop\/fr\",\"logo\":{\"@type\":\"ImageObject\",\"inLanguage\":\"fr-FR\",\"@id\":\"https:\/\/maison-chance.org\/shop\/fr#\/schema\/logo\/image\/\",\"url\":\"https:\/\/maison-chance.org\/shop\/wp-content\/uploads\/2024\/03\/cropped-Logo_DNXH.png\",\"contentUrl\":\"https:\/\/maison-chance.org\/shop\/wp-content\/uploads\/2024\/03\/cropped-Logo_DNXH.png\",\"width\":512,\"height\":512,\"caption\":\"Nh\u00e0 May M\u1eafn - Maison Chance\"},\"image\":{\"@id\":\"https:\/\/maison-chance.org\/shop\/fr#\/schema\/logo\/image\/\"},\"sameAs\":[\"https:\/\/www.facebook.com\/dnxh.nhamayman\/\"]}]}<\/script>\n<meta property=\"product:price:amount\" content=\"11.50\" \/>\n<meta property=\"product:price:currency\" content=\"EUR\" \/>\n<meta property=\"og:availability\" content=\"instock\" \/>\n<meta property=\"product:availability\" content=\"instock\" \/>\n<meta property=\"product:condition\" content=\"new\" \/>\n<!-- \/ Yoast SEO Premium plugin. -->","yoast_head_json":{"title":"Sac tendance FBJETC04 - Sac \u00e0 main ethnique - Nh\u00e0 May M\u1eafn - Maison Chance","description":"Le sac de mode FBJETC04 est l'ic\u00f4ne d'un m\u00e9lange parfait entre style et praticit\u00e9, avec sa forme rectangulaire \u00e9l\u00e9gante","robots":{"index":"index","follow":"follow","max-snippet":"max-snippet:-1","max-image-preview":"max-image-preview:large","max-video-preview":"max-video-preview:-1"},"canonical":"https:\/\/maison-chance.org\/shop\/fr\/produit\/sac-tendance-fbjetc04","og_locale":"fr_FR","og_type":"article","og_title":"Sac tendance FBJETC04","og_description":"Le sac de mode FBJETC04 est l'ic\u00f4ne d'un m\u00e9lange parfait entre style et praticit\u00e9, avec sa forme rectangulaire \u00e9l\u00e9gante","og_url":"https:\/\/maison-chance.org\/shop\/fr\/produit\/sac-tendance-fbjetc04","og_site_name":"Nh\u00e0 May M\u1eafn - Maison Chance","article_publisher":"https:\/\/www.facebook.com\/dnxh.nhamayman\/","article_modified_time":"2024-11-20T08:30:42+00:00","og_image":[{"width":600,"height":600,"url":"https:\/\/maison-chance.org\/shop\/wp-content\/uploads\/2024\/06\/tui-thoi-trang-FBJETC04.png","type":"image\/png"}],"twitter_card":"summary_large_image","twitter_misc":{"Prix":"&euro;11.50","Disponibilit\u00e9":"En stock"},"schema":{"@context":"https:\/\/schema.org","@graph":[{"@type":"WebPage","@id":"https:\/\/maison-chance.org\/shop\/fr\/produit\/sac-tendance-fbjetc04","url":"https:\/\/maison-chance.org\/shop\/fr\/produit\/sac-tendance-fbjetc04","name":"Sac tendance FBJETC04 - Sac \u00e0 main ethnique - Nh\u00e0 May M\u1eafn - Maison Chance","isPartOf":{"@id":"https:\/\/maison-chance.org\/shop\/fr#website"},"primaryImageOfPage":{"@id":"https:\/\/maison-chance.org\/shop\/fr\/produit\/sac-tendance-fbjetc04#primaryimage"},"image":{"@id":"https:\/\/maison-chance.org\/shop\/fr\/produit\/sac-tendance-fbjetc04#primaryimage"},"thumbnailUrl":"https:\/\/maison-chance.org\/shop\/wp-content\/uploads\/2024\/06\/tui-thoi-trang-FBJETC04.png","datePublished":"2024-06-17T23:32:09+00:00","dateModified":"2024-11-20T08:30:42+00:00","description":"Le sac de mode FBJETC04 est l'ic\u00f4ne d'un m\u00e9lange parfait entre style et praticit\u00e9, avec sa forme rectangulaire \u00e9l\u00e9gante","breadcrumb":{"@id":"https:\/\/maison-chance.org\/shop\/fr\/produit\/sac-tendance-fbjetc04#breadcrumb"},"inLanguage":"fr-FR","potentialAction":[{"@type":"ReadAction","target":["https:\/\/maison-chance.org\/shop\/fr\/produit\/sac-tendance-fbjetc04"]}]},{"@type":"ImageObject","inLanguage":"fr-FR","@id":"https:\/\/maison-chance.org\/shop\/fr\/produit\/sac-tendance-fbjetc04#primaryimage","url":"https:\/\/maison-chance.org\/shop\/wp-content\/uploads\/2024\/06\/tui-thoi-trang-FBJETC04.png","contentUrl":"https:\/\/maison-chance.org\/shop\/wp-content\/uploads\/2024\/06\/tui-thoi-trang-FBJETC04.png","width":600,"height":600,"caption":"Sac tendance FBJETC04"},{"@type":"BreadcrumbList","@id":"https:\/\/maison-chance.org\/shop\/fr\/produit\/sac-tendance-fbjetc04#breadcrumb","itemListElement":[{"@type":"ListItem","position":1,"name":"Trang ch\u1ee7","item":"https:\/\/maison-chance.org\/shop\/fr"},{"@type":"ListItem","position":2,"name":"Boutique","item":"https:\/\/maison-chance.org\/shop\/shop"},{"@type":"ListItem","position":3,"name":"Sac tendance FBJETC04"}]},{"@type":"WebSite","@id":"https:\/\/maison-chance.org\/shop\/fr#website","url":"https:\/\/maison-chance.org\/shop\/fr","name":"Nh\u00e0 May M\u1eafn - Maison Chance","description":"M\u1ecdi l\u1ee3i nhu\u1eadn thu v\u1ec1 t\u1eeb vi\u1ec7c b\u00e1n h\u00e0ng s\u1ebd tr\u00edch m\u1ed9t ph\u1ea7n \u0111\u1ec3 ch\u0103m lo cho \u0111\u1eddi s\u1ed1ng c\u00e1c b\u1ea1n khuy\u1ebft t\u1eadt v\u00e0 tr\u1ebb m\u1ed3 c\u00f4i \u1edf \u0111\u00e2y","publisher":{"@id":"https:\/\/maison-chance.org\/shop\/fr#organization"},"potentialAction":[{"@type":"SearchAction","target":{"@type":"EntryPoint","urlTemplate":"https:\/\/maison-chance.org\/shop\/fr?s={search_term_string}"},"query-input":{"@type":"PropertyValueSpecification","valueRequired":true,"valueName":"search_term_string"}}],"inLanguage":"fr-FR"},{"@type":"Organization","@id":"https:\/\/maison-chance.org\/shop\/fr#organization","name":"Nh\u00e0 May M\u1eafn - Maison Chance","url":"https:\/\/maison-chance.org\/shop\/fr","logo":{"@type":"ImageObject","inLanguage":"fr-FR","@id":"https:\/\/maison-chance.org\/shop\/fr#\/schema\/logo\/image\/","url":"https:\/\/maison-chance.org\/shop\/wp-content\/uploads\/2024\/03\/cropped-Logo_DNXH.png","contentUrl":"https:\/\/maison-chance.org\/shop\/wp-content\/uploads\/2024\/03\/cropped-Logo_DNXH.png","width":512,"height":512,"caption":"Nh\u00e0 May M\u1eafn - Maison Chance"},"image":{"@id":"https:\/\/maison-chance.org\/shop\/fr#\/schema\/logo\/image\/"},"sameAs":["https:\/\/www.facebook.com\/dnxh.nhamayman\/"]}]},"product_price_amount":"11.50","product_price_currency":"EUR","og_availability":"instock","product_availability":"instock","product_condition":"new"},"_links":{"self":[{"href":"https:\/\/maison-chance.org\/shop\/fr\/wp-json\/wp\/v2\/product\/39870","targetHints":{"allow":["GET"]}}],"collection":[{"href":"https:\/\/maison-chance.org\/shop\/fr\/wp-json\/wp\/v2\/product"}],"about":[{"href":"https:\/\/maison-chance.org\/shop\/fr\/wp-json\/wp\/v2\/types\/product"}],"wp:featuredmedia":[{"embeddable":true,"href":"https:\/\/maison-chance.org\/shop\/fr\/wp-json\/wp\/v2\/media\/39866"}],"wp:attachment":[{"href":"https:\/\/maison-chance.org\/shop\/fr\/wp-json\/wp\/v2\/media?parent=39870"}],"wp:term":[{"taxonomy":"product_brand","embeddable":true,"href":"https:\/\/maison-chance.org\/shop\/fr\/wp-json\/wp\/v2\/product_brand?post=39870"},{"taxonomy":"product_cat","embeddable":true,"href":"https:\/\/maison-chance.org\/shop\/fr\/wp-json\/wp\/v2\/product_cat?post=39870"},{"taxonomy":"product_tag","embeddable":true,"href":"https:\/\/maison-chance.org\/shop\/fr\/wp-json\/wp\/v2\/product_tag?post=39870"}],"curies":[{"name":"wp","href":"https:\/\/api.w.org\/{rel}","templated":true}]}}