{"id":39887,"date":"2024-06-18T07:07:19","date_gmt":"2024-06-18T00:07:19","guid":{"rendered":"https:\/\/maison-chance.org\/shop\/san-pham\/sac-tendance-fbjeth05"},"modified":"2024-11-20T15:40:27","modified_gmt":"2024-11-20T08:40:27","slug":"sac-tendance-fbjeth05","status":"publish","type":"product","link":"https:\/\/maison-chance.org\/shop\/fr\/produit\/sac-tendance-fbjeth05","title":{"rendered":"Sac tendance FBJETH05"},"content":{"rendered":"<p style=\"text-align: justify;\">Le sac de mode FBJETH05 est un produit de Maison Chance, o\u00f9 les couturiers handicap\u00e9s utilisent des techniques artisanales exquises pour cr\u00e9er des produits de mode \u00e9l\u00e9gants. Avec un tissu jean premium et une attention m\u00e9ticuleuse \u00e0 chaque point, le sac apporte un caract\u00e8re unique et une qualit\u00e9 sup\u00e9rieure.<\/p>\n<p style=\"text-align: justify;\">Le sac FBJETH05 n&rsquo;est pas seulement un accessoire de mode mais aussi pratique avec son design spacieux et ses multiples compartiments pratiques. Vous pouvez l&rsquo;utiliser quotidiennement pour vos effets personnels, les courses ou les voyages de la mani\u00e8re la plus confortable et organis\u00e9e.<\/p>\n<p><strong>Pourquoi devriez-vous acheter ce produit ?<\/strong><\/p>\n<p style=\"text-align: justify;\">Le sac FBJETH05 r\u00e9pond non seulement aux besoins d&rsquo;utilisation mais apporte \u00e9galement des valeurs sociales humanitaires sp\u00e9ciales :<\/p>\n<p style=\"text-align: justify;\"><em>Contribution sociale significative :<\/em> Chaque sac vendu est une contribution pratique pour aider les personnes handicap\u00e9es \u00e0 avoir un emploi stable et ind\u00e9pendant.<\/p>\n<p style=\"text-align: justify;\"><em>Qualit\u00e9 sup\u00e9rieure :<\/em> Fabriqu\u00e9 en tissu jean r\u00e9sistant \u00e0 l&rsquo;eau et tr\u00e8s durable, le sac FBJETH05 vous servira pendant de nombreuses ann\u00e9es.<\/p>\n<p><strong>Rejoignez Maison Chance dans ce voyage d&rsquo;amour !<\/strong><\/p>\n<p style=\"text-align: justify;\">Participez \u00e0 notre voyage de soutien communautaire en achetant le sac FBJETH05. En choisissant ce produit, vous poss\u00e9dez non seulement un article de mode unique mais contribuez \u00e9galement au d\u00e9veloppement d&rsquo;artisans handicap\u00e9s talentueux. Chaque sac est une histoire de pers\u00e9v\u00e9rance et d&rsquo;effort, tiss\u00e9e de l&rsquo;enthousiasme de chaque couturier de Maison Chance.<\/p>\n<p style=\"text-align: justify;\">D\u00e9couvrez la beaut\u00e9 et le sens du sac FBJETH05 aujourd&rsquo;hui, laissez l&rsquo;amour et la chaleur se r\u00e9pandre \u00e0 partir de chaque produit que vous poss\u00e9dez.<\/p>\n<p style=\"text-align: justify;\">Nous croyons que lorsque vous achetez un sac de Maison Chance, vous contribuez \u00e9galement \u00e0 r\u00e9pandre le bonheur et l&rsquo;espoir aupr\u00e8s des personnes en difficult\u00e9. Merci de prendre le temps de partager vos valeurs et votre gentillesse avec nous.<\/p>\n","protected":false},"excerpt":{"rendered":"<p style=\"text-align: justify;\">Les produits fabriqu\u00e9s par nos artisans handicap\u00e9s malchanceux \u00e0 la main appr\u00e9cient sinc\u00e8rement votre soutien.<\/p>\n<p>Mat\u00e9riaux : Tissu jean + tissu tha\u00ef<\/p>\n<p>Code : TH07TX<\/p>\n<p>Dimensions : 33,5 x 35,5 cm<\/p>\n<p>Hotline : <span style=\"font-size: 20px;\"><strong><span style=\"color: #ff0000;\">0909 06 25 28<\/span><\/strong><\/span><\/p>\n<p style=\"text-align: justify;\">Si vous \u00eates au Vietnam, veuillez nous contacter via le num\u00e9ro de hotline ou notre page fanpage Nh\u00e0 May M\u1eafn pour conna\u00eetre les prix au Vietnam.<\/p>\n","protected":false},"featured_media":39875,"template":"","meta":[],"product_brand":[],"product_cat":[231,246],"product_tag":[],"class_list":{"0":"post-39887","1":"product","2":"type-product","3":"status-publish","4":"has-post-thumbnail","6":"product_cat-atelier-de-couture","7":"product_cat-sac-a-main","9":"first","10":"instock","11":"shipping-taxable","12":"purchasable","13":"product-type-variable"},"yoast_head":"<!-- This site is optimized with the Yoast SEO Premium plugin v22.7 (Yoast SEO v25.3.1) - https:\/\/yoast.com\/wordpress\/plugins\/seo\/ -->\n<title>Sac tendance FBJETH05 - Sacs Ethniques Faits Main - Nh\u00e0 May M\u1eafn - Maison Chance<\/title>\n<meta name=\"description\" content=\"Le sac de mode FBJETH05 est un produit de Lucky Hands, o\u00f9 des artisans handicap\u00e9s utilisent des techniques artisanales exquises pour cr\u00e9er\" \/>\n<meta name=\"robots\" content=\"index, follow, max-snippet:-1, max-image-preview:large, max-video-preview:-1\" \/>\n<link rel=\"canonical\" href=\"https:\/\/maison-chance.org\/shop\/fr\/produit\/sac-tendance-fbjeth05\" \/>\n<meta property=\"og:locale\" content=\"fr_FR\" \/>\n<meta property=\"og:type\" content=\"article\" \/>\n<meta property=\"og:title\" content=\"Sac tendance FBJETH05\" \/>\n<meta property=\"og:description\" content=\"Le sac de mode FBJETH05 est un produit de Lucky Hands, o\u00f9 des artisans handicap\u00e9s utilisent des techniques artisanales exquises pour cr\u00e9er\" \/>\n<meta property=\"og:url\" content=\"https:\/\/maison-chance.org\/shop\/fr\/produit\/sac-tendance-fbjeth05\" \/>\n<meta property=\"og:site_name\" content=\"Nh\u00e0 May M\u1eafn - Maison Chance\" \/>\n<meta property=\"article:publisher\" content=\"https:\/\/www.facebook.com\/dnxh.nhamayman\/\" \/>\n<meta property=\"article:modified_time\" content=\"2024-11-20T08:40:27+00:00\" \/>\n<meta property=\"og:image\" content=\"https:\/\/maison-chance.org\/shop\/wp-content\/uploads\/2024\/06\/FBJETH05.jpg\" \/>\n\t<meta property=\"og:image:width\" content=\"600\" \/>\n\t<meta property=\"og:image:height\" content=\"600\" \/>\n\t<meta property=\"og:image:type\" content=\"image\/jpeg\" \/>\n<meta name=\"twitter:card\" content=\"summary_large_image\" \/>\n<meta name=\"twitter:label1\" content=\"Disponibilit\u00e9\" \/>\n\t<meta name=\"twitter:data1\" content=\"En stock\" \/>\n<script type=\"application\/ld+json\" class=\"yoast-schema-graph\">{\"@context\":\"https:\/\/schema.org\",\"@graph\":[{\"@type\":\"WebPage\",\"@id\":\"https:\/\/maison-chance.org\/shop\/fr\/produit\/sac-tendance-fbjeth05\",\"url\":\"https:\/\/maison-chance.org\/shop\/fr\/produit\/sac-tendance-fbjeth05\",\"name\":\"Sac tendance FBJETH05 - Sacs Ethniques Faits Main - Nh\u00e0 May M\u1eafn - Maison Chance\",\"isPartOf\":{\"@id\":\"https:\/\/maison-chance.org\/shop\/fr#website\"},\"primaryImageOfPage\":{\"@id\":\"https:\/\/maison-chance.org\/shop\/fr\/produit\/sac-tendance-fbjeth05#primaryimage\"},\"image\":{\"@id\":\"https:\/\/maison-chance.org\/shop\/fr\/produit\/sac-tendance-fbjeth05#primaryimage\"},\"thumbnailUrl\":\"https:\/\/maison-chance.org\/shop\/wp-content\/uploads\/2024\/06\/FBJETH05.jpg\",\"datePublished\":\"2024-06-18T00:07:19+00:00\",\"dateModified\":\"2024-11-20T08:40:27+00:00\",\"description\":\"Le sac de mode FBJETH05 est un produit de Lucky Hands, o\u00f9 des artisans handicap\u00e9s utilisent des techniques artisanales exquises pour cr\u00e9er\",\"breadcrumb\":{\"@id\":\"https:\/\/maison-chance.org\/shop\/fr\/produit\/sac-tendance-fbjeth05#breadcrumb\"},\"inLanguage\":\"fr-FR\",\"potentialAction\":[{\"@type\":\"ReadAction\",\"target\":[\"https:\/\/maison-chance.org\/shop\/fr\/produit\/sac-tendance-fbjeth05\"]}]},{\"@type\":\"ImageObject\",\"inLanguage\":\"fr-FR\",\"@id\":\"https:\/\/maison-chance.org\/shop\/fr\/produit\/sac-tendance-fbjeth05#primaryimage\",\"url\":\"https:\/\/maison-chance.org\/shop\/wp-content\/uploads\/2024\/06\/FBJETH05.jpg\",\"contentUrl\":\"https:\/\/maison-chance.org\/shop\/wp-content\/uploads\/2024\/06\/FBJETH05.jpg\",\"width\":600,\"height\":600,\"caption\":\"Sac tendance FBJETH05\"},{\"@type\":\"BreadcrumbList\",\"@id\":\"https:\/\/maison-chance.org\/shop\/fr\/produit\/sac-tendance-fbjeth05#breadcrumb\",\"itemListElement\":[{\"@type\":\"ListItem\",\"position\":1,\"name\":\"Trang ch\u1ee7\",\"item\":\"https:\/\/maison-chance.org\/shop\/fr\"},{\"@type\":\"ListItem\",\"position\":2,\"name\":\"Boutique\",\"item\":\"https:\/\/maison-chance.org\/shop\/shop\"},{\"@type\":\"ListItem\",\"position\":3,\"name\":\"Sac tendance FBJETH05\"}]},{\"@type\":\"WebSite\",\"@id\":\"https:\/\/maison-chance.org\/shop\/fr#website\",\"url\":\"https:\/\/maison-chance.org\/shop\/fr\",\"name\":\"Nh\u00e0 May M\u1eafn - Maison Chance\",\"description\":\"M\u1ecdi l\u1ee3i nhu\u1eadn thu v\u1ec1 t\u1eeb vi\u1ec7c b\u00e1n h\u00e0ng s\u1ebd tr\u00edch m\u1ed9t ph\u1ea7n \u0111\u1ec3 ch\u0103m lo cho \u0111\u1eddi s\u1ed1ng c\u00e1c b\u1ea1n khuy\u1ebft t\u1eadt v\u00e0 tr\u1ebb m\u1ed3 c\u00f4i \u1edf \u0111\u00e2y\",\"publisher\":{\"@id\":\"https:\/\/maison-chance.org\/shop\/fr#organization\"},\"potentialAction\":[{\"@type\":\"SearchAction\",\"target\":{\"@type\":\"EntryPoint\",\"urlTemplate\":\"https:\/\/maison-chance.org\/shop\/fr?s={search_term_string}\"},\"query-input\":{\"@type\":\"PropertyValueSpecification\",\"valueRequired\":true,\"valueName\":\"search_term_string\"}}],\"inLanguage\":\"fr-FR\"},{\"@type\":\"Organization\",\"@id\":\"https:\/\/maison-chance.org\/shop\/fr#organization\",\"name\":\"Nh\u00e0 May M\u1eafn - Maison Chance\",\"url\":\"https:\/\/maison-chance.org\/shop\/fr\",\"logo\":{\"@type\":\"ImageObject\",\"inLanguage\":\"fr-FR\",\"@id\":\"https:\/\/maison-chance.org\/shop\/fr#\/schema\/logo\/image\/\",\"url\":\"https:\/\/maison-chance.org\/shop\/wp-content\/uploads\/2024\/03\/cropped-Logo_DNXH.png\",\"contentUrl\":\"https:\/\/maison-chance.org\/shop\/wp-content\/uploads\/2024\/03\/cropped-Logo_DNXH.png\",\"width\":512,\"height\":512,\"caption\":\"Nh\u00e0 May M\u1eafn - Maison Chance\"},\"image\":{\"@id\":\"https:\/\/maison-chance.org\/shop\/fr#\/schema\/logo\/image\/\"},\"sameAs\":[\"https:\/\/www.facebook.com\/dnxh.nhamayman\/\"]}]}<\/script>\n<meta property=\"og:availability\" content=\"instock\" \/>\n<meta property=\"product:availability\" content=\"instock\" \/>\n<meta property=\"product:condition\" content=\"new\" \/>\n<!-- \/ Yoast SEO Premium plugin. -->","yoast_head_json":{"title":"Sac tendance FBJETH05 - Sacs Ethniques Faits Main - Nh\u00e0 May M\u1eafn - Maison Chance","description":"Le sac de mode FBJETH05 est un produit de Lucky Hands, o\u00f9 des artisans handicap\u00e9s utilisent des techniques artisanales exquises pour cr\u00e9er","robots":{"index":"index","follow":"follow","max-snippet":"max-snippet:-1","max-image-preview":"max-image-preview:large","max-video-preview":"max-video-preview:-1"},"canonical":"https:\/\/maison-chance.org\/shop\/fr\/produit\/sac-tendance-fbjeth05","og_locale":"fr_FR","og_type":"article","og_title":"Sac tendance FBJETH05","og_description":"Le sac de mode FBJETH05 est un produit de Lucky Hands, o\u00f9 des artisans handicap\u00e9s utilisent des techniques artisanales exquises pour cr\u00e9er","og_url":"https:\/\/maison-chance.org\/shop\/fr\/produit\/sac-tendance-fbjeth05","og_site_name":"Nh\u00e0 May M\u1eafn - Maison Chance","article_publisher":"https:\/\/www.facebook.com\/dnxh.nhamayman\/","article_modified_time":"2024-11-20T08:40:27+00:00","og_image":[{"width":600,"height":600,"url":"https:\/\/maison-chance.org\/shop\/wp-content\/uploads\/2024\/06\/FBJETH05.jpg","type":"image\/jpeg"}],"twitter_card":"summary_large_image","twitter_misc":{"Disponibilit\u00e9":"En stock"},"schema":{"@context":"https:\/\/schema.org","@graph":[{"@type":"WebPage","@id":"https:\/\/maison-chance.org\/shop\/fr\/produit\/sac-tendance-fbjeth05","url":"https:\/\/maison-chance.org\/shop\/fr\/produit\/sac-tendance-fbjeth05","name":"Sac tendance FBJETH05 - Sacs Ethniques Faits Main - Nh\u00e0 May M\u1eafn - Maison Chance","isPartOf":{"@id":"https:\/\/maison-chance.org\/shop\/fr#website"},"primaryImageOfPage":{"@id":"https:\/\/maison-chance.org\/shop\/fr\/produit\/sac-tendance-fbjeth05#primaryimage"},"image":{"@id":"https:\/\/maison-chance.org\/shop\/fr\/produit\/sac-tendance-fbjeth05#primaryimage"},"thumbnailUrl":"https:\/\/maison-chance.org\/shop\/wp-content\/uploads\/2024\/06\/FBJETH05.jpg","datePublished":"2024-06-18T00:07:19+00:00","dateModified":"2024-11-20T08:40:27+00:00","description":"Le sac de mode FBJETH05 est un produit de Lucky Hands, o\u00f9 des artisans handicap\u00e9s utilisent des techniques artisanales exquises pour cr\u00e9er","breadcrumb":{"@id":"https:\/\/maison-chance.org\/shop\/fr\/produit\/sac-tendance-fbjeth05#breadcrumb"},"inLanguage":"fr-FR","potentialAction":[{"@type":"ReadAction","target":["https:\/\/maison-chance.org\/shop\/fr\/produit\/sac-tendance-fbjeth05"]}]},{"@type":"ImageObject","inLanguage":"fr-FR","@id":"https:\/\/maison-chance.org\/shop\/fr\/produit\/sac-tendance-fbjeth05#primaryimage","url":"https:\/\/maison-chance.org\/shop\/wp-content\/uploads\/2024\/06\/FBJETH05.jpg","contentUrl":"https:\/\/maison-chance.org\/shop\/wp-content\/uploads\/2024\/06\/FBJETH05.jpg","width":600,"height":600,"caption":"Sac tendance FBJETH05"},{"@type":"BreadcrumbList","@id":"https:\/\/maison-chance.org\/shop\/fr\/produit\/sac-tendance-fbjeth05#breadcrumb","itemListElement":[{"@type":"ListItem","position":1,"name":"Trang ch\u1ee7","item":"https:\/\/maison-chance.org\/shop\/fr"},{"@type":"ListItem","position":2,"name":"Boutique","item":"https:\/\/maison-chance.org\/shop\/shop"},{"@type":"ListItem","position":3,"name":"Sac tendance FBJETH05"}]},{"@type":"WebSite","@id":"https:\/\/maison-chance.org\/shop\/fr#website","url":"https:\/\/maison-chance.org\/shop\/fr","name":"Nh\u00e0 May M\u1eafn - Maison Chance","description":"M\u1ecdi l\u1ee3i nhu\u1eadn thu v\u1ec1 t\u1eeb vi\u1ec7c b\u00e1n h\u00e0ng s\u1ebd tr\u00edch m\u1ed9t ph\u1ea7n \u0111\u1ec3 ch\u0103m lo cho \u0111\u1eddi s\u1ed1ng c\u00e1c b\u1ea1n khuy\u1ebft t\u1eadt v\u00e0 tr\u1ebb m\u1ed3 c\u00f4i \u1edf \u0111\u00e2y","publisher":{"@id":"https:\/\/maison-chance.org\/shop\/fr#organization"},"potentialAction":[{"@type":"SearchAction","target":{"@type":"EntryPoint","urlTemplate":"https:\/\/maison-chance.org\/shop\/fr?s={search_term_string}"},"query-input":{"@type":"PropertyValueSpecification","valueRequired":true,"valueName":"search_term_string"}}],"inLanguage":"fr-FR"},{"@type":"Organization","@id":"https:\/\/maison-chance.org\/shop\/fr#organization","name":"Nh\u00e0 May M\u1eafn - Maison Chance","url":"https:\/\/maison-chance.org\/shop\/fr","logo":{"@type":"ImageObject","inLanguage":"fr-FR","@id":"https:\/\/maison-chance.org\/shop\/fr#\/schema\/logo\/image\/","url":"https:\/\/maison-chance.org\/shop\/wp-content\/uploads\/2024\/03\/cropped-Logo_DNXH.png","contentUrl":"https:\/\/maison-chance.org\/shop\/wp-content\/uploads\/2024\/03\/cropped-Logo_DNXH.png","width":512,"height":512,"caption":"Nh\u00e0 May M\u1eafn - Maison Chance"},"image":{"@id":"https:\/\/maison-chance.org\/shop\/fr#\/schema\/logo\/image\/"},"sameAs":["https:\/\/www.facebook.com\/dnxh.nhamayman\/"]}]},"og_availability":"instock","product_availability":"instock","product_condition":"new"},"_links":{"self":[{"href":"https:\/\/maison-chance.org\/shop\/fr\/wp-json\/wp\/v2\/product\/39887","targetHints":{"allow":["GET"]}}],"collection":[{"href":"https:\/\/maison-chance.org\/shop\/fr\/wp-json\/wp\/v2\/product"}],"about":[{"href":"https:\/\/maison-chance.org\/shop\/fr\/wp-json\/wp\/v2\/types\/product"}],"wp:featuredmedia":[{"embeddable":true,"href":"https:\/\/maison-chance.org\/shop\/fr\/wp-json\/wp\/v2\/media\/39875"}],"wp:attachment":[{"href":"https:\/\/maison-chance.org\/shop\/fr\/wp-json\/wp\/v2\/media?parent=39887"}],"wp:term":[{"taxonomy":"product_brand","embeddable":true,"href":"https:\/\/maison-chance.org\/shop\/fr\/wp-json\/wp\/v2\/product_brand?post=39887"},{"taxonomy":"product_cat","embeddable":true,"href":"https:\/\/maison-chance.org\/shop\/fr\/wp-json\/wp\/v2\/product_cat?post=39887"},{"taxonomy":"product_tag","embeddable":true,"href":"https:\/\/maison-chance.org\/shop\/fr\/wp-json\/wp\/v2\/product_tag?post=39887"}],"curies":[{"name":"wp","href":"https:\/\/api.w.org\/{rel}","templated":true}]}}