{"id":39965,"date":"2024-06-19T11:38:38","date_gmt":"2024-06-19T04:38:38","guid":{"rendered":"https:\/\/maison-chance.org\/shop\/san-pham\/sac-tendance-fbth05"},"modified":"2024-11-20T15:45:26","modified_gmt":"2024-11-20T08:45:26","slug":"sac-tendance-fbth05","status":"publish","type":"product","link":"https:\/\/maison-chance.org\/shop\/fr\/produit\/sac-tendance-fbth05","title":{"rendered":"Sac tendance FBTH05"},"content":{"rendered":"<p style=\"text-align: justify;\">Dans la vie moderne, la mode n&rsquo;est pas seulement une fa\u00e7on d&rsquo;exprimer son style personnel, mais aussi un moyen de nous connecter et de diffuser des valeurs humanitaires profondes. Le sac de mode FBTH05, cr\u00e9\u00e9 par les mains habiles des couturiers handicap\u00e9s de Maison Chance, en est un t\u00e9moignage vivant.<\/p>\n<p style=\"text-align: justify;\">Le sac de mode FBTH05 a une forme rectangulaire avec des dimensions de 34 x 57 cm, offrant un espace spacieux et pratique pour les utilisateurs. Fabriqu\u00e9 en tissu tha\u00eflandais haut de gamme, doux et durable, il assure non seulement la qualit\u00e9 mais procure \u00e9galement un confort tout au long de l&rsquo;utilisation. Deux longues poign\u00e9es solides vous permettent de le porter facilement \u00e0 la main ou \u00e0 l&rsquo;\u00e9paule, adapt\u00e9 \u00e0 diverses occasions.<\/p>\n<p style=\"text-align: justify;\">Le sac est con\u00e7u avec une attention \u00e9l\u00e9gante aux d\u00e9tails : Un compartiment principal spacieux avec doublure douce, fermeture \u00e9clair robuste et une petite poche avant pratique pour les objets personnels comme les t\u00e9l\u00e9phones et les portefeuilles. La couture m\u00e9ticuleuse sur le corps du sac d\u00e9montre non seulement la durabilit\u00e9 mais refl\u00e8te aussi le d\u00e9vouement des couturiers handicap\u00e9s.<\/p>\n<p style=\"text-align: justify;\">Le sac FBTH05 est un compagnon id\u00e9al pour le travail, l&rsquo;\u00e9cole ou les sorties du week-end. Avec sa capacit\u00e9 spacieuse, vous pouvez facilement transporter des ordinateurs portables, des livres ou d&rsquo;autres objets personnels. En particulier, avec deux couleurs &#8211; noir et rouge, le sac convient \u00e0 diff\u00e9rents styles de mode, de l&rsquo;\u00e9l\u00e9gant et sophistiqu\u00e9 au dynamique et personnalis\u00e9.<\/p>\n<p style=\"text-align: justify;\"><strong>Qualit\u00e9 Premium :<\/strong> Fabriqu\u00e9 en tissu tha\u00eflandais de haute qualit\u00e9, le sac FBTH05 est non seulement durable mais offre \u00e9galement confort et facilit\u00e9 d&rsquo;utilisation.<\/p>\n<p style=\"text-align: justify;\"><strong>Design \u00c9l\u00e9gant :<\/strong> Avec une couture m\u00e9ticuleuse et un design simple mais \u00e0 la mode, le sac FBTH05 convient \u00e0 diff\u00e9rents styles.<\/p>\n<p style=\"text-align: justify;\"><strong>Signification Humanitaire :<\/strong> En achetant le sac FBTH05, vous ne poss\u00e9dez pas seulement un article de mode mais contribuez \u00e9galement \u00e0 soutenir les personnes handicap\u00e9es de Maison Chance, les aidant \u00e0 s&rsquo;int\u00e9grer et \u00e0 se d\u00e9velopper au sein de la communaut\u00e9.<\/p>\n<p style=\"text-align: justify;\">Chaque sac de mode FBTH05 n&rsquo;est pas seulement un accessoire utile mais aussi un pont d&rsquo;amour, partageant avec les personnes handicap\u00e9es de Maison Chance. Rejoignez-nous pour diffuser ce message en poss\u00e9dant un sac FBTH05. Votre soutien n&rsquo;est pas seulement une motivation les aidant \u00e0 s&rsquo;\u00e9lever dans la vie mais aussi une fa\u00e7on de construire une communaut\u00e9 pleine d&rsquo;amour et de partage.<\/p>\n<p style=\"text-align: justify;\">Venez \u00e0 <a href=\"https:\/\/maison-chance.org\/shop\">Maison Chance<\/a> et choisissez des produits merveilleux de couturiers talentueux et r\u00e9silients. Chaque produit est une histoire, un voyage surmontant les difficult\u00e9s et une preuve de la puissance de l&rsquo;amour. Achetez aujourd&rsquo;hui pour nous rejoindre dans la diffusion de valeurs humanitaires profondes !<\/p>\n","protected":false},"excerpt":{"rendered":"<p style=\"text-align: justify;\">Les produits sont fabriqu\u00e9s \u00e0 la main par des personnes handicap\u00e9es moins chanceuses, et nous esp\u00e9rons sinc\u00e8rement recevoir votre soutien.<\/p>\n<p>Mat\u00e9riau : Tissu tha\u00eflandais<\/p>\n<p>Code : TH06TX<\/p>\n<p>Taille : 34 x 57 cm<\/p>\n<p>Hotline : <span style=\"font-size: 20px;\"><strong><span style=\"color: #ff0000;\">0909 06 25 28<\/span><\/strong><\/span><\/p>\n<p style=\"text-align: justify;\">Si vous \u00eates au Vietnam, veuillez nous contacter via la hotline ou notre page fan de l&rsquo;entreprise Nh\u00e0 May M\u1eafn pour conna\u00eetre les prix au Vietnam.<\/p>\n","protected":false},"featured_media":39945,"template":"","meta":[],"product_brand":[],"product_cat":[231,246],"product_tag":[],"class_list":{"0":"post-39965","1":"product","2":"type-product","3":"status-publish","4":"has-post-thumbnail","6":"product_cat-atelier-de-couture","7":"product_cat-sac-a-main","9":"first","10":"instock","11":"shipping-taxable","12":"purchasable","13":"product-type-variable"},"yoast_head":"<!-- This site is optimized with the Yoast SEO Premium plugin v22.7 (Yoast SEO v25.3.1) - https:\/\/yoast.com\/wordpress\/plugins\/seo\/ -->\n<title>Sac tendance FBTH05 - Sac \u00e0 main brod\u00e9 - Nh\u00e0 May M\u1eafn - Maison Chance<\/title>\n<meta name=\"description\" content=\"Le sac \u00e0 main FBTH05 a une forme rectangulaire avec des dimensions de 34 x 57 cm, offrant de l&#039;espace et de la commodit\u00e9 pour l&#039;utilisateur. Fabriqu\u00e9 en tissu tha\u00eflandais de haute qualit\u00e9.\" \/>\n<meta name=\"robots\" content=\"index, follow, max-snippet:-1, max-image-preview:large, max-video-preview:-1\" \/>\n<link rel=\"canonical\" href=\"https:\/\/maison-chance.org\/shop\/fr\/produit\/sac-tendance-fbth05\" \/>\n<meta property=\"og:locale\" content=\"fr_FR\" \/>\n<meta property=\"og:type\" content=\"article\" \/>\n<meta property=\"og:title\" content=\"Sac tendance FBTH05\" \/>\n<meta property=\"og:description\" content=\"Le sac \u00e0 main FBTH05 a une forme rectangulaire avec des dimensions de 34 x 57 cm, offrant de l&#039;espace et de la commodit\u00e9 pour l&#039;utilisateur. Fabriqu\u00e9 en tissu tha\u00eflandais de haute qualit\u00e9.\" \/>\n<meta property=\"og:url\" content=\"https:\/\/maison-chance.org\/shop\/fr\/produit\/sac-tendance-fbth05\" \/>\n<meta property=\"og:site_name\" content=\"Nh\u00e0 May M\u1eafn - Maison Chance\" \/>\n<meta property=\"article:publisher\" content=\"https:\/\/www.facebook.com\/dnxh.nhamayman\/\" \/>\n<meta property=\"article:modified_time\" content=\"2024-11-20T08:45:26+00:00\" \/>\n<meta property=\"og:image\" content=\"https:\/\/maison-chance.org\/shop\/wp-content\/uploads\/2024\/06\/tui-thoi-trang-FBTH05-1.jpg\" \/>\n\t<meta property=\"og:image:width\" content=\"600\" \/>\n\t<meta property=\"og:image:height\" content=\"600\" \/>\n\t<meta property=\"og:image:type\" content=\"image\/jpeg\" \/>\n<meta name=\"twitter:card\" content=\"summary_large_image\" \/>\n<meta name=\"twitter:label1\" content=\"Disponibilit\u00e9\" \/>\n\t<meta name=\"twitter:data1\" content=\"En stock\" \/>\n<script type=\"application\/ld+json\" class=\"yoast-schema-graph\">{\"@context\":\"https:\/\/schema.org\",\"@graph\":[{\"@type\":\"WebPage\",\"@id\":\"https:\/\/maison-chance.org\/shop\/fr\/produit\/sac-tendance-fbth05\",\"url\":\"https:\/\/maison-chance.org\/shop\/fr\/produit\/sac-tendance-fbth05\",\"name\":\"Sac tendance FBTH05 - Sac \u00e0 main brod\u00e9 - Nh\u00e0 May M\u1eafn - Maison Chance\",\"isPartOf\":{\"@id\":\"https:\/\/maison-chance.org\/shop\/fr#website\"},\"primaryImageOfPage\":{\"@id\":\"https:\/\/maison-chance.org\/shop\/fr\/produit\/sac-tendance-fbth05#primaryimage\"},\"image\":{\"@id\":\"https:\/\/maison-chance.org\/shop\/fr\/produit\/sac-tendance-fbth05#primaryimage\"},\"thumbnailUrl\":\"https:\/\/maison-chance.org\/shop\/wp-content\/uploads\/2024\/06\/tui-thoi-trang-FBTH05-1.jpg\",\"datePublished\":\"2024-06-19T04:38:38+00:00\",\"dateModified\":\"2024-11-20T08:45:26+00:00\",\"description\":\"Le sac \u00e0 main FBTH05 a une forme rectangulaire avec des dimensions de 34 x 57 cm, offrant de l'espace et de la commodit\u00e9 pour l'utilisateur. Fabriqu\u00e9 en tissu tha\u00eflandais de haute qualit\u00e9.\",\"breadcrumb\":{\"@id\":\"https:\/\/maison-chance.org\/shop\/fr\/produit\/sac-tendance-fbth05#breadcrumb\"},\"inLanguage\":\"fr-FR\",\"potentialAction\":[{\"@type\":\"ReadAction\",\"target\":[\"https:\/\/maison-chance.org\/shop\/fr\/produit\/sac-tendance-fbth05\"]}]},{\"@type\":\"ImageObject\",\"inLanguage\":\"fr-FR\",\"@id\":\"https:\/\/maison-chance.org\/shop\/fr\/produit\/sac-tendance-fbth05#primaryimage\",\"url\":\"https:\/\/maison-chance.org\/shop\/wp-content\/uploads\/2024\/06\/tui-thoi-trang-FBTH05-1.jpg\",\"contentUrl\":\"https:\/\/maison-chance.org\/shop\/wp-content\/uploads\/2024\/06\/tui-thoi-trang-FBTH05-1.jpg\",\"width\":600,\"height\":600,\"caption\":\"Sac tendance FBTH05\"},{\"@type\":\"BreadcrumbList\",\"@id\":\"https:\/\/maison-chance.org\/shop\/fr\/produit\/sac-tendance-fbth05#breadcrumb\",\"itemListElement\":[{\"@type\":\"ListItem\",\"position\":1,\"name\":\"Trang ch\u1ee7\",\"item\":\"https:\/\/maison-chance.org\/shop\/fr\"},{\"@type\":\"ListItem\",\"position\":2,\"name\":\"Boutique\",\"item\":\"https:\/\/maison-chance.org\/shop\/shop\"},{\"@type\":\"ListItem\",\"position\":3,\"name\":\"Sac tendance FBTH05\"}]},{\"@type\":\"WebSite\",\"@id\":\"https:\/\/maison-chance.org\/shop\/fr#website\",\"url\":\"https:\/\/maison-chance.org\/shop\/fr\",\"name\":\"Nh\u00e0 May M\u1eafn - Maison Chance\",\"description\":\"M\u1ecdi l\u1ee3i nhu\u1eadn thu v\u1ec1 t\u1eeb vi\u1ec7c b\u00e1n h\u00e0ng s\u1ebd tr\u00edch m\u1ed9t ph\u1ea7n \u0111\u1ec3 ch\u0103m lo cho \u0111\u1eddi s\u1ed1ng c\u00e1c b\u1ea1n khuy\u1ebft t\u1eadt v\u00e0 tr\u1ebb m\u1ed3 c\u00f4i \u1edf \u0111\u00e2y\",\"publisher\":{\"@id\":\"https:\/\/maison-chance.org\/shop\/fr#organization\"},\"potentialAction\":[{\"@type\":\"SearchAction\",\"target\":{\"@type\":\"EntryPoint\",\"urlTemplate\":\"https:\/\/maison-chance.org\/shop\/fr?s={search_term_string}\"},\"query-input\":{\"@type\":\"PropertyValueSpecification\",\"valueRequired\":true,\"valueName\":\"search_term_string\"}}],\"inLanguage\":\"fr-FR\"},{\"@type\":\"Organization\",\"@id\":\"https:\/\/maison-chance.org\/shop\/fr#organization\",\"name\":\"Nh\u00e0 May M\u1eafn - Maison Chance\",\"url\":\"https:\/\/maison-chance.org\/shop\/fr\",\"logo\":{\"@type\":\"ImageObject\",\"inLanguage\":\"fr-FR\",\"@id\":\"https:\/\/maison-chance.org\/shop\/fr#\/schema\/logo\/image\/\",\"url\":\"https:\/\/maison-chance.org\/shop\/wp-content\/uploads\/2024\/03\/cropped-Logo_DNXH.png\",\"contentUrl\":\"https:\/\/maison-chance.org\/shop\/wp-content\/uploads\/2024\/03\/cropped-Logo_DNXH.png\",\"width\":512,\"height\":512,\"caption\":\"Nh\u00e0 May M\u1eafn - Maison Chance\"},\"image\":{\"@id\":\"https:\/\/maison-chance.org\/shop\/fr#\/schema\/logo\/image\/\"},\"sameAs\":[\"https:\/\/www.facebook.com\/dnxh.nhamayman\/\"]}]}<\/script>\n<meta property=\"og:availability\" content=\"instock\" \/>\n<meta property=\"product:availability\" content=\"instock\" \/>\n<meta property=\"product:condition\" content=\"new\" \/>\n<!-- \/ Yoast SEO Premium plugin. -->","yoast_head_json":{"title":"Sac tendance FBTH05 - Sac \u00e0 main brod\u00e9 - Nh\u00e0 May M\u1eafn - Maison Chance","description":"Le sac \u00e0 main FBTH05 a une forme rectangulaire avec des dimensions de 34 x 57 cm, offrant de l'espace et de la commodit\u00e9 pour l'utilisateur. Fabriqu\u00e9 en tissu tha\u00eflandais de haute qualit\u00e9.","robots":{"index":"index","follow":"follow","max-snippet":"max-snippet:-1","max-image-preview":"max-image-preview:large","max-video-preview":"max-video-preview:-1"},"canonical":"https:\/\/maison-chance.org\/shop\/fr\/produit\/sac-tendance-fbth05","og_locale":"fr_FR","og_type":"article","og_title":"Sac tendance FBTH05","og_description":"Le sac \u00e0 main FBTH05 a une forme rectangulaire avec des dimensions de 34 x 57 cm, offrant de l'espace et de la commodit\u00e9 pour l'utilisateur. Fabriqu\u00e9 en tissu tha\u00eflandais de haute qualit\u00e9.","og_url":"https:\/\/maison-chance.org\/shop\/fr\/produit\/sac-tendance-fbth05","og_site_name":"Nh\u00e0 May M\u1eafn - Maison Chance","article_publisher":"https:\/\/www.facebook.com\/dnxh.nhamayman\/","article_modified_time":"2024-11-20T08:45:26+00:00","og_image":[{"width":600,"height":600,"url":"https:\/\/maison-chance.org\/shop\/wp-content\/uploads\/2024\/06\/tui-thoi-trang-FBTH05-1.jpg","type":"image\/jpeg"}],"twitter_card":"summary_large_image","twitter_misc":{"Disponibilit\u00e9":"En stock"},"schema":{"@context":"https:\/\/schema.org","@graph":[{"@type":"WebPage","@id":"https:\/\/maison-chance.org\/shop\/fr\/produit\/sac-tendance-fbth05","url":"https:\/\/maison-chance.org\/shop\/fr\/produit\/sac-tendance-fbth05","name":"Sac tendance FBTH05 - Sac \u00e0 main brod\u00e9 - Nh\u00e0 May M\u1eafn - Maison Chance","isPartOf":{"@id":"https:\/\/maison-chance.org\/shop\/fr#website"},"primaryImageOfPage":{"@id":"https:\/\/maison-chance.org\/shop\/fr\/produit\/sac-tendance-fbth05#primaryimage"},"image":{"@id":"https:\/\/maison-chance.org\/shop\/fr\/produit\/sac-tendance-fbth05#primaryimage"},"thumbnailUrl":"https:\/\/maison-chance.org\/shop\/wp-content\/uploads\/2024\/06\/tui-thoi-trang-FBTH05-1.jpg","datePublished":"2024-06-19T04:38:38+00:00","dateModified":"2024-11-20T08:45:26+00:00","description":"Le sac \u00e0 main FBTH05 a une forme rectangulaire avec des dimensions de 34 x 57 cm, offrant de l'espace et de la commodit\u00e9 pour l'utilisateur. Fabriqu\u00e9 en tissu tha\u00eflandais de haute qualit\u00e9.","breadcrumb":{"@id":"https:\/\/maison-chance.org\/shop\/fr\/produit\/sac-tendance-fbth05#breadcrumb"},"inLanguage":"fr-FR","potentialAction":[{"@type":"ReadAction","target":["https:\/\/maison-chance.org\/shop\/fr\/produit\/sac-tendance-fbth05"]}]},{"@type":"ImageObject","inLanguage":"fr-FR","@id":"https:\/\/maison-chance.org\/shop\/fr\/produit\/sac-tendance-fbth05#primaryimage","url":"https:\/\/maison-chance.org\/shop\/wp-content\/uploads\/2024\/06\/tui-thoi-trang-FBTH05-1.jpg","contentUrl":"https:\/\/maison-chance.org\/shop\/wp-content\/uploads\/2024\/06\/tui-thoi-trang-FBTH05-1.jpg","width":600,"height":600,"caption":"Sac tendance FBTH05"},{"@type":"BreadcrumbList","@id":"https:\/\/maison-chance.org\/shop\/fr\/produit\/sac-tendance-fbth05#breadcrumb","itemListElement":[{"@type":"ListItem","position":1,"name":"Trang ch\u1ee7","item":"https:\/\/maison-chance.org\/shop\/fr"},{"@type":"ListItem","position":2,"name":"Boutique","item":"https:\/\/maison-chance.org\/shop\/shop"},{"@type":"ListItem","position":3,"name":"Sac tendance FBTH05"}]},{"@type":"WebSite","@id":"https:\/\/maison-chance.org\/shop\/fr#website","url":"https:\/\/maison-chance.org\/shop\/fr","name":"Nh\u00e0 May M\u1eafn - Maison Chance","description":"M\u1ecdi l\u1ee3i nhu\u1eadn thu v\u1ec1 t\u1eeb vi\u1ec7c b\u00e1n h\u00e0ng s\u1ebd tr\u00edch m\u1ed9t ph\u1ea7n \u0111\u1ec3 ch\u0103m lo cho \u0111\u1eddi s\u1ed1ng c\u00e1c b\u1ea1n khuy\u1ebft t\u1eadt v\u00e0 tr\u1ebb m\u1ed3 c\u00f4i \u1edf \u0111\u00e2y","publisher":{"@id":"https:\/\/maison-chance.org\/shop\/fr#organization"},"potentialAction":[{"@type":"SearchAction","target":{"@type":"EntryPoint","urlTemplate":"https:\/\/maison-chance.org\/shop\/fr?s={search_term_string}"},"query-input":{"@type":"PropertyValueSpecification","valueRequired":true,"valueName":"search_term_string"}}],"inLanguage":"fr-FR"},{"@type":"Organization","@id":"https:\/\/maison-chance.org\/shop\/fr#organization","name":"Nh\u00e0 May M\u1eafn - Maison Chance","url":"https:\/\/maison-chance.org\/shop\/fr","logo":{"@type":"ImageObject","inLanguage":"fr-FR","@id":"https:\/\/maison-chance.org\/shop\/fr#\/schema\/logo\/image\/","url":"https:\/\/maison-chance.org\/shop\/wp-content\/uploads\/2024\/03\/cropped-Logo_DNXH.png","contentUrl":"https:\/\/maison-chance.org\/shop\/wp-content\/uploads\/2024\/03\/cropped-Logo_DNXH.png","width":512,"height":512,"caption":"Nh\u00e0 May M\u1eafn - Maison Chance"},"image":{"@id":"https:\/\/maison-chance.org\/shop\/fr#\/schema\/logo\/image\/"},"sameAs":["https:\/\/www.facebook.com\/dnxh.nhamayman\/"]}]},"og_availability":"instock","product_availability":"instock","product_condition":"new"},"_links":{"self":[{"href":"https:\/\/maison-chance.org\/shop\/fr\/wp-json\/wp\/v2\/product\/39965","targetHints":{"allow":["GET"]}}],"collection":[{"href":"https:\/\/maison-chance.org\/shop\/fr\/wp-json\/wp\/v2\/product"}],"about":[{"href":"https:\/\/maison-chance.org\/shop\/fr\/wp-json\/wp\/v2\/types\/product"}],"wp:featuredmedia":[{"embeddable":true,"href":"https:\/\/maison-chance.org\/shop\/fr\/wp-json\/wp\/v2\/media\/39945"}],"wp:attachment":[{"href":"https:\/\/maison-chance.org\/shop\/fr\/wp-json\/wp\/v2\/media?parent=39965"}],"wp:term":[{"taxonomy":"product_brand","embeddable":true,"href":"https:\/\/maison-chance.org\/shop\/fr\/wp-json\/wp\/v2\/product_brand?post=39965"},{"taxonomy":"product_cat","embeddable":true,"href":"https:\/\/maison-chance.org\/shop\/fr\/wp-json\/wp\/v2\/product_cat?post=39965"},{"taxonomy":"product_tag","embeddable":true,"href":"https:\/\/maison-chance.org\/shop\/fr\/wp-json\/wp\/v2\/product_tag?post=39965"}],"curies":[{"name":"wp","href":"https:\/\/api.w.org\/{rel}","templated":true}]}}