{"id":39998,"date":"2024-06-19T12:10:04","date_gmt":"2024-06-19T05:10:04","guid":{"rendered":"https:\/\/maison-chance.org\/shop\/san-pham\/sac-de-mode-fbth04"},"modified":"2024-11-20T15:51:51","modified_gmt":"2024-11-20T08:51:51","slug":"sac-de-mode-fbth04","status":"publish","type":"product","link":"https:\/\/maison-chance.org\/shop\/fr\/produit\/sac-de-mode-fbth04","title":{"rendered":"Sac de Mode FBTH04"},"content":{"rendered":"<p style=\"text-align: justify;\">Sac de mode FBTH04 est un produit sp\u00e9cial, cr\u00e9\u00e9 par les mains talentueuses des couturiers handicap\u00e9s de Maison Chance. Avec une taille compacte de 25 x 30 cm et un design rectangulaire \u00e9l\u00e9gant, ce sac \u00e0 main n&rsquo;apporte pas seulement de la commodit\u00e9 mais exprime \u00e9galement un style de mode minimaliste mais plein de caract\u00e8re. Fait de tissu tha\u00eflandais haut de gamme, durable et diversifi\u00e9 en motifs et couleurs, le sac FBTH04 satisfera certainement ceux qui aiment l&rsquo;unicit\u00e9 et la sophistication.<\/p>\n<p style=\"text-align: justify;\">Avec sa taille mod\u00e9r\u00e9e et son design pratique, le sac FBTH04 peut \u00eatre utilis\u00e9 dans diverses situations :<\/p>\n<p style=\"text-align: justify;\">&#8211; Travail : Assez d&rsquo;espace pour ranger votre t\u00e9l\u00e9phone, portefeuille, cl\u00e9s et objets personnels n\u00e9cessaires, vous aidant \u00e0 transporter facilement des objets importants chaque jour.<\/p>\n<p style=\"text-align: justify;\">&#8211; Loisirs : Avec deux couleurs frappantes, rouge et bleu, vous pouvez facilement assortir le sac \u00e0 diff\u00e9rentes tenues, de l&rsquo;\u00e9l\u00e9gant au jeune.<\/p>\n<p style=\"text-align: justify;\">&#8211; Voyage : L\u00e9ger, durable et compact, le sac FBTH04 est le choix parfait lorsque vous avez besoin d&rsquo;un accessoire de mode compact mais toujours enti\u00e8rement fonctionnel.<\/p>\n<p style=\"text-align: justify;\">Le sac \u00e0 main FBTH04 est fabriqu\u00e9 en tissu tha\u00eflandais haut de gamme, r\u00e9put\u00e9 pour sa durabilit\u00e9 et sa bonne absorption de la transpiration. Les coutures d\u00e9licates et robustes, ainsi que la doublure int\u00e9rieure douce, aident \u00e0 prot\u00e9ger parfaitement vos effets personnels.<\/p>\n<p style=\"text-align: justify;\">Chaque produit sac \u00e0 main FBTH04 est un t\u00e9moignage du savoir-faire et du d\u00e9vouement des couturiers handicap\u00e9s de Maison Chance. En achetant ce produit, vous poss\u00e9dez non seulement un bel accessoire de mode mais contribuez \u00e9galement \u00e0 soutenir, cr\u00e9er des emplois et encourager les personnes handicap\u00e9es \u00e0 surmonter les difficult\u00e9s et \u00e0 s&rsquo;\u00e9lever dans la vie.<\/p>\n<p style=\"text-align: justify;\">Le sac FBTH04 propose des motifs et des couleurs vari\u00e9s, adapt\u00e9s \u00e0 diff\u00e9rents styles de mode. Vous pouvez facilement choisir le sac qui correspond le mieux \u00e0 votre go\u00fbt esth\u00e9tique et \u00e0 votre style de vie.<\/p>\n<p style=\"text-align: justify;\">Joignons-nous pour soutenir les produits de Maison Chance, achetez le sac de mode FBTH04 aujourd&rsquo;hui pour exp\u00e9rimenter la diff\u00e9rence de qualit\u00e9, de style et de valeur humanitaire que le produit apporte. Ensemble, nous pouvons cr\u00e9er un monde meilleur o\u00f9 chacun a la possibilit\u00e9 de vivre et de travailler \u00e9quitablement et fi\u00e8rement.<\/p>\n","protected":false},"excerpt":{"rendered":"<p style=\"text-align: justify;\">Produit artisanal r\u00e9alis\u00e9 par nos artisans handicap\u00e9s moins chanceux, nous esp\u00e9rons sinc\u00e8rement votre soutien.<\/p>\n<p>Mat\u00e9riau : Tissu tha\u00eflandais<\/p>\n<p>Code : TH05TX<\/p>\n<p>Dimensions : 25 x 30 cm<\/p>\n<p>Hotline : <span style=\"font-size: 20px;\"><strong><span style=\"color: #ff0000;\">0909 06 25 28<\/span><\/strong><\/span><\/p>\n<p style=\"text-align: justify;\">Si vous \u00eates au Vietnam, veuillez nous contacter via le num\u00e9ro de hotline ou notre page Facebook professionnelle Nh\u00e0 May M\u1eafn pour conna\u00eetre les prix au Vietnam.<\/p>\n","protected":false},"featured_media":39976,"template":"","meta":[],"product_brand":[],"product_cat":[231,246],"product_tag":[],"class_list":{"0":"post-39998","1":"product","2":"type-product","3":"status-publish","4":"has-post-thumbnail","6":"product_cat-atelier-de-couture","7":"product_cat-sac-a-main","9":"first","10":"instock","11":"shipping-taxable","12":"purchasable","13":"product-type-variable"},"yoast_head":"<!-- This site is optimized with the Yoast SEO Premium plugin v22.7 (Yoast SEO v25.3.1) - https:\/\/yoast.com\/wordpress\/plugins\/seo\/ -->\n<title>Sac de Mode FBTH04- Sac Brod\u00e9 - Nh\u00e0 May M\u1eafn - Maison Chance<\/title>\n<meta name=\"description\" content=\"Le sac de mode FBTH04 est un produit sp\u00e9cial, cr\u00e9\u00e9 par les mains habiles des tailleurs handicap\u00e9s \u00e0 Maison Chance.\" \/>\n<meta name=\"robots\" content=\"index, follow, max-snippet:-1, max-image-preview:large, max-video-preview:-1\" \/>\n<link rel=\"canonical\" href=\"https:\/\/maison-chance.org\/shop\/fr\/produit\/sac-de-mode-fbth04\" \/>\n<meta property=\"og:locale\" content=\"fr_FR\" \/>\n<meta property=\"og:type\" content=\"article\" \/>\n<meta property=\"og:title\" content=\"Sac de Mode FBTH04\" \/>\n<meta property=\"og:description\" content=\"Le sac de mode FBTH04 est un produit sp\u00e9cial, cr\u00e9\u00e9 par les mains habiles des tailleurs handicap\u00e9s \u00e0 Maison Chance.\" \/>\n<meta property=\"og:url\" content=\"https:\/\/maison-chance.org\/shop\/fr\/produit\/sac-de-mode-fbth04\" \/>\n<meta property=\"og:site_name\" content=\"Nh\u00e0 May M\u1eafn - Maison Chance\" \/>\n<meta property=\"article:publisher\" content=\"https:\/\/www.facebook.com\/dnxh.nhamayman\/\" \/>\n<meta property=\"article:modified_time\" content=\"2024-11-20T08:51:51+00:00\" \/>\n<meta property=\"og:image\" content=\"https:\/\/maison-chance.org\/shop\/wp-content\/uploads\/2024\/06\/tui-thoi-trang-fbth04-1.jpg\" \/>\n\t<meta property=\"og:image:width\" content=\"600\" \/>\n\t<meta property=\"og:image:height\" content=\"600\" \/>\n\t<meta property=\"og:image:type\" content=\"image\/jpeg\" \/>\n<meta name=\"twitter:card\" content=\"summary_large_image\" \/>\n<meta name=\"twitter:label1\" content=\"Disponibilit\u00e9\" \/>\n\t<meta name=\"twitter:data1\" content=\"En stock\" \/>\n<script type=\"application\/ld+json\" class=\"yoast-schema-graph\">{\"@context\":\"https:\/\/schema.org\",\"@graph\":[{\"@type\":\"WebPage\",\"@id\":\"https:\/\/maison-chance.org\/shop\/fr\/produit\/sac-de-mode-fbth04\",\"url\":\"https:\/\/maison-chance.org\/shop\/fr\/produit\/sac-de-mode-fbth04\",\"name\":\"Sac de Mode FBTH04- Sac Brod\u00e9 - Nh\u00e0 May M\u1eafn - Maison Chance\",\"isPartOf\":{\"@id\":\"https:\/\/maison-chance.org\/shop\/fr#website\"},\"primaryImageOfPage\":{\"@id\":\"https:\/\/maison-chance.org\/shop\/fr\/produit\/sac-de-mode-fbth04#primaryimage\"},\"image\":{\"@id\":\"https:\/\/maison-chance.org\/shop\/fr\/produit\/sac-de-mode-fbth04#primaryimage\"},\"thumbnailUrl\":\"https:\/\/maison-chance.org\/shop\/wp-content\/uploads\/2024\/06\/tui-thoi-trang-fbth04-1.jpg\",\"datePublished\":\"2024-06-19T05:10:04+00:00\",\"dateModified\":\"2024-11-20T08:51:51+00:00\",\"description\":\"Le sac de mode FBTH04 est un produit sp\u00e9cial, cr\u00e9\u00e9 par les mains habiles des tailleurs handicap\u00e9s \u00e0 Maison Chance.\",\"breadcrumb\":{\"@id\":\"https:\/\/maison-chance.org\/shop\/fr\/produit\/sac-de-mode-fbth04#breadcrumb\"},\"inLanguage\":\"fr-FR\",\"potentialAction\":[{\"@type\":\"ReadAction\",\"target\":[\"https:\/\/maison-chance.org\/shop\/fr\/produit\/sac-de-mode-fbth04\"]}]},{\"@type\":\"ImageObject\",\"inLanguage\":\"fr-FR\",\"@id\":\"https:\/\/maison-chance.org\/shop\/fr\/produit\/sac-de-mode-fbth04#primaryimage\",\"url\":\"https:\/\/maison-chance.org\/shop\/wp-content\/uploads\/2024\/06\/tui-thoi-trang-fbth04-1.jpg\",\"contentUrl\":\"https:\/\/maison-chance.org\/shop\/wp-content\/uploads\/2024\/06\/tui-thoi-trang-fbth04-1.jpg\",\"width\":600,\"height\":600,\"caption\":\"Sac de Mode FBTH04\"},{\"@type\":\"BreadcrumbList\",\"@id\":\"https:\/\/maison-chance.org\/shop\/fr\/produit\/sac-de-mode-fbth04#breadcrumb\",\"itemListElement\":[{\"@type\":\"ListItem\",\"position\":1,\"name\":\"Trang ch\u1ee7\",\"item\":\"https:\/\/maison-chance.org\/shop\/fr\"},{\"@type\":\"ListItem\",\"position\":2,\"name\":\"Boutique\",\"item\":\"https:\/\/maison-chance.org\/shop\/shop\"},{\"@type\":\"ListItem\",\"position\":3,\"name\":\"Sac de Mode FBTH04\"}]},{\"@type\":\"WebSite\",\"@id\":\"https:\/\/maison-chance.org\/shop\/fr#website\",\"url\":\"https:\/\/maison-chance.org\/shop\/fr\",\"name\":\"Nh\u00e0 May M\u1eafn - Maison Chance\",\"description\":\"M\u1ecdi l\u1ee3i nhu\u1eadn thu v\u1ec1 t\u1eeb vi\u1ec7c b\u00e1n h\u00e0ng s\u1ebd tr\u00edch m\u1ed9t ph\u1ea7n \u0111\u1ec3 ch\u0103m lo cho \u0111\u1eddi s\u1ed1ng c\u00e1c b\u1ea1n khuy\u1ebft t\u1eadt v\u00e0 tr\u1ebb m\u1ed3 c\u00f4i \u1edf \u0111\u00e2y\",\"publisher\":{\"@id\":\"https:\/\/maison-chance.org\/shop\/fr#organization\"},\"potentialAction\":[{\"@type\":\"SearchAction\",\"target\":{\"@type\":\"EntryPoint\",\"urlTemplate\":\"https:\/\/maison-chance.org\/shop\/fr?s={search_term_string}\"},\"query-input\":{\"@type\":\"PropertyValueSpecification\",\"valueRequired\":true,\"valueName\":\"search_term_string\"}}],\"inLanguage\":\"fr-FR\"},{\"@type\":\"Organization\",\"@id\":\"https:\/\/maison-chance.org\/shop\/fr#organization\",\"name\":\"Nh\u00e0 May M\u1eafn - Maison Chance\",\"url\":\"https:\/\/maison-chance.org\/shop\/fr\",\"logo\":{\"@type\":\"ImageObject\",\"inLanguage\":\"fr-FR\",\"@id\":\"https:\/\/maison-chance.org\/shop\/fr#\/schema\/logo\/image\/\",\"url\":\"https:\/\/maison-chance.org\/shop\/wp-content\/uploads\/2024\/03\/cropped-Logo_DNXH.png\",\"contentUrl\":\"https:\/\/maison-chance.org\/shop\/wp-content\/uploads\/2024\/03\/cropped-Logo_DNXH.png\",\"width\":512,\"height\":512,\"caption\":\"Nh\u00e0 May M\u1eafn - Maison Chance\"},\"image\":{\"@id\":\"https:\/\/maison-chance.org\/shop\/fr#\/schema\/logo\/image\/\"},\"sameAs\":[\"https:\/\/www.facebook.com\/dnxh.nhamayman\/\"]}]}<\/script>\n<meta property=\"og:availability\" content=\"instock\" \/>\n<meta property=\"product:availability\" content=\"instock\" \/>\n<meta property=\"product:condition\" content=\"new\" \/>\n<!-- \/ Yoast SEO Premium plugin. -->","yoast_head_json":{"title":"Sac de Mode FBTH04- Sac Brod\u00e9 - Nh\u00e0 May M\u1eafn - Maison Chance","description":"Le sac de mode FBTH04 est un produit sp\u00e9cial, cr\u00e9\u00e9 par les mains habiles des tailleurs handicap\u00e9s \u00e0 Maison Chance.","robots":{"index":"index","follow":"follow","max-snippet":"max-snippet:-1","max-image-preview":"max-image-preview:large","max-video-preview":"max-video-preview:-1"},"canonical":"https:\/\/maison-chance.org\/shop\/fr\/produit\/sac-de-mode-fbth04","og_locale":"fr_FR","og_type":"article","og_title":"Sac de Mode FBTH04","og_description":"Le sac de mode FBTH04 est un produit sp\u00e9cial, cr\u00e9\u00e9 par les mains habiles des tailleurs handicap\u00e9s \u00e0 Maison Chance.","og_url":"https:\/\/maison-chance.org\/shop\/fr\/produit\/sac-de-mode-fbth04","og_site_name":"Nh\u00e0 May M\u1eafn - Maison Chance","article_publisher":"https:\/\/www.facebook.com\/dnxh.nhamayman\/","article_modified_time":"2024-11-20T08:51:51+00:00","og_image":[{"width":600,"height":600,"url":"https:\/\/maison-chance.org\/shop\/wp-content\/uploads\/2024\/06\/tui-thoi-trang-fbth04-1.jpg","type":"image\/jpeg"}],"twitter_card":"summary_large_image","twitter_misc":{"Disponibilit\u00e9":"En stock"},"schema":{"@context":"https:\/\/schema.org","@graph":[{"@type":"WebPage","@id":"https:\/\/maison-chance.org\/shop\/fr\/produit\/sac-de-mode-fbth04","url":"https:\/\/maison-chance.org\/shop\/fr\/produit\/sac-de-mode-fbth04","name":"Sac de Mode FBTH04- Sac Brod\u00e9 - Nh\u00e0 May M\u1eafn - Maison Chance","isPartOf":{"@id":"https:\/\/maison-chance.org\/shop\/fr#website"},"primaryImageOfPage":{"@id":"https:\/\/maison-chance.org\/shop\/fr\/produit\/sac-de-mode-fbth04#primaryimage"},"image":{"@id":"https:\/\/maison-chance.org\/shop\/fr\/produit\/sac-de-mode-fbth04#primaryimage"},"thumbnailUrl":"https:\/\/maison-chance.org\/shop\/wp-content\/uploads\/2024\/06\/tui-thoi-trang-fbth04-1.jpg","datePublished":"2024-06-19T05:10:04+00:00","dateModified":"2024-11-20T08:51:51+00:00","description":"Le sac de mode FBTH04 est un produit sp\u00e9cial, cr\u00e9\u00e9 par les mains habiles des tailleurs handicap\u00e9s \u00e0 Maison Chance.","breadcrumb":{"@id":"https:\/\/maison-chance.org\/shop\/fr\/produit\/sac-de-mode-fbth04#breadcrumb"},"inLanguage":"fr-FR","potentialAction":[{"@type":"ReadAction","target":["https:\/\/maison-chance.org\/shop\/fr\/produit\/sac-de-mode-fbth04"]}]},{"@type":"ImageObject","inLanguage":"fr-FR","@id":"https:\/\/maison-chance.org\/shop\/fr\/produit\/sac-de-mode-fbth04#primaryimage","url":"https:\/\/maison-chance.org\/shop\/wp-content\/uploads\/2024\/06\/tui-thoi-trang-fbth04-1.jpg","contentUrl":"https:\/\/maison-chance.org\/shop\/wp-content\/uploads\/2024\/06\/tui-thoi-trang-fbth04-1.jpg","width":600,"height":600,"caption":"Sac de Mode FBTH04"},{"@type":"BreadcrumbList","@id":"https:\/\/maison-chance.org\/shop\/fr\/produit\/sac-de-mode-fbth04#breadcrumb","itemListElement":[{"@type":"ListItem","position":1,"name":"Trang ch\u1ee7","item":"https:\/\/maison-chance.org\/shop\/fr"},{"@type":"ListItem","position":2,"name":"Boutique","item":"https:\/\/maison-chance.org\/shop\/shop"},{"@type":"ListItem","position":3,"name":"Sac de Mode FBTH04"}]},{"@type":"WebSite","@id":"https:\/\/maison-chance.org\/shop\/fr#website","url":"https:\/\/maison-chance.org\/shop\/fr","name":"Nh\u00e0 May M\u1eafn - Maison Chance","description":"M\u1ecdi l\u1ee3i nhu\u1eadn thu v\u1ec1 t\u1eeb vi\u1ec7c b\u00e1n h\u00e0ng s\u1ebd tr\u00edch m\u1ed9t ph\u1ea7n \u0111\u1ec3 ch\u0103m lo cho \u0111\u1eddi s\u1ed1ng c\u00e1c b\u1ea1n khuy\u1ebft t\u1eadt v\u00e0 tr\u1ebb m\u1ed3 c\u00f4i \u1edf \u0111\u00e2y","publisher":{"@id":"https:\/\/maison-chance.org\/shop\/fr#organization"},"potentialAction":[{"@type":"SearchAction","target":{"@type":"EntryPoint","urlTemplate":"https:\/\/maison-chance.org\/shop\/fr?s={search_term_string}"},"query-input":{"@type":"PropertyValueSpecification","valueRequired":true,"valueName":"search_term_string"}}],"inLanguage":"fr-FR"},{"@type":"Organization","@id":"https:\/\/maison-chance.org\/shop\/fr#organization","name":"Nh\u00e0 May M\u1eafn - Maison Chance","url":"https:\/\/maison-chance.org\/shop\/fr","logo":{"@type":"ImageObject","inLanguage":"fr-FR","@id":"https:\/\/maison-chance.org\/shop\/fr#\/schema\/logo\/image\/","url":"https:\/\/maison-chance.org\/shop\/wp-content\/uploads\/2024\/03\/cropped-Logo_DNXH.png","contentUrl":"https:\/\/maison-chance.org\/shop\/wp-content\/uploads\/2024\/03\/cropped-Logo_DNXH.png","width":512,"height":512,"caption":"Nh\u00e0 May M\u1eafn - Maison Chance"},"image":{"@id":"https:\/\/maison-chance.org\/shop\/fr#\/schema\/logo\/image\/"},"sameAs":["https:\/\/www.facebook.com\/dnxh.nhamayman\/"]}]},"og_availability":"instock","product_availability":"instock","product_condition":"new"},"_links":{"self":[{"href":"https:\/\/maison-chance.org\/shop\/fr\/wp-json\/wp\/v2\/product\/39998","targetHints":{"allow":["GET"]}}],"collection":[{"href":"https:\/\/maison-chance.org\/shop\/fr\/wp-json\/wp\/v2\/product"}],"about":[{"href":"https:\/\/maison-chance.org\/shop\/fr\/wp-json\/wp\/v2\/types\/product"}],"wp:featuredmedia":[{"embeddable":true,"href":"https:\/\/maison-chance.org\/shop\/fr\/wp-json\/wp\/v2\/media\/39976"}],"wp:attachment":[{"href":"https:\/\/maison-chance.org\/shop\/fr\/wp-json\/wp\/v2\/media?parent=39998"}],"wp:term":[{"taxonomy":"product_brand","embeddable":true,"href":"https:\/\/maison-chance.org\/shop\/fr\/wp-json\/wp\/v2\/product_brand?post=39998"},{"taxonomy":"product_cat","embeddable":true,"href":"https:\/\/maison-chance.org\/shop\/fr\/wp-json\/wp\/v2\/product_cat?post=39998"},{"taxonomy":"product_tag","embeddable":true,"href":"https:\/\/maison-chance.org\/shop\/fr\/wp-json\/wp\/v2\/product_tag?post=39998"}],"curies":[{"name":"wp","href":"https:\/\/api.w.org\/{rel}","templated":true}]}}