{"id":40038,"date":"2024-06-23T02:51:14","date_gmt":"2024-06-22T19:51:14","guid":{"rendered":"https:\/\/maison-chance.org\/shop\/san-pham\/sac-tendance-fbcv04"},"modified":"2024-11-20T15:59:15","modified_gmt":"2024-11-20T08:59:15","slug":"sac-tendance-fbcv04","status":"publish","type":"product","link":"https:\/\/maison-chance.org\/shop\/fr\/produit\/sac-tendance-fbcv04","title":{"rendered":"Sac tendance FBCV04"},"content":{"rendered":"<p style=\"text-align: justify;\">Le sac de mode FBTH04 n&rsquo;est pas seulement un produit attrayant mais porte \u00e9galement une profonde signification humanitaire. Ce produit est fabriqu\u00e9 par des couturiers handicap\u00e9s qualifi\u00e9s de Maison Chance, o\u00f9 des personnes r\u00e9silientes et talentueuses surmontent quotidiennement les d\u00e9fis de la vie pour cr\u00e9er des pi\u00e8ces merveilleuses.<\/p>\n<p style=\"text-align: justify;\">Le sac de mode FBTH04 a une forme rectangulaire avec des dimensions de 30 x 33 cm, parfait pour transporter de nombreux objets essentiels. Le sac est fabriqu\u00e9 en toile premium, durable et r\u00e9sistant \u00e0 l&rsquo;eau, assurant la protection de vos effets personnels pendant les pluies inattendues. Le point fort du sac est la pi\u00e8ce de brocart d\u00e9corative sur le devant, avec des motifs vifs et nets, cr\u00e9ant une apparence \u00e0 la fois moderne et unique.<\/p>\n<p style=\"text-align: justify;\">Le sac dispose de deux longues poign\u00e9es solides, facilitant le transport ou le port \u00e0 l&rsquo;\u00e9paule. \u00c0 l&rsquo;int\u00e9rieur, il y a un compartiment principal spacieux avec une doublure en tissu doux et une petite poche avant pour ranger les petits objets comme les t\u00e9l\u00e9phones et les portefeuilles. La fermeture \u00e9clair robuste garantit la s\u00e9curit\u00e9 de vos effets personnels lors des d\u00e9placements.<\/p>\n<p style=\"text-align: justify;\">Le sac \u00e0 main FBTH04 est l&rsquo;accessoire parfait pour diverses occasions. Vous pouvez utiliser le sac pour le travail, l&rsquo;\u00e9cole ou les promenades en ville avec des amis. Avec son design simple mais \u00e9l\u00e9gant, le sac convient \u00e0 tous les styles, de l&rsquo;\u00e9l\u00e9gant au moderne en passant par le personnel. De plus, la capacit\u00e9 de r\u00e9sistance \u00e0 l&rsquo;eau du sac est un grand avantage car vous pouvez l&rsquo;utiliser en toute confiance m\u00eame les jours de pluie.<\/p>\n<p style=\"text-align: justify;\">Lorsque vous choisissez d&rsquo;acheter le sac de mode FBTH04, vous ne poss\u00e9dez pas seulement un produit de haute qualit\u00e9, durable et \u00e0 la mode, mais vous soutenez \u00e9galement les couturiers handicap\u00e9s de Maison Chance. C&rsquo;est l&rsquo;occasion de montrer votre soutien aux personnes en difficult\u00e9 qui continuent de s&rsquo;efforcer dans la vie. Chaque sac raconte une histoire, une r\u00e9alisation dont les couturiers d\u00e9vou\u00e9s sont fiers, m\u00e9ticuleux dans chaque point avec le d\u00e9sir de livrer des produits de qualit\u00e9 aux clients.<\/p>\n<p style=\"text-align: justify;\">Joignons-nous pour soutenir Maison Chance en poss\u00e9dant un sac de mode FBTH04 aujourd&rsquo;hui. Le produit n&rsquo;est pas seulement un accessoire merveilleux mais aussi un symbole de bont\u00e9 et de partage. Chaque sac que vous achetez est un pas en avant pour apporter joie et espoir aux couturiers handicap\u00e9s, leur donnant plus de motivation et de confiance en l&rsquo;avenir.<\/p>\n<p style=\"text-align: justify;\">Commandez aujourd&rsquo;hui et diffusez l&rsquo;amour avec Maison Chance !<\/p>\n","protected":false},"excerpt":{"rendered":"<p style=\"text-align: justify;\">Les produits fabriqu\u00e9s \u00e0 la main par nos artisans handicap\u00e9s moins chanceux esp\u00e8rent recevoir votre soutien.<\/p>\n<p>Mat\u00e9riaux : Toile de coton + teintures naturelles<\/p>\n<p>Code : TC04TX<\/p>\n<p>Dimensions : 30 \u00d7 33 cm<\/p>\n<p>Hotline : <span style=\"font-size: 20px;\"><strong><span style=\"color: #ff0000;\">0909 06 25 28<\/span><\/strong><\/span><\/p>\n<p style=\"text-align: justify;\">Si vous \u00eates au Vietnam, veuillez nous contacter via la hotline ou notre page fan Maison Chance pour obtenir des informations sur les prix au Vietnam.<\/p>\n","protected":false},"featured_media":40023,"template":"","meta":[],"product_brand":[],"product_cat":[231,246],"product_tag":[],"class_list":{"0":"post-40038","1":"product","2":"type-product","3":"status-publish","4":"has-post-thumbnail","6":"product_cat-atelier-de-couture","7":"product_cat-sac-a-main","9":"first","10":"instock","11":"shipping-taxable","12":"purchasable","13":"product-type-simple"},"yoast_head":"<!-- This site is optimized with the Yoast SEO Premium plugin v22.7 (Yoast SEO v25.3.1) - https:\/\/yoast.com\/wordpress\/plugins\/seo\/ -->\n<title>Sac tendance FBCV04- Sac en brocart - Nh\u00e0 May M\u1eafn - Maison Chance<\/title>\n<meta name=\"description\" content=\"Le sac de mode FBTH04 n&#039;est pas seulement un produit magnifique, mais il porte \u00e9galement une signification humaniste profonde. C&#039;est un produit fabriqu\u00e9 par les personnes handicap\u00e9es \u00e0 Maison Chance.\" \/>\n<meta name=\"robots\" content=\"index, follow, max-snippet:-1, max-image-preview:large, max-video-preview:-1\" \/>\n<link rel=\"canonical\" href=\"https:\/\/maison-chance.org\/shop\/fr\/produit\/sac-tendance-fbcv04\" \/>\n<meta property=\"og:locale\" content=\"fr_FR\" \/>\n<meta property=\"og:type\" content=\"article\" \/>\n<meta property=\"og:title\" content=\"Sac tendance FBCV04\" \/>\n<meta property=\"og:description\" content=\"Le sac de mode FBTH04 n&#039;est pas seulement un produit magnifique, mais il porte \u00e9galement une signification humaniste profonde. C&#039;est un produit fabriqu\u00e9 par les personnes handicap\u00e9es \u00e0 Maison Chance.\" \/>\n<meta property=\"og:url\" content=\"https:\/\/maison-chance.org\/shop\/fr\/produit\/sac-tendance-fbcv04\" \/>\n<meta property=\"og:site_name\" content=\"Nh\u00e0 May M\u1eafn - Maison Chance\" \/>\n<meta property=\"article:publisher\" content=\"https:\/\/www.facebook.com\/dnxh.nhamayman\/\" \/>\n<meta property=\"article:modified_time\" content=\"2024-11-20T08:59:15+00:00\" \/>\n<meta property=\"og:image\" content=\"https:\/\/maison-chance.org\/shop\/wp-content\/uploads\/2024\/06\/tui-thoi-trang-fbcv04-1.jpg\" \/>\n\t<meta property=\"og:image:width\" content=\"600\" \/>\n\t<meta property=\"og:image:height\" content=\"600\" \/>\n\t<meta property=\"og:image:type\" content=\"image\/jpeg\" \/>\n<meta name=\"twitter:card\" content=\"summary_large_image\" \/>\n<meta name=\"twitter:label1\" content=\"Prix\" \/>\n\t<meta name=\"twitter:data1\" content=\"&euro;5.06\" \/>\n\t<meta name=\"twitter:label2\" content=\"Disponibilit\u00e9\" \/>\n\t<meta name=\"twitter:data2\" content=\"En stock\" \/>\n<script type=\"application\/ld+json\" class=\"yoast-schema-graph\">{\"@context\":\"https:\/\/schema.org\",\"@graph\":[{\"@type\":\"WebPage\",\"@id\":\"https:\/\/maison-chance.org\/shop\/fr\/produit\/sac-tendance-fbcv04\",\"url\":\"https:\/\/maison-chance.org\/shop\/fr\/produit\/sac-tendance-fbcv04\",\"name\":\"Sac tendance FBCV04- Sac en brocart - Nh\u00e0 May M\u1eafn - Maison Chance\",\"isPartOf\":{\"@id\":\"https:\/\/maison-chance.org\/shop\/fr#website\"},\"primaryImageOfPage\":{\"@id\":\"https:\/\/maison-chance.org\/shop\/fr\/produit\/sac-tendance-fbcv04#primaryimage\"},\"image\":{\"@id\":\"https:\/\/maison-chance.org\/shop\/fr\/produit\/sac-tendance-fbcv04#primaryimage\"},\"thumbnailUrl\":\"https:\/\/maison-chance.org\/shop\/wp-content\/uploads\/2024\/06\/tui-thoi-trang-fbcv04-1.jpg\",\"datePublished\":\"2024-06-22T19:51:14+00:00\",\"dateModified\":\"2024-11-20T08:59:15+00:00\",\"description\":\"Le sac de mode FBTH04 n'est pas seulement un produit magnifique, mais il porte \u00e9galement une signification humaniste profonde. C'est un produit fabriqu\u00e9 par les personnes handicap\u00e9es \u00e0 Maison Chance.\",\"breadcrumb\":{\"@id\":\"https:\/\/maison-chance.org\/shop\/fr\/produit\/sac-tendance-fbcv04#breadcrumb\"},\"inLanguage\":\"fr-FR\",\"potentialAction\":[{\"@type\":\"ReadAction\",\"target\":[\"https:\/\/maison-chance.org\/shop\/fr\/produit\/sac-tendance-fbcv04\"]}]},{\"@type\":\"ImageObject\",\"inLanguage\":\"fr-FR\",\"@id\":\"https:\/\/maison-chance.org\/shop\/fr\/produit\/sac-tendance-fbcv04#primaryimage\",\"url\":\"https:\/\/maison-chance.org\/shop\/wp-content\/uploads\/2024\/06\/tui-thoi-trang-fbcv04-1.jpg\",\"contentUrl\":\"https:\/\/maison-chance.org\/shop\/wp-content\/uploads\/2024\/06\/tui-thoi-trang-fbcv04-1.jpg\",\"width\":600,\"height\":600,\"caption\":\"Sac tendance FBCV04\"},{\"@type\":\"BreadcrumbList\",\"@id\":\"https:\/\/maison-chance.org\/shop\/fr\/produit\/sac-tendance-fbcv04#breadcrumb\",\"itemListElement\":[{\"@type\":\"ListItem\",\"position\":1,\"name\":\"Trang ch\u1ee7\",\"item\":\"https:\/\/maison-chance.org\/shop\/fr\"},{\"@type\":\"ListItem\",\"position\":2,\"name\":\"Boutique\",\"item\":\"https:\/\/maison-chance.org\/shop\/shop\"},{\"@type\":\"ListItem\",\"position\":3,\"name\":\"Sac tendance FBCV04\"}]},{\"@type\":\"WebSite\",\"@id\":\"https:\/\/maison-chance.org\/shop\/fr#website\",\"url\":\"https:\/\/maison-chance.org\/shop\/fr\",\"name\":\"Nh\u00e0 May M\u1eafn - Maison Chance\",\"description\":\"M\u1ecdi l\u1ee3i nhu\u1eadn thu v\u1ec1 t\u1eeb vi\u1ec7c b\u00e1n h\u00e0ng s\u1ebd tr\u00edch m\u1ed9t ph\u1ea7n \u0111\u1ec3 ch\u0103m lo cho \u0111\u1eddi s\u1ed1ng c\u00e1c b\u1ea1n khuy\u1ebft t\u1eadt v\u00e0 tr\u1ebb m\u1ed3 c\u00f4i \u1edf \u0111\u00e2y\",\"publisher\":{\"@id\":\"https:\/\/maison-chance.org\/shop\/fr#organization\"},\"potentialAction\":[{\"@type\":\"SearchAction\",\"target\":{\"@type\":\"EntryPoint\",\"urlTemplate\":\"https:\/\/maison-chance.org\/shop\/fr?s={search_term_string}\"},\"query-input\":{\"@type\":\"PropertyValueSpecification\",\"valueRequired\":true,\"valueName\":\"search_term_string\"}}],\"inLanguage\":\"fr-FR\"},{\"@type\":\"Organization\",\"@id\":\"https:\/\/maison-chance.org\/shop\/fr#organization\",\"name\":\"Nh\u00e0 May M\u1eafn - Maison Chance\",\"url\":\"https:\/\/maison-chance.org\/shop\/fr\",\"logo\":{\"@type\":\"ImageObject\",\"inLanguage\":\"fr-FR\",\"@id\":\"https:\/\/maison-chance.org\/shop\/fr#\/schema\/logo\/image\/\",\"url\":\"https:\/\/maison-chance.org\/shop\/wp-content\/uploads\/2024\/03\/cropped-Logo_DNXH.png\",\"contentUrl\":\"https:\/\/maison-chance.org\/shop\/wp-content\/uploads\/2024\/03\/cropped-Logo_DNXH.png\",\"width\":512,\"height\":512,\"caption\":\"Nh\u00e0 May M\u1eafn - Maison Chance\"},\"image\":{\"@id\":\"https:\/\/maison-chance.org\/shop\/fr#\/schema\/logo\/image\/\"},\"sameAs\":[\"https:\/\/www.facebook.com\/dnxh.nhamayman\/\"]}]}<\/script>\n<meta property=\"product:price:amount\" content=\"5.06\" \/>\n<meta property=\"product:price:currency\" content=\"EUR\" \/>\n<meta property=\"og:availability\" content=\"instock\" \/>\n<meta property=\"product:availability\" content=\"instock\" \/>\n<meta property=\"product:condition\" content=\"new\" \/>\n<!-- \/ Yoast SEO Premium plugin. -->","yoast_head_json":{"title":"Sac tendance FBCV04- Sac en brocart - Nh\u00e0 May M\u1eafn - Maison Chance","description":"Le sac de mode FBTH04 n'est pas seulement un produit magnifique, mais il porte \u00e9galement une signification humaniste profonde. C'est un produit fabriqu\u00e9 par les personnes handicap\u00e9es \u00e0 Maison Chance.","robots":{"index":"index","follow":"follow","max-snippet":"max-snippet:-1","max-image-preview":"max-image-preview:large","max-video-preview":"max-video-preview:-1"},"canonical":"https:\/\/maison-chance.org\/shop\/fr\/produit\/sac-tendance-fbcv04","og_locale":"fr_FR","og_type":"article","og_title":"Sac tendance FBCV04","og_description":"Le sac de mode FBTH04 n'est pas seulement un produit magnifique, mais il porte \u00e9galement une signification humaniste profonde. C'est un produit fabriqu\u00e9 par les personnes handicap\u00e9es \u00e0 Maison Chance.","og_url":"https:\/\/maison-chance.org\/shop\/fr\/produit\/sac-tendance-fbcv04","og_site_name":"Nh\u00e0 May M\u1eafn - Maison Chance","article_publisher":"https:\/\/www.facebook.com\/dnxh.nhamayman\/","article_modified_time":"2024-11-20T08:59:15+00:00","og_image":[{"width":600,"height":600,"url":"https:\/\/maison-chance.org\/shop\/wp-content\/uploads\/2024\/06\/tui-thoi-trang-fbcv04-1.jpg","type":"image\/jpeg"}],"twitter_card":"summary_large_image","twitter_misc":{"Prix":"&euro;5.06","Disponibilit\u00e9":"En stock"},"schema":{"@context":"https:\/\/schema.org","@graph":[{"@type":"WebPage","@id":"https:\/\/maison-chance.org\/shop\/fr\/produit\/sac-tendance-fbcv04","url":"https:\/\/maison-chance.org\/shop\/fr\/produit\/sac-tendance-fbcv04","name":"Sac tendance FBCV04- Sac en brocart - Nh\u00e0 May M\u1eafn - Maison Chance","isPartOf":{"@id":"https:\/\/maison-chance.org\/shop\/fr#website"},"primaryImageOfPage":{"@id":"https:\/\/maison-chance.org\/shop\/fr\/produit\/sac-tendance-fbcv04#primaryimage"},"image":{"@id":"https:\/\/maison-chance.org\/shop\/fr\/produit\/sac-tendance-fbcv04#primaryimage"},"thumbnailUrl":"https:\/\/maison-chance.org\/shop\/wp-content\/uploads\/2024\/06\/tui-thoi-trang-fbcv04-1.jpg","datePublished":"2024-06-22T19:51:14+00:00","dateModified":"2024-11-20T08:59:15+00:00","description":"Le sac de mode FBTH04 n'est pas seulement un produit magnifique, mais il porte \u00e9galement une signification humaniste profonde. C'est un produit fabriqu\u00e9 par les personnes handicap\u00e9es \u00e0 Maison Chance.","breadcrumb":{"@id":"https:\/\/maison-chance.org\/shop\/fr\/produit\/sac-tendance-fbcv04#breadcrumb"},"inLanguage":"fr-FR","potentialAction":[{"@type":"ReadAction","target":["https:\/\/maison-chance.org\/shop\/fr\/produit\/sac-tendance-fbcv04"]}]},{"@type":"ImageObject","inLanguage":"fr-FR","@id":"https:\/\/maison-chance.org\/shop\/fr\/produit\/sac-tendance-fbcv04#primaryimage","url":"https:\/\/maison-chance.org\/shop\/wp-content\/uploads\/2024\/06\/tui-thoi-trang-fbcv04-1.jpg","contentUrl":"https:\/\/maison-chance.org\/shop\/wp-content\/uploads\/2024\/06\/tui-thoi-trang-fbcv04-1.jpg","width":600,"height":600,"caption":"Sac tendance FBCV04"},{"@type":"BreadcrumbList","@id":"https:\/\/maison-chance.org\/shop\/fr\/produit\/sac-tendance-fbcv04#breadcrumb","itemListElement":[{"@type":"ListItem","position":1,"name":"Trang ch\u1ee7","item":"https:\/\/maison-chance.org\/shop\/fr"},{"@type":"ListItem","position":2,"name":"Boutique","item":"https:\/\/maison-chance.org\/shop\/shop"},{"@type":"ListItem","position":3,"name":"Sac tendance FBCV04"}]},{"@type":"WebSite","@id":"https:\/\/maison-chance.org\/shop\/fr#website","url":"https:\/\/maison-chance.org\/shop\/fr","name":"Nh\u00e0 May M\u1eafn - Maison Chance","description":"M\u1ecdi l\u1ee3i nhu\u1eadn thu v\u1ec1 t\u1eeb vi\u1ec7c b\u00e1n h\u00e0ng s\u1ebd tr\u00edch m\u1ed9t ph\u1ea7n \u0111\u1ec3 ch\u0103m lo cho \u0111\u1eddi s\u1ed1ng c\u00e1c b\u1ea1n khuy\u1ebft t\u1eadt v\u00e0 tr\u1ebb m\u1ed3 c\u00f4i \u1edf \u0111\u00e2y","publisher":{"@id":"https:\/\/maison-chance.org\/shop\/fr#organization"},"potentialAction":[{"@type":"SearchAction","target":{"@type":"EntryPoint","urlTemplate":"https:\/\/maison-chance.org\/shop\/fr?s={search_term_string}"},"query-input":{"@type":"PropertyValueSpecification","valueRequired":true,"valueName":"search_term_string"}}],"inLanguage":"fr-FR"},{"@type":"Organization","@id":"https:\/\/maison-chance.org\/shop\/fr#organization","name":"Nh\u00e0 May M\u1eafn - Maison Chance","url":"https:\/\/maison-chance.org\/shop\/fr","logo":{"@type":"ImageObject","inLanguage":"fr-FR","@id":"https:\/\/maison-chance.org\/shop\/fr#\/schema\/logo\/image\/","url":"https:\/\/maison-chance.org\/shop\/wp-content\/uploads\/2024\/03\/cropped-Logo_DNXH.png","contentUrl":"https:\/\/maison-chance.org\/shop\/wp-content\/uploads\/2024\/03\/cropped-Logo_DNXH.png","width":512,"height":512,"caption":"Nh\u00e0 May M\u1eafn - Maison Chance"},"image":{"@id":"https:\/\/maison-chance.org\/shop\/fr#\/schema\/logo\/image\/"},"sameAs":["https:\/\/www.facebook.com\/dnxh.nhamayman\/"]}]},"product_price_amount":"5.06","product_price_currency":"EUR","og_availability":"instock","product_availability":"instock","product_condition":"new"},"_links":{"self":[{"href":"https:\/\/maison-chance.org\/shop\/fr\/wp-json\/wp\/v2\/product\/40038","targetHints":{"allow":["GET"]}}],"collection":[{"href":"https:\/\/maison-chance.org\/shop\/fr\/wp-json\/wp\/v2\/product"}],"about":[{"href":"https:\/\/maison-chance.org\/shop\/fr\/wp-json\/wp\/v2\/types\/product"}],"wp:featuredmedia":[{"embeddable":true,"href":"https:\/\/maison-chance.org\/shop\/fr\/wp-json\/wp\/v2\/media\/40023"}],"wp:attachment":[{"href":"https:\/\/maison-chance.org\/shop\/fr\/wp-json\/wp\/v2\/media?parent=40038"}],"wp:term":[{"taxonomy":"product_brand","embeddable":true,"href":"https:\/\/maison-chance.org\/shop\/fr\/wp-json\/wp\/v2\/product_brand?post=40038"},{"taxonomy":"product_cat","embeddable":true,"href":"https:\/\/maison-chance.org\/shop\/fr\/wp-json\/wp\/v2\/product_cat?post=40038"},{"taxonomy":"product_tag","embeddable":true,"href":"https:\/\/maison-chance.org\/shop\/fr\/wp-json\/wp\/v2\/product_tag?post=40038"}],"curies":[{"name":"wp","href":"https:\/\/api.w.org\/{rel}","templated":true}]}}