{"id":40151,"date":"2024-07-03T04:37:49","date_gmt":"2024-07-02T21:37:49","guid":{"rendered":"https:\/\/maison-chance.org\/shop\/san-pham\/sac-classique-cbtc01"},"modified":"2024-11-20T16:17:54","modified_gmt":"2024-11-20T09:17:54","slug":"sac-classique-cbtc01","status":"publish","type":"product","link":"https:\/\/maison-chance.org\/shop\/fr\/produit\/sac-classique-cbtc01","title":{"rendered":"Sac Classique CBTC01"},"content":{"rendered":"<p style=\"text-align: justify;\">Sac Classique CBTC01 est fabriqu\u00e9 en tissu brocart, un mat\u00e9riau traditionnel refl\u00e9tant l&rsquo;identit\u00e9 culturelle des communaut\u00e9s ethniques. Ce produit est confectionn\u00e9 \u00e0 la main par des artisans handicap\u00e9s de Maison Chance, chaque sac \u00e9tant une \u0153uvre d&rsquo;art mettant en valeur le savoir-faire et le d\u00e9vouement des artisans.<\/p>\n<p style=\"text-align: justify;\">Le sac en brocart CBTC01 est disponible en plusieurs tailles :<\/p>\n<p>Taille 1 : 14 x 18 cm Taille 2 : 18 x 22 cm Taille 3 : 20 x 32 cm Taille 4 : 34 x 48 cm<\/p>\n<p style=\"text-align: justify;\">Avec ses tailles vari\u00e9es, vous pouvez facilement choisir un sac adapt\u00e9 \u00e0 vos besoins :<\/p>\n<p style=\"text-align: justify;\">&#8211; Mod\u00e8les compacts et pratiques pour les promenades ou les cours.<\/p>\n<p style=\"text-align: justify;\">&#8211; Mod\u00e8les plus grands pour le travail ou les voyages.<\/p>\n<p style=\"text-align: justify;\">+ Chaque sac en brocart CBTC01 poss\u00e8de une beaut\u00e9 unique, avec des motifs vari\u00e9s et sophistiqu\u00e9s, alliant harmonieusement tradition et modernit\u00e9.<\/p>\n<p style=\"text-align: justify;\">+ Le produit est fabriqu\u00e9 \u00e0 la main, avec chaque couture solidement r\u00e9alis\u00e9e, garantissant une durabilit\u00e9 \u00e9lev\u00e9e.<\/p>\n<p style=\"text-align: justify;\">+ En achetant le sac CBTC01, vous ne poss\u00e9dez pas seulement un accessoire de mode \u00e9l\u00e9gant, mais vous contribuez \u00e9galement \u00e0 soutenir la communaut\u00e9 handicap\u00e9e de Maison Chance.<\/p>\n<p style=\"text-align: justify;\">Soutenez les produits de Maison Chance en achetant le sac en brocart CBTC01. Vous sublimerez non seulement votre propre style, mais vous diffuserez \u00e9galement des valeurs humanitaires significatives. Chaque produit que vous achetez est une source d&rsquo;encouragement et de motivation pour les artisans handicap\u00e9s.<\/p>\n","protected":false},"excerpt":{"rendered":"<p style=\"text-align: justify;\">Les produits fabriqu\u00e9s \u00e0 la main par nos artisans handicap\u00e9s moins chanceux attendent votre aimable soutien.<\/p>\n<p>Mat\u00e9riau : Tissu indig\u00e8ne<\/p>\n<p>Code : CBTC01<\/p>\n<p>Taille 1 : 14 x 18 cm<\/p>\n<p>Taille 2 : 18 x 22 cm<\/p>\n<p>Taille 3 : 20 x 32 cm<\/p>\n<p>Taille 4 : 34 x 48 cm<\/p>\n<p>Hotline : <span style=\"font-size: 20px;\"><strong><span style=\"color: #ff0000;\">0909 06 25 28<\/span><\/strong><\/span><\/p>\n<p style=\"text-align: justify;\">Si vous \u00eates au Vietnam, veuillez nous contacter via la hotline ou notre fanpage entreprise pour conna\u00eetre les prix au Vietnam.<\/p>\n","protected":false},"featured_media":40135,"template":"","meta":[],"product_brand":[],"product_cat":[231,246],"product_tag":[],"class_list":{"0":"post-40151","1":"product","2":"type-product","3":"status-publish","4":"has-post-thumbnail","6":"product_cat-atelier-de-couture","7":"product_cat-sac-a-main","9":"first","10":"instock","11":"shipping-taxable","12":"purchasable","13":"product-type-variable"},"yoast_head":"<!-- This site is optimized with the Yoast SEO Premium plugin v22.7 (Yoast SEO v25.3.1) - https:\/\/yoast.com\/wordpress\/plugins\/seo\/ -->\n<title>Sac Classique CBTC01 - Sac Brod\u00e9 - Nh\u00e0 May M\u1eafn - Maison Chance<\/title>\n<meta name=\"description\" content=\"Le sac \u00e0 la mode FBJE10 est fabriqu\u00e9 en tissu brod\u00e9, un mat\u00e9riau traditionnel riche en identit\u00e9 culturelle ethnique, fabriqu\u00e9 \u00e0 la main par des personnes handicap\u00e9es.\" \/>\n<meta name=\"robots\" content=\"index, follow, max-snippet:-1, max-image-preview:large, max-video-preview:-1\" \/>\n<link rel=\"canonical\" href=\"https:\/\/maison-chance.org\/shop\/fr\/produit\/sac-classique-cbtc01\" \/>\n<meta property=\"og:locale\" content=\"fr_FR\" \/>\n<meta property=\"og:type\" content=\"article\" \/>\n<meta property=\"og:title\" content=\"Sac Classique CBTC01\" \/>\n<meta property=\"og:description\" content=\"Le sac \u00e0 la mode FBJE10 est fabriqu\u00e9 en tissu brod\u00e9, un mat\u00e9riau traditionnel riche en identit\u00e9 culturelle ethnique, fabriqu\u00e9 \u00e0 la main par des personnes handicap\u00e9es.\" \/>\n<meta property=\"og:url\" content=\"https:\/\/maison-chance.org\/shop\/fr\/produit\/sac-classique-cbtc01\" \/>\n<meta property=\"og:site_name\" content=\"Nh\u00e0 May M\u1eafn - Maison Chance\" \/>\n<meta property=\"article:publisher\" content=\"https:\/\/www.facebook.com\/dnxh.nhamayman\/\" \/>\n<meta property=\"article:modified_time\" content=\"2024-11-20T09:17:54+00:00\" \/>\n<meta property=\"og:image\" content=\"https:\/\/maison-chance.org\/shop\/wp-content\/uploads\/2024\/07\/tui-xach-co-dien-cbtc01-1.jpg\" \/>\n\t<meta property=\"og:image:width\" content=\"600\" \/>\n\t<meta property=\"og:image:height\" content=\"600\" \/>\n\t<meta property=\"og:image:type\" content=\"image\/jpeg\" \/>\n<meta name=\"twitter:card\" content=\"summary_large_image\" \/>\n<meta name=\"twitter:label1\" content=\"Disponibilit\u00e9\" \/>\n\t<meta name=\"twitter:data1\" content=\"En stock\" \/>\n<script type=\"application\/ld+json\" class=\"yoast-schema-graph\">{\"@context\":\"https:\/\/schema.org\",\"@graph\":[{\"@type\":\"WebPage\",\"@id\":\"https:\/\/maison-chance.org\/shop\/fr\/produit\/sac-classique-cbtc01\",\"url\":\"https:\/\/maison-chance.org\/shop\/fr\/produit\/sac-classique-cbtc01\",\"name\":\"Sac Classique CBTC01 - Sac Brod\u00e9 - Nh\u00e0 May M\u1eafn - Maison Chance\",\"isPartOf\":{\"@id\":\"https:\/\/maison-chance.org\/shop\/fr#website\"},\"primaryImageOfPage\":{\"@id\":\"https:\/\/maison-chance.org\/shop\/fr\/produit\/sac-classique-cbtc01#primaryimage\"},\"image\":{\"@id\":\"https:\/\/maison-chance.org\/shop\/fr\/produit\/sac-classique-cbtc01#primaryimage\"},\"thumbnailUrl\":\"https:\/\/maison-chance.org\/shop\/wp-content\/uploads\/2024\/07\/tui-xach-co-dien-cbtc01-1.jpg\",\"datePublished\":\"2024-07-02T21:37:49+00:00\",\"dateModified\":\"2024-11-20T09:17:54+00:00\",\"description\":\"Le sac \u00e0 la mode FBJE10 est fabriqu\u00e9 en tissu brod\u00e9, un mat\u00e9riau traditionnel riche en identit\u00e9 culturelle ethnique, fabriqu\u00e9 \u00e0 la main par des personnes handicap\u00e9es.\",\"breadcrumb\":{\"@id\":\"https:\/\/maison-chance.org\/shop\/fr\/produit\/sac-classique-cbtc01#breadcrumb\"},\"inLanguage\":\"fr-FR\",\"potentialAction\":[{\"@type\":\"ReadAction\",\"target\":[\"https:\/\/maison-chance.org\/shop\/fr\/produit\/sac-classique-cbtc01\"]}]},{\"@type\":\"ImageObject\",\"inLanguage\":\"fr-FR\",\"@id\":\"https:\/\/maison-chance.org\/shop\/fr\/produit\/sac-classique-cbtc01#primaryimage\",\"url\":\"https:\/\/maison-chance.org\/shop\/wp-content\/uploads\/2024\/07\/tui-xach-co-dien-cbtc01-1.jpg\",\"contentUrl\":\"https:\/\/maison-chance.org\/shop\/wp-content\/uploads\/2024\/07\/tui-xach-co-dien-cbtc01-1.jpg\",\"width\":600,\"height\":600,\"caption\":\"Sac Classique CBTC01\"},{\"@type\":\"BreadcrumbList\",\"@id\":\"https:\/\/maison-chance.org\/shop\/fr\/produit\/sac-classique-cbtc01#breadcrumb\",\"itemListElement\":[{\"@type\":\"ListItem\",\"position\":1,\"name\":\"Trang ch\u1ee7\",\"item\":\"https:\/\/maison-chance.org\/shop\/fr\"},{\"@type\":\"ListItem\",\"position\":2,\"name\":\"Boutique\",\"item\":\"https:\/\/maison-chance.org\/shop\/shop\"},{\"@type\":\"ListItem\",\"position\":3,\"name\":\"Sac Classique CBTC01\"}]},{\"@type\":\"WebSite\",\"@id\":\"https:\/\/maison-chance.org\/shop\/fr#website\",\"url\":\"https:\/\/maison-chance.org\/shop\/fr\",\"name\":\"Nh\u00e0 May M\u1eafn - Maison Chance\",\"description\":\"M\u1ecdi l\u1ee3i nhu\u1eadn thu v\u1ec1 t\u1eeb vi\u1ec7c b\u00e1n h\u00e0ng s\u1ebd tr\u00edch m\u1ed9t ph\u1ea7n \u0111\u1ec3 ch\u0103m lo cho \u0111\u1eddi s\u1ed1ng c\u00e1c b\u1ea1n khuy\u1ebft t\u1eadt v\u00e0 tr\u1ebb m\u1ed3 c\u00f4i \u1edf \u0111\u00e2y\",\"publisher\":{\"@id\":\"https:\/\/maison-chance.org\/shop\/fr#organization\"},\"potentialAction\":[{\"@type\":\"SearchAction\",\"target\":{\"@type\":\"EntryPoint\",\"urlTemplate\":\"https:\/\/maison-chance.org\/shop\/fr?s={search_term_string}\"},\"query-input\":{\"@type\":\"PropertyValueSpecification\",\"valueRequired\":true,\"valueName\":\"search_term_string\"}}],\"inLanguage\":\"fr-FR\"},{\"@type\":\"Organization\",\"@id\":\"https:\/\/maison-chance.org\/shop\/fr#organization\",\"name\":\"Nh\u00e0 May M\u1eafn - Maison Chance\",\"url\":\"https:\/\/maison-chance.org\/shop\/fr\",\"logo\":{\"@type\":\"ImageObject\",\"inLanguage\":\"fr-FR\",\"@id\":\"https:\/\/maison-chance.org\/shop\/fr#\/schema\/logo\/image\/\",\"url\":\"https:\/\/maison-chance.org\/shop\/wp-content\/uploads\/2024\/03\/cropped-Logo_DNXH.png\",\"contentUrl\":\"https:\/\/maison-chance.org\/shop\/wp-content\/uploads\/2024\/03\/cropped-Logo_DNXH.png\",\"width\":512,\"height\":512,\"caption\":\"Nh\u00e0 May M\u1eafn - Maison Chance\"},\"image\":{\"@id\":\"https:\/\/maison-chance.org\/shop\/fr#\/schema\/logo\/image\/\"},\"sameAs\":[\"https:\/\/www.facebook.com\/dnxh.nhamayman\/\"]}]}<\/script>\n<meta property=\"og:availability\" content=\"instock\" \/>\n<meta property=\"product:availability\" content=\"instock\" \/>\n<meta property=\"product:condition\" content=\"new\" \/>\n<!-- \/ Yoast SEO Premium plugin. -->","yoast_head_json":{"title":"Sac Classique CBTC01 - Sac Brod\u00e9 - Nh\u00e0 May M\u1eafn - Maison Chance","description":"Le sac \u00e0 la mode FBJE10 est fabriqu\u00e9 en tissu brod\u00e9, un mat\u00e9riau traditionnel riche en identit\u00e9 culturelle ethnique, fabriqu\u00e9 \u00e0 la main par des personnes handicap\u00e9es.","robots":{"index":"index","follow":"follow","max-snippet":"max-snippet:-1","max-image-preview":"max-image-preview:large","max-video-preview":"max-video-preview:-1"},"canonical":"https:\/\/maison-chance.org\/shop\/fr\/produit\/sac-classique-cbtc01","og_locale":"fr_FR","og_type":"article","og_title":"Sac Classique CBTC01","og_description":"Le sac \u00e0 la mode FBJE10 est fabriqu\u00e9 en tissu brod\u00e9, un mat\u00e9riau traditionnel riche en identit\u00e9 culturelle ethnique, fabriqu\u00e9 \u00e0 la main par des personnes handicap\u00e9es.","og_url":"https:\/\/maison-chance.org\/shop\/fr\/produit\/sac-classique-cbtc01","og_site_name":"Nh\u00e0 May M\u1eafn - Maison Chance","article_publisher":"https:\/\/www.facebook.com\/dnxh.nhamayman\/","article_modified_time":"2024-11-20T09:17:54+00:00","og_image":[{"width":600,"height":600,"url":"https:\/\/maison-chance.org\/shop\/wp-content\/uploads\/2024\/07\/tui-xach-co-dien-cbtc01-1.jpg","type":"image\/jpeg"}],"twitter_card":"summary_large_image","twitter_misc":{"Disponibilit\u00e9":"En stock"},"schema":{"@context":"https:\/\/schema.org","@graph":[{"@type":"WebPage","@id":"https:\/\/maison-chance.org\/shop\/fr\/produit\/sac-classique-cbtc01","url":"https:\/\/maison-chance.org\/shop\/fr\/produit\/sac-classique-cbtc01","name":"Sac Classique CBTC01 - Sac Brod\u00e9 - Nh\u00e0 May M\u1eafn - Maison Chance","isPartOf":{"@id":"https:\/\/maison-chance.org\/shop\/fr#website"},"primaryImageOfPage":{"@id":"https:\/\/maison-chance.org\/shop\/fr\/produit\/sac-classique-cbtc01#primaryimage"},"image":{"@id":"https:\/\/maison-chance.org\/shop\/fr\/produit\/sac-classique-cbtc01#primaryimage"},"thumbnailUrl":"https:\/\/maison-chance.org\/shop\/wp-content\/uploads\/2024\/07\/tui-xach-co-dien-cbtc01-1.jpg","datePublished":"2024-07-02T21:37:49+00:00","dateModified":"2024-11-20T09:17:54+00:00","description":"Le sac \u00e0 la mode FBJE10 est fabriqu\u00e9 en tissu brod\u00e9, un mat\u00e9riau traditionnel riche en identit\u00e9 culturelle ethnique, fabriqu\u00e9 \u00e0 la main par des personnes handicap\u00e9es.","breadcrumb":{"@id":"https:\/\/maison-chance.org\/shop\/fr\/produit\/sac-classique-cbtc01#breadcrumb"},"inLanguage":"fr-FR","potentialAction":[{"@type":"ReadAction","target":["https:\/\/maison-chance.org\/shop\/fr\/produit\/sac-classique-cbtc01"]}]},{"@type":"ImageObject","inLanguage":"fr-FR","@id":"https:\/\/maison-chance.org\/shop\/fr\/produit\/sac-classique-cbtc01#primaryimage","url":"https:\/\/maison-chance.org\/shop\/wp-content\/uploads\/2024\/07\/tui-xach-co-dien-cbtc01-1.jpg","contentUrl":"https:\/\/maison-chance.org\/shop\/wp-content\/uploads\/2024\/07\/tui-xach-co-dien-cbtc01-1.jpg","width":600,"height":600,"caption":"Sac Classique CBTC01"},{"@type":"BreadcrumbList","@id":"https:\/\/maison-chance.org\/shop\/fr\/produit\/sac-classique-cbtc01#breadcrumb","itemListElement":[{"@type":"ListItem","position":1,"name":"Trang ch\u1ee7","item":"https:\/\/maison-chance.org\/shop\/fr"},{"@type":"ListItem","position":2,"name":"Boutique","item":"https:\/\/maison-chance.org\/shop\/shop"},{"@type":"ListItem","position":3,"name":"Sac Classique CBTC01"}]},{"@type":"WebSite","@id":"https:\/\/maison-chance.org\/shop\/fr#website","url":"https:\/\/maison-chance.org\/shop\/fr","name":"Nh\u00e0 May M\u1eafn - Maison Chance","description":"M\u1ecdi l\u1ee3i nhu\u1eadn thu v\u1ec1 t\u1eeb vi\u1ec7c b\u00e1n h\u00e0ng s\u1ebd tr\u00edch m\u1ed9t ph\u1ea7n \u0111\u1ec3 ch\u0103m lo cho \u0111\u1eddi s\u1ed1ng c\u00e1c b\u1ea1n khuy\u1ebft t\u1eadt v\u00e0 tr\u1ebb m\u1ed3 c\u00f4i \u1edf \u0111\u00e2y","publisher":{"@id":"https:\/\/maison-chance.org\/shop\/fr#organization"},"potentialAction":[{"@type":"SearchAction","target":{"@type":"EntryPoint","urlTemplate":"https:\/\/maison-chance.org\/shop\/fr?s={search_term_string}"},"query-input":{"@type":"PropertyValueSpecification","valueRequired":true,"valueName":"search_term_string"}}],"inLanguage":"fr-FR"},{"@type":"Organization","@id":"https:\/\/maison-chance.org\/shop\/fr#organization","name":"Nh\u00e0 May M\u1eafn - Maison Chance","url":"https:\/\/maison-chance.org\/shop\/fr","logo":{"@type":"ImageObject","inLanguage":"fr-FR","@id":"https:\/\/maison-chance.org\/shop\/fr#\/schema\/logo\/image\/","url":"https:\/\/maison-chance.org\/shop\/wp-content\/uploads\/2024\/03\/cropped-Logo_DNXH.png","contentUrl":"https:\/\/maison-chance.org\/shop\/wp-content\/uploads\/2024\/03\/cropped-Logo_DNXH.png","width":512,"height":512,"caption":"Nh\u00e0 May M\u1eafn - Maison Chance"},"image":{"@id":"https:\/\/maison-chance.org\/shop\/fr#\/schema\/logo\/image\/"},"sameAs":["https:\/\/www.facebook.com\/dnxh.nhamayman\/"]}]},"og_availability":"instock","product_availability":"instock","product_condition":"new"},"_links":{"self":[{"href":"https:\/\/maison-chance.org\/shop\/fr\/wp-json\/wp\/v2\/product\/40151","targetHints":{"allow":["GET"]}}],"collection":[{"href":"https:\/\/maison-chance.org\/shop\/fr\/wp-json\/wp\/v2\/product"}],"about":[{"href":"https:\/\/maison-chance.org\/shop\/fr\/wp-json\/wp\/v2\/types\/product"}],"wp:featuredmedia":[{"embeddable":true,"href":"https:\/\/maison-chance.org\/shop\/fr\/wp-json\/wp\/v2\/media\/40135"}],"wp:attachment":[{"href":"https:\/\/maison-chance.org\/shop\/fr\/wp-json\/wp\/v2\/media?parent=40151"}],"wp:term":[{"taxonomy":"product_brand","embeddable":true,"href":"https:\/\/maison-chance.org\/shop\/fr\/wp-json\/wp\/v2\/product_brand?post=40151"},{"taxonomy":"product_cat","embeddable":true,"href":"https:\/\/maison-chance.org\/shop\/fr\/wp-json\/wp\/v2\/product_cat?post=40151"},{"taxonomy":"product_tag","embeddable":true,"href":"https:\/\/maison-chance.org\/shop\/fr\/wp-json\/wp\/v2\/product_tag?post=40151"}],"curies":[{"name":"wp","href":"https:\/\/api.w.org\/{rel}","templated":true}]}}