{"id":40191,"date":"2024-04-03T09:53:34","date_gmt":"2024-04-03T02:53:34","guid":{"rendered":"https:\/\/maison-chance.org\/shop\/san-pham\/sac-a-dos-tortue"},"modified":"2024-11-08T10:58:05","modified_gmt":"2024-11-08T03:58:05","slug":"sac-a-dos-tortue","status":"publish","type":"product","link":"https:\/\/maison-chance.org\/shop\/fr\/produit\/sac-a-dos-tortue","title":{"rendered":"Sac \u00e0 dos tortue"},"content":{"rendered":"<p style=\"text-align: justify;\">Avez-vous d\u00e9j\u00e0 pens\u00e9 \u00e0 poss\u00e9der un sac \u00e0 dos qui n&rsquo;est pas seulement un produit utile mais qui porte aussi un message de soutien \u00e0 la communaut\u00e9 des personnes handicap\u00e9es d\u00e9favoris\u00e9es ? Le sac \u00e0 dos en forme de tortue de Maison Chance sera le choix parfait pour vous. Fabriqu\u00e9 par les mains habiles de personnes handicap\u00e9es, ce produit n&rsquo;est pas qu&rsquo;un simple objet quotidien mais aussi un lien avec la culture et la tradition vietnamiennes.<\/p>\n<p style=\"text-align: justify;\">Le sac \u00e0 dos tortue (TC05BL) attire non seulement par son design unique inspir\u00e9 de l&rsquo;image de la tortue mais aussi par le tissu de brocart distinctif du Vietnam. Avec une taille parfaite de 35 x 45 cm, ce sac \u00e0 dos convient aux journ\u00e9es de travail, \u00e0 l&rsquo;\u00e9cole ou aux activit\u00e9s parascolaires. Le produit est fait \u00e0 la main par des artisans de Maison Chance, chaque point de couture porte une histoire d&rsquo;aspiration et d&rsquo;effort pour s&rsquo;\u00e9lever dans la vie des artisans handicap\u00e9s ici.<\/p>\n<p style=\"text-align: justify;\">Le sac \u00e0 dos en forme de tortue n&rsquo;est pas qu&rsquo;un accessoire utile, il porte aussi une forte empreinte culturelle, honorant la beaut\u00e9 traditionnelle du tissu de brocart. Vous pouvez le porter au travail, pour les loisirs, ou m\u00eame l&rsquo;offrir \u00e0 vos proches. Avec un tissu de brocart durable et des motifs color\u00e9s vibrants, le produit n&rsquo;est pas qu&rsquo;un accessoire mais aussi un point fort pour votre style personnel.<\/p>\n<p style=\"text-align: justify;\">En achetant un sac \u00e0 dos en forme de tortue, vous ne poss\u00e9dez pas seulement un produit de qualit\u00e9 mais vous soutenez aussi la communaut\u00e9 des personnes handicap\u00e9es. Le shopping n&rsquo;est pas simplement un achat mais aussi une opportunit\u00e9 de diffuser des valeurs humanitaires, contribuant au d\u00e9veloppement communautaire et cr\u00e9ant des conditions de travail \u00e9quitables pour ceux qui ont de la d\u00e9termination.<\/p>\n<p style=\"text-align: justify;\">Rejoignez-nous dans ce voyage de diffusion d&rsquo;amour et d&rsquo;appr\u00e9ciation envers tous en choisissant le sac \u00e0 dos en forme de tortue de <a href=\"https:\/\/maison-chance.org\/shop\">Maison Chance<\/a>. Chaque produit n&rsquo;est pas qu&rsquo;un simple sac \u00e0 dos mais une histoire de pers\u00e9v\u00e9rance et d&rsquo;espoir. Achetez aujourd&rsquo;hui pour non seulement poss\u00e9der un objet utile mais aussi faire une d\u00e9claration d&#8217;empathie et de partage.<\/p>\n","protected":false},"excerpt":{"rendered":"<p style=\"text-align: justify;\">Les produits artisanaux fabriqu\u00e9s par nos artisans moins favoris\u00e9s esp\u00e8rent recevoir votre soutien.<\/p>\n<p>Mat\u00e9riau : Tissu tiss\u00e9 \u00e0 la main<\/p>\n<p>Code : TC05BL<\/p>\n<p>Dimensions : 35 x 45 cm<\/p>\n<p>Hotline : <span style=\"font-size: 20px;\"><strong><span style=\"color: #ff0000;\">0909 06 25 28<\/span><\/strong><\/span><\/p>\n<p style=\"text-align: justify;\">Si vous \u00eates au Vietnam, veuillez nous contacter via la hotline ou notre page Facebook professionnelle Nh\u00e0 May M\u1eafn pour obtenir des informations sur les prix.<\/p>\n","protected":false},"featured_media":40180,"template":"","meta":[],"product_brand":[],"product_cat":[231,234],"product_tag":[],"class_list":{"0":"post-40191","1":"product","2":"type-product","3":"status-publish","4":"has-post-thumbnail","6":"product_cat-atelier-de-couture","7":"product_cat-sac-a-dos-atelier-de-couture","9":"first","10":"instock","11":"shipping-taxable","12":"purchasable","13":"product-type-simple"},"yoast_head":"<!-- This site is optimized with the Yoast SEO Premium plugin v22.7 (Yoast SEO v25.3.1) - https:\/\/yoast.com\/wordpress\/plugins\/seo\/ -->\n<title>Sac \u00e0 dos tortue - Nh\u00e0 May M\u1eafn - Maison Chance<\/title>\n<meta name=\"description\" content=\"Le sac \u00e0 dos tortue s\u00e9duit non seulement par son design unique inspir\u00e9 de l&#039;image d&#039;une tortue, mais aussi par son tissu de brocart vietnamien distinctif\" \/>\n<meta name=\"robots\" content=\"index, follow, max-snippet:-1, max-image-preview:large, max-video-preview:-1\" \/>\n<link rel=\"canonical\" href=\"https:\/\/maison-chance.org\/shop\/fr\/produit\/sac-a-dos-tortue\" \/>\n<meta property=\"og:locale\" content=\"fr_FR\" \/>\n<meta property=\"og:type\" content=\"article\" \/>\n<meta property=\"og:title\" content=\"Sac \u00e0 dos tortue\" \/>\n<meta property=\"og:description\" content=\"Le sac \u00e0 dos tortue s\u00e9duit non seulement par son design unique inspir\u00e9 de l&#039;image d&#039;une tortue, mais aussi par son tissu de brocart vietnamien distinctif\" \/>\n<meta property=\"og:url\" content=\"https:\/\/maison-chance.org\/shop\/fr\/produit\/sac-a-dos-tortue\" \/>\n<meta property=\"og:site_name\" content=\"Nh\u00e0 May M\u1eafn - Maison Chance\" \/>\n<meta property=\"article:publisher\" content=\"https:\/\/www.facebook.com\/dnxh.nhamayman\/\" \/>\n<meta property=\"article:modified_time\" content=\"2024-11-08T03:58:05+00:00\" \/>\n<meta property=\"og:image\" content=\"https:\/\/maison-chance.org\/shop\/wp-content\/uploads\/2024\/04\/ba-lo-con-rua-1.jpg\" \/>\n\t<meta property=\"og:image:width\" content=\"600\" \/>\n\t<meta property=\"og:image:height\" content=\"600\" \/>\n\t<meta property=\"og:image:type\" content=\"image\/jpeg\" \/>\n<meta name=\"twitter:card\" content=\"summary_large_image\" \/>\n<meta name=\"twitter:label1\" content=\"Prix\" \/>\n\t<meta name=\"twitter:data1\" content=\"&euro;6.44\" \/>\n\t<meta name=\"twitter:label2\" content=\"Disponibilit\u00e9\" \/>\n\t<meta name=\"twitter:data2\" content=\"En stock\" \/>\n<script type=\"application\/ld+json\" class=\"yoast-schema-graph\">{\"@context\":\"https:\/\/schema.org\",\"@graph\":[{\"@type\":\"WebPage\",\"@id\":\"https:\/\/maison-chance.org\/shop\/fr\/produit\/sac-a-dos-tortue\",\"url\":\"https:\/\/maison-chance.org\/shop\/fr\/produit\/sac-a-dos-tortue\",\"name\":\"Sac \u00e0 dos tortue - Nh\u00e0 May M\u1eafn - Maison Chance\",\"isPartOf\":{\"@id\":\"https:\/\/maison-chance.org\/shop\/fr#website\"},\"primaryImageOfPage\":{\"@id\":\"https:\/\/maison-chance.org\/shop\/fr\/produit\/sac-a-dos-tortue#primaryimage\"},\"image\":{\"@id\":\"https:\/\/maison-chance.org\/shop\/fr\/produit\/sac-a-dos-tortue#primaryimage\"},\"thumbnailUrl\":\"https:\/\/maison-chance.org\/shop\/wp-content\/uploads\/2024\/04\/ba-lo-con-rua-1.jpg\",\"datePublished\":\"2024-04-03T02:53:34+00:00\",\"dateModified\":\"2024-11-08T03:58:05+00:00\",\"description\":\"Le sac \u00e0 dos tortue s\u00e9duit non seulement par son design unique inspir\u00e9 de l'image d'une tortue, mais aussi par son tissu de brocart vietnamien distinctif\",\"breadcrumb\":{\"@id\":\"https:\/\/maison-chance.org\/shop\/fr\/produit\/sac-a-dos-tortue#breadcrumb\"},\"inLanguage\":\"fr-FR\",\"potentialAction\":[{\"@type\":\"ReadAction\",\"target\":[\"https:\/\/maison-chance.org\/shop\/fr\/produit\/sac-a-dos-tortue\"]}]},{\"@type\":\"ImageObject\",\"inLanguage\":\"fr-FR\",\"@id\":\"https:\/\/maison-chance.org\/shop\/fr\/produit\/sac-a-dos-tortue#primaryimage\",\"url\":\"https:\/\/maison-chance.org\/shop\/wp-content\/uploads\/2024\/04\/ba-lo-con-rua-1.jpg\",\"contentUrl\":\"https:\/\/maison-chance.org\/shop\/wp-content\/uploads\/2024\/04\/ba-lo-con-rua-1.jpg\",\"width\":600,\"height\":600,\"caption\":\"Sac \u00e0 dos tortue\"},{\"@type\":\"BreadcrumbList\",\"@id\":\"https:\/\/maison-chance.org\/shop\/fr\/produit\/sac-a-dos-tortue#breadcrumb\",\"itemListElement\":[{\"@type\":\"ListItem\",\"position\":1,\"name\":\"Trang ch\u1ee7\",\"item\":\"https:\/\/maison-chance.org\/shop\/fr\"},{\"@type\":\"ListItem\",\"position\":2,\"name\":\"Boutique\",\"item\":\"https:\/\/maison-chance.org\/shop\/shop\"},{\"@type\":\"ListItem\",\"position\":3,\"name\":\"Sac \u00e0 dos tortue\"}]},{\"@type\":\"WebSite\",\"@id\":\"https:\/\/maison-chance.org\/shop\/fr#website\",\"url\":\"https:\/\/maison-chance.org\/shop\/fr\",\"name\":\"Nh\u00e0 May M\u1eafn - Maison Chance\",\"description\":\"M\u1ecdi l\u1ee3i nhu\u1eadn thu v\u1ec1 t\u1eeb vi\u1ec7c b\u00e1n h\u00e0ng s\u1ebd tr\u00edch m\u1ed9t ph\u1ea7n \u0111\u1ec3 ch\u0103m lo cho \u0111\u1eddi s\u1ed1ng c\u00e1c b\u1ea1n khuy\u1ebft t\u1eadt v\u00e0 tr\u1ebb m\u1ed3 c\u00f4i \u1edf \u0111\u00e2y\",\"publisher\":{\"@id\":\"https:\/\/maison-chance.org\/shop\/fr#organization\"},\"potentialAction\":[{\"@type\":\"SearchAction\",\"target\":{\"@type\":\"EntryPoint\",\"urlTemplate\":\"https:\/\/maison-chance.org\/shop\/fr?s={search_term_string}\"},\"query-input\":{\"@type\":\"PropertyValueSpecification\",\"valueRequired\":true,\"valueName\":\"search_term_string\"}}],\"inLanguage\":\"fr-FR\"},{\"@type\":\"Organization\",\"@id\":\"https:\/\/maison-chance.org\/shop\/fr#organization\",\"name\":\"Nh\u00e0 May M\u1eafn - Maison Chance\",\"url\":\"https:\/\/maison-chance.org\/shop\/fr\",\"logo\":{\"@type\":\"ImageObject\",\"inLanguage\":\"fr-FR\",\"@id\":\"https:\/\/maison-chance.org\/shop\/fr#\/schema\/logo\/image\/\",\"url\":\"https:\/\/maison-chance.org\/shop\/wp-content\/uploads\/2024\/03\/cropped-Logo_DNXH.png\",\"contentUrl\":\"https:\/\/maison-chance.org\/shop\/wp-content\/uploads\/2024\/03\/cropped-Logo_DNXH.png\",\"width\":512,\"height\":512,\"caption\":\"Nh\u00e0 May M\u1eafn - Maison Chance\"},\"image\":{\"@id\":\"https:\/\/maison-chance.org\/shop\/fr#\/schema\/logo\/image\/\"},\"sameAs\":[\"https:\/\/www.facebook.com\/dnxh.nhamayman\/\"]}]}<\/script>\n<meta property=\"product:price:amount\" content=\"6.44\" \/>\n<meta property=\"product:price:currency\" content=\"EUR\" \/>\n<meta property=\"og:availability\" content=\"instock\" \/>\n<meta property=\"product:availability\" content=\"instock\" \/>\n<meta property=\"product:condition\" content=\"new\" \/>\n<!-- \/ Yoast SEO Premium plugin. -->","yoast_head_json":{"title":"Sac \u00e0 dos tortue - Nh\u00e0 May M\u1eafn - Maison Chance","description":"Le sac \u00e0 dos tortue s\u00e9duit non seulement par son design unique inspir\u00e9 de l'image d'une tortue, mais aussi par son tissu de brocart vietnamien distinctif","robots":{"index":"index","follow":"follow","max-snippet":"max-snippet:-1","max-image-preview":"max-image-preview:large","max-video-preview":"max-video-preview:-1"},"canonical":"https:\/\/maison-chance.org\/shop\/fr\/produit\/sac-a-dos-tortue","og_locale":"fr_FR","og_type":"article","og_title":"Sac \u00e0 dos tortue","og_description":"Le sac \u00e0 dos tortue s\u00e9duit non seulement par son design unique inspir\u00e9 de l'image d'une tortue, mais aussi par son tissu de brocart vietnamien distinctif","og_url":"https:\/\/maison-chance.org\/shop\/fr\/produit\/sac-a-dos-tortue","og_site_name":"Nh\u00e0 May M\u1eafn - Maison Chance","article_publisher":"https:\/\/www.facebook.com\/dnxh.nhamayman\/","article_modified_time":"2024-11-08T03:58:05+00:00","og_image":[{"width":600,"height":600,"url":"https:\/\/maison-chance.org\/shop\/wp-content\/uploads\/2024\/04\/ba-lo-con-rua-1.jpg","type":"image\/jpeg"}],"twitter_card":"summary_large_image","twitter_misc":{"Prix":"&euro;6.44","Disponibilit\u00e9":"En stock"},"schema":{"@context":"https:\/\/schema.org","@graph":[{"@type":"WebPage","@id":"https:\/\/maison-chance.org\/shop\/fr\/produit\/sac-a-dos-tortue","url":"https:\/\/maison-chance.org\/shop\/fr\/produit\/sac-a-dos-tortue","name":"Sac \u00e0 dos tortue - Nh\u00e0 May M\u1eafn - Maison Chance","isPartOf":{"@id":"https:\/\/maison-chance.org\/shop\/fr#website"},"primaryImageOfPage":{"@id":"https:\/\/maison-chance.org\/shop\/fr\/produit\/sac-a-dos-tortue#primaryimage"},"image":{"@id":"https:\/\/maison-chance.org\/shop\/fr\/produit\/sac-a-dos-tortue#primaryimage"},"thumbnailUrl":"https:\/\/maison-chance.org\/shop\/wp-content\/uploads\/2024\/04\/ba-lo-con-rua-1.jpg","datePublished":"2024-04-03T02:53:34+00:00","dateModified":"2024-11-08T03:58:05+00:00","description":"Le sac \u00e0 dos tortue s\u00e9duit non seulement par son design unique inspir\u00e9 de l'image d'une tortue, mais aussi par son tissu de brocart vietnamien distinctif","breadcrumb":{"@id":"https:\/\/maison-chance.org\/shop\/fr\/produit\/sac-a-dos-tortue#breadcrumb"},"inLanguage":"fr-FR","potentialAction":[{"@type":"ReadAction","target":["https:\/\/maison-chance.org\/shop\/fr\/produit\/sac-a-dos-tortue"]}]},{"@type":"ImageObject","inLanguage":"fr-FR","@id":"https:\/\/maison-chance.org\/shop\/fr\/produit\/sac-a-dos-tortue#primaryimage","url":"https:\/\/maison-chance.org\/shop\/wp-content\/uploads\/2024\/04\/ba-lo-con-rua-1.jpg","contentUrl":"https:\/\/maison-chance.org\/shop\/wp-content\/uploads\/2024\/04\/ba-lo-con-rua-1.jpg","width":600,"height":600,"caption":"Sac \u00e0 dos tortue"},{"@type":"BreadcrumbList","@id":"https:\/\/maison-chance.org\/shop\/fr\/produit\/sac-a-dos-tortue#breadcrumb","itemListElement":[{"@type":"ListItem","position":1,"name":"Trang ch\u1ee7","item":"https:\/\/maison-chance.org\/shop\/fr"},{"@type":"ListItem","position":2,"name":"Boutique","item":"https:\/\/maison-chance.org\/shop\/shop"},{"@type":"ListItem","position":3,"name":"Sac \u00e0 dos tortue"}]},{"@type":"WebSite","@id":"https:\/\/maison-chance.org\/shop\/fr#website","url":"https:\/\/maison-chance.org\/shop\/fr","name":"Nh\u00e0 May M\u1eafn - Maison Chance","description":"M\u1ecdi l\u1ee3i nhu\u1eadn thu v\u1ec1 t\u1eeb vi\u1ec7c b\u00e1n h\u00e0ng s\u1ebd tr\u00edch m\u1ed9t ph\u1ea7n \u0111\u1ec3 ch\u0103m lo cho \u0111\u1eddi s\u1ed1ng c\u00e1c b\u1ea1n khuy\u1ebft t\u1eadt v\u00e0 tr\u1ebb m\u1ed3 c\u00f4i \u1edf \u0111\u00e2y","publisher":{"@id":"https:\/\/maison-chance.org\/shop\/fr#organization"},"potentialAction":[{"@type":"SearchAction","target":{"@type":"EntryPoint","urlTemplate":"https:\/\/maison-chance.org\/shop\/fr?s={search_term_string}"},"query-input":{"@type":"PropertyValueSpecification","valueRequired":true,"valueName":"search_term_string"}}],"inLanguage":"fr-FR"},{"@type":"Organization","@id":"https:\/\/maison-chance.org\/shop\/fr#organization","name":"Nh\u00e0 May M\u1eafn - Maison Chance","url":"https:\/\/maison-chance.org\/shop\/fr","logo":{"@type":"ImageObject","inLanguage":"fr-FR","@id":"https:\/\/maison-chance.org\/shop\/fr#\/schema\/logo\/image\/","url":"https:\/\/maison-chance.org\/shop\/wp-content\/uploads\/2024\/03\/cropped-Logo_DNXH.png","contentUrl":"https:\/\/maison-chance.org\/shop\/wp-content\/uploads\/2024\/03\/cropped-Logo_DNXH.png","width":512,"height":512,"caption":"Nh\u00e0 May M\u1eafn - Maison Chance"},"image":{"@id":"https:\/\/maison-chance.org\/shop\/fr#\/schema\/logo\/image\/"},"sameAs":["https:\/\/www.facebook.com\/dnxh.nhamayman\/"]}]},"product_price_amount":"6.44","product_price_currency":"EUR","og_availability":"instock","product_availability":"instock","product_condition":"new"},"_links":{"self":[{"href":"https:\/\/maison-chance.org\/shop\/fr\/wp-json\/wp\/v2\/product\/40191","targetHints":{"allow":["GET"]}}],"collection":[{"href":"https:\/\/maison-chance.org\/shop\/fr\/wp-json\/wp\/v2\/product"}],"about":[{"href":"https:\/\/maison-chance.org\/shop\/fr\/wp-json\/wp\/v2\/types\/product"}],"wp:featuredmedia":[{"embeddable":true,"href":"https:\/\/maison-chance.org\/shop\/fr\/wp-json\/wp\/v2\/media\/40180"}],"wp:attachment":[{"href":"https:\/\/maison-chance.org\/shop\/fr\/wp-json\/wp\/v2\/media?parent=40191"}],"wp:term":[{"taxonomy":"product_brand","embeddable":true,"href":"https:\/\/maison-chance.org\/shop\/fr\/wp-json\/wp\/v2\/product_brand?post=40191"},{"taxonomy":"product_cat","embeddable":true,"href":"https:\/\/maison-chance.org\/shop\/fr\/wp-json\/wp\/v2\/product_cat?post=40191"},{"taxonomy":"product_tag","embeddable":true,"href":"https:\/\/maison-chance.org\/shop\/fr\/wp-json\/wp\/v2\/product_tag?post=40191"}],"curies":[{"name":"wp","href":"https:\/\/api.w.org\/{rel}","templated":true}]}}