{"id":40214,"date":"2024-07-04T02:11:45","date_gmt":"2024-07-03T19:11:45","guid":{"rendered":"https:\/\/maison-chance.org\/shop\/san-pham\/sac-a-dos-etudiant"},"modified":"2024-11-08T10:06:25","modified_gmt":"2024-11-08T03:06:25","slug":"sac-a-dos-etudiant","status":"publish","type":"product","link":"https:\/\/maison-chance.org\/shop\/fr\/produit\/sac-a-dos-etudiant","title":{"rendered":"Sac \u00e0 dos \u00e9tudiant"},"content":{"rendered":"<p style=\"text-align: justify;\">Le cartable TC04BL de Maison Chance &#8211; un produit artisanal exquis \u00e0 forte identit\u00e9 vietnamienne sera le choix parfait pour vous !<\/p>\n<p style=\"text-align: justify;\">Le cartable est m\u00e9ticuleusement fabriqu\u00e9 \u00e0 la main par des couturiers handicap\u00e9s de Maison Chance, qui ont insuffl\u00e9 une \u00e2me dans chaque ligne et motif, transformant le sac \u00e0 dos en une \u0153uvre d&rsquo;art unique avec du tissu brocart. La combinaison de tissu kaki et de brocart traditionnel vietnamien avec une haute durabilit\u00e9 et des motifs distinctifs contribue \u00e0 la beaut\u00e9 unique du produit. Chaque point est soigneusement cousu, refl\u00e9tant le d\u00e9vouement et la passion des couturiers handicap\u00e9s.<\/p>\n<p style=\"text-align: justify;\">Taille adapt\u00e9e, usages polyvalents :<\/p>\n<p style=\"text-align: justify;\">Avec des dimensions de 33 x 34 cm, le TC04BL est un compagnon id\u00e9al pour les \u00e9l\u00e8ves du primaire et du coll\u00e8ge. Le sac \u00e0 dos dispose de compartiments spacieux, permettant aux \u00e9l\u00e8ves de transporter facilement livres, fournitures scolaires et de nombreux autres objets n\u00e9cessaires. Ce sac \u00e0 dos dispose \u00e9galement de nombreux petits compartiments int\u00e9rieurs pour que les \u00e9l\u00e8ves puissent organiser leurs affaires de mani\u00e8re ordonn\u00e9e et efficace.<\/p>\n<p style=\"text-align: justify;\">Le cartable TC04BL peut \u00eatre utilis\u00e9 \u00e0 diverses fins, notamment :<\/p>\n<p style=\"text-align: justify;\">&#8211; \u00c9cole : Le sac \u00e0 dos a une taille adapt\u00e9e aux \u00e9l\u00e8ves du primaire et du coll\u00e8ge, permettant aux enfants de transporter confortablement livres et fournitures scolaires.<\/p>\n<p style=\"text-align: justify;\">&#8211; Loisirs : Le sac \u00e0 dos a un design dynamique et jeune, adapt\u00e9 aux sorties des enfants, aux activit\u00e9s parascolaires et aux courts voyages. Offrant un maximum de commodit\u00e9.<\/p>\n<p style=\"text-align: justify;\">Lorsque vous achetez le cartable TC04BL, vous ne poss\u00e9dez pas seulement un produit unique et de qualit\u00e9, mais vous contribuez \u00e9galement \u00e0 r\u00e9pandre l&rsquo;amour et \u00e0 soutenir la communaut\u00e9 des personnes handicap\u00e9es.<\/p>\n<p style=\"text-align: justify;\">Joignons-nous \u00e0 <a href=\"https:\/\/maison-chance.org\/shop\">Maison Chance<\/a> pour r\u00e9pandre l&rsquo;amour et faire la diff\u00e9rence !<\/p>\n","protected":false},"excerpt":{"rendered":"<p style=\"text-align: justify;\">Ce produit est fabriqu\u00e9 \u00e0 la main par nos amis handicap\u00e9s moins chanceux. Nous vous prions de bien vouloir nous accorder votre soutien.<\/p>\n<p>Mat\u00e9riau : Toile + brocart<\/p>\n<p>Code : TC04BL<\/p>\n<p>Dimensions : 33 x 34 cm<\/p>\n<p>Hotline : <span style=\"font-size: 20px;\"><strong><span style=\"color: #ff0000;\">0909 06 25 28<\/span><\/strong><\/span><\/p>\n<p style=\"text-align: justify;\">Si vous \u00eates au Vietnam, veuillez nous contacter via notre hotline ou la page fan de l&rsquo;entreprise Lucky House pour conna\u00eetre le prix au Vietnam.<\/p>\n","protected":false},"featured_media":40202,"template":"","meta":[],"product_brand":[],"product_cat":[231,234],"product_tag":[],"class_list":{"0":"post-40214","1":"product","2":"type-product","3":"status-publish","4":"has-post-thumbnail","6":"product_cat-atelier-de-couture","7":"product_cat-sac-a-dos-atelier-de-couture","9":"first","10":"instock","11":"shipping-taxable","12":"purchasable","13":"product-type-simple"},"yoast_head":"<!-- This site is optimized with the Yoast SEO Premium plugin v22.7 (Yoast SEO v25.3.1) - https:\/\/yoast.com\/wordpress\/plugins\/seo\/ -->\n<title>Sac \u00e0 dos \u00e9tudiant - Nh\u00e0 May M\u1eafn - Maison Chance<\/title>\n<meta name=\"description\" content=\"Le sac \u00e0 dos \u00e9tudiant TC04BL de Lucky House, un produit fabriqu\u00e9 \u00e0 la main par des personnes handicap\u00e9es, confectionn\u00e9 avec soin et portant une forte identit\u00e9 vietnamienne, sera le choix parfait pour vous\" \/>\n<meta name=\"robots\" content=\"index, follow, max-snippet:-1, max-image-preview:large, max-video-preview:-1\" \/>\n<link rel=\"canonical\" href=\"https:\/\/maison-chance.org\/shop\/fr\/produit\/sac-a-dos-etudiant\" \/>\n<meta property=\"og:locale\" content=\"fr_FR\" \/>\n<meta property=\"og:type\" content=\"article\" \/>\n<meta property=\"og:title\" content=\"Sac \u00e0 dos \u00e9tudiant\" \/>\n<meta property=\"og:description\" content=\"Le sac \u00e0 dos \u00e9tudiant TC04BL de Lucky House, un produit fabriqu\u00e9 \u00e0 la main par des personnes handicap\u00e9es, confectionn\u00e9 avec soin et portant une forte identit\u00e9 vietnamienne, sera le choix parfait pour vous\" \/>\n<meta property=\"og:url\" content=\"https:\/\/maison-chance.org\/shop\/fr\/produit\/sac-a-dos-etudiant\" \/>\n<meta property=\"og:site_name\" content=\"Nh\u00e0 May M\u1eafn - Maison Chance\" \/>\n<meta property=\"article:publisher\" content=\"https:\/\/www.facebook.com\/dnxh.nhamayman\/\" \/>\n<meta property=\"article:modified_time\" content=\"2024-11-08T03:06:25+00:00\" \/>\n<meta property=\"og:image\" content=\"https:\/\/maison-chance.org\/shop\/wp-content\/uploads\/2024\/07\/ba-lo-hoc-sinh-1.jpg\" \/>\n\t<meta property=\"og:image:width\" content=\"600\" \/>\n\t<meta property=\"og:image:height\" content=\"600\" \/>\n\t<meta property=\"og:image:type\" content=\"image\/jpeg\" \/>\n<meta name=\"twitter:card\" content=\"summary_large_image\" \/>\n<meta name=\"twitter:label1\" content=\"Prix\" \/>\n\t<meta name=\"twitter:data1\" content=\"&euro;6.44\" \/>\n\t<meta name=\"twitter:label2\" content=\"Disponibilit\u00e9\" \/>\n\t<meta name=\"twitter:data2\" content=\"En stock\" \/>\n<script type=\"application\/ld+json\" class=\"yoast-schema-graph\">{\"@context\":\"https:\/\/schema.org\",\"@graph\":[{\"@type\":\"WebPage\",\"@id\":\"https:\/\/maison-chance.org\/shop\/fr\/produit\/sac-a-dos-etudiant\",\"url\":\"https:\/\/maison-chance.org\/shop\/fr\/produit\/sac-a-dos-etudiant\",\"name\":\"Sac \u00e0 dos \u00e9tudiant - Nh\u00e0 May M\u1eafn - Maison Chance\",\"isPartOf\":{\"@id\":\"https:\/\/maison-chance.org\/shop\/fr#website\"},\"primaryImageOfPage\":{\"@id\":\"https:\/\/maison-chance.org\/shop\/fr\/produit\/sac-a-dos-etudiant#primaryimage\"},\"image\":{\"@id\":\"https:\/\/maison-chance.org\/shop\/fr\/produit\/sac-a-dos-etudiant#primaryimage\"},\"thumbnailUrl\":\"https:\/\/maison-chance.org\/shop\/wp-content\/uploads\/2024\/07\/ba-lo-hoc-sinh-1.jpg\",\"datePublished\":\"2024-07-03T19:11:45+00:00\",\"dateModified\":\"2024-11-08T03:06:25+00:00\",\"description\":\"Le sac \u00e0 dos \u00e9tudiant TC04BL de Lucky House, un produit fabriqu\u00e9 \u00e0 la main par des personnes handicap\u00e9es, confectionn\u00e9 avec soin et portant une forte identit\u00e9 vietnamienne, sera le choix parfait pour vous\",\"breadcrumb\":{\"@id\":\"https:\/\/maison-chance.org\/shop\/fr\/produit\/sac-a-dos-etudiant#breadcrumb\"},\"inLanguage\":\"fr-FR\",\"potentialAction\":[{\"@type\":\"ReadAction\",\"target\":[\"https:\/\/maison-chance.org\/shop\/fr\/produit\/sac-a-dos-etudiant\"]}]},{\"@type\":\"ImageObject\",\"inLanguage\":\"fr-FR\",\"@id\":\"https:\/\/maison-chance.org\/shop\/fr\/produit\/sac-a-dos-etudiant#primaryimage\",\"url\":\"https:\/\/maison-chance.org\/shop\/wp-content\/uploads\/2024\/07\/ba-lo-hoc-sinh-1.jpg\",\"contentUrl\":\"https:\/\/maison-chance.org\/shop\/wp-content\/uploads\/2024\/07\/ba-lo-hoc-sinh-1.jpg\",\"width\":600,\"height\":600,\"caption\":\"Sac \u00e0 dos \u00e9tudiant\"},{\"@type\":\"BreadcrumbList\",\"@id\":\"https:\/\/maison-chance.org\/shop\/fr\/produit\/sac-a-dos-etudiant#breadcrumb\",\"itemListElement\":[{\"@type\":\"ListItem\",\"position\":1,\"name\":\"Trang ch\u1ee7\",\"item\":\"https:\/\/maison-chance.org\/shop\/fr\"},{\"@type\":\"ListItem\",\"position\":2,\"name\":\"Boutique\",\"item\":\"https:\/\/maison-chance.org\/shop\/shop\"},{\"@type\":\"ListItem\",\"position\":3,\"name\":\"Sac \u00e0 dos \u00e9tudiant\"}]},{\"@type\":\"WebSite\",\"@id\":\"https:\/\/maison-chance.org\/shop\/fr#website\",\"url\":\"https:\/\/maison-chance.org\/shop\/fr\",\"name\":\"Nh\u00e0 May M\u1eafn - Maison Chance\",\"description\":\"M\u1ecdi l\u1ee3i nhu\u1eadn thu v\u1ec1 t\u1eeb vi\u1ec7c b\u00e1n h\u00e0ng s\u1ebd tr\u00edch m\u1ed9t ph\u1ea7n \u0111\u1ec3 ch\u0103m lo cho \u0111\u1eddi s\u1ed1ng c\u00e1c b\u1ea1n khuy\u1ebft t\u1eadt v\u00e0 tr\u1ebb m\u1ed3 c\u00f4i \u1edf \u0111\u00e2y\",\"publisher\":{\"@id\":\"https:\/\/maison-chance.org\/shop\/fr#organization\"},\"potentialAction\":[{\"@type\":\"SearchAction\",\"target\":{\"@type\":\"EntryPoint\",\"urlTemplate\":\"https:\/\/maison-chance.org\/shop\/fr?s={search_term_string}\"},\"query-input\":{\"@type\":\"PropertyValueSpecification\",\"valueRequired\":true,\"valueName\":\"search_term_string\"}}],\"inLanguage\":\"fr-FR\"},{\"@type\":\"Organization\",\"@id\":\"https:\/\/maison-chance.org\/shop\/fr#organization\",\"name\":\"Nh\u00e0 May M\u1eafn - Maison Chance\",\"url\":\"https:\/\/maison-chance.org\/shop\/fr\",\"logo\":{\"@type\":\"ImageObject\",\"inLanguage\":\"fr-FR\",\"@id\":\"https:\/\/maison-chance.org\/shop\/fr#\/schema\/logo\/image\/\",\"url\":\"https:\/\/maison-chance.org\/shop\/wp-content\/uploads\/2024\/03\/cropped-Logo_DNXH.png\",\"contentUrl\":\"https:\/\/maison-chance.org\/shop\/wp-content\/uploads\/2024\/03\/cropped-Logo_DNXH.png\",\"width\":512,\"height\":512,\"caption\":\"Nh\u00e0 May M\u1eafn - Maison Chance\"},\"image\":{\"@id\":\"https:\/\/maison-chance.org\/shop\/fr#\/schema\/logo\/image\/\"},\"sameAs\":[\"https:\/\/www.facebook.com\/dnxh.nhamayman\/\"]}]}<\/script>\n<meta property=\"product:price:amount\" content=\"6.44\" \/>\n<meta property=\"product:price:currency\" content=\"EUR\" \/>\n<meta property=\"og:availability\" content=\"instock\" \/>\n<meta property=\"product:availability\" content=\"instock\" \/>\n<meta property=\"product:condition\" content=\"new\" \/>\n<!-- \/ Yoast SEO Premium plugin. -->","yoast_head_json":{"title":"Sac \u00e0 dos \u00e9tudiant - Nh\u00e0 May M\u1eafn - Maison Chance","description":"Le sac \u00e0 dos \u00e9tudiant TC04BL de Lucky House, un produit fabriqu\u00e9 \u00e0 la main par des personnes handicap\u00e9es, confectionn\u00e9 avec soin et portant une forte identit\u00e9 vietnamienne, sera le choix parfait pour vous","robots":{"index":"index","follow":"follow","max-snippet":"max-snippet:-1","max-image-preview":"max-image-preview:large","max-video-preview":"max-video-preview:-1"},"canonical":"https:\/\/maison-chance.org\/shop\/fr\/produit\/sac-a-dos-etudiant","og_locale":"fr_FR","og_type":"article","og_title":"Sac \u00e0 dos \u00e9tudiant","og_description":"Le sac \u00e0 dos \u00e9tudiant TC04BL de Lucky House, un produit fabriqu\u00e9 \u00e0 la main par des personnes handicap\u00e9es, confectionn\u00e9 avec soin et portant une forte identit\u00e9 vietnamienne, sera le choix parfait pour vous","og_url":"https:\/\/maison-chance.org\/shop\/fr\/produit\/sac-a-dos-etudiant","og_site_name":"Nh\u00e0 May M\u1eafn - Maison Chance","article_publisher":"https:\/\/www.facebook.com\/dnxh.nhamayman\/","article_modified_time":"2024-11-08T03:06:25+00:00","og_image":[{"width":600,"height":600,"url":"https:\/\/maison-chance.org\/shop\/wp-content\/uploads\/2024\/07\/ba-lo-hoc-sinh-1.jpg","type":"image\/jpeg"}],"twitter_card":"summary_large_image","twitter_misc":{"Prix":"&euro;6.44","Disponibilit\u00e9":"En stock"},"schema":{"@context":"https:\/\/schema.org","@graph":[{"@type":"WebPage","@id":"https:\/\/maison-chance.org\/shop\/fr\/produit\/sac-a-dos-etudiant","url":"https:\/\/maison-chance.org\/shop\/fr\/produit\/sac-a-dos-etudiant","name":"Sac \u00e0 dos \u00e9tudiant - Nh\u00e0 May M\u1eafn - Maison Chance","isPartOf":{"@id":"https:\/\/maison-chance.org\/shop\/fr#website"},"primaryImageOfPage":{"@id":"https:\/\/maison-chance.org\/shop\/fr\/produit\/sac-a-dos-etudiant#primaryimage"},"image":{"@id":"https:\/\/maison-chance.org\/shop\/fr\/produit\/sac-a-dos-etudiant#primaryimage"},"thumbnailUrl":"https:\/\/maison-chance.org\/shop\/wp-content\/uploads\/2024\/07\/ba-lo-hoc-sinh-1.jpg","datePublished":"2024-07-03T19:11:45+00:00","dateModified":"2024-11-08T03:06:25+00:00","description":"Le sac \u00e0 dos \u00e9tudiant TC04BL de Lucky House, un produit fabriqu\u00e9 \u00e0 la main par des personnes handicap\u00e9es, confectionn\u00e9 avec soin et portant une forte identit\u00e9 vietnamienne, sera le choix parfait pour vous","breadcrumb":{"@id":"https:\/\/maison-chance.org\/shop\/fr\/produit\/sac-a-dos-etudiant#breadcrumb"},"inLanguage":"fr-FR","potentialAction":[{"@type":"ReadAction","target":["https:\/\/maison-chance.org\/shop\/fr\/produit\/sac-a-dos-etudiant"]}]},{"@type":"ImageObject","inLanguage":"fr-FR","@id":"https:\/\/maison-chance.org\/shop\/fr\/produit\/sac-a-dos-etudiant#primaryimage","url":"https:\/\/maison-chance.org\/shop\/wp-content\/uploads\/2024\/07\/ba-lo-hoc-sinh-1.jpg","contentUrl":"https:\/\/maison-chance.org\/shop\/wp-content\/uploads\/2024\/07\/ba-lo-hoc-sinh-1.jpg","width":600,"height":600,"caption":"Sac \u00e0 dos \u00e9tudiant"},{"@type":"BreadcrumbList","@id":"https:\/\/maison-chance.org\/shop\/fr\/produit\/sac-a-dos-etudiant#breadcrumb","itemListElement":[{"@type":"ListItem","position":1,"name":"Trang ch\u1ee7","item":"https:\/\/maison-chance.org\/shop\/fr"},{"@type":"ListItem","position":2,"name":"Boutique","item":"https:\/\/maison-chance.org\/shop\/shop"},{"@type":"ListItem","position":3,"name":"Sac \u00e0 dos \u00e9tudiant"}]},{"@type":"WebSite","@id":"https:\/\/maison-chance.org\/shop\/fr#website","url":"https:\/\/maison-chance.org\/shop\/fr","name":"Nh\u00e0 May M\u1eafn - Maison Chance","description":"M\u1ecdi l\u1ee3i nhu\u1eadn thu v\u1ec1 t\u1eeb vi\u1ec7c b\u00e1n h\u00e0ng s\u1ebd tr\u00edch m\u1ed9t ph\u1ea7n \u0111\u1ec3 ch\u0103m lo cho \u0111\u1eddi s\u1ed1ng c\u00e1c b\u1ea1n khuy\u1ebft t\u1eadt v\u00e0 tr\u1ebb m\u1ed3 c\u00f4i \u1edf \u0111\u00e2y","publisher":{"@id":"https:\/\/maison-chance.org\/shop\/fr#organization"},"potentialAction":[{"@type":"SearchAction","target":{"@type":"EntryPoint","urlTemplate":"https:\/\/maison-chance.org\/shop\/fr?s={search_term_string}"},"query-input":{"@type":"PropertyValueSpecification","valueRequired":true,"valueName":"search_term_string"}}],"inLanguage":"fr-FR"},{"@type":"Organization","@id":"https:\/\/maison-chance.org\/shop\/fr#organization","name":"Nh\u00e0 May M\u1eafn - Maison Chance","url":"https:\/\/maison-chance.org\/shop\/fr","logo":{"@type":"ImageObject","inLanguage":"fr-FR","@id":"https:\/\/maison-chance.org\/shop\/fr#\/schema\/logo\/image\/","url":"https:\/\/maison-chance.org\/shop\/wp-content\/uploads\/2024\/03\/cropped-Logo_DNXH.png","contentUrl":"https:\/\/maison-chance.org\/shop\/wp-content\/uploads\/2024\/03\/cropped-Logo_DNXH.png","width":512,"height":512,"caption":"Nh\u00e0 May M\u1eafn - Maison Chance"},"image":{"@id":"https:\/\/maison-chance.org\/shop\/fr#\/schema\/logo\/image\/"},"sameAs":["https:\/\/www.facebook.com\/dnxh.nhamayman\/"]}]},"product_price_amount":"6.44","product_price_currency":"EUR","og_availability":"instock","product_availability":"instock","product_condition":"new"},"_links":{"self":[{"href":"https:\/\/maison-chance.org\/shop\/fr\/wp-json\/wp\/v2\/product\/40214","targetHints":{"allow":["GET"]}}],"collection":[{"href":"https:\/\/maison-chance.org\/shop\/fr\/wp-json\/wp\/v2\/product"}],"about":[{"href":"https:\/\/maison-chance.org\/shop\/fr\/wp-json\/wp\/v2\/types\/product"}],"wp:featuredmedia":[{"embeddable":true,"href":"https:\/\/maison-chance.org\/shop\/fr\/wp-json\/wp\/v2\/media\/40202"}],"wp:attachment":[{"href":"https:\/\/maison-chance.org\/shop\/fr\/wp-json\/wp\/v2\/media?parent=40214"}],"wp:term":[{"taxonomy":"product_brand","embeddable":true,"href":"https:\/\/maison-chance.org\/shop\/fr\/wp-json\/wp\/v2\/product_brand?post=40214"},{"taxonomy":"product_cat","embeddable":true,"href":"https:\/\/maison-chance.org\/shop\/fr\/wp-json\/wp\/v2\/product_cat?post=40214"},{"taxonomy":"product_tag","embeddable":true,"href":"https:\/\/maison-chance.org\/shop\/fr\/wp-json\/wp\/v2\/product_tag?post=40214"}],"curies":[{"name":"wp","href":"https:\/\/api.w.org\/{rel}","templated":true}]}}