{"id":40223,"date":"2024-07-04T02:54:27","date_gmt":"2024-07-03T19:54:27","guid":{"rendered":"https:\/\/maison-chance.org\/shop\/san-pham\/sac-a-dos-pingouin"},"modified":"2024-11-08T10:00:15","modified_gmt":"2024-11-08T03:00:15","slug":"sac-a-dos-pingouin","status":"publish","type":"product","link":"https:\/\/maison-chance.org\/shop\/fr\/produit\/sac-a-dos-pingouin","title":{"rendered":"Sac \u00e0 dos Pingouin"},"content":{"rendered":"<p style=\"text-align: justify;\">\u00c0 l&rsquo;\u00e8re du num\u00e9rique en pleine expansion, le besoin de poss\u00e9der un sac \u00e0 dos \u00e0 la fois de haute qualit\u00e9, pratique et refl\u00e9tant un style personnel est essentiel pour tous. Le sac \u00e0 dos pingouin de Maison Chance a \u00e9t\u00e9 cr\u00e9\u00e9 pour r\u00e9pondre \u00e0 ces crit\u00e8res tout en transmettant un message humanitaire profond sur l&rsquo;attention, le partage et le soutien aux personnes handicap\u00e9es &#8211; celles qui ont surmont\u00e9 des d\u00e9fis pour livrer des produits de qualit\u00e9 et durables.<\/p>\n<p style=\"text-align: justify;\">Le sac \u00e0 dos pingouin est fabriqu\u00e9 \u00e0 la main par des artisans handicap\u00e9s \u00e0 Maison Chance. Chaque couture et point est soigneusement r\u00e9alis\u00e9, d\u00e9montrant le d\u00e9vouement et l&rsquo;amour sans bornes des artisans ici.<\/p>\n<p style=\"text-align: justify;\">Le sac \u00e0 dos pingouin est fabriqu\u00e9 en tissu tha\u00eflandais de premi\u00e8re qualit\u00e9, doux et durable. Ce mat\u00e9riau pr\u00e9sente une bonne r\u00e9sistance \u00e0 l&rsquo;eau, permettant de prot\u00e9ger le contenu en toute s\u00e9curit\u00e9 dans toutes les conditions m\u00e9t\u00e9orologiques.<\/p>\n<p style=\"text-align: justify;\">Le sac \u00e0 dos mesure 30 x 45 cm, adapt\u00e9 pour transporter des livres, des fournitures scolaires ou des effets personnels pour l&rsquo;\u00e9cole ou les sorties. Le design mignon et original du pingouin combin\u00e9 aux couleurs noir et blanc modernes vous fera vous d\u00e9marquer dans la foule.<\/p>\n<p style=\"text-align: justify;\">Le sac \u00e0 dos pingouin est propos\u00e9 \u00e0 un prix raisonnable, abordable pour de nombreux consommateurs, en particulier les \u00e9tudiants.<\/p>\n<p style=\"text-align: justify;\">Le sac \u00e0 dos pingouin n&rsquo;est pas qu&rsquo;un simple objet ordinaire mais porte une valeur humanitaire profonde. En poss\u00e9dant ce sac \u00e0 dos, vous avez non seulement un beau compagnon mais contribuez \u00e9galement \u00e0 soutenir les artisans handicap\u00e9s pour qu&rsquo;ils aient des opportunit\u00e9s d&rsquo;apprentissage et de travail, s&rsquo;int\u00e9grant \u00e0 la communaut\u00e9.<\/p>\n<p style=\"text-align: justify;\">Le sac \u00e0 dos pingouin peut \u00eatre utilis\u00e9 \u00e0 diverses fins telles que :<\/p>\n<p>&#8211; Transport de livres et fournitures scolaires<\/p>\n<p style=\"text-align: justify;\">&#8211; Transport d&rsquo;effets personnels pour l&rsquo;\u00e9cole ou les sorties<\/p>\n<p style=\"text-align: justify;\">&#8211; Comme cadeau pour les enfants et amis<\/p>\n<p style=\"text-align: justify;\">&#8211; Comme objet d\u00e9coratif unique<\/p>\n<p style=\"text-align: justify;\">Joignez-vous au soutien des artisans handicap\u00e9s de Maison Chance en achetant un sac \u00e0 dos pingouin aujourd&rsquo;hui ! Avec chaque produit vendu, <a href=\"https:\/\/maison-chance.org\/shop\">Maison Chance<\/a> disposera de fonds suppl\u00e9mentaires pour maintenir ses op\u00e9rations et soutenir les artisans handicap\u00e9s pour qu&rsquo;ils aient une meilleure vie.<\/p>\n","protected":false},"excerpt":{"rendered":"<p style=\"text-align: justify;\">Ce produit est fabriqu\u00e9 \u00e0 la main par nos amis handicap\u00e9s moins chanceux. Nous sollicitons humblement votre soutien.<\/p>\n<p>Mat\u00e9riau : Tissu tha\u00eflandais<\/p>\n<p>Code : TH03BL<\/p>\n<p>Dimensions : 30 x 45 cm<\/p>\n<p>Hotline : <span style=\"font-size: 20px;\"><strong><span style=\"color: #ff0000;\">0909 06 25 28<\/span><\/strong><\/span><\/p>\n<p style=\"text-align: justify;\">Si vous \u00eates au Vietnam, veuillez nous contacter via notre hotline ou la page fan de l&rsquo;entreprise Lucky House pour conna\u00eetre le prix au Vietnam.<\/p>\n","protected":false},"featured_media":40219,"template":"","meta":[],"product_brand":[],"product_cat":[231,234],"product_tag":[],"class_list":{"0":"post-40223","1":"product","2":"type-product","3":"status-publish","4":"has-post-thumbnail","6":"product_cat-atelier-de-couture","7":"product_cat-sac-a-dos-atelier-de-couture","9":"first","10":"instock","11":"shipping-taxable","12":"purchasable","13":"product-type-simple"},"yoast_head":"<!-- This site is optimized with the Yoast SEO Premium plugin v22.7 (Yoast SEO v25.3.1) - https:\/\/yoast.com\/wordpress\/plugins\/seo\/ -->\n<title>Sac \u00e0 dos Pingouin - Nh\u00e0 May M\u1eafn - Maison Chance<\/title>\n<meta name=\"description\" content=\"Le Sac \u00e0 dos Pingouin est un produit fabriqu\u00e9 \u00e0 la main par des artisans handicap\u00e9s chez Lucky House. Chaque couture et point de broderie est soigneusement r\u00e9alis\u00e9\" \/>\n<meta name=\"robots\" content=\"index, follow, max-snippet:-1, max-image-preview:large, max-video-preview:-1\" \/>\n<link rel=\"canonical\" href=\"https:\/\/maison-chance.org\/shop\/fr\/produit\/sac-a-dos-pingouin\" \/>\n<meta property=\"og:locale\" content=\"fr_FR\" \/>\n<meta property=\"og:type\" content=\"article\" \/>\n<meta property=\"og:title\" content=\"Sac \u00e0 dos Pingouin\" \/>\n<meta property=\"og:description\" content=\"Le Sac \u00e0 dos Pingouin est un produit fabriqu\u00e9 \u00e0 la main par des artisans handicap\u00e9s chez Lucky House. Chaque couture et point de broderie est soigneusement r\u00e9alis\u00e9\" \/>\n<meta property=\"og:url\" content=\"https:\/\/maison-chance.org\/shop\/fr\/produit\/sac-a-dos-pingouin\" \/>\n<meta property=\"og:site_name\" content=\"Nh\u00e0 May M\u1eafn - Maison Chance\" \/>\n<meta property=\"article:publisher\" content=\"https:\/\/www.facebook.com\/dnxh.nhamayman\/\" \/>\n<meta property=\"article:modified_time\" content=\"2024-11-08T03:00:15+00:00\" \/>\n<meta property=\"og:image\" content=\"https:\/\/maison-chance.org\/shop\/wp-content\/uploads\/2024\/07\/ba-lo-chim-canh-cut-vai-thai.jpg\" \/>\n\t<meta property=\"og:image:width\" content=\"600\" \/>\n\t<meta property=\"og:image:height\" content=\"600\" \/>\n\t<meta property=\"og:image:type\" content=\"image\/jpeg\" \/>\n<meta name=\"twitter:card\" content=\"summary_large_image\" \/>\n<meta name=\"twitter:label1\" content=\"Prix\" \/>\n\t<meta name=\"twitter:data1\" content=\"&euro;13.62\" \/>\n\t<meta name=\"twitter:label2\" content=\"Disponibilit\u00e9\" \/>\n\t<meta name=\"twitter:data2\" content=\"En stock\" \/>\n<script type=\"application\/ld+json\" class=\"yoast-schema-graph\">{\"@context\":\"https:\/\/schema.org\",\"@graph\":[{\"@type\":\"WebPage\",\"@id\":\"https:\/\/maison-chance.org\/shop\/fr\/produit\/sac-a-dos-pingouin\",\"url\":\"https:\/\/maison-chance.org\/shop\/fr\/produit\/sac-a-dos-pingouin\",\"name\":\"Sac \u00e0 dos Pingouin - Nh\u00e0 May M\u1eafn - Maison Chance\",\"isPartOf\":{\"@id\":\"https:\/\/maison-chance.org\/shop\/fr#website\"},\"primaryImageOfPage\":{\"@id\":\"https:\/\/maison-chance.org\/shop\/fr\/produit\/sac-a-dos-pingouin#primaryimage\"},\"image\":{\"@id\":\"https:\/\/maison-chance.org\/shop\/fr\/produit\/sac-a-dos-pingouin#primaryimage\"},\"thumbnailUrl\":\"https:\/\/maison-chance.org\/shop\/wp-content\/uploads\/2024\/07\/ba-lo-chim-canh-cut-vai-thai.jpg\",\"datePublished\":\"2024-07-03T19:54:27+00:00\",\"dateModified\":\"2024-11-08T03:00:15+00:00\",\"description\":\"Le Sac \u00e0 dos Pingouin est un produit fabriqu\u00e9 \u00e0 la main par des artisans handicap\u00e9s chez Lucky House. Chaque couture et point de broderie est soigneusement r\u00e9alis\u00e9\",\"breadcrumb\":{\"@id\":\"https:\/\/maison-chance.org\/shop\/fr\/produit\/sac-a-dos-pingouin#breadcrumb\"},\"inLanguage\":\"fr-FR\",\"potentialAction\":[{\"@type\":\"ReadAction\",\"target\":[\"https:\/\/maison-chance.org\/shop\/fr\/produit\/sac-a-dos-pingouin\"]}]},{\"@type\":\"ImageObject\",\"inLanguage\":\"fr-FR\",\"@id\":\"https:\/\/maison-chance.org\/shop\/fr\/produit\/sac-a-dos-pingouin#primaryimage\",\"url\":\"https:\/\/maison-chance.org\/shop\/wp-content\/uploads\/2024\/07\/ba-lo-chim-canh-cut-vai-thai.jpg\",\"contentUrl\":\"https:\/\/maison-chance.org\/shop\/wp-content\/uploads\/2024\/07\/ba-lo-chim-canh-cut-vai-thai.jpg\",\"width\":600,\"height\":600,\"caption\":\"Sac \u00e0 dos Pingouin\"},{\"@type\":\"BreadcrumbList\",\"@id\":\"https:\/\/maison-chance.org\/shop\/fr\/produit\/sac-a-dos-pingouin#breadcrumb\",\"itemListElement\":[{\"@type\":\"ListItem\",\"position\":1,\"name\":\"Trang ch\u1ee7\",\"item\":\"https:\/\/maison-chance.org\/shop\/fr\"},{\"@type\":\"ListItem\",\"position\":2,\"name\":\"Boutique\",\"item\":\"https:\/\/maison-chance.org\/shop\/shop\"},{\"@type\":\"ListItem\",\"position\":3,\"name\":\"Sac \u00e0 dos Pingouin\"}]},{\"@type\":\"WebSite\",\"@id\":\"https:\/\/maison-chance.org\/shop\/fr#website\",\"url\":\"https:\/\/maison-chance.org\/shop\/fr\",\"name\":\"Nh\u00e0 May M\u1eafn - Maison Chance\",\"description\":\"M\u1ecdi l\u1ee3i nhu\u1eadn thu v\u1ec1 t\u1eeb vi\u1ec7c b\u00e1n h\u00e0ng s\u1ebd tr\u00edch m\u1ed9t ph\u1ea7n \u0111\u1ec3 ch\u0103m lo cho \u0111\u1eddi s\u1ed1ng c\u00e1c b\u1ea1n khuy\u1ebft t\u1eadt v\u00e0 tr\u1ebb m\u1ed3 c\u00f4i \u1edf \u0111\u00e2y\",\"publisher\":{\"@id\":\"https:\/\/maison-chance.org\/shop\/fr#organization\"},\"potentialAction\":[{\"@type\":\"SearchAction\",\"target\":{\"@type\":\"EntryPoint\",\"urlTemplate\":\"https:\/\/maison-chance.org\/shop\/fr?s={search_term_string}\"},\"query-input\":{\"@type\":\"PropertyValueSpecification\",\"valueRequired\":true,\"valueName\":\"search_term_string\"}}],\"inLanguage\":\"fr-FR\"},{\"@type\":\"Organization\",\"@id\":\"https:\/\/maison-chance.org\/shop\/fr#organization\",\"name\":\"Nh\u00e0 May M\u1eafn - Maison Chance\",\"url\":\"https:\/\/maison-chance.org\/shop\/fr\",\"logo\":{\"@type\":\"ImageObject\",\"inLanguage\":\"fr-FR\",\"@id\":\"https:\/\/maison-chance.org\/shop\/fr#\/schema\/logo\/image\/\",\"url\":\"https:\/\/maison-chance.org\/shop\/wp-content\/uploads\/2024\/03\/cropped-Logo_DNXH.png\",\"contentUrl\":\"https:\/\/maison-chance.org\/shop\/wp-content\/uploads\/2024\/03\/cropped-Logo_DNXH.png\",\"width\":512,\"height\":512,\"caption\":\"Nh\u00e0 May M\u1eafn - Maison Chance\"},\"image\":{\"@id\":\"https:\/\/maison-chance.org\/shop\/fr#\/schema\/logo\/image\/\"},\"sameAs\":[\"https:\/\/www.facebook.com\/dnxh.nhamayman\/\"]}]}<\/script>\n<meta property=\"product:price:amount\" content=\"13.62\" \/>\n<meta property=\"product:price:currency\" content=\"EUR\" \/>\n<meta property=\"og:availability\" content=\"instock\" \/>\n<meta property=\"product:availability\" content=\"instock\" \/>\n<meta property=\"product:condition\" content=\"new\" \/>\n<!-- \/ Yoast SEO Premium plugin. -->","yoast_head_json":{"title":"Sac \u00e0 dos Pingouin - Nh\u00e0 May M\u1eafn - Maison Chance","description":"Le Sac \u00e0 dos Pingouin est un produit fabriqu\u00e9 \u00e0 la main par des artisans handicap\u00e9s chez Lucky House. Chaque couture et point de broderie est soigneusement r\u00e9alis\u00e9","robots":{"index":"index","follow":"follow","max-snippet":"max-snippet:-1","max-image-preview":"max-image-preview:large","max-video-preview":"max-video-preview:-1"},"canonical":"https:\/\/maison-chance.org\/shop\/fr\/produit\/sac-a-dos-pingouin","og_locale":"fr_FR","og_type":"article","og_title":"Sac \u00e0 dos Pingouin","og_description":"Le Sac \u00e0 dos Pingouin est un produit fabriqu\u00e9 \u00e0 la main par des artisans handicap\u00e9s chez Lucky House. Chaque couture et point de broderie est soigneusement r\u00e9alis\u00e9","og_url":"https:\/\/maison-chance.org\/shop\/fr\/produit\/sac-a-dos-pingouin","og_site_name":"Nh\u00e0 May M\u1eafn - Maison Chance","article_publisher":"https:\/\/www.facebook.com\/dnxh.nhamayman\/","article_modified_time":"2024-11-08T03:00:15+00:00","og_image":[{"width":600,"height":600,"url":"https:\/\/maison-chance.org\/shop\/wp-content\/uploads\/2024\/07\/ba-lo-chim-canh-cut-vai-thai.jpg","type":"image\/jpeg"}],"twitter_card":"summary_large_image","twitter_misc":{"Prix":"&euro;13.62","Disponibilit\u00e9":"En stock"},"schema":{"@context":"https:\/\/schema.org","@graph":[{"@type":"WebPage","@id":"https:\/\/maison-chance.org\/shop\/fr\/produit\/sac-a-dos-pingouin","url":"https:\/\/maison-chance.org\/shop\/fr\/produit\/sac-a-dos-pingouin","name":"Sac \u00e0 dos Pingouin - Nh\u00e0 May M\u1eafn - Maison Chance","isPartOf":{"@id":"https:\/\/maison-chance.org\/shop\/fr#website"},"primaryImageOfPage":{"@id":"https:\/\/maison-chance.org\/shop\/fr\/produit\/sac-a-dos-pingouin#primaryimage"},"image":{"@id":"https:\/\/maison-chance.org\/shop\/fr\/produit\/sac-a-dos-pingouin#primaryimage"},"thumbnailUrl":"https:\/\/maison-chance.org\/shop\/wp-content\/uploads\/2024\/07\/ba-lo-chim-canh-cut-vai-thai.jpg","datePublished":"2024-07-03T19:54:27+00:00","dateModified":"2024-11-08T03:00:15+00:00","description":"Le Sac \u00e0 dos Pingouin est un produit fabriqu\u00e9 \u00e0 la main par des artisans handicap\u00e9s chez Lucky House. Chaque couture et point de broderie est soigneusement r\u00e9alis\u00e9","breadcrumb":{"@id":"https:\/\/maison-chance.org\/shop\/fr\/produit\/sac-a-dos-pingouin#breadcrumb"},"inLanguage":"fr-FR","potentialAction":[{"@type":"ReadAction","target":["https:\/\/maison-chance.org\/shop\/fr\/produit\/sac-a-dos-pingouin"]}]},{"@type":"ImageObject","inLanguage":"fr-FR","@id":"https:\/\/maison-chance.org\/shop\/fr\/produit\/sac-a-dos-pingouin#primaryimage","url":"https:\/\/maison-chance.org\/shop\/wp-content\/uploads\/2024\/07\/ba-lo-chim-canh-cut-vai-thai.jpg","contentUrl":"https:\/\/maison-chance.org\/shop\/wp-content\/uploads\/2024\/07\/ba-lo-chim-canh-cut-vai-thai.jpg","width":600,"height":600,"caption":"Sac \u00e0 dos Pingouin"},{"@type":"BreadcrumbList","@id":"https:\/\/maison-chance.org\/shop\/fr\/produit\/sac-a-dos-pingouin#breadcrumb","itemListElement":[{"@type":"ListItem","position":1,"name":"Trang ch\u1ee7","item":"https:\/\/maison-chance.org\/shop\/fr"},{"@type":"ListItem","position":2,"name":"Boutique","item":"https:\/\/maison-chance.org\/shop\/shop"},{"@type":"ListItem","position":3,"name":"Sac \u00e0 dos Pingouin"}]},{"@type":"WebSite","@id":"https:\/\/maison-chance.org\/shop\/fr#website","url":"https:\/\/maison-chance.org\/shop\/fr","name":"Nh\u00e0 May M\u1eafn - Maison Chance","description":"M\u1ecdi l\u1ee3i nhu\u1eadn thu v\u1ec1 t\u1eeb vi\u1ec7c b\u00e1n h\u00e0ng s\u1ebd tr\u00edch m\u1ed9t ph\u1ea7n \u0111\u1ec3 ch\u0103m lo cho \u0111\u1eddi s\u1ed1ng c\u00e1c b\u1ea1n khuy\u1ebft t\u1eadt v\u00e0 tr\u1ebb m\u1ed3 c\u00f4i \u1edf \u0111\u00e2y","publisher":{"@id":"https:\/\/maison-chance.org\/shop\/fr#organization"},"potentialAction":[{"@type":"SearchAction","target":{"@type":"EntryPoint","urlTemplate":"https:\/\/maison-chance.org\/shop\/fr?s={search_term_string}"},"query-input":{"@type":"PropertyValueSpecification","valueRequired":true,"valueName":"search_term_string"}}],"inLanguage":"fr-FR"},{"@type":"Organization","@id":"https:\/\/maison-chance.org\/shop\/fr#organization","name":"Nh\u00e0 May M\u1eafn - Maison Chance","url":"https:\/\/maison-chance.org\/shop\/fr","logo":{"@type":"ImageObject","inLanguage":"fr-FR","@id":"https:\/\/maison-chance.org\/shop\/fr#\/schema\/logo\/image\/","url":"https:\/\/maison-chance.org\/shop\/wp-content\/uploads\/2024\/03\/cropped-Logo_DNXH.png","contentUrl":"https:\/\/maison-chance.org\/shop\/wp-content\/uploads\/2024\/03\/cropped-Logo_DNXH.png","width":512,"height":512,"caption":"Nh\u00e0 May M\u1eafn - Maison Chance"},"image":{"@id":"https:\/\/maison-chance.org\/shop\/fr#\/schema\/logo\/image\/"},"sameAs":["https:\/\/www.facebook.com\/dnxh.nhamayman\/"]}]},"product_price_amount":"13.62","product_price_currency":"EUR","og_availability":"instock","product_availability":"instock","product_condition":"new"},"_links":{"self":[{"href":"https:\/\/maison-chance.org\/shop\/fr\/wp-json\/wp\/v2\/product\/40223","targetHints":{"allow":["GET"]}}],"collection":[{"href":"https:\/\/maison-chance.org\/shop\/fr\/wp-json\/wp\/v2\/product"}],"about":[{"href":"https:\/\/maison-chance.org\/shop\/fr\/wp-json\/wp\/v2\/types\/product"}],"wp:featuredmedia":[{"embeddable":true,"href":"https:\/\/maison-chance.org\/shop\/fr\/wp-json\/wp\/v2\/media\/40219"}],"wp:attachment":[{"href":"https:\/\/maison-chance.org\/shop\/fr\/wp-json\/wp\/v2\/media?parent=40223"}],"wp:term":[{"taxonomy":"product_brand","embeddable":true,"href":"https:\/\/maison-chance.org\/shop\/fr\/wp-json\/wp\/v2\/product_brand?post=40223"},{"taxonomy":"product_cat","embeddable":true,"href":"https:\/\/maison-chance.org\/shop\/fr\/wp-json\/wp\/v2\/product_cat?post=40223"},{"taxonomy":"product_tag","embeddable":true,"href":"https:\/\/maison-chance.org\/shop\/fr\/wp-json\/wp\/v2\/product_tag?post=40223"}],"curies":[{"name":"wp","href":"https:\/\/api.w.org\/{rel}","templated":true}]}}