{"id":40240,"date":"2024-07-04T03:19:35","date_gmt":"2024-07-03T20:19:35","guid":{"rendered":"https:\/\/maison-chance.org\/shop\/san-pham\/sac-a-dos-pingouin-2"},"modified":"2024-11-13T15:08:19","modified_gmt":"2024-11-13T08:08:19","slug":"sac-a-dos-pingouin-2","status":"publish","type":"product","link":"https:\/\/maison-chance.org\/shop\/fr\/produit\/sac-a-dos-pingouin-2","title":{"rendered":"Sac \u00e0 dos Pingouin"},"content":{"rendered":"<p style=\"text-align: justify;\">Le Sac \u00e0 dos Pingouin est un produit finement con\u00e7u, enti\u00e8rement cousu \u00e0 la main par les artisans handicap\u00e9s de Maison Chance. Chaque point est r\u00e9alis\u00e9 avec soin, refl\u00e9tant l&rsquo;engagement sans bornes et l&rsquo;amour que ces artisans portent \u00e0 leur m\u00e9tier.<\/p>\n<p style=\"text-align: justify;\">Le sac \u00e0 dos pingouin est fabriqu\u00e9 en tissu de brocart de haute qualit\u00e9, tiss\u00e9 \u00e0 la main \u00e0 partir de fibres de laine et de coton douces et durables. Ce mat\u00e9riau offre une r\u00e9sistance exceptionnelle \u00e0 l&rsquo;eau, prot\u00e9geant les affaires \u00e0 l&rsquo;int\u00e9rieur par tous les temps.<\/p>\n<p style=\"text-align: justify;\">Le sac \u00e0 dos mesure 30 x 45 cm, ce qui le rend id\u00e9al pour transporter des livres, des fournitures scolaires ou des effets personnels lors des trajets scolaires ou des sorties. Son design ludique en forme de pingouin, avec des couleurs rouge et bleu modernes, vous fera remarquer dans la foule.<\/p>\n<p style=\"text-align: justify;\">Le sac \u00e0 dos pingouin est propos\u00e9 \u00e0 un prix raisonnable, le rendant accessible \u00e0 de nombreux consommateurs, en particulier les \u00e9tudiants.<\/p>\n<p style=\"text-align: justify;\">\u00c0 un prix raisonnable, le sac \u00e0 dos pingouin n&rsquo;est pas seulement un article pratique, mais aussi un produit porteur de valeurs humanitaires profondes. Chaque sac que vous achetez vous fournit un produit de qualit\u00e9 tout en aidant \u00e0 cr\u00e9er des opportunit\u00e9s \u00e9ducatives et professionnelles pour les artisans handicap\u00e9s, leur permettant de s&rsquo;int\u00e9grer et de s&rsquo;\u00e9panouir au sein de la communaut\u00e9.<\/p>\n<p style=\"text-align: justify;\">Le sac \u00e0 dos pingouin peut \u00eatre utilis\u00e9 pour divers usages tels que :<\/p>\n<p style=\"text-align: justify;\">&#8211; Transporter des livres et fournitures scolaires<\/p>\n<p style=\"text-align: justify;\">&#8211; Ranger des effets personnels pour l&rsquo;\u00e9cole ou les sorties<\/p>\n<p style=\"text-align: justify;\">&#8211; Offrir comme cadeau aux enfants ou amis<\/p>\n<p style=\"text-align: justify;\">&#8211; Utiliser comme objet de d\u00e9coration unique<\/p>\n<p style=\"text-align: justify;\">Procurez-vous d\u00e8s aujourd&rsquo;hui le sac \u00e0 dos pingouin pour montrer votre soutien et votre compassion envers les artisans handicap\u00e9s de <a href=\"https:\/\/maison-chance.org\/shop\">Maison Chance<\/a>. Chaque produit que vous achetez contribue \u00e0 changer la vie de nos artisans talentueux mais moins fortun\u00e9s!<\/p>\n","protected":false},"excerpt":{"rendered":"<p style=\"text-align: justify;\">Ce produit est fabriqu\u00e9 \u00e0 la main par nos amis handicap\u00e9s moins chanceux. Nous sollicitons humblement votre soutien.<\/p>\n<p>Mat\u00e9riau : Tissu brocart<\/p>\n<p>Code : TC02BL<\/p>\n<p>Dimensions : 30 x 45 cm<\/p>\n<p>Hotline : <span style=\"font-size: 20px;\"><strong><span style=\"color: #ff0000;\">0909 06 25 28<\/span><\/strong><\/span><\/p>\n<p style=\"text-align: justify;\">Si vous \u00eates au Vietnam, veuillez nous contacter via notre hotline ou la page fan de l&rsquo;entreprise Lucky House pour conna\u00eetre le prix au Vietnam.<\/p>\n","protected":false},"featured_media":40229,"template":"","meta":[],"product_brand":[],"product_cat":[231,234],"product_tag":[],"class_list":{"0":"post-40240","1":"product","2":"type-product","3":"status-publish","4":"has-post-thumbnail","6":"product_cat-atelier-de-couture","7":"product_cat-sac-a-dos-atelier-de-couture","9":"first","10":"instock","11":"shipping-taxable","12":"purchasable","13":"product-type-simple"},"yoast_head":"<!-- This site is optimized with the Yoast SEO Premium plugin v22.7 (Yoast SEO v25.3.1) - https:\/\/yoast.com\/wordpress\/plugins\/seo\/ -->\n<title>Sac \u00e0 dos Pingouin - Nh\u00e0 May M\u1eafn - Maison Chance<\/title>\n<meta name=\"description\" content=\"Le Sac \u00e0 dos Pingouin est un produit fabriqu\u00e9 \u00e0 la main par des artisans handicap\u00e9s chez Lucky House, mesurant 30 x 45 cm, adapt\u00e9 pour transporter des livres\" \/>\n<meta name=\"robots\" content=\"index, follow, max-snippet:-1, max-image-preview:large, max-video-preview:-1\" \/>\n<link rel=\"canonical\" href=\"https:\/\/maison-chance.org\/shop\/fr\/produit\/sac-a-dos-pingouin-2\" \/>\n<meta property=\"og:locale\" content=\"fr_FR\" \/>\n<meta property=\"og:type\" content=\"article\" \/>\n<meta property=\"og:title\" content=\"Sac \u00e0 dos Pingouin\" \/>\n<meta property=\"og:description\" content=\"Le Sac \u00e0 dos Pingouin est un produit fabriqu\u00e9 \u00e0 la main par des artisans handicap\u00e9s chez Lucky House, mesurant 30 x 45 cm, adapt\u00e9 pour transporter des livres\" \/>\n<meta property=\"og:url\" content=\"https:\/\/maison-chance.org\/shop\/fr\/produit\/sac-a-dos-pingouin-2\" \/>\n<meta property=\"og:site_name\" content=\"Nh\u00e0 May M\u1eafn - Maison Chance\" \/>\n<meta property=\"article:publisher\" content=\"https:\/\/www.facebook.com\/dnxh.nhamayman\/\" \/>\n<meta property=\"article:modified_time\" content=\"2024-11-13T08:08:19+00:00\" \/>\n<meta property=\"og:image\" content=\"https:\/\/maison-chance.org\/shop\/wp-content\/uploads\/2024\/07\/ba-lo-chim-canh-cut-1.jpg\" \/>\n\t<meta property=\"og:image:width\" content=\"600\" \/>\n\t<meta property=\"og:image:height\" content=\"600\" \/>\n\t<meta property=\"og:image:type\" content=\"image\/jpeg\" \/>\n<meta name=\"twitter:card\" content=\"summary_large_image\" \/>\n<meta name=\"twitter:label1\" content=\"Prix\" \/>\n\t<meta name=\"twitter:data1\" content=\"&euro;10.86\" \/>\n\t<meta name=\"twitter:label2\" content=\"Disponibilit\u00e9\" \/>\n\t<meta name=\"twitter:data2\" content=\"En stock\" \/>\n<script type=\"application\/ld+json\" class=\"yoast-schema-graph\">{\"@context\":\"https:\/\/schema.org\",\"@graph\":[{\"@type\":\"WebPage\",\"@id\":\"https:\/\/maison-chance.org\/shop\/fr\/produit\/sac-a-dos-pingouin-2\",\"url\":\"https:\/\/maison-chance.org\/shop\/fr\/produit\/sac-a-dos-pingouin-2\",\"name\":\"Sac \u00e0 dos Pingouin - Nh\u00e0 May M\u1eafn - Maison Chance\",\"isPartOf\":{\"@id\":\"https:\/\/maison-chance.org\/shop\/fr#website\"},\"primaryImageOfPage\":{\"@id\":\"https:\/\/maison-chance.org\/shop\/fr\/produit\/sac-a-dos-pingouin-2#primaryimage\"},\"image\":{\"@id\":\"https:\/\/maison-chance.org\/shop\/fr\/produit\/sac-a-dos-pingouin-2#primaryimage\"},\"thumbnailUrl\":\"https:\/\/maison-chance.org\/shop\/wp-content\/uploads\/2024\/07\/ba-lo-chim-canh-cut-1.jpg\",\"datePublished\":\"2024-07-03T20:19:35+00:00\",\"dateModified\":\"2024-11-13T08:08:19+00:00\",\"description\":\"Le Sac \u00e0 dos Pingouin est un produit fabriqu\u00e9 \u00e0 la main par des artisans handicap\u00e9s chez Lucky House, mesurant 30 x 45 cm, adapt\u00e9 pour transporter des livres\",\"breadcrumb\":{\"@id\":\"https:\/\/maison-chance.org\/shop\/fr\/produit\/sac-a-dos-pingouin-2#breadcrumb\"},\"inLanguage\":\"fr-FR\",\"potentialAction\":[{\"@type\":\"ReadAction\",\"target\":[\"https:\/\/maison-chance.org\/shop\/fr\/produit\/sac-a-dos-pingouin-2\"]}]},{\"@type\":\"ImageObject\",\"inLanguage\":\"fr-FR\",\"@id\":\"https:\/\/maison-chance.org\/shop\/fr\/produit\/sac-a-dos-pingouin-2#primaryimage\",\"url\":\"https:\/\/maison-chance.org\/shop\/wp-content\/uploads\/2024\/07\/ba-lo-chim-canh-cut-1.jpg\",\"contentUrl\":\"https:\/\/maison-chance.org\/shop\/wp-content\/uploads\/2024\/07\/ba-lo-chim-canh-cut-1.jpg\",\"width\":600,\"height\":600,\"caption\":\"Sac \u00e0 dos Pingouin\"},{\"@type\":\"BreadcrumbList\",\"@id\":\"https:\/\/maison-chance.org\/shop\/fr\/produit\/sac-a-dos-pingouin-2#breadcrumb\",\"itemListElement\":[{\"@type\":\"ListItem\",\"position\":1,\"name\":\"Trang ch\u1ee7\",\"item\":\"https:\/\/maison-chance.org\/shop\/fr\"},{\"@type\":\"ListItem\",\"position\":2,\"name\":\"Boutique\",\"item\":\"https:\/\/maison-chance.org\/shop\/shop\"},{\"@type\":\"ListItem\",\"position\":3,\"name\":\"Sac \u00e0 dos Pingouin\"}]},{\"@type\":\"WebSite\",\"@id\":\"https:\/\/maison-chance.org\/shop\/fr#website\",\"url\":\"https:\/\/maison-chance.org\/shop\/fr\",\"name\":\"Nh\u00e0 May M\u1eafn - Maison Chance\",\"description\":\"M\u1ecdi l\u1ee3i nhu\u1eadn thu v\u1ec1 t\u1eeb vi\u1ec7c b\u00e1n h\u00e0ng s\u1ebd tr\u00edch m\u1ed9t ph\u1ea7n \u0111\u1ec3 ch\u0103m lo cho \u0111\u1eddi s\u1ed1ng c\u00e1c b\u1ea1n khuy\u1ebft t\u1eadt v\u00e0 tr\u1ebb m\u1ed3 c\u00f4i \u1edf \u0111\u00e2y\",\"publisher\":{\"@id\":\"https:\/\/maison-chance.org\/shop\/fr#organization\"},\"potentialAction\":[{\"@type\":\"SearchAction\",\"target\":{\"@type\":\"EntryPoint\",\"urlTemplate\":\"https:\/\/maison-chance.org\/shop\/fr?s={search_term_string}\"},\"query-input\":{\"@type\":\"PropertyValueSpecification\",\"valueRequired\":true,\"valueName\":\"search_term_string\"}}],\"inLanguage\":\"fr-FR\"},{\"@type\":\"Organization\",\"@id\":\"https:\/\/maison-chance.org\/shop\/fr#organization\",\"name\":\"Nh\u00e0 May M\u1eafn - Maison Chance\",\"url\":\"https:\/\/maison-chance.org\/shop\/fr\",\"logo\":{\"@type\":\"ImageObject\",\"inLanguage\":\"fr-FR\",\"@id\":\"https:\/\/maison-chance.org\/shop\/fr#\/schema\/logo\/image\/\",\"url\":\"https:\/\/maison-chance.org\/shop\/wp-content\/uploads\/2024\/03\/cropped-Logo_DNXH.png\",\"contentUrl\":\"https:\/\/maison-chance.org\/shop\/wp-content\/uploads\/2024\/03\/cropped-Logo_DNXH.png\",\"width\":512,\"height\":512,\"caption\":\"Nh\u00e0 May M\u1eafn - Maison Chance\"},\"image\":{\"@id\":\"https:\/\/maison-chance.org\/shop\/fr#\/schema\/logo\/image\/\"},\"sameAs\":[\"https:\/\/www.facebook.com\/dnxh.nhamayman\/\"]}]}<\/script>\n<meta property=\"product:price:amount\" content=\"10.86\" \/>\n<meta property=\"product:price:currency\" content=\"EUR\" \/>\n<meta property=\"og:availability\" content=\"instock\" \/>\n<meta property=\"product:availability\" content=\"instock\" \/>\n<meta property=\"product:condition\" content=\"new\" \/>\n<!-- \/ Yoast SEO Premium plugin. -->","yoast_head_json":{"title":"Sac \u00e0 dos Pingouin - Nh\u00e0 May M\u1eafn - Maison Chance","description":"Le Sac \u00e0 dos Pingouin est un produit fabriqu\u00e9 \u00e0 la main par des artisans handicap\u00e9s chez Lucky House, mesurant 30 x 45 cm, adapt\u00e9 pour transporter des livres","robots":{"index":"index","follow":"follow","max-snippet":"max-snippet:-1","max-image-preview":"max-image-preview:large","max-video-preview":"max-video-preview:-1"},"canonical":"https:\/\/maison-chance.org\/shop\/fr\/produit\/sac-a-dos-pingouin-2","og_locale":"fr_FR","og_type":"article","og_title":"Sac \u00e0 dos Pingouin","og_description":"Le Sac \u00e0 dos Pingouin est un produit fabriqu\u00e9 \u00e0 la main par des artisans handicap\u00e9s chez Lucky House, mesurant 30 x 45 cm, adapt\u00e9 pour transporter des livres","og_url":"https:\/\/maison-chance.org\/shop\/fr\/produit\/sac-a-dos-pingouin-2","og_site_name":"Nh\u00e0 May M\u1eafn - Maison Chance","article_publisher":"https:\/\/www.facebook.com\/dnxh.nhamayman\/","article_modified_time":"2024-11-13T08:08:19+00:00","og_image":[{"width":600,"height":600,"url":"https:\/\/maison-chance.org\/shop\/wp-content\/uploads\/2024\/07\/ba-lo-chim-canh-cut-1.jpg","type":"image\/jpeg"}],"twitter_card":"summary_large_image","twitter_misc":{"Prix":"&euro;10.86","Disponibilit\u00e9":"En stock"},"schema":{"@context":"https:\/\/schema.org","@graph":[{"@type":"WebPage","@id":"https:\/\/maison-chance.org\/shop\/fr\/produit\/sac-a-dos-pingouin-2","url":"https:\/\/maison-chance.org\/shop\/fr\/produit\/sac-a-dos-pingouin-2","name":"Sac \u00e0 dos Pingouin - Nh\u00e0 May M\u1eafn - Maison Chance","isPartOf":{"@id":"https:\/\/maison-chance.org\/shop\/fr#website"},"primaryImageOfPage":{"@id":"https:\/\/maison-chance.org\/shop\/fr\/produit\/sac-a-dos-pingouin-2#primaryimage"},"image":{"@id":"https:\/\/maison-chance.org\/shop\/fr\/produit\/sac-a-dos-pingouin-2#primaryimage"},"thumbnailUrl":"https:\/\/maison-chance.org\/shop\/wp-content\/uploads\/2024\/07\/ba-lo-chim-canh-cut-1.jpg","datePublished":"2024-07-03T20:19:35+00:00","dateModified":"2024-11-13T08:08:19+00:00","description":"Le Sac \u00e0 dos Pingouin est un produit fabriqu\u00e9 \u00e0 la main par des artisans handicap\u00e9s chez Lucky House, mesurant 30 x 45 cm, adapt\u00e9 pour transporter des livres","breadcrumb":{"@id":"https:\/\/maison-chance.org\/shop\/fr\/produit\/sac-a-dos-pingouin-2#breadcrumb"},"inLanguage":"fr-FR","potentialAction":[{"@type":"ReadAction","target":["https:\/\/maison-chance.org\/shop\/fr\/produit\/sac-a-dos-pingouin-2"]}]},{"@type":"ImageObject","inLanguage":"fr-FR","@id":"https:\/\/maison-chance.org\/shop\/fr\/produit\/sac-a-dos-pingouin-2#primaryimage","url":"https:\/\/maison-chance.org\/shop\/wp-content\/uploads\/2024\/07\/ba-lo-chim-canh-cut-1.jpg","contentUrl":"https:\/\/maison-chance.org\/shop\/wp-content\/uploads\/2024\/07\/ba-lo-chim-canh-cut-1.jpg","width":600,"height":600,"caption":"Sac \u00e0 dos Pingouin"},{"@type":"BreadcrumbList","@id":"https:\/\/maison-chance.org\/shop\/fr\/produit\/sac-a-dos-pingouin-2#breadcrumb","itemListElement":[{"@type":"ListItem","position":1,"name":"Trang ch\u1ee7","item":"https:\/\/maison-chance.org\/shop\/fr"},{"@type":"ListItem","position":2,"name":"Boutique","item":"https:\/\/maison-chance.org\/shop\/shop"},{"@type":"ListItem","position":3,"name":"Sac \u00e0 dos Pingouin"}]},{"@type":"WebSite","@id":"https:\/\/maison-chance.org\/shop\/fr#website","url":"https:\/\/maison-chance.org\/shop\/fr","name":"Nh\u00e0 May M\u1eafn - Maison Chance","description":"M\u1ecdi l\u1ee3i nhu\u1eadn thu v\u1ec1 t\u1eeb vi\u1ec7c b\u00e1n h\u00e0ng s\u1ebd tr\u00edch m\u1ed9t ph\u1ea7n \u0111\u1ec3 ch\u0103m lo cho \u0111\u1eddi s\u1ed1ng c\u00e1c b\u1ea1n khuy\u1ebft t\u1eadt v\u00e0 tr\u1ebb m\u1ed3 c\u00f4i \u1edf \u0111\u00e2y","publisher":{"@id":"https:\/\/maison-chance.org\/shop\/fr#organization"},"potentialAction":[{"@type":"SearchAction","target":{"@type":"EntryPoint","urlTemplate":"https:\/\/maison-chance.org\/shop\/fr?s={search_term_string}"},"query-input":{"@type":"PropertyValueSpecification","valueRequired":true,"valueName":"search_term_string"}}],"inLanguage":"fr-FR"},{"@type":"Organization","@id":"https:\/\/maison-chance.org\/shop\/fr#organization","name":"Nh\u00e0 May M\u1eafn - Maison Chance","url":"https:\/\/maison-chance.org\/shop\/fr","logo":{"@type":"ImageObject","inLanguage":"fr-FR","@id":"https:\/\/maison-chance.org\/shop\/fr#\/schema\/logo\/image\/","url":"https:\/\/maison-chance.org\/shop\/wp-content\/uploads\/2024\/03\/cropped-Logo_DNXH.png","contentUrl":"https:\/\/maison-chance.org\/shop\/wp-content\/uploads\/2024\/03\/cropped-Logo_DNXH.png","width":512,"height":512,"caption":"Nh\u00e0 May M\u1eafn - Maison Chance"},"image":{"@id":"https:\/\/maison-chance.org\/shop\/fr#\/schema\/logo\/image\/"},"sameAs":["https:\/\/www.facebook.com\/dnxh.nhamayman\/"]}]},"product_price_amount":"10.86","product_price_currency":"EUR","og_availability":"instock","product_availability":"instock","product_condition":"new"},"_links":{"self":[{"href":"https:\/\/maison-chance.org\/shop\/fr\/wp-json\/wp\/v2\/product\/40240","targetHints":{"allow":["GET"]}}],"collection":[{"href":"https:\/\/maison-chance.org\/shop\/fr\/wp-json\/wp\/v2\/product"}],"about":[{"href":"https:\/\/maison-chance.org\/shop\/fr\/wp-json\/wp\/v2\/types\/product"}],"wp:featuredmedia":[{"embeddable":true,"href":"https:\/\/maison-chance.org\/shop\/fr\/wp-json\/wp\/v2\/media\/40229"}],"wp:attachment":[{"href":"https:\/\/maison-chance.org\/shop\/fr\/wp-json\/wp\/v2\/media?parent=40240"}],"wp:term":[{"taxonomy":"product_brand","embeddable":true,"href":"https:\/\/maison-chance.org\/shop\/fr\/wp-json\/wp\/v2\/product_brand?post=40240"},{"taxonomy":"product_cat","embeddable":true,"href":"https:\/\/maison-chance.org\/shop\/fr\/wp-json\/wp\/v2\/product_cat?post=40240"},{"taxonomy":"product_tag","embeddable":true,"href":"https:\/\/maison-chance.org\/shop\/fr\/wp-json\/wp\/v2\/product_tag?post=40240"}],"curies":[{"name":"wp","href":"https:\/\/api.w.org\/{rel}","templated":true}]}}