{"id":40269,"date":"2024-07-04T04:15:42","date_gmt":"2024-07-03T21:15:42","guid":{"rendered":"https:\/\/maison-chance.org\/shop\/san-pham\/sac-a-dos-crabe"},"modified":"2024-11-13T15:03:16","modified_gmt":"2024-11-13T08:03:16","slug":"sac-a-dos-crabe","status":"publish","type":"product","link":"https:\/\/maison-chance.org\/shop\/fr\/produit\/sac-a-dos-crabe","title":{"rendered":"Sac \u00e0 dos Crabe"},"content":{"rendered":"<p style=\"text-align: justify;\">Dans la vie tr\u00e9pidante d&rsquo;aujourd&rsquo;hui, transporter des affaires personnelles est devenu essentiel. Le Sac \u00e0 dos Crabe de Maison Chance a \u00e9t\u00e9 cr\u00e9\u00e9 non seulement pour r\u00e9pondre \u00e0 ce besoin pratique, mais aussi pour transmettre un message humanitaire profond de soin, de partage et de soutien aux personnes handicap\u00e9es.<\/p>\n<p style=\"text-align: justify;\">Le Sac \u00e0 dos Crabe est un produit soigneusement fabriqu\u00e9 \u00e0 la main par les artisans talentueux en situation de handicap chez Maison Chance. Chaque couture t\u00e9moigne de leur d\u00e9vouement, contribuant \u00e0 un produit unique et porteur de valeurs humanitaires profondes.<\/p>\n<p style=\"text-align: justify;\">Le sac \u00e0 dos en forme de crabe est fait de tissu de brocart de haute qualit\u00e9, tiss\u00e9 \u00e0 la main \u00e0 partir de fibres de laine et de coton douces et durables. Ce mat\u00e9riau offre une bonne r\u00e9sistance \u00e0 l&rsquo;eau, prot\u00e9geant les affaires personnelles par tous les temps.<\/p>\n<p style=\"text-align: justify;\">Fabriqu\u00e9 en brocart de haute qualit\u00e9, le sac \u00e0 dos est non seulement doux et r\u00e9sistant, mais aussi imperm\u00e9able, assurant la s\u00e9curit\u00e9 des affaires personnelles par tous les temps. Sa taille de 30 x 30 cm est parfaite pour les objets essentiels comme le portefeuille, le t\u00e9l\u00e9phone et les livres. Le design en forme de crabe avec des couleurs vives rend ce sac \u00e0 dos unique et accrocheur.<\/p>\n<p style=\"text-align: justify;\">Le Sac \u00e0 dos Crabe est propos\u00e9 \u00e0 un prix raisonnable, adapt\u00e9 \u00e0 un large public, notamment les \u00e9l\u00e8ves et les \u00e9tudiants. Mais surtout, il n&rsquo;est pas seulement un sac \u00e0 dos, mais aussi un symbole d&rsquo;espoir et de soutien pour les artisans en situation de handicap, leur offrant l&rsquo;opportunit\u00e9 de s&rsquo;int\u00e9grer et de s&rsquo;\u00e9panouir.<\/p>\n<p style=\"text-align: justify;\">Le Sac \u00e0 dos Crabe peut \u00eatre utilis\u00e9 pour divers usages tels que :<\/p>\n<p style=\"text-align: justify;\">&#8211; Ranger les effets personnels pour l&rsquo;\u00e9cole ou les sorties<\/p>\n<p style=\"text-align: justify;\">&#8211; Un cadeau significatif pour les enfants, les amis<\/p>\n<p style=\"text-align: justify;\">&#8211; Un accessoire d\u00e9coratif unique avec un style personnel.<\/p>\n<p style=\"text-align: justify;\">Joignez-vous \u00e0 nous pour soutenir les artisans en situation de handicap chez Maison Chance en achetant le Sac \u00e0 dos Crabe d\u00e8s aujourd&rsquo;hui ! Chaque produit vendu permet \u00e0 <a href=\"https:\/\/maison-chance.org\/shop\">Maison Chance<\/a> de disposer de fonds suppl\u00e9mentaires pour maintenir ses activit\u00e9s et offrir une vie meilleure aux artisans en situation de handicap.<\/p>\n<p>Sac \u00e0 dos Crabe &#8211; Apportant de la joie anim\u00e9e \u00e0 chaque pas !<\/p>\n","protected":false},"excerpt":{"rendered":"<p style=\"text-align: justify;\">Les produits artisanaux fabriqu\u00e9s par nos artisans moins favoris\u00e9s esp\u00e8rent recevoir votre soutien.<\/p>\n<p>Mat\u00e9riau : Tissu tiss\u00e9 \u00e0 la main<\/p>\n<p>Code : TC01BL<\/p>\n<p>Dimensions : 30 x 30 cm<\/p>\n<p>Hotline : <span style=\"font-size: 20px;\"><strong><span style=\"color: #ff0000;\">0909 06 25 28<\/span><\/strong><\/span><\/p>\n<p style=\"text-align: justify;\">Si vous \u00eates au Vietnam, veuillez nous contacter via la hotline ou notre page Facebook professionnelle Nh\u00e0 May M\u1eafn pour obtenir des informations sur les prix.<\/p>\n","protected":false},"featured_media":40262,"template":"","meta":[],"product_brand":[],"product_cat":[231,234],"product_tag":[],"class_list":{"0":"post-40269","1":"product","2":"type-product","3":"status-publish","4":"has-post-thumbnail","6":"product_cat-atelier-de-couture","7":"product_cat-sac-a-dos-atelier-de-couture","9":"first","10":"instock","11":"shipping-taxable","12":"purchasable","13":"product-type-simple"},"yoast_head":"<!-- This site is optimized with the Yoast SEO Premium plugin v22.7 (Yoast SEO v25.3.1) - https:\/\/yoast.com\/wordpress\/plugins\/seo\/ -->\n<title>Sac \u00e0 dos Crabe - Nh\u00e0 May M\u1eafn - Maison Chance<\/title>\n<meta name=\"description\" content=\"Le Sac \u00e0 dos Crabe est un produit m\u00e9ticuleusement fabriqu\u00e9 \u00e0 la main par des artisans handicap\u00e9s \u00e0 Maison Chance. Chaque couture et chaque point refl\u00e8tent leur d\u00e9vouement.\" \/>\n<meta name=\"robots\" content=\"index, follow, max-snippet:-1, max-image-preview:large, max-video-preview:-1\" \/>\n<link rel=\"canonical\" href=\"https:\/\/maison-chance.org\/shop\/fr\/produit\/sac-a-dos-crabe\" \/>\n<meta property=\"og:locale\" content=\"fr_FR\" \/>\n<meta property=\"og:type\" content=\"article\" \/>\n<meta property=\"og:title\" content=\"Sac \u00e0 dos Crabe\" \/>\n<meta property=\"og:description\" content=\"Le Sac \u00e0 dos Crabe est un produit m\u00e9ticuleusement fabriqu\u00e9 \u00e0 la main par des artisans handicap\u00e9s \u00e0 Maison Chance. Chaque couture et chaque point refl\u00e8tent leur d\u00e9vouement.\" \/>\n<meta property=\"og:url\" content=\"https:\/\/maison-chance.org\/shop\/fr\/produit\/sac-a-dos-crabe\" \/>\n<meta property=\"og:site_name\" content=\"Nh\u00e0 May M\u1eafn - Maison Chance\" \/>\n<meta property=\"article:publisher\" content=\"https:\/\/www.facebook.com\/dnxh.nhamayman\/\" \/>\n<meta property=\"article:modified_time\" content=\"2024-11-13T08:03:16+00:00\" \/>\n<meta property=\"og:image\" content=\"https:\/\/maison-chance.org\/shop\/wp-content\/uploads\/2024\/07\/balo-con-cua-1.jpg\" \/>\n\t<meta property=\"og:image:width\" content=\"600\" \/>\n\t<meta property=\"og:image:height\" content=\"600\" \/>\n\t<meta property=\"og:image:type\" content=\"image\/jpeg\" \/>\n<meta name=\"twitter:card\" content=\"summary_large_image\" \/>\n<meta name=\"twitter:label1\" content=\"Prix\" \/>\n\t<meta name=\"twitter:data1\" content=\"&euro;6.44\" \/>\n\t<meta name=\"twitter:label2\" content=\"Disponibilit\u00e9\" \/>\n\t<meta name=\"twitter:data2\" content=\"En stock\" \/>\n<script type=\"application\/ld+json\" class=\"yoast-schema-graph\">{\"@context\":\"https:\/\/schema.org\",\"@graph\":[{\"@type\":\"WebPage\",\"@id\":\"https:\/\/maison-chance.org\/shop\/fr\/produit\/sac-a-dos-crabe\",\"url\":\"https:\/\/maison-chance.org\/shop\/fr\/produit\/sac-a-dos-crabe\",\"name\":\"Sac \u00e0 dos Crabe - Nh\u00e0 May M\u1eafn - Maison Chance\",\"isPartOf\":{\"@id\":\"https:\/\/maison-chance.org\/shop\/fr#website\"},\"primaryImageOfPage\":{\"@id\":\"https:\/\/maison-chance.org\/shop\/fr\/produit\/sac-a-dos-crabe#primaryimage\"},\"image\":{\"@id\":\"https:\/\/maison-chance.org\/shop\/fr\/produit\/sac-a-dos-crabe#primaryimage\"},\"thumbnailUrl\":\"https:\/\/maison-chance.org\/shop\/wp-content\/uploads\/2024\/07\/balo-con-cua-1.jpg\",\"datePublished\":\"2024-07-03T21:15:42+00:00\",\"dateModified\":\"2024-11-13T08:03:16+00:00\",\"description\":\"Le Sac \u00e0 dos Crabe est un produit m\u00e9ticuleusement fabriqu\u00e9 \u00e0 la main par des artisans handicap\u00e9s \u00e0 Maison Chance. Chaque couture et chaque point refl\u00e8tent leur d\u00e9vouement.\",\"breadcrumb\":{\"@id\":\"https:\/\/maison-chance.org\/shop\/fr\/produit\/sac-a-dos-crabe#breadcrumb\"},\"inLanguage\":\"fr-FR\",\"potentialAction\":[{\"@type\":\"ReadAction\",\"target\":[\"https:\/\/maison-chance.org\/shop\/fr\/produit\/sac-a-dos-crabe\"]}]},{\"@type\":\"ImageObject\",\"inLanguage\":\"fr-FR\",\"@id\":\"https:\/\/maison-chance.org\/shop\/fr\/produit\/sac-a-dos-crabe#primaryimage\",\"url\":\"https:\/\/maison-chance.org\/shop\/wp-content\/uploads\/2024\/07\/balo-con-cua-1.jpg\",\"contentUrl\":\"https:\/\/maison-chance.org\/shop\/wp-content\/uploads\/2024\/07\/balo-con-cua-1.jpg\",\"width\":600,\"height\":600,\"caption\":\"Sac \u00e0 dos Crabe\"},{\"@type\":\"BreadcrumbList\",\"@id\":\"https:\/\/maison-chance.org\/shop\/fr\/produit\/sac-a-dos-crabe#breadcrumb\",\"itemListElement\":[{\"@type\":\"ListItem\",\"position\":1,\"name\":\"Trang ch\u1ee7\",\"item\":\"https:\/\/maison-chance.org\/shop\/fr\"},{\"@type\":\"ListItem\",\"position\":2,\"name\":\"Boutique\",\"item\":\"https:\/\/maison-chance.org\/shop\/shop\"},{\"@type\":\"ListItem\",\"position\":3,\"name\":\"Sac \u00e0 dos Crabe\"}]},{\"@type\":\"WebSite\",\"@id\":\"https:\/\/maison-chance.org\/shop\/fr#website\",\"url\":\"https:\/\/maison-chance.org\/shop\/fr\",\"name\":\"Nh\u00e0 May M\u1eafn - Maison Chance\",\"description\":\"M\u1ecdi l\u1ee3i nhu\u1eadn thu v\u1ec1 t\u1eeb vi\u1ec7c b\u00e1n h\u00e0ng s\u1ebd tr\u00edch m\u1ed9t ph\u1ea7n \u0111\u1ec3 ch\u0103m lo cho \u0111\u1eddi s\u1ed1ng c\u00e1c b\u1ea1n khuy\u1ebft t\u1eadt v\u00e0 tr\u1ebb m\u1ed3 c\u00f4i \u1edf \u0111\u00e2y\",\"publisher\":{\"@id\":\"https:\/\/maison-chance.org\/shop\/fr#organization\"},\"potentialAction\":[{\"@type\":\"SearchAction\",\"target\":{\"@type\":\"EntryPoint\",\"urlTemplate\":\"https:\/\/maison-chance.org\/shop\/fr?s={search_term_string}\"},\"query-input\":{\"@type\":\"PropertyValueSpecification\",\"valueRequired\":true,\"valueName\":\"search_term_string\"}}],\"inLanguage\":\"fr-FR\"},{\"@type\":\"Organization\",\"@id\":\"https:\/\/maison-chance.org\/shop\/fr#organization\",\"name\":\"Nh\u00e0 May M\u1eafn - Maison Chance\",\"url\":\"https:\/\/maison-chance.org\/shop\/fr\",\"logo\":{\"@type\":\"ImageObject\",\"inLanguage\":\"fr-FR\",\"@id\":\"https:\/\/maison-chance.org\/shop\/fr#\/schema\/logo\/image\/\",\"url\":\"https:\/\/maison-chance.org\/shop\/wp-content\/uploads\/2024\/03\/cropped-Logo_DNXH.png\",\"contentUrl\":\"https:\/\/maison-chance.org\/shop\/wp-content\/uploads\/2024\/03\/cropped-Logo_DNXH.png\",\"width\":512,\"height\":512,\"caption\":\"Nh\u00e0 May M\u1eafn - Maison Chance\"},\"image\":{\"@id\":\"https:\/\/maison-chance.org\/shop\/fr#\/schema\/logo\/image\/\"},\"sameAs\":[\"https:\/\/www.facebook.com\/dnxh.nhamayman\/\"]}]}<\/script>\n<meta property=\"product:price:amount\" content=\"6.44\" \/>\n<meta property=\"product:price:currency\" content=\"EUR\" \/>\n<meta property=\"og:availability\" content=\"instock\" \/>\n<meta property=\"product:availability\" content=\"instock\" \/>\n<meta property=\"product:condition\" content=\"new\" \/>\n<!-- \/ Yoast SEO Premium plugin. -->","yoast_head_json":{"title":"Sac \u00e0 dos Crabe - Nh\u00e0 May M\u1eafn - Maison Chance","description":"Le Sac \u00e0 dos Crabe est un produit m\u00e9ticuleusement fabriqu\u00e9 \u00e0 la main par des artisans handicap\u00e9s \u00e0 Maison Chance. Chaque couture et chaque point refl\u00e8tent leur d\u00e9vouement.","robots":{"index":"index","follow":"follow","max-snippet":"max-snippet:-1","max-image-preview":"max-image-preview:large","max-video-preview":"max-video-preview:-1"},"canonical":"https:\/\/maison-chance.org\/shop\/fr\/produit\/sac-a-dos-crabe","og_locale":"fr_FR","og_type":"article","og_title":"Sac \u00e0 dos Crabe","og_description":"Le Sac \u00e0 dos Crabe est un produit m\u00e9ticuleusement fabriqu\u00e9 \u00e0 la main par des artisans handicap\u00e9s \u00e0 Maison Chance. Chaque couture et chaque point refl\u00e8tent leur d\u00e9vouement.","og_url":"https:\/\/maison-chance.org\/shop\/fr\/produit\/sac-a-dos-crabe","og_site_name":"Nh\u00e0 May M\u1eafn - Maison Chance","article_publisher":"https:\/\/www.facebook.com\/dnxh.nhamayman\/","article_modified_time":"2024-11-13T08:03:16+00:00","og_image":[{"width":600,"height":600,"url":"https:\/\/maison-chance.org\/shop\/wp-content\/uploads\/2024\/07\/balo-con-cua-1.jpg","type":"image\/jpeg"}],"twitter_card":"summary_large_image","twitter_misc":{"Prix":"&euro;6.44","Disponibilit\u00e9":"En stock"},"schema":{"@context":"https:\/\/schema.org","@graph":[{"@type":"WebPage","@id":"https:\/\/maison-chance.org\/shop\/fr\/produit\/sac-a-dos-crabe","url":"https:\/\/maison-chance.org\/shop\/fr\/produit\/sac-a-dos-crabe","name":"Sac \u00e0 dos Crabe - Nh\u00e0 May M\u1eafn - Maison Chance","isPartOf":{"@id":"https:\/\/maison-chance.org\/shop\/fr#website"},"primaryImageOfPage":{"@id":"https:\/\/maison-chance.org\/shop\/fr\/produit\/sac-a-dos-crabe#primaryimage"},"image":{"@id":"https:\/\/maison-chance.org\/shop\/fr\/produit\/sac-a-dos-crabe#primaryimage"},"thumbnailUrl":"https:\/\/maison-chance.org\/shop\/wp-content\/uploads\/2024\/07\/balo-con-cua-1.jpg","datePublished":"2024-07-03T21:15:42+00:00","dateModified":"2024-11-13T08:03:16+00:00","description":"Le Sac \u00e0 dos Crabe est un produit m\u00e9ticuleusement fabriqu\u00e9 \u00e0 la main par des artisans handicap\u00e9s \u00e0 Maison Chance. Chaque couture et chaque point refl\u00e8tent leur d\u00e9vouement.","breadcrumb":{"@id":"https:\/\/maison-chance.org\/shop\/fr\/produit\/sac-a-dos-crabe#breadcrumb"},"inLanguage":"fr-FR","potentialAction":[{"@type":"ReadAction","target":["https:\/\/maison-chance.org\/shop\/fr\/produit\/sac-a-dos-crabe"]}]},{"@type":"ImageObject","inLanguage":"fr-FR","@id":"https:\/\/maison-chance.org\/shop\/fr\/produit\/sac-a-dos-crabe#primaryimage","url":"https:\/\/maison-chance.org\/shop\/wp-content\/uploads\/2024\/07\/balo-con-cua-1.jpg","contentUrl":"https:\/\/maison-chance.org\/shop\/wp-content\/uploads\/2024\/07\/balo-con-cua-1.jpg","width":600,"height":600,"caption":"Sac \u00e0 dos Crabe"},{"@type":"BreadcrumbList","@id":"https:\/\/maison-chance.org\/shop\/fr\/produit\/sac-a-dos-crabe#breadcrumb","itemListElement":[{"@type":"ListItem","position":1,"name":"Trang ch\u1ee7","item":"https:\/\/maison-chance.org\/shop\/fr"},{"@type":"ListItem","position":2,"name":"Boutique","item":"https:\/\/maison-chance.org\/shop\/shop"},{"@type":"ListItem","position":3,"name":"Sac \u00e0 dos Crabe"}]},{"@type":"WebSite","@id":"https:\/\/maison-chance.org\/shop\/fr#website","url":"https:\/\/maison-chance.org\/shop\/fr","name":"Nh\u00e0 May M\u1eafn - Maison Chance","description":"M\u1ecdi l\u1ee3i nhu\u1eadn thu v\u1ec1 t\u1eeb vi\u1ec7c b\u00e1n h\u00e0ng s\u1ebd tr\u00edch m\u1ed9t ph\u1ea7n \u0111\u1ec3 ch\u0103m lo cho \u0111\u1eddi s\u1ed1ng c\u00e1c b\u1ea1n khuy\u1ebft t\u1eadt v\u00e0 tr\u1ebb m\u1ed3 c\u00f4i \u1edf \u0111\u00e2y","publisher":{"@id":"https:\/\/maison-chance.org\/shop\/fr#organization"},"potentialAction":[{"@type":"SearchAction","target":{"@type":"EntryPoint","urlTemplate":"https:\/\/maison-chance.org\/shop\/fr?s={search_term_string}"},"query-input":{"@type":"PropertyValueSpecification","valueRequired":true,"valueName":"search_term_string"}}],"inLanguage":"fr-FR"},{"@type":"Organization","@id":"https:\/\/maison-chance.org\/shop\/fr#organization","name":"Nh\u00e0 May M\u1eafn - Maison Chance","url":"https:\/\/maison-chance.org\/shop\/fr","logo":{"@type":"ImageObject","inLanguage":"fr-FR","@id":"https:\/\/maison-chance.org\/shop\/fr#\/schema\/logo\/image\/","url":"https:\/\/maison-chance.org\/shop\/wp-content\/uploads\/2024\/03\/cropped-Logo_DNXH.png","contentUrl":"https:\/\/maison-chance.org\/shop\/wp-content\/uploads\/2024\/03\/cropped-Logo_DNXH.png","width":512,"height":512,"caption":"Nh\u00e0 May M\u1eafn - Maison Chance"},"image":{"@id":"https:\/\/maison-chance.org\/shop\/fr#\/schema\/logo\/image\/"},"sameAs":["https:\/\/www.facebook.com\/dnxh.nhamayman\/"]}]},"product_price_amount":"6.44","product_price_currency":"EUR","og_availability":"instock","product_availability":"instock","product_condition":"new"},"_links":{"self":[{"href":"https:\/\/maison-chance.org\/shop\/fr\/wp-json\/wp\/v2\/product\/40269","targetHints":{"allow":["GET"]}}],"collection":[{"href":"https:\/\/maison-chance.org\/shop\/fr\/wp-json\/wp\/v2\/product"}],"about":[{"href":"https:\/\/maison-chance.org\/shop\/fr\/wp-json\/wp\/v2\/types\/product"}],"wp:featuredmedia":[{"embeddable":true,"href":"https:\/\/maison-chance.org\/shop\/fr\/wp-json\/wp\/v2\/media\/40262"}],"wp:attachment":[{"href":"https:\/\/maison-chance.org\/shop\/fr\/wp-json\/wp\/v2\/media?parent=40269"}],"wp:term":[{"taxonomy":"product_brand","embeddable":true,"href":"https:\/\/maison-chance.org\/shop\/fr\/wp-json\/wp\/v2\/product_brand?post=40269"},{"taxonomy":"product_cat","embeddable":true,"href":"https:\/\/maison-chance.org\/shop\/fr\/wp-json\/wp\/v2\/product_cat?post=40269"},{"taxonomy":"product_tag","embeddable":true,"href":"https:\/\/maison-chance.org\/shop\/fr\/wp-json\/wp\/v2\/product_tag?post=40269"}],"curies":[{"name":"wp","href":"https:\/\/api.w.org\/{rel}","templated":true}]}}