{"id":40373,"date":"2024-04-03T09:35:49","date_gmt":"2024-04-03T02:35:49","guid":{"rendered":"https:\/\/maison-chance.org\/shop\/san-pham\/coeur-porte-bonheur"},"modified":"2024-11-08T14:01:43","modified_gmt":"2024-11-08T07:01:43","slug":"coeur-porte-bonheur","status":"publish","type":"product","link":"https:\/\/maison-chance.org\/shop\/fr\/produit\/coeur-porte-bonheur","title":{"rendered":"C\u0153ur Porte-bonheur"},"content":{"rendered":"<p style=\"text-align: justify;\">Lorsque vous choisissez d\u2019acheter un c\u0153ur de Maison Chance, vous n\u2019acqu\u00e9rez pas seulement un produit artisanal charmant, mais vous contribuez aussi \u00e0 une noble cause. Chaque petit c\u0153ur est le fruit des efforts constants des artisans handicap\u00e9s de Maison Chance, des personnes qui ont surmont\u00e9 des d\u00e9fis pour cr\u00e9er des produits de qualit\u00e9 dans l\u2019espoir d\u2019apporter joie et chance \u00e0 l\u2019utilisateur.<\/p>\n<p style=\"text-align: justify;\">En soutenant le c\u0153ur de Maison Chance, vous ouvrez des opportunit\u00e9s d\u2019emploi et des revenus stables pour les personnes handicap\u00e9es. Cela am\u00e9liore non seulement leur vie, mais leur procure aussi un sentiment de fiert\u00e9 et de respect au sein de la soci\u00e9t\u00e9.<\/p>\n<p style=\"text-align: justify;\">Ouvrez vos bras et votre c\u0153ur en choisissant un c\u0153ur de Maison Chance comme cadeau pour vos proches, amis ou m\u00eame pour vous-m\u00eame. Chaque petit c\u0153ur apporte non seulement de la chance et de l\u2019amour, mais symbolise \u00e9galement l\u2019empathie, le partage et la foi en une soci\u00e9t\u00e9 inclusive o\u00f9 chacun a la possibilit\u00e9 de montrer ses talents.<\/p>\n<p style=\"text-align: justify;\">Venez chez Maison Chance d\u00e8s aujourd\u2019hui et ramenez \u00e0 la maison ces adorables c\u0153urs porte-bonheur. Car en achetant un cadeau de <a href=\"https:\/\/maison-chance.org\/shop\">Maison Chance<\/a>, vous n\u2019achetez pas seulement un produit &#8211; vous investissez dans l\u2019espoir, la foi et les opportunit\u00e9s pour des personnes exceptionnelles. Rejoignez-nous pour r\u00e9pandre l\u2019amour et la chance \u00e0 tous, partout !<\/p>\n","protected":false},"excerpt":{"rendered":"<p style=\"text-align: justify;\">Le produit est fabriqu\u00e9 artisanalement par des personnes handicap\u00e9es moins chanceuses, et nous esp\u00e9rons sinc\u00e8rement recevoir le soutien de nos clients fid\u00e8les.<\/p>\n<p>Mat\u00e9riel : Satin<\/p>\n<p>Hotline : <span style=\"color: #ed1c24;\"><strong>090 906 2528<\/strong><\/span><\/p>\n<p style=\"text-align: justify;\">Si vous \u00eates au Vietnam, veuillez nous contacter via la hotline ou la page Facebook officielle de Maison Chance pour conna\u00eetre les tarifs au Vietnam :\u00a0<a href=\"https:\/\/www.facebook.com\/dnxh.nhamayman\">https:\/\/www.facebook.com\/dnxh.nhamayman<\/a><\/p>\n","protected":false},"featured_media":40367,"template":"","meta":[],"product_brand":[],"product_cat":[231,249],"product_tag":[],"class_list":{"0":"post-40373","1":"product","2":"type-product","3":"status-publish","4":"has-post-thumbnail","6":"product_cat-atelier-de-couture","7":"product_cat-decoration-fr-atelier-de-couture","9":"first","10":"instock","11":"shipping-taxable","12":"purchasable","13":"product-type-variable"},"yoast_head":"<!-- This site is optimized with the Yoast SEO Premium plugin v22.7 (Yoast SEO v25.3.1) - https:\/\/yoast.com\/wordpress\/plugins\/seo\/ -->\n<title>C\u0153ur Porte-bonheur - Nh\u00e0 May M\u1eafn - Maison Chance<\/title>\n<meta name=\"description\" content=\"Lorsque vous choisissez d&#039;acheter un C\u0153ur Porte-bonheur, vous ne poss\u00e9dez pas seulement un objet artisanal adorable, mais vous contribuez \u00e9galement \u00e0 une cause plus noble.\" \/>\n<meta name=\"robots\" content=\"index, follow, max-snippet:-1, max-image-preview:large, max-video-preview:-1\" \/>\n<link rel=\"canonical\" href=\"https:\/\/maison-chance.org\/shop\/fr\/produit\/coeur-porte-bonheur\" \/>\n<meta property=\"og:locale\" content=\"fr_FR\" \/>\n<meta property=\"og:type\" content=\"article\" \/>\n<meta property=\"og:title\" content=\"C\u0153ur Porte-bonheur\" \/>\n<meta property=\"og:description\" content=\"Lorsque vous choisissez d&#039;acheter un C\u0153ur Porte-bonheur, vous ne poss\u00e9dez pas seulement un objet artisanal adorable, mais vous contribuez \u00e9galement \u00e0 une cause plus noble.\" \/>\n<meta property=\"og:url\" content=\"https:\/\/maison-chance.org\/shop\/fr\/produit\/coeur-porte-bonheur\" \/>\n<meta property=\"og:site_name\" content=\"Nh\u00e0 May M\u1eafn - Maison Chance\" \/>\n<meta property=\"article:publisher\" content=\"https:\/\/www.facebook.com\/dnxh.nhamayman\/\" \/>\n<meta property=\"article:modified_time\" content=\"2024-11-08T07:01:43+00:00\" \/>\n<meta property=\"og:image\" content=\"https:\/\/maison-chance.org\/shop\/wp-content\/uploads\/2024\/04\/trai-tim-may-man.jpg\" \/>\n\t<meta property=\"og:image:width\" content=\"600\" \/>\n\t<meta property=\"og:image:height\" content=\"600\" \/>\n\t<meta property=\"og:image:type\" content=\"image\/jpeg\" \/>\n<meta name=\"twitter:card\" content=\"summary_large_image\" \/>\n<meta name=\"twitter:label1\" content=\"Disponibilit\u00e9\" \/>\n\t<meta name=\"twitter:data1\" content=\"En stock\" \/>\n<script type=\"application\/ld+json\" class=\"yoast-schema-graph\">{\"@context\":\"https:\/\/schema.org\",\"@graph\":[{\"@type\":\"WebPage\",\"@id\":\"https:\/\/maison-chance.org\/shop\/fr\/produit\/coeur-porte-bonheur\",\"url\":\"https:\/\/maison-chance.org\/shop\/fr\/produit\/coeur-porte-bonheur\",\"name\":\"C\u0153ur Porte-bonheur - Nh\u00e0 May M\u1eafn - Maison Chance\",\"isPartOf\":{\"@id\":\"https:\/\/maison-chance.org\/shop\/fr#website\"},\"primaryImageOfPage\":{\"@id\":\"https:\/\/maison-chance.org\/shop\/fr\/produit\/coeur-porte-bonheur#primaryimage\"},\"image\":{\"@id\":\"https:\/\/maison-chance.org\/shop\/fr\/produit\/coeur-porte-bonheur#primaryimage\"},\"thumbnailUrl\":\"https:\/\/maison-chance.org\/shop\/wp-content\/uploads\/2024\/04\/trai-tim-may-man.jpg\",\"datePublished\":\"2024-04-03T02:35:49+00:00\",\"dateModified\":\"2024-11-08T07:01:43+00:00\",\"description\":\"Lorsque vous choisissez d'acheter un C\u0153ur Porte-bonheur, vous ne poss\u00e9dez pas seulement un objet artisanal adorable, mais vous contribuez \u00e9galement \u00e0 une cause plus noble.\",\"breadcrumb\":{\"@id\":\"https:\/\/maison-chance.org\/shop\/fr\/produit\/coeur-porte-bonheur#breadcrumb\"},\"inLanguage\":\"fr-FR\",\"potentialAction\":[{\"@type\":\"ReadAction\",\"target\":[\"https:\/\/maison-chance.org\/shop\/fr\/produit\/coeur-porte-bonheur\"]}]},{\"@type\":\"ImageObject\",\"inLanguage\":\"fr-FR\",\"@id\":\"https:\/\/maison-chance.org\/shop\/fr\/produit\/coeur-porte-bonheur#primaryimage\",\"url\":\"https:\/\/maison-chance.org\/shop\/wp-content\/uploads\/2024\/04\/trai-tim-may-man.jpg\",\"contentUrl\":\"https:\/\/maison-chance.org\/shop\/wp-content\/uploads\/2024\/04\/trai-tim-may-man.jpg\",\"width\":600,\"height\":600,\"caption\":\"C\u0153ur Porte-bonheur\"},{\"@type\":\"BreadcrumbList\",\"@id\":\"https:\/\/maison-chance.org\/shop\/fr\/produit\/coeur-porte-bonheur#breadcrumb\",\"itemListElement\":[{\"@type\":\"ListItem\",\"position\":1,\"name\":\"Trang ch\u1ee7\",\"item\":\"https:\/\/maison-chance.org\/shop\/fr\"},{\"@type\":\"ListItem\",\"position\":2,\"name\":\"Boutique\",\"item\":\"https:\/\/maison-chance.org\/shop\/shop\"},{\"@type\":\"ListItem\",\"position\":3,\"name\":\"C\u0153ur Porte-bonheur\"}]},{\"@type\":\"WebSite\",\"@id\":\"https:\/\/maison-chance.org\/shop\/fr#website\",\"url\":\"https:\/\/maison-chance.org\/shop\/fr\",\"name\":\"Nh\u00e0 May M\u1eafn - Maison Chance\",\"description\":\"M\u1ecdi l\u1ee3i nhu\u1eadn thu v\u1ec1 t\u1eeb vi\u1ec7c b\u00e1n h\u00e0ng s\u1ebd tr\u00edch m\u1ed9t ph\u1ea7n \u0111\u1ec3 ch\u0103m lo cho \u0111\u1eddi s\u1ed1ng c\u00e1c b\u1ea1n khuy\u1ebft t\u1eadt v\u00e0 tr\u1ebb m\u1ed3 c\u00f4i \u1edf \u0111\u00e2y\",\"publisher\":{\"@id\":\"https:\/\/maison-chance.org\/shop\/fr#organization\"},\"potentialAction\":[{\"@type\":\"SearchAction\",\"target\":{\"@type\":\"EntryPoint\",\"urlTemplate\":\"https:\/\/maison-chance.org\/shop\/fr?s={search_term_string}\"},\"query-input\":{\"@type\":\"PropertyValueSpecification\",\"valueRequired\":true,\"valueName\":\"search_term_string\"}}],\"inLanguage\":\"fr-FR\"},{\"@type\":\"Organization\",\"@id\":\"https:\/\/maison-chance.org\/shop\/fr#organization\",\"name\":\"Nh\u00e0 May M\u1eafn - Maison Chance\",\"url\":\"https:\/\/maison-chance.org\/shop\/fr\",\"logo\":{\"@type\":\"ImageObject\",\"inLanguage\":\"fr-FR\",\"@id\":\"https:\/\/maison-chance.org\/shop\/fr#\/schema\/logo\/image\/\",\"url\":\"https:\/\/maison-chance.org\/shop\/wp-content\/uploads\/2024\/03\/cropped-Logo_DNXH.png\",\"contentUrl\":\"https:\/\/maison-chance.org\/shop\/wp-content\/uploads\/2024\/03\/cropped-Logo_DNXH.png\",\"width\":512,\"height\":512,\"caption\":\"Nh\u00e0 May M\u1eafn - Maison Chance\"},\"image\":{\"@id\":\"https:\/\/maison-chance.org\/shop\/fr#\/schema\/logo\/image\/\"},\"sameAs\":[\"https:\/\/www.facebook.com\/dnxh.nhamayman\/\"]}]}<\/script>\n<meta property=\"og:availability\" content=\"instock\" \/>\n<meta property=\"product:availability\" content=\"instock\" \/>\n<meta property=\"product:condition\" content=\"new\" \/>\n<!-- \/ Yoast SEO Premium plugin. -->","yoast_head_json":{"title":"C\u0153ur Porte-bonheur - Nh\u00e0 May M\u1eafn - Maison Chance","description":"Lorsque vous choisissez d'acheter un C\u0153ur Porte-bonheur, vous ne poss\u00e9dez pas seulement un objet artisanal adorable, mais vous contribuez \u00e9galement \u00e0 une cause plus noble.","robots":{"index":"index","follow":"follow","max-snippet":"max-snippet:-1","max-image-preview":"max-image-preview:large","max-video-preview":"max-video-preview:-1"},"canonical":"https:\/\/maison-chance.org\/shop\/fr\/produit\/coeur-porte-bonheur","og_locale":"fr_FR","og_type":"article","og_title":"C\u0153ur Porte-bonheur","og_description":"Lorsque vous choisissez d'acheter un C\u0153ur Porte-bonheur, vous ne poss\u00e9dez pas seulement un objet artisanal adorable, mais vous contribuez \u00e9galement \u00e0 une cause plus noble.","og_url":"https:\/\/maison-chance.org\/shop\/fr\/produit\/coeur-porte-bonheur","og_site_name":"Nh\u00e0 May M\u1eafn - Maison Chance","article_publisher":"https:\/\/www.facebook.com\/dnxh.nhamayman\/","article_modified_time":"2024-11-08T07:01:43+00:00","og_image":[{"width":600,"height":600,"url":"https:\/\/maison-chance.org\/shop\/wp-content\/uploads\/2024\/04\/trai-tim-may-man.jpg","type":"image\/jpeg"}],"twitter_card":"summary_large_image","twitter_misc":{"Disponibilit\u00e9":"En stock"},"schema":{"@context":"https:\/\/schema.org","@graph":[{"@type":"WebPage","@id":"https:\/\/maison-chance.org\/shop\/fr\/produit\/coeur-porte-bonheur","url":"https:\/\/maison-chance.org\/shop\/fr\/produit\/coeur-porte-bonheur","name":"C\u0153ur Porte-bonheur - Nh\u00e0 May M\u1eafn - Maison Chance","isPartOf":{"@id":"https:\/\/maison-chance.org\/shop\/fr#website"},"primaryImageOfPage":{"@id":"https:\/\/maison-chance.org\/shop\/fr\/produit\/coeur-porte-bonheur#primaryimage"},"image":{"@id":"https:\/\/maison-chance.org\/shop\/fr\/produit\/coeur-porte-bonheur#primaryimage"},"thumbnailUrl":"https:\/\/maison-chance.org\/shop\/wp-content\/uploads\/2024\/04\/trai-tim-may-man.jpg","datePublished":"2024-04-03T02:35:49+00:00","dateModified":"2024-11-08T07:01:43+00:00","description":"Lorsque vous choisissez d'acheter un C\u0153ur Porte-bonheur, vous ne poss\u00e9dez pas seulement un objet artisanal adorable, mais vous contribuez \u00e9galement \u00e0 une cause plus noble.","breadcrumb":{"@id":"https:\/\/maison-chance.org\/shop\/fr\/produit\/coeur-porte-bonheur#breadcrumb"},"inLanguage":"fr-FR","potentialAction":[{"@type":"ReadAction","target":["https:\/\/maison-chance.org\/shop\/fr\/produit\/coeur-porte-bonheur"]}]},{"@type":"ImageObject","inLanguage":"fr-FR","@id":"https:\/\/maison-chance.org\/shop\/fr\/produit\/coeur-porte-bonheur#primaryimage","url":"https:\/\/maison-chance.org\/shop\/wp-content\/uploads\/2024\/04\/trai-tim-may-man.jpg","contentUrl":"https:\/\/maison-chance.org\/shop\/wp-content\/uploads\/2024\/04\/trai-tim-may-man.jpg","width":600,"height":600,"caption":"C\u0153ur Porte-bonheur"},{"@type":"BreadcrumbList","@id":"https:\/\/maison-chance.org\/shop\/fr\/produit\/coeur-porte-bonheur#breadcrumb","itemListElement":[{"@type":"ListItem","position":1,"name":"Trang ch\u1ee7","item":"https:\/\/maison-chance.org\/shop\/fr"},{"@type":"ListItem","position":2,"name":"Boutique","item":"https:\/\/maison-chance.org\/shop\/shop"},{"@type":"ListItem","position":3,"name":"C\u0153ur Porte-bonheur"}]},{"@type":"WebSite","@id":"https:\/\/maison-chance.org\/shop\/fr#website","url":"https:\/\/maison-chance.org\/shop\/fr","name":"Nh\u00e0 May M\u1eafn - Maison Chance","description":"M\u1ecdi l\u1ee3i nhu\u1eadn thu v\u1ec1 t\u1eeb vi\u1ec7c b\u00e1n h\u00e0ng s\u1ebd tr\u00edch m\u1ed9t ph\u1ea7n \u0111\u1ec3 ch\u0103m lo cho \u0111\u1eddi s\u1ed1ng c\u00e1c b\u1ea1n khuy\u1ebft t\u1eadt v\u00e0 tr\u1ebb m\u1ed3 c\u00f4i \u1edf \u0111\u00e2y","publisher":{"@id":"https:\/\/maison-chance.org\/shop\/fr#organization"},"potentialAction":[{"@type":"SearchAction","target":{"@type":"EntryPoint","urlTemplate":"https:\/\/maison-chance.org\/shop\/fr?s={search_term_string}"},"query-input":{"@type":"PropertyValueSpecification","valueRequired":true,"valueName":"search_term_string"}}],"inLanguage":"fr-FR"},{"@type":"Organization","@id":"https:\/\/maison-chance.org\/shop\/fr#organization","name":"Nh\u00e0 May M\u1eafn - Maison Chance","url":"https:\/\/maison-chance.org\/shop\/fr","logo":{"@type":"ImageObject","inLanguage":"fr-FR","@id":"https:\/\/maison-chance.org\/shop\/fr#\/schema\/logo\/image\/","url":"https:\/\/maison-chance.org\/shop\/wp-content\/uploads\/2024\/03\/cropped-Logo_DNXH.png","contentUrl":"https:\/\/maison-chance.org\/shop\/wp-content\/uploads\/2024\/03\/cropped-Logo_DNXH.png","width":512,"height":512,"caption":"Nh\u00e0 May M\u1eafn - Maison Chance"},"image":{"@id":"https:\/\/maison-chance.org\/shop\/fr#\/schema\/logo\/image\/"},"sameAs":["https:\/\/www.facebook.com\/dnxh.nhamayman\/"]}]},"og_availability":"instock","product_availability":"instock","product_condition":"new"},"_links":{"self":[{"href":"https:\/\/maison-chance.org\/shop\/fr\/wp-json\/wp\/v2\/product\/40373","targetHints":{"allow":["GET"]}}],"collection":[{"href":"https:\/\/maison-chance.org\/shop\/fr\/wp-json\/wp\/v2\/product"}],"about":[{"href":"https:\/\/maison-chance.org\/shop\/fr\/wp-json\/wp\/v2\/types\/product"}],"wp:featuredmedia":[{"embeddable":true,"href":"https:\/\/maison-chance.org\/shop\/fr\/wp-json\/wp\/v2\/media\/40367"}],"wp:attachment":[{"href":"https:\/\/maison-chance.org\/shop\/fr\/wp-json\/wp\/v2\/media?parent=40373"}],"wp:term":[{"taxonomy":"product_brand","embeddable":true,"href":"https:\/\/maison-chance.org\/shop\/fr\/wp-json\/wp\/v2\/product_brand?post=40373"},{"taxonomy":"product_cat","embeddable":true,"href":"https:\/\/maison-chance.org\/shop\/fr\/wp-json\/wp\/v2\/product_cat?post=40373"},{"taxonomy":"product_tag","embeddable":true,"href":"https:\/\/maison-chance.org\/shop\/fr\/wp-json\/wp\/v2\/product_tag?post=40373"}],"curies":[{"name":"wp","href":"https:\/\/api.w.org\/{rel}","templated":true}]}}