{"id":40388,"date":"2024-09-23T15:37:44","date_gmt":"2024-09-23T08:37:44","guid":{"rendered":"https:\/\/maison-chance.org\/shop\/san-pham\/coeur-logo-maison-chance"},"modified":"2024-11-08T13:55:23","modified_gmt":"2024-11-08T06:55:23","slug":"coeur-logo-maison-chance","status":"publish","type":"product","link":"https:\/\/maison-chance.org\/shop\/fr\/produit\/coeur-logo-maison-chance","title":{"rendered":"C\u0153ur logo Maison Chance"},"content":{"rendered":"<p style=\"text-align: justify;\">Vous recherchez un petit cadeau raffin\u00e9 et plein de sens pour offrir \u00e0 un \u00eatre cher ou \u00e0 un partenaire ? Laissez le c\u0153ur au logo de Maison Chance vous conqu\u00e9rir d\u00e8s le premier regard. Ce produit n&rsquo;est pas seulement un charmant objet de d\u00e9coration, mais aussi le fruit des efforts et du savoir-faire des couturi\u00e8res handicap\u00e9es chez Maison Chance.<\/p>\n<p style=\"text-align: justify;\">Le c\u0153ur au logo de Maison Chance est une cr\u00e9ation compacte qui renferme un grand c\u0153ur. Mesurant 6&#215;7 cm, ce c\u0153ur en tissu de satin doux est le cadeau parfait pour toutes les occasions. Sa couleur bleu vif et le logo embl\u00e9matique de Maison Chance sont imprim\u00e9s avec finesse \u00e0 la surface, cr\u00e9ant une harmonie captivante.<\/p>\n<p style=\"text-align: justify;\">Utilisations polyvalentes du c\u0153ur au logo de Maison Chance :<\/p>\n<p style=\"text-align: justify;\">D\u00e9coration unique : Accrochez ce joli petit c\u0153ur au mur, \u00e0 la fen\u00eatre ou sur une \u00e9tag\u00e8re pour ajouter une touche de charme \u00e0 votre espace de vie, cr\u00e9ant une atmosph\u00e8re chaleureuse et famili\u00e8re.<\/p>\n<p style=\"text-align: justify;\">Cadeau significatif : Offrez le c\u0153ur au logo de Maison Chance \u00e0 vos proches, amis ou partenaires comme un message d&rsquo;amour et de chance.<\/p>\n<p style=\"text-align: justify;\">Souvenir sp\u00e9cial : Emportez-le comme porte-bonheur, rappelant les belles choses de la vie.<\/p>\n<p style=\"text-align: justify;\">D\u00e9coration pour voiture : Suspendez ce petit c\u0153ur sur votre r\u00e9troviseur pour rendre chaque trajet plus agr\u00e9able et serein.<\/p>\n<p style=\"text-align: justify;\">Accessoire distinctif : Fixez-le \u00e0 la fermeture \u00e9clair de votre sac pour ajouter une touche personnelle et le rendre facilement identifiable.<\/p>\n<p style=\"text-align: justify;\">Chaque point de couture sur le c\u0153ur contient des histoires de pers\u00e9v\u00e9rance et de d\u00e9sir de surmonter le destin des couturi\u00e8res handicap\u00e9es de Maison Chance. Elles ont transform\u00e9 leurs limites en motivation, cr\u00e9ant des produits de haute qualit\u00e9 avec soin et d\u00e9vouement.<\/p>\n<p style=\"text-align: justify;\">Lorsque vous choisissez d&rsquo;acheter le c\u0153ur au logo de Maison Chance, vous poss\u00e9dez non seulement un bel objet, mais contribuez \u00e9galement \u00e0 offrir des opportunit\u00e9s d&#8217;emploi et des revenus stables pour les personnes handicap\u00e9es. C&rsquo;est une mani\u00e8re pratique de montrer votre soutien et votre respect envers la communaut\u00e9 des personnes handicap\u00e9es, les aidant \u00e0 s&rsquo;int\u00e9grer dans la soci\u00e9t\u00e9 avec confiance.<\/p>\n<p style=\"text-align: justify;\">Ouvrez votre c\u0153ur et choisissez d&rsquo;acheter le c\u0153ur au logo de <a href=\"https:\/\/maison-chance.org\/shop\">Maison Chance<\/a> d\u00e8s aujourd&rsquo;hui ! Chaque produit que vous achetez est une fa\u00e7on de partager espoir et foi en une vie meilleure pour les personnes handicap\u00e9es. Rejoignez Maison Chance pour diffuser l&rsquo;amour et cr\u00e9er des miracles \u00e0 partir des plus petits gestes. Le c\u0153ur au logo de Maison Chance &#8211; un cadeau du c\u0153ur, destin\u00e9 au c\u0153ur !<\/p>\n","protected":false},"excerpt":{"rendered":"<p style=\"text-align: justify;\">Produits fabriqu\u00e9s \u00e0 la main par nos amis handicap\u00e9s moins fortun\u00e9s, nous esp\u00e9rons recevoir le soutien de nos pr\u00e9cieux clients.<\/p>\n<p>Mat\u00e9riau : Satin<br \/>\nHotline : <span style=\"color: #ed1c24;\"><strong>090 906 2528<\/strong><\/span><\/p>\n<p style=\"text-align: justify;\">Si vous \u00eates au Vietnam, veuillez nous contacter via la hotline ou la page Facebook de l&rsquo;entreprise Maison Chance pour conna\u00eetre le prix de vente au Vietnam : <a href=\"https:\/\/www.facebook.com\/dnxh.nhamayman\">https:\/\/www.facebook.com\/dnxh.nhamayman<\/a><\/p>\n","protected":false},"featured_media":40384,"template":"","meta":[],"product_brand":[],"product_cat":[231,249],"product_tag":[],"class_list":{"0":"post-40388","1":"product","2":"type-product","3":"status-publish","4":"has-post-thumbnail","6":"product_cat-atelier-de-couture","7":"product_cat-decoration-fr-atelier-de-couture","9":"first","10":"instock","11":"shipping-taxable","12":"purchasable","13":"product-type-simple"},"yoast_head":"<!-- This site is optimized with the Yoast SEO Premium plugin v22.7 (Yoast SEO v25.3.1) - https:\/\/yoast.com\/wordpress\/plugins\/seo\/ -->\n<title>C\u0153ur logo Maison Chance - Nh\u00e0 May M\u1eafn - Maison Chance<\/title>\n<meta name=\"description\" content=\"Le c\u0153ur logo Maison Chance n&#039;est pas seulement un adorable objet d\u00e9coratif, mais aussi le fruit des efforts et du savoir-faire des tailleurs handicap\u00e9s de Maison Chance.\" \/>\n<meta name=\"robots\" content=\"index, follow, max-snippet:-1, max-image-preview:large, max-video-preview:-1\" \/>\n<link rel=\"canonical\" href=\"https:\/\/maison-chance.org\/shop\/fr\/produit\/coeur-logo-maison-chance\" \/>\n<meta property=\"og:locale\" content=\"fr_FR\" \/>\n<meta property=\"og:type\" content=\"article\" \/>\n<meta property=\"og:title\" content=\"C\u0153ur logo Maison Chance\" \/>\n<meta property=\"og:description\" content=\"Le c\u0153ur logo Maison Chance n&#039;est pas seulement un adorable objet d\u00e9coratif, mais aussi le fruit des efforts et du savoir-faire des tailleurs handicap\u00e9s de Maison Chance.\" \/>\n<meta property=\"og:url\" content=\"https:\/\/maison-chance.org\/shop\/fr\/produit\/coeur-logo-maison-chance\" \/>\n<meta property=\"og:site_name\" content=\"Nh\u00e0 May M\u1eafn - Maison Chance\" \/>\n<meta property=\"article:publisher\" content=\"https:\/\/www.facebook.com\/dnxh.nhamayman\/\" \/>\n<meta property=\"article:modified_time\" content=\"2024-11-08T06:55:23+00:00\" \/>\n<meta property=\"og:image\" content=\"https:\/\/maison-chance.org\/shop\/wp-content\/uploads\/2024\/09\/trai-tim-logo-nha-may-man.jpg\" \/>\n\t<meta property=\"og:image:width\" content=\"600\" \/>\n\t<meta property=\"og:image:height\" content=\"600\" \/>\n\t<meta property=\"og:image:type\" content=\"image\/jpeg\" \/>\n<meta name=\"twitter:card\" content=\"summary_large_image\" \/>\n<meta name=\"twitter:label1\" content=\"Prix\" \/>\n\t<meta name=\"twitter:data1\" content=\"&euro;3.04\" \/>\n\t<meta name=\"twitter:label2\" content=\"Disponibilit\u00e9\" \/>\n\t<meta name=\"twitter:data2\" content=\"En stock\" \/>\n<script type=\"application\/ld+json\" class=\"yoast-schema-graph\">{\"@context\":\"https:\/\/schema.org\",\"@graph\":[{\"@type\":\"WebPage\",\"@id\":\"https:\/\/maison-chance.org\/shop\/fr\/produit\/coeur-logo-maison-chance\",\"url\":\"https:\/\/maison-chance.org\/shop\/fr\/produit\/coeur-logo-maison-chance\",\"name\":\"C\u0153ur logo Maison Chance - Nh\u00e0 May M\u1eafn - Maison Chance\",\"isPartOf\":{\"@id\":\"https:\/\/maison-chance.org\/shop\/fr#website\"},\"primaryImageOfPage\":{\"@id\":\"https:\/\/maison-chance.org\/shop\/fr\/produit\/coeur-logo-maison-chance#primaryimage\"},\"image\":{\"@id\":\"https:\/\/maison-chance.org\/shop\/fr\/produit\/coeur-logo-maison-chance#primaryimage\"},\"thumbnailUrl\":\"https:\/\/maison-chance.org\/shop\/wp-content\/uploads\/2024\/09\/trai-tim-logo-nha-may-man.jpg\",\"datePublished\":\"2024-09-23T08:37:44+00:00\",\"dateModified\":\"2024-11-08T06:55:23+00:00\",\"description\":\"Le c\u0153ur logo Maison Chance n'est pas seulement un adorable objet d\u00e9coratif, mais aussi le fruit des efforts et du savoir-faire des tailleurs handicap\u00e9s de Maison Chance.\",\"breadcrumb\":{\"@id\":\"https:\/\/maison-chance.org\/shop\/fr\/produit\/coeur-logo-maison-chance#breadcrumb\"},\"inLanguage\":\"fr-FR\",\"potentialAction\":[{\"@type\":\"ReadAction\",\"target\":[\"https:\/\/maison-chance.org\/shop\/fr\/produit\/coeur-logo-maison-chance\"]}]},{\"@type\":\"ImageObject\",\"inLanguage\":\"fr-FR\",\"@id\":\"https:\/\/maison-chance.org\/shop\/fr\/produit\/coeur-logo-maison-chance#primaryimage\",\"url\":\"https:\/\/maison-chance.org\/shop\/wp-content\/uploads\/2024\/09\/trai-tim-logo-nha-may-man.jpg\",\"contentUrl\":\"https:\/\/maison-chance.org\/shop\/wp-content\/uploads\/2024\/09\/trai-tim-logo-nha-may-man.jpg\",\"width\":600,\"height\":600,\"caption\":\"C\u0153ur logo Maison Chance\"},{\"@type\":\"BreadcrumbList\",\"@id\":\"https:\/\/maison-chance.org\/shop\/fr\/produit\/coeur-logo-maison-chance#breadcrumb\",\"itemListElement\":[{\"@type\":\"ListItem\",\"position\":1,\"name\":\"Trang ch\u1ee7\",\"item\":\"https:\/\/maison-chance.org\/shop\/fr\"},{\"@type\":\"ListItem\",\"position\":2,\"name\":\"Boutique\",\"item\":\"https:\/\/maison-chance.org\/shop\/shop\"},{\"@type\":\"ListItem\",\"position\":3,\"name\":\"C\u0153ur logo Maison Chance\"}]},{\"@type\":\"WebSite\",\"@id\":\"https:\/\/maison-chance.org\/shop\/fr#website\",\"url\":\"https:\/\/maison-chance.org\/shop\/fr\",\"name\":\"Nh\u00e0 May M\u1eafn - Maison Chance\",\"description\":\"M\u1ecdi l\u1ee3i nhu\u1eadn thu v\u1ec1 t\u1eeb vi\u1ec7c b\u00e1n h\u00e0ng s\u1ebd tr\u00edch m\u1ed9t ph\u1ea7n \u0111\u1ec3 ch\u0103m lo cho \u0111\u1eddi s\u1ed1ng c\u00e1c b\u1ea1n khuy\u1ebft t\u1eadt v\u00e0 tr\u1ebb m\u1ed3 c\u00f4i \u1edf \u0111\u00e2y\",\"publisher\":{\"@id\":\"https:\/\/maison-chance.org\/shop\/fr#organization\"},\"potentialAction\":[{\"@type\":\"SearchAction\",\"target\":{\"@type\":\"EntryPoint\",\"urlTemplate\":\"https:\/\/maison-chance.org\/shop\/fr?s={search_term_string}\"},\"query-input\":{\"@type\":\"PropertyValueSpecification\",\"valueRequired\":true,\"valueName\":\"search_term_string\"}}],\"inLanguage\":\"fr-FR\"},{\"@type\":\"Organization\",\"@id\":\"https:\/\/maison-chance.org\/shop\/fr#organization\",\"name\":\"Nh\u00e0 May M\u1eafn - Maison Chance\",\"url\":\"https:\/\/maison-chance.org\/shop\/fr\",\"logo\":{\"@type\":\"ImageObject\",\"inLanguage\":\"fr-FR\",\"@id\":\"https:\/\/maison-chance.org\/shop\/fr#\/schema\/logo\/image\/\",\"url\":\"https:\/\/maison-chance.org\/shop\/wp-content\/uploads\/2024\/03\/cropped-Logo_DNXH.png\",\"contentUrl\":\"https:\/\/maison-chance.org\/shop\/wp-content\/uploads\/2024\/03\/cropped-Logo_DNXH.png\",\"width\":512,\"height\":512,\"caption\":\"Nh\u00e0 May M\u1eafn - Maison Chance\"},\"image\":{\"@id\":\"https:\/\/maison-chance.org\/shop\/fr#\/schema\/logo\/image\/\"},\"sameAs\":[\"https:\/\/www.facebook.com\/dnxh.nhamayman\/\"]}]}<\/script>\n<meta property=\"product:price:amount\" content=\"3.04\" \/>\n<meta property=\"product:price:currency\" content=\"EUR\" \/>\n<meta property=\"og:availability\" content=\"instock\" \/>\n<meta property=\"product:availability\" content=\"instock\" \/>\n<meta property=\"product:condition\" content=\"new\" \/>\n<!-- \/ Yoast SEO Premium plugin. -->","yoast_head_json":{"title":"C\u0153ur logo Maison Chance - Nh\u00e0 May M\u1eafn - Maison Chance","description":"Le c\u0153ur logo Maison Chance n'est pas seulement un adorable objet d\u00e9coratif, mais aussi le fruit des efforts et du savoir-faire des tailleurs handicap\u00e9s de Maison Chance.","robots":{"index":"index","follow":"follow","max-snippet":"max-snippet:-1","max-image-preview":"max-image-preview:large","max-video-preview":"max-video-preview:-1"},"canonical":"https:\/\/maison-chance.org\/shop\/fr\/produit\/coeur-logo-maison-chance","og_locale":"fr_FR","og_type":"article","og_title":"C\u0153ur logo Maison Chance","og_description":"Le c\u0153ur logo Maison Chance n'est pas seulement un adorable objet d\u00e9coratif, mais aussi le fruit des efforts et du savoir-faire des tailleurs handicap\u00e9s de Maison Chance.","og_url":"https:\/\/maison-chance.org\/shop\/fr\/produit\/coeur-logo-maison-chance","og_site_name":"Nh\u00e0 May M\u1eafn - Maison Chance","article_publisher":"https:\/\/www.facebook.com\/dnxh.nhamayman\/","article_modified_time":"2024-11-08T06:55:23+00:00","og_image":[{"width":600,"height":600,"url":"https:\/\/maison-chance.org\/shop\/wp-content\/uploads\/2024\/09\/trai-tim-logo-nha-may-man.jpg","type":"image\/jpeg"}],"twitter_card":"summary_large_image","twitter_misc":{"Prix":"&euro;3.04","Disponibilit\u00e9":"En stock"},"schema":{"@context":"https:\/\/schema.org","@graph":[{"@type":"WebPage","@id":"https:\/\/maison-chance.org\/shop\/fr\/produit\/coeur-logo-maison-chance","url":"https:\/\/maison-chance.org\/shop\/fr\/produit\/coeur-logo-maison-chance","name":"C\u0153ur logo Maison Chance - Nh\u00e0 May M\u1eafn - Maison Chance","isPartOf":{"@id":"https:\/\/maison-chance.org\/shop\/fr#website"},"primaryImageOfPage":{"@id":"https:\/\/maison-chance.org\/shop\/fr\/produit\/coeur-logo-maison-chance#primaryimage"},"image":{"@id":"https:\/\/maison-chance.org\/shop\/fr\/produit\/coeur-logo-maison-chance#primaryimage"},"thumbnailUrl":"https:\/\/maison-chance.org\/shop\/wp-content\/uploads\/2024\/09\/trai-tim-logo-nha-may-man.jpg","datePublished":"2024-09-23T08:37:44+00:00","dateModified":"2024-11-08T06:55:23+00:00","description":"Le c\u0153ur logo Maison Chance n'est pas seulement un adorable objet d\u00e9coratif, mais aussi le fruit des efforts et du savoir-faire des tailleurs handicap\u00e9s de Maison Chance.","breadcrumb":{"@id":"https:\/\/maison-chance.org\/shop\/fr\/produit\/coeur-logo-maison-chance#breadcrumb"},"inLanguage":"fr-FR","potentialAction":[{"@type":"ReadAction","target":["https:\/\/maison-chance.org\/shop\/fr\/produit\/coeur-logo-maison-chance"]}]},{"@type":"ImageObject","inLanguage":"fr-FR","@id":"https:\/\/maison-chance.org\/shop\/fr\/produit\/coeur-logo-maison-chance#primaryimage","url":"https:\/\/maison-chance.org\/shop\/wp-content\/uploads\/2024\/09\/trai-tim-logo-nha-may-man.jpg","contentUrl":"https:\/\/maison-chance.org\/shop\/wp-content\/uploads\/2024\/09\/trai-tim-logo-nha-may-man.jpg","width":600,"height":600,"caption":"C\u0153ur logo Maison Chance"},{"@type":"BreadcrumbList","@id":"https:\/\/maison-chance.org\/shop\/fr\/produit\/coeur-logo-maison-chance#breadcrumb","itemListElement":[{"@type":"ListItem","position":1,"name":"Trang ch\u1ee7","item":"https:\/\/maison-chance.org\/shop\/fr"},{"@type":"ListItem","position":2,"name":"Boutique","item":"https:\/\/maison-chance.org\/shop\/shop"},{"@type":"ListItem","position":3,"name":"C\u0153ur logo Maison Chance"}]},{"@type":"WebSite","@id":"https:\/\/maison-chance.org\/shop\/fr#website","url":"https:\/\/maison-chance.org\/shop\/fr","name":"Nh\u00e0 May M\u1eafn - Maison Chance","description":"M\u1ecdi l\u1ee3i nhu\u1eadn thu v\u1ec1 t\u1eeb vi\u1ec7c b\u00e1n h\u00e0ng s\u1ebd tr\u00edch m\u1ed9t ph\u1ea7n \u0111\u1ec3 ch\u0103m lo cho \u0111\u1eddi s\u1ed1ng c\u00e1c b\u1ea1n khuy\u1ebft t\u1eadt v\u00e0 tr\u1ebb m\u1ed3 c\u00f4i \u1edf \u0111\u00e2y","publisher":{"@id":"https:\/\/maison-chance.org\/shop\/fr#organization"},"potentialAction":[{"@type":"SearchAction","target":{"@type":"EntryPoint","urlTemplate":"https:\/\/maison-chance.org\/shop\/fr?s={search_term_string}"},"query-input":{"@type":"PropertyValueSpecification","valueRequired":true,"valueName":"search_term_string"}}],"inLanguage":"fr-FR"},{"@type":"Organization","@id":"https:\/\/maison-chance.org\/shop\/fr#organization","name":"Nh\u00e0 May M\u1eafn - Maison Chance","url":"https:\/\/maison-chance.org\/shop\/fr","logo":{"@type":"ImageObject","inLanguage":"fr-FR","@id":"https:\/\/maison-chance.org\/shop\/fr#\/schema\/logo\/image\/","url":"https:\/\/maison-chance.org\/shop\/wp-content\/uploads\/2024\/03\/cropped-Logo_DNXH.png","contentUrl":"https:\/\/maison-chance.org\/shop\/wp-content\/uploads\/2024\/03\/cropped-Logo_DNXH.png","width":512,"height":512,"caption":"Nh\u00e0 May M\u1eafn - Maison Chance"},"image":{"@id":"https:\/\/maison-chance.org\/shop\/fr#\/schema\/logo\/image\/"},"sameAs":["https:\/\/www.facebook.com\/dnxh.nhamayman\/"]}]},"product_price_amount":"3.04","product_price_currency":"EUR","og_availability":"instock","product_availability":"instock","product_condition":"new"},"_links":{"self":[{"href":"https:\/\/maison-chance.org\/shop\/fr\/wp-json\/wp\/v2\/product\/40388","targetHints":{"allow":["GET"]}}],"collection":[{"href":"https:\/\/maison-chance.org\/shop\/fr\/wp-json\/wp\/v2\/product"}],"about":[{"href":"https:\/\/maison-chance.org\/shop\/fr\/wp-json\/wp\/v2\/types\/product"}],"wp:featuredmedia":[{"embeddable":true,"href":"https:\/\/maison-chance.org\/shop\/fr\/wp-json\/wp\/v2\/media\/40384"}],"wp:attachment":[{"href":"https:\/\/maison-chance.org\/shop\/fr\/wp-json\/wp\/v2\/media?parent=40388"}],"wp:term":[{"taxonomy":"product_brand","embeddable":true,"href":"https:\/\/maison-chance.org\/shop\/fr\/wp-json\/wp\/v2\/product_brand?post=40388"},{"taxonomy":"product_cat","embeddable":true,"href":"https:\/\/maison-chance.org\/shop\/fr\/wp-json\/wp\/v2\/product_cat?post=40388"},{"taxonomy":"product_tag","embeddable":true,"href":"https:\/\/maison-chance.org\/shop\/fr\/wp-json\/wp\/v2\/product_tag?post=40388"}],"curies":[{"name":"wp","href":"https:\/\/api.w.org\/{rel}","templated":true}]}}